{"id":8367,"date":"2025-02-08T17:45:48","date_gmt":"2025-02-08T16:45:48","guid":{"rendered":"https:\/\/nosyberevesdepeche.com\/index.php\/integritetspolicy\/"},"modified":"2025-06-22T08:31:21","modified_gmt":"2025-06-22T06:31:21","slug":"integritetspolicy","status":"publish","type":"page","link":"https:\/\/nosyberevesdepeche.com\/sv\/integritetspolicy\/","title":{"rendered":"Integritetspolicy"},"content":{"rendered":"\t\t<div data-elementor-type=\"wp-page\" data-elementor-id=\"8367\" class=\"elementor elementor-8367 elementor-7482\" data-elementor-post-type=\"page\">\n\t\t\t\t<div class=\"elementor-element elementor-element-be1a867 e-flex e-con-boxed e-con e-parent\" data-id=\"be1a867\" data-element_type=\"container\" data-e-type=\"container\">\n\t\t\t\t\t<div class=\"e-con-inner\">\n\t\t\t\t<div class=\"elementor-element elementor-element-93c8550 elementor-widget elementor-widget-heading\" data-id=\"93c8550\" data-element_type=\"widget\" data-e-type=\"widget\" data-widget_type=\"heading.default\">\n\t\t\t\t<div class=\"elementor-widget-container\">\n\t\t\t\t\t<h1 class=\"elementor-heading-title elementor-size-default\">Integritetspolicy<\/h1>\t\t\t\t<\/div>\n\t\t\t\t<\/div>\n\t\t\t\t\t<\/div>\n\t\t\t\t<\/div>\n\t\t<div class=\"elementor-element elementor-element-950a79f e-flex e-con-boxed e-con e-parent\" data-id=\"950a79f\" data-element_type=\"container\" data-e-type=\"container\">\n\t\t\t\t\t<div class=\"e-con-inner\">\n\t\t\t\t<div class=\"elementor-element elementor-element-ea0ac6e elementor-widget__width-initial elementor-widget elementor-widget-text-editor\" data-id=\"ea0ac6e\" data-element_type=\"widget\" data-e-type=\"widget\" data-widget_type=\"text-editor.default\">\n\t\t\t\t<div class=\"elementor-widget-container\">\n\t\t\t\t\t\t\t\t\t<p>Skyddet av dina personuppgifter \u00e4r en prioritet f\u00f6r Nosy Be R\u00eaves de P\u00eache. Denna policy f\u00f6rklarar hur vi samlar in, anv\u00e4nder och skyddar din information. <\/p><ol><li><h3>Insamlade uppgifter<\/h3><\/li><\/ol><p>Vi samlar in personuppgifter n\u00e4r du :<\/p><ul><li>Fyll i ett kontaktformul\u00e4r eller beg\u00e4r en offert.<\/li><li>Kontakta oss direkt via e-post.<\/li><\/ul><p>De uppgifter som samlas in kan omfatta :<\/p><ul><li>Efternamn, f\u00f6rnamn<\/li><li>E-postadress<\/li><li>Telefonnummer <\/li><li>\u00d6nskade datum f\u00f6r vistelse<\/li><\/ul><ol start=\"2\"><li><h3>Syfte med insamlingen<\/h3><\/li><\/ol><p>De uppgifter som samlas in anv\u00e4nds endast f\u00f6r :<\/p><ul><li>Svara p\u00e5 dina f\u00f6rfr\u00e5gningar om kontakt eller offerter.<\/li><li>Skicka information om Nosy Be R\u00eaves de P\u00eache till dig om du beg\u00e4r det.<\/li><\/ul><ol start=\"3\"><li><h3>Lagring av uppgifter<\/h3><\/li><\/ol><p>Uppgifterna sparas i h\u00f6gst 3 \u00e5r fr\u00e5n den senaste interaktionen med dig, om inte annat kr\u00e4vs enligt lag.<\/p><ol start=\"4\"><li><h3>Delning av data<\/h3><\/li><\/ol><p>Dina personuppgifter s\u00e4ljs, byts eller hyrs aldrig ut till tredje part. De kan delas endast i f\u00f6ljande fall : <\/p><ul><li>R\u00e4ttsliga skyldigheter : Om det kr\u00e4vs enligt lag.<\/li><li>Tekniska tj\u00e4nster : Hostingf\u00f6retag (Hostinger International Ltd) f\u00f6r att hantera webbplatsen.<\/li><\/ul><ol start=\"5\"><li><h3>Datas\u00e4kerhet<\/h3><\/li><\/ol><p>Vi vidtar alla n\u00f6dv\u00e4ndiga \u00e5tg\u00e4rder f\u00f6r att skydda dina uppgifter mot obeh\u00f6rig \u00e5tkomst, \u00e4ndring, utl\u00e4mnande eller f\u00f6rst\u00f6relse.<\/p><ol start=\"6\"><li><h3>Dina r\u00e4ttigheter<\/h3><\/li><\/ol><p>I enlighet med g\u00e4llande lagstiftning i Madagaskar och det europeiska direktivet om \u00f6msesidigt erk\u00e4nnande har du f\u00f6ljande r\u00e4ttigheter :<\/p><ul><li>R\u00e4tt till tillg\u00e5ng : f\u00e5 en kopia av dina personuppgifter.<\/li><li>R\u00e4tt till r\u00e4ttelse : r\u00e4tta dina uppgifter om de \u00e4r felaktiga.<\/li><li>R\u00e4tt till radering : beg\u00e4r radering av dina uppgifter.<\/li><li>R\u00e4tt att g\u00f6ra inv\u00e4ndningar : att i vissa fall mots\u00e4tta sig att de anv\u00e4nds.<\/li><\/ul><p>F\u00f6r att ut\u00f6va dessa r\u00e4ttigheter, v\u00e4nligen kontakta oss p\u00e5 f\u00f6ljande adress : contact@nosyberevesdepeche.com<\/p><ol start=\"7\"><li><h3>\u00c4ndringar av policyn<\/h3><\/li><\/ol><p>Denna policy kan uppdateras n\u00e4r som helst f\u00f6r att \u00e5terspegla f\u00f6r\u00e4ndringar i lagstiftning eller v\u00e5r interna praxis. Vi rekommenderar att du l\u00e4ser den regelbundet. <\/p><ol start=\"8\"><li><h3>Kontakt<\/h3><\/li><\/ol><p>Om du har n\u00e5gra fr\u00e5gor om hanteringen av dina personuppgifter, v\u00e4nligen skriv till oss p\u00e5 : contact@nosyberevesdepeche.com<\/p><p>Copyright \u00a9 Nosy Be R\u00eaves de P\u00eache &#8211; 2025. Alla r\u00e4ttigheter reserverade. <\/p>\t\t\t\t\t\t\t\t<\/div>\n\t\t\t\t<\/div>\n\t\t\t\t\t<\/div>\n\t\t\t\t<\/div>\n\t\t\t\t<\/div>\n\t\t","protected":false},"excerpt":{"rendered":"<p>Integritetspolicy Skyddet av dina personuppgifter \u00e4r en prioritet f\u00f6r Nosy Be R\u00eaves de P\u00eache. Denna policy f\u00f6rklarar hur vi samlar in, anv\u00e4nder och skyddar din information. Insamlade uppgifter Vi samlar&#8230;<\/p>\n","protected":false},"author":1,"featured_media":0,"parent":0,"menu_order":0,"comment_status":"closed","ping_status":"closed","template":"elementor_header_footer","meta":{"footnotes":""},"class_list":["post-8367","page","type-page","status-publish"],"yoast_head":"<!-- This site is optimized with the Yoast SEO plugin v27.4 - https:\/\/yoast.com\/product\/yoast-seo-wordpress\/ -->\n<title>Integritetspolicy - Fiskedr\u00f6mmar p\u00e5 Nosy Be<\/title>\n<meta name=\"robots\" content=\"index, follow, max-snippet:-1, max-image-preview:large, max-video-preview:-1\" \/>\n<link rel=\"canonical\" href=\"https:\/\/nosyberevesdepeche.com\/sv\/integritetspolicy\/\" \/>\n<meta property=\"og:locale\" content=\"sv_SE\" \/>\n<meta property=\"og:type\" content=\"article\" \/>\n<meta property=\"og:title\" content=\"Integritetspolicy - Fiskedr\u00f6mmar p\u00e5 Nosy Be\" \/>\n<meta property=\"og:description\" content=\"Integritetspolicy Skyddet av dina personuppgifter \u00e4r en prioritet f\u00f6r Nosy Be R\u00eaves de P\u00eache. Denna policy f\u00f6rklarar hur vi samlar in, anv\u00e4nder och skyddar din information. Insamlade uppgifter Vi samlar...\" \/>\n<meta property=\"og:url\" content=\"https:\/\/nosyberevesdepeche.com\/sv\/integritetspolicy\/\" \/>\n<meta property=\"og:site_name\" content=\"Fiskedr\u00f6mmar p\u00e5 Nosy Be\" \/>\n<meta property=\"article:publisher\" content=\"https:\/\/www.facebook.com\/nosyberevesdepeche\" \/>\n<meta property=\"article:modified_time\" content=\"2025-06-22T06:31:21+00:00\" \/>\n<meta property=\"og:image\" content=\"https:\/\/nosyberevesdepeche.com\/wp-content\/uploads\/sejour-cap-san-sebastien.jpg\" \/>\n\t<meta property=\"og:image:width\" content=\"2048\" \/>\n\t<meta property=\"og:image:height\" content=\"1542\" \/>\n\t<meta property=\"og:image:type\" content=\"image\/jpeg\" \/>\n<meta name=\"twitter:card\" content=\"summary_large_image\" \/>\n<meta name=\"twitter:label1\" content=\"Ber\u00e4knad l\u00e4stid\" \/>\n\t<meta name=\"twitter:data1\" content=\"2 minuter\" \/>\n<script type=\"application\/ld+json\" class=\"yoast-schema-graph\">{\"@context\":\"https:\\\/\\\/schema.org\",\"@graph\":[{\"@type\":\"WebPage\",\"@id\":\"https:\\\/\\\/nosyberevesdepeche.com\\\/sv\\\/integritetspolicy\\\/\",\"url\":\"https:\\\/\\\/nosyberevesdepeche.com\\\/sv\\\/integritetspolicy\\\/\",\"name\":\"Integritetspolicy - Fiskedr\u00f6mmar p\u00e5 Nosy Be\",\"isPartOf\":{\"@id\":\"https:\\\/\\\/nosyberevesdepeche.com\\\/sv\\\/#website\"},\"datePublished\":\"2025-02-08T16:45:48+00:00\",\"dateModified\":\"2025-06-22T06:31:21+00:00\",\"breadcrumb\":{\"@id\":\"https:\\\/\\\/nosyberevesdepeche.com\\\/sv\\\/integritetspolicy\\\/#breadcrumb\"},\"inLanguage\":\"sv-SE\",\"potentialAction\":[{\"@type\":\"ReadAction\",\"target\":[\"https:\\\/\\\/nosyberevesdepeche.com\\\/sv\\\/integritetspolicy\\\/\"]}]},{\"@type\":\"BreadcrumbList\",\"@id\":\"https:\\\/\\\/nosyberevesdepeche.com\\\/sv\\\/integritetspolicy\\\/#breadcrumb\",\"itemListElement\":[{\"@type\":\"ListItem\",\"position\":1,\"name\":\"Accueil\",\"item\":\"https:\\\/\\\/nosyberevesdepeche.com\\\/sv\\\/\"},{\"@type\":\"ListItem\",\"position\":2,\"name\":\"Integritetspolicy\"}]},{\"@type\":\"WebSite\",\"@id\":\"https:\\\/\\\/nosyberevesdepeche.com\\\/sv\\\/#website\",\"url\":\"https:\\\/\\\/nosyberevesdepeche.com\\\/sv\\\/\",\"name\":\"Nosy Be R\u00eaves de P\u00eache\",\"description\":\"Sportfiske och big game fishing p\u00e5 Madagaskar, fr\u00e5n Nosy Be\",\"publisher\":{\"@id\":\"https:\\\/\\\/nosyberevesdepeche.com\\\/sv\\\/#organization\"},\"potentialAction\":[{\"@type\":\"SearchAction\",\"target\":{\"@type\":\"EntryPoint\",\"urlTemplate\":\"https:\\\/\\\/nosyberevesdepeche.com\\\/sv\\\/?s={search_term_string}\"},\"query-input\":{\"@type\":\"PropertyValueSpecification\",\"valueRequired\":true,\"valueName\":\"search_term_string\"}}],\"inLanguage\":\"sv-SE\"},{\"@type\":\"Organization\",\"@id\":\"https:\\\/\\\/nosyberevesdepeche.com\\\/sv\\\/#organization\",\"name\":\"Nosy Be R\u00eaves de P\u00eache\",\"url\":\"https:\\\/\\\/nosyberevesdepeche.com\\\/sv\\\/\",\"logo\":{\"@type\":\"ImageObject\",\"inLanguage\":\"sv-SE\",\"@id\":\"https:\\\/\\\/nosyberevesdepeche.com\\\/sv\\\/#\\\/schema\\\/logo\\\/image\\\/\",\"url\":\"https:\\\/\\\/nosyberevesdepeche.com\\\/wp-content\\\/uploads\\\/sejour-cap-san-sebastien.jpg\",\"contentUrl\":\"https:\\\/\\\/nosyberevesdepeche.com\\\/wp-content\\\/uploads\\\/sejour-cap-san-sebastien.jpg\",\"width\":2048,\"height\":1542,\"caption\":\"Nosy Be R\u00eaves de P\u00eache\"},\"image\":{\"@id\":\"https:\\\/\\\/nosyberevesdepeche.com\\\/sv\\\/#\\\/schema\\\/logo\\\/image\\\/\"},\"sameAs\":[\"https:\\\/\\\/www.facebook.com\\\/nosyberevesdepeche\",\"https:\\\/\\\/www.youtube.com\\\/@NosyBeRevesdePeche\",\"https:\\\/\\\/www.instagram.com\\\/nosyberevesdepeche\\\/\",\"https:\\\/\\\/www.tiktok.com\\\/@nosy_be_reves_de_peche\"]}]}<\/script>\n<!-- \/ Yoast SEO plugin. -->","yoast_head_json":{"title":"Integritetspolicy - Fiskedr\u00f6mmar p\u00e5 Nosy Be","robots":{"index":"index","follow":"follow","max-snippet":"max-snippet:-1","max-image-preview":"max-image-preview:large","max-video-preview":"max-video-preview:-1"},"canonical":"https:\/\/nosyberevesdepeche.com\/sv\/integritetspolicy\/","og_locale":"sv_SE","og_type":"article","og_title":"Integritetspolicy - Fiskedr\u00f6mmar p\u00e5 Nosy Be","og_description":"Integritetspolicy Skyddet av dina personuppgifter \u00e4r en prioritet f\u00f6r Nosy Be R\u00eaves de P\u00eache. Denna policy f\u00f6rklarar hur vi samlar in, anv\u00e4nder och skyddar din information. Insamlade uppgifter Vi samlar...","og_url":"https:\/\/nosyberevesdepeche.com\/sv\/integritetspolicy\/","og_site_name":"Fiskedr\u00f6mmar p\u00e5 Nosy Be","article_publisher":"https:\/\/www.facebook.com\/nosyberevesdepeche","article_modified_time":"2025-06-22T06:31:21+00:00","og_image":[{"width":2048,"height":1542,"url":"https:\/\/nosyberevesdepeche.com\/wp-content\/uploads\/sejour-cap-san-sebastien.jpg","type":"image\/jpeg"}],"twitter_card":"summary_large_image","twitter_misc":{"Ber\u00e4knad l\u00e4stid":"2 minuter"},"schema":{"@context":"https:\/\/schema.org","@graph":[{"@type":"WebPage","@id":"https:\/\/nosyberevesdepeche.com\/sv\/integritetspolicy\/","url":"https:\/\/nosyberevesdepeche.com\/sv\/integritetspolicy\/","name":"Integritetspolicy - Fiskedr\u00f6mmar p\u00e5 Nosy Be","isPartOf":{"@id":"https:\/\/nosyberevesdepeche.com\/sv\/#website"},"datePublished":"2025-02-08T16:45:48+00:00","dateModified":"2025-06-22T06:31:21+00:00","breadcrumb":{"@id":"https:\/\/nosyberevesdepeche.com\/sv\/integritetspolicy\/#breadcrumb"},"inLanguage":"sv-SE","potentialAction":[{"@type":"ReadAction","target":["https:\/\/nosyberevesdepeche.com\/sv\/integritetspolicy\/"]}]},{"@type":"BreadcrumbList","@id":"https:\/\/nosyberevesdepeche.com\/sv\/integritetspolicy\/#breadcrumb","itemListElement":[{"@type":"ListItem","position":1,"name":"Accueil","item":"https:\/\/nosyberevesdepeche.com\/sv\/"},{"@type":"ListItem","position":2,"name":"Integritetspolicy"}]},{"@type":"WebSite","@id":"https:\/\/nosyberevesdepeche.com\/sv\/#website","url":"https:\/\/nosyberevesdepeche.com\/sv\/","name":"Nosy Be R\u00eaves de P\u00eache","description":"Sportfiske och big game fishing p\u00e5 Madagaskar, fr\u00e5n Nosy Be","publisher":{"@id":"https:\/\/nosyberevesdepeche.com\/sv\/#organization"},"potentialAction":[{"@type":"SearchAction","target":{"@type":"EntryPoint","urlTemplate":"https:\/\/nosyberevesdepeche.com\/sv\/?s={search_term_string}"},"query-input":{"@type":"PropertyValueSpecification","valueRequired":true,"valueName":"search_term_string"}}],"inLanguage":"sv-SE"},{"@type":"Organization","@id":"https:\/\/nosyberevesdepeche.com\/sv\/#organization","name":"Nosy Be R\u00eaves de P\u00eache","url":"https:\/\/nosyberevesdepeche.com\/sv\/","logo":{"@type":"ImageObject","inLanguage":"sv-SE","@id":"https:\/\/nosyberevesdepeche.com\/sv\/#\/schema\/logo\/image\/","url":"https:\/\/nosyberevesdepeche.com\/wp-content\/uploads\/sejour-cap-san-sebastien.jpg","contentUrl":"https:\/\/nosyberevesdepeche.com\/wp-content\/uploads\/sejour-cap-san-sebastien.jpg","width":2048,"height":1542,"caption":"Nosy Be R\u00eaves de P\u00eache"},"image":{"@id":"https:\/\/nosyberevesdepeche.com\/sv\/#\/schema\/logo\/image\/"},"sameAs":["https:\/\/www.facebook.com\/nosyberevesdepeche","https:\/\/www.youtube.com\/@NosyBeRevesdePeche","https:\/\/www.instagram.com\/nosyberevesdepeche\/","https:\/\/www.tiktok.com\/@nosy_be_reves_de_peche"]}]}},"_links":{"self":[{"href":"https:\/\/nosyberevesdepeche.com\/sv\/wp-json\/wp\/v2\/pages\/8367","targetHints":{"allow":["GET"]}}],"collection":[{"href":"https:\/\/nosyberevesdepeche.com\/sv\/wp-json\/wp\/v2\/pages"}],"about":[{"href":"https:\/\/nosyberevesdepeche.com\/sv\/wp-json\/wp\/v2\/types\/page"}],"author":[{"embeddable":true,"href":"https:\/\/nosyberevesdepeche.com\/sv\/wp-json\/wp\/v2\/users\/1"}],"replies":[{"embeddable":true,"href":"https:\/\/nosyberevesdepeche.com\/sv\/wp-json\/wp\/v2\/comments?post=8367"}],"version-history":[{"count":12,"href":"https:\/\/nosyberevesdepeche.com\/sv\/wp-json\/wp\/v2\/pages\/8367\/revisions"}],"predecessor-version":[{"id":20337,"href":"https:\/\/nosyberevesdepeche.com\/sv\/wp-json\/wp\/v2\/pages\/8367\/revisions\/20337"}],"wp:attachment":[{"href":"https:\/\/nosyberevesdepeche.com\/sv\/wp-json\/wp\/v2\/media?parent=8367"}],"curies":[{"name":"wp","href":"https:\/\/api.w.org\/{rel}","templated":true}]}}