{"id":8300,"date":"2025-01-02T11:57:13","date_gmt":"2025-01-02T10:57:13","guid":{"rendered":"https:\/\/nosyberevesdepeche.com\/index.php\/fiske-radamas-arkipelagen\/"},"modified":"2026-02-05T05:14:31","modified_gmt":"2026-02-05T04:14:31","slug":"fiske-madagaskar-radama-arkipelagen","status":"publish","type":"page","link":"https:\/\/nosyberevesdepeche.com\/sv\/fiske-madagaskar-radama-arkipelagen\/","title":{"rendered":"Radama-arkipelagen"},"content":{"rendered":"\t\t<div data-elementor-type=\"wp-page\" data-elementor-id=\"8300\" class=\"elementor elementor-8300 elementor-2090\" data-elementor-post-type=\"page\">\n\t\t\t\t<div class=\"elementor-element elementor-element-4b3ad14 animated-slow e-flex e-con-boxed elementor-invisible e-con e-parent\" data-id=\"4b3ad14\" data-element_type=\"container\" data-e-type=\"container\" data-settings=\"{&quot;animation&quot;:&quot;fadeIn&quot;,&quot;animation_delay&quot;:0}\">\n\t\t\t\t\t<div class=\"e-con-inner\">\n\t\t\t\t<div class=\"elementor-element elementor-element-bb17b94 elementor-widget__width-inherit elementor-widget elementor-widget-heading\" data-id=\"bb17b94\" data-element_type=\"widget\" data-e-type=\"widget\" data-widget_type=\"heading.default\">\n\t\t\t\t<div class=\"elementor-widget-container\">\n\t\t\t\t\t<h1 class=\"elementor-heading-title elementor-size-default\">F\u00f6rtrollande Radama, en ikonisk destination f\u00f6r fiske i Madagaskar<\/h1>\t\t\t\t<\/div>\n\t\t\t\t<\/div>\n\t\t\t\t\t<\/div>\n\t\t\t\t<\/div>\n\t\t<div class=\"elementor-element elementor-element-e625756 e-flex e-con-boxed elementor-invisible e-con e-parent\" data-id=\"e625756\" data-element_type=\"container\" data-e-type=\"container\" data-settings=\"{&quot;animation&quot;:&quot;fadeIn&quot;}\">\n\t\t\t\t\t<div class=\"e-con-inner\">\n\t\t\t\t<div class=\"elementor-element elementor-element-27904d5 elementor-widget elementor-widget-shortcode\" data-id=\"27904d5\" data-element_type=\"widget\" data-e-type=\"widget\" data-widget_type=\"shortcode.default\">\n\t\t\t\t<div class=\"elementor-widget-container\">\n\t\t\t\t\t\t\t<div class=\"elementor-shortcode\">\n\t\t\t\t<p class=\"rs-p-wp-fix\"><\/p>\n\t\t\t\t<sr7-module data-alias=\"envoutantes-clean-news-slider\" data-id=\"101\" id=\"SR7_101_1\" data-version=\"6.7.41\">\n\t\t\t\t\t<sr7-adjuster><\/sr7-adjuster>\n\t\t\t\t\t<sr7-content>\n\t\t\t\t\t\t<sr7-slide id=\"SR7_101_1-370\" data-key=\"370\">\n\t\t\t\t\t\t\t<sr7-bg id=\"SR7_101_1-370-slidebg\" class=\"sr7-layer\"><noscript><img decoding=\"async\" src=\"https:\/\/nosyberevesdepeche.com\/wp-content\/uploads\/peche-madagascar-archipel-radama-zone-de-peche-e1764255382439.webp\" alt=\"L&#039;archipel des Radama, au sud de Nosy Be, est une destination incontournable pour la p\u00eache sportive \u00e0 Madagascar.\" title=\"Archipel des Radama : la zone de p\u00eache\"><\/noscript><\/sr7-bg>\n\t\t\t\t\t\t\t<h2 id=\"SR7_101_1-370-2\" class=\"sr7-layer\">Fiskeomr\u00e5det<\/h2>\n\t\t\t\t\t\t\t<p id=\"SR7_101_1-370-3\" class=\"sr7-layer\">Radama de Sublima<\/p>\n\t\t\t\t\t\t\t<p id=\"SR7_101_1-370-4\" class=\"sr7-layer\">Radama-arkipelagen, s\u00f6der om Nosy Be, \u00e4r en oumb\u00e4rlig destination f\u00f6r sportfiske i Madagaskar. Dess fiskrika och varierade vatten \u00e4r hem f\u00f6r en enast\u00e5ende marin biologisk m\u00e5ngfald. Tack vare v\u00e5rt stora br\u00e4nslef\u00f6rr\u00e5d n\u00e5r vi ofta detta omr\u00e5de under v\u00e5ra heldagsturer fr\u00e5n Nosy Be, och fiskar \u00e4ven utanf\u00f6r den fantastiska \u00f6n Nosy Iranja.\n<\/p>\n\t\t\t\t\t\t<\/sr7-slide>\n\t\t\t\t\t\t<sr7-slide id=\"SR7_101_1-372\" data-key=\"372\">\n\t\t\t\t\t\t\t<sr7-bg id=\"SR7_101_1-372-slidebg\" class=\"sr7-layer\"><noscript><img decoding=\"async\" src=\"https:\/\/nosyberevesdepeche.com\/wp-content\/uploads\/peche-madagascar-archipel-radama-techniques-de-peche.webp\" alt=\"Popping et jigging sont deux techniques tr\u00e8s efficaces pour la p\u00eache sportive dans l&#039;archipel des Radama, Madagascar.\" title=\"Archipel des Radama : les techniques de p\u00eache\"><\/noscript><\/sr7-bg>\n\t\t\t\t\t\t\t<h2 id=\"SR7_101_1-372-2\" class=\"sr7-layer\">Fisketeknikerna<\/h2>\n\t\t\t\t\t\t\t<p id=\"SR7_101_1-372-3\" class=\"sr7-layer\">Radama de Sublima<\/p>\n\t\t\t\t\t\t\t<p id=\"SR7_101_1-372-4\" class=\"sr7-layer\">\u00e4r lika varierade som de arter man m\u00f6ter. Popping \u00e4r s\u00e4rskilt effektivt p\u00e5 korallplat\u00e5er f\u00f6r att utl\u00f6sa attacker fr\u00e5n j\u00e4ttetrevally, medan vertikal jigging i djupa vatten riktar in sig p\u00e5 rovdjur som hundtandstonfisk eller amberjack. Trolling i pelagiska zoner g\u00f6r det m\u00f6jligt att f\u00e5nga segelfisk och marlin.<\/p>\n\t\t\t\t\t\t<\/sr7-slide>\n\t\t\t\t\t\t<sr7-slide id=\"SR7_101_1-371\" data-key=\"371\">\n\t\t\t\t\t\t\t<sr7-bg id=\"SR7_101_1-371-slidebg\" class=\"sr7-layer\"><noscript><img decoding=\"async\" src=\"https:\/\/nosyberevesdepeche.com\/wp-content\/uploads\/peche-madagascar-archipel-des-radama-opportunites-uniques-1-e1764786016978.webp\" alt=\"L\u2019archipel des Radama \u00e0 Madagascar, pr\u00e9sente une diversit\u00e9 de poissons exceptionnelles pour des sorties de p\u00eache uniques.\" title=\"Archipel des Radama : opportunit\u00e9s uniques pour la p\u00eache\"><\/noscript><\/sr7-bg>\n\t\t\t\t\t\t\t<h2 id=\"SR7_101_1-371-2\" class=\"sr7-layer\">Unika m\u00f6jligheter<\/h2>\n\t\t\t\t\t\t\t<p id=\"SR7_101_1-371-3\" class=\"sr7-layer\">Radama de Sublima<\/p>\n\t\t\t\t\t\t\t<p id=\"SR7_101_1-371-4\" class=\"sr7-layer\">att f\u00e5nga ikoniska arter : j\u00e4ttetrevally, hundtandstonfisk, gulfenad tonfisk, segelfisk, amberjack, kungsmakrill, barracuda och sportfiskarnas heliga graal, den svarta marlinen.<\/p>\n\t\t\t\t\t\t<\/sr7-slide>\n\t\t\t\t\t\t<sr7-slide id=\"SR7_101_1-373\" data-key=\"373\">\n\t\t\t\t\t\t\t<sr7-bg id=\"SR7_101_1-373-slidebg\" class=\"sr7-layer\"><noscript><img decoding=\"async\" src=\"https:\/\/nosyberevesdepeche.com\/wp-content\/uploads\/peche-madagascar-archipel-radama-carangue-gt-e1765637278889.webp\" alt=\"Notre \u00e9quipage ma\u00eetrise toutes les techniques de p\u00eache exotique \u00e0 Madagascar, et vous assistera en toute occasion.\" title=\"Archipel des Radama : expertise de l&#8217;\u00e9quipage\"><\/noscript><\/sr7-bg>\n\t\t\t\t\t\t\t<h2 id=\"SR7_101_1-373-2\" class=\"sr7-layer\">Tack vare expertisen och engagemanget<\/h2>\n\t\t\t\t\t\t\t<p id=\"SR7_101_1-373-3\" class=\"sr7-layer\">Radama de Sublima<\/p>\n\t\t\t\t\t\t\t<p id=\"SR7_101_1-373-4\" class=\"sr7-layer\">hos v\u00e5r bes\u00e4ttning kan fiskare v\u00e4xla mellan olika tekniker beroende p\u00e5 dagens f\u00f6rh\u00e5llanden och maximera sina chanser till framg\u00e5ng. Radama-arkipelagen, med sitt rika djurliv och sina tekniska utmaningar, \u00e4r en idealisk plats f\u00f6r dem som \u00e4lskar sportfiske.<\/p>\n\t\t\t\t\t\t<\/sr7-slide>\n\t\t\t\t\t\t<sr7-slide id=\"SR7_101_1-374\" data-key=\"374\">\n\t\t\t\t\t\t\t<sr7-bg id=\"SR7_101_1-374-slidebg\" class=\"sr7-layer\"><noscript><img decoding=\"async\" src=\"https:\/\/nosyberevesdepeche.com\/wp-content\/uploads\/peche-madagascar-archipel-des-radama-popping-1-e1764787803819.webp\" alt=\"Le popping s&#039;impose comme la technique de p\u00eache reine sur les r\u00e9cifs coralliens des Radama \u00e0 Madagascar\" title=\"Archipel des Radama : p\u00eache sur les r\u00e9cifs coralliens\"><\/noscript><\/sr7-bg>\n\t\t\t\t\t\t\t<h2 id=\"SR7_101_1-374-2\" class=\"sr7-layer\">P\u00e5 korallplat\u00e5erna<\/h2>\n\t\t\t\t\t\t\t<p id=\"SR7_101_1-374-3\" class=\"sr7-layer\">Radama de Sublima<\/p>\n\t\t\t\t\t\t\t<p id=\"SR7_101_1-374-4\" class=\"sr7-layer\">i Radama etablerar sig popping som den ledande tekniken. I hj\u00e4rtat av fusilier-jakter blir det ett mycket effektivt s\u00e4tt att utl\u00f6sa ytattacker fr\u00e5n stora GT, wahoo och barracudor.<\/p>\n\t\t\t\t\t\t<\/sr7-slide>\n\t\t\t\t\t\t<sr7-slide id=\"SR7_101_1-376\" data-key=\"376\">\n\t\t\t\t\t\t\t<sr7-bg id=\"SR7_101_1-376-slidebg\" class=\"sr7-layer\"><noscript><img decoding=\"async\" src=\"https:\/\/nosyberevesdepeche.com\/wp-content\/uploads\/peche-madagascar-archipel-radama-cadre-idylique-e1764779826659.webp\" alt=\"Baignade \u00e0 Nosy Iranja au retour de la p\u00eache dans l&#039;archipel des Radama, Madagascar\" title=\"Archipel des Radama : cadre idyllique\"><\/noscript><\/sr7-bg>\n\t\t\t\t\t\t\t<h2 id=\"SR7_101_1-376-2\" class=\"sr7-layer\">En idyllisk plats<\/h2>\n\t\t\t\t\t\t\t<p id=\"SR7_101_1-376-3\" class=\"sr7-layer\">Radama de Sublima<\/p>\n\t\t\t\t\t\t\t<p id=\"SR7_101_1-376-4\" class=\"sr7-layer\">f\u00f6r ett dopp i det turkosa vattnet vid Nosy Iranja. Hur kan man b\u00e4ttre kr\u00f6na en intensiv fiskedag i Radama-arkipelagen ? Madagaskar \u00e4r magiskt.<\/p>\n\t\t\t\t\t\t<\/sr7-slide>\n\t\t\t\t\t\t<sr7-slide id=\"SR7_101_1-741\" data-key=\"741\">\n\t\t\t\t\t\t<\/sr7-slide>\n\t\t\t\t\t<\/sr7-content>\n\t\t\t\t<\/sr7-module>\n\t\t\t\t<script>\n\t\t\t\t\tSR7.PMH ??={}; SR7.PMH[\"SR7_101_1\"] = {cn:100,state:false,fn: function() { if (_tpt!==undefined && _tpt.prepareModuleHeight !== undefined) {  _tpt.prepareModuleHeight({id:\"SR7_101_1\",el:[800,600,600,450],type:'standard',shdw:'0',gh:[800,700,600,450],gw:[1200,1024,778,480],vpt:['-200px'],size:{fullWidth:true, fullHeight:false},mh:'0',onh:0,onw:0,bg:{color:'transparent'},plType:'-1',plColor:'#FFFFFF'});   SR7.PMH[\"SR7_101_1\"].state=true;} else if(SR7.PMH[\"SR7_101_1\"].cn-->0)\tsetTimeout( SR7.PMH[\"SR7_101_1\"].fn,19);}};SR7.PMH[\"SR7_101_1\" ].fn();\n\t\t\t\t<\/script>\n<\/div>\n\t\t\t\t\t\t<\/div>\n\t\t\t\t<\/div>\n\t\t\t\t\t<\/div>\n\t\t\t\t<\/div>\n\t\t<div class=\"elementor-element elementor-element-a1e5c9c e-flex e-con-boxed elementor-invisible e-con e-parent\" data-id=\"a1e5c9c\" data-element_type=\"container\" data-e-type=\"container\" data-settings=\"{&quot;animation&quot;:&quot;slideInUp&quot;,&quot;animation_delay&quot;:200}\">\n\t\t\t\t\t<div class=\"e-con-inner\">\n\t\t\t\t<div class=\"elementor-element elementor-element-4bb9a4e elementor-widget__width-initial elementor-widget elementor-widget-text-editor\" data-id=\"4bb9a4e\" data-element_type=\"widget\" data-e-type=\"widget\" data-settings=\"{&quot;_animation&quot;:&quot;none&quot;,&quot;_animation_delay&quot;:0}\" data-widget_type=\"text-editor.default\">\n\t\t\t\t<div class=\"elementor-widget-container\">\n\t\t\t\t\t\t\t\t\t<p>Fiske p\u00e5 Madagaskar bjuder p\u00e5 ett av sina verkliga guldkorn i Radama-arkipelagen, som ligger cirka 80 km s\u00f6der om Nosy Be.<\/p><p>Under v\u00e5ra <a href=\"https:\/\/nosyberevesdepeche.com\/sv\/fiske-heldag-nosy-be\/\">dagsutflykter<\/a> b\u00f6rjar vi ofta fisket utanf\u00f6r Nosy Iranja och forts\u00e4tter sedan mot Radamas plat\u00e5er, k\u00e4nda f\u00f6r sin h\u00f6ga t\u00e4thet och stora variation av fiskarter.<\/p>\t\t\t\t\t\t\t\t<\/div>\n\t\t\t\t<\/div>\n\t\t\t\t\t<\/div>\n\t\t\t\t<\/div>\n\t\t\t\t<\/div>\n\t\t","protected":false},"excerpt":{"rendered":"<p>F\u00f6rtrollande Radama, en ikonisk destination f\u00f6r fiske i Madagaskar Fiske p\u00e5 Madagaskar bjuder p\u00e5 ett av sina verkliga guldkorn i Radama-arkipelagen, som ligger cirka 80 km s\u00f6der om Nosy Be&#8230;.<\/p>\n","protected":false},"author":1,"featured_media":26960,"parent":0,"menu_order":0,"comment_status":"closed","ping_status":"closed","template":"elementor_header_footer","meta":{"footnotes":""},"class_list":["post-8300","page","type-page","status-publish","has-post-thumbnail"],"yoast_head":"<!-- This site is optimized with the Yoast SEO plugin v27.4 - https:\/\/yoast.com\/product\/yoast-seo-wordpress\/ -->\n<title>Radama-arkipelagen, ett paradis f\u00f6r fiske p\u00e5 Madagaskar - Fiskedr\u00f6mmar p\u00e5 Nosy Be<\/title>\n<meta name=\"description\" content=\"Uppt\u00e4ck den magnifika Radama-arkipelagen, cirka 90 km s\u00f6der om Nosy Be, ett paradis f\u00f6r fiske p\u00e5 Madagaskar.\" \/>\n<meta name=\"robots\" content=\"index, follow, max-snippet:-1, max-image-preview:large, max-video-preview:-1\" \/>\n<link rel=\"canonical\" href=\"https:\/\/nosyberevesdepeche.com\/sv\/fiske-madagaskar-radama-arkipelagen\/\" \/>\n<meta property=\"og:locale\" content=\"sv_SE\" \/>\n<meta property=\"og:type\" content=\"article\" \/>\n<meta property=\"og:title\" content=\"Radama-arkipelagen, ett paradis f\u00f6r fiske p\u00e5 Madagaskar - Fiskedr\u00f6mmar p\u00e5 Nosy Be\" \/>\n<meta property=\"og:description\" content=\"Uppt\u00e4ck den magnifika Radama-arkipelagen, cirka 90 km s\u00f6der om Nosy Be, ett paradis f\u00f6r fiske p\u00e5 Madagaskar.\" \/>\n<meta property=\"og:url\" content=\"https:\/\/nosyberevesdepeche.com\/sv\/fiske-madagaskar-radama-arkipelagen\/\" \/>\n<meta property=\"og:site_name\" content=\"Fiskedr\u00f6mmar p\u00e5 Nosy Be\" \/>\n<meta property=\"article:publisher\" content=\"https:\/\/www.facebook.com\/nosyberevesdepeche\" \/>\n<meta property=\"article:modified_time\" content=\"2026-02-05T04:14:31+00:00\" \/>\n<meta property=\"og:image\" content=\"https:\/\/nosyberevesdepeche.com\/wp-content\/uploads\/peche-madagascar-archipel-radama-page-e1764782155131.webp\" \/>\n\t<meta property=\"og:image:width\" content=\"2048\" \/>\n\t<meta property=\"og:image:height\" content=\"1542\" \/>\n\t<meta property=\"og:image:type\" content=\"image\/webp\" \/>\n<meta name=\"twitter:card\" content=\"summary_large_image\" \/>\n<script type=\"application\/ld+json\" class=\"yoast-schema-graph\">{\"@context\":\"https:\\\/\\\/schema.org\",\"@graph\":[{\"@type\":\"WebPage\",\"@id\":\"https:\\\/\\\/nosyberevesdepeche.com\\\/sv\\\/fiske-madagaskar-radama-arkipelagen\\\/\",\"url\":\"https:\\\/\\\/nosyberevesdepeche.com\\\/sv\\\/fiske-madagaskar-radama-arkipelagen\\\/\",\"name\":\"Radama-arkipelagen, ett paradis f\u00f6r fiske p\u00e5 Madagaskar - Fiskedr\u00f6mmar p\u00e5 Nosy Be\",\"isPartOf\":{\"@id\":\"https:\\\/\\\/nosyberevesdepeche.com\\\/sv\\\/#website\"},\"primaryImageOfPage\":{\"@id\":\"https:\\\/\\\/nosyberevesdepeche.com\\\/sv\\\/fiske-madagaskar-radama-arkipelagen\\\/#primaryimage\"},\"image\":{\"@id\":\"https:\\\/\\\/nosyberevesdepeche.com\\\/sv\\\/fiske-madagaskar-radama-arkipelagen\\\/#primaryimage\"},\"thumbnailUrl\":\"https:\\\/\\\/nosyberevesdepeche.com\\\/wp-content\\\/uploads\\\/peche-madagascar-archipel-radama-page-e1764782155131.webp\",\"datePublished\":\"2025-01-02T10:57:13+00:00\",\"dateModified\":\"2026-02-05T04:14:31+00:00\",\"description\":\"Uppt\u00e4ck den magnifika Radama-arkipelagen, cirka 90 km s\u00f6der om Nosy Be, ett paradis f\u00f6r fiske p\u00e5 Madagaskar.\",\"breadcrumb\":{\"@id\":\"https:\\\/\\\/nosyberevesdepeche.com\\\/sv\\\/fiske-madagaskar-radama-arkipelagen\\\/#breadcrumb\"},\"inLanguage\":\"sv-SE\",\"potentialAction\":[{\"@type\":\"ReadAction\",\"target\":[\"https:\\\/\\\/nosyberevesdepeche.com\\\/sv\\\/fiske-madagaskar-radama-arkipelagen\\\/\"]}]},{\"@type\":\"ImageObject\",\"inLanguage\":\"sv-SE\",\"@id\":\"https:\\\/\\\/nosyberevesdepeche.com\\\/sv\\\/fiske-madagaskar-radama-arkipelagen\\\/#primaryimage\",\"url\":\"https:\\\/\\\/nosyberevesdepeche.com\\\/wp-content\\\/uploads\\\/peche-madagascar-archipel-radama-page-e1764782155131.webp\",\"contentUrl\":\"https:\\\/\\\/nosyberevesdepeche.com\\\/wp-content\\\/uploads\\\/peche-madagascar-archipel-radama-page-e1764782155131.webp\",\"width\":2048,\"height\":1542,\"caption\":\"V\u00e5r bes\u00e4ttning beh\u00e4rskar alla tekniker f\u00f6r exotiskt fiske i Madagaskar och kommer att hj\u00e4lpa dig vid varje tillf\u00e4lle.\"},{\"@type\":\"BreadcrumbList\",\"@id\":\"https:\\\/\\\/nosyberevesdepeche.com\\\/sv\\\/fiske-madagaskar-radama-arkipelagen\\\/#breadcrumb\",\"itemListElement\":[{\"@type\":\"ListItem\",\"position\":1,\"name\":\"Accueil\",\"item\":\"https:\\\/\\\/nosyberevesdepeche.com\\\/sv\\\/\"},{\"@type\":\"ListItem\",\"position\":2,\"name\":\"Radama-arkipelagen\"}]},{\"@type\":\"WebSite\",\"@id\":\"https:\\\/\\\/nosyberevesdepeche.com\\\/sv\\\/#website\",\"url\":\"https:\\\/\\\/nosyberevesdepeche.com\\\/sv\\\/\",\"name\":\"Nosy Be R\u00eaves de P\u00eache\",\"description\":\"Sportfiske och big game fishing p\u00e5 Madagaskar, fr\u00e5n Nosy Be\",\"publisher\":{\"@id\":\"https:\\\/\\\/nosyberevesdepeche.com\\\/sv\\\/#organization\"},\"potentialAction\":[{\"@type\":\"SearchAction\",\"target\":{\"@type\":\"EntryPoint\",\"urlTemplate\":\"https:\\\/\\\/nosyberevesdepeche.com\\\/sv\\\/?s={search_term_string}\"},\"query-input\":{\"@type\":\"PropertyValueSpecification\",\"valueRequired\":true,\"valueName\":\"search_term_string\"}}],\"inLanguage\":\"sv-SE\"},{\"@type\":\"Organization\",\"@id\":\"https:\\\/\\\/nosyberevesdepeche.com\\\/sv\\\/#organization\",\"name\":\"Nosy Be R\u00eaves de P\u00eache\",\"url\":\"https:\\\/\\\/nosyberevesdepeche.com\\\/sv\\\/\",\"logo\":{\"@type\":\"ImageObject\",\"inLanguage\":\"sv-SE\",\"@id\":\"https:\\\/\\\/nosyberevesdepeche.com\\\/sv\\\/#\\\/schema\\\/logo\\\/image\\\/\",\"url\":\"https:\\\/\\\/nosyberevesdepeche.com\\\/wp-content\\\/uploads\\\/sejour-cap-san-sebastien.jpg\",\"contentUrl\":\"https:\\\/\\\/nosyberevesdepeche.com\\\/wp-content\\\/uploads\\\/sejour-cap-san-sebastien.jpg\",\"width\":2048,\"height\":1542,\"caption\":\"Nosy Be R\u00eaves de P\u00eache\"},\"image\":{\"@id\":\"https:\\\/\\\/nosyberevesdepeche.com\\\/sv\\\/#\\\/schema\\\/logo\\\/image\\\/\"},\"sameAs\":[\"https:\\\/\\\/www.facebook.com\\\/nosyberevesdepeche\",\"https:\\\/\\\/www.youtube.com\\\/@NosyBeRevesdePeche\",\"https:\\\/\\\/www.instagram.com\\\/nosyberevesdepeche\\\/\",\"https:\\\/\\\/www.tiktok.com\\\/@nosy_be_reves_de_peche\"]}]}<\/script>\n<!-- \/ Yoast SEO plugin. -->","yoast_head_json":{"title":"Radama-arkipelagen, ett paradis f\u00f6r fiske p\u00e5 Madagaskar - Fiskedr\u00f6mmar p\u00e5 Nosy Be","description":"Uppt\u00e4ck den magnifika Radama-arkipelagen, cirka 90 km s\u00f6der om Nosy Be, ett paradis f\u00f6r fiske p\u00e5 Madagaskar.","robots":{"index":"index","follow":"follow","max-snippet":"max-snippet:-1","max-image-preview":"max-image-preview:large","max-video-preview":"max-video-preview:-1"},"canonical":"https:\/\/nosyberevesdepeche.com\/sv\/fiske-madagaskar-radama-arkipelagen\/","og_locale":"sv_SE","og_type":"article","og_title":"Radama-arkipelagen, ett paradis f\u00f6r fiske p\u00e5 Madagaskar - Fiskedr\u00f6mmar p\u00e5 Nosy Be","og_description":"Uppt\u00e4ck den magnifika Radama-arkipelagen, cirka 90 km s\u00f6der om Nosy Be, ett paradis f\u00f6r fiske p\u00e5 Madagaskar.","og_url":"https:\/\/nosyberevesdepeche.com\/sv\/fiske-madagaskar-radama-arkipelagen\/","og_site_name":"Fiskedr\u00f6mmar p\u00e5 Nosy Be","article_publisher":"https:\/\/www.facebook.com\/nosyberevesdepeche","article_modified_time":"2026-02-05T04:14:31+00:00","og_image":[{"width":2048,"height":1542,"url":"https:\/\/nosyberevesdepeche.com\/wp-content\/uploads\/peche-madagascar-archipel-radama-page-e1764782155131.webp","type":"image\/webp"}],"twitter_card":"summary_large_image","schema":{"@context":"https:\/\/schema.org","@graph":[{"@type":"WebPage","@id":"https:\/\/nosyberevesdepeche.com\/sv\/fiske-madagaskar-radama-arkipelagen\/","url":"https:\/\/nosyberevesdepeche.com\/sv\/fiske-madagaskar-radama-arkipelagen\/","name":"Radama-arkipelagen, ett paradis f\u00f6r fiske p\u00e5 Madagaskar - Fiskedr\u00f6mmar p\u00e5 Nosy Be","isPartOf":{"@id":"https:\/\/nosyberevesdepeche.com\/sv\/#website"},"primaryImageOfPage":{"@id":"https:\/\/nosyberevesdepeche.com\/sv\/fiske-madagaskar-radama-arkipelagen\/#primaryimage"},"image":{"@id":"https:\/\/nosyberevesdepeche.com\/sv\/fiske-madagaskar-radama-arkipelagen\/#primaryimage"},"thumbnailUrl":"https:\/\/nosyberevesdepeche.com\/wp-content\/uploads\/peche-madagascar-archipel-radama-page-e1764782155131.webp","datePublished":"2025-01-02T10:57:13+00:00","dateModified":"2026-02-05T04:14:31+00:00","description":"Uppt\u00e4ck den magnifika Radama-arkipelagen, cirka 90 km s\u00f6der om Nosy Be, ett paradis f\u00f6r fiske p\u00e5 Madagaskar.","breadcrumb":{"@id":"https:\/\/nosyberevesdepeche.com\/sv\/fiske-madagaskar-radama-arkipelagen\/#breadcrumb"},"inLanguage":"sv-SE","potentialAction":[{"@type":"ReadAction","target":["https:\/\/nosyberevesdepeche.com\/sv\/fiske-madagaskar-radama-arkipelagen\/"]}]},{"@type":"ImageObject","inLanguage":"sv-SE","@id":"https:\/\/nosyberevesdepeche.com\/sv\/fiske-madagaskar-radama-arkipelagen\/#primaryimage","url":"https:\/\/nosyberevesdepeche.com\/wp-content\/uploads\/peche-madagascar-archipel-radama-page-e1764782155131.webp","contentUrl":"https:\/\/nosyberevesdepeche.com\/wp-content\/uploads\/peche-madagascar-archipel-radama-page-e1764782155131.webp","width":2048,"height":1542,"caption":"V\u00e5r bes\u00e4ttning beh\u00e4rskar alla tekniker f\u00f6r exotiskt fiske i Madagaskar och kommer att hj\u00e4lpa dig vid varje tillf\u00e4lle."},{"@type":"BreadcrumbList","@id":"https:\/\/nosyberevesdepeche.com\/sv\/fiske-madagaskar-radama-arkipelagen\/#breadcrumb","itemListElement":[{"@type":"ListItem","position":1,"name":"Accueil","item":"https:\/\/nosyberevesdepeche.com\/sv\/"},{"@type":"ListItem","position":2,"name":"Radama-arkipelagen"}]},{"@type":"WebSite","@id":"https:\/\/nosyberevesdepeche.com\/sv\/#website","url":"https:\/\/nosyberevesdepeche.com\/sv\/","name":"Nosy Be R\u00eaves de P\u00eache","description":"Sportfiske och big game fishing p\u00e5 Madagaskar, fr\u00e5n Nosy Be","publisher":{"@id":"https:\/\/nosyberevesdepeche.com\/sv\/#organization"},"potentialAction":[{"@type":"SearchAction","target":{"@type":"EntryPoint","urlTemplate":"https:\/\/nosyberevesdepeche.com\/sv\/?s={search_term_string}"},"query-input":{"@type":"PropertyValueSpecification","valueRequired":true,"valueName":"search_term_string"}}],"inLanguage":"sv-SE"},{"@type":"Organization","@id":"https:\/\/nosyberevesdepeche.com\/sv\/#organization","name":"Nosy Be R\u00eaves de P\u00eache","url":"https:\/\/nosyberevesdepeche.com\/sv\/","logo":{"@type":"ImageObject","inLanguage":"sv-SE","@id":"https:\/\/nosyberevesdepeche.com\/sv\/#\/schema\/logo\/image\/","url":"https:\/\/nosyberevesdepeche.com\/wp-content\/uploads\/sejour-cap-san-sebastien.jpg","contentUrl":"https:\/\/nosyberevesdepeche.com\/wp-content\/uploads\/sejour-cap-san-sebastien.jpg","width":2048,"height":1542,"caption":"Nosy Be R\u00eaves de P\u00eache"},"image":{"@id":"https:\/\/nosyberevesdepeche.com\/sv\/#\/schema\/logo\/image\/"},"sameAs":["https:\/\/www.facebook.com\/nosyberevesdepeche","https:\/\/www.youtube.com\/@NosyBeRevesdePeche","https:\/\/www.instagram.com\/nosyberevesdepeche\/","https:\/\/www.tiktok.com\/@nosy_be_reves_de_peche"]}]}},"_links":{"self":[{"href":"https:\/\/nosyberevesdepeche.com\/sv\/wp-json\/wp\/v2\/pages\/8300","targetHints":{"allow":["GET"]}}],"collection":[{"href":"https:\/\/nosyberevesdepeche.com\/sv\/wp-json\/wp\/v2\/pages"}],"about":[{"href":"https:\/\/nosyberevesdepeche.com\/sv\/wp-json\/wp\/v2\/types\/page"}],"author":[{"embeddable":true,"href":"https:\/\/nosyberevesdepeche.com\/sv\/wp-json\/wp\/v2\/users\/1"}],"replies":[{"embeddable":true,"href":"https:\/\/nosyberevesdepeche.com\/sv\/wp-json\/wp\/v2\/comments?post=8300"}],"version-history":[{"count":27,"href":"https:\/\/nosyberevesdepeche.com\/sv\/wp-json\/wp\/v2\/pages\/8300\/revisions"}],"predecessor-version":[{"id":30426,"href":"https:\/\/nosyberevesdepeche.com\/sv\/wp-json\/wp\/v2\/pages\/8300\/revisions\/30426"}],"wp:featuredmedia":[{"embeddable":true,"href":"https:\/\/nosyberevesdepeche.com\/sv\/wp-json\/wp\/v2\/media\/26960"}],"wp:attachment":[{"href":"https:\/\/nosyberevesdepeche.com\/sv\/wp-json\/wp\/v2\/media?parent=8300"}],"curies":[{"name":"wp","href":"https:\/\/api.w.org\/{rel}","templated":true}]}}