{"id":8088,"date":"2025-01-12T14:57:33","date_gmt":"2025-01-12T13:57:33","guid":{"rendered":"https:\/\/nosyberevesdepeche.com\/index.php\/fiske-cap-san-sebastien\/"},"modified":"2026-02-05T05:13:33","modified_gmt":"2026-02-05T04:13:33","slug":"fiske-madagaskar-kap-san-sebastian","status":"publish","type":"page","link":"https:\/\/nosyberevesdepeche.com\/sv\/fiske-madagaskar-kap-san-sebastian\/","title":{"rendered":"Kap San Sebastian"},"content":{"rendered":"\t\t<div data-elementor-type=\"wp-page\" data-elementor-id=\"8088\" class=\"elementor elementor-8088 elementor-2850\" data-elementor-post-type=\"page\">\n\t\t\t\t<div class=\"elementor-element elementor-element-2d5643a animated-slow e-flex e-con-boxed elementor-invisible e-con e-parent\" data-id=\"2d5643a\" data-element_type=\"container\" data-e-type=\"container\" data-settings=\"{&quot;animation&quot;:&quot;fadeIn&quot;,&quot;animation_delay&quot;:0}\">\n\t\t\t\t\t<div class=\"e-con-inner\">\n\t\t\t\t<div class=\"elementor-element elementor-element-317fb4b elementor-widget-tablet__width-inherit elementor-widget elementor-widget-heading\" data-id=\"317fb4b\" data-element_type=\"widget\" data-e-type=\"widget\" data-widget_type=\"heading.default\">\n\t\t\t\t<div class=\"elementor-widget-container\">\n\t\t\t\t\t<h1 class=\"elementor-heading-title elementor-size-default\">Mytiska Kap San Sebastian, ett centrum f\u00f6r sportfiske p\u00e5 Madagaskar<\/h1>\t\t\t\t<\/div>\n\t\t\t\t<\/div>\n\t\t\t\t\t<\/div>\n\t\t\t\t<\/div>\n\t\t<div class=\"elementor-element elementor-element-cb13acf e-flex e-con-boxed elementor-invisible e-con e-parent\" data-id=\"cb13acf\" data-element_type=\"container\" data-e-type=\"container\" data-settings=\"{&quot;animation&quot;:&quot;fadeIn&quot;}\">\n\t\t\t\t\t<div class=\"e-con-inner\">\n\t\t\t\t<div class=\"elementor-element elementor-element-df0e1dc elementor-widget elementor-widget-shortcode\" data-id=\"df0e1dc\" data-element_type=\"widget\" data-e-type=\"widget\" data-widget_type=\"shortcode.default\">\n\t\t\t\t<div class=\"elementor-widget-container\">\n\t\t\t\t\t\t\t<div class=\"elementor-shortcode\">\n\t\t\t\t<p class=\"rs-p-wp-fix\"><\/p>\n\t\t\t\t<sr7-module data-alias=\"mythique-cap-san-sebastien\" data-id=\"89\" id=\"SR7_89_1\" data-version=\"6.7.41\">\n\t\t\t\t\t<sr7-adjuster><\/sr7-adjuster>\n\t\t\t\t\t<sr7-content>\n\t\t\t\t\t\t<sr7-slide id=\"SR7_89_1-423\" data-key=\"423\">\n\t\t\t\t\t\t\t<h2 id=\"SR7_89_1-423-2\" class=\"sr7-layer\">F\u00f6r sportfiske\u00e4lskare<\/h2>\n\t\t\t\t\t\t\t<h3 id=\"SR7_89_1-423-3\" class=\"sr7-layer\">Det ot\u00e4mjbara Kap San Sebastian<\/h3>\n\t\t\t\t\t\t\t<p id=\"SR7_89_1-423-4\" class=\"sr7-layer\">Bel\u00e4get p\u00e5 Madagaskars nordv\u00e4stkust, ungef\u00e4r 120 kilometer norr om Nosy Be, omges Kap San Sebastian av rev och exceptionella fiskeomr\u00e5den. Fr\u00e5n Nosy Mitsio, d\u00e4r ni bor under vistelsen, sn\u00e5lar vi inte med br\u00e4nslet f\u00f6r att n\u00e5 denna legendariska plats eller dess omgivningar flera g\u00e5nger. Detta ger oss tillg\u00e5ng till or\u00f6rda, s\u00e4llan utforskade fiskevatten som lovar intensiva kamp med trof\u00e9stora exemplar. En r\u00e5 juvel f\u00f6r entusiaster av sportfiske.<\/p>\n\t\t\t\t\t\t<\/sr7-slide>\n\t\t\t\t\t\t<sr7-slide id=\"SR7_89_1-542\" data-key=\"542\">\n\t\t\t\t\t\t\t<sr7-bg id=\"SR7_89_1-542-slidebg\" class=\"sr7-layer\"><noscript><img decoding=\"async\" src=\"https:\/\/nosyberevesdepeche.com\/wp-content\/uploads\/fond-mer-Photoroom.jpg\" alt=\"\" title=\"\"><\/noscript><\/sr7-bg>\n\t\t\t\t\t\t\t<h2 id=\"SR7_89_1-542-2\" class=\"sr7-layer\">Den ultimata fisketekniken<\/h2>\n\t\t\t\t\t\t\t<h3 id=\"SR7_89_1-542-3\" class=\"sr7-layer\">Det ot\u00e4mjbara Kap San Sebastian<\/h3>\n\t\t\t\t\t\t\t<p id=\"SR7_89_1-542-4\" class=\"sr7-layer\">Kap San Sebastian erbjuder den perfekta milj\u00f6n f\u00f6r popping, med sina korallplat\u00e5er och grunda omr\u00e5den d\u00e4r j\u00e4ttetrevally och andra ikoniska rovdjur jagar. En otrolig destination f\u00f6r spektakul\u00e4ra fighter.<\/p>\n\t\t\t\t\t\t<\/sr7-slide>\n\t\t\t\t\t\t<sr7-slide id=\"SR7_89_1-333\" data-key=\"333\">\n\t\t\t\t\t\t\t<sr7-bg id=\"SR7_89_1-333-slidebg\" class=\"sr7-layer\"><noscript><img decoding=\"async\" src=\"https:\/\/nosyberevesdepeche.com\/wp-content\/uploads\/cap-san-sebastien-merou-scaled-e1747659694607.webp\" alt=\"P\u00eache au jig et capture d&#039;un m\u00e9rou c\u00e9leste au Cap San S\u00e9bastien, puis rel\u00e2cher dans le cadre d\u2019une p\u00eache responsable\" title=\"M\u00e9rou c\u00e9leste captur\u00e9 au jig au Cap San S\u00e9bastien\"><\/noscript><\/sr7-bg>\n\t\t\t\t\t\t\t<h2 id=\"SR7_89_1-333-2\" class=\"sr7-layer\">Otroliga fiskem\u00f6jligheter<\/h2>\n\t\t\t\t\t\t\t<h3 id=\"SR7_89_1-333-3\" class=\"sr7-layer\">Det ot\u00e4mjbara Kap San Sebastian<\/h3>\n\t\t\t\t\t\t\t<p id=\"SR7_89_1-333-4\" class=\"sr7-layer\">Oavsett om ni f\u00f6redrar popping, jigging eller trolling, \u00e4r vattnen vid Kap San Sebastian fulla av imponerande exemplar. Giant trevally, hundtandstonfisk, havsabborre och barracuda \u00e4r bara n\u00e5gra av de utmaningar som v\u00e4ntar i dessa vatten, k\u00e4nda f\u00f6r sin rikedom och m\u00e5ngfald. V\u00e5r lokala bes\u00e4ttning, experter p\u00e5 de b\u00e4sta platserna, hj\u00e4lper er hela tiden f\u00f6r att maximera era chanser till minnesv\u00e4rda f\u00e5ngster.<\/p>\n\t\t\t\t\t\t<\/sr7-slide>\n\t\t\t\t\t\t<sr7-slide id=\"SR7_89_1-1068\" data-key=\"1068\">\n\t\t\t\t\t\t\t<sr7-bg id=\"SR7_89_1-1068-slidebg\" class=\"sr7-layer\"><noscript><img decoding=\"async\" src=\"https:\/\/nosyberevesdepeche.com\/wp-content\/uploads\/peche-madagascar-cap-san-sebastien-barracuda-e1765634389215.webp\" alt=\"Superbe barracuda captur\u00e9 au jig au Cap San S\u00e9bastien \u00e0 Madagascar\" title=\"Barracuda au jig \u00e0 Madagascar\"><\/noscript><\/sr7-bg>\n\t\t\t\t\t\t\t<h2 id=\"SR7_89_1-1068-2\" class=\"sr7-layer\">Jigging, en kraftfull teknik<\/h2>\n\t\t\t\t\t\t\t<h3 id=\"SR7_89_1-1068-3\" class=\"sr7-layer\">Cap San S\u00e9bastien L'Indomptable<\/h3>\n\t\t\t\t\t\t\t<p id=\"SR7_89_1-1068-4\" class=\"sr7-layer\">f\u00f6r sportfiske p\u00e5 Madagaskar.\nJigging \u00e4r en vertikal fisketeknik d\u00e4r man arbetar med ett metallbete, kallat jig, f\u00f6r att efterlikna en skadad fisks flykt. Vid Kap San Sebastian \u00e4r denna metod mycket effektiv l\u00e4ngs branter och steniga plat\u00e5er d\u00e4r m\u00e5nga rovfiskar samlas.\nVi anv\u00e4nder vanligtvis jiggar p\u00e5 150\u2013200 g, perfekt anpassade till djupet och str\u00f6mmen i omr\u00e5det. Det \u00e4r en fysiskt kr\u00e4vande teknik som kr\u00e4ver uth\u00e5llighet och h\u00f6gkvalitativ utrustning, men den bjuder p\u00e5 intensiva fighter med dogtooth-tonfisk, trevallies, grouper och wahoo.\n<\/p>\n\t\t\t\t\t\t<\/sr7-slide>\n\t\t\t\t\t\t<sr7-slide id=\"SR7_89_1-1077\" data-key=\"1077\">\n\t\t\t\t\t\t\t<sr7-bg id=\"SR7_89_1-1077-slidebg\" class=\"sr7-layer\"><noscript><img decoding=\"async\" src=\"https:\/\/nosyberevesdepeche.com\/wp-content\/uploads\/peche-madagascar-lior-trevally.jpg\" alt=\"La p\u00eache \u00e0 Madagascar dans toute sa splendeur, \u00e9norme GT prise au popper \u00e0 Nosy Mitsio\" title=\"Enorme carangue \u00e0 Nosy Mitsio\"><\/noscript><\/sr7-bg>\n\t\t\t\t\t\t\t<h2 id=\"SR7_89_1-1077-2\" class=\"sr7-layer\">Popping, den fr\u00e4msta tekniken<\/h2>\n\t\t\t\t\t\t\t<h3 id=\"SR7_89_1-1077-3\" class=\"sr7-layer\">Det ot\u00e4mjbara Kap San Sebastian<\/h3>\n\t\t\t\t\t\t\t<p id=\"SR7_89_1-1077-4\" class=\"sr7-layer\">p\u00e5 korallreven. Spektakul\u00e4r och kraftfull, popping \u00e4r ett oumb\u00e4rligt verktyg f\u00f6r big game fishing p\u00e5 Madagaskar.\nRunt Nosy Mitsio och Kap San Sebastian framkallar denna sportfisketeknik explosiva hugg fr\u00e5n j\u00e4ttetrevally och andra rovfiskar vid ytan.\nKraft, adrenalin och precision : popping representerar sj\u00e4lva k\u00e4rnan i sportfisket p\u00e5 Madagaskar.\n<\/p>\n\t\t\t\t\t\t<\/sr7-slide>\n\t\t\t\t\t\t<sr7-slide id=\"SR7_89_1-1094\" data-key=\"1094\">\n\t\t\t\t\t\t\t<sr7-bg id=\"SR7_89_1-1094-slidebg\" class=\"sr7-layer\"><noscript><img decoding=\"async\" src=\"https:\/\/nosyberevesdepeche.com\/wp-content\/uploads\/peche-madagascar-mitsio-gros-merou-1.webp\" alt=\"Un superbe m\u00e9rou captur\u00e9 au Cap san S\u00e9bastien, Madagascar\" title=\"M\u00e9rou \u00e0 Madagascar\"><\/noscript><\/sr7-bg>\n\t\t\t\t\t\t\t<h2 id=\"SR7_89_1-1094-2\" class=\"sr7-layer\">En mycket stor bredd<\/h2>\n\t\t\t\t\t\t\t<h3 id=\"SR7_89_1-1094-3\" class=\"sr7-layer\">Det ot\u00e4mjbara Kap San Sebastian<\/h3>\n\t\t\t\t\t\t\t<p id=\"SR7_89_1-1094-4\" class=\"sr7-layer\">av fisk k\u00e4nnetecknar Kap San Sebastian, en verklig p\u00e4rla f\u00f6r big game fishing och sportfiske p\u00e5 Madagaskar. Vid popping eller jigging vet man aldrig vilken art som attackerar betet : GT, grouper, barracuda, wahoo, tandtonfisk\u2026 marlin \u00e4r inte utesluten !<\/p>\n\t\t\t\t\t\t<\/sr7-slide>\n\t\t\t\t\t\t<sr7-slide id=\"SR7_89_1-738\" data-key=\"738\">\n\t\t\t\t\t\t<\/sr7-slide>\n\t\t\t\t\t<\/sr7-content>\n\t\t\t\t<\/sr7-module>\n\t\t\t\t<script>\n\t\t\t\t\tSR7.PMH ??={}; SR7.PMH[\"SR7_89_1\"] = {cn:100,state:false,fn: function() { if (_tpt!==undefined && _tpt.prepareModuleHeight !== undefined) {  _tpt.prepareModuleHeight({id:\"SR7_89_1\",el:[800,700,600,600],type:'standard',shdw:'0',gh:[800,700,600,600],gw:[1200,1024,778,480],vpt:['-200px'],size:{fullWidth:true, fullHeight:false},mh:'0',onh:0,onw:0,bg:{color:'transparent'},plType:'-1',plColor:'#FFFFFF'});   SR7.PMH[\"SR7_89_1\"].state=true;} else if(SR7.PMH[\"SR7_89_1\"].cn-->0)\tsetTimeout( SR7.PMH[\"SR7_89_1\"].fn,19);}};SR7.PMH[\"SR7_89_1\" ].fn();\n\t\t\t\t<\/script>\n<\/div>\n\t\t\t\t\t\t<\/div>\n\t\t\t\t<\/div>\n\t\t\t\t\t<\/div>\n\t\t\t\t<\/div>\n\t\t<div class=\"elementor-element elementor-element-a492836 e-flex e-con-boxed elementor-invisible e-con e-parent\" data-id=\"a492836\" data-element_type=\"container\" data-e-type=\"container\" data-settings=\"{&quot;animation&quot;:&quot;slideInUp&quot;,&quot;animation_delay&quot;:200}\">\n\t\t\t\t\t<div class=\"e-con-inner\">\n\t\t\t\t<div class=\"elementor-element elementor-element-f7c6119 elementor-widget__width-initial elementor-widget elementor-widget-text-editor\" data-id=\"f7c6119\" data-element_type=\"widget\" data-e-type=\"widget\" data-widget_type=\"text-editor.default\">\n\t\t\t\t<div class=\"elementor-widget-container\">\n\t\t\t\t\t\t\t\t\t<p>Ungef\u00e4r 3 timmar norr om Nosy Be, ett paradis f\u00f6r sportfiske och big game fishing p\u00e5 Madagaskar.<\/p><p><span style=\"color: #003366; font-weight: bold;\">V\u00e5ra fiskeresor fr\u00e5n Nosy Be<\/span> inkluderar transfer till och fr\u00e5n Nosy Mitsio, b\u00e5tuthyrning med en lokal, erfaren bes\u00e4ttning, br\u00e4nslet, helpension i strandbungalower och flaskvatten.<\/p><p>Fr\u00e5n v\u00e5r bas p\u00e5 <a href=\"https:\/\/nosyberevesdepeche.com\/sv\/fiske-madagaskar-nosy-mitsio\/\">Nosy Mitsio<\/a> och tack vare <strong>ett betydande br\u00e4nslereserv<\/strong>, n\u00e5r vi Kap San Sebastian f\u00f6r minnesv\u00e4rda fighter.<\/p>\t\t\t\t\t\t\t\t<\/div>\n\t\t\t\t<\/div>\n\t\t\t\t\t<\/div>\n\t\t\t\t<\/div>\n\t\t\t\t<\/div>\n\t\t","protected":false},"excerpt":{"rendered":"<p>Mytiska Kap San Sebastian, ett centrum f\u00f6r sportfiske p\u00e5 Madagaskar Ungef\u00e4r 3 timmar norr om Nosy Be, ett paradis f\u00f6r sportfiske och big game fishing p\u00e5 Madagaskar. V\u00e5ra fiskeresor fr\u00e5n&#8230;<\/p>\n","protected":false},"author":1,"featured_media":17591,"parent":0,"menu_order":0,"comment_status":"closed","ping_status":"closed","template":"elementor_header_footer","meta":{"footnotes":""},"class_list":["post-8088","page","type-page","status-publish","has-post-thumbnail"],"yoast_head":"<!-- This site is optimized with the Yoast SEO plugin v27.4 - https:\/\/yoast.com\/product\/yoast-seo-wordpress\/ -->\n<title>Paradis f\u00f6r sportfiske p\u00e5 Madagaskar - Fiskedr\u00f6mmar p\u00e5 Nosy Be<\/title>\n<meta name=\"description\" content=\"Kap San Sebastian \u00e4r ett mytomspunnet resm\u00e5l f\u00f6r sportfiske som bjuder p\u00e5 of\u00f6rgl\u00f6mliga fighter. Tillg\u00e4nglig fr\u00e5n Nosy Mitsio.\" \/>\n<meta name=\"robots\" content=\"index, follow, max-snippet:-1, max-image-preview:large, max-video-preview:-1\" \/>\n<link rel=\"canonical\" href=\"https:\/\/nosyberevesdepeche.com\/sv\/fiske-madagaskar-kap-san-sebastian\/\" \/>\n<meta property=\"og:locale\" content=\"sv_SE\" \/>\n<meta property=\"og:type\" content=\"article\" \/>\n<meta property=\"og:title\" content=\"Paradis f\u00f6r sportfiske p\u00e5 Madagaskar - Fiskedr\u00f6mmar p\u00e5 Nosy Be\" \/>\n<meta property=\"og:description\" content=\"Kap San Sebastian \u00e4r ett mytomspunnet resm\u00e5l f\u00f6r sportfiske som bjuder p\u00e5 of\u00f6rgl\u00f6mliga fighter. Tillg\u00e4nglig fr\u00e5n Nosy Mitsio.\" \/>\n<meta property=\"og:url\" content=\"https:\/\/nosyberevesdepeche.com\/sv\/fiske-madagaskar-kap-san-sebastian\/\" \/>\n<meta property=\"og:site_name\" content=\"Fiskedr\u00f6mmar p\u00e5 Nosy Be\" \/>\n<meta property=\"article:publisher\" content=\"https:\/\/www.facebook.com\/nosyberevesdepeche\" \/>\n<meta property=\"article:modified_time\" content=\"2026-02-05T04:13:33+00:00\" \/>\n<meta property=\"og:image\" content=\"https:\/\/nosyberevesdepeche.com\/wp-content\/uploads\/cap-san-sebastien-merou-scaled-e1747659694607.webp\" \/>\n\t<meta property=\"og:image:width\" content=\"2560\" \/>\n\t<meta property=\"og:image:height\" content=\"1440\" \/>\n\t<meta property=\"og:image:type\" content=\"image\/webp\" \/>\n<meta name=\"twitter:card\" content=\"summary_large_image\" \/>\n<script type=\"application\/ld+json\" class=\"yoast-schema-graph\">{\"@context\":\"https:\\\/\\\/schema.org\",\"@graph\":[{\"@type\":\"WebPage\",\"@id\":\"https:\\\/\\\/nosyberevesdepeche.com\\\/sv\\\/fiske-madagaskar-kap-san-sebastian\\\/\",\"url\":\"https:\\\/\\\/nosyberevesdepeche.com\\\/sv\\\/fiske-madagaskar-kap-san-sebastian\\\/\",\"name\":\"Paradis f\u00f6r sportfiske p\u00e5 Madagaskar - Fiskedr\u00f6mmar p\u00e5 Nosy Be\",\"isPartOf\":{\"@id\":\"https:\\\/\\\/nosyberevesdepeche.com\\\/sv\\\/#website\"},\"primaryImageOfPage\":{\"@id\":\"https:\\\/\\\/nosyberevesdepeche.com\\\/sv\\\/fiske-madagaskar-kap-san-sebastian\\\/#primaryimage\"},\"image\":{\"@id\":\"https:\\\/\\\/nosyberevesdepeche.com\\\/sv\\\/fiske-madagaskar-kap-san-sebastian\\\/#primaryimage\"},\"thumbnailUrl\":\"https:\\\/\\\/nosyberevesdepeche.com\\\/wp-content\\\/uploads\\\/cap-san-sebastien-merou-scaled-e1747659694607.webp\",\"datePublished\":\"2025-01-12T13:57:33+00:00\",\"dateModified\":\"2026-02-05T04:13:33+00:00\",\"description\":\"Kap San Sebastian \u00e4r ett mytomspunnet resm\u00e5l f\u00f6r sportfiske som bjuder p\u00e5 of\u00f6rgl\u00f6mliga fighter. Tillg\u00e4nglig fr\u00e5n Nosy Mitsio.\",\"breadcrumb\":{\"@id\":\"https:\\\/\\\/nosyberevesdepeche.com\\\/sv\\\/fiske-madagaskar-kap-san-sebastian\\\/#breadcrumb\"},\"inLanguage\":\"sv-SE\",\"potentialAction\":[{\"@type\":\"ReadAction\",\"target\":[\"https:\\\/\\\/nosyberevesdepeche.com\\\/sv\\\/fiske-madagaskar-kap-san-sebastian\\\/\"]}]},{\"@type\":\"ImageObject\",\"inLanguage\":\"sv-SE\",\"@id\":\"https:\\\/\\\/nosyberevesdepeche.com\\\/sv\\\/fiske-madagaskar-kap-san-sebastian\\\/#primaryimage\",\"url\":\"https:\\\/\\\/nosyberevesdepeche.com\\\/wp-content\\\/uploads\\\/cap-san-sebastien-merou-scaled-e1747659694607.webp\",\"contentUrl\":\"https:\\\/\\\/nosyberevesdepeche.com\\\/wp-content\\\/uploads\\\/cap-san-sebastien-merou-scaled-e1747659694607.webp\",\"width\":2560,\"height\":1440,\"caption\":\"Jigging och f\u00e5ngst av en bl\u00e5linje-grouper vid Kap San Sebastian, sedan \u00e5terutsatt som en del av ett ansvarsfullt fiske\"},{\"@type\":\"BreadcrumbList\",\"@id\":\"https:\\\/\\\/nosyberevesdepeche.com\\\/sv\\\/fiske-madagaskar-kap-san-sebastian\\\/#breadcrumb\",\"itemListElement\":[{\"@type\":\"ListItem\",\"position\":1,\"name\":\"Accueil\",\"item\":\"https:\\\/\\\/nosyberevesdepeche.com\\\/sv\\\/\"},{\"@type\":\"ListItem\",\"position\":2,\"name\":\"Kap San Sebastian\"}]},{\"@type\":\"WebSite\",\"@id\":\"https:\\\/\\\/nosyberevesdepeche.com\\\/sv\\\/#website\",\"url\":\"https:\\\/\\\/nosyberevesdepeche.com\\\/sv\\\/\",\"name\":\"Nosy Be R\u00eaves de P\u00eache\",\"description\":\"Sportfiske och big game fishing p\u00e5 Madagaskar, fr\u00e5n Nosy Be\",\"publisher\":{\"@id\":\"https:\\\/\\\/nosyberevesdepeche.com\\\/sv\\\/#organization\"},\"potentialAction\":[{\"@type\":\"SearchAction\",\"target\":{\"@type\":\"EntryPoint\",\"urlTemplate\":\"https:\\\/\\\/nosyberevesdepeche.com\\\/sv\\\/?s={search_term_string}\"},\"query-input\":{\"@type\":\"PropertyValueSpecification\",\"valueRequired\":true,\"valueName\":\"search_term_string\"}}],\"inLanguage\":\"sv-SE\"},{\"@type\":\"Organization\",\"@id\":\"https:\\\/\\\/nosyberevesdepeche.com\\\/sv\\\/#organization\",\"name\":\"Nosy Be R\u00eaves de P\u00eache\",\"url\":\"https:\\\/\\\/nosyberevesdepeche.com\\\/sv\\\/\",\"logo\":{\"@type\":\"ImageObject\",\"inLanguage\":\"sv-SE\",\"@id\":\"https:\\\/\\\/nosyberevesdepeche.com\\\/sv\\\/#\\\/schema\\\/logo\\\/image\\\/\",\"url\":\"https:\\\/\\\/nosyberevesdepeche.com\\\/wp-content\\\/uploads\\\/sejour-cap-san-sebastien.jpg\",\"contentUrl\":\"https:\\\/\\\/nosyberevesdepeche.com\\\/wp-content\\\/uploads\\\/sejour-cap-san-sebastien.jpg\",\"width\":2048,\"height\":1542,\"caption\":\"Nosy Be R\u00eaves de P\u00eache\"},\"image\":{\"@id\":\"https:\\\/\\\/nosyberevesdepeche.com\\\/sv\\\/#\\\/schema\\\/logo\\\/image\\\/\"},\"sameAs\":[\"https:\\\/\\\/www.facebook.com\\\/nosyberevesdepeche\",\"https:\\\/\\\/www.youtube.com\\\/@NosyBeRevesdePeche\",\"https:\\\/\\\/www.instagram.com\\\/nosyberevesdepeche\\\/\",\"https:\\\/\\\/www.tiktok.com\\\/@nosy_be_reves_de_peche\"]}]}<\/script>\n<!-- \/ Yoast SEO plugin. -->","yoast_head_json":{"title":"Paradis f\u00f6r sportfiske p\u00e5 Madagaskar - Fiskedr\u00f6mmar p\u00e5 Nosy Be","description":"Kap San Sebastian \u00e4r ett mytomspunnet resm\u00e5l f\u00f6r sportfiske som bjuder p\u00e5 of\u00f6rgl\u00f6mliga fighter. Tillg\u00e4nglig fr\u00e5n Nosy Mitsio.","robots":{"index":"index","follow":"follow","max-snippet":"max-snippet:-1","max-image-preview":"max-image-preview:large","max-video-preview":"max-video-preview:-1"},"canonical":"https:\/\/nosyberevesdepeche.com\/sv\/fiske-madagaskar-kap-san-sebastian\/","og_locale":"sv_SE","og_type":"article","og_title":"Paradis f\u00f6r sportfiske p\u00e5 Madagaskar - Fiskedr\u00f6mmar p\u00e5 Nosy Be","og_description":"Kap San Sebastian \u00e4r ett mytomspunnet resm\u00e5l f\u00f6r sportfiske som bjuder p\u00e5 of\u00f6rgl\u00f6mliga fighter. Tillg\u00e4nglig fr\u00e5n Nosy Mitsio.","og_url":"https:\/\/nosyberevesdepeche.com\/sv\/fiske-madagaskar-kap-san-sebastian\/","og_site_name":"Fiskedr\u00f6mmar p\u00e5 Nosy Be","article_publisher":"https:\/\/www.facebook.com\/nosyberevesdepeche","article_modified_time":"2026-02-05T04:13:33+00:00","og_image":[{"width":2560,"height":1440,"url":"https:\/\/nosyberevesdepeche.com\/wp-content\/uploads\/cap-san-sebastien-merou-scaled-e1747659694607.webp","type":"image\/webp"}],"twitter_card":"summary_large_image","schema":{"@context":"https:\/\/schema.org","@graph":[{"@type":"WebPage","@id":"https:\/\/nosyberevesdepeche.com\/sv\/fiske-madagaskar-kap-san-sebastian\/","url":"https:\/\/nosyberevesdepeche.com\/sv\/fiske-madagaskar-kap-san-sebastian\/","name":"Paradis f\u00f6r sportfiske p\u00e5 Madagaskar - Fiskedr\u00f6mmar p\u00e5 Nosy Be","isPartOf":{"@id":"https:\/\/nosyberevesdepeche.com\/sv\/#website"},"primaryImageOfPage":{"@id":"https:\/\/nosyberevesdepeche.com\/sv\/fiske-madagaskar-kap-san-sebastian\/#primaryimage"},"image":{"@id":"https:\/\/nosyberevesdepeche.com\/sv\/fiske-madagaskar-kap-san-sebastian\/#primaryimage"},"thumbnailUrl":"https:\/\/nosyberevesdepeche.com\/wp-content\/uploads\/cap-san-sebastien-merou-scaled-e1747659694607.webp","datePublished":"2025-01-12T13:57:33+00:00","dateModified":"2026-02-05T04:13:33+00:00","description":"Kap San Sebastian \u00e4r ett mytomspunnet resm\u00e5l f\u00f6r sportfiske som bjuder p\u00e5 of\u00f6rgl\u00f6mliga fighter. Tillg\u00e4nglig fr\u00e5n Nosy Mitsio.","breadcrumb":{"@id":"https:\/\/nosyberevesdepeche.com\/sv\/fiske-madagaskar-kap-san-sebastian\/#breadcrumb"},"inLanguage":"sv-SE","potentialAction":[{"@type":"ReadAction","target":["https:\/\/nosyberevesdepeche.com\/sv\/fiske-madagaskar-kap-san-sebastian\/"]}]},{"@type":"ImageObject","inLanguage":"sv-SE","@id":"https:\/\/nosyberevesdepeche.com\/sv\/fiske-madagaskar-kap-san-sebastian\/#primaryimage","url":"https:\/\/nosyberevesdepeche.com\/wp-content\/uploads\/cap-san-sebastien-merou-scaled-e1747659694607.webp","contentUrl":"https:\/\/nosyberevesdepeche.com\/wp-content\/uploads\/cap-san-sebastien-merou-scaled-e1747659694607.webp","width":2560,"height":1440,"caption":"Jigging och f\u00e5ngst av en bl\u00e5linje-grouper vid Kap San Sebastian, sedan \u00e5terutsatt som en del av ett ansvarsfullt fiske"},{"@type":"BreadcrumbList","@id":"https:\/\/nosyberevesdepeche.com\/sv\/fiske-madagaskar-kap-san-sebastian\/#breadcrumb","itemListElement":[{"@type":"ListItem","position":1,"name":"Accueil","item":"https:\/\/nosyberevesdepeche.com\/sv\/"},{"@type":"ListItem","position":2,"name":"Kap San Sebastian"}]},{"@type":"WebSite","@id":"https:\/\/nosyberevesdepeche.com\/sv\/#website","url":"https:\/\/nosyberevesdepeche.com\/sv\/","name":"Nosy Be R\u00eaves de P\u00eache","description":"Sportfiske och big game fishing p\u00e5 Madagaskar, fr\u00e5n Nosy Be","publisher":{"@id":"https:\/\/nosyberevesdepeche.com\/sv\/#organization"},"potentialAction":[{"@type":"SearchAction","target":{"@type":"EntryPoint","urlTemplate":"https:\/\/nosyberevesdepeche.com\/sv\/?s={search_term_string}"},"query-input":{"@type":"PropertyValueSpecification","valueRequired":true,"valueName":"search_term_string"}}],"inLanguage":"sv-SE"},{"@type":"Organization","@id":"https:\/\/nosyberevesdepeche.com\/sv\/#organization","name":"Nosy Be R\u00eaves de P\u00eache","url":"https:\/\/nosyberevesdepeche.com\/sv\/","logo":{"@type":"ImageObject","inLanguage":"sv-SE","@id":"https:\/\/nosyberevesdepeche.com\/sv\/#\/schema\/logo\/image\/","url":"https:\/\/nosyberevesdepeche.com\/wp-content\/uploads\/sejour-cap-san-sebastien.jpg","contentUrl":"https:\/\/nosyberevesdepeche.com\/wp-content\/uploads\/sejour-cap-san-sebastien.jpg","width":2048,"height":1542,"caption":"Nosy Be R\u00eaves de P\u00eache"},"image":{"@id":"https:\/\/nosyberevesdepeche.com\/sv\/#\/schema\/logo\/image\/"},"sameAs":["https:\/\/www.facebook.com\/nosyberevesdepeche","https:\/\/www.youtube.com\/@NosyBeRevesdePeche","https:\/\/www.instagram.com\/nosyberevesdepeche\/","https:\/\/www.tiktok.com\/@nosy_be_reves_de_peche"]}]}},"_links":{"self":[{"href":"https:\/\/nosyberevesdepeche.com\/sv\/wp-json\/wp\/v2\/pages\/8088","targetHints":{"allow":["GET"]}}],"collection":[{"href":"https:\/\/nosyberevesdepeche.com\/sv\/wp-json\/wp\/v2\/pages"}],"about":[{"href":"https:\/\/nosyberevesdepeche.com\/sv\/wp-json\/wp\/v2\/types\/page"}],"author":[{"embeddable":true,"href":"https:\/\/nosyberevesdepeche.com\/sv\/wp-json\/wp\/v2\/users\/1"}],"replies":[{"embeddable":true,"href":"https:\/\/nosyberevesdepeche.com\/sv\/wp-json\/wp\/v2\/comments?post=8088"}],"version-history":[{"count":40,"href":"https:\/\/nosyberevesdepeche.com\/sv\/wp-json\/wp\/v2\/pages\/8088\/revisions"}],"predecessor-version":[{"id":30416,"href":"https:\/\/nosyberevesdepeche.com\/sv\/wp-json\/wp\/v2\/pages\/8088\/revisions\/30416"}],"wp:featuredmedia":[{"embeddable":true,"href":"https:\/\/nosyberevesdepeche.com\/sv\/wp-json\/wp\/v2\/media\/17591"}],"wp:attachment":[{"href":"https:\/\/nosyberevesdepeche.com\/sv\/wp-json\/wp\/v2\/media?parent=8088"}],"curies":[{"name":"wp","href":"https:\/\/api.w.org\/{rel}","templated":true}]}}