{"id":31251,"date":"2026-03-03T18:14:19","date_gmt":"2026-03-03T17:14:19","guid":{"rendered":"https:\/\/nosyberevesdepeche.com\/fiske-madagascar-grand-castorbanken\/"},"modified":"2026-03-07T13:24:27","modified_gmt":"2026-03-07T12:24:27","slug":"fiske-madagascar-grand-castorbanken","status":"publish","type":"page","link":"https:\/\/nosyberevesdepeche.com\/sv\/fiske-madagascar-grand-castorbanken\/","title":{"rendered":"Grand Castorbanken"},"content":{"rendered":"\t\t<div data-elementor-type=\"wp-page\" data-elementor-id=\"31251\" class=\"elementor elementor-31251 elementor-31018\" data-elementor-post-type=\"page\">\n\t\t\t\t<div class=\"elementor-element elementor-element-0626579 animated-slow e-flex e-con-boxed elementor-invisible e-con e-parent\" data-id=\"0626579\" data-element_type=\"container\" data-e-type=\"container\" data-settings=\"{&quot;animation&quot;:&quot;fadeIn&quot;}\">\n\t\t\t\t\t<div class=\"e-con-inner\">\n\t\t\t\t<div class=\"elementor-element elementor-element-f6ce42e elementor-widget__width-inherit elementor-widget-mobile__width-inherit elementor-widget elementor-widget-heading\" data-id=\"f6ce42e\" data-element_type=\"widget\" data-e-type=\"widget\" data-widget_type=\"heading.default\">\n\t\t\t\t<div class=\"elementor-widget-container\">\n\t\t\t\t\t<h1 class=\"elementor-heading-title elementor-size-default\">Fiske i Nosy Be : den ber\u00f6mda Grand Castorbanken<\/h1>\t\t\t\t<\/div>\n\t\t\t\t<\/div>\n\t\t\t\t\t<\/div>\n\t\t\t\t<\/div>\n\t\t<div class=\"elementor-element elementor-element-e359e35 e-flex e-con-boxed elementor-invisible e-con e-parent\" data-id=\"e359e35\" data-element_type=\"container\" data-e-type=\"container\" data-settings=\"{&quot;animation&quot;:&quot;fadeIn&quot;}\">\n\t\t\t\t\t<div class=\"e-con-inner\">\n\t\t\t\t<div class=\"elementor-element elementor-element-4f953a9 elementor-widget elementor-widget-shortcode\" data-id=\"4f953a9\" data-element_type=\"widget\" data-e-type=\"widget\" data-widget_type=\"shortcode.default\">\n\t\t\t\t<div class=\"elementor-widget-container\">\n\t\t\t\t\t\t\t<div class=\"elementor-shortcode\">\n\t\t\t\t<p class=\"rs-p-wp-fix\"><\/p>\n\t\t\t\t<sr7-module data-alias=\"grand-castor-clean-news-slider-1\" data-id=\"195\" id=\"SR7_195_1\" class=\"rs-ov-hidden\" data-version=\"6.7.41\">\n\t\t\t\t\t<sr7-adjuster><\/sr7-adjuster>\n\t\t\t\t\t<sr7-content>\n\t\t\t\t\t\t<sr7-slide id=\"SR7_195_1-2241\" data-key=\"2241\">\n\t\t\t\t\t\t\t<sr7-bg id=\"SR7_195_1-2241-5\" class=\"sr7-layer\"><noscript><img decoding=\"async\" src=\"https:\/\/nosyberevesdepeche.com\/wp-content\/uploads\/peche-nosy-be-banc-grand-castor-carangue-gt-1.jpeg\" alt=\"P\u00eache au gros au Banc du Grand Castor depuis Nosy Be, Madagascar\" title=\"Banc du Grand Castor depuis Nosy Be\"><\/noscript><\/sr7-bg>\n\t\t\t\t\t\t\t<h2 id=\"SR7_195_1-2241-2\" class=\"sr7-layer\">Fiskeomr\u00e5det<\/h2>\n\t\t\t\t\t\t\t<p id=\"SR7_195_1-2241-3\" class=\"sr7-layer\">Sj\u00e4lvklart Grand Castor<\/p>\n\t\t\t\t\t\t\t<p id=\"SR7_195_1-2241-4\" class=\"sr7-layer\">Bel\u00e4gen cirka tv\u00e5 timmars snabb navigation fr\u00e5n Nosy Be \u00e4r Grand Castorbanken ett isolerat grund i nordv\u00e4stra Madagascar, k\u00e4nt f\u00f6r sportfiske. Omr\u00e5det v\u00e4xlar mellan grunda zoner och markerade strukturer, vilket skapar gynnsamma f\u00f6rh\u00e5llanden f\u00f6r en regelbunden n\u00e4rvaro av stora tropiska rovfiskar. Ett kr\u00e4vande och tekniskt omr\u00e5de, Grand Castorbanken riktar sig till fiskare som s\u00f6ker kraftfulla fighter i ett av regionens mest intressanta offshoreomr\u00e5den.<\/p>\n\t\t\t\t\t\t<\/sr7-slide>\n\t\t\t\t\t\t<sr7-slide id=\"SR7_195_1-2243\" data-key=\"2243\">\n\t\t\t\t\t\t\t<sr7-bg id=\"SR7_195_1-2243-5\" class=\"sr7-layer\"><noscript><img decoding=\"async\" src=\"https:\/\/nosyberevesdepeche.com\/wp-content\/uploads\/peche-nosy-be-banc-grand-castor-thon-jaune.jpg\" alt=\"P\u00eache au gros depuis Nosy be au Banc du Grand Castor : thon jaune\" title=\"peche-nosy-be-banc-grand-castor-thon-jaune\"><\/noscript><\/sr7-bg>\n\t\t\t\t\t\t\t<h2 id=\"SR7_195_1-2243-2\" class=\"sr7-layer\">Jagande gulfenad tonfisk<\/h2>\n\t\t\t\t\t\t\t<p id=\"SR7_195_1-2243-3\" class=\"sr7-layer\">Sj\u00e4lvklart Grand Castor<\/p>\n\t\t\t\t\t\t\t<p id=\"SR7_195_1-2243-4\" class=\"sr7-layer\">\u00e4r vanliga i omr\u00e5det och erbjuder spektakul\u00e4ra m\u00f6jligheter till poppingfiske. De kr\u00e4ver dock stor reaktionsf\u00f6rm\u00e5ga : att uppt\u00e4cka jakten p\u00e5 avst\u00e5nd, f\u00f6rutse dess r\u00f6relser och placera b\u00e5ten vid r\u00e4tt \u00f6gonblick och p\u00e5 r\u00e4tt plats. I dessa situationer g\u00f6r expertisen hos Jean-Claude, v\u00e5r skipper, hela skillnaden.<\/p>\n\t\t\t\t\t\t<\/sr7-slide>\n\t\t\t\t\t\t<sr7-slide id=\"SR7_195_1-2242\" data-key=\"2242\">\n\t\t\t\t\t\t\t<sr7-bg id=\"SR7_195_1-2242-5\" class=\"sr7-layer\"><noscript><img decoding=\"async\" src=\"https:\/\/nosyberevesdepeche.com\/wp-content\/uploads\/peche-madagascar-banc-grand-castor-carangue-gt-4-1-e1772642366304.webp\" alt=\"P\u00eache au gros depuis Nosy be au Banc du Grand Castor : carangue GT au popper\" title=\"P\u00eache au gros depuis Nosy Be\"><\/noscript><\/sr7-bg>\n\t\t\t\t\t\t\t<h2 id=\"SR7_195_1-2242-2\" class=\"sr7-layer\">Unika m\u00f6jligheter<\/h2>\n\t\t\t\t\t\t\t<p id=\"SR7_195_1-2242-3\" class=\"sr7-layer\">Sj\u00e4lvklart Grand Castor<\/p>\n\t\t\t\t\t\t\t<p id=\"SR7_195_1-2242-4\" class=\"sr7-layer\">att f\u00e5nga ikoniska arter : j\u00e4ttetrevally, hundtandstonfisk, gulfenad tonfisk, segelfisk, amberjack, kungsmakrill, barracuda och sportfiskarnas heliga graal, den svarta marlinen.<\/p>\n\t\t\t\t\t\t<\/sr7-slide>\n\t\t\t\t\t\t<sr7-slide id=\"SR7_195_1-2244\" data-key=\"2244\">\n\t\t\t\t\t\t\t<sr7-bg id=\"SR7_195_1-2244-5\" class=\"sr7-layer\"><noscript><img decoding=\"async\" src=\"https:\/\/nosyberevesdepeche.com\/wp-content\/uploads\/peche-nosy-be-banc-grand-castor-merou.jpg\" alt=\"P\u00eache au gros depuis Nosy be au Banc du Grand Castor : m\u00e9rou\" title=\"peche-nosy-be-banc-grand-castor-merou\"><\/noscript><\/sr7-bg>\n\t\t\t\t\t\t\t<h2 id=\"SR7_195_1-2244-2\" class=\"sr7-layer\">Jiggfiske, en mycket effektiv teknik <\/h2>\n\t\t\t\t\t\t\t<p id=\"SR7_195_1-2244-3\" class=\"sr7-layer\">Sj\u00e4lvklart Grand Castor<\/p>\n\t\t\t\t\t\t\t<p id=\"SR7_195_1-2244-4\" class=\"sr7-layer\">f\u00f6r att f\u00e5nga en stor variation av arter. Speed jigging, fysiskt kr\u00e4vande och tekniskt, eller slow jigging, mer tillg\u00e4ngligt och mindre anstr\u00e4ngande, ger n\u00e4stan alltid utm\u00e4rkta resultat f\u00f6r sportfiske p\u00e5 Grand Castorbanken.<\/p>\n\t\t\t\t\t\t<\/sr7-slide>\n\t\t\t\t\t\t<sr7-slide id=\"SR7_195_1-2245\" data-key=\"2245\">\n\t\t\t\t\t\t\t<sr7-bg id=\"SR7_195_1-2245-5\" class=\"sr7-layer\"><noscript><img decoding=\"async\" src=\"https:\/\/nosyberevesdepeche.com\/wp-content\/uploads\/peche-nosy-be-banc-grand-castor-carangue-gt-2.webp\" alt=\"P\u00eache au gros depuis Nosy be au Banc du Grand Castor : carangue gt au jig\" title=\"peche-nosy-be-banc-grand-castor-carangue-gt-2\"><\/noscript><\/sr7-bg>\n\t\t\t\t\t\t\t<h2 id=\"SR7_195_1-2245-2\" class=\"sr7-layer\">Ytbeten<\/h2>\n\t\t\t\t\t\t\t<p id=\"SR7_195_1-2245-3\" class=\"sr7-layer\">Sj\u00e4lvklart Grand Castor<\/p>\n\t\t\t\t\t\t\t<p id=\"SR7_195_1-2245-4\" class=\"sr7-layer\">som poppers, stickbaits eller shibuki utl\u00f6ser ofta attacker fr\u00e5n stora exemplar. Att beh\u00e4rska kastfiske \u00e4r d\u00e4rf\u00f6r en stor f\u00f6rdel f\u00f6r att f\u00e5nga de st\u00f6rsta GT, wahoo och barracudor.<\/p>\n\t\t\t\t\t\t<\/sr7-slide>\n\t\t\t\t\t\t<sr7-slide id=\"SR7_195_1-2246\" data-key=\"2246\">\n\t\t\t\t\t\t\t<sr7-bg id=\"SR7_195_1-2246-5\" class=\"sr7-layer\"><noscript><img decoding=\"async\" src=\"https:\/\/nosyberevesdepeche.com\/wp-content\/uploads\/peche-nosy-be-banc-du-grand-castor-groupe-e1772704957910.jpg\" alt=\"P\u00eache au gros depuis Nosy be au Banc du Grand Castor : carangue gt et requin\" title=\"peche-nosy-be-banc-du-grand-castor-groupe\"><\/noscript><\/sr7-bg>\n\t\t\t\t\t\t\t<h2 id=\"SR7_195_1-2246-2\" class=\"sr7-layer\">Sportfiske<\/h2>\n\t\t\t\t\t\t\t<p id=\"SR7_195_1-2246-3\" class=\"sr7-layer\">Sj\u00e4lvklart Grand Castor<\/p>\n\t\t\t\t\t\t\t<p id=\"SR7_195_1-2246-4\" class=\"sr7-layer\">ut\u00f6vas ofta i grupp, bland v\u00e4nner eller enskilda fiskare som m\u00f6ts. Det \u00e4r en sport d\u00e4r fair play och god st\u00e4mning \u00e4r sj\u00e4lvklara.<\/p>\n\t\t\t\t\t\t<\/sr7-slide>\n\t\t\t\t\t\t<sr7-slide id=\"SR7_195_1-2253\" data-key=\"2253\">\n\t\t\t\t\t\t<\/sr7-slide>\n\t\t\t\t\t<\/sr7-content>\n\t\t\t\t\t<image_lists style=\"display:none\">\n\t\t\t\t\t\t<img data-src=\"\/\/nosyberevesdepeche.com\/wp-content\/uploads\/peche-nosy-be-banc-grand-castor-carangue-gt-1.jpeg\" data-libid=\"31096\" data-lib=\"medialibrary\" alt=\"P\u00eache au gros au Banc du Grand Castor depuis Nosy Be, Madagascar\" title=\"Banc du Grand Castor depuis Nosy Be\" width=\"0\" height=\"0\" data-dbsrc=\"Ly9ub3N5YmVyZXZlc2RlcGVjaGUuY29tL3dwLWNvbnRlbnQvdXBsb2Fkcy9wZWNoZS1ub3N5LWJlLWJhbmMtZ3JhbmQtY2FzdG9yLWNhcmFuZ3VlLWd0LTEuanBlZw==\"\/>\n\t\t\t\t\t\t<img data-src=\"\/\/nosyberevesdepeche.com\/wp-content\/uploads\/peche-madagascar-banc-grand-castor-carangue-gt-4-1-e1772642366304.webp\" data-libid=\"31088\" data-lib=\"medialibrary\" alt=\"P\u00eache au gros depuis Nosy be au Banc du Grand Castor : carangue GT au popper\" title=\"P\u00eache au gros depuis Nosy Be\" width=\"0\" height=\"0\" data-dbsrc=\"Ly9ub3N5YmVyZXZlc2RlcGVjaGUuY29tL3dwLWNvbnRlbnQvdXBsb2Fkcy9wZWNoZS1tYWRhZ2FzY2FyLWJhbmMtZ3JhbmQtY2FzdG9yLWNhcmFuZ3VlLWd0LTQtMS1lMTc3MjY0MjM2NjMwNC53ZWJw\"\/>\n\t\t\t\t\t\t<img data-src=\"\/\/nosyberevesdepeche.com\/wp-content\/uploads\/peche-nosy-be-banc-grand-castor-thon-jaune.jpg\" data-libid=\"31080\" data-lib=\"medialibrary\" alt=\"P\u00eache au gros depuis Nosy be au Banc du Grand Castor : thon jaune\" title=\"peche-nosy-be-banc-grand-castor-thon-jaune\" width=\"0\" height=\"0\" data-dbsrc=\"Ly9ub3N5YmVyZXZlc2RlcGVjaGUuY29tL3dwLWNvbnRlbnQvdXBsb2Fkcy9wZWNoZS1ub3N5LWJlLWJhbmMtZ3JhbmQtY2FzdG9yLXRob24tamF1bmUuanBn\"\/>\n\t\t\t\t\t\t<img loading=\"lazy\" data-src=\"\/\/nosyberevesdepeche.com\/wp-content\/uploads\/peche-nosy-be-banc-grand-castor-merou.jpg\" data-libid=\"31144\" data-lib=\"medialibrary\" alt=\"P\u00eache au gros depuis Nosy be au Banc du Grand Castor : m\u00e9rou\" title=\"peche-nosy-be-banc-grand-castor-merou\" width=\"0\" height=\"0\" data-dbsrc=\"Ly9ub3N5YmVyZXZlc2RlcGVjaGUuY29tL3dwLWNvbnRlbnQvdXBsb2Fkcy9wZWNoZS1ub3N5LWJlLWJhbmMtZ3JhbmQtY2FzdG9yLW1lcm91LmpwZw==\"\/>\n\t\t\t\t\t\t<img loading=\"lazy\" data-src=\"\/\/nosyberevesdepeche.com\/wp-content\/uploads\/peche-nosy-be-banc-du-grand-castor-groupe-e1772704957910.jpg\" data-libid=\"31184\" data-lib=\"medialibrary\" alt=\"P\u00eache au gros depuis Nosy be au Banc du Grand Castor : carangue gt et requin\" title=\"peche-nosy-be-banc-du-grand-castor-groupe\" width=\"0\" height=\"0\" data-dbsrc=\"Ly9ub3N5YmVyZXZlc2RlcGVjaGUuY29tL3dwLWNvbnRlbnQvdXBsb2Fkcy9wZWNoZS1ub3N5LWJlLWJhbmMtZHUtZ3JhbmQtY2FzdG9yLWdyb3VwZS1lMTc3MjcwNDk1NzkxMC5qcGc=\"\/>\n\t\t\t\t\t\t<img loading=\"lazy\" data-src=\"\/\/nosyberevesdepeche.com\/wp-content\/uploads\/peche-nosy-be-banc-grand-castor-carangue-gt-2.webp\" data-libid=\"31160\" data-lib=\"medialibrary\" alt=\"P\u00eache au gros depuis Nosy be au Banc du Grand Castor : carangue gt au jig\" title=\"peche-nosy-be-banc-grand-castor-carangue-gt-2\" width=\"0\" height=\"0\" data-dbsrc=\"Ly9ub3N5YmVyZXZlc2RlcGVjaGUuY29tL3dwLWNvbnRlbnQvdXBsb2Fkcy9wZWNoZS1ub3N5LWJlLWJhbmMtZ3JhbmQtY2FzdG9yLWNhcmFuZ3VlLWd0LTIud2VicA==\"\/>\n\t\t\t\t\t\t<img loading=\"lazy\" data-src=\"\/\/nosyberevesdepeche.com\/wp-content\/uploads\/peche-nosy-be-banc-grand-castor-thon-jaune-vignette.webp\" data-libid=\"31120\" data-lib=\"medialibrary\" title=\"peche-nosy-be-banc-grand-castor-thon-jaune-vignette\" width=\"0\" height=\"0\" data-dbsrc=\"Ly9ub3N5YmVyZXZlc2RlcGVjaGUuY29tL3dwLWNvbnRlbnQvdXBsb2Fkcy9wZWNoZS1ub3N5LWJlLWJhbmMtZ3JhbmQtY2FzdG9yLXRob24tamF1bmUtdmlnbmV0dGUud2VicA==\"\/>\n\t\t\t\t\t<\/image_lists>\n\t\t\t\t<\/sr7-module>\n\t\t\t\t<script>\n\t\t\t\t\tSR7.PMH ??={}; SR7.PMH[\"SR7_195_1\"] = {cn:100,state:false,fn: function() { if (_tpt!==undefined && _tpt.prepareModuleHeight !== undefined) {  _tpt.prepareModuleHeight({id:\"SR7_195_1\",el:[800,800,700,600,450],type:'standard',shdw:'0',gh:[800,800,700,600,450],gw:[1200,1200,1024,778,480],vpt:['-100px&#039;,&#039;-100px&#039;,&#039;-100px&#039;,&#039;-100px&#039;,&#039;-100px'],size:{fullWidth:true, fullHeight:false},mh:'0',onh:0,onw:98,bg:{color:'{\"orig\":\"transparent\",\"type\":\"solid\",\"string\":\"transparent\"}'},plType:'-1',plColor:'#FFFFFF'});   SR7.PMH[\"SR7_195_1\"].state=true;} else if(SR7.PMH[\"SR7_195_1\"].cn-->0)\tsetTimeout( SR7.PMH[\"SR7_195_1\"].fn,19);}};SR7.PMH[\"SR7_195_1\" ].fn();\n\t\t\t\t<\/script>\n<\/div>\n\t\t\t\t\t\t<\/div>\n\t\t\t\t<\/div>\n\t\t\t\t\t<\/div>\n\t\t\t\t<\/div>\n\t\t<div class=\"elementor-element elementor-element-e1cf234 e-flex e-con-boxed elementor-invisible e-con e-parent\" data-id=\"e1cf234\" data-element_type=\"container\" data-e-type=\"container\" data-settings=\"{&quot;animation&quot;:&quot;slideInUp&quot;,&quot;animation_delay&quot;:200}\">\n\t\t\t\t\t<div class=\"e-con-inner\">\n\t\t\t\t<div class=\"elementor-element elementor-element-1c494d7 elementor-widget elementor-widget-text-editor\" data-id=\"1c494d7\" data-element_type=\"widget\" data-e-type=\"widget\" data-widget_type=\"text-editor.default\">\n\t\t\t\t<div class=\"elementor-widget-container\">\n\t\t\t\t\t\t\t\t\t<p>Grand Castorbanken \u00e4r fortfarande en mycket produktiv plats, med mycket aktivitet och stor variation av fiskarter.<\/p><p>Den \u00e4r tillg\u00e4nglig fr\u00e5n Nosy Be under <a href=\"https:\/\/nosyberevesdepeche.com\/sv\/fiske-heldag-nosy-be\/\">fiskedagsturer<\/a>, men \u00e4ven fr\u00e5n Nosy Mitsio under <a href=\"https:\/\/nosyberevesdepeche.com\/sv\/fiske-madagaskar-nosy-mitsio\/\">vistelser<\/a>, och utg\u00f6r den f\u00f6rsta etappen av v\u00e5r <a href=\"https:\/\/nosyberevesdepeche.com\/sv\/fiske-nosy-be-katamaran\/\">Havsexpedition<\/a> med katamaran.<\/p>\t\t\t\t\t\t\t\t<\/div>\n\t\t\t\t<\/div>\n\t\t\t\t\t<\/div>\n\t\t\t\t<\/div>\n\t\t\t\t<\/div>\n\t\t","protected":false},"excerpt":{"rendered":"<p>Fiske i Nosy Be : den ber\u00f6mda Grand Castorbanken Grand Castorbanken \u00e4r fortfarande en mycket produktiv plats, med mycket aktivitet och stor variation av fiskarter. Den \u00e4r tillg\u00e4nglig fr\u00e5n Nosy&#8230;<\/p>\n","protected":false},"author":1,"featured_media":0,"parent":0,"menu_order":0,"comment_status":"closed","ping_status":"closed","template":"elementor_header_footer","meta":{"footnotes":""},"class_list":["post-31251","page","type-page","status-publish"],"yoast_head":"<!-- This site is optimized with the Yoast SEO plugin v27.4 - https:\/\/yoast.com\/product\/yoast-seo-wordpress\/ -->\n<title>Fiske Nosy Be : Grand Castorbanken, Madagascar - Fiskedr\u00f6mmar p\u00e5 Nosy Be<\/title>\n<meta name=\"description\" content=\"Fiske fr\u00e5n Nosy Be i Madagascar till Grand Castorbanken, ett extremt fiske efter GT och dogtooth tuna.\" \/>\n<meta name=\"robots\" content=\"index, follow, max-snippet:-1, max-image-preview:large, max-video-preview:-1\" \/>\n<link rel=\"canonical\" href=\"https:\/\/nosyberevesdepeche.com\/sv\/fiske-madagascar-grand-castorbanken\/\" \/>\n<meta property=\"og:locale\" content=\"sv_SE\" \/>\n<meta property=\"og:type\" content=\"article\" \/>\n<meta property=\"og:title\" content=\"Fiske Nosy Be : Grand Castorbanken, Madagascar - Fiskedr\u00f6mmar p\u00e5 Nosy Be\" \/>\n<meta property=\"og:description\" content=\"Fiske fr\u00e5n Nosy Be i Madagascar till Grand Castorbanken, ett extremt fiske efter GT och dogtooth tuna.\" \/>\n<meta property=\"og:url\" content=\"https:\/\/nosyberevesdepeche.com\/sv\/fiske-madagascar-grand-castorbanken\/\" \/>\n<meta property=\"og:site_name\" content=\"Fiskedr\u00f6mmar p\u00e5 Nosy Be\" \/>\n<meta property=\"article:publisher\" content=\"https:\/\/www.facebook.com\/nosyberevesdepeche\" \/>\n<meta property=\"article:modified_time\" content=\"2026-03-07T12:24:27+00:00\" \/>\n<meta property=\"og:image\" content=\"https:\/\/nosyberevesdepeche.com\/wp-content\/uploads\/sejour-cap-san-sebastien.jpg\" \/>\n\t<meta property=\"og:image:width\" content=\"2048\" \/>\n\t<meta property=\"og:image:height\" content=\"1542\" \/>\n\t<meta property=\"og:image:type\" content=\"image\/jpeg\" \/>\n<meta name=\"twitter:card\" content=\"summary_large_image\" \/>\n<script type=\"application\/ld+json\" class=\"yoast-schema-graph\">{\"@context\":\"https:\\\/\\\/schema.org\",\"@graph\":[{\"@type\":\"WebPage\",\"@id\":\"https:\\\/\\\/nosyberevesdepeche.com\\\/sv\\\/fiske-madagascar-grand-castorbanken\\\/\",\"url\":\"https:\\\/\\\/nosyberevesdepeche.com\\\/sv\\\/fiske-madagascar-grand-castorbanken\\\/\",\"name\":\"Fiske Nosy Be : Grand Castorbanken, Madagascar - Fiskedr\u00f6mmar p\u00e5 Nosy Be\",\"isPartOf\":{\"@id\":\"https:\\\/\\\/nosyberevesdepeche.com\\\/sv\\\/#website\"},\"datePublished\":\"2026-03-03T17:14:19+00:00\",\"dateModified\":\"2026-03-07T12:24:27+00:00\",\"description\":\"Fiske fr\u00e5n Nosy Be i Madagascar till Grand Castorbanken, ett extremt fiske efter GT och dogtooth tuna.\",\"breadcrumb\":{\"@id\":\"https:\\\/\\\/nosyberevesdepeche.com\\\/sv\\\/fiske-madagascar-grand-castorbanken\\\/#breadcrumb\"},\"inLanguage\":\"sv-SE\",\"potentialAction\":[{\"@type\":\"ReadAction\",\"target\":[\"https:\\\/\\\/nosyberevesdepeche.com\\\/sv\\\/fiske-madagascar-grand-castorbanken\\\/\"]}]},{\"@type\":\"BreadcrumbList\",\"@id\":\"https:\\\/\\\/nosyberevesdepeche.com\\\/sv\\\/fiske-madagascar-grand-castorbanken\\\/#breadcrumb\",\"itemListElement\":[{\"@type\":\"ListItem\",\"position\":1,\"name\":\"Accueil\",\"item\":\"https:\\\/\\\/nosyberevesdepeche.com\\\/sv\\\/\"},{\"@type\":\"ListItem\",\"position\":2,\"name\":\"Grand Castorbanken\"}]},{\"@type\":\"WebSite\",\"@id\":\"https:\\\/\\\/nosyberevesdepeche.com\\\/sv\\\/#website\",\"url\":\"https:\\\/\\\/nosyberevesdepeche.com\\\/sv\\\/\",\"name\":\"Nosy Be R\u00eaves de P\u00eache\",\"description\":\"Sportfiske och big game fishing p\u00e5 Madagaskar, fr\u00e5n Nosy Be\",\"publisher\":{\"@id\":\"https:\\\/\\\/nosyberevesdepeche.com\\\/sv\\\/#organization\"},\"potentialAction\":[{\"@type\":\"SearchAction\",\"target\":{\"@type\":\"EntryPoint\",\"urlTemplate\":\"https:\\\/\\\/nosyberevesdepeche.com\\\/sv\\\/?s={search_term_string}\"},\"query-input\":{\"@type\":\"PropertyValueSpecification\",\"valueRequired\":true,\"valueName\":\"search_term_string\"}}],\"inLanguage\":\"sv-SE\"},{\"@type\":\"Organization\",\"@id\":\"https:\\\/\\\/nosyberevesdepeche.com\\\/sv\\\/#organization\",\"name\":\"Nosy Be R\u00eaves de P\u00eache\",\"url\":\"https:\\\/\\\/nosyberevesdepeche.com\\\/sv\\\/\",\"logo\":{\"@type\":\"ImageObject\",\"inLanguage\":\"sv-SE\",\"@id\":\"https:\\\/\\\/nosyberevesdepeche.com\\\/sv\\\/#\\\/schema\\\/logo\\\/image\\\/\",\"url\":\"https:\\\/\\\/nosyberevesdepeche.com\\\/wp-content\\\/uploads\\\/sejour-cap-san-sebastien.jpg\",\"contentUrl\":\"https:\\\/\\\/nosyberevesdepeche.com\\\/wp-content\\\/uploads\\\/sejour-cap-san-sebastien.jpg\",\"width\":2048,\"height\":1542,\"caption\":\"Nosy Be R\u00eaves de P\u00eache\"},\"image\":{\"@id\":\"https:\\\/\\\/nosyberevesdepeche.com\\\/sv\\\/#\\\/schema\\\/logo\\\/image\\\/\"},\"sameAs\":[\"https:\\\/\\\/www.facebook.com\\\/nosyberevesdepeche\",\"https:\\\/\\\/www.youtube.com\\\/@NosyBeRevesdePeche\",\"https:\\\/\\\/www.instagram.com\\\/nosyberevesdepeche\\\/\",\"https:\\\/\\\/www.tiktok.com\\\/@nosy_be_reves_de_peche\"]}]}<\/script>\n<!-- \/ Yoast SEO plugin. -->","yoast_head_json":{"title":"Fiske Nosy Be : Grand Castorbanken, Madagascar - Fiskedr\u00f6mmar p\u00e5 Nosy Be","description":"Fiske fr\u00e5n Nosy Be i Madagascar till Grand Castorbanken, ett extremt fiske efter GT och dogtooth tuna.","robots":{"index":"index","follow":"follow","max-snippet":"max-snippet:-1","max-image-preview":"max-image-preview:large","max-video-preview":"max-video-preview:-1"},"canonical":"https:\/\/nosyberevesdepeche.com\/sv\/fiske-madagascar-grand-castorbanken\/","og_locale":"sv_SE","og_type":"article","og_title":"Fiske Nosy Be : Grand Castorbanken, Madagascar - Fiskedr\u00f6mmar p\u00e5 Nosy Be","og_description":"Fiske fr\u00e5n Nosy Be i Madagascar till Grand Castorbanken, ett extremt fiske efter GT och dogtooth tuna.","og_url":"https:\/\/nosyberevesdepeche.com\/sv\/fiske-madagascar-grand-castorbanken\/","og_site_name":"Fiskedr\u00f6mmar p\u00e5 Nosy Be","article_publisher":"https:\/\/www.facebook.com\/nosyberevesdepeche","article_modified_time":"2026-03-07T12:24:27+00:00","og_image":[{"width":2048,"height":1542,"url":"https:\/\/nosyberevesdepeche.com\/wp-content\/uploads\/sejour-cap-san-sebastien.jpg","type":"image\/jpeg"}],"twitter_card":"summary_large_image","schema":{"@context":"https:\/\/schema.org","@graph":[{"@type":"WebPage","@id":"https:\/\/nosyberevesdepeche.com\/sv\/fiske-madagascar-grand-castorbanken\/","url":"https:\/\/nosyberevesdepeche.com\/sv\/fiske-madagascar-grand-castorbanken\/","name":"Fiske Nosy Be : Grand Castorbanken, Madagascar - Fiskedr\u00f6mmar p\u00e5 Nosy Be","isPartOf":{"@id":"https:\/\/nosyberevesdepeche.com\/sv\/#website"},"datePublished":"2026-03-03T17:14:19+00:00","dateModified":"2026-03-07T12:24:27+00:00","description":"Fiske fr\u00e5n Nosy Be i Madagascar till Grand Castorbanken, ett extremt fiske efter GT och dogtooth tuna.","breadcrumb":{"@id":"https:\/\/nosyberevesdepeche.com\/sv\/fiske-madagascar-grand-castorbanken\/#breadcrumb"},"inLanguage":"sv-SE","potentialAction":[{"@type":"ReadAction","target":["https:\/\/nosyberevesdepeche.com\/sv\/fiske-madagascar-grand-castorbanken\/"]}]},{"@type":"BreadcrumbList","@id":"https:\/\/nosyberevesdepeche.com\/sv\/fiske-madagascar-grand-castorbanken\/#breadcrumb","itemListElement":[{"@type":"ListItem","position":1,"name":"Accueil","item":"https:\/\/nosyberevesdepeche.com\/sv\/"},{"@type":"ListItem","position":2,"name":"Grand Castorbanken"}]},{"@type":"WebSite","@id":"https:\/\/nosyberevesdepeche.com\/sv\/#website","url":"https:\/\/nosyberevesdepeche.com\/sv\/","name":"Nosy Be R\u00eaves de P\u00eache","description":"Sportfiske och big game fishing p\u00e5 Madagaskar, fr\u00e5n Nosy Be","publisher":{"@id":"https:\/\/nosyberevesdepeche.com\/sv\/#organization"},"potentialAction":[{"@type":"SearchAction","target":{"@type":"EntryPoint","urlTemplate":"https:\/\/nosyberevesdepeche.com\/sv\/?s={search_term_string}"},"query-input":{"@type":"PropertyValueSpecification","valueRequired":true,"valueName":"search_term_string"}}],"inLanguage":"sv-SE"},{"@type":"Organization","@id":"https:\/\/nosyberevesdepeche.com\/sv\/#organization","name":"Nosy Be R\u00eaves de P\u00eache","url":"https:\/\/nosyberevesdepeche.com\/sv\/","logo":{"@type":"ImageObject","inLanguage":"sv-SE","@id":"https:\/\/nosyberevesdepeche.com\/sv\/#\/schema\/logo\/image\/","url":"https:\/\/nosyberevesdepeche.com\/wp-content\/uploads\/sejour-cap-san-sebastien.jpg","contentUrl":"https:\/\/nosyberevesdepeche.com\/wp-content\/uploads\/sejour-cap-san-sebastien.jpg","width":2048,"height":1542,"caption":"Nosy Be R\u00eaves de P\u00eache"},"image":{"@id":"https:\/\/nosyberevesdepeche.com\/sv\/#\/schema\/logo\/image\/"},"sameAs":["https:\/\/www.facebook.com\/nosyberevesdepeche","https:\/\/www.youtube.com\/@NosyBeRevesdePeche","https:\/\/www.instagram.com\/nosyberevesdepeche\/","https:\/\/www.tiktok.com\/@nosy_be_reves_de_peche"]}]}},"_links":{"self":[{"href":"https:\/\/nosyberevesdepeche.com\/sv\/wp-json\/wp\/v2\/pages\/31251","targetHints":{"allow":["GET"]}}],"collection":[{"href":"https:\/\/nosyberevesdepeche.com\/sv\/wp-json\/wp\/v2\/pages"}],"about":[{"href":"https:\/\/nosyberevesdepeche.com\/sv\/wp-json\/wp\/v2\/types\/page"}],"author":[{"embeddable":true,"href":"https:\/\/nosyberevesdepeche.com\/sv\/wp-json\/wp\/v2\/users\/1"}],"replies":[{"embeddable":true,"href":"https:\/\/nosyberevesdepeche.com\/sv\/wp-json\/wp\/v2\/comments?post=31251"}],"version-history":[{"count":1,"href":"https:\/\/nosyberevesdepeche.com\/sv\/wp-json\/wp\/v2\/pages\/31251\/revisions"}],"predecessor-version":[{"id":31252,"href":"https:\/\/nosyberevesdepeche.com\/sv\/wp-json\/wp\/v2\/pages\/31251\/revisions\/31252"}],"wp:attachment":[{"href":"https:\/\/nosyberevesdepeche.com\/sv\/wp-json\/wp\/v2\/media?parent=31251"}],"curies":[{"name":"wp","href":"https:\/\/api.w.org\/{rel}","templated":true}]}}