{"id":13261,"date":"2025-02-08T18:40:53","date_gmt":"2025-02-08T17:40:53","guid":{"rendered":"https:\/\/nosyberevesdepeche.com\/allmanna-villkor\/"},"modified":"2025-06-22T08:08:45","modified_gmt":"2025-06-22T06:08:45","slug":"allmanna-villkor","status":"publish","type":"page","link":"https:\/\/nosyberevesdepeche.com\/sv\/allmanna-villkor\/","title":{"rendered":"Allm\u00e4nna Villkor"},"content":{"rendered":"\t\t<div data-elementor-type=\"wp-page\" data-elementor-id=\"13261\" class=\"elementor elementor-13261 elementor-7512\" data-elementor-post-type=\"page\">\n\t\t\t\t<div class=\"elementor-element elementor-element-cdc4c4f e-flex e-con-boxed e-con e-parent\" data-id=\"cdc4c4f\" data-element_type=\"container\" data-e-type=\"container\">\n\t\t\t\t\t<div class=\"e-con-inner\">\n\t\t\t\t<div class=\"elementor-element elementor-element-25a496d elementor-widget elementor-widget-heading\" data-id=\"25a496d\" data-element_type=\"widget\" data-e-type=\"widget\" data-widget_type=\"heading.default\">\n\t\t\t\t<div class=\"elementor-widget-container\">\n\t\t\t\t\t<h1 class=\"elementor-heading-title elementor-size-default\">Allm\u00e4nna Villkor<\/h1>\t\t\t\t<\/div>\n\t\t\t\t<\/div>\n\t\t\t\t\t<\/div>\n\t\t\t\t<\/div>\n\t\t<div class=\"elementor-element elementor-element-3149582 e-flex e-con-boxed e-con e-parent\" data-id=\"3149582\" data-element_type=\"container\" data-e-type=\"container\">\n\t\t\t\t\t<div class=\"e-con-inner\">\n\t\t\t\t<div class=\"elementor-element elementor-element-834cc28 elementor-widget__width-initial elementor-widget elementor-widget-text-editor\" data-id=\"834cc28\" data-element_type=\"widget\" data-e-type=\"widget\" data-widget_type=\"text-editor.default\">\n\t\t\t\t<div class=\"elementor-widget-container\">\n\t\t\t\t\t\t\t\t\t<ol><li><h3>Avtalets syfte<\/h3><\/li><\/ol><p>Dessa allm\u00e4nna villkor definierar r\u00e4ttigheter och skyldigheter f\u00f6r Nosy Be R\u00eaves de P\u00eache och dess kunder inom ramen f\u00f6r f\u00f6rs\u00e4ljning av sportfisketj\u00e4nster (big game fishing) i Madagaskar samt tillh\u00f6rande tj\u00e4nster. De fastst\u00e4ller ocks\u00e5 villkoren f\u00f6r anv\u00e4ndning av webbplatsen <a href=\"https:\/\/nosyberevesdepeche.com\">www.nosyberevesdepeche.com.<\/a> <\/p><h2>Allm\u00e4nna villkor och best\u00e4mmelser f\u00f6r f\u00f6rs\u00e4ljning (GTCS)<\/h2><ol start=\"2\"><li><h3>Bokning och betalning<\/h3><\/li><\/ol><ul><li>Kontrakt : Ett kontrakt som beskriver de tj\u00e4nster som valts kommer att skickas till kunden. Kunden m\u00e5ste underteckna det och returnera det via e-post eller post f\u00f6r validering. <\/li><li>Deposition : En deposition p\u00e5 25% av det totala beloppet kr\u00e4vs vid bokningstillf\u00e4llet f\u00f6r att validera bokningen, betalas via bank\u00f6verf\u00f6ring eller s\u00e4ker elektronisk betalning.<\/li><li>Saldo : Saldot av det totala beloppet m\u00e5ste betalas i Nosy Be, senast 2 dagar f\u00f6re avresan, endast kontant (euro eller ariary).<\/li><li>Till\u00e4gg : Tj\u00e4nster som inte ing\u00e5r i det ursprungliga programmet kommer att faktureras separat och m\u00e5ste betalas f\u00f6re avresan.<\/li><\/ul><ol start=\"3\"><li><h3>Priss\u00e4ttning<\/h3><\/li><\/ol><ul><li>Priserna anges i euro (\u20ac) och inkluderar alla till\u00e4mpliga skatter.<\/li><li>Priserna inkluderar de tj\u00e4nster som definieras i det paket och den destination som valts.<\/li><\/ul><ol start=\"4\"><li><h3>Avbokningar och \u00e4ndringar f\u00f6re avresan<\/h3><\/li><\/ol><p>Avbest\u00e4llning fr\u00e5n kundens sida<\/p><ul><li>Mer \u00e4n 60 dagar f\u00f6re avresan : Depositionen \u00e5terbetalas i sin helhet.<\/li><li>Mellan 60 och 30 dagar f\u00f6re avresan : 50% av depositionen \u00e5terbetalas.<\/li><li>Mindre \u00e4n 30 dagar f\u00f6re avresan : Depositionen \u00e5terbetalas inte.<\/li><li>\u00c5teruthyrning av avbokade tj\u00e4nster : Nosy Be R\u00eaves de P\u00eache kommer att g\u00f6ra sitt yttersta f\u00f6r att \u00e5teruthyra avbokade tj\u00e4nster. Om de ombokas kommer depositionen att \u00e5terbetalas i proportion till de ombokade dagarna, minus administrativa och logistiska kostnader. <\/li><\/ul><p>Avbokning fr\u00e5n arrang\u00f6rens sida<\/p><p>I h\u00e4ndelse av force majeure (ogynnsamma v\u00e4derf\u00f6rh\u00e5llanden, naturkatastrofer, epidemier etc.) f\u00f6rbeh\u00e5ller sig Nosy Be R\u00eaves de P\u00eache r\u00e4tten att st\u00e4lla in tj\u00e4nsterna. I s\u00e5 fall \u00e5terbetalas hela det inbetalda beloppet efter avdrag f\u00f6r administrativa och logistiska kostnader. <\/p><ol start=\"5\"><li><h3>V\u00e4derf\u00f6rh\u00e5llanden<\/h3><\/li><\/ol><p>Under din vistelse, i h\u00e4ndelse av d\u00e5ligt v\u00e4der eller of\u00f6rutsedda f\u00f6rs\u00e4mringar som p\u00e5verkar fiskeaktiviteterna, kan Nosy Be R\u00eaves de P\u00eache inte h\u00e5llas ansvarigt och ingen kompensation eller \u00e5terbetalning kommer att beviljas.<\/p><ol start=\"6\"><li><h3>Ansvar och f\u00f6rs\u00e4kring<\/h3><\/li><\/ol><ul><li>Fiskeutrustning : Kunden ansvarar f\u00f6r eventuell f\u00f6rlust eller f\u00f6rst\u00f6relse av den fiskeutrustning som tillhandah\u00e5lls. I h\u00e4ndelse av skada m\u00e5ste kunden ers\u00e4tta v\u00e4rdet p\u00e5 den f\u00f6rlorade eller trasiga utrustningen, i enlighet med de priser som Nosy Be R\u00eaves de P\u00eache fastst\u00e4ller och meddelar. <\/li><li>Ansvarsf\u00f6rs\u00e4kring Nosy Be R\u00eaves de P\u00eache-kunder omfattas av en ansvarsf\u00f6rs\u00e4kring.<\/li><li>Personlig f\u00f6rs\u00e4kring : Vi rekommenderar starkt att du tecknar en personlig f\u00f6rs\u00e4kring som t\u00e4cker havsfiske och hemtransport.<\/li><li>Personliga tillh\u00f6righeter : Nosy Be R\u00eaves de P\u00eache tar inget ansvar f\u00f6r f\u00f6rlust, st\u00f6ld, skada eller s\u00f6nderslagning av kundernas personliga utrustning.<\/li><li>H\u00e4lsa och s\u00e4kerhet : Nosy Be R\u00eaves de P\u00eache fr\u00e5ns\u00e4ger sig allt ansvar i h\u00e4ndelse av skada, olycka, matf\u00f6rgiftning, djurbett, h\u00e4lsoproblem eller n\u00e5gon annan komplikation som intr\u00e4ffar p\u00e5 land eller ombord p\u00e5 b\u00e5tarna under vistelsen.<br><b style=\"text-align: var(--text-align);\"><br>Friskrivningsklausul<\/b><b style=\"text-align: var(--text-align);\">&#8211; Sportfiskeaktiviteter<br><\/b>Kunden bekr\u00e4ftar uttryckligen att han\/ho n har informerats om de risker som \u00e4r f\u00f6rknippade med sportfiske, inklusive risken f\u00f6r h\u00e4lsoproblem,matf\u00f6rgiftning, djurbett eller -stick, samt olyckor som kan intr\u00e4ffa vid anv\u00e4ndning av fiskeutrustning (inklusive, men inte begr\u00e4nsat till, linor, krokar etc.). F\u00f6ljaktligen samtycker kunden till att avst\u00e5 fr\u00e5n alla anspr\u00e5k, r\u00e4ttsliga \u00e5tg\u00e4rder eller st\u00e4mningar mot Nosy Be R\u00eaves de P\u00eache, dess representanter, anst\u00e4llda och agenter, f\u00f6r kroppsskada eller egendomsskada som direkt eller indirekt beror p\u00e5 ut\u00f6vandet av dessa aktiviteter. <\/li><\/ul><ol start=\"7\"><li><h3>Bildr\u00e4ttigheter<\/h3><\/li><\/ol><p>Foton och videor som tas under vistelsen kan komma att anv\u00e4ndas i marknadsf\u00f6ringssyfte. Kundens f\u00f6rhandsgodk\u00e4nnande kommer att kr\u00e4vas och anges i kontraktet. <\/p><ol start=\"8\"><li><h3>R\u00e4ttstvister<\/h3><\/li><\/ol><p>I h\u00e4ndelse av tvist \u00e4r det endast den beh\u00f6riga domstolen i Nosy Be som har befogenhet att avg\u00f6ra tvisten, i enlighet med g\u00e4llande lokal lagstiftning. I samband med anv\u00e4ndningen av webbplatsen kan dock vissa best\u00e4mmelser i fransk lag och RGPD vara till\u00e4mpliga. <\/p><h2>Allm\u00e4nna villkor och best\u00e4mmelser f\u00f6r anv\u00e4ndning (GTCU)<\/h2><ol start=\"9\"><li><h3>Presentation av webbplatsen<\/h3><\/li><\/ol><p>Webbplatsen <a href=\"https:\/\/nosyberevesdepeche.com\">www.nosyberevesdepeche.com<\/a> tillh\u00f6r Nosy Be R\u00eaves de P\u00eache, vars huvudkontor ligger p\u00e5 Madagaskar.<br>Anv\u00e4ndningen av webbplatsen inneb\u00e4r ett fullst\u00e4ndigt godk\u00e4nnande av dessa allm\u00e4nna anv\u00e4ndningsvillkor. Nosy Be R\u00eaves de P\u00eache f\u00f6rbeh\u00e5ller sig r\u00e4tten att n\u00e4r som helst \u00e4ndra anv\u00e4ndarvillkoren. <\/p><ol start=\"10\"><li><h3>Tilltr\u00e4de till platsen<\/h3><\/li><\/ol><p>Webbplatsen \u00e4r tillg\u00e4nglig hela tiden, utom vid tekniskt underh\u00e5ll. Nosy Be R\u00eaves de P\u00eache kan inte h\u00e5llas ansvarigt f\u00f6r eventuella avbrott i tj\u00e4nsten. <\/p><ol start=\"11\"><li><h3>Immateriella r\u00e4ttigheter<\/h3><\/li><\/ol><p>Alla delar av webbplatsen (text, bilder, logotyp, grafik) \u00e4r Nosy Be R\u00eaves de P\u00eache:s exklusiva egendom. All reproduktion, anpassning eller anv\u00e4ndning \u00e4r f\u00f6rbjuden utan f\u00f6reg\u00e5ende skriftligt tillst\u00e5nd. <\/p><ol start=\"12\"><li><h3>Begr\u00e4nsning av ansvar<\/h3><\/li><\/ol><p>Nosy Be R\u00eaves de P\u00eache kan inte h\u00e5llas ansvarigt f\u00f6r materiella eller immateriella skador som \u00e4r kopplade till anv\u00e4ndningen av webbplatsen (t.ex. virus, inkompatibilitet hos utrustning).<\/p><ol start=\"13\"><li><h3>Hypertextl\u00e4nkar<\/h3><\/li><\/ol><p>Webbplatsen <a href=\"https:\/\/nosyberevesdepeche.com\">www.nosyberevesdepeche.com<\/a> kan inneh\u00e5lla l\u00e4nkar till andra webbplatser. Nosy Be R\u00eaves de P\u00eache tar inget ansvar f\u00f6r inneh\u00e5llet p\u00e5 dessa externa webbplatser. <\/p><ol start=\"14\"><li><h3>Till\u00e4mplig lag<\/h3><\/li><\/ol><p>Webbplatsen <a href=\"https:\/\/nosyberevesdepeche.com\">www.nosyberevesdepeche.com<\/a> regleras av madagaskisk lag. Om v\u00e4rden eller en europeisk anv\u00e4ndare \u00e4r inblandad kan dock vissa best\u00e4mmelser i fransk lag och RGPD vara till\u00e4mpliga. <\/p>\t\t\t\t\t\t\t\t<\/div>\n\t\t\t\t<\/div>\n\t\t\t\t\t<\/div>\n\t\t\t\t<\/div>\n\t\t\t\t<\/div>\n\t\t","protected":false},"excerpt":{"rendered":"<p>Allm\u00e4nna Villkor Avtalets syfte Dessa allm\u00e4nna villkor definierar r\u00e4ttigheter och skyldigheter f\u00f6r Nosy Be R\u00eaves de P\u00eache och dess kunder inom ramen f\u00f6r f\u00f6rs\u00e4ljning av sportfisketj\u00e4nster (big game fishing) i&#8230;<\/p>\n","protected":false},"author":1,"featured_media":0,"parent":0,"menu_order":0,"comment_status":"closed","ping_status":"closed","template":"elementor_header_footer","meta":{"footnotes":""},"class_list":["post-13261","page","type-page","status-publish"],"yoast_head":"<!-- This site is optimized with the Yoast SEO plugin v27.4 - https:\/\/yoast.com\/product\/yoast-seo-wordpress\/ -->\n<title>Allm\u00e4nna Villkor - Fiskedr\u00f6mmar p\u00e5 Nosy Be<\/title>\n<meta name=\"description\" content=\"F\u00f6rs\u00e4ljningsvillkor, bokning, betalning, f\u00f6rs\u00e4kring och juridiskt ansvar hos Nosy Be R\u00eaves de P\u00eache p\u00e5 Madagaskar.\" \/>\n<meta name=\"robots\" content=\"index, follow, max-snippet:-1, max-image-preview:large, max-video-preview:-1\" \/>\n<link rel=\"canonical\" href=\"https:\/\/nosyberevesdepeche.com\/sv\/allmanna-villkor\/\" \/>\n<meta property=\"og:locale\" content=\"sv_SE\" \/>\n<meta property=\"og:type\" content=\"article\" \/>\n<meta property=\"og:title\" content=\"Allm\u00e4nna Villkor - Fiskedr\u00f6mmar p\u00e5 Nosy Be\" \/>\n<meta property=\"og:description\" content=\"F\u00f6rs\u00e4ljningsvillkor, bokning, betalning, f\u00f6rs\u00e4kring och juridiskt ansvar hos Nosy Be R\u00eaves de P\u00eache p\u00e5 Madagaskar.\" \/>\n<meta property=\"og:url\" content=\"https:\/\/nosyberevesdepeche.com\/sv\/allmanna-villkor\/\" \/>\n<meta property=\"og:site_name\" content=\"Fiskedr\u00f6mmar p\u00e5 Nosy Be\" \/>\n<meta property=\"article:publisher\" content=\"https:\/\/www.facebook.com\/nosyberevesdepeche\" \/>\n<meta property=\"article:modified_time\" content=\"2025-06-22T06:08:45+00:00\" \/>\n<meta property=\"og:image\" content=\"https:\/\/nosyberevesdepeche.com\/wp-content\/uploads\/sejour-cap-san-sebastien.jpg\" \/>\n\t<meta property=\"og:image:width\" content=\"2048\" \/>\n\t<meta property=\"og:image:height\" content=\"1542\" \/>\n\t<meta property=\"og:image:type\" content=\"image\/jpeg\" \/>\n<meta name=\"twitter:card\" content=\"summary_large_image\" \/>\n<meta name=\"twitter:label1\" content=\"Ber\u00e4knad l\u00e4stid\" \/>\n\t<meta name=\"twitter:data1\" content=\"5 minuter\" \/>\n<script type=\"application\/ld+json\" class=\"yoast-schema-graph\">{\"@context\":\"https:\\\/\\\/schema.org\",\"@graph\":[{\"@type\":\"WebPage\",\"@id\":\"https:\\\/\\\/nosyberevesdepeche.com\\\/sv\\\/allmanna-villkor\\\/\",\"url\":\"https:\\\/\\\/nosyberevesdepeche.com\\\/sv\\\/allmanna-villkor\\\/\",\"name\":\"Allm\u00e4nna Villkor - Fiskedr\u00f6mmar p\u00e5 Nosy Be\",\"isPartOf\":{\"@id\":\"https:\\\/\\\/nosyberevesdepeche.com\\\/sv\\\/#website\"},\"datePublished\":\"2025-02-08T17:40:53+00:00\",\"dateModified\":\"2025-06-22T06:08:45+00:00\",\"description\":\"F\u00f6rs\u00e4ljningsvillkor, bokning, betalning, f\u00f6rs\u00e4kring och juridiskt ansvar hos Nosy Be R\u00eaves de P\u00eache p\u00e5 Madagaskar.\",\"breadcrumb\":{\"@id\":\"https:\\\/\\\/nosyberevesdepeche.com\\\/sv\\\/allmanna-villkor\\\/#breadcrumb\"},\"inLanguage\":\"sv-SE\",\"potentialAction\":[{\"@type\":\"ReadAction\",\"target\":[\"https:\\\/\\\/nosyberevesdepeche.com\\\/sv\\\/allmanna-villkor\\\/\"]}]},{\"@type\":\"BreadcrumbList\",\"@id\":\"https:\\\/\\\/nosyberevesdepeche.com\\\/sv\\\/allmanna-villkor\\\/#breadcrumb\",\"itemListElement\":[{\"@type\":\"ListItem\",\"position\":1,\"name\":\"Accueil\",\"item\":\"https:\\\/\\\/nosyberevesdepeche.com\\\/sv\\\/\"},{\"@type\":\"ListItem\",\"position\":2,\"name\":\"Allm\u00e4nna Villkor\"}]},{\"@type\":\"WebSite\",\"@id\":\"https:\\\/\\\/nosyberevesdepeche.com\\\/sv\\\/#website\",\"url\":\"https:\\\/\\\/nosyberevesdepeche.com\\\/sv\\\/\",\"name\":\"Nosy Be R\u00eaves de P\u00eache\",\"description\":\"Sportfiske och big game fishing p\u00e5 Madagaskar, fr\u00e5n Nosy Be\",\"publisher\":{\"@id\":\"https:\\\/\\\/nosyberevesdepeche.com\\\/sv\\\/#organization\"},\"potentialAction\":[{\"@type\":\"SearchAction\",\"target\":{\"@type\":\"EntryPoint\",\"urlTemplate\":\"https:\\\/\\\/nosyberevesdepeche.com\\\/sv\\\/?s={search_term_string}\"},\"query-input\":{\"@type\":\"PropertyValueSpecification\",\"valueRequired\":true,\"valueName\":\"search_term_string\"}}],\"inLanguage\":\"sv-SE\"},{\"@type\":\"Organization\",\"@id\":\"https:\\\/\\\/nosyberevesdepeche.com\\\/sv\\\/#organization\",\"name\":\"Nosy Be R\u00eaves de P\u00eache\",\"url\":\"https:\\\/\\\/nosyberevesdepeche.com\\\/sv\\\/\",\"logo\":{\"@type\":\"ImageObject\",\"inLanguage\":\"sv-SE\",\"@id\":\"https:\\\/\\\/nosyberevesdepeche.com\\\/sv\\\/#\\\/schema\\\/logo\\\/image\\\/\",\"url\":\"https:\\\/\\\/nosyberevesdepeche.com\\\/wp-content\\\/uploads\\\/sejour-cap-san-sebastien.jpg\",\"contentUrl\":\"https:\\\/\\\/nosyberevesdepeche.com\\\/wp-content\\\/uploads\\\/sejour-cap-san-sebastien.jpg\",\"width\":2048,\"height\":1542,\"caption\":\"Nosy Be R\u00eaves de P\u00eache\"},\"image\":{\"@id\":\"https:\\\/\\\/nosyberevesdepeche.com\\\/sv\\\/#\\\/schema\\\/logo\\\/image\\\/\"},\"sameAs\":[\"https:\\\/\\\/www.facebook.com\\\/nosyberevesdepeche\",\"https:\\\/\\\/www.youtube.com\\\/@NosyBeRevesdePeche\",\"https:\\\/\\\/www.instagram.com\\\/nosyberevesdepeche\\\/\",\"https:\\\/\\\/www.tiktok.com\\\/@nosy_be_reves_de_peche\"]}]}<\/script>\n<!-- \/ Yoast SEO plugin. -->","yoast_head_json":{"title":"Allm\u00e4nna Villkor - Fiskedr\u00f6mmar p\u00e5 Nosy Be","description":"F\u00f6rs\u00e4ljningsvillkor, bokning, betalning, f\u00f6rs\u00e4kring och juridiskt ansvar hos Nosy Be R\u00eaves de P\u00eache p\u00e5 Madagaskar.","robots":{"index":"index","follow":"follow","max-snippet":"max-snippet:-1","max-image-preview":"max-image-preview:large","max-video-preview":"max-video-preview:-1"},"canonical":"https:\/\/nosyberevesdepeche.com\/sv\/allmanna-villkor\/","og_locale":"sv_SE","og_type":"article","og_title":"Allm\u00e4nna Villkor - Fiskedr\u00f6mmar p\u00e5 Nosy Be","og_description":"F\u00f6rs\u00e4ljningsvillkor, bokning, betalning, f\u00f6rs\u00e4kring och juridiskt ansvar hos Nosy Be R\u00eaves de P\u00eache p\u00e5 Madagaskar.","og_url":"https:\/\/nosyberevesdepeche.com\/sv\/allmanna-villkor\/","og_site_name":"Fiskedr\u00f6mmar p\u00e5 Nosy Be","article_publisher":"https:\/\/www.facebook.com\/nosyberevesdepeche","article_modified_time":"2025-06-22T06:08:45+00:00","og_image":[{"width":2048,"height":1542,"url":"https:\/\/nosyberevesdepeche.com\/wp-content\/uploads\/sejour-cap-san-sebastien.jpg","type":"image\/jpeg"}],"twitter_card":"summary_large_image","twitter_misc":{"Ber\u00e4knad l\u00e4stid":"5 minuter"},"schema":{"@context":"https:\/\/schema.org","@graph":[{"@type":"WebPage","@id":"https:\/\/nosyberevesdepeche.com\/sv\/allmanna-villkor\/","url":"https:\/\/nosyberevesdepeche.com\/sv\/allmanna-villkor\/","name":"Allm\u00e4nna Villkor - Fiskedr\u00f6mmar p\u00e5 Nosy Be","isPartOf":{"@id":"https:\/\/nosyberevesdepeche.com\/sv\/#website"},"datePublished":"2025-02-08T17:40:53+00:00","dateModified":"2025-06-22T06:08:45+00:00","description":"F\u00f6rs\u00e4ljningsvillkor, bokning, betalning, f\u00f6rs\u00e4kring och juridiskt ansvar hos Nosy Be R\u00eaves de P\u00eache p\u00e5 Madagaskar.","breadcrumb":{"@id":"https:\/\/nosyberevesdepeche.com\/sv\/allmanna-villkor\/#breadcrumb"},"inLanguage":"sv-SE","potentialAction":[{"@type":"ReadAction","target":["https:\/\/nosyberevesdepeche.com\/sv\/allmanna-villkor\/"]}]},{"@type":"BreadcrumbList","@id":"https:\/\/nosyberevesdepeche.com\/sv\/allmanna-villkor\/#breadcrumb","itemListElement":[{"@type":"ListItem","position":1,"name":"Accueil","item":"https:\/\/nosyberevesdepeche.com\/sv\/"},{"@type":"ListItem","position":2,"name":"Allm\u00e4nna Villkor"}]},{"@type":"WebSite","@id":"https:\/\/nosyberevesdepeche.com\/sv\/#website","url":"https:\/\/nosyberevesdepeche.com\/sv\/","name":"Nosy Be R\u00eaves de P\u00eache","description":"Sportfiske och big game fishing p\u00e5 Madagaskar, fr\u00e5n Nosy Be","publisher":{"@id":"https:\/\/nosyberevesdepeche.com\/sv\/#organization"},"potentialAction":[{"@type":"SearchAction","target":{"@type":"EntryPoint","urlTemplate":"https:\/\/nosyberevesdepeche.com\/sv\/?s={search_term_string}"},"query-input":{"@type":"PropertyValueSpecification","valueRequired":true,"valueName":"search_term_string"}}],"inLanguage":"sv-SE"},{"@type":"Organization","@id":"https:\/\/nosyberevesdepeche.com\/sv\/#organization","name":"Nosy Be R\u00eaves de P\u00eache","url":"https:\/\/nosyberevesdepeche.com\/sv\/","logo":{"@type":"ImageObject","inLanguage":"sv-SE","@id":"https:\/\/nosyberevesdepeche.com\/sv\/#\/schema\/logo\/image\/","url":"https:\/\/nosyberevesdepeche.com\/wp-content\/uploads\/sejour-cap-san-sebastien.jpg","contentUrl":"https:\/\/nosyberevesdepeche.com\/wp-content\/uploads\/sejour-cap-san-sebastien.jpg","width":2048,"height":1542,"caption":"Nosy Be R\u00eaves de P\u00eache"},"image":{"@id":"https:\/\/nosyberevesdepeche.com\/sv\/#\/schema\/logo\/image\/"},"sameAs":["https:\/\/www.facebook.com\/nosyberevesdepeche","https:\/\/www.youtube.com\/@NosyBeRevesdePeche","https:\/\/www.instagram.com\/nosyberevesdepeche\/","https:\/\/www.tiktok.com\/@nosy_be_reves_de_peche"]}]}},"_links":{"self":[{"href":"https:\/\/nosyberevesdepeche.com\/sv\/wp-json\/wp\/v2\/pages\/13261","targetHints":{"allow":["GET"]}}],"collection":[{"href":"https:\/\/nosyberevesdepeche.com\/sv\/wp-json\/wp\/v2\/pages"}],"about":[{"href":"https:\/\/nosyberevesdepeche.com\/sv\/wp-json\/wp\/v2\/types\/page"}],"author":[{"embeddable":true,"href":"https:\/\/nosyberevesdepeche.com\/sv\/wp-json\/wp\/v2\/users\/1"}],"replies":[{"embeddable":true,"href":"https:\/\/nosyberevesdepeche.com\/sv\/wp-json\/wp\/v2\/comments?post=13261"}],"version-history":[{"count":9,"href":"https:\/\/nosyberevesdepeche.com\/sv\/wp-json\/wp\/v2\/pages\/13261\/revisions"}],"predecessor-version":[{"id":20347,"href":"https:\/\/nosyberevesdepeche.com\/sv\/wp-json\/wp\/v2\/pages\/13261\/revisions\/20347"}],"wp:attachment":[{"href":"https:\/\/nosyberevesdepeche.com\/sv\/wp-json\/wp\/v2\/media?parent=13261"}],"curies":[{"name":"wp","href":"https:\/\/api.w.org\/{rel}","templated":true}]}}