{"id":10365,"date":"2025-02-08T17:32:26","date_gmt":"2025-02-08T16:32:26","guid":{"rendered":"https:\/\/nosyberevesdepeche.com\/juridisk-information\/"},"modified":"2025-06-22T08:30:32","modified_gmt":"2025-06-22T06:30:32","slug":"juridisk-information","status":"publish","type":"page","link":"https:\/\/nosyberevesdepeche.com\/sv\/juridisk-information\/","title":{"rendered":"Juridisk Information"},"content":{"rendered":"\t\t<div data-elementor-type=\"wp-page\" data-elementor-id=\"10365\" class=\"elementor elementor-10365 elementor-7474\" data-elementor-post-type=\"page\">\n\t\t\t\t<div class=\"elementor-element elementor-element-3d3ee45 e-flex e-con-boxed e-con e-parent\" data-id=\"3d3ee45\" data-element_type=\"container\" data-e-type=\"container\">\n\t\t\t\t\t<div class=\"e-con-inner\">\n\t\t\t\t<div class=\"elementor-element elementor-element-2bec921 elementor-widget elementor-widget-heading\" data-id=\"2bec921\" data-element_type=\"widget\" data-e-type=\"widget\" data-widget_type=\"heading.default\">\n\t\t\t\t<div class=\"elementor-widget-container\">\n\t\t\t\t\t<h1 class=\"elementor-heading-title elementor-size-default\">Juridisk Information<\/h1>\t\t\t\t<\/div>\n\t\t\t\t<\/div>\n\t\t\t\t\t<\/div>\n\t\t\t\t<\/div>\n\t\t<div class=\"elementor-element elementor-element-6407915 e-flex e-con-boxed e-con e-parent\" data-id=\"6407915\" data-element_type=\"container\" data-e-type=\"container\">\n\t\t\t\t\t<div class=\"e-con-inner\">\n\t\t\t\t<div class=\"elementor-element elementor-element-b76ab9b elementor-widget__width-initial elementor-widget elementor-widget-text-editor\" data-id=\"b76ab9b\" data-element_type=\"widget\" data-e-type=\"widget\" data-widget_type=\"text-editor.default\">\n\t\t\t\t<div class=\"elementor-widget-container\">\n\t\t\t\t\t\t\t\t\t<ol><li><h3>Utgivare av webbplatsen<\/h3><\/li><\/ol><p>Denna webbplats publiceras av Nosy Be R\u00eaves de P\u00eache, ett f\u00f6retag registrerat i Madagaskar.<\/p><ul><li>F\u00f6retagets namn : Nosy Be R\u00eaves de P\u00eache<\/li><li>Juridisk status : SARL<\/li><li>Huvudkontor : MARAB, Ambatoloaka, Nosy Be<\/li><li>E-post : contact@nosyberevesdepeche.com<\/li><li>Telefon : +261 37 51 768 80<\/li><li>Ansvarig utgivare : Nosy Be R\u00eaves de P\u00eache<\/li><\/ul><ol start=\"2\"><li><h3>Webbplatsv\u00e4rd<\/h3><\/li><\/ol><p>Webbplatsen \u00e4r hostad av OVHcloud<\/p><ul><li>F\u00f6retag : Hostinger International Ltd.<\/li><li>Stadgeenligt s\u00e4te : 61 Lordou Vironos Street, 6023 Larnaca, Cypern<\/li><li>Webbplats : <a href=\"https:\/\/www.hostinger.com\">www.hostinger.com<\/a><\/li><\/ul><ol start=\"3\"><li><h3>Immateriella r\u00e4ttigheter<\/h3><\/li><\/ol><p>Allt inneh\u00e5ll p\u00e5 webbplatsen (text, bilder, logotyp etc) \u00e4r Nosy Be R\u00eaves de P\u00eache&#8217;s exklusiva egendom.<br>All reproduktion, representation eller distribution utan f\u00f6reg\u00e5ende tillst\u00e5nd \u00e4r f\u00f6rbjuden.<\/p><ol start=\"4\"><li><h3>Skydd av personuppgifter<\/h3><\/li><\/ol><p>De uppgifter som samlas in via formul\u00e4ren p\u00e5 webbplatsen \u00e4r endast avsedda f\u00f6r Nosy Be R\u00eaves de P\u00eache i samband med hantering av beg\u00e4ran om kontakt eller offert.<br>I enlighet med g\u00e4llande lagar i Madagaskar och det europeiska RGPD har du r\u00e4tt att f\u00e5 tillg\u00e5ng till, \u00e4ndra och radera dina personuppgifter.<br>F\u00f6r att ut\u00f6va dessa r\u00e4ttigheter, kontakta oss p\u00e5 f\u00f6ljande adress : nosyberevesdepeche@gmail.com<\/p><ol start=\"5\"><li><h3>Ansvarsf\u00f6rdelning<\/h3><\/li><\/ol><p>Nosy Be R\u00eaves de P\u00eache kan inte h\u00e5llas ansvarigt f\u00f6r direkta eller indirekta skador som uppst\u00e5r till f\u00f6ljd av anv\u00e4ndningen av webbplatsen.<\/p><ol start=\"6\"><li><h3>Till\u00e4mplig lag<\/h3><\/li><\/ol><p>Detta r\u00e4ttsliga meddelande regleras av madagaskisk lag. I h\u00e4ndelse av tvist \u00e4r de beh\u00f6riga domstolarna de i Madagaskar. <\/p><p>Copyright \u00a9 Nosy Be R\u00eaves de P\u00eache &#8211; 2025. Alla r\u00e4ttigheter reserverade. <\/p>\t\t\t\t\t\t\t\t<\/div>\n\t\t\t\t<\/div>\n\t\t\t\t\t<\/div>\n\t\t\t\t<\/div>\n\t\t\t\t<\/div>\n\t\t","protected":false},"excerpt":{"rendered":"<p>Juridisk Information Utgivare av webbplatsen Denna webbplats publiceras av Nosy Be R\u00eaves de P\u00eache, ett f\u00f6retag registrerat i Madagaskar. F\u00f6retagets namn : Nosy Be R\u00eaves de P\u00eache Juridisk status :&#8230;<\/p>\n","protected":false},"author":1,"featured_media":0,"parent":0,"menu_order":0,"comment_status":"closed","ping_status":"closed","template":"elementor_header_footer","meta":{"footnotes":""},"class_list":["post-10365","page","type-page","status-publish"],"yoast_head":"<!-- This site is optimized with the Yoast SEO plugin v27.4 - https:\/\/yoast.com\/product\/yoast-seo-wordpress\/ -->\n<title>Juridisk Information - Fiskedr\u00f6mmar p\u00e5 Nosy Be<\/title>\n<meta name=\"robots\" content=\"index, follow, max-snippet:-1, max-image-preview:large, max-video-preview:-1\" \/>\n<link rel=\"canonical\" href=\"https:\/\/nosyberevesdepeche.com\/sv\/juridisk-information\/\" \/>\n<meta property=\"og:locale\" content=\"sv_SE\" \/>\n<meta property=\"og:type\" content=\"article\" \/>\n<meta property=\"og:title\" content=\"Juridisk Information - Fiskedr\u00f6mmar p\u00e5 Nosy Be\" \/>\n<meta property=\"og:description\" content=\"Juridisk Information Utgivare av webbplatsen Denna webbplats publiceras av Nosy Be R\u00eaves de P\u00eache, ett f\u00f6retag registrerat i Madagaskar. F\u00f6retagets namn : Nosy Be R\u00eaves de P\u00eache Juridisk status :...\" \/>\n<meta property=\"og:url\" content=\"https:\/\/nosyberevesdepeche.com\/sv\/juridisk-information\/\" \/>\n<meta property=\"og:site_name\" content=\"Fiskedr\u00f6mmar p\u00e5 Nosy Be\" \/>\n<meta property=\"article:publisher\" content=\"https:\/\/www.facebook.com\/nosyberevesdepeche\" \/>\n<meta property=\"article:modified_time\" content=\"2025-06-22T06:30:32+00:00\" \/>\n<meta property=\"og:image\" content=\"https:\/\/nosyberevesdepeche.com\/wp-content\/uploads\/sejour-cap-san-sebastien.jpg\" \/>\n\t<meta property=\"og:image:width\" content=\"2048\" \/>\n\t<meta property=\"og:image:height\" content=\"1542\" \/>\n\t<meta property=\"og:image:type\" content=\"image\/jpeg\" \/>\n<meta name=\"twitter:card\" content=\"summary_large_image\" \/>\n<meta name=\"twitter:label1\" content=\"Ber\u00e4knad l\u00e4stid\" \/>\n\t<meta name=\"twitter:data1\" content=\"1 minut\" \/>\n<script type=\"application\/ld+json\" class=\"yoast-schema-graph\">{\"@context\":\"https:\\\/\\\/schema.org\",\"@graph\":[{\"@type\":\"WebPage\",\"@id\":\"https:\\\/\\\/nosyberevesdepeche.com\\\/sv\\\/juridisk-information\\\/\",\"url\":\"https:\\\/\\\/nosyberevesdepeche.com\\\/sv\\\/juridisk-information\\\/\",\"name\":\"Juridisk Information - Fiskedr\u00f6mmar p\u00e5 Nosy Be\",\"isPartOf\":{\"@id\":\"https:\\\/\\\/nosyberevesdepeche.com\\\/sv\\\/#website\"},\"datePublished\":\"2025-02-08T16:32:26+00:00\",\"dateModified\":\"2025-06-22T06:30:32+00:00\",\"breadcrumb\":{\"@id\":\"https:\\\/\\\/nosyberevesdepeche.com\\\/sv\\\/juridisk-information\\\/#breadcrumb\"},\"inLanguage\":\"sv-SE\",\"potentialAction\":[{\"@type\":\"ReadAction\",\"target\":[\"https:\\\/\\\/nosyberevesdepeche.com\\\/sv\\\/juridisk-information\\\/\"]}]},{\"@type\":\"BreadcrumbList\",\"@id\":\"https:\\\/\\\/nosyberevesdepeche.com\\\/sv\\\/juridisk-information\\\/#breadcrumb\",\"itemListElement\":[{\"@type\":\"ListItem\",\"position\":1,\"name\":\"Accueil\",\"item\":\"https:\\\/\\\/nosyberevesdepeche.com\\\/sv\\\/\"},{\"@type\":\"ListItem\",\"position\":2,\"name\":\"Juridisk Information\"}]},{\"@type\":\"WebSite\",\"@id\":\"https:\\\/\\\/nosyberevesdepeche.com\\\/sv\\\/#website\",\"url\":\"https:\\\/\\\/nosyberevesdepeche.com\\\/sv\\\/\",\"name\":\"Nosy Be R\u00eaves de P\u00eache\",\"description\":\"Sportfiske och big game fishing p\u00e5 Madagaskar, fr\u00e5n Nosy Be\",\"publisher\":{\"@id\":\"https:\\\/\\\/nosyberevesdepeche.com\\\/sv\\\/#organization\"},\"potentialAction\":[{\"@type\":\"SearchAction\",\"target\":{\"@type\":\"EntryPoint\",\"urlTemplate\":\"https:\\\/\\\/nosyberevesdepeche.com\\\/sv\\\/?s={search_term_string}\"},\"query-input\":{\"@type\":\"PropertyValueSpecification\",\"valueRequired\":true,\"valueName\":\"search_term_string\"}}],\"inLanguage\":\"sv-SE\"},{\"@type\":\"Organization\",\"@id\":\"https:\\\/\\\/nosyberevesdepeche.com\\\/sv\\\/#organization\",\"name\":\"Nosy Be R\u00eaves de P\u00eache\",\"url\":\"https:\\\/\\\/nosyberevesdepeche.com\\\/sv\\\/\",\"logo\":{\"@type\":\"ImageObject\",\"inLanguage\":\"sv-SE\",\"@id\":\"https:\\\/\\\/nosyberevesdepeche.com\\\/sv\\\/#\\\/schema\\\/logo\\\/image\\\/\",\"url\":\"https:\\\/\\\/nosyberevesdepeche.com\\\/wp-content\\\/uploads\\\/sejour-cap-san-sebastien.jpg\",\"contentUrl\":\"https:\\\/\\\/nosyberevesdepeche.com\\\/wp-content\\\/uploads\\\/sejour-cap-san-sebastien.jpg\",\"width\":2048,\"height\":1542,\"caption\":\"Nosy Be R\u00eaves de P\u00eache\"},\"image\":{\"@id\":\"https:\\\/\\\/nosyberevesdepeche.com\\\/sv\\\/#\\\/schema\\\/logo\\\/image\\\/\"},\"sameAs\":[\"https:\\\/\\\/www.facebook.com\\\/nosyberevesdepeche\",\"https:\\\/\\\/www.youtube.com\\\/@NosyBeRevesdePeche\",\"https:\\\/\\\/www.instagram.com\\\/nosyberevesdepeche\\\/\",\"https:\\\/\\\/www.tiktok.com\\\/@nosy_be_reves_de_peche\"]}]}<\/script>\n<!-- \/ Yoast SEO plugin. -->","yoast_head_json":{"title":"Juridisk Information - Fiskedr\u00f6mmar p\u00e5 Nosy Be","robots":{"index":"index","follow":"follow","max-snippet":"max-snippet:-1","max-image-preview":"max-image-preview:large","max-video-preview":"max-video-preview:-1"},"canonical":"https:\/\/nosyberevesdepeche.com\/sv\/juridisk-information\/","og_locale":"sv_SE","og_type":"article","og_title":"Juridisk Information - Fiskedr\u00f6mmar p\u00e5 Nosy Be","og_description":"Juridisk Information Utgivare av webbplatsen Denna webbplats publiceras av Nosy Be R\u00eaves de P\u00eache, ett f\u00f6retag registrerat i Madagaskar. F\u00f6retagets namn : Nosy Be R\u00eaves de P\u00eache Juridisk status :...","og_url":"https:\/\/nosyberevesdepeche.com\/sv\/juridisk-information\/","og_site_name":"Fiskedr\u00f6mmar p\u00e5 Nosy Be","article_publisher":"https:\/\/www.facebook.com\/nosyberevesdepeche","article_modified_time":"2025-06-22T06:30:32+00:00","og_image":[{"width":2048,"height":1542,"url":"https:\/\/nosyberevesdepeche.com\/wp-content\/uploads\/sejour-cap-san-sebastien.jpg","type":"image\/jpeg"}],"twitter_card":"summary_large_image","twitter_misc":{"Ber\u00e4knad l\u00e4stid":"1 minut"},"schema":{"@context":"https:\/\/schema.org","@graph":[{"@type":"WebPage","@id":"https:\/\/nosyberevesdepeche.com\/sv\/juridisk-information\/","url":"https:\/\/nosyberevesdepeche.com\/sv\/juridisk-information\/","name":"Juridisk Information - Fiskedr\u00f6mmar p\u00e5 Nosy Be","isPartOf":{"@id":"https:\/\/nosyberevesdepeche.com\/sv\/#website"},"datePublished":"2025-02-08T16:32:26+00:00","dateModified":"2025-06-22T06:30:32+00:00","breadcrumb":{"@id":"https:\/\/nosyberevesdepeche.com\/sv\/juridisk-information\/#breadcrumb"},"inLanguage":"sv-SE","potentialAction":[{"@type":"ReadAction","target":["https:\/\/nosyberevesdepeche.com\/sv\/juridisk-information\/"]}]},{"@type":"BreadcrumbList","@id":"https:\/\/nosyberevesdepeche.com\/sv\/juridisk-information\/#breadcrumb","itemListElement":[{"@type":"ListItem","position":1,"name":"Accueil","item":"https:\/\/nosyberevesdepeche.com\/sv\/"},{"@type":"ListItem","position":2,"name":"Juridisk Information"}]},{"@type":"WebSite","@id":"https:\/\/nosyberevesdepeche.com\/sv\/#website","url":"https:\/\/nosyberevesdepeche.com\/sv\/","name":"Nosy Be R\u00eaves de P\u00eache","description":"Sportfiske och big game fishing p\u00e5 Madagaskar, fr\u00e5n Nosy Be","publisher":{"@id":"https:\/\/nosyberevesdepeche.com\/sv\/#organization"},"potentialAction":[{"@type":"SearchAction","target":{"@type":"EntryPoint","urlTemplate":"https:\/\/nosyberevesdepeche.com\/sv\/?s={search_term_string}"},"query-input":{"@type":"PropertyValueSpecification","valueRequired":true,"valueName":"search_term_string"}}],"inLanguage":"sv-SE"},{"@type":"Organization","@id":"https:\/\/nosyberevesdepeche.com\/sv\/#organization","name":"Nosy Be R\u00eaves de P\u00eache","url":"https:\/\/nosyberevesdepeche.com\/sv\/","logo":{"@type":"ImageObject","inLanguage":"sv-SE","@id":"https:\/\/nosyberevesdepeche.com\/sv\/#\/schema\/logo\/image\/","url":"https:\/\/nosyberevesdepeche.com\/wp-content\/uploads\/sejour-cap-san-sebastien.jpg","contentUrl":"https:\/\/nosyberevesdepeche.com\/wp-content\/uploads\/sejour-cap-san-sebastien.jpg","width":2048,"height":1542,"caption":"Nosy Be R\u00eaves de P\u00eache"},"image":{"@id":"https:\/\/nosyberevesdepeche.com\/sv\/#\/schema\/logo\/image\/"},"sameAs":["https:\/\/www.facebook.com\/nosyberevesdepeche","https:\/\/www.youtube.com\/@NosyBeRevesdePeche","https:\/\/www.instagram.com\/nosyberevesdepeche\/","https:\/\/www.tiktok.com\/@nosy_be_reves_de_peche"]}]}},"_links":{"self":[{"href":"https:\/\/nosyberevesdepeche.com\/sv\/wp-json\/wp\/v2\/pages\/10365","targetHints":{"allow":["GET"]}}],"collection":[{"href":"https:\/\/nosyberevesdepeche.com\/sv\/wp-json\/wp\/v2\/pages"}],"about":[{"href":"https:\/\/nosyberevesdepeche.com\/sv\/wp-json\/wp\/v2\/types\/page"}],"author":[{"embeddable":true,"href":"https:\/\/nosyberevesdepeche.com\/sv\/wp-json\/wp\/v2\/users\/1"}],"replies":[{"embeddable":true,"href":"https:\/\/nosyberevesdepeche.com\/sv\/wp-json\/wp\/v2\/comments?post=10365"}],"version-history":[{"count":12,"href":"https:\/\/nosyberevesdepeche.com\/sv\/wp-json\/wp\/v2\/pages\/10365\/revisions"}],"predecessor-version":[{"id":20360,"href":"https:\/\/nosyberevesdepeche.com\/sv\/wp-json\/wp\/v2\/pages\/10365\/revisions\/20360"}],"wp:attachment":[{"href":"https:\/\/nosyberevesdepeche.com\/sv\/wp-json\/wp\/v2\/media?parent=10365"}],"curies":[{"name":"wp","href":"https:\/\/api.w.org\/{rel}","templated":true}]}}