{"id":9293,"date":"2025-01-12T14:57:33","date_gmt":"2025-01-12T13:57:33","guid":{"rendered":"https:\/\/nosyberevesdepeche.com\/pesca-cap-san-sebastien\/"},"modified":"2026-02-05T05:13:33","modified_gmt":"2026-02-05T04:13:33","slug":"pesca-madagascar-cabo-san-sebastian","status":"publish","type":"page","link":"https:\/\/nosyberevesdepeche.com\/pt-pt\/pesca-madagascar-cabo-san-sebastian\/","title":{"rendered":"Cabo San Sebasti\u00e1n"},"content":{"rendered":"\t\t<div data-elementor-type=\"wp-page\" data-elementor-id=\"9293\" class=\"elementor elementor-9293 elementor-2850\" data-elementor-post-type=\"page\">\n\t\t\t\t<div class=\"elementor-element elementor-element-2d5643a animated-slow e-flex e-con-boxed elementor-invisible e-con e-parent\" data-id=\"2d5643a\" data-element_type=\"container\" data-e-type=\"container\" data-settings=\"{&quot;animation&quot;:&quot;fadeIn&quot;,&quot;animation_delay&quot;:0}\">\n\t\t\t\t\t<div class=\"e-con-inner\">\n\t\t\t\t<div class=\"elementor-element elementor-element-317fb4b elementor-widget-tablet__width-inherit elementor-widget elementor-widget-heading\" data-id=\"317fb4b\" data-element_type=\"widget\" data-e-type=\"widget\" data-widget_type=\"heading.default\">\n\t\t\t\t<div class=\"elementor-widget-container\">\n\t\t\t\t\t<h1 class=\"elementor-heading-title elementor-size-default\">M\u00edtico Cabo San Sebasti\u00e1n, local de refer\u00eancia para a pesca desportiva em Madag\u00e1scar<\/h1>\t\t\t\t<\/div>\n\t\t\t\t<\/div>\n\t\t\t\t\t<\/div>\n\t\t\t\t<\/div>\n\t\t<div class=\"elementor-element elementor-element-cb13acf e-flex e-con-boxed elementor-invisible e-con e-parent\" data-id=\"cb13acf\" data-element_type=\"container\" data-e-type=\"container\" data-settings=\"{&quot;animation&quot;:&quot;fadeIn&quot;}\">\n\t\t\t\t\t<div class=\"e-con-inner\">\n\t\t\t\t<div class=\"elementor-element elementor-element-df0e1dc elementor-widget elementor-widget-shortcode\" data-id=\"df0e1dc\" data-element_type=\"widget\" data-e-type=\"widget\" data-widget_type=\"shortcode.default\">\n\t\t\t\t<div class=\"elementor-widget-container\">\n\t\t\t\t\t\t\t<div class=\"elementor-shortcode\">\n\t\t\t\t<p class=\"rs-p-wp-fix\"><\/p>\n\t\t\t\t<sr7-module data-alias=\"mythique-cap-san-sebastien\" data-id=\"89\" id=\"SR7_89_1\" data-version=\"6.7.41\">\n\t\t\t\t\t<sr7-adjuster><\/sr7-adjuster>\n\t\t\t\t\t<sr7-content>\n\t\t\t\t\t\t<sr7-slide id=\"SR7_89_1-424\" data-key=\"424\">\n\t\t\t\t\t\t\t<h2 id=\"SR7_89_1-424-2\" class=\"sr7-layer\">Para os amantes da pesca desportiva<\/h2>\n\t\t\t\t\t\t\t<h3 id=\"SR7_89_1-424-3\" class=\"sr7-layer\">O indom\u00e1vel Cabo San Sebasti\u00e1n<\/h3>\n\t\t\t\t\t\t\t<p id=\"SR7_89_1-424-4\" class=\"sr7-layer\">Localizado na costa noroeste de Madag\u00e1scar, cerca de 120 quil\u00f3metros a norte de Nosy Be, o Cabo San Sebasti\u00e1n \u00e9 rodeado por recifes e zonas de pesca excecionais. Desde Nosy Mitsio, onde se hospeda durante a estadia, n\u00e3o poupamos combust\u00edvel para alcan\u00e7ar v\u00e1rias vezes este ponto m\u00edtico ou os seus arredores. Isso permite-nos aceder a zonas de pesca preservadas e pouco exploradas, que prometem lutas intensas com exemplares de grande porte. Uma joia bruta para os apaixonados pela pesca desportiva.<\/p>\n\t\t\t\t\t\t<\/sr7-slide>\n\t\t\t\t\t\t<sr7-slide id=\"SR7_89_1-543\" data-key=\"543\">\n\t\t\t\t\t\t\t<sr7-bg id=\"SR7_89_1-543-slidebg\" class=\"sr7-layer\"><noscript><img decoding=\"async\" src=\"https:\/\/nosyberevesdepeche.com\/wp-content\/uploads\/fond-mer-Photoroom.jpg\" alt=\"\" title=\"\"><\/noscript><\/sr7-bg>\n\t\t\t\t\t\t\t<h2 id=\"SR7_89_1-543-2\" class=\"sr7-layer\">T\u00e9cnica de pesca suprema<\/h2>\n\t\t\t\t\t\t\t<h3 id=\"SR7_89_1-543-3\" class=\"sr7-layer\">O indom\u00e1vel Cabo San Sebasti\u00e1n<\/h3>\n\t\t\t\t\t\t\t<p id=\"SR7_89_1-543-4\" class=\"sr7-layer\">O Cabo San Sebasti\u00e1n oferece o cen\u00e1rio perfeito para o popping, com seus planaltos de corais e \u00e1reas rasas onde ca\u00e7am xar\u00e9us gigantes e outros predadores ic\u00f4nicos. Um destino incr\u00edvel para combates espetaculares.<\/p>\n\t\t\t\t\t\t<\/sr7-slide>\n\t\t\t\t\t\t<sr7-slide id=\"SR7_89_1-334\" data-key=\"334\">\n\t\t\t\t\t\t\t<sr7-bg id=\"SR7_89_1-334-slidebg\" class=\"sr7-layer\"><noscript><img decoding=\"async\" src=\"https:\/\/nosyberevesdepeche.com\/wp-content\/uploads\/cap-san-sebastien-merou-scaled-e1747659694607.webp\" alt=\"P\u00eache au jig et capture d&#039;un m\u00e9rou c\u00e9leste au Cap San S\u00e9bastien, puis rel\u00e2cher dans le cadre d\u2019une p\u00eache responsable\" title=\"M\u00e9rou c\u00e9leste captur\u00e9 au jig au Cap San S\u00e9bastien\"><\/noscript><\/sr7-bg>\n\t\t\t\t\t\t\t<h2 id=\"SR7_89_1-334-2\" class=\"sr7-layer\">Incr\u00edveis oportunidades de pesca<\/h2>\n\t\t\t\t\t\t\t<h3 id=\"SR7_89_1-334-3\" class=\"sr7-layer\">O indom\u00e1vel Cabo San Sebasti\u00e1n<\/h3>\n\t\t\t\t\t\t\t<p id=\"SR7_89_1-334-4\" class=\"sr7-layer\">Quer seja adepto de popping, jigging ou corrico, as \u00e1guas do Cabo San Sebasti\u00e1n est\u00e3o cheias de exemplares impressionantes. Xar\u00e9s gigantes, atum dentes-de-c\u00e3o, garoupas e barracudas s\u00e3o alguns dos desafios que o aguardam nestas \u00e1guas conhecidas pela sua riqueza e diversidade. A nossa tripula\u00e7\u00e3o local, conhecedora dos melhores pontos, estar\u00e1 sempre ao seu lado para maximizar as suas chances de capturas memor\u00e1veis.<\/p>\n\t\t\t\t\t\t<\/sr7-slide>\n\t\t\t\t\t\t<sr7-slide id=\"SR7_89_1-1069\" data-key=\"1069\">\n\t\t\t\t\t\t\t<sr7-bg id=\"SR7_89_1-1069-slidebg\" class=\"sr7-layer\"><noscript><img decoding=\"async\" src=\"https:\/\/nosyberevesdepeche.com\/wp-content\/uploads\/peche-madagascar-cap-san-sebastien-barracuda-e1765634389215.webp\" alt=\"Superbe barracuda captur\u00e9 au jig au Cap San S\u00e9bastien \u00e0 Madagascar\" title=\"Barracuda au jig \u00e0 Madagascar\"><\/noscript><\/sr7-bg>\n\t\t\t\t\t\t\t<h2 id=\"SR7_89_1-1069-2\" class=\"sr7-layer\">O jigging, uma t\u00e9cnica poderosa<\/h2>\n\t\t\t\t\t\t\t<h3 id=\"SR7_89_1-1069-3\" class=\"sr7-layer\">O indom\u00e1vel Cabo San Sebasti\u00e1n<\/h3>\n\t\t\t\t\t\t\t<p id=\"SR7_89_1-1069-4\" class=\"sr7-layer\"> para a pesca desportiva em Madag\u00e1scar.\nO jigging \u00e9 uma t\u00e9cnica de pesca vertical que consiste em animar uma amostra met\u00e1lica, chamada jig, para imitar o movimento de fuga de um peixe ferido. No Cabo San Sebasti\u00e1n, este m\u00e9todo \u00e9 especialmente eficaz nos desn\u00edveis e nos planaltos rochosos onde vivem muitos predadores.\nUsamos normalmente jigs de 150 a 200 g, perfeitamente adaptados \u00e0 profundidade e \u00e0 corrente da zona. Fisicamente exigente, esta t\u00e9cnica requer resist\u00eancia e equipamento de qualidade, mas proporciona combates intensos com atuns-dentes-de-c\u00e3o, carang\u00eddeos, garoupas e wahoo.\n\n<\/p>\n\t\t\t\t\t\t<\/sr7-slide>\n\t\t\t\t\t\t<sr7-slide id=\"SR7_89_1-1078\" data-key=\"1078\">\n\t\t\t\t\t\t\t<sr7-bg id=\"SR7_89_1-1078-slidebg\" class=\"sr7-layer\"><noscript><img decoding=\"async\" src=\"https:\/\/nosyberevesdepeche.com\/wp-content\/uploads\/peche-madagascar-lior-trevally.jpg\" alt=\"La p\u00eache \u00e0 Madagascar dans toute sa splendeur, \u00e9norme GT prise au popper \u00e0 Nosy Mitsio\" title=\"Enorme carangue \u00e0 Nosy Mitsio\"><\/noscript><\/sr7-bg>\n\t\t\t\t\t\t\t<h2 id=\"SR7_89_1-1078-2\" class=\"sr7-layer\">O popping, a t\u00e9cnica rainha <\/h2>\n\t\t\t\t\t\t\t<h3 id=\"SR7_89_1-1078-3\" class=\"sr7-layer\">O indom\u00e1vel Cabo San Sebasti\u00e1n<\/h3>\n\t\t\t\t\t\t\t<p id=\"SR7_89_1-1078-4\" class=\"sr7-layer\">dos recifes de coral.Espetacular e eficaz, o popping \u00e9 uma arma indispens\u00e1vel para o big game fishing em Madag\u00e1scar.\nEm redor de Nosy Mitsio e do Cabo San Sebasti\u00e1n, esta t\u00e9cnica de pesca desportiva provoca ataques explosivos das carang\u00eddeas gigantes e de outros predadores de superf\u00edcie.\nPot\u00eancia, adrenalina e precis\u00e3o : o popping personifica a verdadeira ess\u00eancia da pesca desportiva em Madag\u00e1scar.\n<\/p>\n\t\t\t\t\t\t<\/sr7-slide>\n\t\t\t\t\t\t<sr7-slide id=\"SR7_89_1-1095\" data-key=\"1095\">\n\t\t\t\t\t\t\t<sr7-bg id=\"SR7_89_1-1095-slidebg\" class=\"sr7-layer\"><noscript><img decoding=\"async\" src=\"https:\/\/nosyberevesdepeche.com\/wp-content\/uploads\/peche-madagascar-mitsio-gros-merou-1.webp\" alt=\"Un superbe m\u00e9rou captur\u00e9 au Cap san S\u00e9bastien, Madagascar\" title=\"M\u00e9rou \u00e0 Madagascar\"><\/noscript><\/sr7-bg>\n\t\t\t\t\t\t\t<h2 id=\"SR7_89_1-1095-2\" class=\"sr7-layer\">Uma diversidade muito ampla<\/h2>\n\t\t\t\t\t\t\t<h3 id=\"SR7_89_1-1095-3\" class=\"sr7-layer\">O indom\u00e1vel Cabo San Sebasti\u00e1n<\/h3>\n\t\t\t\t\t\t\t<p id=\"SR7_89_1-1095-4\" class=\"sr7-layer\">de peixes caracteriza o Cabo San Sebasti\u00e1n, uma verdadeira joia do big game fishing e da pesca desportiva em Madagascar. Em popping ou jigging, nunca se sabe que esp\u00e9cie vai atacar o isco : GT, garoupa, barracuda, wahoo, atum-dente-de-c\u00e3o\u2026 marlin n\u00e3o exclu\u00eddo !<\/p>\n\t\t\t\t\t\t<\/sr7-slide>\n\t\t\t\t\t\t<sr7-slide id=\"SR7_89_1-738\" data-key=\"738\">\n\t\t\t\t\t\t<\/sr7-slide>\n\t\t\t\t\t<\/sr7-content>\n\t\t\t\t<\/sr7-module>\n\t\t\t\t<script>\n\t\t\t\t\tSR7.PMH ??={}; SR7.PMH[\"SR7_89_1\"] = {cn:100,state:false,fn: function() { if (_tpt!==undefined && _tpt.prepareModuleHeight !== undefined) {  _tpt.prepareModuleHeight({id:\"SR7_89_1\",el:[800,700,600,600],type:'standard',shdw:'0',gh:[800,700,600,600],gw:[1200,1024,778,480],vpt:['-200px'],size:{fullWidth:true, fullHeight:false},mh:'0',onh:0,onw:0,bg:{color:'transparent'},plType:'-1',plColor:'#FFFFFF'});   SR7.PMH[\"SR7_89_1\"].state=true;} else if(SR7.PMH[\"SR7_89_1\"].cn-->0)\tsetTimeout( SR7.PMH[\"SR7_89_1\"].fn,19);}};SR7.PMH[\"SR7_89_1\" ].fn();\n\t\t\t\t<\/script>\n<\/div>\n\t\t\t\t\t\t<\/div>\n\t\t\t\t<\/div>\n\t\t\t\t\t<\/div>\n\t\t\t\t<\/div>\n\t\t<div class=\"elementor-element elementor-element-a492836 e-flex e-con-boxed elementor-invisible e-con e-parent\" data-id=\"a492836\" data-element_type=\"container\" data-e-type=\"container\" data-settings=\"{&quot;animation&quot;:&quot;slideInUp&quot;,&quot;animation_delay&quot;:200}\">\n\t\t\t\t\t<div class=\"e-con-inner\">\n\t\t\t\t<div class=\"elementor-element elementor-element-f7c6119 elementor-widget__width-initial elementor-widget elementor-widget-text-editor\" data-id=\"f7c6119\" data-element_type=\"widget\" data-e-type=\"widget\" data-widget_type=\"text-editor.default\">\n\t\t\t\t<div class=\"elementor-widget-container\">\n\t\t\t\t\t\t\t\t\t<p>A cerca de 3 horas a norte de Nosy Be, um para\u00edso para a pesca desportiva e o big game fishing em Madag\u00e1scar.<\/p><p><span style=\"color: #003366; font-weight: bold;\">As nossas viagens de pesca a partir de Nosy Be<\/span> incluem as transfer\u00eancias de e para Nosy Mitsio, o aluguer do barco com uma tripula\u00e7\u00e3o local experiente, o combust\u00edvel, pens\u00e3o completa em bungalows na praia e \u00e1gua engarrafada.<\/p><p>A partir da nossa base em <a href=\"https:\/\/nosyberevesdepeche.com\/pt-pt\/pesca-madagascar-nosy-mitsio\/\">Nosy Mitsio<\/a> e gra\u00e7as a <strong>uma reserva significativa de combust\u00edvel<\/strong>, chegamos ao Cabo San Sebasti\u00e1n para combates memor\u00e1veis.<\/p>\t\t\t\t\t\t\t\t<\/div>\n\t\t\t\t<\/div>\n\t\t\t\t\t<\/div>\n\t\t\t\t<\/div>\n\t\t\t\t<\/div>\n\t\t","protected":false},"excerpt":{"rendered":"<p>M\u00edtico Cabo San Sebasti\u00e1n, local de refer\u00eancia para a pesca desportiva em Madag\u00e1scar A cerca de 3 horas a norte de Nosy Be, um para\u00edso para a pesca desportiva e&#8230;<\/p>\n","protected":false},"author":1,"featured_media":17589,"parent":0,"menu_order":0,"comment_status":"closed","ping_status":"closed","template":"elementor_header_footer","meta":{"footnotes":""},"class_list":["post-9293","page","type-page","status-publish","has-post-thumbnail"],"yoast_head":"<!-- This site is optimized with the Yoast SEO plugin v27.4 - https:\/\/yoast.com\/product\/yoast-seo-wordpress\/ -->\n<title>Para\u00edso para a pesca desportiva em Madag\u00e1scar - Nosy Be R\u00eaves de P\u00eache<\/title>\n<meta name=\"description\" content=\"Um destino m\u00edtico para a pesca desportiva, o Cabo San Sebasti\u00e1n promete combates memor\u00e1veis. Acess\u00edvel a partir de Nosy Mitsio.\" \/>\n<meta name=\"robots\" content=\"index, follow, max-snippet:-1, max-image-preview:large, max-video-preview:-1\" \/>\n<link rel=\"canonical\" href=\"https:\/\/nosyberevesdepeche.com\/pt-pt\/pesca-madagascar-cabo-san-sebastian\/\" \/>\n<meta property=\"og:locale\" content=\"pt_PT\" \/>\n<meta property=\"og:type\" content=\"article\" \/>\n<meta property=\"og:title\" content=\"Para\u00edso para a pesca desportiva em Madag\u00e1scar - Nosy Be R\u00eaves de P\u00eache\" \/>\n<meta property=\"og:description\" content=\"Um destino m\u00edtico para a pesca desportiva, o Cabo San Sebasti\u00e1n promete combates memor\u00e1veis. Acess\u00edvel a partir de Nosy Mitsio.\" \/>\n<meta property=\"og:url\" content=\"https:\/\/nosyberevesdepeche.com\/pt-pt\/pesca-madagascar-cabo-san-sebastian\/\" \/>\n<meta property=\"og:site_name\" content=\"Nosy Be R\u00eaves de P\u00eache\" \/>\n<meta property=\"article:publisher\" content=\"https:\/\/www.facebook.com\/nosyberevesdepeche\" \/>\n<meta property=\"article:modified_time\" content=\"2026-02-05T04:13:33+00:00\" \/>\n<meta property=\"og:image\" content=\"https:\/\/nosyberevesdepeche.com\/wp-content\/uploads\/cap-san-sebastien-merou-scaled-e1747659694607.webp\" \/>\n\t<meta property=\"og:image:width\" content=\"2560\" \/>\n\t<meta property=\"og:image:height\" content=\"1440\" \/>\n\t<meta property=\"og:image:type\" content=\"image\/webp\" \/>\n<meta name=\"twitter:card\" content=\"summary_large_image\" \/>\n<meta name=\"twitter:label1\" content=\"Tempo estimado de leitura\" \/>\n\t<meta name=\"twitter:data1\" content=\"1 minuto\" \/>\n<script type=\"application\/ld+json\" class=\"yoast-schema-graph\">{\"@context\":\"https:\\\/\\\/schema.org\",\"@graph\":[{\"@type\":\"WebPage\",\"@id\":\"https:\\\/\\\/nosyberevesdepeche.com\\\/pt-pt\\\/pesca-madagascar-cabo-san-sebastian\\\/\",\"url\":\"https:\\\/\\\/nosyberevesdepeche.com\\\/pt-pt\\\/pesca-madagascar-cabo-san-sebastian\\\/\",\"name\":\"Para\u00edso para a pesca desportiva em Madag\u00e1scar - Nosy Be R\u00eaves de P\u00eache\",\"isPartOf\":{\"@id\":\"https:\\\/\\\/nosyberevesdepeche.com\\\/pt-pt\\\/#website\"},\"primaryImageOfPage\":{\"@id\":\"https:\\\/\\\/nosyberevesdepeche.com\\\/pt-pt\\\/pesca-madagascar-cabo-san-sebastian\\\/#primaryimage\"},\"image\":{\"@id\":\"https:\\\/\\\/nosyberevesdepeche.com\\\/pt-pt\\\/pesca-madagascar-cabo-san-sebastian\\\/#primaryimage\"},\"thumbnailUrl\":\"https:\\\/\\\/nosyberevesdepeche.com\\\/wp-content\\\/uploads\\\/cap-san-sebastien-merou-scaled-e1747659694607.webp\",\"datePublished\":\"2025-01-12T13:57:33+00:00\",\"dateModified\":\"2026-02-05T04:13:33+00:00\",\"description\":\"Um destino m\u00edtico para a pesca desportiva, o Cabo San Sebasti\u00e1n promete combates memor\u00e1veis. Acess\u00edvel a partir de Nosy Mitsio.\",\"breadcrumb\":{\"@id\":\"https:\\\/\\\/nosyberevesdepeche.com\\\/pt-pt\\\/pesca-madagascar-cabo-san-sebastian\\\/#breadcrumb\"},\"inLanguage\":\"pt-PT\",\"potentialAction\":[{\"@type\":\"ReadAction\",\"target\":[\"https:\\\/\\\/nosyberevesdepeche.com\\\/pt-pt\\\/pesca-madagascar-cabo-san-sebastian\\\/\"]}]},{\"@type\":\"ImageObject\",\"inLanguage\":\"pt-PT\",\"@id\":\"https:\\\/\\\/nosyberevesdepeche.com\\\/pt-pt\\\/pesca-madagascar-cabo-san-sebastian\\\/#primaryimage\",\"url\":\"https:\\\/\\\/nosyberevesdepeche.com\\\/wp-content\\\/uploads\\\/cap-san-sebastien-merou-scaled-e1747659694607.webp\",\"contentUrl\":\"https:\\\/\\\/nosyberevesdepeche.com\\\/wp-content\\\/uploads\\\/cap-san-sebastien-merou-scaled-e1747659694607.webp\",\"width\":2560,\"height\":1440,\"caption\":\"Pesca em jigging e captura de uma garoupa celeste no Cabo San Sebasti\u00e1n, depois libertada no \u00e2mbito de uma pesca respons\u00e1vel\"},{\"@type\":\"BreadcrumbList\",\"@id\":\"https:\\\/\\\/nosyberevesdepeche.com\\\/pt-pt\\\/pesca-madagascar-cabo-san-sebastian\\\/#breadcrumb\",\"itemListElement\":[{\"@type\":\"ListItem\",\"position\":1,\"name\":\"Accueil\",\"item\":\"https:\\\/\\\/nosyberevesdepeche.com\\\/pt-pt\\\/\"},{\"@type\":\"ListItem\",\"position\":2,\"name\":\"Cabo San Sebasti\u00e1n\"}]},{\"@type\":\"WebSite\",\"@id\":\"https:\\\/\\\/nosyberevesdepeche.com\\\/pt-pt\\\/#website\",\"url\":\"https:\\\/\\\/nosyberevesdepeche.com\\\/pt-pt\\\/\",\"name\":\"Nosy Be R\u00eaves de P\u00eache\",\"description\":\"Pesca desportiva e big game fishing em Madag\u00e1scar, a partir de Nosy Be\",\"publisher\":{\"@id\":\"https:\\\/\\\/nosyberevesdepeche.com\\\/pt-pt\\\/#organization\"},\"potentialAction\":[{\"@type\":\"SearchAction\",\"target\":{\"@type\":\"EntryPoint\",\"urlTemplate\":\"https:\\\/\\\/nosyberevesdepeche.com\\\/pt-pt\\\/?s={search_term_string}\"},\"query-input\":{\"@type\":\"PropertyValueSpecification\",\"valueRequired\":true,\"valueName\":\"search_term_string\"}}],\"inLanguage\":\"pt-PT\"},{\"@type\":\"Organization\",\"@id\":\"https:\\\/\\\/nosyberevesdepeche.com\\\/pt-pt\\\/#organization\",\"name\":\"Nosy Be R\u00eaves de P\u00eache\",\"url\":\"https:\\\/\\\/nosyberevesdepeche.com\\\/pt-pt\\\/\",\"logo\":{\"@type\":\"ImageObject\",\"inLanguage\":\"pt-PT\",\"@id\":\"https:\\\/\\\/nosyberevesdepeche.com\\\/pt-pt\\\/#\\\/schema\\\/logo\\\/image\\\/\",\"url\":\"https:\\\/\\\/nosyberevesdepeche.com\\\/wp-content\\\/uploads\\\/sejour-cap-san-sebastien.jpg\",\"contentUrl\":\"https:\\\/\\\/nosyberevesdepeche.com\\\/wp-content\\\/uploads\\\/sejour-cap-san-sebastien.jpg\",\"width\":2048,\"height\":1542,\"caption\":\"Nosy Be R\u00eaves de P\u00eache\"},\"image\":{\"@id\":\"https:\\\/\\\/nosyberevesdepeche.com\\\/pt-pt\\\/#\\\/schema\\\/logo\\\/image\\\/\"},\"sameAs\":[\"https:\\\/\\\/www.facebook.com\\\/nosyberevesdepeche\",\"https:\\\/\\\/www.youtube.com\\\/@NosyBeRevesdePeche\",\"https:\\\/\\\/www.instagram.com\\\/nosyberevesdepeche\\\/\",\"https:\\\/\\\/www.tiktok.com\\\/@nosy_be_reves_de_peche\"]}]}<\/script>\n<!-- \/ Yoast SEO plugin. -->","yoast_head_json":{"title":"Para\u00edso para a pesca desportiva em Madag\u00e1scar - Nosy Be R\u00eaves de P\u00eache","description":"Um destino m\u00edtico para a pesca desportiva, o Cabo San Sebasti\u00e1n promete combates memor\u00e1veis. Acess\u00edvel a partir de Nosy Mitsio.","robots":{"index":"index","follow":"follow","max-snippet":"max-snippet:-1","max-image-preview":"max-image-preview:large","max-video-preview":"max-video-preview:-1"},"canonical":"https:\/\/nosyberevesdepeche.com\/pt-pt\/pesca-madagascar-cabo-san-sebastian\/","og_locale":"pt_PT","og_type":"article","og_title":"Para\u00edso para a pesca desportiva em Madag\u00e1scar - Nosy Be R\u00eaves de P\u00eache","og_description":"Um destino m\u00edtico para a pesca desportiva, o Cabo San Sebasti\u00e1n promete combates memor\u00e1veis. Acess\u00edvel a partir de Nosy Mitsio.","og_url":"https:\/\/nosyberevesdepeche.com\/pt-pt\/pesca-madagascar-cabo-san-sebastian\/","og_site_name":"Nosy Be R\u00eaves de P\u00eache","article_publisher":"https:\/\/www.facebook.com\/nosyberevesdepeche","article_modified_time":"2026-02-05T04:13:33+00:00","og_image":[{"width":2560,"height":1440,"url":"https:\/\/nosyberevesdepeche.com\/wp-content\/uploads\/cap-san-sebastien-merou-scaled-e1747659694607.webp","type":"image\/webp"}],"twitter_card":"summary_large_image","twitter_misc":{"Tempo estimado de leitura":"1 minuto"},"schema":{"@context":"https:\/\/schema.org","@graph":[{"@type":"WebPage","@id":"https:\/\/nosyberevesdepeche.com\/pt-pt\/pesca-madagascar-cabo-san-sebastian\/","url":"https:\/\/nosyberevesdepeche.com\/pt-pt\/pesca-madagascar-cabo-san-sebastian\/","name":"Para\u00edso para a pesca desportiva em Madag\u00e1scar - Nosy Be R\u00eaves de P\u00eache","isPartOf":{"@id":"https:\/\/nosyberevesdepeche.com\/pt-pt\/#website"},"primaryImageOfPage":{"@id":"https:\/\/nosyberevesdepeche.com\/pt-pt\/pesca-madagascar-cabo-san-sebastian\/#primaryimage"},"image":{"@id":"https:\/\/nosyberevesdepeche.com\/pt-pt\/pesca-madagascar-cabo-san-sebastian\/#primaryimage"},"thumbnailUrl":"https:\/\/nosyberevesdepeche.com\/wp-content\/uploads\/cap-san-sebastien-merou-scaled-e1747659694607.webp","datePublished":"2025-01-12T13:57:33+00:00","dateModified":"2026-02-05T04:13:33+00:00","description":"Um destino m\u00edtico para a pesca desportiva, o Cabo San Sebasti\u00e1n promete combates memor\u00e1veis. Acess\u00edvel a partir de Nosy Mitsio.","breadcrumb":{"@id":"https:\/\/nosyberevesdepeche.com\/pt-pt\/pesca-madagascar-cabo-san-sebastian\/#breadcrumb"},"inLanguage":"pt-PT","potentialAction":[{"@type":"ReadAction","target":["https:\/\/nosyberevesdepeche.com\/pt-pt\/pesca-madagascar-cabo-san-sebastian\/"]}]},{"@type":"ImageObject","inLanguage":"pt-PT","@id":"https:\/\/nosyberevesdepeche.com\/pt-pt\/pesca-madagascar-cabo-san-sebastian\/#primaryimage","url":"https:\/\/nosyberevesdepeche.com\/wp-content\/uploads\/cap-san-sebastien-merou-scaled-e1747659694607.webp","contentUrl":"https:\/\/nosyberevesdepeche.com\/wp-content\/uploads\/cap-san-sebastien-merou-scaled-e1747659694607.webp","width":2560,"height":1440,"caption":"Pesca em jigging e captura de uma garoupa celeste no Cabo San Sebasti\u00e1n, depois libertada no \u00e2mbito de uma pesca respons\u00e1vel"},{"@type":"BreadcrumbList","@id":"https:\/\/nosyberevesdepeche.com\/pt-pt\/pesca-madagascar-cabo-san-sebastian\/#breadcrumb","itemListElement":[{"@type":"ListItem","position":1,"name":"Accueil","item":"https:\/\/nosyberevesdepeche.com\/pt-pt\/"},{"@type":"ListItem","position":2,"name":"Cabo San Sebasti\u00e1n"}]},{"@type":"WebSite","@id":"https:\/\/nosyberevesdepeche.com\/pt-pt\/#website","url":"https:\/\/nosyberevesdepeche.com\/pt-pt\/","name":"Nosy Be R\u00eaves de P\u00eache","description":"Pesca desportiva e big game fishing em Madag\u00e1scar, a partir de Nosy Be","publisher":{"@id":"https:\/\/nosyberevesdepeche.com\/pt-pt\/#organization"},"potentialAction":[{"@type":"SearchAction","target":{"@type":"EntryPoint","urlTemplate":"https:\/\/nosyberevesdepeche.com\/pt-pt\/?s={search_term_string}"},"query-input":{"@type":"PropertyValueSpecification","valueRequired":true,"valueName":"search_term_string"}}],"inLanguage":"pt-PT"},{"@type":"Organization","@id":"https:\/\/nosyberevesdepeche.com\/pt-pt\/#organization","name":"Nosy Be R\u00eaves de P\u00eache","url":"https:\/\/nosyberevesdepeche.com\/pt-pt\/","logo":{"@type":"ImageObject","inLanguage":"pt-PT","@id":"https:\/\/nosyberevesdepeche.com\/pt-pt\/#\/schema\/logo\/image\/","url":"https:\/\/nosyberevesdepeche.com\/wp-content\/uploads\/sejour-cap-san-sebastien.jpg","contentUrl":"https:\/\/nosyberevesdepeche.com\/wp-content\/uploads\/sejour-cap-san-sebastien.jpg","width":2048,"height":1542,"caption":"Nosy Be R\u00eaves de P\u00eache"},"image":{"@id":"https:\/\/nosyberevesdepeche.com\/pt-pt\/#\/schema\/logo\/image\/"},"sameAs":["https:\/\/www.facebook.com\/nosyberevesdepeche","https:\/\/www.youtube.com\/@NosyBeRevesdePeche","https:\/\/www.instagram.com\/nosyberevesdepeche\/","https:\/\/www.tiktok.com\/@nosy_be_reves_de_peche"]}]}},"_links":{"self":[{"href":"https:\/\/nosyberevesdepeche.com\/pt-pt\/wp-json\/wp\/v2\/pages\/9293","targetHints":{"allow":["GET"]}}],"collection":[{"href":"https:\/\/nosyberevesdepeche.com\/pt-pt\/wp-json\/wp\/v2\/pages"}],"about":[{"href":"https:\/\/nosyberevesdepeche.com\/pt-pt\/wp-json\/wp\/v2\/types\/page"}],"author":[{"embeddable":true,"href":"https:\/\/nosyberevesdepeche.com\/pt-pt\/wp-json\/wp\/v2\/users\/1"}],"replies":[{"embeddable":true,"href":"https:\/\/nosyberevesdepeche.com\/pt-pt\/wp-json\/wp\/v2\/comments?post=9293"}],"version-history":[{"count":44,"href":"https:\/\/nosyberevesdepeche.com\/pt-pt\/wp-json\/wp\/v2\/pages\/9293\/revisions"}],"predecessor-version":[{"id":30415,"href":"https:\/\/nosyberevesdepeche.com\/pt-pt\/wp-json\/wp\/v2\/pages\/9293\/revisions\/30415"}],"wp:featuredmedia":[{"embeddable":true,"href":"https:\/\/nosyberevesdepeche.com\/pt-pt\/wp-json\/wp\/v2\/media\/17589"}],"wp:attachment":[{"href":"https:\/\/nosyberevesdepeche.com\/pt-pt\/wp-json\/wp\/v2\/media?parent=9293"}],"curies":[{"name":"wp","href":"https:\/\/api.w.org\/{rel}","templated":true}]}}