{"id":31242,"date":"2026-03-03T18:14:19","date_gmt":"2026-03-03T17:14:19","guid":{"rendered":"https:\/\/nosyberevesdepeche.com\/pesca-madagascar-banco-do-grand-castor\/"},"modified":"2026-03-07T13:03:11","modified_gmt":"2026-03-07T12:03:11","slug":"pesca-madagascar-banco-do-grand-castor","status":"publish","type":"page","link":"https:\/\/nosyberevesdepeche.com\/pt-pt\/pesca-madagascar-banco-do-grand-castor\/","title":{"rendered":"Banco do Grand Castor"},"content":{"rendered":"\t\t<div data-elementor-type=\"wp-page\" data-elementor-id=\"31242\" class=\"elementor elementor-31242 elementor-31018\" data-elementor-post-type=\"page\">\n\t\t\t\t<div class=\"elementor-element elementor-element-0626579 animated-slow e-flex e-con-boxed elementor-invisible e-con e-parent\" data-id=\"0626579\" data-element_type=\"container\" data-e-type=\"container\" data-settings=\"{&quot;animation&quot;:&quot;fadeIn&quot;}\">\n\t\t\t\t\t<div class=\"e-con-inner\">\n\t\t\t\t<div class=\"elementor-element elementor-element-f6ce42e elementor-widget__width-inherit elementor-widget-mobile__width-inherit elementor-widget elementor-widget-heading\" data-id=\"f6ce42e\" data-element_type=\"widget\" data-e-type=\"widget\" data-widget_type=\"heading.default\">\n\t\t\t\t<div class=\"elementor-widget-container\">\n\t\t\t\t\t<h1 class=\"elementor-heading-title elementor-size-default\">Pesca em Nosy Be : o famoso Banco do Grand Castor<\/h1>\t\t\t\t<\/div>\n\t\t\t\t<\/div>\n\t\t\t\t\t<\/div>\n\t\t\t\t<\/div>\n\t\t<div class=\"elementor-element elementor-element-e359e35 e-flex e-con-boxed elementor-invisible e-con e-parent\" data-id=\"e359e35\" data-element_type=\"container\" data-e-type=\"container\" data-settings=\"{&quot;animation&quot;:&quot;fadeIn&quot;}\">\n\t\t\t\t\t<div class=\"e-con-inner\">\n\t\t\t\t<div class=\"elementor-element elementor-element-4f953a9 elementor-widget elementor-widget-shortcode\" data-id=\"4f953a9\" data-element_type=\"widget\" data-e-type=\"widget\" data-widget_type=\"shortcode.default\">\n\t\t\t\t<div class=\"elementor-widget-container\">\n\t\t\t\t\t\t\t<div class=\"elementor-shortcode\">\n\t\t\t\t<p class=\"rs-p-wp-fix\"><\/p>\n\t\t\t\t<sr7-module data-alias=\"grand-castor-clean-news-slider-1\" data-id=\"195\" id=\"SR7_195_1\" class=\"rs-ov-hidden\" data-version=\"6.7.41\">\n\t\t\t\t\t<sr7-adjuster><\/sr7-adjuster>\n\t\t\t\t\t<sr7-content>\n\t\t\t\t\t\t<sr7-slide id=\"SR7_195_1-2247\" data-key=\"2247\">\n\t\t\t\t\t\t\t<sr7-bg id=\"SR7_195_1-2247-5\" class=\"sr7-layer\"><noscript><img decoding=\"async\" src=\"https:\/\/nosyberevesdepeche.com\/wp-content\/uploads\/peche-nosy-be-banc-grand-castor-carangue-gt-1.jpeg\" alt=\"P\u00eache au gros au Banc du Grand Castor depuis Nosy Be, Madagascar\" title=\"Banc du Grand Castor depuis Nosy Be\"><\/noscript><\/sr7-bg>\n\t\t\t\t\t\t\t<h2 id=\"SR7_195_1-2247-2\" class=\"sr7-layer\">A zona de pesca<\/h2>\n\t\t\t\t\t\t\t<p id=\"SR7_195_1-2247-3\" class=\"sr7-layer\">Grand Castor imperd\u00edvel<\/p>\n\t\t\t\t\t\t\t<p id=\"SR7_195_1-2247-4\" class=\"sr7-layer\">Situado a cerca de duas horas de navega\u00e7\u00e3o r\u00e1pida desde Nosy Be, o Banco do Grand Castor \u00e9 um baixio isolado no noroeste de Madagascar, conhecido pela pesca desportiva. Alterna zonas pouco profundas e relevos marcados, criando condi\u00e7\u00f5es favor\u00e1veis \u00e0 presen\u00e7a regular de grandes predadores tropicais. Setor exigente e t\u00e9cnico, o Grand Castor dirige-se a pescadores em busca de combates potentes numa das zonas offshore mais interessantes da regi\u00e3o.<\/p>\n\t\t\t\t\t\t<\/sr7-slide>\n\t\t\t\t\t\t<sr7-slide id=\"SR7_195_1-2249\" data-key=\"2249\">\n\t\t\t\t\t\t\t<sr7-bg id=\"SR7_195_1-2249-5\" class=\"sr7-layer\"><noscript><img decoding=\"async\" src=\"https:\/\/nosyberevesdepeche.com\/wp-content\/uploads\/peche-nosy-be-banc-grand-castor-thon-jaune.jpg\" alt=\"P\u00eache au gros depuis Nosy be au Banc du Grand Castor : thon jaune\" title=\"peche-nosy-be-banc-grand-castor-thon-jaune\"><\/noscript><\/sr7-bg>\n\t\t\t\t\t\t\t<h2 id=\"SR7_195_1-2249-2\" class=\"sr7-layer\">As ca\u00e7adas de atum albacora<\/h2>\n\t\t\t\t\t\t\t<p id=\"SR7_195_1-2249-3\" class=\"sr7-layer\">Grand Castor imperd\u00edvel<\/p>\n\t\t\t\t\t\t\t<p id=\"SR7_195_1-2249-4\" class=\"sr7-layer\">s\u00e3o frequentes na zona e oferecem oportunidades espetaculares de pesca com popping. No entanto exigem grande capacidade de rea\u00e7\u00e3o : detetar uma ca\u00e7ada \u00e0 dist\u00e2ncia, antecipar os seus movimentos e posicionar o barco no momento certo e no local certo. Nestas situa\u00e7\u00f5es, a experi\u00eancia de Jean-Claude, o nosso skipper, faz toda a diferen\u00e7a.<\/p>\n\t\t\t\t\t\t<\/sr7-slide>\n\t\t\t\t\t\t<sr7-slide id=\"SR7_195_1-2248\" data-key=\"2248\">\n\t\t\t\t\t\t\t<sr7-bg id=\"SR7_195_1-2248-5\" class=\"sr7-layer\"><noscript><img decoding=\"async\" src=\"https:\/\/nosyberevesdepeche.com\/wp-content\/uploads\/peche-madagascar-banc-grand-castor-carangue-gt-4-1-e1772642366304.webp\" alt=\"P\u00eache au gros depuis Nosy be au Banc du Grand Castor : carangue GT au popper\" title=\"P\u00eache au gros depuis Nosy Be\"><\/noscript><\/sr7-bg>\n\t\t\t\t\t\t\t<h2 id=\"SR7_195_1-2248-2\" class=\"sr7-layer\">Oportunidades \u00fanicas<\/h2>\n\t\t\t\t\t\t\t<p id=\"SR7_195_1-2248-3\" class=\"sr7-layer\">Grand Castor imperd\u00edvel<\/p>\n\t\t\t\t\t\t\t<p id=\"SR7_195_1-2248-4\" class=\"sr7-layer\">para capturar esp\u00e9cies ic\u00f3nicas : xar\u00e9us gigantes, atum dente de c\u00e3o, atum de barbatana amarela, peixe-vela, amberjack, cavala-real, barracuda e o santo graal dos pescadores desportivos, o marlim negro.<\/p>\n\t\t\t\t\t\t<\/sr7-slide>\n\t\t\t\t\t\t<sr7-slide id=\"SR7_195_1-2250\" data-key=\"2250\">\n\t\t\t\t\t\t\t<sr7-bg id=\"SR7_195_1-2250-5\" class=\"sr7-layer\"><noscript><img decoding=\"async\" src=\"https:\/\/nosyberevesdepeche.com\/wp-content\/uploads\/peche-nosy-be-banc-grand-castor-merou.jpg\" alt=\"P\u00eache au gros depuis Nosy be au Banc du Grand Castor : m\u00e9rou\" title=\"peche-nosy-be-banc-grand-castor-merou\"><\/noscript><\/sr7-bg>\n\t\t\t\t\t\t\t<h2 id=\"SR7_195_1-2250-2\" class=\"sr7-layer\">O jigging, uma t\u00e9cnica <\/h2>\n\t\t\t\t\t\t\t<p id=\"SR7_195_1-2250-3\" class=\"sr7-layer\">Grand Castor imperd\u00edvel<\/p>\n\t\t\t\t\t\t\t<p id=\"SR7_195_1-2250-4\" class=\"sr7-layer\">extremamente eficaz para capturar uma grande diversidade de esp\u00e9cies. Speed jigging, f\u00edsico e t\u00e9cnico, ou slow jigging, mais acess\u00edvel e menos cansativo, oferecem quase sempre excelentes resultados para a pesca desportiva no Banco do Grand Castor.<\/p>\n\t\t\t\t\t\t<\/sr7-slide>\n\t\t\t\t\t\t<sr7-slide id=\"SR7_195_1-2252\" data-key=\"2252\">\n\t\t\t\t\t\t\t<sr7-bg id=\"SR7_195_1-2252-5\" class=\"sr7-layer\"><noscript><img decoding=\"async\" src=\"https:\/\/nosyberevesdepeche.com\/wp-content\/uploads\/peche-nosy-be-banc-grand-castor-carangue-gt-2.webp\" alt=\"P\u00eache au gros depuis Nosy be au Banc du Grand Castor : carangue gt au jig\" title=\"peche-nosy-be-banc-grand-castor-carangue-gt-2\"><\/noscript><\/sr7-bg>\n\t\t\t\t\t\t\t<h2 id=\"SR7_195_1-2252-2\" class=\"sr7-layer\">As iscas de superf\u00edcie<\/h2>\n\t\t\t\t\t\t\t<p id=\"SR7_195_1-2252-3\" class=\"sr7-layer\">Grand Castor imperd\u00edvel<\/p>\n\t\t\t\t\t\t\t<p id=\"SR7_195_1-2252-4\" class=\"sr7-layer\">como poppers, stickbaits ou shibuki desencadeiam frequentemente ataques de grandes exemplares. Dominar a pesca ao lan\u00e7amento torna-se ent\u00e3o uma grande vantagem para capturar as maiores GT, wahoo e barracudas.<\/p>\n\t\t\t\t\t\t<\/sr7-slide>\n\t\t\t\t\t\t<sr7-slide id=\"SR7_195_1-2251\" data-key=\"2251\">\n\t\t\t\t\t\t\t<sr7-bg id=\"SR7_195_1-2251-5\" class=\"sr7-layer\"><noscript><img decoding=\"async\" src=\"https:\/\/nosyberevesdepeche.com\/wp-content\/uploads\/peche-nosy-be-banc-du-grand-castor-groupe-e1772704957910.jpg\" alt=\"P\u00eache au gros depuis Nosy be au Banc du Grand Castor : carangue gt et requin\" title=\"peche-nosy-be-banc-du-grand-castor-groupe\"><\/noscript><\/sr7-bg>\n\t\t\t\t\t\t\t<h2 id=\"SR7_195_1-2251-2\" class=\"sr7-layer\">A pesca desportiva<\/h2>\n\t\t\t\t\t\t\t<p id=\"SR7_195_1-2251-3\" class=\"sr7-layer\">Grand Castor imperd\u00edvel<\/p>\n\t\t\t\t\t\t\t<p id=\"SR7_195_1-2251-4\" class=\"sr7-layer\">pratica-se frequentemente em grupo, entre amigos ou entre pescadores individuais que se encontram. \u00c9 um desporto onde o fair play e a conviv\u00eancia s\u00e3o essenciais.<\/p>\n\t\t\t\t\t\t<\/sr7-slide>\n\t\t\t\t\t\t<sr7-slide id=\"SR7_195_1-2253\" data-key=\"2253\">\n\t\t\t\t\t\t<\/sr7-slide>\n\t\t\t\t\t<\/sr7-content>\n\t\t\t\t\t<image_lists style=\"display:none\">\n\t\t\t\t\t\t<img data-src=\"\/\/nosyberevesdepeche.com\/wp-content\/uploads\/peche-nosy-be-banc-grand-castor-carangue-gt-1.jpeg\" data-libid=\"31096\" data-lib=\"medialibrary\" alt=\"P\u00eache au gros au Banc du Grand Castor depuis Nosy Be, Madagascar\" title=\"Banc du Grand Castor depuis Nosy Be\" width=\"0\" height=\"0\" data-dbsrc=\"Ly9ub3N5YmVyZXZlc2RlcGVjaGUuY29tL3dwLWNvbnRlbnQvdXBsb2Fkcy9wZWNoZS1ub3N5LWJlLWJhbmMtZ3JhbmQtY2FzdG9yLWNhcmFuZ3VlLWd0LTEuanBlZw==\"\/>\n\t\t\t\t\t\t<img data-src=\"\/\/nosyberevesdepeche.com\/wp-content\/uploads\/peche-madagascar-banc-grand-castor-carangue-gt-4-1-e1772642366304.webp\" data-libid=\"31088\" data-lib=\"medialibrary\" alt=\"P\u00eache au gros depuis Nosy be au Banc du Grand Castor : carangue GT au popper\" title=\"P\u00eache au gros depuis Nosy Be\" width=\"0\" height=\"0\" data-dbsrc=\"Ly9ub3N5YmVyZXZlc2RlcGVjaGUuY29tL3dwLWNvbnRlbnQvdXBsb2Fkcy9wZWNoZS1tYWRhZ2FzY2FyLWJhbmMtZ3JhbmQtY2FzdG9yLWNhcmFuZ3VlLWd0LTQtMS1lMTc3MjY0MjM2NjMwNC53ZWJw\"\/>\n\t\t\t\t\t\t<img data-src=\"\/\/nosyberevesdepeche.com\/wp-content\/uploads\/peche-nosy-be-banc-grand-castor-thon-jaune.jpg\" data-libid=\"31080\" data-lib=\"medialibrary\" alt=\"P\u00eache au gros depuis Nosy be au Banc du Grand Castor : thon jaune\" title=\"peche-nosy-be-banc-grand-castor-thon-jaune\" width=\"0\" height=\"0\" data-dbsrc=\"Ly9ub3N5YmVyZXZlc2RlcGVjaGUuY29tL3dwLWNvbnRlbnQvdXBsb2Fkcy9wZWNoZS1ub3N5LWJlLWJhbmMtZ3JhbmQtY2FzdG9yLXRob24tamF1bmUuanBn\"\/>\n\t\t\t\t\t\t<img loading=\"lazy\" data-src=\"\/\/nosyberevesdepeche.com\/wp-content\/uploads\/peche-nosy-be-banc-grand-castor-merou.jpg\" data-libid=\"31144\" data-lib=\"medialibrary\" alt=\"P\u00eache au gros depuis Nosy be au Banc du Grand Castor : m\u00e9rou\" title=\"peche-nosy-be-banc-grand-castor-merou\" width=\"0\" height=\"0\" data-dbsrc=\"Ly9ub3N5YmVyZXZlc2RlcGVjaGUuY29tL3dwLWNvbnRlbnQvdXBsb2Fkcy9wZWNoZS1ub3N5LWJlLWJhbmMtZ3JhbmQtY2FzdG9yLW1lcm91LmpwZw==\"\/>\n\t\t\t\t\t\t<img loading=\"lazy\" data-src=\"\/\/nosyberevesdepeche.com\/wp-content\/uploads\/peche-nosy-be-banc-du-grand-castor-groupe-e1772704957910.jpg\" data-libid=\"31184\" data-lib=\"medialibrary\" alt=\"P\u00eache au gros depuis Nosy be au Banc du Grand Castor : carangue gt et requin\" title=\"peche-nosy-be-banc-du-grand-castor-groupe\" width=\"0\" height=\"0\" data-dbsrc=\"Ly9ub3N5YmVyZXZlc2RlcGVjaGUuY29tL3dwLWNvbnRlbnQvdXBsb2Fkcy9wZWNoZS1ub3N5LWJlLWJhbmMtZHUtZ3JhbmQtY2FzdG9yLWdyb3VwZS1lMTc3MjcwNDk1NzkxMC5qcGc=\"\/>\n\t\t\t\t\t\t<img loading=\"lazy\" data-src=\"\/\/nosyberevesdepeche.com\/wp-content\/uploads\/peche-nosy-be-banc-grand-castor-carangue-gt-2.webp\" data-libid=\"31160\" data-lib=\"medialibrary\" alt=\"P\u00eache au gros depuis Nosy be au Banc du Grand Castor : carangue gt au jig\" title=\"peche-nosy-be-banc-grand-castor-carangue-gt-2\" width=\"0\" height=\"0\" data-dbsrc=\"Ly9ub3N5YmVyZXZlc2RlcGVjaGUuY29tL3dwLWNvbnRlbnQvdXBsb2Fkcy9wZWNoZS1ub3N5LWJlLWJhbmMtZ3JhbmQtY2FzdG9yLWNhcmFuZ3VlLWd0LTIud2VicA==\"\/>\n\t\t\t\t\t\t<img loading=\"lazy\" data-src=\"\/\/nosyberevesdepeche.com\/wp-content\/uploads\/peche-nosy-be-banc-grand-castor-thon-jaune-vignette.webp\" data-libid=\"31120\" data-lib=\"medialibrary\" title=\"peche-nosy-be-banc-grand-castor-thon-jaune-vignette\" width=\"0\" height=\"0\" data-dbsrc=\"Ly9ub3N5YmVyZXZlc2RlcGVjaGUuY29tL3dwLWNvbnRlbnQvdXBsb2Fkcy9wZWNoZS1ub3N5LWJlLWJhbmMtZ3JhbmQtY2FzdG9yLXRob24tamF1bmUtdmlnbmV0dGUud2VicA==\"\/>\n\t\t\t\t\t<\/image_lists>\n\t\t\t\t<\/sr7-module>\n\t\t\t\t<script>\n\t\t\t\t\tSR7.PMH ??={}; SR7.PMH[\"SR7_195_1\"] = {cn:100,state:false,fn: function() { if (_tpt!==undefined && _tpt.prepareModuleHeight !== undefined) {  _tpt.prepareModuleHeight({id:\"SR7_195_1\",el:[800,800,700,600,450],type:'standard',shdw:'0',gh:[800,800,700,600,450],gw:[1200,1200,1024,778,480],vpt:['-100px&#039;,&#039;-100px&#039;,&#039;-100px&#039;,&#039;-100px&#039;,&#039;-100px'],size:{fullWidth:true, fullHeight:false},mh:'0',onh:0,onw:98,bg:{color:'{\"orig\":\"transparent\",\"type\":\"solid\",\"string\":\"transparent\"}'},plType:'-1',plColor:'#FFFFFF'});   SR7.PMH[\"SR7_195_1\"].state=true;} else if(SR7.PMH[\"SR7_195_1\"].cn-->0)\tsetTimeout( SR7.PMH[\"SR7_195_1\"].fn,19);}};SR7.PMH[\"SR7_195_1\" ].fn();\n\t\t\t\t<\/script>\n<\/div>\n\t\t\t\t\t\t<\/div>\n\t\t\t\t<\/div>\n\t\t\t\t\t<\/div>\n\t\t\t\t<\/div>\n\t\t<div class=\"elementor-element elementor-element-e1cf234 e-flex e-con-boxed elementor-invisible e-con e-parent\" data-id=\"e1cf234\" data-element_type=\"container\" data-e-type=\"container\" data-settings=\"{&quot;animation&quot;:&quot;slideInUp&quot;,&quot;animation_delay&quot;:200}\">\n\t\t\t\t\t<div class=\"e-con-inner\">\n\t\t\t\t<div class=\"elementor-element elementor-element-1c494d7 elementor-widget elementor-widget-text-editor\" data-id=\"1c494d7\" data-element_type=\"widget\" data-e-type=\"widget\" data-widget_type=\"text-editor.default\">\n\t\t\t\t<div class=\"elementor-widget-container\">\n\t\t\t\t\t\t\t\t\t<p>O Banco do Grand Castor continua a ser uma zona muito produtiva, com muita atividade e uma grande variedade de peixes.<\/p><p>\u00c9 acess\u00edvel a partir de Nosy Be em <a href=\"https:\/\/nosyberevesdepeche.com\/pt-pt\/pesca-dia-nosy-be\/\">sa\u00eddas de pesca de um dia<\/a>, e tamb\u00e9m a partir de Nosy Mitsio durante as <a href=\"https:\/\/nosyberevesdepeche.com\/pt-pt\/pesca-madagascar-nosy-mitsio\/\">estadias<\/a>, e constitui a primeira etapa da nossa <a href=\"https:\/\/nosyberevesdepeche.com\/pt-pt\/pesca-nosy-be-catamara\/\">Expedi\u00e7\u00e3o em Alto Mar<\/a> em catamar\u00e3.<\/p>\t\t\t\t\t\t\t\t<\/div>\n\t\t\t\t<\/div>\n\t\t\t\t\t<\/div>\n\t\t\t\t<\/div>\n\t\t\t\t<\/div>\n\t\t","protected":false},"excerpt":{"rendered":"<p>Pesca em Nosy Be : o famoso Banco do Grand Castor O Banco do Grand Castor continua a ser uma zona muito produtiva, com muita atividade e uma grande variedade&#8230;<\/p>\n","protected":false},"author":1,"featured_media":0,"parent":0,"menu_order":0,"comment_status":"closed","ping_status":"closed","template":"elementor_header_footer","meta":{"footnotes":""},"class_list":["post-31242","page","type-page","status-publish"],"yoast_head":"<!-- This site is optimized with the Yoast SEO plugin v27.4 - https:\/\/yoast.com\/product\/yoast-seo-wordpress\/ -->\n<title>Pesca Nosy Be : Banco do Grand Castor, Madagascar - Nosy Be R\u00eaves de P\u00eache<\/title>\n<meta name=\"description\" content=\"Pesca desde Nosy Be em Madagascar para o Banco do Grand Castor, spot extremo para GT e atum dente-de-c\u00e3o.\" \/>\n<meta name=\"robots\" content=\"index, follow, max-snippet:-1, max-image-preview:large, max-video-preview:-1\" \/>\n<link rel=\"canonical\" href=\"https:\/\/nosyberevesdepeche.com\/pt-pt\/pesca-madagascar-banco-do-grand-castor\/\" \/>\n<meta property=\"og:locale\" content=\"pt_PT\" \/>\n<meta property=\"og:type\" content=\"article\" \/>\n<meta property=\"og:title\" content=\"Pesca Nosy Be : Banco do Grand Castor, Madagascar - Nosy Be R\u00eaves de P\u00eache\" \/>\n<meta property=\"og:description\" content=\"Pesca desde Nosy Be em Madagascar para o Banco do Grand Castor, spot extremo para GT e atum dente-de-c\u00e3o.\" \/>\n<meta property=\"og:url\" content=\"https:\/\/nosyberevesdepeche.com\/pt-pt\/pesca-madagascar-banco-do-grand-castor\/\" \/>\n<meta property=\"og:site_name\" content=\"Nosy Be R\u00eaves de P\u00eache\" \/>\n<meta property=\"article:publisher\" content=\"https:\/\/www.facebook.com\/nosyberevesdepeche\" \/>\n<meta property=\"article:modified_time\" content=\"2026-03-07T12:03:11+00:00\" \/>\n<meta property=\"og:image\" content=\"https:\/\/nosyberevesdepeche.com\/wp-content\/uploads\/sejour-cap-san-sebastien.jpg\" \/>\n\t<meta property=\"og:image:width\" content=\"2048\" \/>\n\t<meta property=\"og:image:height\" content=\"1542\" \/>\n\t<meta property=\"og:image:type\" content=\"image\/jpeg\" \/>\n<meta name=\"twitter:card\" content=\"summary_large_image\" \/>\n<script type=\"application\/ld+json\" class=\"yoast-schema-graph\">{\"@context\":\"https:\\\/\\\/schema.org\",\"@graph\":[{\"@type\":\"WebPage\",\"@id\":\"https:\\\/\\\/nosyberevesdepeche.com\\\/pt-pt\\\/pesca-madagascar-banco-do-grand-castor\\\/\",\"url\":\"https:\\\/\\\/nosyberevesdepeche.com\\\/pt-pt\\\/pesca-madagascar-banco-do-grand-castor\\\/\",\"name\":\"Pesca Nosy Be : Banco do Grand Castor, Madagascar - Nosy Be R\u00eaves de P\u00eache\",\"isPartOf\":{\"@id\":\"https:\\\/\\\/nosyberevesdepeche.com\\\/pt-pt\\\/#website\"},\"datePublished\":\"2026-03-03T17:14:19+00:00\",\"dateModified\":\"2026-03-07T12:03:11+00:00\",\"description\":\"Pesca desde Nosy Be em Madagascar para o Banco do Grand Castor, spot extremo para GT e atum dente-de-c\u00e3o.\",\"breadcrumb\":{\"@id\":\"https:\\\/\\\/nosyberevesdepeche.com\\\/pt-pt\\\/pesca-madagascar-banco-do-grand-castor\\\/#breadcrumb\"},\"inLanguage\":\"pt-PT\",\"potentialAction\":[{\"@type\":\"ReadAction\",\"target\":[\"https:\\\/\\\/nosyberevesdepeche.com\\\/pt-pt\\\/pesca-madagascar-banco-do-grand-castor\\\/\"]}]},{\"@type\":\"BreadcrumbList\",\"@id\":\"https:\\\/\\\/nosyberevesdepeche.com\\\/pt-pt\\\/pesca-madagascar-banco-do-grand-castor\\\/#breadcrumb\",\"itemListElement\":[{\"@type\":\"ListItem\",\"position\":1,\"name\":\"Accueil\",\"item\":\"https:\\\/\\\/nosyberevesdepeche.com\\\/pt-pt\\\/\"},{\"@type\":\"ListItem\",\"position\":2,\"name\":\"Banco do Grand Castor\"}]},{\"@type\":\"WebSite\",\"@id\":\"https:\\\/\\\/nosyberevesdepeche.com\\\/pt-pt\\\/#website\",\"url\":\"https:\\\/\\\/nosyberevesdepeche.com\\\/pt-pt\\\/\",\"name\":\"Nosy Be R\u00eaves de P\u00eache\",\"description\":\"Pesca desportiva e big game fishing em Madag\u00e1scar, a partir de Nosy Be\",\"publisher\":{\"@id\":\"https:\\\/\\\/nosyberevesdepeche.com\\\/pt-pt\\\/#organization\"},\"potentialAction\":[{\"@type\":\"SearchAction\",\"target\":{\"@type\":\"EntryPoint\",\"urlTemplate\":\"https:\\\/\\\/nosyberevesdepeche.com\\\/pt-pt\\\/?s={search_term_string}\"},\"query-input\":{\"@type\":\"PropertyValueSpecification\",\"valueRequired\":true,\"valueName\":\"search_term_string\"}}],\"inLanguage\":\"pt-PT\"},{\"@type\":\"Organization\",\"@id\":\"https:\\\/\\\/nosyberevesdepeche.com\\\/pt-pt\\\/#organization\",\"name\":\"Nosy Be R\u00eaves de P\u00eache\",\"url\":\"https:\\\/\\\/nosyberevesdepeche.com\\\/pt-pt\\\/\",\"logo\":{\"@type\":\"ImageObject\",\"inLanguage\":\"pt-PT\",\"@id\":\"https:\\\/\\\/nosyberevesdepeche.com\\\/pt-pt\\\/#\\\/schema\\\/logo\\\/image\\\/\",\"url\":\"https:\\\/\\\/nosyberevesdepeche.com\\\/wp-content\\\/uploads\\\/sejour-cap-san-sebastien.jpg\",\"contentUrl\":\"https:\\\/\\\/nosyberevesdepeche.com\\\/wp-content\\\/uploads\\\/sejour-cap-san-sebastien.jpg\",\"width\":2048,\"height\":1542,\"caption\":\"Nosy Be R\u00eaves de P\u00eache\"},\"image\":{\"@id\":\"https:\\\/\\\/nosyberevesdepeche.com\\\/pt-pt\\\/#\\\/schema\\\/logo\\\/image\\\/\"},\"sameAs\":[\"https:\\\/\\\/www.facebook.com\\\/nosyberevesdepeche\",\"https:\\\/\\\/www.youtube.com\\\/@NosyBeRevesdePeche\",\"https:\\\/\\\/www.instagram.com\\\/nosyberevesdepeche\\\/\",\"https:\\\/\\\/www.tiktok.com\\\/@nosy_be_reves_de_peche\"]}]}<\/script>\n<!-- \/ Yoast SEO plugin. -->","yoast_head_json":{"title":"Pesca Nosy Be : Banco do Grand Castor, Madagascar - Nosy Be R\u00eaves de P\u00eache","description":"Pesca desde Nosy Be em Madagascar para o Banco do Grand Castor, spot extremo para GT e atum dente-de-c\u00e3o.","robots":{"index":"index","follow":"follow","max-snippet":"max-snippet:-1","max-image-preview":"max-image-preview:large","max-video-preview":"max-video-preview:-1"},"canonical":"https:\/\/nosyberevesdepeche.com\/pt-pt\/pesca-madagascar-banco-do-grand-castor\/","og_locale":"pt_PT","og_type":"article","og_title":"Pesca Nosy Be : Banco do Grand Castor, Madagascar - Nosy Be R\u00eaves de P\u00eache","og_description":"Pesca desde Nosy Be em Madagascar para o Banco do Grand Castor, spot extremo para GT e atum dente-de-c\u00e3o.","og_url":"https:\/\/nosyberevesdepeche.com\/pt-pt\/pesca-madagascar-banco-do-grand-castor\/","og_site_name":"Nosy Be R\u00eaves de P\u00eache","article_publisher":"https:\/\/www.facebook.com\/nosyberevesdepeche","article_modified_time":"2026-03-07T12:03:11+00:00","og_image":[{"width":2048,"height":1542,"url":"https:\/\/nosyberevesdepeche.com\/wp-content\/uploads\/sejour-cap-san-sebastien.jpg","type":"image\/jpeg"}],"twitter_card":"summary_large_image","schema":{"@context":"https:\/\/schema.org","@graph":[{"@type":"WebPage","@id":"https:\/\/nosyberevesdepeche.com\/pt-pt\/pesca-madagascar-banco-do-grand-castor\/","url":"https:\/\/nosyberevesdepeche.com\/pt-pt\/pesca-madagascar-banco-do-grand-castor\/","name":"Pesca Nosy Be : Banco do Grand Castor, Madagascar - Nosy Be R\u00eaves de P\u00eache","isPartOf":{"@id":"https:\/\/nosyberevesdepeche.com\/pt-pt\/#website"},"datePublished":"2026-03-03T17:14:19+00:00","dateModified":"2026-03-07T12:03:11+00:00","description":"Pesca desde Nosy Be em Madagascar para o Banco do Grand Castor, spot extremo para GT e atum dente-de-c\u00e3o.","breadcrumb":{"@id":"https:\/\/nosyberevesdepeche.com\/pt-pt\/pesca-madagascar-banco-do-grand-castor\/#breadcrumb"},"inLanguage":"pt-PT","potentialAction":[{"@type":"ReadAction","target":["https:\/\/nosyberevesdepeche.com\/pt-pt\/pesca-madagascar-banco-do-grand-castor\/"]}]},{"@type":"BreadcrumbList","@id":"https:\/\/nosyberevesdepeche.com\/pt-pt\/pesca-madagascar-banco-do-grand-castor\/#breadcrumb","itemListElement":[{"@type":"ListItem","position":1,"name":"Accueil","item":"https:\/\/nosyberevesdepeche.com\/pt-pt\/"},{"@type":"ListItem","position":2,"name":"Banco do Grand Castor"}]},{"@type":"WebSite","@id":"https:\/\/nosyberevesdepeche.com\/pt-pt\/#website","url":"https:\/\/nosyberevesdepeche.com\/pt-pt\/","name":"Nosy Be R\u00eaves de P\u00eache","description":"Pesca desportiva e big game fishing em Madag\u00e1scar, a partir de Nosy Be","publisher":{"@id":"https:\/\/nosyberevesdepeche.com\/pt-pt\/#organization"},"potentialAction":[{"@type":"SearchAction","target":{"@type":"EntryPoint","urlTemplate":"https:\/\/nosyberevesdepeche.com\/pt-pt\/?s={search_term_string}"},"query-input":{"@type":"PropertyValueSpecification","valueRequired":true,"valueName":"search_term_string"}}],"inLanguage":"pt-PT"},{"@type":"Organization","@id":"https:\/\/nosyberevesdepeche.com\/pt-pt\/#organization","name":"Nosy Be R\u00eaves de P\u00eache","url":"https:\/\/nosyberevesdepeche.com\/pt-pt\/","logo":{"@type":"ImageObject","inLanguage":"pt-PT","@id":"https:\/\/nosyberevesdepeche.com\/pt-pt\/#\/schema\/logo\/image\/","url":"https:\/\/nosyberevesdepeche.com\/wp-content\/uploads\/sejour-cap-san-sebastien.jpg","contentUrl":"https:\/\/nosyberevesdepeche.com\/wp-content\/uploads\/sejour-cap-san-sebastien.jpg","width":2048,"height":1542,"caption":"Nosy Be R\u00eaves de P\u00eache"},"image":{"@id":"https:\/\/nosyberevesdepeche.com\/pt-pt\/#\/schema\/logo\/image\/"},"sameAs":["https:\/\/www.facebook.com\/nosyberevesdepeche","https:\/\/www.youtube.com\/@NosyBeRevesdePeche","https:\/\/www.instagram.com\/nosyberevesdepeche\/","https:\/\/www.tiktok.com\/@nosy_be_reves_de_peche"]}]}},"_links":{"self":[{"href":"https:\/\/nosyberevesdepeche.com\/pt-pt\/wp-json\/wp\/v2\/pages\/31242","targetHints":{"allow":["GET"]}}],"collection":[{"href":"https:\/\/nosyberevesdepeche.com\/pt-pt\/wp-json\/wp\/v2\/pages"}],"about":[{"href":"https:\/\/nosyberevesdepeche.com\/pt-pt\/wp-json\/wp\/v2\/types\/page"}],"author":[{"embeddable":true,"href":"https:\/\/nosyberevesdepeche.com\/pt-pt\/wp-json\/wp\/v2\/users\/1"}],"replies":[{"embeddable":true,"href":"https:\/\/nosyberevesdepeche.com\/pt-pt\/wp-json\/wp\/v2\/comments?post=31242"}],"version-history":[{"count":1,"href":"https:\/\/nosyberevesdepeche.com\/pt-pt\/wp-json\/wp\/v2\/pages\/31242\/revisions"}],"predecessor-version":[{"id":31243,"href":"https:\/\/nosyberevesdepeche.com\/pt-pt\/wp-json\/wp\/v2\/pages\/31242\/revisions\/31243"}],"wp:attachment":[{"href":"https:\/\/nosyberevesdepeche.com\/pt-pt\/wp-json\/wp\/v2\/media?parent=31242"}],"curies":[{"name":"wp","href":"https:\/\/api.w.org\/{rel}","templated":true}]}}