{"id":10354,"date":"2025-02-08T17:32:26","date_gmt":"2025-02-08T16:32:26","guid":{"rendered":"https:\/\/nosyberevesdepeche.com\/aviso-legal\/"},"modified":"2025-06-22T08:30:32","modified_gmt":"2025-06-22T06:30:32","slug":"aviso-legal","status":"publish","type":"page","link":"https:\/\/nosyberevesdepeche.com\/pt-pt\/aviso-legal\/","title":{"rendered":"Aviso Legal"},"content":{"rendered":"\t\t<div data-elementor-type=\"wp-page\" data-elementor-id=\"10354\" class=\"elementor elementor-10354 elementor-7474\" data-elementor-post-type=\"page\">\n\t\t\t\t<div class=\"elementor-element elementor-element-3d3ee45 e-flex e-con-boxed e-con e-parent\" data-id=\"3d3ee45\" data-element_type=\"container\" data-e-type=\"container\">\n\t\t\t\t\t<div class=\"e-con-inner\">\n\t\t\t\t<div class=\"elementor-element elementor-element-2bec921 elementor-widget elementor-widget-heading\" data-id=\"2bec921\" data-element_type=\"widget\" data-e-type=\"widget\" data-widget_type=\"heading.default\">\n\t\t\t\t<div class=\"elementor-widget-container\">\n\t\t\t\t\t<h1 class=\"elementor-heading-title elementor-size-default\">Aviso Legal<\/h1>\t\t\t\t<\/div>\n\t\t\t\t<\/div>\n\t\t\t\t\t<\/div>\n\t\t\t\t<\/div>\n\t\t<div class=\"elementor-element elementor-element-6407915 e-flex e-con-boxed e-con e-parent\" data-id=\"6407915\" data-element_type=\"container\" data-e-type=\"container\">\n\t\t\t\t\t<div class=\"e-con-inner\">\n\t\t\t\t<div class=\"elementor-element elementor-element-b76ab9b elementor-widget__width-initial elementor-widget elementor-widget-text-editor\" data-id=\"b76ab9b\" data-element_type=\"widget\" data-e-type=\"widget\" data-widget_type=\"text-editor.default\">\n\t\t\t\t<div class=\"elementor-widget-container\">\n\t\t\t\t\t\t\t\t\t<ol><li><h3>Editor do site<\/h3><\/li><\/ol><p>Este site \u00e9 publicado por Nosy Be R\u00eaves de P\u00eache, uma empresa registada em Madag\u00e1scar.<\/p><ul><li>Nome da empresa : Nosy Be R\u00eaves de P\u00eache<\/li><li>Estatuto jur\u00eddico : SARL<\/li><li>Sede social : MARAB, Ambatoloaka, Nosy Be<\/li><li>Email : contact@nosyberevesdepeche.com<\/li><li>Telefone : +261 37 51 768 80<\/li><li>Respons\u00e1vel pela publica\u00e7\u00e3o : Nosy Be R\u00eaves de P\u00eache<\/li><\/ul><ol start=\"2\"><li><h3>Acolhimento do s\u00edtio<\/h3><\/li><\/ol><p>O s\u00edtio \u00e9 alojado pela OVHcloud<\/p><ul><li>Empresa : Hostinger International Ltd.<\/li><li>Sede social : 61 Lordou Vironos Street, 6023 Larnaca, Chipre<\/li><li>S\u00edtio Web : <a href=\"https:\/\/www.hostinger.com\">www.hostinger.com<\/a><\/li><\/ul><ol start=\"3\"><li><h3>Propriedade intelectual<\/h3><\/li><\/ol><p>Todo o conte\u00fado do s\u00edtio (texto, imagens, log\u00f3tipo, etc.) \u00e9 propriedade exclusiva de Nosy Be R\u00eaves de P\u00eache.<br>\u00c9 proibida qualquer reprodu\u00e7\u00e3o, representa\u00e7\u00e3o ou distribui\u00e7\u00e3o sem autoriza\u00e7\u00e3o pr\u00e9via.<\/p><ol start=\"4\"><li><h3>Prote\u00e7\u00e3o dos dados pessoais<\/h3><\/li><\/ol><p>Os dados recolhidos atrav\u00e9s dos formul\u00e1rios do site destinam-se exclusivamente a Nosy Be R\u00eaves de P\u00eache no \u00e2mbito da gest\u00e3o dos pedidos de contacto ou de or\u00e7amentos.<br>Em conformidade com a legisla\u00e7\u00e3o em vigor em Madag\u00e1scar e com o RGPD europeu, tens o direito de aceder, modificar e apagar os teus dados pessoais.<br>Para exercer estes direitos, contacta-nos atrav\u00e9s do seguinte endere\u00e7o : nosyberevesdepeche@gmail.com<\/p><ol start=\"5\"><li><h3>Responsabilidade civil<\/h3><\/li><\/ol><p>Nosy Be R\u00eaves de P\u00eache n\u00e3o pode ser responsabilizada por qualquer dano direto ou indireto resultante da utiliza\u00e7\u00e3o do s\u00edtio.<\/p><ol start=\"6\"><li><h3>Direito aplic\u00e1vel<\/h3><\/li><\/ol><p>O presente aviso legal \u00e9 regido pela lei malgaxe. Em caso de lit\u00edgio, os tribunais competentes s\u00e3o os de Madag\u00e1scar. <\/p><p>Direitos de autor \u00a9 Nosy Be R\u00eaves de P\u00eache &#8211; 2025. Todos os direitos reservados. <\/p>\t\t\t\t\t\t\t\t<\/div>\n\t\t\t\t<\/div>\n\t\t\t\t\t<\/div>\n\t\t\t\t<\/div>\n\t\t\t\t<\/div>\n\t\t","protected":false},"excerpt":{"rendered":"<p>Aviso Legal Editor do site Este site \u00e9 publicado por Nosy Be R\u00eaves de P\u00eache, uma empresa registada em Madag\u00e1scar. Nome da empresa : Nosy Be R\u00eaves de P\u00eache Estatuto&#8230;<\/p>\n","protected":false},"author":1,"featured_media":0,"parent":0,"menu_order":0,"comment_status":"closed","ping_status":"closed","template":"elementor_header_footer","meta":{"footnotes":""},"class_list":["post-10354","page","type-page","status-publish"],"yoast_head":"<!-- This site is optimized with the Yoast SEO plugin v27.4 - https:\/\/yoast.com\/product\/yoast-seo-wordpress\/ -->\n<title>Aviso Legal - Nosy Be R\u00eaves de P\u00eache<\/title>\n<meta name=\"robots\" content=\"index, follow, max-snippet:-1, max-image-preview:large, max-video-preview:-1\" \/>\n<link rel=\"canonical\" href=\"https:\/\/nosyberevesdepeche.com\/pt-pt\/aviso-legal\/\" \/>\n<meta property=\"og:locale\" content=\"pt_PT\" \/>\n<meta property=\"og:type\" content=\"article\" \/>\n<meta property=\"og:title\" content=\"Aviso Legal - Nosy Be R\u00eaves de P\u00eache\" \/>\n<meta property=\"og:description\" content=\"Aviso Legal Editor do site Este site \u00e9 publicado por Nosy Be R\u00eaves de P\u00eache, uma empresa registada em Madag\u00e1scar. Nome da empresa : Nosy Be R\u00eaves de P\u00eache Estatuto...\" \/>\n<meta property=\"og:url\" content=\"https:\/\/nosyberevesdepeche.com\/pt-pt\/aviso-legal\/\" \/>\n<meta property=\"og:site_name\" content=\"Nosy Be R\u00eaves de P\u00eache\" \/>\n<meta property=\"article:publisher\" content=\"https:\/\/www.facebook.com\/nosyberevesdepeche\" \/>\n<meta property=\"article:modified_time\" content=\"2025-06-22T06:30:32+00:00\" \/>\n<meta property=\"og:image\" content=\"https:\/\/nosyberevesdepeche.com\/wp-content\/uploads\/sejour-cap-san-sebastien.jpg\" \/>\n\t<meta property=\"og:image:width\" content=\"2048\" \/>\n\t<meta property=\"og:image:height\" content=\"1542\" \/>\n\t<meta property=\"og:image:type\" content=\"image\/jpeg\" \/>\n<meta name=\"twitter:card\" content=\"summary_large_image\" \/>\n<meta name=\"twitter:label1\" content=\"Tempo estimado de leitura\" \/>\n\t<meta name=\"twitter:data1\" content=\"1 minuto\" \/>\n<script type=\"application\/ld+json\" class=\"yoast-schema-graph\">{\"@context\":\"https:\\\/\\\/schema.org\",\"@graph\":[{\"@type\":\"WebPage\",\"@id\":\"https:\\\/\\\/nosyberevesdepeche.com\\\/pt-pt\\\/aviso-legal\\\/\",\"url\":\"https:\\\/\\\/nosyberevesdepeche.com\\\/pt-pt\\\/aviso-legal\\\/\",\"name\":\"Aviso Legal - Nosy Be R\u00eaves de P\u00eache\",\"isPartOf\":{\"@id\":\"https:\\\/\\\/nosyberevesdepeche.com\\\/pt-pt\\\/#website\"},\"datePublished\":\"2025-02-08T16:32:26+00:00\",\"dateModified\":\"2025-06-22T06:30:32+00:00\",\"breadcrumb\":{\"@id\":\"https:\\\/\\\/nosyberevesdepeche.com\\\/pt-pt\\\/aviso-legal\\\/#breadcrumb\"},\"inLanguage\":\"pt-PT\",\"potentialAction\":[{\"@type\":\"ReadAction\",\"target\":[\"https:\\\/\\\/nosyberevesdepeche.com\\\/pt-pt\\\/aviso-legal\\\/\"]}]},{\"@type\":\"BreadcrumbList\",\"@id\":\"https:\\\/\\\/nosyberevesdepeche.com\\\/pt-pt\\\/aviso-legal\\\/#breadcrumb\",\"itemListElement\":[{\"@type\":\"ListItem\",\"position\":1,\"name\":\"Accueil\",\"item\":\"https:\\\/\\\/nosyberevesdepeche.com\\\/pt-pt\\\/\"},{\"@type\":\"ListItem\",\"position\":2,\"name\":\"Aviso Legal\"}]},{\"@type\":\"WebSite\",\"@id\":\"https:\\\/\\\/nosyberevesdepeche.com\\\/pt-pt\\\/#website\",\"url\":\"https:\\\/\\\/nosyberevesdepeche.com\\\/pt-pt\\\/\",\"name\":\"Nosy Be R\u00eaves de P\u00eache\",\"description\":\"Pesca desportiva e big game fishing em Madag\u00e1scar, a partir de Nosy Be\",\"publisher\":{\"@id\":\"https:\\\/\\\/nosyberevesdepeche.com\\\/pt-pt\\\/#organization\"},\"potentialAction\":[{\"@type\":\"SearchAction\",\"target\":{\"@type\":\"EntryPoint\",\"urlTemplate\":\"https:\\\/\\\/nosyberevesdepeche.com\\\/pt-pt\\\/?s={search_term_string}\"},\"query-input\":{\"@type\":\"PropertyValueSpecification\",\"valueRequired\":true,\"valueName\":\"search_term_string\"}}],\"inLanguage\":\"pt-PT\"},{\"@type\":\"Organization\",\"@id\":\"https:\\\/\\\/nosyberevesdepeche.com\\\/pt-pt\\\/#organization\",\"name\":\"Nosy Be R\u00eaves de P\u00eache\",\"url\":\"https:\\\/\\\/nosyberevesdepeche.com\\\/pt-pt\\\/\",\"logo\":{\"@type\":\"ImageObject\",\"inLanguage\":\"pt-PT\",\"@id\":\"https:\\\/\\\/nosyberevesdepeche.com\\\/pt-pt\\\/#\\\/schema\\\/logo\\\/image\\\/\",\"url\":\"https:\\\/\\\/nosyberevesdepeche.com\\\/wp-content\\\/uploads\\\/sejour-cap-san-sebastien.jpg\",\"contentUrl\":\"https:\\\/\\\/nosyberevesdepeche.com\\\/wp-content\\\/uploads\\\/sejour-cap-san-sebastien.jpg\",\"width\":2048,\"height\":1542,\"caption\":\"Nosy Be R\u00eaves de P\u00eache\"},\"image\":{\"@id\":\"https:\\\/\\\/nosyberevesdepeche.com\\\/pt-pt\\\/#\\\/schema\\\/logo\\\/image\\\/\"},\"sameAs\":[\"https:\\\/\\\/www.facebook.com\\\/nosyberevesdepeche\",\"https:\\\/\\\/www.youtube.com\\\/@NosyBeRevesdePeche\",\"https:\\\/\\\/www.instagram.com\\\/nosyberevesdepeche\\\/\",\"https:\\\/\\\/www.tiktok.com\\\/@nosy_be_reves_de_peche\"]}]}<\/script>\n<!-- \/ Yoast SEO plugin. -->","yoast_head_json":{"title":"Aviso Legal - Nosy Be R\u00eaves de P\u00eache","robots":{"index":"index","follow":"follow","max-snippet":"max-snippet:-1","max-image-preview":"max-image-preview:large","max-video-preview":"max-video-preview:-1"},"canonical":"https:\/\/nosyberevesdepeche.com\/pt-pt\/aviso-legal\/","og_locale":"pt_PT","og_type":"article","og_title":"Aviso Legal - Nosy Be R\u00eaves de P\u00eache","og_description":"Aviso Legal Editor do site Este site \u00e9 publicado por Nosy Be R\u00eaves de P\u00eache, uma empresa registada em Madag\u00e1scar. Nome da empresa : Nosy Be R\u00eaves de P\u00eache Estatuto...","og_url":"https:\/\/nosyberevesdepeche.com\/pt-pt\/aviso-legal\/","og_site_name":"Nosy Be R\u00eaves de P\u00eache","article_publisher":"https:\/\/www.facebook.com\/nosyberevesdepeche","article_modified_time":"2025-06-22T06:30:32+00:00","og_image":[{"width":2048,"height":1542,"url":"https:\/\/nosyberevesdepeche.com\/wp-content\/uploads\/sejour-cap-san-sebastien.jpg","type":"image\/jpeg"}],"twitter_card":"summary_large_image","twitter_misc":{"Tempo estimado de leitura":"1 minuto"},"schema":{"@context":"https:\/\/schema.org","@graph":[{"@type":"WebPage","@id":"https:\/\/nosyberevesdepeche.com\/pt-pt\/aviso-legal\/","url":"https:\/\/nosyberevesdepeche.com\/pt-pt\/aviso-legal\/","name":"Aviso Legal - Nosy Be R\u00eaves de P\u00eache","isPartOf":{"@id":"https:\/\/nosyberevesdepeche.com\/pt-pt\/#website"},"datePublished":"2025-02-08T16:32:26+00:00","dateModified":"2025-06-22T06:30:32+00:00","breadcrumb":{"@id":"https:\/\/nosyberevesdepeche.com\/pt-pt\/aviso-legal\/#breadcrumb"},"inLanguage":"pt-PT","potentialAction":[{"@type":"ReadAction","target":["https:\/\/nosyberevesdepeche.com\/pt-pt\/aviso-legal\/"]}]},{"@type":"BreadcrumbList","@id":"https:\/\/nosyberevesdepeche.com\/pt-pt\/aviso-legal\/#breadcrumb","itemListElement":[{"@type":"ListItem","position":1,"name":"Accueil","item":"https:\/\/nosyberevesdepeche.com\/pt-pt\/"},{"@type":"ListItem","position":2,"name":"Aviso Legal"}]},{"@type":"WebSite","@id":"https:\/\/nosyberevesdepeche.com\/pt-pt\/#website","url":"https:\/\/nosyberevesdepeche.com\/pt-pt\/","name":"Nosy Be R\u00eaves de P\u00eache","description":"Pesca desportiva e big game fishing em Madag\u00e1scar, a partir de Nosy Be","publisher":{"@id":"https:\/\/nosyberevesdepeche.com\/pt-pt\/#organization"},"potentialAction":[{"@type":"SearchAction","target":{"@type":"EntryPoint","urlTemplate":"https:\/\/nosyberevesdepeche.com\/pt-pt\/?s={search_term_string}"},"query-input":{"@type":"PropertyValueSpecification","valueRequired":true,"valueName":"search_term_string"}}],"inLanguage":"pt-PT"},{"@type":"Organization","@id":"https:\/\/nosyberevesdepeche.com\/pt-pt\/#organization","name":"Nosy Be R\u00eaves de P\u00eache","url":"https:\/\/nosyberevesdepeche.com\/pt-pt\/","logo":{"@type":"ImageObject","inLanguage":"pt-PT","@id":"https:\/\/nosyberevesdepeche.com\/pt-pt\/#\/schema\/logo\/image\/","url":"https:\/\/nosyberevesdepeche.com\/wp-content\/uploads\/sejour-cap-san-sebastien.jpg","contentUrl":"https:\/\/nosyberevesdepeche.com\/wp-content\/uploads\/sejour-cap-san-sebastien.jpg","width":2048,"height":1542,"caption":"Nosy Be R\u00eaves de P\u00eache"},"image":{"@id":"https:\/\/nosyberevesdepeche.com\/pt-pt\/#\/schema\/logo\/image\/"},"sameAs":["https:\/\/www.facebook.com\/nosyberevesdepeche","https:\/\/www.youtube.com\/@NosyBeRevesdePeche","https:\/\/www.instagram.com\/nosyberevesdepeche\/","https:\/\/www.tiktok.com\/@nosy_be_reves_de_peche"]}]}},"_links":{"self":[{"href":"https:\/\/nosyberevesdepeche.com\/pt-pt\/wp-json\/wp\/v2\/pages\/10354","targetHints":{"allow":["GET"]}}],"collection":[{"href":"https:\/\/nosyberevesdepeche.com\/pt-pt\/wp-json\/wp\/v2\/pages"}],"about":[{"href":"https:\/\/nosyberevesdepeche.com\/pt-pt\/wp-json\/wp\/v2\/types\/page"}],"author":[{"embeddable":true,"href":"https:\/\/nosyberevesdepeche.com\/pt-pt\/wp-json\/wp\/v2\/users\/1"}],"replies":[{"embeddable":true,"href":"https:\/\/nosyberevesdepeche.com\/pt-pt\/wp-json\/wp\/v2\/comments?post=10354"}],"version-history":[{"count":8,"href":"https:\/\/nosyberevesdepeche.com\/pt-pt\/wp-json\/wp\/v2\/pages\/10354\/revisions"}],"predecessor-version":[{"id":20358,"href":"https:\/\/nosyberevesdepeche.com\/pt-pt\/wp-json\/wp\/v2\/pages\/10354\/revisions\/20358"}],"wp:attachment":[{"href":"https:\/\/nosyberevesdepeche.com\/pt-pt\/wp-json\/wp\/v2\/media?parent=10354"}],"curies":[{"name":"wp","href":"https:\/\/api.w.org\/{rel}","templated":true}]}}