{"id":8363,"date":"2025-02-08T17:45:48","date_gmt":"2025-02-08T16:45:48","guid":{"rendered":"https:\/\/nosyberevesdepeche.com\/index.php\/polityka-prywatnosci\/"},"modified":"2025-06-22T08:31:20","modified_gmt":"2025-06-22T06:31:20","slug":"polityka-prywatnosci","status":"publish","type":"page","link":"https:\/\/nosyberevesdepeche.com\/pl\/polityka-prywatnosci\/","title":{"rendered":"Polityka Prywatno\u015bci"},"content":{"rendered":"\t\t<div data-elementor-type=\"wp-page\" data-elementor-id=\"8363\" class=\"elementor elementor-8363 elementor-7482\" data-elementor-post-type=\"page\">\n\t\t\t\t<div class=\"elementor-element elementor-element-be1a867 e-flex e-con-boxed e-con e-parent\" data-id=\"be1a867\" data-element_type=\"container\" data-e-type=\"container\">\n\t\t\t\t\t<div class=\"e-con-inner\">\n\t\t\t\t<div class=\"elementor-element elementor-element-93c8550 elementor-widget elementor-widget-heading\" data-id=\"93c8550\" data-element_type=\"widget\" data-e-type=\"widget\" data-widget_type=\"heading.default\">\n\t\t\t\t<div class=\"elementor-widget-container\">\n\t\t\t\t\t<h1 class=\"elementor-heading-title elementor-size-default\">Polityka Prywatno\u015bci<\/h1>\t\t\t\t<\/div>\n\t\t\t\t<\/div>\n\t\t\t\t\t<\/div>\n\t\t\t\t<\/div>\n\t\t<div class=\"elementor-element elementor-element-950a79f e-flex e-con-boxed e-con e-parent\" data-id=\"950a79f\" data-element_type=\"container\" data-e-type=\"container\">\n\t\t\t\t\t<div class=\"e-con-inner\">\n\t\t\t\t<div class=\"elementor-element elementor-element-ea0ac6e elementor-widget__width-initial elementor-widget elementor-widget-text-editor\" data-id=\"ea0ac6e\" data-element_type=\"widget\" data-e-type=\"widget\" data-widget_type=\"text-editor.default\">\n\t\t\t\t<div class=\"elementor-widget-container\">\n\t\t\t\t\t\t\t\t\t<p>Ochrona prywatno\u015bci u\u017cytkownik\u00f3w jest priorytetem dla Nosy Be R\u00eaves de P\u00eache. Niniejsza polityka wyja\u015bnia, w jaki spos\u00f3b gromadzimy, wykorzystujemy i chronimy dane u\u017cytkownik\u00f3w. <\/p><ol><li><h3>Zebrane dane<\/h3><\/li><\/ol><p>Gromadzimy dane osobowe, gdy u\u017cytkownik :<\/p><ul><li>Wype\u0142nij formularz kontaktowy lub popro\u015b o wycen\u0119.<\/li><li>Skontaktuj si\u0119 z nami bezpo\u015brednio przez e-mail.<\/li><\/ul><p>Gromadzone dane mog\u0105 obejmowa\u0107 :<\/p><ul><li>Nazwisko, imi\u0119<\/li><li>Adres e-mail<\/li><li>Numer telefonu <\/li><li>Preferowane daty pobytu<\/li><\/ul><ol start=\"2\"><li><h3>Cel zbi\u00f3rki<\/h3><\/li><\/ol><p>Gromadzone dane s\u0105 wykorzystywane wy\u0142\u0105cznie do :<\/p><ul><li>Odpowiadanie na pro\u015bby o kontakt lub wycen\u0119.<\/li><li>Na \u017cyczenie prze\u015blemy informacje o Nosy Be R\u00eaves de P\u00eache.<\/li><\/ul><ol start=\"3\"><li><h3>Zatrzymywanie danych<\/h3><\/li><\/ol><p>Dane s\u0105 przechowywane przez maksymalnie 3 lata od ostatniej interakcji z u\u017cytkownikiem, chyba \u017ce prawo stanowi inaczej.<\/p><ol start=\"4\"><li><h3>Udost\u0119pnianie danych<\/h3><\/li><\/ol><p>Dane osobowe u\u017cytkownika nigdy nie s\u0105 sprzedawane, wymieniane ani wynajmowane stronom trzecim. Mog\u0105 by\u0107 one udost\u0119pniane wy\u0142\u0105cznie w nast\u0119puj\u0105cych przypadkach : <\/p><ul><li>Zobowi\u0105zania prawne : Je\u015bli jest to wymagane przez prawo.<\/li><li>Us\u0142ugi techniczne : Firma hostingowa (Hostinger International Ltd) do zarz\u0105dzania stron\u0105 internetow\u0105.<\/li><\/ul><ol start=\"5\"><li><h3>Bezpiecze\u0144stwo danych<\/h3><\/li><\/ol><p>Podejmujemy wszelkie niezb\u0119dne \u015brodki w celu ochrony danych u\u017cytkownika przed nieuprawnionym dost\u0119pem, modyfikacj\u0105, ujawnieniem lub zniszczeniem.<\/p><ol start=\"6\"><li><h3>Twoje prawa<\/h3><\/li><\/ol><p>Zgodnie z ustawodawstwem obowi\u0105zuj\u0105cym na Madagaskarze i europejsk\u0105 dyrektyw\u0105 o ochronie danych osobowych, u\u017cytkownikowi przys\u0142uguj\u0105 nast\u0119puj\u0105ce prawa :<\/p><ul><li>Prawo dost\u0119pu : uzyskanie kopii swoich danych osobowych.<\/li><li>Prawo do sprostowania : poprawienia danych, je\u015bli s\u0105 one niedok\u0142adne.<\/li><li>Prawo do usuni\u0119cia danych : \u017c\u0105danie usuni\u0119cia danych.<\/li><li>Prawo do sprzeciwu : sprzeciw wobec ich wykorzystania w niekt\u00f3rych przypadkach.<\/li><\/ul><p>Aby skorzysta\u0107 z tych praw, nale\u017cy skontaktowa\u0107 si\u0119 z nami pod nast\u0119puj\u0105cym adresem : contact@nosyberevesdepeche.com<\/p><ol start=\"7\"><li><h3>Zmiany w polityce<\/h3><\/li><\/ol><p>Niniejsza polityka mo\u017ce zosta\u0107 zaktualizowana w dowolnym momencie w celu odzwierciedlenia zmian w przepisach prawa lub naszych wewn\u0119trznych praktykach. Zalecamy regularne zapoznawanie si\u0119 z nimi. <\/p><ol start=\"8\"><li><h3>Kontakt<\/h3><\/li><\/ol><p>Je\u015bli masz jakiekolwiek pytania dotycz\u0105ce zarz\u0105dzania Twoimi danymi osobowymi, napisz do nas na adres : contact@nosyberevesdepeche.com<\/p><p>Copyright \u00a9 Nosy Be R\u00eaves de P\u00eache &#8211; 2025. Wszelkie prawa zastrze\u017cone. <\/p>\t\t\t\t\t\t\t\t<\/div>\n\t\t\t\t<\/div>\n\t\t\t\t\t<\/div>\n\t\t\t\t<\/div>\n\t\t\t\t<\/div>\n\t\t","protected":false},"excerpt":{"rendered":"<p>Polityka Prywatno\u015bci Ochrona prywatno\u015bci u\u017cytkownik\u00f3w jest priorytetem dla Nosy Be R\u00eaves de P\u00eache. Niniejsza polityka wyja\u015bnia, w jaki spos\u00f3b gromadzimy, wykorzystujemy i chronimy dane u\u017cytkownik\u00f3w. Zebrane dane Gromadzimy dane osobowe,&#8230;<\/p>\n","protected":false},"author":1,"featured_media":0,"parent":0,"menu_order":0,"comment_status":"closed","ping_status":"closed","template":"elementor_header_footer","meta":{"footnotes":""},"class_list":["post-8363","page","type-page","status-publish"],"yoast_head":"<!-- This site is optimized with the Yoast SEO plugin v27.4 - https:\/\/yoast.com\/product\/yoast-seo-wordpress\/ -->\n<title>Polityka Prywatno\u015bci - W\u0119dkarskie Marzenia na Nosy Be<\/title>\n<meta name=\"robots\" content=\"index, follow, max-snippet:-1, max-image-preview:large, max-video-preview:-1\" \/>\n<link rel=\"canonical\" href=\"https:\/\/nosyberevesdepeche.com\/pl\/polityka-prywatnosci\/\" \/>\n<meta property=\"og:locale\" content=\"pl_PL\" \/>\n<meta property=\"og:type\" content=\"article\" \/>\n<meta property=\"og:title\" content=\"Polityka Prywatno\u015bci - W\u0119dkarskie Marzenia na Nosy Be\" \/>\n<meta property=\"og:description\" content=\"Polityka Prywatno\u015bci Ochrona prywatno\u015bci u\u017cytkownik\u00f3w jest priorytetem dla Nosy Be R\u00eaves de P\u00eache. Niniejsza polityka wyja\u015bnia, w jaki spos\u00f3b gromadzimy, wykorzystujemy i chronimy dane u\u017cytkownik\u00f3w. Zebrane dane Gromadzimy dane osobowe,...\" \/>\n<meta property=\"og:url\" content=\"https:\/\/nosyberevesdepeche.com\/pl\/polityka-prywatnosci\/\" \/>\n<meta property=\"og:site_name\" content=\"W\u0119dkarskie Marzenia na Nosy Be\" \/>\n<meta property=\"article:publisher\" content=\"https:\/\/www.facebook.com\/nosyberevesdepeche\" \/>\n<meta property=\"article:modified_time\" content=\"2025-06-22T06:31:20+00:00\" \/>\n<meta property=\"og:image\" content=\"https:\/\/nosyberevesdepeche.com\/wp-content\/uploads\/sejour-cap-san-sebastien.jpg\" \/>\n\t<meta property=\"og:image:width\" content=\"2048\" \/>\n\t<meta property=\"og:image:height\" content=\"1542\" \/>\n\t<meta property=\"og:image:type\" content=\"image\/jpeg\" \/>\n<meta name=\"twitter:card\" content=\"summary_large_image\" \/>\n<meta name=\"twitter:label1\" content=\"Szacowany czas czytania\" \/>\n\t<meta name=\"twitter:data1\" content=\"2 minuty\" \/>\n<script type=\"application\/ld+json\" class=\"yoast-schema-graph\">{\"@context\":\"https:\\\/\\\/schema.org\",\"@graph\":[{\"@type\":\"WebPage\",\"@id\":\"https:\\\/\\\/nosyberevesdepeche.com\\\/pl\\\/polityka-prywatnosci\\\/\",\"url\":\"https:\\\/\\\/nosyberevesdepeche.com\\\/pl\\\/polityka-prywatnosci\\\/\",\"name\":\"Polityka Prywatno\u015bci - W\u0119dkarskie Marzenia na Nosy Be\",\"isPartOf\":{\"@id\":\"https:\\\/\\\/nosyberevesdepeche.com\\\/pl\\\/#website\"},\"datePublished\":\"2025-02-08T16:45:48+00:00\",\"dateModified\":\"2025-06-22T06:31:20+00:00\",\"breadcrumb\":{\"@id\":\"https:\\\/\\\/nosyberevesdepeche.com\\\/pl\\\/polityka-prywatnosci\\\/#breadcrumb\"},\"inLanguage\":\"pl-PL\",\"potentialAction\":[{\"@type\":\"ReadAction\",\"target\":[\"https:\\\/\\\/nosyberevesdepeche.com\\\/pl\\\/polityka-prywatnosci\\\/\"]}]},{\"@type\":\"BreadcrumbList\",\"@id\":\"https:\\\/\\\/nosyberevesdepeche.com\\\/pl\\\/polityka-prywatnosci\\\/#breadcrumb\",\"itemListElement\":[{\"@type\":\"ListItem\",\"position\":1,\"name\":\"Accueil\",\"item\":\"https:\\\/\\\/nosyberevesdepeche.com\\\/pl\\\/\"},{\"@type\":\"ListItem\",\"position\":2,\"name\":\"Polityka Prywatno\u015bci\"}]},{\"@type\":\"WebSite\",\"@id\":\"https:\\\/\\\/nosyberevesdepeche.com\\\/pl\\\/#website\",\"url\":\"https:\\\/\\\/nosyberevesdepeche.com\\\/pl\\\/\",\"name\":\"Nosy Be R\u00eaves de P\u00eache\",\"description\":\"W\u0119dkarstwo sportowe i big game fishing na Madagaskarze, z Nosy Be\",\"publisher\":{\"@id\":\"https:\\\/\\\/nosyberevesdepeche.com\\\/pl\\\/#organization\"},\"potentialAction\":[{\"@type\":\"SearchAction\",\"target\":{\"@type\":\"EntryPoint\",\"urlTemplate\":\"https:\\\/\\\/nosyberevesdepeche.com\\\/pl\\\/?s={search_term_string}\"},\"query-input\":{\"@type\":\"PropertyValueSpecification\",\"valueRequired\":true,\"valueName\":\"search_term_string\"}}],\"inLanguage\":\"pl-PL\"},{\"@type\":\"Organization\",\"@id\":\"https:\\\/\\\/nosyberevesdepeche.com\\\/pl\\\/#organization\",\"name\":\"Nosy Be R\u00eaves de P\u00eache\",\"url\":\"https:\\\/\\\/nosyberevesdepeche.com\\\/pl\\\/\",\"logo\":{\"@type\":\"ImageObject\",\"inLanguage\":\"pl-PL\",\"@id\":\"https:\\\/\\\/nosyberevesdepeche.com\\\/pl\\\/#\\\/schema\\\/logo\\\/image\\\/\",\"url\":\"https:\\\/\\\/nosyberevesdepeche.com\\\/wp-content\\\/uploads\\\/sejour-cap-san-sebastien.jpg\",\"contentUrl\":\"https:\\\/\\\/nosyberevesdepeche.com\\\/wp-content\\\/uploads\\\/sejour-cap-san-sebastien.jpg\",\"width\":2048,\"height\":1542,\"caption\":\"Nosy Be R\u00eaves de P\u00eache\"},\"image\":{\"@id\":\"https:\\\/\\\/nosyberevesdepeche.com\\\/pl\\\/#\\\/schema\\\/logo\\\/image\\\/\"},\"sameAs\":[\"https:\\\/\\\/www.facebook.com\\\/nosyberevesdepeche\",\"https:\\\/\\\/www.youtube.com\\\/@NosyBeRevesdePeche\",\"https:\\\/\\\/www.instagram.com\\\/nosyberevesdepeche\\\/\",\"https:\\\/\\\/www.tiktok.com\\\/@nosy_be_reves_de_peche\"]}]}<\/script>\n<!-- \/ Yoast SEO plugin. -->","yoast_head_json":{"title":"Polityka Prywatno\u015bci - W\u0119dkarskie Marzenia na Nosy Be","robots":{"index":"index","follow":"follow","max-snippet":"max-snippet:-1","max-image-preview":"max-image-preview:large","max-video-preview":"max-video-preview:-1"},"canonical":"https:\/\/nosyberevesdepeche.com\/pl\/polityka-prywatnosci\/","og_locale":"pl_PL","og_type":"article","og_title":"Polityka Prywatno\u015bci - W\u0119dkarskie Marzenia na Nosy Be","og_description":"Polityka Prywatno\u015bci Ochrona prywatno\u015bci u\u017cytkownik\u00f3w jest priorytetem dla Nosy Be R\u00eaves de P\u00eache. Niniejsza polityka wyja\u015bnia, w jaki spos\u00f3b gromadzimy, wykorzystujemy i chronimy dane u\u017cytkownik\u00f3w. Zebrane dane Gromadzimy dane osobowe,...","og_url":"https:\/\/nosyberevesdepeche.com\/pl\/polityka-prywatnosci\/","og_site_name":"W\u0119dkarskie Marzenia na Nosy Be","article_publisher":"https:\/\/www.facebook.com\/nosyberevesdepeche","article_modified_time":"2025-06-22T06:31:20+00:00","og_image":[{"width":2048,"height":1542,"url":"https:\/\/nosyberevesdepeche.com\/wp-content\/uploads\/sejour-cap-san-sebastien.jpg","type":"image\/jpeg"}],"twitter_card":"summary_large_image","twitter_misc":{"Szacowany czas czytania":"2 minuty"},"schema":{"@context":"https:\/\/schema.org","@graph":[{"@type":"WebPage","@id":"https:\/\/nosyberevesdepeche.com\/pl\/polityka-prywatnosci\/","url":"https:\/\/nosyberevesdepeche.com\/pl\/polityka-prywatnosci\/","name":"Polityka Prywatno\u015bci - W\u0119dkarskie Marzenia na Nosy Be","isPartOf":{"@id":"https:\/\/nosyberevesdepeche.com\/pl\/#website"},"datePublished":"2025-02-08T16:45:48+00:00","dateModified":"2025-06-22T06:31:20+00:00","breadcrumb":{"@id":"https:\/\/nosyberevesdepeche.com\/pl\/polityka-prywatnosci\/#breadcrumb"},"inLanguage":"pl-PL","potentialAction":[{"@type":"ReadAction","target":["https:\/\/nosyberevesdepeche.com\/pl\/polityka-prywatnosci\/"]}]},{"@type":"BreadcrumbList","@id":"https:\/\/nosyberevesdepeche.com\/pl\/polityka-prywatnosci\/#breadcrumb","itemListElement":[{"@type":"ListItem","position":1,"name":"Accueil","item":"https:\/\/nosyberevesdepeche.com\/pl\/"},{"@type":"ListItem","position":2,"name":"Polityka Prywatno\u015bci"}]},{"@type":"WebSite","@id":"https:\/\/nosyberevesdepeche.com\/pl\/#website","url":"https:\/\/nosyberevesdepeche.com\/pl\/","name":"Nosy Be R\u00eaves de P\u00eache","description":"W\u0119dkarstwo sportowe i big game fishing na Madagaskarze, z Nosy Be","publisher":{"@id":"https:\/\/nosyberevesdepeche.com\/pl\/#organization"},"potentialAction":[{"@type":"SearchAction","target":{"@type":"EntryPoint","urlTemplate":"https:\/\/nosyberevesdepeche.com\/pl\/?s={search_term_string}"},"query-input":{"@type":"PropertyValueSpecification","valueRequired":true,"valueName":"search_term_string"}}],"inLanguage":"pl-PL"},{"@type":"Organization","@id":"https:\/\/nosyberevesdepeche.com\/pl\/#organization","name":"Nosy Be R\u00eaves de P\u00eache","url":"https:\/\/nosyberevesdepeche.com\/pl\/","logo":{"@type":"ImageObject","inLanguage":"pl-PL","@id":"https:\/\/nosyberevesdepeche.com\/pl\/#\/schema\/logo\/image\/","url":"https:\/\/nosyberevesdepeche.com\/wp-content\/uploads\/sejour-cap-san-sebastien.jpg","contentUrl":"https:\/\/nosyberevesdepeche.com\/wp-content\/uploads\/sejour-cap-san-sebastien.jpg","width":2048,"height":1542,"caption":"Nosy Be R\u00eaves de P\u00eache"},"image":{"@id":"https:\/\/nosyberevesdepeche.com\/pl\/#\/schema\/logo\/image\/"},"sameAs":["https:\/\/www.facebook.com\/nosyberevesdepeche","https:\/\/www.youtube.com\/@NosyBeRevesdePeche","https:\/\/www.instagram.com\/nosyberevesdepeche\/","https:\/\/www.tiktok.com\/@nosy_be_reves_de_peche"]}]}},"_links":{"self":[{"href":"https:\/\/nosyberevesdepeche.com\/pl\/wp-json\/wp\/v2\/pages\/8363","targetHints":{"allow":["GET"]}}],"collection":[{"href":"https:\/\/nosyberevesdepeche.com\/pl\/wp-json\/wp\/v2\/pages"}],"about":[{"href":"https:\/\/nosyberevesdepeche.com\/pl\/wp-json\/wp\/v2\/types\/page"}],"author":[{"embeddable":true,"href":"https:\/\/nosyberevesdepeche.com\/pl\/wp-json\/wp\/v2\/users\/1"}],"replies":[{"embeddable":true,"href":"https:\/\/nosyberevesdepeche.com\/pl\/wp-json\/wp\/v2\/comments?post=8363"}],"version-history":[{"count":12,"href":"https:\/\/nosyberevesdepeche.com\/pl\/wp-json\/wp\/v2\/pages\/8363\/revisions"}],"predecessor-version":[{"id":20334,"href":"https:\/\/nosyberevesdepeche.com\/pl\/wp-json\/wp\/v2\/pages\/8363\/revisions\/20334"}],"wp:attachment":[{"href":"https:\/\/nosyberevesdepeche.com\/pl\/wp-json\/wp\/v2\/media?parent=8363"}],"curies":[{"name":"wp","href":"https:\/\/api.w.org\/{rel}","templated":true}]}}