{"id":8296,"date":"2025-01-02T11:57:13","date_gmt":"2025-01-02T10:57:13","guid":{"rendered":"https:\/\/nosyberevesdepeche.com\/index.php\/wedkarstwo-archipelag-radamas\/"},"modified":"2026-02-05T05:14:30","modified_gmt":"2026-02-05T04:14:30","slug":"wedkarstwo-madagaskar-archipelag-radama","status":"publish","type":"page","link":"https:\/\/nosyberevesdepeche.com\/pl\/wedkarstwo-madagaskar-archipelag-radama\/","title":{"rendered":"Archipelag Radama"},"content":{"rendered":"\t\t<div data-elementor-type=\"wp-page\" data-elementor-id=\"8296\" class=\"elementor elementor-8296 elementor-2090\" data-elementor-post-type=\"page\">\n\t\t\t\t<div class=\"elementor-element elementor-element-4b3ad14 animated-slow e-flex e-con-boxed elementor-invisible e-con e-parent\" data-id=\"4b3ad14\" data-element_type=\"container\" data-e-type=\"container\" data-settings=\"{&quot;animation&quot;:&quot;fadeIn&quot;,&quot;animation_delay&quot;:0}\">\n\t\t\t\t\t<div class=\"e-con-inner\">\n\t\t\t\t<div class=\"elementor-element elementor-element-bb17b94 elementor-widget__width-inherit elementor-widget elementor-widget-heading\" data-id=\"bb17b94\" data-element_type=\"widget\" data-e-type=\"widget\" data-widget_type=\"heading.default\">\n\t\t\t\t<div class=\"elementor-widget-container\">\n\t\t\t\t\t<h1 class=\"elementor-heading-title elementor-size-default\">Urzekaj\u0105ce Radama, ikoniczna destynacja w\u0119dkarska na Madagaskarze<\/h1>\t\t\t\t<\/div>\n\t\t\t\t<\/div>\n\t\t\t\t\t<\/div>\n\t\t\t\t<\/div>\n\t\t<div class=\"elementor-element elementor-element-e625756 e-flex e-con-boxed elementor-invisible e-con e-parent\" data-id=\"e625756\" data-element_type=\"container\" data-e-type=\"container\" data-settings=\"{&quot;animation&quot;:&quot;fadeIn&quot;}\">\n\t\t\t\t\t<div class=\"e-con-inner\">\n\t\t\t\t<div class=\"elementor-element elementor-element-27904d5 elementor-widget elementor-widget-shortcode\" data-id=\"27904d5\" data-element_type=\"widget\" data-e-type=\"widget\" data-widget_type=\"shortcode.default\">\n\t\t\t\t<div class=\"elementor-widget-container\">\n\t\t\t\t\t\t\t<div class=\"elementor-shortcode\">\n\t\t\t\t<p class=\"rs-p-wp-fix\"><\/p>\n\t\t\t\t<sr7-module data-alias=\"envoutantes-clean-news-slider\" data-id=\"101\" id=\"SR7_101_1\" data-version=\"6.7.41\">\n\t\t\t\t\t<sr7-adjuster><\/sr7-adjuster>\n\t\t\t\t\t<sr7-content>\n\t\t\t\t\t\t<sr7-slide id=\"SR7_101_1-363\" data-key=\"363\">\n\t\t\t\t\t\t\t<sr7-bg id=\"SR7_101_1-363-slidebg\" class=\"sr7-layer\"><noscript><img decoding=\"async\" src=\"https:\/\/nosyberevesdepeche.com\/wp-content\/uploads\/peche-madagascar-archipel-radama-zone-de-peche-e1764255382439.webp\" alt=\"L&#039;archipel des Radama, au sud de Nosy Be, est une destination incontournable pour la p\u00eache sportive \u00e0 Madagascar.\" title=\"Archipel des Radama : la zone de p\u00eache\"><\/noscript><\/sr7-bg>\n\t\t\t\t\t\t\t<h2 id=\"SR7_101_1-363-2\" class=\"sr7-layer\">Strefa po\u0142ow\u00f3w<\/h2>\n\t\t\t\t\t\t\t<p id=\"SR7_101_1-363-3\" class=\"sr7-layer\">Wspania\u0142e Radama<\/p>\n\t\t\t\t\t\t\t<p id=\"SR7_101_1-363-4\" class=\"sr7-layer\">El archipi\u00e9lago de las Radama, al sur de Nosy Be, es un destino imprescindible para la pesca deportiva en Madagascar. Sus aguas ricas en peces y variadas albergan una biodiversidad marina excepcional. Gracias a una amplia reserva de combustible, visitamos esta zona con frecuencia durante nuestras salidas de d\u00eda completo desde Nosy Be, pescando tambi\u00e9n frente a la hermosa isla de Nosy Iranja.<\/p>\n\t\t\t\t\t\t<\/sr7-slide>\n\t\t\t\t\t\t<sr7-slide id=\"SR7_101_1-365\" data-key=\"365\">\n\t\t\t\t\t\t\t<sr7-bg id=\"SR7_101_1-365-slidebg\" class=\"sr7-layer\"><noscript><img decoding=\"async\" src=\"https:\/\/nosyberevesdepeche.com\/wp-content\/uploads\/peche-madagascar-archipel-radama-techniques-de-peche.webp\" alt=\"Popping et jigging sont deux techniques tr\u00e8s efficaces pour la p\u00eache sportive dans l&#039;archipel des Radama, Madagascar.\" title=\"Archipel des Radama : les techniques de p\u00eache\"><\/noscript><\/sr7-bg>\n\t\t\t\t\t\t\t<h2 id=\"SR7_101_1-365-2\" class=\"sr7-layer\">Techniki po\u0142owu<\/h2>\n\t\t\t\t\t\t\t<p id=\"SR7_101_1-365-3\" class=\"sr7-layer\">Wspania\u0142e Radama<\/p>\n\t\t\t\t\t\t\t<p id=\"SR7_101_1-365-4\" class=\"sr7-layer\">s\u0105 tak r\u00f3\u017cnorodne, jak napotykane gatunki. Popping jest szczeg\u00f3lnie skuteczny na koralowych p\u0142askowy\u017cach, aby wywo\u0142a\u0107 ataki karanksa olbrzymiego, podczas gdy pionowe jigging w g\u0142\u0119bokich wodach celuje w drapie\u017cniki, takie jak tu\u0144czyk z\u0119bacz lub seriola. Trollowanie w strefach pelagicznych pozwala na z\u0142owienie \u017caglic i marlin\u00f3w.<\/p>\n\t\t\t\t\t\t<\/sr7-slide>\n\t\t\t\t\t\t<sr7-slide id=\"SR7_101_1-364\" data-key=\"364\">\n\t\t\t\t\t\t\t<sr7-bg id=\"SR7_101_1-364-slidebg\" class=\"sr7-layer\"><noscript><img decoding=\"async\" src=\"https:\/\/nosyberevesdepeche.com\/wp-content\/uploads\/peche-madagascar-archipel-des-radama-opportunites-uniques-1-e1764786016978.webp\" alt=\"L\u2019archipel des Radama \u00e0 Madagascar, pr\u00e9sente une diversit\u00e9 de poissons exceptionnelles pour des sorties de p\u00eache uniques.\" title=\"Archipel des Radama : opportunit\u00e9s uniques pour la p\u00eache\"><\/noscript><\/sr7-bg>\n\t\t\t\t\t\t\t<h2 id=\"SR7_101_1-364-2\" class=\"sr7-layer\">Niepowtarzalne mo\u017cliwo\u015bci<\/h2>\n\t\t\t\t\t\t\t<p id=\"SR7_101_1-364-3\" class=\"sr7-layer\">Wspania\u0142e Radama<\/p>\n\t\t\t\t\t\t\t<p id=\"SR7_101_1-364-4\" class=\"sr7-layer\">na z\u0142owienie kultowych gatunk\u00f3w : karanks olbrzymi, tu\u0144czyk z\u0119bacz, tu\u0144czyk \u017c\u00f3\u0142top\u0142etwy, \u017caglica, seriola, makrela kr\u00f3lewska, barrakuda i \u015bwi\u0119ty graal w\u0119dkarzy sportowych, czarny marlin.<\/p>\n\t\t\t\t\t\t<\/sr7-slide>\n\t\t\t\t\t\t<sr7-slide id=\"SR7_101_1-366\" data-key=\"366\">\n\t\t\t\t\t\t\t<sr7-bg id=\"SR7_101_1-366-slidebg\" class=\"sr7-layer\"><noscript><img decoding=\"async\" src=\"https:\/\/nosyberevesdepeche.com\/wp-content\/uploads\/peche-madagascar-archipel-radama-carangue-gt-e1765637278889.webp\" alt=\"Notre \u00e9quipage ma\u00eetrise toutes les techniques de p\u00eache exotique \u00e0 Madagascar, et vous assistera en toute occasion.\" title=\"Archipel des Radama : expertise de l&#8217;\u00e9quipage\"><\/noscript><\/sr7-bg>\n\t\t\t\t\t\t\t<h2 id=\"SR7_101_1-366-2\" class=\"sr7-layer\">Dzi\u0119ki wiedzy i zaanga\u017cowaniu<\/h2>\n\t\t\t\t\t\t\t<p id=\"SR7_101_1-366-3\" class=\"sr7-layer\">Wspania\u0142e Radama<\/p>\n\t\t\t\t\t\t\t<p id=\"SR7_101_1-366-4\" class=\"sr7-layer\">naszej za\u0142ogi, w\u0119dkarze mog\u0105 zmienia\u0107 techniki w zale\u017cno\u015bci od warunk\u00f3w dnia i zwi\u0119ksza\u0107 swoje szanse na sukces. Archipelag Radama, ze swoj\u0105 bogat\u0105 faun\u0105 i technicznymi wyzwaniami, stanowi idealne miejsce dla mi\u0142o\u015bnik\u00f3w w\u0119dkarstwa sportowego.<\/p>\n\t\t\t\t\t\t<\/sr7-slide>\n\t\t\t\t\t\t<sr7-slide id=\"SR7_101_1-368\" data-key=\"368\">\n\t\t\t\t\t\t\t<sr7-bg id=\"SR7_101_1-368-slidebg\" class=\"sr7-layer\"><noscript><img decoding=\"async\" src=\"https:\/\/nosyberevesdepeche.com\/wp-content\/uploads\/peche-madagascar-archipel-des-radama-popping-1-e1764787803819.webp\" alt=\"Le popping s&#039;impose comme la technique de p\u00eache reine sur les r\u00e9cifs coralliens des Radama \u00e0 Madagascar\" title=\"Archipel des Radama : p\u00eache sur les r\u00e9cifs coralliens\"><\/noscript><\/sr7-bg>\n\t\t\t\t\t\t\t<h2 id=\"SR7_101_1-368-2\" class=\"sr7-layer\">Na p\u0142askowy\u017cach koralowych<\/h2>\n\t\t\t\t\t\t\t<p id=\"SR7_101_1-368-3\" class=\"sr7-layer\">Wspania\u0142e Radama<\/p>\n\t\t\t\t\t\t\t<p id=\"SR7_101_1-368-4\" class=\"sr7-layer\">Radama popping staje si\u0119 wiod\u0105c\u0105 technik\u0105. W samym centrum po\u015bcig\u00f3w fusilery staje si\u0119 niezwykle skutecznym sposobem, aby wywo\u0142a\u0107 ataki przy powierzchni du\u017cych GT, wahoo i barakud.<\/p>\n\t\t\t\t\t\t<\/sr7-slide>\n\t\t\t\t\t\t<sr7-slide id=\"SR7_101_1-367\" data-key=\"367\">\n\t\t\t\t\t\t\t<sr7-bg id=\"SR7_101_1-367-slidebg\" class=\"sr7-layer\"><noscript><img decoding=\"async\" src=\"https:\/\/nosyberevesdepeche.com\/wp-content\/uploads\/peche-madagascar-archipel-radama-cadre-idylique-e1764779826659.webp\" alt=\"Baignade \u00e0 Nosy Iranja au retour de la p\u00eache dans l&#039;archipel des Radama, Madagascar\" title=\"Archipel des Radama : cadre idyllique\"><\/noscript><\/sr7-bg>\n\t\t\t\t\t\t\t<h2 id=\"SR7_101_1-367-2\" class=\"sr7-layer\">Sielankowa sceneria<\/h2>\n\t\t\t\t\t\t\t<p id=\"SR7_101_1-367-3\" class=\"sr7-layer\">Wspania\u0142e Radama<\/p>\n\t\t\t\t\t\t\t<p id=\"SR7_101_1-367-4\" class=\"sr7-layer\">na k\u0105piel w turkusowych wodach Nosy Iranja. Jak lepiej ukoronowa\u0107 intensywny dzie\u0144 w\u0119dkarstwa w archipelagu Radama ? Madagaskar jest magiczny.<\/p>\n\t\t\t\t\t\t<\/sr7-slide>\n\t\t\t\t\t\t<sr7-slide id=\"SR7_101_1-741\" data-key=\"741\">\n\t\t\t\t\t\t<\/sr7-slide>\n\t\t\t\t\t<\/sr7-content>\n\t\t\t\t<\/sr7-module>\n\t\t\t\t<script>\n\t\t\t\t\tSR7.PMH ??={}; SR7.PMH[\"SR7_101_1\"] = {cn:100,state:false,fn: function() { if (_tpt!==undefined && _tpt.prepareModuleHeight !== undefined) {  _tpt.prepareModuleHeight({id:\"SR7_101_1\",el:[800,600,600,450],type:'standard',shdw:'0',gh:[800,700,600,450],gw:[1200,1024,778,480],vpt:['-200px'],size:{fullWidth:true, fullHeight:false},mh:'0',onh:0,onw:0,bg:{color:'transparent'},plType:'-1',plColor:'#FFFFFF'});   SR7.PMH[\"SR7_101_1\"].state=true;} else if(SR7.PMH[\"SR7_101_1\"].cn-->0)\tsetTimeout( SR7.PMH[\"SR7_101_1\"].fn,19);}};SR7.PMH[\"SR7_101_1\" ].fn();\n\t\t\t\t<\/script>\n<\/div>\n\t\t\t\t\t\t<\/div>\n\t\t\t\t<\/div>\n\t\t\t\t\t<\/div>\n\t\t\t\t<\/div>\n\t\t<div class=\"elementor-element elementor-element-a1e5c9c e-flex e-con-boxed elementor-invisible e-con e-parent\" data-id=\"a1e5c9c\" data-element_type=\"container\" data-e-type=\"container\" data-settings=\"{&quot;animation&quot;:&quot;slideInUp&quot;,&quot;animation_delay&quot;:200}\">\n\t\t\t\t\t<div class=\"e-con-inner\">\n\t\t\t\t<div class=\"elementor-element elementor-element-4bb9a4e elementor-widget__width-initial elementor-widget elementor-widget-text-editor\" data-id=\"4bb9a4e\" data-element_type=\"widget\" data-e-type=\"widget\" data-settings=\"{&quot;_animation&quot;:&quot;none&quot;,&quot;_animation_delay&quot;:0}\" data-widget_type=\"text-editor.default\">\n\t\t\t\t<div class=\"elementor-widget-container\">\n\t\t\t\t\t\t\t\t\t<p>W\u0119dkarstwo na Madagaskarze ma jeden ze swoich najwi\u0119kszych skarb\u00f3w w archipelagu Radama, po\u0142o\u017conym oko\u0142o 80 km na po\u0142udnie od Nosy Be.<\/p><p>Podczas naszych <a href=\"https:\/\/nosyberevesdepeche.com\/pl\/wedkarstwo-nosy-be\/\">jednodniowych wypraw<\/a> cz\u0119sto zaczynamy \u0142owienie na wodach otwartych ko\u0142o Nosy Iranja, a nast\u0119pnie kierujemy si\u0119 na podwodne plateau Radama, znane z wyj\u0105tkowej liczby i r\u00f3\u017cnorodno\u015bci ryb.<\/p>\t\t\t\t\t\t\t\t<\/div>\n\t\t\t\t<\/div>\n\t\t\t\t\t<\/div>\n\t\t\t\t<\/div>\n\t\t\t\t<\/div>\n\t\t","protected":false},"excerpt":{"rendered":"<p>Urzekaj\u0105ce Radama, ikoniczna destynacja w\u0119dkarska na Madagaskarze W\u0119dkarstwo na Madagaskarze ma jeden ze swoich najwi\u0119kszych skarb\u00f3w w archipelagu Radama, po\u0142o\u017conym oko\u0142o 80 km na po\u0142udnie od Nosy Be. Podczas naszych&#8230;<\/p>\n","protected":false},"author":1,"featured_media":26957,"parent":0,"menu_order":0,"comment_status":"closed","ping_status":"closed","template":"elementor_header_footer","meta":{"footnotes":""},"class_list":["post-8296","page","type-page","status-publish","has-post-thumbnail"],"yoast_head":"<!-- This site is optimized with the Yoast SEO plugin v27.4 - https:\/\/yoast.com\/product\/yoast-seo-wordpress\/ -->\n<title>Archipelag Radama, raj dla w\u0119dkarstwa na Madagaskarze - W\u0119dkarskie Marzenia na Nosy Be<\/title>\n<meta name=\"description\" content=\"Odkryj wspania\u0142y Archipelag Radama, oko\u0142o 90 km na po\u0142udnie od Nosy Be, raj dla w\u0119dkarstwa na Madagaskarze.\" \/>\n<meta name=\"robots\" content=\"index, follow, max-snippet:-1, max-image-preview:large, max-video-preview:-1\" \/>\n<link rel=\"canonical\" href=\"https:\/\/nosyberevesdepeche.com\/pl\/wedkarstwo-madagaskar-archipelag-radama\/\" \/>\n<meta property=\"og:locale\" content=\"pl_PL\" \/>\n<meta property=\"og:type\" content=\"article\" \/>\n<meta property=\"og:title\" content=\"Archipelag Radama, raj dla w\u0119dkarstwa na Madagaskarze - W\u0119dkarskie Marzenia na Nosy Be\" \/>\n<meta property=\"og:description\" content=\"Odkryj wspania\u0142y Archipelag Radama, oko\u0142o 90 km na po\u0142udnie od Nosy Be, raj dla w\u0119dkarstwa na Madagaskarze.\" \/>\n<meta property=\"og:url\" content=\"https:\/\/nosyberevesdepeche.com\/pl\/wedkarstwo-madagaskar-archipelag-radama\/\" \/>\n<meta property=\"og:site_name\" content=\"W\u0119dkarskie Marzenia na Nosy Be\" \/>\n<meta property=\"article:publisher\" content=\"https:\/\/www.facebook.com\/nosyberevesdepeche\" \/>\n<meta property=\"article:modified_time\" content=\"2026-02-05T04:14:30+00:00\" \/>\n<meta property=\"og:image\" content=\"https:\/\/nosyberevesdepeche.com\/wp-content\/uploads\/peche-madagascar-archipel-radama-page-e1764782155131.webp\" \/>\n\t<meta property=\"og:image:width\" content=\"2048\" \/>\n\t<meta property=\"og:image:height\" content=\"1542\" \/>\n\t<meta property=\"og:image:type\" content=\"image\/webp\" \/>\n<meta name=\"twitter:card\" content=\"summary_large_image\" \/>\n<script type=\"application\/ld+json\" class=\"yoast-schema-graph\">{\"@context\":\"https:\\\/\\\/schema.org\",\"@graph\":[{\"@type\":\"WebPage\",\"@id\":\"https:\\\/\\\/nosyberevesdepeche.com\\\/pl\\\/wedkarstwo-madagaskar-archipelag-radama\\\/\",\"url\":\"https:\\\/\\\/nosyberevesdepeche.com\\\/pl\\\/wedkarstwo-madagaskar-archipelag-radama\\\/\",\"name\":\"Archipelag Radama, raj dla w\u0119dkarstwa na Madagaskarze - W\u0119dkarskie Marzenia na Nosy Be\",\"isPartOf\":{\"@id\":\"https:\\\/\\\/nosyberevesdepeche.com\\\/pl\\\/#website\"},\"primaryImageOfPage\":{\"@id\":\"https:\\\/\\\/nosyberevesdepeche.com\\\/pl\\\/wedkarstwo-madagaskar-archipelag-radama\\\/#primaryimage\"},\"image\":{\"@id\":\"https:\\\/\\\/nosyberevesdepeche.com\\\/pl\\\/wedkarstwo-madagaskar-archipelag-radama\\\/#primaryimage\"},\"thumbnailUrl\":\"https:\\\/\\\/nosyberevesdepeche.com\\\/wp-content\\\/uploads\\\/peche-madagascar-archipel-radama-page-e1764782155131.webp\",\"datePublished\":\"2025-01-02T10:57:13+00:00\",\"dateModified\":\"2026-02-05T04:14:30+00:00\",\"description\":\"Odkryj wspania\u0142y Archipelag Radama, oko\u0142o 90 km na po\u0142udnie od Nosy Be, raj dla w\u0119dkarstwa na Madagaskarze.\",\"breadcrumb\":{\"@id\":\"https:\\\/\\\/nosyberevesdepeche.com\\\/pl\\\/wedkarstwo-madagaskar-archipelag-radama\\\/#breadcrumb\"},\"inLanguage\":\"pl-PL\",\"potentialAction\":[{\"@type\":\"ReadAction\",\"target\":[\"https:\\\/\\\/nosyberevesdepeche.com\\\/pl\\\/wedkarstwo-madagaskar-archipelag-radama\\\/\"]}]},{\"@type\":\"ImageObject\",\"inLanguage\":\"pl-PL\",\"@id\":\"https:\\\/\\\/nosyberevesdepeche.com\\\/pl\\\/wedkarstwo-madagaskar-archipelag-radama\\\/#primaryimage\",\"url\":\"https:\\\/\\\/nosyberevesdepeche.com\\\/wp-content\\\/uploads\\\/peche-madagascar-archipel-radama-page-e1764782155131.webp\",\"contentUrl\":\"https:\\\/\\\/nosyberevesdepeche.com\\\/wp-content\\\/uploads\\\/peche-madagascar-archipel-radama-page-e1764782155131.webp\",\"width\":2048,\"height\":1542,\"caption\":\"Nasza za\u0142oga opanowa\u0142a wszystkie techniki egzotycznego w\u0119dkowania na Madagaskarze i b\u0119dzie ci pomaga\u0107 przy ka\u017cdej okazji.\"},{\"@type\":\"BreadcrumbList\",\"@id\":\"https:\\\/\\\/nosyberevesdepeche.com\\\/pl\\\/wedkarstwo-madagaskar-archipelag-radama\\\/#breadcrumb\",\"itemListElement\":[{\"@type\":\"ListItem\",\"position\":1,\"name\":\"Accueil\",\"item\":\"https:\\\/\\\/nosyberevesdepeche.com\\\/pl\\\/\"},{\"@type\":\"ListItem\",\"position\":2,\"name\":\"Archipelag Radama\"}]},{\"@type\":\"WebSite\",\"@id\":\"https:\\\/\\\/nosyberevesdepeche.com\\\/pl\\\/#website\",\"url\":\"https:\\\/\\\/nosyberevesdepeche.com\\\/pl\\\/\",\"name\":\"Nosy Be R\u00eaves de P\u00eache\",\"description\":\"W\u0119dkarstwo sportowe i big game fishing na Madagaskarze, z Nosy Be\",\"publisher\":{\"@id\":\"https:\\\/\\\/nosyberevesdepeche.com\\\/pl\\\/#organization\"},\"potentialAction\":[{\"@type\":\"SearchAction\",\"target\":{\"@type\":\"EntryPoint\",\"urlTemplate\":\"https:\\\/\\\/nosyberevesdepeche.com\\\/pl\\\/?s={search_term_string}\"},\"query-input\":{\"@type\":\"PropertyValueSpecification\",\"valueRequired\":true,\"valueName\":\"search_term_string\"}}],\"inLanguage\":\"pl-PL\"},{\"@type\":\"Organization\",\"@id\":\"https:\\\/\\\/nosyberevesdepeche.com\\\/pl\\\/#organization\",\"name\":\"Nosy Be R\u00eaves de P\u00eache\",\"url\":\"https:\\\/\\\/nosyberevesdepeche.com\\\/pl\\\/\",\"logo\":{\"@type\":\"ImageObject\",\"inLanguage\":\"pl-PL\",\"@id\":\"https:\\\/\\\/nosyberevesdepeche.com\\\/pl\\\/#\\\/schema\\\/logo\\\/image\\\/\",\"url\":\"https:\\\/\\\/nosyberevesdepeche.com\\\/wp-content\\\/uploads\\\/sejour-cap-san-sebastien.jpg\",\"contentUrl\":\"https:\\\/\\\/nosyberevesdepeche.com\\\/wp-content\\\/uploads\\\/sejour-cap-san-sebastien.jpg\",\"width\":2048,\"height\":1542,\"caption\":\"Nosy Be R\u00eaves de P\u00eache\"},\"image\":{\"@id\":\"https:\\\/\\\/nosyberevesdepeche.com\\\/pl\\\/#\\\/schema\\\/logo\\\/image\\\/\"},\"sameAs\":[\"https:\\\/\\\/www.facebook.com\\\/nosyberevesdepeche\",\"https:\\\/\\\/www.youtube.com\\\/@NosyBeRevesdePeche\",\"https:\\\/\\\/www.instagram.com\\\/nosyberevesdepeche\\\/\",\"https:\\\/\\\/www.tiktok.com\\\/@nosy_be_reves_de_peche\"]}]}<\/script>\n<!-- \/ Yoast SEO plugin. -->","yoast_head_json":{"title":"Archipelag Radama, raj dla w\u0119dkarstwa na Madagaskarze - W\u0119dkarskie Marzenia na Nosy Be","description":"Odkryj wspania\u0142y Archipelag Radama, oko\u0142o 90 km na po\u0142udnie od Nosy Be, raj dla w\u0119dkarstwa na Madagaskarze.","robots":{"index":"index","follow":"follow","max-snippet":"max-snippet:-1","max-image-preview":"max-image-preview:large","max-video-preview":"max-video-preview:-1"},"canonical":"https:\/\/nosyberevesdepeche.com\/pl\/wedkarstwo-madagaskar-archipelag-radama\/","og_locale":"pl_PL","og_type":"article","og_title":"Archipelag Radama, raj dla w\u0119dkarstwa na Madagaskarze - W\u0119dkarskie Marzenia na Nosy Be","og_description":"Odkryj wspania\u0142y Archipelag Radama, oko\u0142o 90 km na po\u0142udnie od Nosy Be, raj dla w\u0119dkarstwa na Madagaskarze.","og_url":"https:\/\/nosyberevesdepeche.com\/pl\/wedkarstwo-madagaskar-archipelag-radama\/","og_site_name":"W\u0119dkarskie Marzenia na Nosy Be","article_publisher":"https:\/\/www.facebook.com\/nosyberevesdepeche","article_modified_time":"2026-02-05T04:14:30+00:00","og_image":[{"width":2048,"height":1542,"url":"https:\/\/nosyberevesdepeche.com\/wp-content\/uploads\/peche-madagascar-archipel-radama-page-e1764782155131.webp","type":"image\/webp"}],"twitter_card":"summary_large_image","schema":{"@context":"https:\/\/schema.org","@graph":[{"@type":"WebPage","@id":"https:\/\/nosyberevesdepeche.com\/pl\/wedkarstwo-madagaskar-archipelag-radama\/","url":"https:\/\/nosyberevesdepeche.com\/pl\/wedkarstwo-madagaskar-archipelag-radama\/","name":"Archipelag Radama, raj dla w\u0119dkarstwa na Madagaskarze - W\u0119dkarskie Marzenia na Nosy Be","isPartOf":{"@id":"https:\/\/nosyberevesdepeche.com\/pl\/#website"},"primaryImageOfPage":{"@id":"https:\/\/nosyberevesdepeche.com\/pl\/wedkarstwo-madagaskar-archipelag-radama\/#primaryimage"},"image":{"@id":"https:\/\/nosyberevesdepeche.com\/pl\/wedkarstwo-madagaskar-archipelag-radama\/#primaryimage"},"thumbnailUrl":"https:\/\/nosyberevesdepeche.com\/wp-content\/uploads\/peche-madagascar-archipel-radama-page-e1764782155131.webp","datePublished":"2025-01-02T10:57:13+00:00","dateModified":"2026-02-05T04:14:30+00:00","description":"Odkryj wspania\u0142y Archipelag Radama, oko\u0142o 90 km na po\u0142udnie od Nosy Be, raj dla w\u0119dkarstwa na Madagaskarze.","breadcrumb":{"@id":"https:\/\/nosyberevesdepeche.com\/pl\/wedkarstwo-madagaskar-archipelag-radama\/#breadcrumb"},"inLanguage":"pl-PL","potentialAction":[{"@type":"ReadAction","target":["https:\/\/nosyberevesdepeche.com\/pl\/wedkarstwo-madagaskar-archipelag-radama\/"]}]},{"@type":"ImageObject","inLanguage":"pl-PL","@id":"https:\/\/nosyberevesdepeche.com\/pl\/wedkarstwo-madagaskar-archipelag-radama\/#primaryimage","url":"https:\/\/nosyberevesdepeche.com\/wp-content\/uploads\/peche-madagascar-archipel-radama-page-e1764782155131.webp","contentUrl":"https:\/\/nosyberevesdepeche.com\/wp-content\/uploads\/peche-madagascar-archipel-radama-page-e1764782155131.webp","width":2048,"height":1542,"caption":"Nasza za\u0142oga opanowa\u0142a wszystkie techniki egzotycznego w\u0119dkowania na Madagaskarze i b\u0119dzie ci pomaga\u0107 przy ka\u017cdej okazji."},{"@type":"BreadcrumbList","@id":"https:\/\/nosyberevesdepeche.com\/pl\/wedkarstwo-madagaskar-archipelag-radama\/#breadcrumb","itemListElement":[{"@type":"ListItem","position":1,"name":"Accueil","item":"https:\/\/nosyberevesdepeche.com\/pl\/"},{"@type":"ListItem","position":2,"name":"Archipelag Radama"}]},{"@type":"WebSite","@id":"https:\/\/nosyberevesdepeche.com\/pl\/#website","url":"https:\/\/nosyberevesdepeche.com\/pl\/","name":"Nosy Be R\u00eaves de P\u00eache","description":"W\u0119dkarstwo sportowe i big game fishing na Madagaskarze, z Nosy Be","publisher":{"@id":"https:\/\/nosyberevesdepeche.com\/pl\/#organization"},"potentialAction":[{"@type":"SearchAction","target":{"@type":"EntryPoint","urlTemplate":"https:\/\/nosyberevesdepeche.com\/pl\/?s={search_term_string}"},"query-input":{"@type":"PropertyValueSpecification","valueRequired":true,"valueName":"search_term_string"}}],"inLanguage":"pl-PL"},{"@type":"Organization","@id":"https:\/\/nosyberevesdepeche.com\/pl\/#organization","name":"Nosy Be R\u00eaves de P\u00eache","url":"https:\/\/nosyberevesdepeche.com\/pl\/","logo":{"@type":"ImageObject","inLanguage":"pl-PL","@id":"https:\/\/nosyberevesdepeche.com\/pl\/#\/schema\/logo\/image\/","url":"https:\/\/nosyberevesdepeche.com\/wp-content\/uploads\/sejour-cap-san-sebastien.jpg","contentUrl":"https:\/\/nosyberevesdepeche.com\/wp-content\/uploads\/sejour-cap-san-sebastien.jpg","width":2048,"height":1542,"caption":"Nosy Be R\u00eaves de P\u00eache"},"image":{"@id":"https:\/\/nosyberevesdepeche.com\/pl\/#\/schema\/logo\/image\/"},"sameAs":["https:\/\/www.facebook.com\/nosyberevesdepeche","https:\/\/www.youtube.com\/@NosyBeRevesdePeche","https:\/\/www.instagram.com\/nosyberevesdepeche\/","https:\/\/www.tiktok.com\/@nosy_be_reves_de_peche"]}]}},"_links":{"self":[{"href":"https:\/\/nosyberevesdepeche.com\/pl\/wp-json\/wp\/v2\/pages\/8296","targetHints":{"allow":["GET"]}}],"collection":[{"href":"https:\/\/nosyberevesdepeche.com\/pl\/wp-json\/wp\/v2\/pages"}],"about":[{"href":"https:\/\/nosyberevesdepeche.com\/pl\/wp-json\/wp\/v2\/types\/page"}],"author":[{"embeddable":true,"href":"https:\/\/nosyberevesdepeche.com\/pl\/wp-json\/wp\/v2\/users\/1"}],"replies":[{"embeddable":true,"href":"https:\/\/nosyberevesdepeche.com\/pl\/wp-json\/wp\/v2\/comments?post=8296"}],"version-history":[{"count":24,"href":"https:\/\/nosyberevesdepeche.com\/pl\/wp-json\/wp\/v2\/pages\/8296\/revisions"}],"predecessor-version":[{"id":30424,"href":"https:\/\/nosyberevesdepeche.com\/pl\/wp-json\/wp\/v2\/pages\/8296\/revisions\/30424"}],"wp:featuredmedia":[{"embeddable":true,"href":"https:\/\/nosyberevesdepeche.com\/pl\/wp-json\/wp\/v2\/media\/26957"}],"wp:attachment":[{"href":"https:\/\/nosyberevesdepeche.com\/pl\/wp-json\/wp\/v2\/media?parent=8296"}],"curies":[{"name":"wp","href":"https:\/\/api.w.org\/{rel}","templated":true}]}}