{"id":8084,"date":"2025-01-12T14:57:33","date_gmt":"2025-01-12T13:57:33","guid":{"rendered":"https:\/\/nosyberevesdepeche.com\/index.php\/wedkarstwo-cap-san-sebastien\/"},"modified":"2026-02-05T05:13:32","modified_gmt":"2026-02-05T04:13:32","slug":"wedkarstwo-madagaskar-przyladek-san-sebastian","status":"publish","type":"page","link":"https:\/\/nosyberevesdepeche.com\/pl\/wedkarstwo-madagaskar-przyladek-san-sebastian\/","title":{"rendered":"Przyl\u0105dek San Sebastian"},"content":{"rendered":"\t\t<div data-elementor-type=\"wp-page\" data-elementor-id=\"8084\" class=\"elementor elementor-8084 elementor-2850\" data-elementor-post-type=\"page\">\n\t\t\t\t<div class=\"elementor-element elementor-element-2d5643a animated-slow e-flex e-con-boxed elementor-invisible e-con e-parent\" data-id=\"2d5643a\" data-element_type=\"container\" data-e-type=\"container\" data-settings=\"{&quot;animation&quot;:&quot;fadeIn&quot;,&quot;animation_delay&quot;:0}\">\n\t\t\t\t\t<div class=\"e-con-inner\">\n\t\t\t\t<div class=\"elementor-element elementor-element-317fb4b elementor-widget-tablet__width-inherit elementor-widget elementor-widget-heading\" data-id=\"317fb4b\" data-element_type=\"widget\" data-e-type=\"widget\" data-widget_type=\"heading.default\">\n\t\t\t\t<div class=\"elementor-widget-container\">\n\t\t\t\t\t<h1 class=\"elementor-heading-title elementor-size-default\">Mityczny Przyl\u0105dek San Sebastian, kultowe miejsce w\u0119dkarstwa sportowego na Madagaskarze<\/h1>\t\t\t\t<\/div>\n\t\t\t\t<\/div>\n\t\t\t\t\t<\/div>\n\t\t\t\t<\/div>\n\t\t<div class=\"elementor-element elementor-element-cb13acf e-flex e-con-boxed elementor-invisible e-con e-parent\" data-id=\"cb13acf\" data-element_type=\"container\" data-e-type=\"container\" data-settings=\"{&quot;animation&quot;:&quot;fadeIn&quot;}\">\n\t\t\t\t\t<div class=\"e-con-inner\">\n\t\t\t\t<div class=\"elementor-element elementor-element-df0e1dc elementor-widget elementor-widget-shortcode\" data-id=\"df0e1dc\" data-element_type=\"widget\" data-e-type=\"widget\" data-widget_type=\"shortcode.default\">\n\t\t\t\t<div class=\"elementor-widget-container\">\n\t\t\t\t\t\t\t<div class=\"elementor-shortcode\">\n\t\t\t\t<p class=\"rs-p-wp-fix\"><\/p>\n\t\t\t\t<sr7-module data-alias=\"mythique-cap-san-sebastien\" data-id=\"89\" id=\"SR7_89_1\" data-version=\"6.7.54\">\n\t\t\t\t\t<sr7-adjuster><\/sr7-adjuster>\n\t\t\t\t\t<sr7-content>\n\t\t\t\t\t\t<sr7-slide id=\"SR7_89_1-422\" data-key=\"422\">\n\t\t\t\t\t\t\t<h2 id=\"SR7_89_1-422-2\" class=\"sr7-layer\">Dla mi\u0142o\u015bnik\u00f3w w\u0119dkarstwa sportowego<\/h2>\n\t\t\t\t\t\t\t<h3 id=\"SR7_89_1-422-3\" class=\"sr7-layer\">Nieposkromiony Przyl\u0105dek San Sebastian<\/h3>\n\t\t\t\t\t\t\t<p id=\"SR7_89_1-422-4\" class=\"sr7-layer\">Po\u0142o\u017cony na p\u00f3\u0142nocno-zachodnim wybrze\u017cu Madagaskaru, oko\u0142o 120 kilometr\u00f3w na p\u00f3\u0142noc od Nosy Be, Przyl\u0105dek San Sebastian otoczony jest rafami i wyj\u0105tkowymi \u0142owiskami. Z Nosy Mitsio, gdzie mieszkaj\u0105 Pa\u0144stwo podczas pobytu, nie szcz\u0119dzimy paliwa, aby wielokrotnie dotrze\u0107 do tego legendarnego miejsca lub jego okolic. Dzi\u0119ki temu docieramy do dziewiczych, rzadko eksplorowanych \u0142owisk, kt\u00f3re obiecuj\u0105 emocjonuj\u0105ce zmagania z okazami trofeowymi. Surowy klejnot dla mi\u0142o\u015bnik\u00f3w w\u0119dkarstwa sportowego.<\/p>\n\t\t\t\t\t\t<\/sr7-slide>\n\t\t\t\t\t\t<sr7-slide id=\"SR7_89_1-545\" data-key=\"545\">\n\t\t\t\t\t\t\t<sr7-bg id=\"SR7_89_1-545-slidebg\" class=\"sr7-layer\"><noscript><img decoding=\"async\" src=\"https:\/\/nosyberevesdepeche.com\/wp-content\/uploads\/fond-mer-Photoroom.jpg\" alt=\"\" title=\"\"><\/noscript><\/sr7-bg>\n\t\t\t\t\t\t\t<h2 id=\"SR7_89_1-545-2\" class=\"sr7-layer\">Ostateczna technika po\u0142owu<\/h2>\n\t\t\t\t\t\t\t<h3 id=\"SR7_89_1-545-3\" class=\"sr7-layer\">Nieposkromiony Przyl\u0105dek San Sebastian<\/h3>\n\t\t\t\t\t\t\t<p id=\"SR7_89_1-545-4\" class=\"sr7-layer\">Przyl\u0105dek San Sebastian to idealne miejsce na popping, dzi\u0119ki swoim koralowym p\u0142askowy\u017com i p\u0142ytkim obszarom, gdzie poluj\u0105 karanksy olbrzymie i inne kultowe drapie\u017cniki. Niesamowity cel dla spektakularnych walk.<\/p>\n\t\t\t\t\t\t<\/sr7-slide>\n\t\t\t\t\t\t<sr7-slide id=\"SR7_89_1-332\" data-key=\"332\">\n\t\t\t\t\t\t\t<sr7-bg id=\"SR7_89_1-332-slidebg\" class=\"sr7-layer\"><noscript><img decoding=\"async\" src=\"https:\/\/nosyberevesdepeche.com\/wp-content\/uploads\/cap-san-sebastien-merou-scaled-e1747659694607.webp\" alt=\"P\u00eache au jig et capture d&#039;un m\u00e9rou c\u00e9leste au Cap San S\u00e9bastien, puis rel\u00e2cher dans le cadre d\u2019une p\u00eache responsable\" title=\"M\u00e9rou c\u00e9leste captur\u00e9 au jig au Cap San S\u00e9bastien\"><\/noscript><\/sr7-bg>\n\t\t\t\t\t\t\t<h2 id=\"SR7_89_1-332-2\" class=\"sr7-layer\">Niesamowite mo\u017cliwo\u015bci po\u0142owu<\/h2>\n\t\t\t\t\t\t\t<h3 id=\"SR7_89_1-332-3\" class=\"sr7-layer\">Nieposkromiony Przyl\u0105dek San Sebastian<\/h3>\n\t\t\t\t\t\t\t<p id=\"SR7_89_1-332-4\" class=\"sr7-layer\">Niezale\u017cnie od tego, czy preferujecie popping, jigging czy trolling, wody Przyl\u0105dka San Sebastian obfituj\u0105 w imponuj\u0105ce okazy. Karanks olbrzymi, tu\u0144czyk psi, granik i barrakuda to tylko niekt\u00f3re z wyzwa\u0144, kt\u00f3re czekaj\u0105 na Was w tych s\u0142yn\u0105cych z bogactwa i r\u00f3\u017cnorodno\u015bci wodach. Nasza lokalna za\u0142oga, doskonale znaj\u0105ca najlepsze miejsca, pomo\u017ce Wam zwi\u0119kszy\u0107 szanse na niezapomniane po\u0142owy.<\/p>\n\t\t\t\t\t\t<\/sr7-slide>\n\t\t\t\t\t\t<sr7-slide id=\"SR7_89_1-1067\" data-key=\"1067\">\n\t\t\t\t\t\t\t<sr7-bg id=\"SR7_89_1-1067-slidebg\" class=\"sr7-layer\"><noscript><img decoding=\"async\" src=\"https:\/\/nosyberevesdepeche.com\/wp-content\/uploads\/peche-madagascar-cap-san-sebastien-barracuda-e1765634389215.webp\" alt=\"Superbe barracuda captur\u00e9 au jig au Cap San S\u00e9bastien \u00e0 Madagascar\" title=\"Barracuda au jig \u00e0 Madagascar\"><\/noscript><\/sr7-bg>\n\t\t\t\t\t\t\t<h2 id=\"SR7_89_1-1067-2\" class=\"sr7-layer\">Jigging, pot\u0119\u017cna technika<\/h2>\n\t\t\t\t\t\t\t<h3 id=\"SR7_89_1-1067-3\" class=\"sr7-layer\">Nieposkromiony Przyl\u0105dek San Sebastian<\/h3>\n\t\t\t\t\t\t\t<p id=\"SR7_89_1-1067-4\" class=\"sr7-layer\">w\u0119dkarstwa sportowego na Madagaskarze.\nJigging to technika w\u0119dkarstwa pionowego polegaj\u0105ca na o\u017cywianiu metalowej przyn\u0119ty, zwanej jig, aby na\u015bladowa\u0107 ruchy rannej ryby. W rejonie Przyl\u0105dka San Sebastian metoda ta jest wyj\u0105tkowo skuteczna na spadach i skalistych \u0142owiskach, gdzie wyst\u0119puje wiele drapie\u017cnik\u00f3w.\nZazwyczaj u\u017cywamy jig\u00f3w o wadze 150\u2013200 g, idealnie dopasowanych do g\u0142\u0119boko\u015bci i pr\u0105du w danym miejscu. Technika ta wymaga dobrej kondycji i wysokiej jako\u015bci sprz\u0119tu, ale zapewnia emocjonuj\u0105ce hole z tu\u0144czykami z\u0119batymi, karanksami, granikami i wahoo.\n<\/p>\n\t\t\t\t\t\t<\/sr7-slide>\n\t\t\t\t\t\t<sr7-slide id=\"SR7_89_1-1076\" data-key=\"1076\">\n\t\t\t\t\t\t\t<sr7-bg id=\"SR7_89_1-1076-slidebg\" class=\"sr7-layer\"><noscript><img decoding=\"async\" src=\"https:\/\/nosyberevesdepeche.com\/wp-content\/uploads\/peche-madagascar-lior-trevally.jpg\" alt=\"La p\u00eache \u00e0 Madagascar dans toute sa splendeur, \u00e9norme GT prise au popper \u00e0 Nosy Mitsio\" title=\"Enorme carangue \u00e0 Nosy Mitsio\"><\/noscript><\/sr7-bg>\n\t\t\t\t\t\t\t<h2 id=\"SR7_89_1-1076-2\" class=\"sr7-layer\">Popping, kr\u00f3l technik<\/h2>\n\t\t\t\t\t\t\t<h3 id=\"SR7_89_1-1076-3\" class=\"sr7-layer\">Nieposkromiony Przyl\u0105dek San Sebastian<\/h3>\n\t\t\t\t\t\t\t<p id=\"SR7_89_1-1076-4\" class=\"sr7-layer\">na rafach koralowych. Spektakularny i niezwykle skuteczny, popping to niezast\u0105piona metoda big game fishing na Madagaskarze.\nW okolicach Nosy Mitsio i Przyl\u0105dka San Sebastian ta technika w\u0119dkarstwa sportowego wywo\u0142uje gwa\u0142towne ataki olbrzymich karanks\u00f3w i innych drapie\u017cnik\u00f3w \u017ceruj\u0105cych przy powierzchni.\nMoc, adrenalina i precyzja : popping uosabia prawdziw\u0105 esencj\u0119 w\u0119dkarstwa sportowego na Madagaskarze.\n<\/p>\n\t\t\t\t\t\t<\/sr7-slide>\n\t\t\t\t\t\t<sr7-slide id=\"SR7_89_1-1093\" data-key=\"1093\">\n\t\t\t\t\t\t\t<sr7-bg id=\"SR7_89_1-1093-slidebg\" class=\"sr7-layer\"><noscript><img decoding=\"async\" src=\"https:\/\/nosyberevesdepeche.com\/wp-content\/uploads\/peche-madagascar-mitsio-gros-merou-1.webp\" alt=\"Un superbe m\u00e9rou captur\u00e9 au Cap san S\u00e9bastien, Madagascar\" title=\"M\u00e9rou \u00e0 Madagascar\"><\/noscript><\/sr7-bg>\n\t\t\t\t\t\t\t<h2 id=\"SR7_89_1-1093-2\" class=\"sr7-layer\">Bardzo du\u017ca r\u00f3\u017cnorodno\u015b\u0107<\/h2>\n\t\t\t\t\t\t\t<h3 id=\"SR7_89_1-1093-3\" class=\"sr7-layer\">Nieposkromiony Przyl\u0105dek San Sebastian<\/h3>\n\t\t\t\t\t\t\t<p id=\"SR7_89_1-1093-4\" class=\"sr7-layer\">ryb charakteryzuje Przyl\u0105dek San Sebastian, prawdziwy klejnot big game fishing oraz w\u0119dkarstwa sportowego na Madagaskarze. Podczas poppingu lub jiggingu nigdy nie wiadomo, jaki gatunek zaatakuje przyn\u0119t\u0119 : GT, strz\u0119piel, barrakuda, wahoo, tu\u0144czyk z\u0119bnik\u2026 marlin nie jest wykluczony !<\/p>\n\t\t\t\t\t\t<\/sr7-slide>\n\t\t\t\t\t\t<sr7-slide id=\"SR7_89_1-738\" data-key=\"738\">\n\t\t\t\t\t\t<\/sr7-slide>\n\t\t\t\t\t<\/sr7-content>\n\t\t\t\t<\/sr7-module>\n\t\t\t\t<script>\n\t\t\t\t\twindow.SR7 ??={};SR7.PMH ??={}; SR7.PMH[\"SR7_89_1\"] = {cn:100,state:false,fn: function() { if (window._tpt!==undefined && window._tpt.prepareModuleHeight !== undefined) {  _tpt.prepareModuleHeight({id:\"SR7_89_1\",el:[800,700,600,600],type:'standard',shdw:'0',gh:[800,700,600,600],gw:[1200,1024,778,480],vpt:['-200px'],size:{fullWidth:true, fullHeight:false},mh:'0',onh:0,onw:0,bg:{color:'transparent'},plType:'-1',plColor:'#FFFFFF'});   SR7.PMH[\"SR7_89_1\"].state=true;} else if(SR7.PMH[\"SR7_89_1\"].cn-->0)\tsetTimeout( SR7.PMH[\"SR7_89_1\"].fn,19);}};SR7.PMH[\"SR7_89_1\" ].fn();\n\t\t\t\t<\/script>\n<\/div>\n\t\t\t\t\t\t<\/div>\n\t\t\t\t<\/div>\n\t\t\t\t\t<\/div>\n\t\t\t\t<\/div>\n\t\t<div class=\"elementor-element elementor-element-a492836 e-flex e-con-boxed elementor-invisible e-con e-parent\" data-id=\"a492836\" data-element_type=\"container\" data-e-type=\"container\" data-settings=\"{&quot;animation&quot;:&quot;slideInUp&quot;,&quot;animation_delay&quot;:200}\">\n\t\t\t\t\t<div class=\"e-con-inner\">\n\t\t\t\t<div class=\"elementor-element elementor-element-f7c6119 elementor-widget__width-initial elementor-widget elementor-widget-text-editor\" data-id=\"f7c6119\" data-element_type=\"widget\" data-e-type=\"widget\" data-widget_type=\"text-editor.default\">\n\t\t\t\t<div class=\"elementor-widget-container\">\n\t\t\t\t\t\t\t\t\t<p>Oko\u0142o 3 godziny na p\u00f3\u0142noc od Nosy Be, raj dla w\u0119dkarstwa sportowego i big game fishing na Madagaskarze.<\/p><p><span style=\"color: #003366; font-weight: bold;\">Nasze wyprawy w\u0119dkarskie z Nosy Be<\/span> obejmuj\u0105 transfery do i z Nosy Mitsio, wynajem \u0142odzi z do\u015bwiadczon\u0105, lokaln\u0105 za\u0142og\u0105, paliwo, pe\u0142ne wy\u017cywienie w bungalowach przy pla\u017cy oraz wod\u0119 butelkowan\u0105.<\/p><p>Z naszej bazy na <a href=\"https:\/\/nosyberevesdepeche.com\/pl\/wedkarstwo-madagaskar-nosy-mitsio\/\">Nosy Mitsio<\/a> i dzi\u0119ki <strong>znacznym rezerwom<\/strong> paliwa docieramy do Przyl\u0105dka San Sebastian, gdzie czekaj\u0105 niezapomniane hole.<\/p>\t\t\t\t\t\t\t\t<\/div>\n\t\t\t\t<\/div>\n\t\t\t\t\t<\/div>\n\t\t\t\t<\/div>\n\t\t\t\t<\/div>\n\t\t","protected":false},"excerpt":{"rendered":"<p>Mityczny Przyl\u0105dek San Sebastian, kultowe miejsce w\u0119dkarstwa sportowego na Madagaskarze Oko\u0142o 3 godziny na p\u00f3\u0142noc od Nosy Be, raj dla w\u0119dkarstwa sportowego i big game fishing na Madagaskarze. Nasze wyprawy&#8230;<\/p>\n","protected":false},"author":1,"featured_media":17588,"parent":0,"menu_order":0,"comment_status":"closed","ping_status":"closed","template":"elementor_header_footer","meta":{"footnotes":""},"class_list":["post-8084","page","type-page","status-publish","has-post-thumbnail"],"yoast_head":"<!-- This site is optimized with the Yoast SEO plugin v27.4 - https:\/\/yoast.com\/product\/yoast-seo-wordpress\/ -->\n<title>Raj dla w\u0119dkarstwa sportowego na Madagaskarze - W\u0119dkarskie Marzenia na Nosy Be<\/title>\n<meta name=\"description\" content=\"Mityczne miejsce na w\u0119dkarstwo sportowe, Przyl\u0105dek San Sebastian obiecuje niezapomniane zmagania. Dost\u0119pny z Nosy Mitsio.\" \/>\n<meta name=\"robots\" content=\"index, follow, max-snippet:-1, max-image-preview:large, max-video-preview:-1\" \/>\n<link rel=\"canonical\" href=\"https:\/\/nosyberevesdepeche.com\/pl\/wedkarstwo-madagaskar-przyladek-san-sebastian\/\" \/>\n<meta property=\"og:locale\" content=\"pl_PL\" \/>\n<meta property=\"og:type\" content=\"article\" \/>\n<meta property=\"og:title\" content=\"Raj dla w\u0119dkarstwa sportowego na Madagaskarze - W\u0119dkarskie Marzenia na Nosy Be\" \/>\n<meta property=\"og:description\" content=\"Mityczne miejsce na w\u0119dkarstwo sportowe, Przyl\u0105dek San Sebastian obiecuje niezapomniane zmagania. Dost\u0119pny z Nosy Mitsio.\" \/>\n<meta property=\"og:url\" content=\"https:\/\/nosyberevesdepeche.com\/pl\/wedkarstwo-madagaskar-przyladek-san-sebastian\/\" \/>\n<meta property=\"og:site_name\" content=\"W\u0119dkarskie Marzenia na Nosy Be\" \/>\n<meta property=\"article:publisher\" content=\"https:\/\/www.facebook.com\/nosyberevesdepeche\" \/>\n<meta property=\"article:modified_time\" content=\"2026-02-05T04:13:32+00:00\" \/>\n<meta property=\"og:image\" content=\"https:\/\/nosyberevesdepeche.com\/wp-content\/uploads\/cap-san-sebastien-merou-scaled-e1747659694607.webp\" \/>\n\t<meta property=\"og:image:width\" content=\"2560\" \/>\n\t<meta property=\"og:image:height\" content=\"1440\" \/>\n\t<meta property=\"og:image:type\" content=\"image\/webp\" \/>\n<meta name=\"twitter:card\" content=\"summary_large_image\" \/>\n<script type=\"application\/ld+json\" class=\"yoast-schema-graph\">{\"@context\":\"https:\\\/\\\/schema.org\",\"@graph\":[{\"@type\":\"WebPage\",\"@id\":\"https:\\\/\\\/nosyberevesdepeche.com\\\/pl\\\/wedkarstwo-madagaskar-przyladek-san-sebastian\\\/\",\"url\":\"https:\\\/\\\/nosyberevesdepeche.com\\\/pl\\\/wedkarstwo-madagaskar-przyladek-san-sebastian\\\/\",\"name\":\"Raj dla w\u0119dkarstwa sportowego na Madagaskarze - W\u0119dkarskie Marzenia na Nosy Be\",\"isPartOf\":{\"@id\":\"https:\\\/\\\/nosyberevesdepeche.com\\\/pl\\\/#website\"},\"primaryImageOfPage\":{\"@id\":\"https:\\\/\\\/nosyberevesdepeche.com\\\/pl\\\/wedkarstwo-madagaskar-przyladek-san-sebastian\\\/#primaryimage\"},\"image\":{\"@id\":\"https:\\\/\\\/nosyberevesdepeche.com\\\/pl\\\/wedkarstwo-madagaskar-przyladek-san-sebastian\\\/#primaryimage\"},\"thumbnailUrl\":\"https:\\\/\\\/nosyberevesdepeche.com\\\/wp-content\\\/uploads\\\/cap-san-sebastien-merou-scaled-e1747659694607.webp\",\"datePublished\":\"2025-01-12T13:57:33+00:00\",\"dateModified\":\"2026-02-05T04:13:32+00:00\",\"description\":\"Mityczne miejsce na w\u0119dkarstwo sportowe, Przyl\u0105dek San Sebastian obiecuje niezapomniane zmagania. Dost\u0119pny z Nosy Mitsio.\",\"breadcrumb\":{\"@id\":\"https:\\\/\\\/nosyberevesdepeche.com\\\/pl\\\/wedkarstwo-madagaskar-przyladek-san-sebastian\\\/#breadcrumb\"},\"inLanguage\":\"pl-PL\",\"potentialAction\":[{\"@type\":\"ReadAction\",\"target\":[\"https:\\\/\\\/nosyberevesdepeche.com\\\/pl\\\/wedkarstwo-madagaskar-przyladek-san-sebastian\\\/\"]}]},{\"@type\":\"ImageObject\",\"inLanguage\":\"pl-PL\",\"@id\":\"https:\\\/\\\/nosyberevesdepeche.com\\\/pl\\\/wedkarstwo-madagaskar-przyladek-san-sebastian\\\/#primaryimage\",\"url\":\"https:\\\/\\\/nosyberevesdepeche.com\\\/wp-content\\\/uploads\\\/cap-san-sebastien-merou-scaled-e1747659694607.webp\",\"contentUrl\":\"https:\\\/\\\/nosyberevesdepeche.com\\\/wp-content\\\/uploads\\\/cap-san-sebastien-merou-scaled-e1747659694607.webp\",\"width\":2560,\"height\":1440,\"caption\":\"Po\u0142\u00f3w na jigging i z\u0142owienie grouperek pr\u0119gowany przy Przyl\u0105dku San Sebastian, nast\u0119pnie wypuszczony w ramach odpowiedzialnego w\u0119dkarstwa\"},{\"@type\":\"BreadcrumbList\",\"@id\":\"https:\\\/\\\/nosyberevesdepeche.com\\\/pl\\\/wedkarstwo-madagaskar-przyladek-san-sebastian\\\/#breadcrumb\",\"itemListElement\":[{\"@type\":\"ListItem\",\"position\":1,\"name\":\"Accueil\",\"item\":\"https:\\\/\\\/nosyberevesdepeche.com\\\/pl\\\/\"},{\"@type\":\"ListItem\",\"position\":2,\"name\":\"Przyl\u0105dek San Sebastian\"}]},{\"@type\":\"WebSite\",\"@id\":\"https:\\\/\\\/nosyberevesdepeche.com\\\/pl\\\/#website\",\"url\":\"https:\\\/\\\/nosyberevesdepeche.com\\\/pl\\\/\",\"name\":\"Nosy Be R\u00eaves de P\u00eache\",\"description\":\"W\u0119dkarstwo sportowe i big game fishing na Madagaskarze, z Nosy Be\",\"publisher\":{\"@id\":\"https:\\\/\\\/nosyberevesdepeche.com\\\/pl\\\/#organization\"},\"potentialAction\":[{\"@type\":\"SearchAction\",\"target\":{\"@type\":\"EntryPoint\",\"urlTemplate\":\"https:\\\/\\\/nosyberevesdepeche.com\\\/pl\\\/?s={search_term_string}\"},\"query-input\":{\"@type\":\"PropertyValueSpecification\",\"valueRequired\":true,\"valueName\":\"search_term_string\"}}],\"inLanguage\":\"pl-PL\"},{\"@type\":\"Organization\",\"@id\":\"https:\\\/\\\/nosyberevesdepeche.com\\\/pl\\\/#organization\",\"name\":\"Nosy Be R\u00eaves de P\u00eache\",\"url\":\"https:\\\/\\\/nosyberevesdepeche.com\\\/pl\\\/\",\"logo\":{\"@type\":\"ImageObject\",\"inLanguage\":\"pl-PL\",\"@id\":\"https:\\\/\\\/nosyberevesdepeche.com\\\/pl\\\/#\\\/schema\\\/logo\\\/image\\\/\",\"url\":\"https:\\\/\\\/nosyberevesdepeche.com\\\/wp-content\\\/uploads\\\/sejour-cap-san-sebastien.jpg\",\"contentUrl\":\"https:\\\/\\\/nosyberevesdepeche.com\\\/wp-content\\\/uploads\\\/sejour-cap-san-sebastien.jpg\",\"width\":2048,\"height\":1542,\"caption\":\"Nosy Be R\u00eaves de P\u00eache\"},\"image\":{\"@id\":\"https:\\\/\\\/nosyberevesdepeche.com\\\/pl\\\/#\\\/schema\\\/logo\\\/image\\\/\"},\"sameAs\":[\"https:\\\/\\\/www.facebook.com\\\/nosyberevesdepeche\",\"https:\\\/\\\/www.youtube.com\\\/@NosyBeRevesdePeche\",\"https:\\\/\\\/www.instagram.com\\\/nosyberevesdepeche\\\/\",\"https:\\\/\\\/www.tiktok.com\\\/@nosy_be_reves_de_peche\"]}]}<\/script>\n<!-- \/ Yoast SEO plugin. -->","yoast_head_json":{"title":"Raj dla w\u0119dkarstwa sportowego na Madagaskarze - W\u0119dkarskie Marzenia na Nosy Be","description":"Mityczne miejsce na w\u0119dkarstwo sportowe, Przyl\u0105dek San Sebastian obiecuje niezapomniane zmagania. Dost\u0119pny z Nosy Mitsio.","robots":{"index":"index","follow":"follow","max-snippet":"max-snippet:-1","max-image-preview":"max-image-preview:large","max-video-preview":"max-video-preview:-1"},"canonical":"https:\/\/nosyberevesdepeche.com\/pl\/wedkarstwo-madagaskar-przyladek-san-sebastian\/","og_locale":"pl_PL","og_type":"article","og_title":"Raj dla w\u0119dkarstwa sportowego na Madagaskarze - W\u0119dkarskie Marzenia na Nosy Be","og_description":"Mityczne miejsce na w\u0119dkarstwo sportowe, Przyl\u0105dek San Sebastian obiecuje niezapomniane zmagania. Dost\u0119pny z Nosy Mitsio.","og_url":"https:\/\/nosyberevesdepeche.com\/pl\/wedkarstwo-madagaskar-przyladek-san-sebastian\/","og_site_name":"W\u0119dkarskie Marzenia na Nosy Be","article_publisher":"https:\/\/www.facebook.com\/nosyberevesdepeche","article_modified_time":"2026-02-05T04:13:32+00:00","og_image":[{"width":2560,"height":1440,"url":"https:\/\/nosyberevesdepeche.com\/wp-content\/uploads\/cap-san-sebastien-merou-scaled-e1747659694607.webp","type":"image\/webp"}],"twitter_card":"summary_large_image","schema":{"@context":"https:\/\/schema.org","@graph":[{"@type":"WebPage","@id":"https:\/\/nosyberevesdepeche.com\/pl\/wedkarstwo-madagaskar-przyladek-san-sebastian\/","url":"https:\/\/nosyberevesdepeche.com\/pl\/wedkarstwo-madagaskar-przyladek-san-sebastian\/","name":"Raj dla w\u0119dkarstwa sportowego na Madagaskarze - W\u0119dkarskie Marzenia na Nosy Be","isPartOf":{"@id":"https:\/\/nosyberevesdepeche.com\/pl\/#website"},"primaryImageOfPage":{"@id":"https:\/\/nosyberevesdepeche.com\/pl\/wedkarstwo-madagaskar-przyladek-san-sebastian\/#primaryimage"},"image":{"@id":"https:\/\/nosyberevesdepeche.com\/pl\/wedkarstwo-madagaskar-przyladek-san-sebastian\/#primaryimage"},"thumbnailUrl":"https:\/\/nosyberevesdepeche.com\/wp-content\/uploads\/cap-san-sebastien-merou-scaled-e1747659694607.webp","datePublished":"2025-01-12T13:57:33+00:00","dateModified":"2026-02-05T04:13:32+00:00","description":"Mityczne miejsce na w\u0119dkarstwo sportowe, Przyl\u0105dek San Sebastian obiecuje niezapomniane zmagania. Dost\u0119pny z Nosy Mitsio.","breadcrumb":{"@id":"https:\/\/nosyberevesdepeche.com\/pl\/wedkarstwo-madagaskar-przyladek-san-sebastian\/#breadcrumb"},"inLanguage":"pl-PL","potentialAction":[{"@type":"ReadAction","target":["https:\/\/nosyberevesdepeche.com\/pl\/wedkarstwo-madagaskar-przyladek-san-sebastian\/"]}]},{"@type":"ImageObject","inLanguage":"pl-PL","@id":"https:\/\/nosyberevesdepeche.com\/pl\/wedkarstwo-madagaskar-przyladek-san-sebastian\/#primaryimage","url":"https:\/\/nosyberevesdepeche.com\/wp-content\/uploads\/cap-san-sebastien-merou-scaled-e1747659694607.webp","contentUrl":"https:\/\/nosyberevesdepeche.com\/wp-content\/uploads\/cap-san-sebastien-merou-scaled-e1747659694607.webp","width":2560,"height":1440,"caption":"Po\u0142\u00f3w na jigging i z\u0142owienie grouperek pr\u0119gowany przy Przyl\u0105dku San Sebastian, nast\u0119pnie wypuszczony w ramach odpowiedzialnego w\u0119dkarstwa"},{"@type":"BreadcrumbList","@id":"https:\/\/nosyberevesdepeche.com\/pl\/wedkarstwo-madagaskar-przyladek-san-sebastian\/#breadcrumb","itemListElement":[{"@type":"ListItem","position":1,"name":"Accueil","item":"https:\/\/nosyberevesdepeche.com\/pl\/"},{"@type":"ListItem","position":2,"name":"Przyl\u0105dek San Sebastian"}]},{"@type":"WebSite","@id":"https:\/\/nosyberevesdepeche.com\/pl\/#website","url":"https:\/\/nosyberevesdepeche.com\/pl\/","name":"Nosy Be R\u00eaves de P\u00eache","description":"W\u0119dkarstwo sportowe i big game fishing na Madagaskarze, z Nosy Be","publisher":{"@id":"https:\/\/nosyberevesdepeche.com\/pl\/#organization"},"potentialAction":[{"@type":"SearchAction","target":{"@type":"EntryPoint","urlTemplate":"https:\/\/nosyberevesdepeche.com\/pl\/?s={search_term_string}"},"query-input":{"@type":"PropertyValueSpecification","valueRequired":true,"valueName":"search_term_string"}}],"inLanguage":"pl-PL"},{"@type":"Organization","@id":"https:\/\/nosyberevesdepeche.com\/pl\/#organization","name":"Nosy Be R\u00eaves de P\u00eache","url":"https:\/\/nosyberevesdepeche.com\/pl\/","logo":{"@type":"ImageObject","inLanguage":"pl-PL","@id":"https:\/\/nosyberevesdepeche.com\/pl\/#\/schema\/logo\/image\/","url":"https:\/\/nosyberevesdepeche.com\/wp-content\/uploads\/sejour-cap-san-sebastien.jpg","contentUrl":"https:\/\/nosyberevesdepeche.com\/wp-content\/uploads\/sejour-cap-san-sebastien.jpg","width":2048,"height":1542,"caption":"Nosy Be R\u00eaves de P\u00eache"},"image":{"@id":"https:\/\/nosyberevesdepeche.com\/pl\/#\/schema\/logo\/image\/"},"sameAs":["https:\/\/www.facebook.com\/nosyberevesdepeche","https:\/\/www.youtube.com\/@NosyBeRevesdePeche","https:\/\/www.instagram.com\/nosyberevesdepeche\/","https:\/\/www.tiktok.com\/@nosy_be_reves_de_peche"]}]}},"_links":{"self":[{"href":"https:\/\/nosyberevesdepeche.com\/pl\/wp-json\/wp\/v2\/pages\/8084","targetHints":{"allow":["GET"]}}],"collection":[{"href":"https:\/\/nosyberevesdepeche.com\/pl\/wp-json\/wp\/v2\/pages"}],"about":[{"href":"https:\/\/nosyberevesdepeche.com\/pl\/wp-json\/wp\/v2\/types\/page"}],"author":[{"embeddable":true,"href":"https:\/\/nosyberevesdepeche.com\/pl\/wp-json\/wp\/v2\/users\/1"}],"replies":[{"embeddable":true,"href":"https:\/\/nosyberevesdepeche.com\/pl\/wp-json\/wp\/v2\/comments?post=8084"}],"version-history":[{"count":38,"href":"https:\/\/nosyberevesdepeche.com\/pl\/wp-json\/wp\/v2\/pages\/8084\/revisions"}],"predecessor-version":[{"id":30414,"href":"https:\/\/nosyberevesdepeche.com\/pl\/wp-json\/wp\/v2\/pages\/8084\/revisions\/30414"}],"wp:featuredmedia":[{"embeddable":true,"href":"https:\/\/nosyberevesdepeche.com\/pl\/wp-json\/wp\/v2\/media\/17588"}],"wp:attachment":[{"href":"https:\/\/nosyberevesdepeche.com\/pl\/wp-json\/wp\/v2\/media?parent=8084"}],"curies":[{"name":"wp","href":"https:\/\/api.w.org\/{rel}","templated":true}]}}