{"id":8041,"date":"2024-12-28T09:50:56","date_gmt":"2024-12-28T08:50:56","guid":{"rendered":"https:\/\/nosyberevesdepeche.com\/index.php\/lodz-wedkarstwo-sportowe-madagaskar\/"},"modified":"2025-12-29T15:43:16","modified_gmt":"2025-12-29T14:43:16","slug":"lodz-wedkarstwo-sportowe-madagaskar","status":"publish","type":"page","link":"https:\/\/nosyberevesdepeche.com\/pl\/lodz-wedkarstwo-sportowe-madagaskar\/","title":{"rendered":"\u0141\u00f3d\u017a do w\u0119dkarstwa sportowego na Madagaskarze"},"content":{"rendered":"\t\t<div data-elementor-type=\"wp-page\" data-elementor-id=\"8041\" class=\"elementor elementor-8041 elementor-1687\" data-elementor-post-type=\"page\">\n\t\t\t\t<div class=\"elementor-element elementor-element-986260a animated-slow e-flex e-con-boxed elementor-invisible e-con e-parent\" data-id=\"986260a\" data-element_type=\"container\" data-e-type=\"container\" data-settings=\"{&quot;animation&quot;:&quot;fadeIn&quot;}\">\n\t\t\t\t\t<div class=\"e-con-inner\">\n\t\t\t\t<div class=\"elementor-element elementor-element-9d9997a elementor-widget__width-initial elementor-widget elementor-widget-heading\" data-id=\"9d9997a\" data-element_type=\"widget\" data-e-type=\"widget\" data-widget_type=\"heading.default\">\n\t\t\t\t<div class=\"elementor-widget-container\">\n\t\t\t\t\t<h1 class=\"elementor-heading-title elementor-size-default\">\u0141\u00f3d\u017a przeznaczona do w\u0119dkarstwa sportowego z Nosy Be<\/h1>\t\t\t\t<\/div>\n\t\t\t\t<\/div>\n\t\t\t\t\t<\/div>\n\t\t\t\t<\/div>\n\t\t<div class=\"elementor-element elementor-element-2504296 e-flex e-con-boxed e-con e-parent\" data-id=\"2504296\" data-element_type=\"container\" data-e-type=\"container\">\n\t\t\t\t\t<div class=\"e-con-inner\">\n\t\t\t\t<div class=\"elementor-element elementor-element-34578eb elementor-widget elementor-widget-shortcode\" data-id=\"34578eb\" data-element_type=\"widget\" data-e-type=\"widget\" data-widget_type=\"shortcode.default\">\n\t\t\t\t<div class=\"elementor-widget-container\">\n\t\t\t\t\t\t\t<div class=\"elementor-shortcode\">\n\t\t\t\t<p class=\"rs-p-wp-fix\"><\/p>\n\t\t\t\t<sr7-module data-alias=\"le-bateau-NEW\" data-id=\"153\" id=\"SR7_153_1\" class=\"rs-respect-topbar rs-ov-hidden\" data-version=\"6.7.54\">\n\t\t\t\t\t<sr7-adjuster><\/sr7-adjuster>\n\t\t\t\t\t<sr7-content>\n\t\t\t\t\t\t<sr7-slide id=\"SR7_153_1-1044\" data-key=\"1044\">\n\t\t\t\t\t\t\t<sr7-txt id=\"SR7_153_1-1044-3\" class=\"sr7-layer\">Dalej<\/sr7-txt>\n\t\t\t\t\t\t\t<h2 id=\"SR7_153_1-1044-5\" class=\"sr7-layer\">Zapraszamy na pok\u0142ad<\/h2>\n\t\t\t\t\t\t\t<p id=\"SR7_153_1-1044-6\" class=\"sr7-layer\">Nasza nowa \u0142\u00f3d\u017a, o d\u0142ugo\u015bci 10 metra i szeroko\u015bci 2,6 metra, wykonana z \u017cywicy poliestrowej i w\u0142\u00f3kna szklanego, zosta\u0142a specjalnie zaprojektowana i zoptymalizowana do w\u0119dkarstwa sportowego na Madagaskarze. To nowoczesna jednostka z doskona\u0142\u0105 wyporno\u015bci\u0105 i znakomitym zachowaniem na wodzie. <br \/>\n\u0141\u00f3d\u017a mo\u017ce wygodnie pomie\u015bci\u0107 4 w\u0119dkarzy, a nawet 5 w specyficznych warunkach po\u0142owowych.<br \/>\n<\/p>\n\t\t\t\t\t\t<\/sr7-slide>\n\t\t\t\t\t\t<sr7-slide id=\"SR7_153_1-1052\" data-key=\"1052\">\n\t\t\t\t\t\t\t<sr7-txt id=\"SR7_153_1-1052-3\" class=\"sr7-layer\">Dalej<\/sr7-txt>\n\t\t\t\t\t\t\t<h2 id=\"SR7_153_1-1052-5\" class=\"sr7-layer\">PROSZ\u0118 P\u0141YN\u0104\u0106<\/h2>\n\t\t\t\t\t\t\t<p id=\"SR7_153_1-1052-6\" class=\"sr7-layer\">Nap\u0119dzany najnowszym silnikiem Suzuki DF250AP, 250-konnym V6 zaburtowym, nasza \u0142\u00f3d\u017a \u0142\u0105czy niezawodno\u015b\u0107, wydajno\u015b\u0107 i niskie zu\u017cycie paliwa. Ten du\u017cy zasi\u0119g pozwala nam eksplorowa\u0107 odleg\u0142e miejsca po\u0142ow\u00f3w w poszukiwaniu najwi\u0119kszych drapie\u017cnik\u00f3w. <br \/>\nWytrzyma\u0142y, cichy i wydajny, ten silnik jest szczeg\u00f3lnie odpowiedni dla \u0142odzi rybackich wymagaj\u0105cych mocy i zwrotno\u015bci.<br \/>\n<\/p>\n\t\t\t\t\t\t<\/sr7-slide>\n\t\t\t\t\t\t<sr7-slide id=\"SR7_153_1-1058\" data-key=\"1058\">\n\t\t\t\t\t\t\t<h2 id=\"SR7_153_1-1058-5\" class=\"sr7-layer\">Z PE\u0141NYM SPOKOJEM<\/h2>\n\t\t\t\t\t\t\t<p id=\"SR7_153_1-1058-6\" class=\"sr7-layer\">Wyposa\u017cona w sonar GPS Humminbird Helix 10, po\u0142\u0105czony z przetwornikiem przezburtowym Airmar B60, nasza \u0142\u00f3d\u017a oferuje wyj\u0105tkow\u0105 precyzj\u0119 podczas badania obszar\u00f3w po\u0142owowych i lokalizowania ryb. Twoje bezpiecze\u0144stwo zapewnia pe\u0142ne wyposa\u017cenie : telefon satelitarny, radio VHF, kompas, ko\u0142o ratunkowe, kamizelki ratunkowe, ga\u015bnica i apteczka pierwszej pomocy.<br \/>\nZoptymalizowana do w\u0119dkarstwa sportowego, \u0142\u00f3d\u017a jest r\u00f3wnie\u017c wyposa\u017cona w 26 uchwyt\u00f3w na w\u0119dki, mocne o\u015bwietlenie do nocnych po\u0142ow\u00f3w, zintegrowan\u0105 lod\u00f3wk\u0119, zbiornik na ryby, zbiornik s\u0142odkiej wody z prysznicem, schowki i nowoczesny antypo\u015blizgowy pok\u0142ad.<br \/>\n<\/p>\n\t\t\t\t\t\t\t<sr7-txt id=\"SR7_153_1-1058-14\" class=\"sr7-layer\">Dalej<\/sr7-txt>\n\t\t\t\t\t\t<\/sr7-slide>\n\t\t\t\t\t\t<sr7-slide id=\"SR7_153_1-1061\" data-key=\"1061\">\n\t\t\t\t\t\t<\/sr7-slide>\n\t\t\t\t\t<\/sr7-content>\n\t\t\t\t\t<image_lists style=\"display:none\">\n\t\t\t\t\t\t<img data-src=\"\/\/nosyberevesdepeche.com\/wp-content\/uploads\/bateau-motorisation.jpg\" data-libid=\"23057\" data-lib=\"medialibrary\" alt=\"Bateau \u00e9quip\u00e9 d\u2019un moteur Suzuki 250 CV pour la p\u00eache sportive vers Nosy Mitsio et le Cap San S\u00e9bastien, Madagascar\" title=\"Motorisation Suzuki 250 CV\" width=\"0\" height=\"0\" data-dbsrc=\"Ly9ub3N5YmVyZXZlc2RlcGVjaGUuY29tL3dwLWNvbnRlbnQvdXBsb2Fkcy9iYXRlYXUtbW90b3Jpc2F0aW9uLmpwZw==\"\/>\n\t\t\t\t\t\t<img data-src=\"\/\/nosyberevesdepeche.com\/wp-content\/uploads\/bateau-peche-madagascar-coque-mobile.webp\" data-libid=\"26164\" data-lib=\"medialibrary\" alt=\"Bateau en r\u00e9sine de 10 m con\u00e7u pour la p\u00eache au gros \u00e0 Madagascar, au d\u00e9part de Nosy Be\" title=\"Bateau pour la p\u00eache au gros \u00e0 Madagascar\" width=\"0\" height=\"0\" data-dbsrc=\"Ly9ub3N5YmVyZXZlc2RlcGVjaGUuY29tL3dwLWNvbnRlbnQvdXBsb2Fkcy9iYXRlYXUtcGVjaGUtbWFkYWdhc2Nhci1jb3F1ZS1tb2JpbGUud2VicA==\"\/>\n\t\t\t\t\t\t<img data-src=\"\/\/nosyberevesdepeche.com\/wp-content\/uploads\/bateau-peche-madagascar-motorisation.webp\" data-libid=\"26148\" data-lib=\"medialibrary\" alt=\"Bateau \u00e9quip\u00e9 d\u2019un moteur Suzuki 250 CV pour la p\u00eache sportive vers Nosy Mitsio et le Cap San S\u00e9bastien, Madagascar\" title=\"Motorisation Suzuki 250 CV\" width=\"0\" height=\"0\" data-dbsrc=\"Ly9ub3N5YmVyZXZlc2RlcGVjaGUuY29tL3dwLWNvbnRlbnQvdXBsb2Fkcy9iYXRlYXUtcGVjaGUtbWFkYWdhc2Nhci1tb3RvcmlzYXRpb24ud2VicA==\"\/>\n\t\t\t\t\t\t<img loading=\"lazy\" data-src=\"\/\/nosyberevesdepeche.com\/wp-content\/uploads\/bateau-peche-madagascar-motorisation-mobile.webp\" data-libid=\"26156\" data-lib=\"medialibrary\" alt=\"Bateau \u00e9quip\u00e9 d\u2019un moteur Suzuki 250 CV pour la p\u00eache sportive vers Nosy Mitsio et le Cap San S\u00e9bastien, Madagascar\" title=\"Motorisation Suzuki 250 CV\" width=\"0\" height=\"0\" data-dbsrc=\"Ly9ub3N5YmVyZXZlc2RlcGVjaGUuY29tL3dwLWNvbnRlbnQvdXBsb2Fkcy9iYXRlYXUtcGVjaGUtbWFkYWdhc2Nhci1tb3RvcmlzYXRpb24tbW9iaWxlLndlYnA=\"\/>\n\t\t\t\t\t\t<img loading=\"lazy\" data-src=\"\/\/nosyberevesdepeche.com\/wp-content\/uploads\/bateau-peche-madagascar-equipement.webp\" data-libid=\"26132\" data-lib=\"medialibrary\" alt=\"Tableau de bord \u00e9quip\u00e9 pour la navigation et la p\u00eache au gros \u00e0 Madagascar\" title=\"Poste de pilotage du bateau\" width=\"0\" height=\"0\" data-dbsrc=\"Ly9ub3N5YmVyZXZlc2RlcGVjaGUuY29tL3dwLWNvbnRlbnQvdXBsb2Fkcy9iYXRlYXUtcGVjaGUtbWFkYWdhc2Nhci1lcXVpcGVtZW50LndlYnA=\"\/>\n\t\t\t\t\t\t<img loading=\"lazy\" data-src=\"\/\/nosyberevesdepeche.com\/wp-content\/uploads\/bateau-peche-madagascar-equipement-mobile.webp\" data-libid=\"26140\" data-lib=\"medialibrary\" alt=\"Tableau de bord \u00e9quip\u00e9 pour la navigation et la p\u00eache au gros \u00e0 Madagascar\" title=\"Poste de pilotage du bateau\" width=\"0\" height=\"0\" data-dbsrc=\"Ly9ub3N5YmVyZXZlc2RlcGVjaGUuY29tL3dwLWNvbnRlbnQvdXBsb2Fkcy9iYXRlYXUtcGVjaGUtbWFkYWdhc2Nhci1lcXVpcGVtZW50LW1vYmlsZS53ZWJw\"\/>\n\t\t\t\t\t<\/image_lists>\n\t\t\t\t<\/sr7-module>\n\t\t\t\t<script>\n\t\t\t\t\twindow.SR7 ??={};SR7.PMH ??={}; SR7.PMH[\"SR7_153_1\"] = {cn:100,state:false,fn: function() { if (window._tpt!==undefined && window._tpt.prepareModuleHeight !== undefined) {  _tpt.prepareModuleHeight({id:\"SR7_153_1\",el:[820,820,750,1100,800],type:'standard',shdw:'0',gh:[820,820,750,1100,800],gw:[1240,1240,1024,778,480],vpt:['-100px&#039;,&#039;-100px&#039;,&#039;-100px&#039;,&#039;-100px&#039;,&#039;-100px'],size:{fullWidth:true, fullHeight:false},mh:'0',onh:0,onw:250,bg:{color:'{\"type\":\"solid\",\"orig\":\"#0c1725\",\"string\":\"rgba(12, 23, 37, 1)\"}'}});   SR7.PMH[\"SR7_153_1\"].state=true;} else if(SR7.PMH[\"SR7_153_1\"].cn-->0)\tsetTimeout( SR7.PMH[\"SR7_153_1\"].fn,19);}};SR7.PMH[\"SR7_153_1\" ].fn();\n\t\t\t\t<\/script>\n<\/div>\n\t\t\t\t\t\t<\/div>\n\t\t\t\t<\/div>\n\t\t\t\t\t<\/div>\n\t\t\t\t<\/div>\n\t\t\t\t<\/div>\n\t\t","protected":false},"excerpt":{"rendered":"<p>\u0141\u00f3d\u017a przeznaczona do w\u0119dkarstwa sportowego z Nosy Be<\/p>\n","protected":false},"author":1,"featured_media":21102,"parent":0,"menu_order":0,"comment_status":"closed","ping_status":"closed","template":"elementor_header_footer","meta":{"footnotes":""},"class_list":["post-8041","page","type-page","status-publish","has-post-thumbnail"],"yoast_head":"<!-- This site is optimized with the Yoast SEO plugin v27.4 - https:\/\/yoast.com\/product\/yoast-seo-wordpress\/ -->\n<title>\u0141\u00f3d\u017a do w\u0119dkarstwa sportowego na Madagaskarze z Nosy Be - W\u0119dkarskie Marzenia na Nosy Be<\/title>\n<meta name=\"description\" content=\"Poznaj nasz\u0105 \u0142\u00f3d\u017a o d\u0142ugo\u015bci 10 m przeznaczon\u0105 do w\u0119dkarstwa sportowego na Madagaskarze z Nosy Be, oferuj\u0105c\u0105 osi\u0105gi i bezpiecze\u0144stwo.\" \/>\n<meta name=\"robots\" content=\"index, follow, max-snippet:-1, max-image-preview:large, max-video-preview:-1\" \/>\n<link rel=\"canonical\" href=\"https:\/\/nosyberevesdepeche.com\/pl\/lodz-wedkarstwo-sportowe-madagaskar\/\" \/>\n<meta property=\"og:locale\" content=\"pl_PL\" \/>\n<meta property=\"og:type\" content=\"article\" \/>\n<meta property=\"og:title\" content=\"\u0141\u00f3d\u017a do w\u0119dkarstwa sportowego na Madagaskarze z Nosy Be - W\u0119dkarskie Marzenia na Nosy Be\" \/>\n<meta property=\"og:description\" content=\"Poznaj nasz\u0105 \u0142\u00f3d\u017a o d\u0142ugo\u015bci 10 m przeznaczon\u0105 do w\u0119dkarstwa sportowego na Madagaskarze z Nosy Be, oferuj\u0105c\u0105 osi\u0105gi i bezpiecze\u0144stwo.\" \/>\n<meta property=\"og:url\" content=\"https:\/\/nosyberevesdepeche.com\/pl\/lodz-wedkarstwo-sportowe-madagaskar\/\" \/>\n<meta property=\"og:site_name\" content=\"W\u0119dkarskie Marzenia na Nosy Be\" \/>\n<meta property=\"article:publisher\" content=\"https:\/\/www.facebook.com\/nosyberevesdepeche\" \/>\n<meta property=\"article:modified_time\" content=\"2025-12-29T14:43:16+00:00\" \/>\n<meta property=\"og:image\" content=\"https:\/\/nosyberevesdepeche.com\/wp-content\/uploads\/logo-google2-2.jpg\" \/>\n\t<meta property=\"og:image:width\" content=\"1200\" \/>\n\t<meta property=\"og:image:height\" content=\"675\" \/>\n\t<meta property=\"og:image:type\" content=\"image\/jpeg\" \/>\n<meta name=\"twitter:card\" content=\"summary_large_image\" \/>\n<script type=\"application\/ld+json\" class=\"yoast-schema-graph\">{\"@context\":\"https:\\\/\\\/schema.org\",\"@graph\":[{\"@type\":\"WebPage\",\"@id\":\"https:\\\/\\\/nosyberevesdepeche.com\\\/pl\\\/lodz-wedkarstwo-sportowe-madagaskar\\\/\",\"url\":\"https:\\\/\\\/nosyberevesdepeche.com\\\/pl\\\/lodz-wedkarstwo-sportowe-madagaskar\\\/\",\"name\":\"\u0141\u00f3d\u017a do w\u0119dkarstwa sportowego na Madagaskarze z Nosy Be - W\u0119dkarskie Marzenia na Nosy Be\",\"isPartOf\":{\"@id\":\"https:\\\/\\\/nosyberevesdepeche.com\\\/pl\\\/#website\"},\"primaryImageOfPage\":{\"@id\":\"https:\\\/\\\/nosyberevesdepeche.com\\\/pl\\\/lodz-wedkarstwo-sportowe-madagaskar\\\/#primaryimage\"},\"image\":{\"@id\":\"https:\\\/\\\/nosyberevesdepeche.com\\\/pl\\\/lodz-wedkarstwo-sportowe-madagaskar\\\/#primaryimage\"},\"thumbnailUrl\":\"https:\\\/\\\/nosyberevesdepeche.com\\\/wp-content\\\/uploads\\\/logo-google2-2.jpg\",\"datePublished\":\"2024-12-28T08:50:56+00:00\",\"dateModified\":\"2025-12-29T14:43:16+00:00\",\"description\":\"Poznaj nasz\u0105 \u0142\u00f3d\u017a o d\u0142ugo\u015bci 10 m przeznaczon\u0105 do w\u0119dkarstwa sportowego na Madagaskarze z Nosy Be, oferuj\u0105c\u0105 osi\u0105gi i bezpiecze\u0144stwo.\",\"breadcrumb\":{\"@id\":\"https:\\\/\\\/nosyberevesdepeche.com\\\/pl\\\/lodz-wedkarstwo-sportowe-madagaskar\\\/#breadcrumb\"},\"inLanguage\":\"pl-PL\",\"potentialAction\":[{\"@type\":\"ReadAction\",\"target\":[\"https:\\\/\\\/nosyberevesdepeche.com\\\/pl\\\/lodz-wedkarstwo-sportowe-madagaskar\\\/\"]}]},{\"@type\":\"ImageObject\",\"inLanguage\":\"pl-PL\",\"@id\":\"https:\\\/\\\/nosyberevesdepeche.com\\\/pl\\\/lodz-wedkarstwo-sportowe-madagaskar\\\/#primaryimage\",\"url\":\"https:\\\/\\\/nosyberevesdepeche.com\\\/wp-content\\\/uploads\\\/logo-google2-2.jpg\",\"contentUrl\":\"https:\\\/\\\/nosyberevesdepeche.com\\\/wp-content\\\/uploads\\\/logo-google2-2.jpg\",\"width\":1200,\"height\":675},{\"@type\":\"BreadcrumbList\",\"@id\":\"https:\\\/\\\/nosyberevesdepeche.com\\\/pl\\\/lodz-wedkarstwo-sportowe-madagaskar\\\/#breadcrumb\",\"itemListElement\":[{\"@type\":\"ListItem\",\"position\":1,\"name\":\"Accueil\",\"item\":\"https:\\\/\\\/nosyberevesdepeche.com\\\/pl\\\/\"},{\"@type\":\"ListItem\",\"position\":2,\"name\":\"\u0141\u00f3d\u017a do w\u0119dkarstwa sportowego na Madagaskarze\"}]},{\"@type\":\"WebSite\",\"@id\":\"https:\\\/\\\/nosyberevesdepeche.com\\\/pl\\\/#website\",\"url\":\"https:\\\/\\\/nosyberevesdepeche.com\\\/pl\\\/\",\"name\":\"Nosy Be R\u00eaves de P\u00eache\",\"description\":\"W\u0119dkarstwo sportowe i big game fishing na Madagaskarze, z Nosy Be\",\"publisher\":{\"@id\":\"https:\\\/\\\/nosyberevesdepeche.com\\\/pl\\\/#organization\"},\"potentialAction\":[{\"@type\":\"SearchAction\",\"target\":{\"@type\":\"EntryPoint\",\"urlTemplate\":\"https:\\\/\\\/nosyberevesdepeche.com\\\/pl\\\/?s={search_term_string}\"},\"query-input\":{\"@type\":\"PropertyValueSpecification\",\"valueRequired\":true,\"valueName\":\"search_term_string\"}}],\"inLanguage\":\"pl-PL\"},{\"@type\":\"Organization\",\"@id\":\"https:\\\/\\\/nosyberevesdepeche.com\\\/pl\\\/#organization\",\"name\":\"Nosy Be R\u00eaves de P\u00eache\",\"url\":\"https:\\\/\\\/nosyberevesdepeche.com\\\/pl\\\/\",\"logo\":{\"@type\":\"ImageObject\",\"inLanguage\":\"pl-PL\",\"@id\":\"https:\\\/\\\/nosyberevesdepeche.com\\\/pl\\\/#\\\/schema\\\/logo\\\/image\\\/\",\"url\":\"https:\\\/\\\/nosyberevesdepeche.com\\\/wp-content\\\/uploads\\\/sejour-cap-san-sebastien.jpg\",\"contentUrl\":\"https:\\\/\\\/nosyberevesdepeche.com\\\/wp-content\\\/uploads\\\/sejour-cap-san-sebastien.jpg\",\"width\":2048,\"height\":1542,\"caption\":\"Nosy Be R\u00eaves de P\u00eache\"},\"image\":{\"@id\":\"https:\\\/\\\/nosyberevesdepeche.com\\\/pl\\\/#\\\/schema\\\/logo\\\/image\\\/\"},\"sameAs\":[\"https:\\\/\\\/www.facebook.com\\\/nosyberevesdepeche\",\"https:\\\/\\\/www.youtube.com\\\/@NosyBeRevesdePeche\",\"https:\\\/\\\/www.instagram.com\\\/nosyberevesdepeche\\\/\",\"https:\\\/\\\/www.tiktok.com\\\/@nosy_be_reves_de_peche\"]}]}<\/script>\n<!-- \/ Yoast SEO plugin. -->","yoast_head_json":{"title":"\u0141\u00f3d\u017a do w\u0119dkarstwa sportowego na Madagaskarze z Nosy Be - W\u0119dkarskie Marzenia na Nosy Be","description":"Poznaj nasz\u0105 \u0142\u00f3d\u017a o d\u0142ugo\u015bci 10 m przeznaczon\u0105 do w\u0119dkarstwa sportowego na Madagaskarze z Nosy Be, oferuj\u0105c\u0105 osi\u0105gi i bezpiecze\u0144stwo.","robots":{"index":"index","follow":"follow","max-snippet":"max-snippet:-1","max-image-preview":"max-image-preview:large","max-video-preview":"max-video-preview:-1"},"canonical":"https:\/\/nosyberevesdepeche.com\/pl\/lodz-wedkarstwo-sportowe-madagaskar\/","og_locale":"pl_PL","og_type":"article","og_title":"\u0141\u00f3d\u017a do w\u0119dkarstwa sportowego na Madagaskarze z Nosy Be - W\u0119dkarskie Marzenia na Nosy Be","og_description":"Poznaj nasz\u0105 \u0142\u00f3d\u017a o d\u0142ugo\u015bci 10 m przeznaczon\u0105 do w\u0119dkarstwa sportowego na Madagaskarze z Nosy Be, oferuj\u0105c\u0105 osi\u0105gi i bezpiecze\u0144stwo.","og_url":"https:\/\/nosyberevesdepeche.com\/pl\/lodz-wedkarstwo-sportowe-madagaskar\/","og_site_name":"W\u0119dkarskie Marzenia na Nosy Be","article_publisher":"https:\/\/www.facebook.com\/nosyberevesdepeche","article_modified_time":"2025-12-29T14:43:16+00:00","og_image":[{"width":1200,"height":675,"url":"https:\/\/nosyberevesdepeche.com\/wp-content\/uploads\/logo-google2-2.jpg","type":"image\/jpeg"}],"twitter_card":"summary_large_image","schema":{"@context":"https:\/\/schema.org","@graph":[{"@type":"WebPage","@id":"https:\/\/nosyberevesdepeche.com\/pl\/lodz-wedkarstwo-sportowe-madagaskar\/","url":"https:\/\/nosyberevesdepeche.com\/pl\/lodz-wedkarstwo-sportowe-madagaskar\/","name":"\u0141\u00f3d\u017a do w\u0119dkarstwa sportowego na Madagaskarze z Nosy Be - W\u0119dkarskie Marzenia na Nosy Be","isPartOf":{"@id":"https:\/\/nosyberevesdepeche.com\/pl\/#website"},"primaryImageOfPage":{"@id":"https:\/\/nosyberevesdepeche.com\/pl\/lodz-wedkarstwo-sportowe-madagaskar\/#primaryimage"},"image":{"@id":"https:\/\/nosyberevesdepeche.com\/pl\/lodz-wedkarstwo-sportowe-madagaskar\/#primaryimage"},"thumbnailUrl":"https:\/\/nosyberevesdepeche.com\/wp-content\/uploads\/logo-google2-2.jpg","datePublished":"2024-12-28T08:50:56+00:00","dateModified":"2025-12-29T14:43:16+00:00","description":"Poznaj nasz\u0105 \u0142\u00f3d\u017a o d\u0142ugo\u015bci 10 m przeznaczon\u0105 do w\u0119dkarstwa sportowego na Madagaskarze z Nosy Be, oferuj\u0105c\u0105 osi\u0105gi i bezpiecze\u0144stwo.","breadcrumb":{"@id":"https:\/\/nosyberevesdepeche.com\/pl\/lodz-wedkarstwo-sportowe-madagaskar\/#breadcrumb"},"inLanguage":"pl-PL","potentialAction":[{"@type":"ReadAction","target":["https:\/\/nosyberevesdepeche.com\/pl\/lodz-wedkarstwo-sportowe-madagaskar\/"]}]},{"@type":"ImageObject","inLanguage":"pl-PL","@id":"https:\/\/nosyberevesdepeche.com\/pl\/lodz-wedkarstwo-sportowe-madagaskar\/#primaryimage","url":"https:\/\/nosyberevesdepeche.com\/wp-content\/uploads\/logo-google2-2.jpg","contentUrl":"https:\/\/nosyberevesdepeche.com\/wp-content\/uploads\/logo-google2-2.jpg","width":1200,"height":675},{"@type":"BreadcrumbList","@id":"https:\/\/nosyberevesdepeche.com\/pl\/lodz-wedkarstwo-sportowe-madagaskar\/#breadcrumb","itemListElement":[{"@type":"ListItem","position":1,"name":"Accueil","item":"https:\/\/nosyberevesdepeche.com\/pl\/"},{"@type":"ListItem","position":2,"name":"\u0141\u00f3d\u017a do w\u0119dkarstwa sportowego na Madagaskarze"}]},{"@type":"WebSite","@id":"https:\/\/nosyberevesdepeche.com\/pl\/#website","url":"https:\/\/nosyberevesdepeche.com\/pl\/","name":"Nosy Be R\u00eaves de P\u00eache","description":"W\u0119dkarstwo sportowe i big game fishing na Madagaskarze, z Nosy Be","publisher":{"@id":"https:\/\/nosyberevesdepeche.com\/pl\/#organization"},"potentialAction":[{"@type":"SearchAction","target":{"@type":"EntryPoint","urlTemplate":"https:\/\/nosyberevesdepeche.com\/pl\/?s={search_term_string}"},"query-input":{"@type":"PropertyValueSpecification","valueRequired":true,"valueName":"search_term_string"}}],"inLanguage":"pl-PL"},{"@type":"Organization","@id":"https:\/\/nosyberevesdepeche.com\/pl\/#organization","name":"Nosy Be R\u00eaves de P\u00eache","url":"https:\/\/nosyberevesdepeche.com\/pl\/","logo":{"@type":"ImageObject","inLanguage":"pl-PL","@id":"https:\/\/nosyberevesdepeche.com\/pl\/#\/schema\/logo\/image\/","url":"https:\/\/nosyberevesdepeche.com\/wp-content\/uploads\/sejour-cap-san-sebastien.jpg","contentUrl":"https:\/\/nosyberevesdepeche.com\/wp-content\/uploads\/sejour-cap-san-sebastien.jpg","width":2048,"height":1542,"caption":"Nosy Be R\u00eaves de P\u00eache"},"image":{"@id":"https:\/\/nosyberevesdepeche.com\/pl\/#\/schema\/logo\/image\/"},"sameAs":["https:\/\/www.facebook.com\/nosyberevesdepeche","https:\/\/www.youtube.com\/@NosyBeRevesdePeche","https:\/\/www.instagram.com\/nosyberevesdepeche\/","https:\/\/www.tiktok.com\/@nosy_be_reves_de_peche"]}]}},"_links":{"self":[{"href":"https:\/\/nosyberevesdepeche.com\/pl\/wp-json\/wp\/v2\/pages\/8041","targetHints":{"allow":["GET"]}}],"collection":[{"href":"https:\/\/nosyberevesdepeche.com\/pl\/wp-json\/wp\/v2\/pages"}],"about":[{"href":"https:\/\/nosyberevesdepeche.com\/pl\/wp-json\/wp\/v2\/types\/page"}],"author":[{"embeddable":true,"href":"https:\/\/nosyberevesdepeche.com\/pl\/wp-json\/wp\/v2\/users\/1"}],"replies":[{"embeddable":true,"href":"https:\/\/nosyberevesdepeche.com\/pl\/wp-json\/wp\/v2\/comments?post=8041"}],"version-history":[{"count":21,"href":"https:\/\/nosyberevesdepeche.com\/pl\/wp-json\/wp\/v2\/pages\/8041\/revisions"}],"predecessor-version":[{"id":26620,"href":"https:\/\/nosyberevesdepeche.com\/pl\/wp-json\/wp\/v2\/pages\/8041\/revisions\/26620"}],"wp:featuredmedia":[{"embeddable":true,"href":"https:\/\/nosyberevesdepeche.com\/pl\/wp-json\/wp\/v2\/media\/21102"}],"wp:attachment":[{"href":"https:\/\/nosyberevesdepeche.com\/pl\/wp-json\/wp\/v2\/media?parent=8041"}],"curies":[{"name":"wp","href":"https:\/\/api.w.org\/{rel}","templated":true}]}}