{"id":31245,"date":"2026-03-03T18:14:19","date_gmt":"2026-03-03T17:14:19","guid":{"rendered":"https:\/\/nosyberevesdepeche.com\/wedkarstwo-madagascar-lawica-grand-castor\/"},"modified":"2026-03-07T13:09:27","modified_gmt":"2026-03-07T12:09:27","slug":"wedkarstwo-madagascar-lawica-grand-castor","status":"publish","type":"page","link":"https:\/\/nosyberevesdepeche.com\/pl\/wedkarstwo-madagascar-lawica-grand-castor\/","title":{"rendered":"\u0141awica Grand Castor"},"content":{"rendered":"\t\t<div data-elementor-type=\"wp-page\" data-elementor-id=\"31245\" class=\"elementor elementor-31245 elementor-31239\" data-elementor-post-type=\"page\">\n\t\t\t\t<div class=\"elementor-element elementor-element-0626579 animated-slow e-flex e-con-boxed elementor-invisible e-con e-parent\" data-id=\"0626579\" data-element_type=\"container\" data-e-type=\"container\" data-settings=\"{&quot;animation&quot;:&quot;fadeIn&quot;}\">\n\t\t\t\t\t<div class=\"e-con-inner\">\n\t\t\t\t<div class=\"elementor-element elementor-element-f6ce42e elementor-widget__width-inherit elementor-widget-mobile__width-inherit elementor-widget elementor-widget-heading\" data-id=\"f6ce42e\" data-element_type=\"widget\" data-e-type=\"widget\" data-widget_type=\"heading.default\">\n\t\t\t\t<div class=\"elementor-widget-container\">\n\t\t\t\t\t<h1 class=\"elementor-heading-title elementor-size-default\">W\u0119dkarstwo na Nosy Be : s\u0142ynna \u0141awica Grand Castor<\/h1>\t\t\t\t<\/div>\n\t\t\t\t<\/div>\n\t\t\t\t\t<\/div>\n\t\t\t\t<\/div>\n\t\t<div class=\"elementor-element elementor-element-e359e35 e-flex e-con-boxed elementor-invisible e-con e-parent\" data-id=\"e359e35\" data-element_type=\"container\" data-e-type=\"container\" data-settings=\"{&quot;animation&quot;:&quot;fadeIn&quot;}\">\n\t\t\t\t\t<div class=\"e-con-inner\">\n\t\t\t\t<div class=\"elementor-element elementor-element-4f953a9 elementor-widget elementor-widget-shortcode\" data-id=\"4f953a9\" data-element_type=\"widget\" data-e-type=\"widget\" data-widget_type=\"shortcode.default\">\n\t\t\t\t<div class=\"elementor-widget-container\">\n\t\t\t\t\t\t\t<div class=\"elementor-shortcode\">\n\t\t\t\t<p class=\"rs-p-wp-fix\"><\/p>\n\t\t\t\t<sr7-module data-alias=\"grand-castor-clean-news-slider-1\" data-id=\"195\" id=\"SR7_195_1\" class=\"rs-ov-hidden\" data-version=\"6.7.41\">\n\t\t\t\t\t<sr7-adjuster><\/sr7-adjuster>\n\t\t\t\t\t<sr7-content>\n\t\t\t\t\t\t<sr7-slide id=\"SR7_195_1-2235\" data-key=\"2235\">\n\t\t\t\t\t\t\t<sr7-bg id=\"SR7_195_1-2235-5\" class=\"sr7-layer\"><noscript><img decoding=\"async\" src=\"https:\/\/nosyberevesdepeche.com\/wp-content\/uploads\/peche-nosy-be-banc-grand-castor-carangue-gt-1.jpeg\" alt=\"P\u00eache au gros au Banc du Grand Castor depuis Nosy Be, Madagascar\" title=\"Banc du Grand Castor depuis Nosy Be\"><\/noscript><\/sr7-bg>\n\t\t\t\t\t\t\t<h2 id=\"SR7_195_1-2235-2\" class=\"sr7-layer\">Strefa po\u0142ow\u00f3w<\/h2>\n\t\t\t\t\t\t\t<p id=\"SR7_195_1-2235-3\" class=\"sr7-layer\">Obowi\u0105zkowy Grand Castor<\/p>\n\t\t\t\t\t\t\t<p id=\"SR7_195_1-2235-4\" class=\"sr7-layer\">Po\u0142o\u017cona oko\u0142o dw\u00f3ch godzin szybkiej \u017ceglugi od Nosy Be, \u0141awica Grand Castor jest odosobnion\u0105 p\u0142ycizn\u0105 w p\u00f3\u0142nocno-zachodniej cz\u0119\u015bci Madagascar, znan\u0105 z w\u0119dkarstwa sportowego. Naprzemienne p\u0142ytkie strefy i wyra\u017ane struktury dna tworz\u0105 sprzyjaj\u0105ce warunki dla regularnej obecno\u015bci du\u017cych tropikalnych drapie\u017cnik\u00f3w. To wymagaj\u0105ce i techniczne \u0142owisko skierowane jest do w\u0119dkarzy poszukuj\u0105cych silnych holi w jednym z najciekawszych rejon\u00f3w offshore w regionie.<\/p>\n\t\t\t\t\t\t<\/sr7-slide>\n\t\t\t\t\t\t<sr7-slide id=\"SR7_195_1-2237\" data-key=\"2237\">\n\t\t\t\t\t\t\t<sr7-bg id=\"SR7_195_1-2237-5\" class=\"sr7-layer\"><noscript><img decoding=\"async\" src=\"https:\/\/nosyberevesdepeche.com\/wp-content\/uploads\/peche-nosy-be-banc-grand-castor-thon-jaune.jpg\" alt=\"P\u00eache au gros depuis Nosy be au Banc du Grand Castor : thon jaune\" title=\"peche-nosy-be-banc-grand-castor-thon-jaune\"><\/noscript><\/sr7-bg>\n\t\t\t\t\t\t\t<h2 id=\"SR7_195_1-2237-2\" class=\"sr7-layer\">\u017beruj\u0105ce tu\u0144czyki \u017c\u00f3\u0142top\u0142etwe<\/h2>\n\t\t\t\t\t\t\t<p id=\"SR7_195_1-2237-3\" class=\"sr7-layer\">Obowi\u0105zkowy Grand Castor<\/p>\n\t\t\t\t\t\t\t<p id=\"SR7_195_1-2237-4\" class=\"sr7-layer\">s\u0105 w tym rejonie cz\u0119ste i oferuj\u0105 spektakularne mo\u017cliwo\u015bci \u0142owienia metod\u0105 popping. Wymagaj\u0105 jednak du\u017cej reaktywno\u015bci : dostrze\u017cenia \u017cerowania z dystansu, przewidzenia jego ruch\u00f3w i ustawienia \u0142odzi w odpowiednim momencie i w odpowiednim miejscu. W takich sytuacjach do\u015bwiadczenie Jean-Claude\u2019a, naszego skippera, robi ca\u0142\u0105 r\u00f3\u017cnic\u0119.<\/p>\n\t\t\t\t\t\t<\/sr7-slide>\n\t\t\t\t\t\t<sr7-slide id=\"SR7_195_1-2236\" data-key=\"2236\">\n\t\t\t\t\t\t\t<sr7-bg id=\"SR7_195_1-2236-5\" class=\"sr7-layer\"><noscript><img decoding=\"async\" src=\"https:\/\/nosyberevesdepeche.com\/wp-content\/uploads\/peche-madagascar-banc-grand-castor-carangue-gt-4-1-e1772642366304.webp\" alt=\"P\u00eache au gros depuis Nosy be au Banc du Grand Castor : carangue GT au popper\" title=\"P\u00eache au gros depuis Nosy Be\"><\/noscript><\/sr7-bg>\n\t\t\t\t\t\t\t<h2 id=\"SR7_195_1-2236-2\" class=\"sr7-layer\">Niepowtarzalne mo\u017cliwo\u015bci<\/h2>\n\t\t\t\t\t\t\t<p id=\"SR7_195_1-2236-3\" class=\"sr7-layer\">Obowi\u0105zkowy Grand Castor<\/p>\n\t\t\t\t\t\t\t<p id=\"SR7_195_1-2236-4\" class=\"sr7-layer\">na z\u0142owienie kultowych gatunk\u00f3w : karanks olbrzymi, tu\u0144czyk z\u0119bacz, tu\u0144czyk \u017c\u00f3\u0142top\u0142etwy, \u017caglica, seriola, makrela kr\u00f3lewska, barrakuda i \u015bwi\u0119ty graal w\u0119dkarzy sportowych, czarny marlin.<\/p>\n\t\t\t\t\t\t<\/sr7-slide>\n\t\t\t\t\t\t<sr7-slide id=\"SR7_195_1-2238\" data-key=\"2238\">\n\t\t\t\t\t\t\t<sr7-bg id=\"SR7_195_1-2238-5\" class=\"sr7-layer\"><noscript><img decoding=\"async\" src=\"https:\/\/nosyberevesdepeche.com\/wp-content\/uploads\/peche-nosy-be-banc-grand-castor-merou.jpg\" alt=\"P\u00eache au gros depuis Nosy be au Banc du Grand Castor : m\u00e9rou\" title=\"peche-nosy-be-banc-grand-castor-merou\"><\/noscript><\/sr7-bg>\n\t\t\t\t\t\t\t<h2 id=\"SR7_195_1-2238-2\" class=\"sr7-layer\">Jigging, niezwykle skuteczna technika<\/h2>\n\t\t\t\t\t\t\t<p id=\"SR7_195_1-2238-3\" class=\"sr7-layer\">Obowi\u0105zkowy Grand Castor<\/p>\n\t\t\t\t\t\t\t<p id=\"SR7_195_1-2238-4\" class=\"sr7-layer\">pozwalaj\u0105ca \u0142owi\u0107 du\u017c\u0105 r\u00f3\u017cnorodno\u015b\u0107 gatunk\u00f3w. Speed jigging, wymagaj\u0105cy fizycznie i technicznie, lub slow jigging, bardziej dost\u0119pny i mniej m\u0119cz\u0105cy, niemal zawsze przynosz\u0105 doskona\u0142e rezultaty w w\u0119dkarstwie sportowym na \u0141awicy Grand Castor.<\/p>\n\t\t\t\t\t\t<\/sr7-slide>\n\t\t\t\t\t\t<sr7-slide id=\"SR7_195_1-2240\" data-key=\"2240\">\n\t\t\t\t\t\t\t<sr7-bg id=\"SR7_195_1-2240-5\" class=\"sr7-layer\"><noscript><img decoding=\"async\" src=\"https:\/\/nosyberevesdepeche.com\/wp-content\/uploads\/peche-nosy-be-banc-grand-castor-carangue-gt-2.webp\" alt=\"P\u00eache au gros depuis Nosy be au Banc du Grand Castor : carangue gt au jig\" title=\"peche-nosy-be-banc-grand-castor-carangue-gt-2\"><\/noscript><\/sr7-bg>\n\t\t\t\t\t\t\t<h2 id=\"SR7_195_1-2240-2\" class=\"sr7-layer\">Powierzchniowe przyn\u0119ty,<\/h2>\n\t\t\t\t\t\t\t<p id=\"SR7_195_1-2240-3\" class=\"sr7-layer\">Obowi\u0105zkowy Grand Castor<\/p>\n\t\t\t\t\t\t\t<p id=\"SR7_195_1-2240-4\" class=\"sr7-layer\">takie jak poppery, stickbaity czy shibuki, cz\u0119sto prowokuj\u0105 ataki du\u017cych okaz\u00f3w. Opanowanie spinningu staje si\u0119 wi\u0119c du\u017cym atutem przy \u0142owieniu najwi\u0119kszych GT, wahoo i barrakud.<\/p>\n\t\t\t\t\t\t<\/sr7-slide>\n\t\t\t\t\t\t<sr7-slide id=\"SR7_195_1-2239\" data-key=\"2239\">\n\t\t\t\t\t\t\t<sr7-bg id=\"SR7_195_1-2239-5\" class=\"sr7-layer\"><noscript><img decoding=\"async\" src=\"https:\/\/nosyberevesdepeche.com\/wp-content\/uploads\/peche-nosy-be-banc-du-grand-castor-groupe-e1772704957910.jpg\" alt=\"P\u00eache au gros depuis Nosy be au Banc du Grand Castor : carangue gt et requin\" title=\"peche-nosy-be-banc-du-grand-castor-groupe\"><\/noscript><\/sr7-bg>\n\t\t\t\t\t\t\t<h2 id=\"SR7_195_1-2239-2\" class=\"sr7-layer\">W\u0119dkarstwo sportowe<\/h2>\n\t\t\t\t\t\t\t<p id=\"SR7_195_1-2239-3\" class=\"sr7-layer\">Obowi\u0105zkowy Grand Castor<\/p>\n\t\t\t\t\t\t\t<p id=\"SR7_195_1-2239-4\" class=\"sr7-layer\">cz\u0119sto uprawia si\u0119 w grupie, w\u015br\u00f3d przyjaci\u00f3\u0142 lub w\u015br\u00f3d indywidualnych w\u0119dkarzy, kt\u00f3rzy si\u0119 poznaj\u0105. To sport, w kt\u00f3rym fair play i dobra atmosfera s\u0105 bardzo wa\u017cne.<\/p>\n\t\t\t\t\t\t<\/sr7-slide>\n\t\t\t\t\t\t<sr7-slide id=\"SR7_195_1-2253\" data-key=\"2253\">\n\t\t\t\t\t\t<\/sr7-slide>\n\t\t\t\t\t<\/sr7-content>\n\t\t\t\t\t<image_lists style=\"display:none\">\n\t\t\t\t\t\t<img data-src=\"\/\/nosyberevesdepeche.com\/wp-content\/uploads\/peche-nosy-be-banc-grand-castor-carangue-gt-1.jpeg\" data-libid=\"31096\" data-lib=\"medialibrary\" alt=\"P\u00eache au gros au Banc du Grand Castor depuis Nosy Be, Madagascar\" title=\"Banc du Grand Castor depuis Nosy Be\" width=\"0\" height=\"0\" data-dbsrc=\"Ly9ub3N5YmVyZXZlc2RlcGVjaGUuY29tL3dwLWNvbnRlbnQvdXBsb2Fkcy9wZWNoZS1ub3N5LWJlLWJhbmMtZ3JhbmQtY2FzdG9yLWNhcmFuZ3VlLWd0LTEuanBlZw==\"\/>\n\t\t\t\t\t\t<img data-src=\"\/\/nosyberevesdepeche.com\/wp-content\/uploads\/peche-madagascar-banc-grand-castor-carangue-gt-4-1-e1772642366304.webp\" data-libid=\"31088\" data-lib=\"medialibrary\" alt=\"P\u00eache au gros depuis Nosy be au Banc du Grand Castor : carangue GT au popper\" title=\"P\u00eache au gros depuis Nosy Be\" width=\"0\" height=\"0\" data-dbsrc=\"Ly9ub3N5YmVyZXZlc2RlcGVjaGUuY29tL3dwLWNvbnRlbnQvdXBsb2Fkcy9wZWNoZS1tYWRhZ2FzY2FyLWJhbmMtZ3JhbmQtY2FzdG9yLWNhcmFuZ3VlLWd0LTQtMS1lMTc3MjY0MjM2NjMwNC53ZWJw\"\/>\n\t\t\t\t\t\t<img data-src=\"\/\/nosyberevesdepeche.com\/wp-content\/uploads\/peche-nosy-be-banc-grand-castor-thon-jaune.jpg\" data-libid=\"31080\" data-lib=\"medialibrary\" alt=\"P\u00eache au gros depuis Nosy be au Banc du Grand Castor : thon jaune\" title=\"peche-nosy-be-banc-grand-castor-thon-jaune\" width=\"0\" height=\"0\" data-dbsrc=\"Ly9ub3N5YmVyZXZlc2RlcGVjaGUuY29tL3dwLWNvbnRlbnQvdXBsb2Fkcy9wZWNoZS1ub3N5LWJlLWJhbmMtZ3JhbmQtY2FzdG9yLXRob24tamF1bmUuanBn\"\/>\n\t\t\t\t\t\t<img loading=\"lazy\" data-src=\"\/\/nosyberevesdepeche.com\/wp-content\/uploads\/peche-nosy-be-banc-grand-castor-merou.jpg\" data-libid=\"31144\" data-lib=\"medialibrary\" alt=\"P\u00eache au gros depuis Nosy be au Banc du Grand Castor : m\u00e9rou\" title=\"peche-nosy-be-banc-grand-castor-merou\" width=\"0\" height=\"0\" data-dbsrc=\"Ly9ub3N5YmVyZXZlc2RlcGVjaGUuY29tL3dwLWNvbnRlbnQvdXBsb2Fkcy9wZWNoZS1ub3N5LWJlLWJhbmMtZ3JhbmQtY2FzdG9yLW1lcm91LmpwZw==\"\/>\n\t\t\t\t\t\t<img loading=\"lazy\" data-src=\"\/\/nosyberevesdepeche.com\/wp-content\/uploads\/peche-nosy-be-banc-du-grand-castor-groupe-e1772704957910.jpg\" data-libid=\"31184\" data-lib=\"medialibrary\" alt=\"P\u00eache au gros depuis Nosy be au Banc du Grand Castor : carangue gt et requin\" title=\"peche-nosy-be-banc-du-grand-castor-groupe\" width=\"0\" height=\"0\" data-dbsrc=\"Ly9ub3N5YmVyZXZlc2RlcGVjaGUuY29tL3dwLWNvbnRlbnQvdXBsb2Fkcy9wZWNoZS1ub3N5LWJlLWJhbmMtZHUtZ3JhbmQtY2FzdG9yLWdyb3VwZS1lMTc3MjcwNDk1NzkxMC5qcGc=\"\/>\n\t\t\t\t\t\t<img loading=\"lazy\" data-src=\"\/\/nosyberevesdepeche.com\/wp-content\/uploads\/peche-nosy-be-banc-grand-castor-carangue-gt-2.webp\" data-libid=\"31160\" data-lib=\"medialibrary\" alt=\"P\u00eache au gros depuis Nosy be au Banc du Grand Castor : carangue gt au jig\" title=\"peche-nosy-be-banc-grand-castor-carangue-gt-2\" width=\"0\" height=\"0\" data-dbsrc=\"Ly9ub3N5YmVyZXZlc2RlcGVjaGUuY29tL3dwLWNvbnRlbnQvdXBsb2Fkcy9wZWNoZS1ub3N5LWJlLWJhbmMtZ3JhbmQtY2FzdG9yLWNhcmFuZ3VlLWd0LTIud2VicA==\"\/>\n\t\t\t\t\t\t<img loading=\"lazy\" data-src=\"\/\/nosyberevesdepeche.com\/wp-content\/uploads\/peche-nosy-be-banc-grand-castor-thon-jaune-vignette.webp\" data-libid=\"31120\" data-lib=\"medialibrary\" title=\"peche-nosy-be-banc-grand-castor-thon-jaune-vignette\" width=\"0\" height=\"0\" data-dbsrc=\"Ly9ub3N5YmVyZXZlc2RlcGVjaGUuY29tL3dwLWNvbnRlbnQvdXBsb2Fkcy9wZWNoZS1ub3N5LWJlLWJhbmMtZ3JhbmQtY2FzdG9yLXRob24tamF1bmUtdmlnbmV0dGUud2VicA==\"\/>\n\t\t\t\t\t<\/image_lists>\n\t\t\t\t<\/sr7-module>\n\t\t\t\t<script>\n\t\t\t\t\tSR7.PMH ??={}; SR7.PMH[\"SR7_195_1\"] = {cn:100,state:false,fn: function() { if (_tpt!==undefined && _tpt.prepareModuleHeight !== undefined) {  _tpt.prepareModuleHeight({id:\"SR7_195_1\",el:[800,800,700,600,450],type:'standard',shdw:'0',gh:[800,800,700,600,450],gw:[1200,1200,1024,778,480],vpt:['-100px&#039;,&#039;-100px&#039;,&#039;-100px&#039;,&#039;-100px&#039;,&#039;-100px'],size:{fullWidth:true, fullHeight:false},mh:'0',onh:0,onw:98,bg:{color:'{\"orig\":\"transparent\",\"type\":\"solid\",\"string\":\"transparent\"}'},plType:'-1',plColor:'#FFFFFF'});   SR7.PMH[\"SR7_195_1\"].state=true;} else if(SR7.PMH[\"SR7_195_1\"].cn-->0)\tsetTimeout( SR7.PMH[\"SR7_195_1\"].fn,19);}};SR7.PMH[\"SR7_195_1\" ].fn();\n\t\t\t\t<\/script>\n<\/div>\n\t\t\t\t\t\t<\/div>\n\t\t\t\t<\/div>\n\t\t\t\t\t<\/div>\n\t\t\t\t<\/div>\n\t\t<div class=\"elementor-element elementor-element-e1cf234 e-flex e-con-boxed elementor-invisible e-con e-parent\" data-id=\"e1cf234\" data-element_type=\"container\" data-e-type=\"container\" data-settings=\"{&quot;animation&quot;:&quot;slideInUp&quot;,&quot;animation_delay&quot;:200}\">\n\t\t\t\t\t<div class=\"e-con-inner\">\n\t\t\t\t<div class=\"elementor-element elementor-element-1c494d7 elementor-widget elementor-widget-text-editor\" data-id=\"1c494d7\" data-element_type=\"widget\" data-e-type=\"widget\" data-widget_type=\"text-editor.default\">\n\t\t\t\t<div class=\"elementor-widget-container\">\n\t\t\t\t\t\t\t\t\t<p>\u0141awica Grand Castor pozostaje bardzo produktywnym \u0142owiskiem, z du\u017c\u0105 aktywno\u015bci\u0105 i bogat\u0105 r\u00f3\u017cnorodno\u015bci\u0105 ryb.<\/p><p>Jest dost\u0119pna z Nosy Be podczas <a href=\"https:\/\/nosyberevesdepeche.com\/pl\/wedkarstwo-nosy-be\/\">jednodniowych wypraw w\u0119dkarskich<\/a>, ale tak\u017ce z Nosy Mitsio podczas <a href=\"https:\/\/nosyberevesdepeche.com\/pl\/wedkarstwo-madagaskar-nosy-mitsio\/\">pobyt\u00f3w<\/a> i stanowi pierwszy etap naszej <a href=\"https:\/\/nosyberevesdepeche.com\/pl\/wedkarstwo-nosy-be-katamaran\/\">Wyprawy na Pe\u0142ne Morze<\/a> katamaranem.<\/p>\t\t\t\t\t\t\t\t<\/div>\n\t\t\t\t<\/div>\n\t\t\t\t\t<\/div>\n\t\t\t\t<\/div>\n\t\t\t\t<\/div>\n\t\t","protected":false},"excerpt":{"rendered":"<p>W\u0119dkarstwo na Nosy Be : s\u0142ynna \u0141awica Grand Castor \u0141awica Grand Castor pozostaje bardzo produktywnym \u0142owiskiem, z du\u017c\u0105 aktywno\u015bci\u0105 i bogat\u0105 r\u00f3\u017cnorodno\u015bci\u0105 ryb. Jest dost\u0119pna z Nosy Be podczas jednodniowych&#8230;<\/p>\n","protected":false},"author":1,"featured_media":0,"parent":0,"menu_order":0,"comment_status":"closed","ping_status":"closed","template":"elementor_header_footer","meta":{"footnotes":""},"class_list":["post-31245","page","type-page","status-publish"],"yoast_head":"<!-- This site is optimized with the Yoast SEO plugin v27.4 - https:\/\/yoast.com\/product\/yoast-seo-wordpress\/ -->\n<title>W\u0119dkarstwo Nosy Be : \u0141awica Grand Castor, Madagascar - W\u0119dkarskie Marzenia na Nosy Be<\/title>\n<meta name=\"description\" content=\"W\u0119dkarstwo z Nosy Be na Madagascar na \u0141awic\u0119 Grand Castor, ekstremalne \u0142owisko dla GT i tu\u0144czyka z\u0119batego.\" \/>\n<meta name=\"robots\" content=\"index, follow, max-snippet:-1, max-image-preview:large, max-video-preview:-1\" \/>\n<link rel=\"canonical\" href=\"https:\/\/nosyberevesdepeche.com\/pl\/wedkarstwo-madagascar-lawica-grand-castor\/\" \/>\n<meta property=\"og:locale\" content=\"pl_PL\" \/>\n<meta property=\"og:type\" content=\"article\" \/>\n<meta property=\"og:title\" content=\"W\u0119dkarstwo Nosy Be : \u0141awica Grand Castor, Madagascar - W\u0119dkarskie Marzenia na Nosy Be\" \/>\n<meta property=\"og:description\" content=\"W\u0119dkarstwo z Nosy Be na Madagascar na \u0141awic\u0119 Grand Castor, ekstremalne \u0142owisko dla GT i tu\u0144czyka z\u0119batego.\" \/>\n<meta property=\"og:url\" content=\"https:\/\/nosyberevesdepeche.com\/pl\/wedkarstwo-madagascar-lawica-grand-castor\/\" \/>\n<meta property=\"og:site_name\" content=\"W\u0119dkarskie Marzenia na Nosy Be\" \/>\n<meta property=\"article:publisher\" content=\"https:\/\/www.facebook.com\/nosyberevesdepeche\" \/>\n<meta property=\"article:modified_time\" content=\"2026-03-07T12:09:27+00:00\" \/>\n<meta property=\"og:image\" content=\"https:\/\/nosyberevesdepeche.com\/wp-content\/uploads\/sejour-cap-san-sebastien.jpg\" \/>\n\t<meta property=\"og:image:width\" content=\"2048\" \/>\n\t<meta property=\"og:image:height\" content=\"1542\" \/>\n\t<meta property=\"og:image:type\" content=\"image\/jpeg\" \/>\n<meta name=\"twitter:card\" content=\"summary_large_image\" \/>\n<script type=\"application\/ld+json\" class=\"yoast-schema-graph\">{\"@context\":\"https:\\\/\\\/schema.org\",\"@graph\":[{\"@type\":\"WebPage\",\"@id\":\"https:\\\/\\\/nosyberevesdepeche.com\\\/pl\\\/wedkarstwo-madagascar-lawica-grand-castor\\\/\",\"url\":\"https:\\\/\\\/nosyberevesdepeche.com\\\/pl\\\/wedkarstwo-madagascar-lawica-grand-castor\\\/\",\"name\":\"W\u0119dkarstwo Nosy Be : \u0141awica Grand Castor, Madagascar - W\u0119dkarskie Marzenia na Nosy Be\",\"isPartOf\":{\"@id\":\"https:\\\/\\\/nosyberevesdepeche.com\\\/pl\\\/#website\"},\"datePublished\":\"2026-03-03T17:14:19+00:00\",\"dateModified\":\"2026-03-07T12:09:27+00:00\",\"description\":\"W\u0119dkarstwo z Nosy Be na Madagascar na \u0141awic\u0119 Grand Castor, ekstremalne \u0142owisko dla GT i tu\u0144czyka z\u0119batego.\",\"breadcrumb\":{\"@id\":\"https:\\\/\\\/nosyberevesdepeche.com\\\/pl\\\/wedkarstwo-madagascar-lawica-grand-castor\\\/#breadcrumb\"},\"inLanguage\":\"pl-PL\",\"potentialAction\":[{\"@type\":\"ReadAction\",\"target\":[\"https:\\\/\\\/nosyberevesdepeche.com\\\/pl\\\/wedkarstwo-madagascar-lawica-grand-castor\\\/\"]}]},{\"@type\":\"BreadcrumbList\",\"@id\":\"https:\\\/\\\/nosyberevesdepeche.com\\\/pl\\\/wedkarstwo-madagascar-lawica-grand-castor\\\/#breadcrumb\",\"itemListElement\":[{\"@type\":\"ListItem\",\"position\":1,\"name\":\"Accueil\",\"item\":\"https:\\\/\\\/nosyberevesdepeche.com\\\/pl\\\/\"},{\"@type\":\"ListItem\",\"position\":2,\"name\":\"\u0141awica Grand Castor\"}]},{\"@type\":\"WebSite\",\"@id\":\"https:\\\/\\\/nosyberevesdepeche.com\\\/pl\\\/#website\",\"url\":\"https:\\\/\\\/nosyberevesdepeche.com\\\/pl\\\/\",\"name\":\"Nosy Be R\u00eaves de P\u00eache\",\"description\":\"W\u0119dkarstwo sportowe i big game fishing na Madagaskarze, z Nosy Be\",\"publisher\":{\"@id\":\"https:\\\/\\\/nosyberevesdepeche.com\\\/pl\\\/#organization\"},\"potentialAction\":[{\"@type\":\"SearchAction\",\"target\":{\"@type\":\"EntryPoint\",\"urlTemplate\":\"https:\\\/\\\/nosyberevesdepeche.com\\\/pl\\\/?s={search_term_string}\"},\"query-input\":{\"@type\":\"PropertyValueSpecification\",\"valueRequired\":true,\"valueName\":\"search_term_string\"}}],\"inLanguage\":\"pl-PL\"},{\"@type\":\"Organization\",\"@id\":\"https:\\\/\\\/nosyberevesdepeche.com\\\/pl\\\/#organization\",\"name\":\"Nosy Be R\u00eaves de P\u00eache\",\"url\":\"https:\\\/\\\/nosyberevesdepeche.com\\\/pl\\\/\",\"logo\":{\"@type\":\"ImageObject\",\"inLanguage\":\"pl-PL\",\"@id\":\"https:\\\/\\\/nosyberevesdepeche.com\\\/pl\\\/#\\\/schema\\\/logo\\\/image\\\/\",\"url\":\"https:\\\/\\\/nosyberevesdepeche.com\\\/wp-content\\\/uploads\\\/sejour-cap-san-sebastien.jpg\",\"contentUrl\":\"https:\\\/\\\/nosyberevesdepeche.com\\\/wp-content\\\/uploads\\\/sejour-cap-san-sebastien.jpg\",\"width\":2048,\"height\":1542,\"caption\":\"Nosy Be R\u00eaves de P\u00eache\"},\"image\":{\"@id\":\"https:\\\/\\\/nosyberevesdepeche.com\\\/pl\\\/#\\\/schema\\\/logo\\\/image\\\/\"},\"sameAs\":[\"https:\\\/\\\/www.facebook.com\\\/nosyberevesdepeche\",\"https:\\\/\\\/www.youtube.com\\\/@NosyBeRevesdePeche\",\"https:\\\/\\\/www.instagram.com\\\/nosyberevesdepeche\\\/\",\"https:\\\/\\\/www.tiktok.com\\\/@nosy_be_reves_de_peche\"]}]}<\/script>\n<!-- \/ Yoast SEO plugin. -->","yoast_head_json":{"title":"W\u0119dkarstwo Nosy Be : \u0141awica Grand Castor, Madagascar - W\u0119dkarskie Marzenia na Nosy Be","description":"W\u0119dkarstwo z Nosy Be na Madagascar na \u0141awic\u0119 Grand Castor, ekstremalne \u0142owisko dla GT i tu\u0144czyka z\u0119batego.","robots":{"index":"index","follow":"follow","max-snippet":"max-snippet:-1","max-image-preview":"max-image-preview:large","max-video-preview":"max-video-preview:-1"},"canonical":"https:\/\/nosyberevesdepeche.com\/pl\/wedkarstwo-madagascar-lawica-grand-castor\/","og_locale":"pl_PL","og_type":"article","og_title":"W\u0119dkarstwo Nosy Be : \u0141awica Grand Castor, Madagascar - W\u0119dkarskie Marzenia na Nosy Be","og_description":"W\u0119dkarstwo z Nosy Be na Madagascar na \u0141awic\u0119 Grand Castor, ekstremalne \u0142owisko dla GT i tu\u0144czyka z\u0119batego.","og_url":"https:\/\/nosyberevesdepeche.com\/pl\/wedkarstwo-madagascar-lawica-grand-castor\/","og_site_name":"W\u0119dkarskie Marzenia na Nosy Be","article_publisher":"https:\/\/www.facebook.com\/nosyberevesdepeche","article_modified_time":"2026-03-07T12:09:27+00:00","og_image":[{"width":2048,"height":1542,"url":"https:\/\/nosyberevesdepeche.com\/wp-content\/uploads\/sejour-cap-san-sebastien.jpg","type":"image\/jpeg"}],"twitter_card":"summary_large_image","schema":{"@context":"https:\/\/schema.org","@graph":[{"@type":"WebPage","@id":"https:\/\/nosyberevesdepeche.com\/pl\/wedkarstwo-madagascar-lawica-grand-castor\/","url":"https:\/\/nosyberevesdepeche.com\/pl\/wedkarstwo-madagascar-lawica-grand-castor\/","name":"W\u0119dkarstwo Nosy Be : \u0141awica Grand Castor, Madagascar - W\u0119dkarskie Marzenia na Nosy Be","isPartOf":{"@id":"https:\/\/nosyberevesdepeche.com\/pl\/#website"},"datePublished":"2026-03-03T17:14:19+00:00","dateModified":"2026-03-07T12:09:27+00:00","description":"W\u0119dkarstwo z Nosy Be na Madagascar na \u0141awic\u0119 Grand Castor, ekstremalne \u0142owisko dla GT i tu\u0144czyka z\u0119batego.","breadcrumb":{"@id":"https:\/\/nosyberevesdepeche.com\/pl\/wedkarstwo-madagascar-lawica-grand-castor\/#breadcrumb"},"inLanguage":"pl-PL","potentialAction":[{"@type":"ReadAction","target":["https:\/\/nosyberevesdepeche.com\/pl\/wedkarstwo-madagascar-lawica-grand-castor\/"]}]},{"@type":"BreadcrumbList","@id":"https:\/\/nosyberevesdepeche.com\/pl\/wedkarstwo-madagascar-lawica-grand-castor\/#breadcrumb","itemListElement":[{"@type":"ListItem","position":1,"name":"Accueil","item":"https:\/\/nosyberevesdepeche.com\/pl\/"},{"@type":"ListItem","position":2,"name":"\u0141awica Grand Castor"}]},{"@type":"WebSite","@id":"https:\/\/nosyberevesdepeche.com\/pl\/#website","url":"https:\/\/nosyberevesdepeche.com\/pl\/","name":"Nosy Be R\u00eaves de P\u00eache","description":"W\u0119dkarstwo sportowe i big game fishing na Madagaskarze, z Nosy Be","publisher":{"@id":"https:\/\/nosyberevesdepeche.com\/pl\/#organization"},"potentialAction":[{"@type":"SearchAction","target":{"@type":"EntryPoint","urlTemplate":"https:\/\/nosyberevesdepeche.com\/pl\/?s={search_term_string}"},"query-input":{"@type":"PropertyValueSpecification","valueRequired":true,"valueName":"search_term_string"}}],"inLanguage":"pl-PL"},{"@type":"Organization","@id":"https:\/\/nosyberevesdepeche.com\/pl\/#organization","name":"Nosy Be R\u00eaves de P\u00eache","url":"https:\/\/nosyberevesdepeche.com\/pl\/","logo":{"@type":"ImageObject","inLanguage":"pl-PL","@id":"https:\/\/nosyberevesdepeche.com\/pl\/#\/schema\/logo\/image\/","url":"https:\/\/nosyberevesdepeche.com\/wp-content\/uploads\/sejour-cap-san-sebastien.jpg","contentUrl":"https:\/\/nosyberevesdepeche.com\/wp-content\/uploads\/sejour-cap-san-sebastien.jpg","width":2048,"height":1542,"caption":"Nosy Be R\u00eaves de P\u00eache"},"image":{"@id":"https:\/\/nosyberevesdepeche.com\/pl\/#\/schema\/logo\/image\/"},"sameAs":["https:\/\/www.facebook.com\/nosyberevesdepeche","https:\/\/www.youtube.com\/@NosyBeRevesdePeche","https:\/\/www.instagram.com\/nosyberevesdepeche\/","https:\/\/www.tiktok.com\/@nosy_be_reves_de_peche"]}]}},"_links":{"self":[{"href":"https:\/\/nosyberevesdepeche.com\/pl\/wp-json\/wp\/v2\/pages\/31245","targetHints":{"allow":["GET"]}}],"collection":[{"href":"https:\/\/nosyberevesdepeche.com\/pl\/wp-json\/wp\/v2\/pages"}],"about":[{"href":"https:\/\/nosyberevesdepeche.com\/pl\/wp-json\/wp\/v2\/types\/page"}],"author":[{"embeddable":true,"href":"https:\/\/nosyberevesdepeche.com\/pl\/wp-json\/wp\/v2\/users\/1"}],"replies":[{"embeddable":true,"href":"https:\/\/nosyberevesdepeche.com\/pl\/wp-json\/wp\/v2\/comments?post=31245"}],"version-history":[{"count":1,"href":"https:\/\/nosyberevesdepeche.com\/pl\/wp-json\/wp\/v2\/pages\/31245\/revisions"}],"predecessor-version":[{"id":31246,"href":"https:\/\/nosyberevesdepeche.com\/pl\/wp-json\/wp\/v2\/pages\/31245\/revisions\/31246"}],"wp:attachment":[{"href":"https:\/\/nosyberevesdepeche.com\/pl\/wp-json\/wp\/v2\/media?parent=31245"}],"curies":[{"name":"wp","href":"https:\/\/api.w.org\/{rel}","templated":true}]}}