{"id":10352,"date":"2025-02-08T17:32:26","date_gmt":"2025-02-08T16:32:26","guid":{"rendered":"https:\/\/nosyberevesdepeche.com\/informacje-prawne\/"},"modified":"2025-06-22T08:30:32","modified_gmt":"2025-06-22T06:30:32","slug":"informacje-prawne","status":"publish","type":"page","link":"https:\/\/nosyberevesdepeche.com\/pl\/informacje-prawne\/","title":{"rendered":"Informacje Prawne"},"content":{"rendered":"\t\t<div data-elementor-type=\"wp-page\" data-elementor-id=\"10352\" class=\"elementor elementor-10352 elementor-7474\" data-elementor-post-type=\"page\">\n\t\t\t\t<div class=\"elementor-element elementor-element-3d3ee45 e-flex e-con-boxed e-con e-parent\" data-id=\"3d3ee45\" data-element_type=\"container\" data-e-type=\"container\">\n\t\t\t\t\t<div class=\"e-con-inner\">\n\t\t\t\t<div class=\"elementor-element elementor-element-2bec921 elementor-widget elementor-widget-heading\" data-id=\"2bec921\" data-element_type=\"widget\" data-e-type=\"widget\" data-widget_type=\"heading.default\">\n\t\t\t\t<div class=\"elementor-widget-container\">\n\t\t\t\t\t<h1 class=\"elementor-heading-title elementor-size-default\">Informacje Prawne<\/h1>\t\t\t\t<\/div>\n\t\t\t\t<\/div>\n\t\t\t\t\t<\/div>\n\t\t\t\t<\/div>\n\t\t<div class=\"elementor-element elementor-element-6407915 e-flex e-con-boxed e-con e-parent\" data-id=\"6407915\" data-element_type=\"container\" data-e-type=\"container\">\n\t\t\t\t\t<div class=\"e-con-inner\">\n\t\t\t\t<div class=\"elementor-element elementor-element-b76ab9b elementor-widget__width-initial elementor-widget elementor-widget-text-editor\" data-id=\"b76ab9b\" data-element_type=\"widget\" data-e-type=\"widget\" data-widget_type=\"text-editor.default\">\n\t\t\t\t<div class=\"elementor-widget-container\">\n\t\t\t\t\t\t\t\t\t<ol><li><h3>Wydawca witryny<\/h3><\/li><\/ol><p>Ta strona jest publikowana przez Nosy Be R\u00eaves de P\u00eache, sp\u00f3\u0142k\u0119 zarejestrowan\u0105 na Madagaskarze.<\/p><ul><li>Nazwa firmy : Nosy Be R\u00eaves de P\u00eache<\/li><li>Status prawny : SARL<\/li><li>Siedziba g\u0142\u00f3wna : MARAB, Ambatoloaka, Nosy Be<\/li><li>E-mail: contact@nosyberevesdepeche.com<\/li><li>Telefon : +261 37 51 768 80<\/li><li>Mened\u017cer publikacji : Nosy Be R\u00eaves de P\u00eache<\/li><\/ul><ol start=\"2\"><li><h3>Gospodarz witryny<\/h3><\/li><\/ol><p>Witryna jest hostowana przez OVHcloud<\/p><ul><li>Firma : Hostinger International Ltd.<\/li><li>Siedziba : 61 Lordou Vironos Street, 6023 Larnaca, Cypr<\/li><li>Strona internetowa : <a href=\"https:\/\/www.hostinger.com\">www.hostinger.com<\/a><\/li><\/ul><ol start=\"3\"><li><h3>W\u0142asno\u015b\u0107 intelektualna<\/h3><\/li><\/ol><p>Ca\u0142a zawarto\u015b\u0107 strony (tekst, obrazy, logo, itp) jest wy\u0142\u0105czn\u0105 w\u0142asno\u015bci\u0105 Nosy Be R\u00eaves de P\u00eache.<br>Jakiekolwiek powielanie, przedstawianie lub rozpowszechnianie bez uprzedniej zgody jest zabronione.<\/p><ol start=\"4\"><li><h3>Ochrona danych osobowych<\/h3><\/li><\/ol><p>Dane gromadzone za po\u015brednictwem formularzy na stronie s\u0105 przeznaczone wy\u0142\u0105cznie dla Nosy Be R\u00eaves de P\u00eache w kontek\u015bcie zarz\u0105dzania pro\u015bbami o kontakt lub ofertami.<br>Zgodnie z przepisami obowi\u0105zuj\u0105cymi na Madagaskarze i europejsk\u0105 RODO, u\u017cytkownik ma prawo dost\u0119pu do swoich danych osobowych, ich modyfikowania i usuwania.<br>Aby skorzysta\u0107 z tych praw, skontaktuj si\u0119 z nami pod nast\u0119puj\u0105cym adresem : nosyberevesdepeche@gmail.com<\/p><ol start=\"5\"><li><h3>Odpowiedzialno\u015b\u0107<\/h3><\/li><\/ol><p>Nosy Be R\u00eaves de P\u00eache nie ponosi odpowiedzialno\u015bci za jakiekolwiek bezpo\u015brednie lub po\u015brednie szkody wynikaj\u0105ce z korzystania z witryny.<\/p><ol start=\"6\"><li><h3>Prawo w\u0142a\u015bciwe<\/h3><\/li><\/ol><p>Niniejsza nota prawna podlega prawu Madagaskaru. W przypadku sporu w\u0142a\u015bciwe s\u0105 s\u0105dy Madagaskaru. <\/p><p>Copyright \u00a9 Nosy Be R\u00eaves de P\u00eache &#8211; 2025. Wszelkie prawa zastrze\u017cone. <\/p>\t\t\t\t\t\t\t\t<\/div>\n\t\t\t\t<\/div>\n\t\t\t\t\t<\/div>\n\t\t\t\t<\/div>\n\t\t\t\t<\/div>\n\t\t","protected":false},"excerpt":{"rendered":"<p>Informacje Prawne Wydawca witryny Ta strona jest publikowana przez Nosy Be R\u00eaves de P\u00eache, sp\u00f3\u0142k\u0119 zarejestrowan\u0105 na Madagaskarze. Nazwa firmy : Nosy Be R\u00eaves de P\u00eache Status prawny : SARL&#8230;<\/p>\n","protected":false},"author":1,"featured_media":0,"parent":0,"menu_order":0,"comment_status":"closed","ping_status":"closed","template":"elementor_header_footer","meta":{"footnotes":""},"class_list":["post-10352","page","type-page","status-publish"],"yoast_head":"<!-- This site is optimized with the Yoast SEO plugin v27.4 - https:\/\/yoast.com\/product\/yoast-seo-wordpress\/ -->\n<title>Informacje Prawne - W\u0119dkarskie Marzenia na Nosy Be<\/title>\n<meta name=\"robots\" content=\"index, follow, max-snippet:-1, max-image-preview:large, max-video-preview:-1\" \/>\n<link rel=\"canonical\" href=\"https:\/\/nosyberevesdepeche.com\/pl\/informacje-prawne\/\" \/>\n<meta property=\"og:locale\" content=\"pl_PL\" \/>\n<meta property=\"og:type\" content=\"article\" \/>\n<meta property=\"og:title\" content=\"Informacje Prawne - W\u0119dkarskie Marzenia na Nosy Be\" \/>\n<meta property=\"og:description\" content=\"Informacje Prawne Wydawca witryny Ta strona jest publikowana przez Nosy Be R\u00eaves de P\u00eache, sp\u00f3\u0142k\u0119 zarejestrowan\u0105 na Madagaskarze. Nazwa firmy : Nosy Be R\u00eaves de P\u00eache Status prawny : SARL...\" \/>\n<meta property=\"og:url\" content=\"https:\/\/nosyberevesdepeche.com\/pl\/informacje-prawne\/\" \/>\n<meta property=\"og:site_name\" content=\"W\u0119dkarskie Marzenia na Nosy Be\" \/>\n<meta property=\"article:publisher\" content=\"https:\/\/www.facebook.com\/nosyberevesdepeche\" \/>\n<meta property=\"article:modified_time\" content=\"2025-06-22T06:30:32+00:00\" \/>\n<meta property=\"og:image\" content=\"https:\/\/nosyberevesdepeche.com\/wp-content\/uploads\/sejour-cap-san-sebastien.jpg\" \/>\n\t<meta property=\"og:image:width\" content=\"2048\" \/>\n\t<meta property=\"og:image:height\" content=\"1542\" \/>\n\t<meta property=\"og:image:type\" content=\"image\/jpeg\" \/>\n<meta name=\"twitter:card\" content=\"summary_large_image\" \/>\n<meta name=\"twitter:label1\" content=\"Szacowany czas czytania\" \/>\n\t<meta name=\"twitter:data1\" content=\"1 minuta\" \/>\n<script type=\"application\/ld+json\" class=\"yoast-schema-graph\">{\"@context\":\"https:\\\/\\\/schema.org\",\"@graph\":[{\"@type\":\"WebPage\",\"@id\":\"https:\\\/\\\/nosyberevesdepeche.com\\\/pl\\\/informacje-prawne\\\/\",\"url\":\"https:\\\/\\\/nosyberevesdepeche.com\\\/pl\\\/informacje-prawne\\\/\",\"name\":\"Informacje Prawne - W\u0119dkarskie Marzenia na Nosy Be\",\"isPartOf\":{\"@id\":\"https:\\\/\\\/nosyberevesdepeche.com\\\/pl\\\/#website\"},\"datePublished\":\"2025-02-08T16:32:26+00:00\",\"dateModified\":\"2025-06-22T06:30:32+00:00\",\"breadcrumb\":{\"@id\":\"https:\\\/\\\/nosyberevesdepeche.com\\\/pl\\\/informacje-prawne\\\/#breadcrumb\"},\"inLanguage\":\"pl-PL\",\"potentialAction\":[{\"@type\":\"ReadAction\",\"target\":[\"https:\\\/\\\/nosyberevesdepeche.com\\\/pl\\\/informacje-prawne\\\/\"]}]},{\"@type\":\"BreadcrumbList\",\"@id\":\"https:\\\/\\\/nosyberevesdepeche.com\\\/pl\\\/informacje-prawne\\\/#breadcrumb\",\"itemListElement\":[{\"@type\":\"ListItem\",\"position\":1,\"name\":\"Accueil\",\"item\":\"https:\\\/\\\/nosyberevesdepeche.com\\\/pl\\\/\"},{\"@type\":\"ListItem\",\"position\":2,\"name\":\"Informacje Prawne\"}]},{\"@type\":\"WebSite\",\"@id\":\"https:\\\/\\\/nosyberevesdepeche.com\\\/pl\\\/#website\",\"url\":\"https:\\\/\\\/nosyberevesdepeche.com\\\/pl\\\/\",\"name\":\"Nosy Be R\u00eaves de P\u00eache\",\"description\":\"W\u0119dkarstwo sportowe i big game fishing na Madagaskarze, z Nosy Be\",\"publisher\":{\"@id\":\"https:\\\/\\\/nosyberevesdepeche.com\\\/pl\\\/#organization\"},\"potentialAction\":[{\"@type\":\"SearchAction\",\"target\":{\"@type\":\"EntryPoint\",\"urlTemplate\":\"https:\\\/\\\/nosyberevesdepeche.com\\\/pl\\\/?s={search_term_string}\"},\"query-input\":{\"@type\":\"PropertyValueSpecification\",\"valueRequired\":true,\"valueName\":\"search_term_string\"}}],\"inLanguage\":\"pl-PL\"},{\"@type\":\"Organization\",\"@id\":\"https:\\\/\\\/nosyberevesdepeche.com\\\/pl\\\/#organization\",\"name\":\"Nosy Be R\u00eaves de P\u00eache\",\"url\":\"https:\\\/\\\/nosyberevesdepeche.com\\\/pl\\\/\",\"logo\":{\"@type\":\"ImageObject\",\"inLanguage\":\"pl-PL\",\"@id\":\"https:\\\/\\\/nosyberevesdepeche.com\\\/pl\\\/#\\\/schema\\\/logo\\\/image\\\/\",\"url\":\"https:\\\/\\\/nosyberevesdepeche.com\\\/wp-content\\\/uploads\\\/sejour-cap-san-sebastien.jpg\",\"contentUrl\":\"https:\\\/\\\/nosyberevesdepeche.com\\\/wp-content\\\/uploads\\\/sejour-cap-san-sebastien.jpg\",\"width\":2048,\"height\":1542,\"caption\":\"Nosy Be R\u00eaves de P\u00eache\"},\"image\":{\"@id\":\"https:\\\/\\\/nosyberevesdepeche.com\\\/pl\\\/#\\\/schema\\\/logo\\\/image\\\/\"},\"sameAs\":[\"https:\\\/\\\/www.facebook.com\\\/nosyberevesdepeche\",\"https:\\\/\\\/www.youtube.com\\\/@NosyBeRevesdePeche\",\"https:\\\/\\\/www.instagram.com\\\/nosyberevesdepeche\\\/\",\"https:\\\/\\\/www.tiktok.com\\\/@nosy_be_reves_de_peche\"]}]}<\/script>\n<!-- \/ Yoast SEO plugin. -->","yoast_head_json":{"title":"Informacje Prawne - W\u0119dkarskie Marzenia na Nosy Be","robots":{"index":"index","follow":"follow","max-snippet":"max-snippet:-1","max-image-preview":"max-image-preview:large","max-video-preview":"max-video-preview:-1"},"canonical":"https:\/\/nosyberevesdepeche.com\/pl\/informacje-prawne\/","og_locale":"pl_PL","og_type":"article","og_title":"Informacje Prawne - W\u0119dkarskie Marzenia na Nosy Be","og_description":"Informacje Prawne Wydawca witryny Ta strona jest publikowana przez Nosy Be R\u00eaves de P\u00eache, sp\u00f3\u0142k\u0119 zarejestrowan\u0105 na Madagaskarze. Nazwa firmy : Nosy Be R\u00eaves de P\u00eache Status prawny : SARL...","og_url":"https:\/\/nosyberevesdepeche.com\/pl\/informacje-prawne\/","og_site_name":"W\u0119dkarskie Marzenia na Nosy Be","article_publisher":"https:\/\/www.facebook.com\/nosyberevesdepeche","article_modified_time":"2025-06-22T06:30:32+00:00","og_image":[{"width":2048,"height":1542,"url":"https:\/\/nosyberevesdepeche.com\/wp-content\/uploads\/sejour-cap-san-sebastien.jpg","type":"image\/jpeg"}],"twitter_card":"summary_large_image","twitter_misc":{"Szacowany czas czytania":"1 minuta"},"schema":{"@context":"https:\/\/schema.org","@graph":[{"@type":"WebPage","@id":"https:\/\/nosyberevesdepeche.com\/pl\/informacje-prawne\/","url":"https:\/\/nosyberevesdepeche.com\/pl\/informacje-prawne\/","name":"Informacje Prawne - W\u0119dkarskie Marzenia na Nosy Be","isPartOf":{"@id":"https:\/\/nosyberevesdepeche.com\/pl\/#website"},"datePublished":"2025-02-08T16:32:26+00:00","dateModified":"2025-06-22T06:30:32+00:00","breadcrumb":{"@id":"https:\/\/nosyberevesdepeche.com\/pl\/informacje-prawne\/#breadcrumb"},"inLanguage":"pl-PL","potentialAction":[{"@type":"ReadAction","target":["https:\/\/nosyberevesdepeche.com\/pl\/informacje-prawne\/"]}]},{"@type":"BreadcrumbList","@id":"https:\/\/nosyberevesdepeche.com\/pl\/informacje-prawne\/#breadcrumb","itemListElement":[{"@type":"ListItem","position":1,"name":"Accueil","item":"https:\/\/nosyberevesdepeche.com\/pl\/"},{"@type":"ListItem","position":2,"name":"Informacje Prawne"}]},{"@type":"WebSite","@id":"https:\/\/nosyberevesdepeche.com\/pl\/#website","url":"https:\/\/nosyberevesdepeche.com\/pl\/","name":"Nosy Be R\u00eaves de P\u00eache","description":"W\u0119dkarstwo sportowe i big game fishing na Madagaskarze, z Nosy Be","publisher":{"@id":"https:\/\/nosyberevesdepeche.com\/pl\/#organization"},"potentialAction":[{"@type":"SearchAction","target":{"@type":"EntryPoint","urlTemplate":"https:\/\/nosyberevesdepeche.com\/pl\/?s={search_term_string}"},"query-input":{"@type":"PropertyValueSpecification","valueRequired":true,"valueName":"search_term_string"}}],"inLanguage":"pl-PL"},{"@type":"Organization","@id":"https:\/\/nosyberevesdepeche.com\/pl\/#organization","name":"Nosy Be R\u00eaves de P\u00eache","url":"https:\/\/nosyberevesdepeche.com\/pl\/","logo":{"@type":"ImageObject","inLanguage":"pl-PL","@id":"https:\/\/nosyberevesdepeche.com\/pl\/#\/schema\/logo\/image\/","url":"https:\/\/nosyberevesdepeche.com\/wp-content\/uploads\/sejour-cap-san-sebastien.jpg","contentUrl":"https:\/\/nosyberevesdepeche.com\/wp-content\/uploads\/sejour-cap-san-sebastien.jpg","width":2048,"height":1542,"caption":"Nosy Be R\u00eaves de P\u00eache"},"image":{"@id":"https:\/\/nosyberevesdepeche.com\/pl\/#\/schema\/logo\/image\/"},"sameAs":["https:\/\/www.facebook.com\/nosyberevesdepeche","https:\/\/www.youtube.com\/@NosyBeRevesdePeche","https:\/\/www.instagram.com\/nosyberevesdepeche\/","https:\/\/www.tiktok.com\/@nosy_be_reves_de_peche"]}]}},"_links":{"self":[{"href":"https:\/\/nosyberevesdepeche.com\/pl\/wp-json\/wp\/v2\/pages\/10352","targetHints":{"allow":["GET"]}}],"collection":[{"href":"https:\/\/nosyberevesdepeche.com\/pl\/wp-json\/wp\/v2\/pages"}],"about":[{"href":"https:\/\/nosyberevesdepeche.com\/pl\/wp-json\/wp\/v2\/types\/page"}],"author":[{"embeddable":true,"href":"https:\/\/nosyberevesdepeche.com\/pl\/wp-json\/wp\/v2\/users\/1"}],"replies":[{"embeddable":true,"href":"https:\/\/nosyberevesdepeche.com\/pl\/wp-json\/wp\/v2\/comments?post=10352"}],"version-history":[{"count":6,"href":"https:\/\/nosyberevesdepeche.com\/pl\/wp-json\/wp\/v2\/pages\/10352\/revisions"}],"predecessor-version":[{"id":20357,"href":"https:\/\/nosyberevesdepeche.com\/pl\/wp-json\/wp\/v2\/pages\/10352\/revisions\/20357"}],"wp:attachment":[{"href":"https:\/\/nosyberevesdepeche.com\/pl\/wp-json\/wp\/v2\/media?parent=10352"}],"curies":[{"name":"wp","href":"https:\/\/api.w.org\/{rel}","templated":true}]}}