{"id":8082,"date":"2025-01-12T14:57:33","date_gmt":"2025-01-12T13:57:33","guid":{"rendered":"https:\/\/nosyberevesdepeche.com\/index.php\/pesca-cap-san-sebastien\/"},"modified":"2026-02-05T05:13:32","modified_gmt":"2026-02-05T04:13:32","slug":"pesca-madagascar-capo-san-sebastiano","status":"publish","type":"page","link":"https:\/\/nosyberevesdepeche.com\/it\/pesca-madagascar-capo-san-sebastiano\/","title":{"rendered":"Capo San Sebastiano"},"content":{"rendered":"\t\t<div data-elementor-type=\"wp-page\" data-elementor-id=\"8082\" class=\"elementor elementor-8082 elementor-2850\" data-elementor-post-type=\"page\">\n\t\t\t\t<div class=\"elementor-element elementor-element-2d5643a animated-slow e-flex e-con-boxed elementor-invisible e-con e-parent\" data-id=\"2d5643a\" data-element_type=\"container\" data-e-type=\"container\" data-settings=\"{&quot;animation&quot;:&quot;fadeIn&quot;,&quot;animation_delay&quot;:0}\">\n\t\t\t\t\t<div class=\"e-con-inner\">\n\t\t\t\t<div class=\"elementor-element elementor-element-317fb4b elementor-widget-tablet__width-inherit elementor-widget elementor-widget-heading\" data-id=\"317fb4b\" data-element_type=\"widget\" data-e-type=\"widget\" data-widget_type=\"heading.default\">\n\t\t\t\t<div class=\"elementor-widget-container\">\n\t\t\t\t\t<h1 class=\"elementor-heading-title elementor-size-default\">Mitico Capo San Sebastiano, punto di riferimento per la pesca sportiva in Madagascar<\/h1>\t\t\t\t<\/div>\n\t\t\t\t<\/div>\n\t\t\t\t\t<\/div>\n\t\t\t\t<\/div>\n\t\t<div class=\"elementor-element elementor-element-cb13acf e-flex e-con-boxed elementor-invisible e-con e-parent\" data-id=\"cb13acf\" data-element_type=\"container\" data-e-type=\"container\" data-settings=\"{&quot;animation&quot;:&quot;fadeIn&quot;}\">\n\t\t\t\t\t<div class=\"e-con-inner\">\n\t\t\t\t<div class=\"elementor-element elementor-element-df0e1dc elementor-widget elementor-widget-shortcode\" data-id=\"df0e1dc\" data-element_type=\"widget\" data-e-type=\"widget\" data-widget_type=\"shortcode.default\">\n\t\t\t\t<div class=\"elementor-widget-container\">\n\t\t\t\t\t\t\t<div class=\"elementor-shortcode\">\n\t\t\t\t<p class=\"rs-p-wp-fix\"><\/p>\n\t\t\t\t<sr7-module data-alias=\"mythique-cap-san-sebastien\" data-id=\"89\" id=\"SR7_89_1\" data-version=\"6.7.41\">\n\t\t\t\t\t<sr7-adjuster><\/sr7-adjuster>\n\t\t\t\t\t<sr7-content>\n\t\t\t\t\t\t<sr7-slide id=\"SR7_89_1-420\" data-key=\"420\">\n\t\t\t\t\t\t\t<h2 id=\"SR7_89_1-420-2\" class=\"sr7-layer\">Per gli amanti della pesca sportiva<\/h2>\n\t\t\t\t\t\t\t<h3 id=\"SR7_89_1-420-3\" class=\"sr7-layer\">Capo San Sebastiano l\u2019Indomabile<\/h3>\n\t\t\t\t\t\t\t<p id=\"SR7_89_1-420-4\" class=\"sr7-layer\">Situato sulla costa nordoccidentale del Madagascar, a circa 120 chilometri a nord di Nosy Be, il Capo San Sebastiano \u00e8 circondato da scogliere e aree di pesca eccezionali. Da Nosy Mitsio, dove alloggiate durante il soggiorno, non risparmiamo carburante per raggiungere pi\u00f9 volte questo luogo mitico o i suoi dintorni. Questo ci consente di accedere a zone di pesca preservate e poco esplorate, che promettono sfide intense con esemplari di grossa taglia. Un gioiello grezzo per gli appassionati di pesca sportiva.<\/p>\n\t\t\t\t\t\t<\/sr7-slide>\n\t\t\t\t\t\t<sr7-slide id=\"SR7_89_1-544\" data-key=\"544\">\n\t\t\t\t\t\t\t<sr7-bg id=\"SR7_89_1-544-slidebg\" class=\"sr7-layer\"><noscript><img decoding=\"async\" src=\"https:\/\/nosyberevesdepeche.com\/wp-content\/uploads\/fond-mer-Photoroom.jpg\" alt=\"\" title=\"\"><\/noscript><\/sr7-bg>\n\t\t\t\t\t\t\t<h2 id=\"SR7_89_1-544-2\" class=\"sr7-layer\">Tecnica di pesca suprema<\/h2>\n\t\t\t\t\t\t\t<h3 id=\"SR7_89_1-544-3\" class=\"sr7-layer\">Capo San Sebastiano l\u2019Indomabile<\/h3>\n\t\t\t\t\t\t\t<p id=\"SR7_89_1-544-4\" class=\"sr7-layer\">Il Capo San Sebastiano offre un terreno ideale per il popping, grazie ai suoi pianori corallini e alle zone poco profonde dove cacciano carango gigante e altri predatori iconici. Una destinazione incredibile per combattimenti spettacolari.<\/p>\n\t\t\t\t\t\t<\/sr7-slide>\n\t\t\t\t\t\t<sr7-slide id=\"SR7_89_1-330\" data-key=\"330\">\n\t\t\t\t\t\t\t<sr7-bg id=\"SR7_89_1-330-slidebg\" class=\"sr7-layer\"><noscript><img decoding=\"async\" src=\"https:\/\/nosyberevesdepeche.com\/wp-content\/uploads\/cap-san-sebastien-merou-scaled-e1747659694607.webp\" alt=\"P\u00eache au jig et capture d&#039;un m\u00e9rou c\u00e9leste au Cap San S\u00e9bastien, puis rel\u00e2cher dans le cadre d\u2019une p\u00eache responsable\" title=\"M\u00e9rou c\u00e9leste captur\u00e9 au jig au Cap San S\u00e9bastien\"><\/noscript><\/sr7-bg>\n\t\t\t\t\t\t\t<h2 id=\"SR7_89_1-330-2\" class=\"sr7-layer\">Incredibili opportunit\u00e0 di pesca<\/h2>\n\t\t\t\t\t\t\t<h3 id=\"SR7_89_1-330-3\" class=\"sr7-layer\">Capo San Sebastiano l\u2019Indomabile<\/h3>\n\t\t\t\t\t\t\t<p id=\"SR7_89_1-330-4\" class=\"sr7-layer\">Che siate appassionati di popping, jigging o traina, le acque del Capo San Sebastiano sono ricche di esemplari impressionanti. Carango gigante, tonni denti di cane, cernie e barracuda sono alcune delle sfide che vi aspettano in queste acque rinomate per la loro ricchezza e variet\u00e0. Il nostro equipaggio locale, esperto dei migliori spot, vi assister\u00e0 in ogni momento per aumentare le vostre possibilit\u00e0 di catture memorabili.<\/p>\n\t\t\t\t\t\t<\/sr7-slide>\n\t\t\t\t\t\t<sr7-slide id=\"SR7_89_1-1064\" data-key=\"1064\">\n\t\t\t\t\t\t\t<sr7-bg id=\"SR7_89_1-1064-slidebg\" class=\"sr7-layer\"><noscript><img decoding=\"async\" src=\"https:\/\/nosyberevesdepeche.com\/wp-content\/uploads\/peche-madagascar-cap-san-sebastien-barracuda-e1765634389215.webp\" alt=\"Superbe barracuda captur\u00e9 au jig au Cap San S\u00e9bastien \u00e0 Madagascar\" title=\"Barracuda au jig \u00e0 Madagascar\"><\/noscript><\/sr7-bg>\n\t\t\t\t\t\t\t<h2 id=\"SR7_89_1-1064-2\" class=\"sr7-layer\">Il jigging, una tecnica potente<\/h2>\n\t\t\t\t\t\t\t<h3 id=\"SR7_89_1-1064-3\" class=\"sr7-layer\">Capo San Sebastiano l\u2019Indomabile<\/h3>\n\t\t\t\t\t\t\t<p id=\"SR7_89_1-1064-4\" class=\"sr7-layer\">per la pesca sportiva in Madagascar.\nIl jigging \u00e8 una tecnica di pesca verticale che consiste nell\u2019animare un\u2019esca metallica, chiamata jig, per imitare i movimenti di un pesce ferito. Al Capo San Sebastiano, questo metodo risulta particolarmente efficace sui pendii e sui fondali rocciosi, dove vivono numerosi predatori.\nUtilizziamo di solito jig da 150 a 200 g, perfettamente adatti alla profondit\u00e0 e alla corrente della zona. Tecnica fisicamente impegnativa, richiede resistenza e attrezzatura di qualit\u00e0, ma regala combattimenti intensi con tonni denti di cane, carangidi, cernie e wahoo.\n<\/p>\n\t\t\t\t\t\t<\/sr7-slide>\n\t\t\t\t\t\t<sr7-slide id=\"SR7_89_1-1074\" data-key=\"1074\">\n\t\t\t\t\t\t\t<sr7-bg id=\"SR7_89_1-1074-slidebg\" class=\"sr7-layer\"><noscript><img decoding=\"async\" src=\"https:\/\/nosyberevesdepeche.com\/wp-content\/uploads\/peche-madagascar-lior-trevally.jpg\" alt=\"La p\u00eache \u00e0 Madagascar dans toute sa splendeur, \u00e9norme GT prise au popper \u00e0 Nosy Mitsio\" title=\"Enorme carangue \u00e0 Nosy Mitsio\"><\/noscript><\/sr7-bg>\n\t\t\t\t\t\t\t<h2 id=\"SR7_89_1-1074-2\" class=\"sr7-layer\">Il popping, la tecnica regina<\/h2>\n\t\t\t\t\t\t\t<h3 id=\"SR7_89_1-1074-3\" class=\"sr7-layer\">Capo San Sebastiano l\u2019Indomabile<\/h3>\n\t\t\t\t\t\t\t<p id=\"SR7_89_1-1074-4\" class=\"sr7-layer\">dei banchi corallini. Spettacolare ed efficace, il popping \u00e8 un\u2019arma indispensabile per il big game fishing in Madagascar.\nIntorno a Nosy Mitsio e al Capo San Sebastiano, questa tecnica di pesca sportiva scatena gli attacchi fulminei delle carangidi giganti e di altri predatori di superficie.\nPotenza, adrenalina e precisione : il popping rappresenta l\u2019essenza stessa della pesca sportiva in Madagascar.\n<\/p>\n\t\t\t\t\t\t<\/sr7-slide>\n\t\t\t\t\t\t<sr7-slide id=\"SR7_89_1-1091\" data-key=\"1091\">\n\t\t\t\t\t\t\t<sr7-bg id=\"SR7_89_1-1091-slidebg\" class=\"sr7-layer\"><noscript><img decoding=\"async\" src=\"https:\/\/nosyberevesdepeche.com\/wp-content\/uploads\/peche-madagascar-mitsio-gros-merou-1.webp\" alt=\"Un superbe m\u00e9rou captur\u00e9 au Cap san S\u00e9bastien, Madagascar\" title=\"M\u00e9rou \u00e0 Madagascar\"><\/noscript><\/sr7-bg>\n\t\t\t\t\t\t\t<h2 id=\"SR7_89_1-1091-2\" class=\"sr7-layer\">Una variet\u00e0 molto ampia<\/h2>\n\t\t\t\t\t\t\t<h3 id=\"SR7_89_1-1091-3\" class=\"sr7-layer\">Capo San Sebastiano l\u2019Indomabile<\/h3>\n\t\t\t\t\t\t\t<p id=\"SR7_89_1-1091-4\" class=\"sr7-layer\">di pesci caratterizza Capo San Sebastiano, vero gioiello del big game fishing e della pesca sportiva in Madagascar. In popping come in jigging, non si sa mai quale specie attaccher\u00e0 l\u2019esca : GT, cernia, barracuda, wahoo, tonno dente di cane\u2026 marlin non escluso !<\/p>\n\t\t\t\t\t\t<\/sr7-slide>\n\t\t\t\t\t\t<sr7-slide id=\"SR7_89_1-738\" data-key=\"738\">\n\t\t\t\t\t\t<\/sr7-slide>\n\t\t\t\t\t<\/sr7-content>\n\t\t\t\t<\/sr7-module>\n\t\t\t\t<script>\n\t\t\t\t\tSR7.PMH ??={}; SR7.PMH[\"SR7_89_1\"] = {cn:100,state:false,fn: function() { if (_tpt!==undefined && _tpt.prepareModuleHeight !== undefined) {  _tpt.prepareModuleHeight({id:\"SR7_89_1\",el:[800,700,600,600],type:'standard',shdw:'0',gh:[800,700,600,600],gw:[1200,1024,778,480],vpt:['-200px'],size:{fullWidth:true, fullHeight:false},mh:'0',onh:0,onw:0,bg:{color:'transparent'},plType:'-1',plColor:'#FFFFFF'});   SR7.PMH[\"SR7_89_1\"].state=true;} else if(SR7.PMH[\"SR7_89_1\"].cn-->0)\tsetTimeout( SR7.PMH[\"SR7_89_1\"].fn,19);}};SR7.PMH[\"SR7_89_1\" ].fn();\n\t\t\t\t<\/script>\n<\/div>\n\t\t\t\t\t\t<\/div>\n\t\t\t\t<\/div>\n\t\t\t\t\t<\/div>\n\t\t\t\t<\/div>\n\t\t<div class=\"elementor-element elementor-element-a492836 e-flex e-con-boxed elementor-invisible e-con e-parent\" data-id=\"a492836\" data-element_type=\"container\" data-e-type=\"container\" data-settings=\"{&quot;animation&quot;:&quot;slideInUp&quot;,&quot;animation_delay&quot;:200}\">\n\t\t\t\t\t<div class=\"e-con-inner\">\n\t\t\t\t<div class=\"elementor-element elementor-element-f7c6119 elementor-widget__width-initial elementor-widget elementor-widget-text-editor\" data-id=\"f7c6119\" data-element_type=\"widget\" data-e-type=\"widget\" data-widget_type=\"text-editor.default\">\n\t\t\t\t<div class=\"elementor-widget-container\">\n\t\t\t\t\t\t\t\t\t<p>A circa 3 ore a nord di Nosy Be, un paradiso per la pesca sportiva e il big game fishing in Madagascar.<\/p><p><span style=\"color: #003366; font-weight: bold;\">I nostri viaggi di pesca da Nosy Be<\/span> includono i trasferimenti da e per Nosy Mitsio, il noleggio della barca con un equipaggio locale esperto, il carburante, la pensione completa in bungalow sulla spiaggia e l\u2019acqua in bottiglia.<\/p><p>Dalla nostra base a <a href=\"https:\/\/nosyberevesdepeche.com\/it\/pesca-madagascar-nosy-mitsio\/\">Nosy Mitsio<\/a> e grazie a <strong>una significativa riserva di carburante<\/strong>, raggiungiamo Capo San Sebastiano per combattimenti memorabili.<\/p>\t\t\t\t\t\t\t\t<\/div>\n\t\t\t\t<\/div>\n\t\t\t\t\t<\/div>\n\t\t\t\t<\/div>\n\t\t\t\t<\/div>\n\t\t","protected":false},"excerpt":{"rendered":"<p>Mitico Capo San Sebastiano, punto di riferimento per la pesca sportiva in Madagascar A circa 3 ore a nord di Nosy Be, un paradiso per la pesca sportiva e il&#8230;<\/p>\n","protected":false},"author":1,"featured_media":17587,"parent":0,"menu_order":0,"comment_status":"closed","ping_status":"closed","template":"elementor_header_footer","meta":{"footnotes":""},"class_list":["post-8082","page","type-page","status-publish","has-post-thumbnail"],"yoast_head":"<!-- This site is optimized with the Yoast SEO plugin v27.4 - https:\/\/yoast.com\/product\/yoast-seo-wordpress\/ -->\n<title>Paradiso per la pesca sportiva in Madagascar - Sogni di Pesca a Nosy Be<\/title>\n<meta name=\"description\" content=\"Un destino m\u00edtico para la pesca deportiva, el Cabo San Sebasti\u00e1n promete combates memorables. Accesible desde Nosy Mitsio.\" \/>\n<meta name=\"robots\" content=\"index, follow, max-snippet:-1, max-image-preview:large, max-video-preview:-1\" \/>\n<link rel=\"canonical\" href=\"https:\/\/nosyberevesdepeche.com\/it\/pesca-madagascar-capo-san-sebastiano\/\" \/>\n<meta property=\"og:locale\" content=\"it_IT\" \/>\n<meta property=\"og:type\" content=\"article\" \/>\n<meta property=\"og:title\" content=\"Paradiso per la pesca sportiva in Madagascar - Sogni di Pesca a Nosy Be\" \/>\n<meta property=\"og:description\" content=\"Un destino m\u00edtico para la pesca deportiva, el Cabo San Sebasti\u00e1n promete combates memorables. Accesible desde Nosy Mitsio.\" \/>\n<meta property=\"og:url\" content=\"https:\/\/nosyberevesdepeche.com\/it\/pesca-madagascar-capo-san-sebastiano\/\" \/>\n<meta property=\"og:site_name\" content=\"Sogni di Pesca a Nosy Be\" \/>\n<meta property=\"article:publisher\" content=\"https:\/\/www.facebook.com\/nosyberevesdepeche\" \/>\n<meta property=\"article:modified_time\" content=\"2026-02-05T04:13:32+00:00\" \/>\n<meta property=\"og:image\" content=\"https:\/\/nosyberevesdepeche.com\/wp-content\/uploads\/cap-san-sebastien-merou-scaled-e1747659694607.webp\" \/>\n\t<meta property=\"og:image:width\" content=\"2560\" \/>\n\t<meta property=\"og:image:height\" content=\"1440\" \/>\n\t<meta property=\"og:image:type\" content=\"image\/webp\" \/>\n<meta name=\"twitter:card\" content=\"summary_large_image\" \/>\n<meta name=\"twitter:label1\" content=\"Tempo di lettura stimato\" \/>\n\t<meta name=\"twitter:data1\" content=\"1 minuto\" \/>\n<script type=\"application\/ld+json\" class=\"yoast-schema-graph\">{\"@context\":\"https:\\\/\\\/schema.org\",\"@graph\":[{\"@type\":\"WebPage\",\"@id\":\"https:\\\/\\\/nosyberevesdepeche.com\\\/it\\\/pesca-madagascar-capo-san-sebastiano\\\/\",\"url\":\"https:\\\/\\\/nosyberevesdepeche.com\\\/it\\\/pesca-madagascar-capo-san-sebastiano\\\/\",\"name\":\"Paradiso per la pesca sportiva in Madagascar - Sogni di Pesca a Nosy Be\",\"isPartOf\":{\"@id\":\"https:\\\/\\\/nosyberevesdepeche.com\\\/it\\\/#website\"},\"primaryImageOfPage\":{\"@id\":\"https:\\\/\\\/nosyberevesdepeche.com\\\/it\\\/pesca-madagascar-capo-san-sebastiano\\\/#primaryimage\"},\"image\":{\"@id\":\"https:\\\/\\\/nosyberevesdepeche.com\\\/it\\\/pesca-madagascar-capo-san-sebastiano\\\/#primaryimage\"},\"thumbnailUrl\":\"https:\\\/\\\/nosyberevesdepeche.com\\\/wp-content\\\/uploads\\\/cap-san-sebastien-merou-scaled-e1747659694607.webp\",\"datePublished\":\"2025-01-12T13:57:33+00:00\",\"dateModified\":\"2026-02-05T04:13:32+00:00\",\"description\":\"Un destino m\u00edtico para la pesca deportiva, el Cabo San Sebasti\u00e1n promete combates memorables. Accesible desde Nosy Mitsio.\",\"breadcrumb\":{\"@id\":\"https:\\\/\\\/nosyberevesdepeche.com\\\/it\\\/pesca-madagascar-capo-san-sebastiano\\\/#breadcrumb\"},\"inLanguage\":\"it-IT\",\"potentialAction\":[{\"@type\":\"ReadAction\",\"target\":[\"https:\\\/\\\/nosyberevesdepeche.com\\\/it\\\/pesca-madagascar-capo-san-sebastiano\\\/\"]}]},{\"@type\":\"ImageObject\",\"inLanguage\":\"it-IT\",\"@id\":\"https:\\\/\\\/nosyberevesdepeche.com\\\/it\\\/pesca-madagascar-capo-san-sebastiano\\\/#primaryimage\",\"url\":\"https:\\\/\\\/nosyberevesdepeche.com\\\/wp-content\\\/uploads\\\/cap-san-sebastien-merou-scaled-e1747659694607.webp\",\"contentUrl\":\"https:\\\/\\\/nosyberevesdepeche.com\\\/wp-content\\\/uploads\\\/cap-san-sebastien-merou-scaled-e1747659694607.webp\",\"width\":2560,\"height\":1440,\"caption\":\"Pesca a jigging e cattura di una cernia celeste al Capo San Sebastiano, poi rilasciata nell\u2019ambito di una pesca responsabile\"},{\"@type\":\"BreadcrumbList\",\"@id\":\"https:\\\/\\\/nosyberevesdepeche.com\\\/it\\\/pesca-madagascar-capo-san-sebastiano\\\/#breadcrumb\",\"itemListElement\":[{\"@type\":\"ListItem\",\"position\":1,\"name\":\"Accueil\",\"item\":\"https:\\\/\\\/nosyberevesdepeche.com\\\/it\\\/\"},{\"@type\":\"ListItem\",\"position\":2,\"name\":\"Capo San Sebastiano\"}]},{\"@type\":\"WebSite\",\"@id\":\"https:\\\/\\\/nosyberevesdepeche.com\\\/it\\\/#website\",\"url\":\"https:\\\/\\\/nosyberevesdepeche.com\\\/it\\\/\",\"name\":\"Nosy Be R\u00eaves de P\u00eache\",\"description\":\"Pesca sportiva e big game fishing in Madagascar, da Nosy Be\",\"publisher\":{\"@id\":\"https:\\\/\\\/nosyberevesdepeche.com\\\/it\\\/#organization\"},\"potentialAction\":[{\"@type\":\"SearchAction\",\"target\":{\"@type\":\"EntryPoint\",\"urlTemplate\":\"https:\\\/\\\/nosyberevesdepeche.com\\\/it\\\/?s={search_term_string}\"},\"query-input\":{\"@type\":\"PropertyValueSpecification\",\"valueRequired\":true,\"valueName\":\"search_term_string\"}}],\"inLanguage\":\"it-IT\"},{\"@type\":\"Organization\",\"@id\":\"https:\\\/\\\/nosyberevesdepeche.com\\\/it\\\/#organization\",\"name\":\"Nosy Be R\u00eaves de P\u00eache\",\"url\":\"https:\\\/\\\/nosyberevesdepeche.com\\\/it\\\/\",\"logo\":{\"@type\":\"ImageObject\",\"inLanguage\":\"it-IT\",\"@id\":\"https:\\\/\\\/nosyberevesdepeche.com\\\/it\\\/#\\\/schema\\\/logo\\\/image\\\/\",\"url\":\"https:\\\/\\\/nosyberevesdepeche.com\\\/wp-content\\\/uploads\\\/sejour-cap-san-sebastien.jpg\",\"contentUrl\":\"https:\\\/\\\/nosyberevesdepeche.com\\\/wp-content\\\/uploads\\\/sejour-cap-san-sebastien.jpg\",\"width\":2048,\"height\":1542,\"caption\":\"Nosy Be R\u00eaves de P\u00eache\"},\"image\":{\"@id\":\"https:\\\/\\\/nosyberevesdepeche.com\\\/it\\\/#\\\/schema\\\/logo\\\/image\\\/\"},\"sameAs\":[\"https:\\\/\\\/www.facebook.com\\\/nosyberevesdepeche\",\"https:\\\/\\\/www.youtube.com\\\/@NosyBeRevesdePeche\",\"https:\\\/\\\/www.instagram.com\\\/nosyberevesdepeche\\\/\",\"https:\\\/\\\/www.tiktok.com\\\/@nosy_be_reves_de_peche\"]}]}<\/script>\n<!-- \/ Yoast SEO plugin. -->","yoast_head_json":{"title":"Paradiso per la pesca sportiva in Madagascar - Sogni di Pesca a Nosy Be","description":"Un destino m\u00edtico para la pesca deportiva, el Cabo San Sebasti\u00e1n promete combates memorables. Accesible desde Nosy Mitsio.","robots":{"index":"index","follow":"follow","max-snippet":"max-snippet:-1","max-image-preview":"max-image-preview:large","max-video-preview":"max-video-preview:-1"},"canonical":"https:\/\/nosyberevesdepeche.com\/it\/pesca-madagascar-capo-san-sebastiano\/","og_locale":"it_IT","og_type":"article","og_title":"Paradiso per la pesca sportiva in Madagascar - Sogni di Pesca a Nosy Be","og_description":"Un destino m\u00edtico para la pesca deportiva, el Cabo San Sebasti\u00e1n promete combates memorables. Accesible desde Nosy Mitsio.","og_url":"https:\/\/nosyberevesdepeche.com\/it\/pesca-madagascar-capo-san-sebastiano\/","og_site_name":"Sogni di Pesca a Nosy Be","article_publisher":"https:\/\/www.facebook.com\/nosyberevesdepeche","article_modified_time":"2026-02-05T04:13:32+00:00","og_image":[{"width":2560,"height":1440,"url":"https:\/\/nosyberevesdepeche.com\/wp-content\/uploads\/cap-san-sebastien-merou-scaled-e1747659694607.webp","type":"image\/webp"}],"twitter_card":"summary_large_image","twitter_misc":{"Tempo di lettura stimato":"1 minuto"},"schema":{"@context":"https:\/\/schema.org","@graph":[{"@type":"WebPage","@id":"https:\/\/nosyberevesdepeche.com\/it\/pesca-madagascar-capo-san-sebastiano\/","url":"https:\/\/nosyberevesdepeche.com\/it\/pesca-madagascar-capo-san-sebastiano\/","name":"Paradiso per la pesca sportiva in Madagascar - Sogni di Pesca a Nosy Be","isPartOf":{"@id":"https:\/\/nosyberevesdepeche.com\/it\/#website"},"primaryImageOfPage":{"@id":"https:\/\/nosyberevesdepeche.com\/it\/pesca-madagascar-capo-san-sebastiano\/#primaryimage"},"image":{"@id":"https:\/\/nosyberevesdepeche.com\/it\/pesca-madagascar-capo-san-sebastiano\/#primaryimage"},"thumbnailUrl":"https:\/\/nosyberevesdepeche.com\/wp-content\/uploads\/cap-san-sebastien-merou-scaled-e1747659694607.webp","datePublished":"2025-01-12T13:57:33+00:00","dateModified":"2026-02-05T04:13:32+00:00","description":"Un destino m\u00edtico para la pesca deportiva, el Cabo San Sebasti\u00e1n promete combates memorables. Accesible desde Nosy Mitsio.","breadcrumb":{"@id":"https:\/\/nosyberevesdepeche.com\/it\/pesca-madagascar-capo-san-sebastiano\/#breadcrumb"},"inLanguage":"it-IT","potentialAction":[{"@type":"ReadAction","target":["https:\/\/nosyberevesdepeche.com\/it\/pesca-madagascar-capo-san-sebastiano\/"]}]},{"@type":"ImageObject","inLanguage":"it-IT","@id":"https:\/\/nosyberevesdepeche.com\/it\/pesca-madagascar-capo-san-sebastiano\/#primaryimage","url":"https:\/\/nosyberevesdepeche.com\/wp-content\/uploads\/cap-san-sebastien-merou-scaled-e1747659694607.webp","contentUrl":"https:\/\/nosyberevesdepeche.com\/wp-content\/uploads\/cap-san-sebastien-merou-scaled-e1747659694607.webp","width":2560,"height":1440,"caption":"Pesca a jigging e cattura di una cernia celeste al Capo San Sebastiano, poi rilasciata nell\u2019ambito di una pesca responsabile"},{"@type":"BreadcrumbList","@id":"https:\/\/nosyberevesdepeche.com\/it\/pesca-madagascar-capo-san-sebastiano\/#breadcrumb","itemListElement":[{"@type":"ListItem","position":1,"name":"Accueil","item":"https:\/\/nosyberevesdepeche.com\/it\/"},{"@type":"ListItem","position":2,"name":"Capo San Sebastiano"}]},{"@type":"WebSite","@id":"https:\/\/nosyberevesdepeche.com\/it\/#website","url":"https:\/\/nosyberevesdepeche.com\/it\/","name":"Nosy Be R\u00eaves de P\u00eache","description":"Pesca sportiva e big game fishing in Madagascar, da Nosy Be","publisher":{"@id":"https:\/\/nosyberevesdepeche.com\/it\/#organization"},"potentialAction":[{"@type":"SearchAction","target":{"@type":"EntryPoint","urlTemplate":"https:\/\/nosyberevesdepeche.com\/it\/?s={search_term_string}"},"query-input":{"@type":"PropertyValueSpecification","valueRequired":true,"valueName":"search_term_string"}}],"inLanguage":"it-IT"},{"@type":"Organization","@id":"https:\/\/nosyberevesdepeche.com\/it\/#organization","name":"Nosy Be R\u00eaves de P\u00eache","url":"https:\/\/nosyberevesdepeche.com\/it\/","logo":{"@type":"ImageObject","inLanguage":"it-IT","@id":"https:\/\/nosyberevesdepeche.com\/it\/#\/schema\/logo\/image\/","url":"https:\/\/nosyberevesdepeche.com\/wp-content\/uploads\/sejour-cap-san-sebastien.jpg","contentUrl":"https:\/\/nosyberevesdepeche.com\/wp-content\/uploads\/sejour-cap-san-sebastien.jpg","width":2048,"height":1542,"caption":"Nosy Be R\u00eaves de P\u00eache"},"image":{"@id":"https:\/\/nosyberevesdepeche.com\/it\/#\/schema\/logo\/image\/"},"sameAs":["https:\/\/www.facebook.com\/nosyberevesdepeche","https:\/\/www.youtube.com\/@NosyBeRevesdePeche","https:\/\/www.instagram.com\/nosyberevesdepeche\/","https:\/\/www.tiktok.com\/@nosy_be_reves_de_peche"]}]}},"_links":{"self":[{"href":"https:\/\/nosyberevesdepeche.com\/it\/wp-json\/wp\/v2\/pages\/8082","targetHints":{"allow":["GET"]}}],"collection":[{"href":"https:\/\/nosyberevesdepeche.com\/it\/wp-json\/wp\/v2\/pages"}],"about":[{"href":"https:\/\/nosyberevesdepeche.com\/it\/wp-json\/wp\/v2\/types\/page"}],"author":[{"embeddable":true,"href":"https:\/\/nosyberevesdepeche.com\/it\/wp-json\/wp\/v2\/users\/1"}],"replies":[{"embeddable":true,"href":"https:\/\/nosyberevesdepeche.com\/it\/wp-json\/wp\/v2\/comments?post=8082"}],"version-history":[{"count":40,"href":"https:\/\/nosyberevesdepeche.com\/it\/wp-json\/wp\/v2\/pages\/8082\/revisions"}],"predecessor-version":[{"id":30413,"href":"https:\/\/nosyberevesdepeche.com\/it\/wp-json\/wp\/v2\/pages\/8082\/revisions\/30413"}],"wp:featuredmedia":[{"embeddable":true,"href":"https:\/\/nosyberevesdepeche.com\/it\/wp-json\/wp\/v2\/media\/17587"}],"wp:attachment":[{"href":"https:\/\/nosyberevesdepeche.com\/it\/wp-json\/wp\/v2\/media?parent=8082"}],"curies":[{"name":"wp","href":"https:\/\/api.w.org\/{rel}","templated":true}]}}