{"id":8365,"date":"2025-02-08T17:45:48","date_gmt":"2025-02-08T16:45:48","guid":{"rendered":"https:\/\/nosyberevesdepeche.com\/index.php\/politica-de-privacidad\/"},"modified":"2025-06-22T08:31:21","modified_gmt":"2025-06-22T06:31:21","slug":"politica-de-privacidad","status":"publish","type":"page","link":"https:\/\/nosyberevesdepeche.com\/es\/politica-de-privacidad\/","title":{"rendered":"Pol\u00edtica de Privacidad"},"content":{"rendered":"\t\t<div data-elementor-type=\"wp-page\" data-elementor-id=\"8365\" class=\"elementor elementor-8365 elementor-7482\" data-elementor-post-type=\"page\">\n\t\t\t\t<div class=\"elementor-element elementor-element-be1a867 e-flex e-con-boxed e-con e-parent\" data-id=\"be1a867\" data-element_type=\"container\" data-e-type=\"container\">\n\t\t\t\t\t<div class=\"e-con-inner\">\n\t\t\t\t<div class=\"elementor-element elementor-element-93c8550 elementor-widget elementor-widget-heading\" data-id=\"93c8550\" data-element_type=\"widget\" data-e-type=\"widget\" data-widget_type=\"heading.default\">\n\t\t\t\t<div class=\"elementor-widget-container\">\n\t\t\t\t\t<h1 class=\"elementor-heading-title elementor-size-default\">Pol\u00edtica de Privacidad<\/h1>\t\t\t\t<\/div>\n\t\t\t\t<\/div>\n\t\t\t\t\t<\/div>\n\t\t\t\t<\/div>\n\t\t<div class=\"elementor-element elementor-element-950a79f e-flex e-con-boxed e-con e-parent\" data-id=\"950a79f\" data-element_type=\"container\" data-e-type=\"container\">\n\t\t\t\t\t<div class=\"e-con-inner\">\n\t\t\t\t<div class=\"elementor-element elementor-element-ea0ac6e elementor-widget__width-initial elementor-widget elementor-widget-text-editor\" data-id=\"ea0ac6e\" data-element_type=\"widget\" data-e-type=\"widget\" data-widget_type=\"text-editor.default\">\n\t\t\t\t<div class=\"elementor-widget-container\">\n\t\t\t\t\t\t\t\t\t<p>La protecci\u00f3n de tus datos personales es una prioridad para Nosy Be R\u00eaves de P\u00eache. Esta pol\u00edtica explica c\u00f3mo recogemos, utilizamos y protegemos tu informaci\u00f3n. <\/p><ol><li><h3>Datos recogidos<\/h3><\/li><\/ol><p>Recogemos datos personales cuando :<\/p><ul><li>Rellena un formulario de contacto o solicita un presupuesto.<\/li><li>Ponte en contacto con nosotros directamente por correo electr\u00f3nico.<\/li><\/ul><p>Los datos recogidos pueden incluir :<\/p><ul><li>Apellido, nombre<\/li><li>Direcci\u00f3n de correo electr\u00f3nico<\/li><li>N\u00famero de tel\u00e9fono <\/li><li>Fechas de estancia preferidas<\/li><\/ul><ol start=\"2\"><li><h3>Finalidad de la recogida<\/h3><\/li><\/ol><p>Los datos recogidos se utilizan \u00fanicamente para :<\/p><ul><li>Responder a tus solicitudes de contacto o presupuestos.<\/li><li>Enviarte informaci\u00f3n sobre Nosy Be R\u00eaves de P\u00eache si lo solicitas.<\/li><\/ul><ol start=\"3\"><li><h3>Conservaci\u00f3n de datos<\/h3><\/li><\/ol><p>Los datos se conservan durante un m\u00e1ximo de 3 a\u00f1os a partir de la \u00faltima interacci\u00f3n contigo, a menos que la ley exija lo contrario.<\/p><ol start=\"4\"><li><h3>Compartir datos<\/h3><\/li><\/ol><p>Tus datos personales nunca se venden, intercambian ni alquilan a terceros. S\u00f3lo podr\u00e1n compartirse en los siguientes casos : <\/p><ul><li>Obligaciones legales : Si lo exige la ley.<\/li><li>Servicios t\u00e9cnicos : Empresa de alojamiento (Hostinger International Ltd) para gestionar el sitio web.<\/li><\/ul><ol start=\"5\"><li><h3>Seguridad de los datos<\/h3><\/li><\/ol><p>Tomamos todas las medidas necesarias para proteger tus datos contra el acceso, la modificaci\u00f3n, la divulgaci\u00f3n o la destrucci\u00f3n no autorizados.<\/p><ol start=\"6\"><li><h3>Tus derechos<\/h3><\/li><\/ol><p>De conformidad con la legislaci\u00f3n vigente en Madagascar y el RGPD europeo, tienes los siguientes derechos :<\/p><ul><li>Derecho de acceso : obtener una copia de tus datos personales.<\/li><li>Derecho de rectificaci\u00f3n : corregir tus datos si son inexactos.<\/li><li>Derecho de supresi\u00f3n : solicita la supresi\u00f3n de tus datos.<\/li><li>Derecho de oposici\u00f3n : oponerse a su utilizaci\u00f3n en determinados casos.<\/li><\/ul><p>Para ejercer estos derechos, ponte en contacto con nosotros en la siguiente direcci\u00f3n : contact@nosyberevesdepeche.com<\/p><ol start=\"7\"><li><h3>Cambios en la pol\u00edtica<\/h3><\/li><\/ol><p>Esta pol\u00edtica puede actualizarse en cualquier momento para reflejar cambios en la legislaci\u00f3n o en nuestras pr\u00e1cticas internas. Te recomendamos que la consultes con regularidad. <\/p><ol start=\"8\"><li><h3>Ponte en contacto con<\/h3><\/li><\/ol><p>Si tienes alguna pregunta sobre la gesti\u00f3n de tus datos personales, escr\u00edbenos a : contact@nosyberevesdepeche.com<\/p><p>Copyright \u00a9 Nosy Be R\u00eaves de P\u00eache &#8211; 2025. Todos los derechos reservados. <\/p>\t\t\t\t\t\t\t\t<\/div>\n\t\t\t\t<\/div>\n\t\t\t\t\t<\/div>\n\t\t\t\t<\/div>\n\t\t\t\t<\/div>\n\t\t","protected":false},"excerpt":{"rendered":"<p>Pol\u00edtica de Privacidad La protecci\u00f3n de tus datos personales es una prioridad para Nosy Be R\u00eaves de P\u00eache. Esta pol\u00edtica explica c\u00f3mo recogemos, utilizamos y protegemos tu informaci\u00f3n. Datos recogidos&#8230;<\/p>\n","protected":false},"author":1,"featured_media":0,"parent":0,"menu_order":0,"comment_status":"closed","ping_status":"closed","template":"elementor_header_footer","meta":{"footnotes":""},"class_list":["post-8365","page","type-page","status-publish"],"yoast_head":"<!-- This site is optimized with the Yoast SEO plugin v27.4 - https:\/\/yoast.com\/product\/yoast-seo-wordpress\/ -->\n<title>Pol\u00edtica de Privacidad - Sue\u00f1os de Pesca en Nosy Be<\/title>\n<meta name=\"robots\" content=\"index, follow, max-snippet:-1, max-image-preview:large, max-video-preview:-1\" \/>\n<link rel=\"canonical\" href=\"https:\/\/nosyberevesdepeche.com\/es\/politica-de-privacidad\/\" \/>\n<meta property=\"og:locale\" content=\"es_ES\" \/>\n<meta property=\"og:type\" content=\"article\" \/>\n<meta property=\"og:title\" content=\"Pol\u00edtica de Privacidad - Sue\u00f1os de Pesca en Nosy Be\" \/>\n<meta property=\"og:description\" content=\"Pol\u00edtica de Privacidad La protecci\u00f3n de tus datos personales es una prioridad para Nosy Be R\u00eaves de P\u00eache. Esta pol\u00edtica explica c\u00f3mo recogemos, utilizamos y protegemos tu informaci\u00f3n. Datos recogidos...\" \/>\n<meta property=\"og:url\" content=\"https:\/\/nosyberevesdepeche.com\/es\/politica-de-privacidad\/\" \/>\n<meta property=\"og:site_name\" content=\"Sue\u00f1os de Pesca en Nosy Be\" \/>\n<meta property=\"article:publisher\" content=\"https:\/\/www.facebook.com\/nosyberevesdepeche\" \/>\n<meta property=\"article:modified_time\" content=\"2025-06-22T06:31:21+00:00\" \/>\n<meta property=\"og:image\" content=\"https:\/\/nosyberevesdepeche.com\/wp-content\/uploads\/sejour-cap-san-sebastien.jpg\" \/>\n\t<meta property=\"og:image:width\" content=\"2048\" \/>\n\t<meta property=\"og:image:height\" content=\"1542\" \/>\n\t<meta property=\"og:image:type\" content=\"image\/jpeg\" \/>\n<meta name=\"twitter:card\" content=\"summary_large_image\" \/>\n<meta name=\"twitter:label1\" content=\"Tiempo de lectura\" \/>\n\t<meta name=\"twitter:data1\" content=\"2 minutos\" \/>\n<script type=\"application\/ld+json\" class=\"yoast-schema-graph\">{\"@context\":\"https:\\\/\\\/schema.org\",\"@graph\":[{\"@type\":\"WebPage\",\"@id\":\"https:\\\/\\\/nosyberevesdepeche.com\\\/es\\\/politica-de-privacidad\\\/\",\"url\":\"https:\\\/\\\/nosyberevesdepeche.com\\\/es\\\/politica-de-privacidad\\\/\",\"name\":\"Pol\u00edtica de Privacidad - Sue\u00f1os de Pesca en Nosy Be\",\"isPartOf\":{\"@id\":\"https:\\\/\\\/nosyberevesdepeche.com\\\/es\\\/#website\"},\"datePublished\":\"2025-02-08T16:45:48+00:00\",\"dateModified\":\"2025-06-22T06:31:21+00:00\",\"breadcrumb\":{\"@id\":\"https:\\\/\\\/nosyberevesdepeche.com\\\/es\\\/politica-de-privacidad\\\/#breadcrumb\"},\"inLanguage\":\"es\",\"potentialAction\":[{\"@type\":\"ReadAction\",\"target\":[\"https:\\\/\\\/nosyberevesdepeche.com\\\/es\\\/politica-de-privacidad\\\/\"]}]},{\"@type\":\"BreadcrumbList\",\"@id\":\"https:\\\/\\\/nosyberevesdepeche.com\\\/es\\\/politica-de-privacidad\\\/#breadcrumb\",\"itemListElement\":[{\"@type\":\"ListItem\",\"position\":1,\"name\":\"Accueil\",\"item\":\"https:\\\/\\\/nosyberevesdepeche.com\\\/es\\\/\"},{\"@type\":\"ListItem\",\"position\":2,\"name\":\"Pol\u00edtica de Privacidad\"}]},{\"@type\":\"WebSite\",\"@id\":\"https:\\\/\\\/nosyberevesdepeche.com\\\/es\\\/#website\",\"url\":\"https:\\\/\\\/nosyberevesdepeche.com\\\/es\\\/\",\"name\":\"Nosy Be R\u00eaves de P\u00eache\",\"description\":\"Pesca deportiva y big game fishing en Madagascar, desde Nosy Be\",\"publisher\":{\"@id\":\"https:\\\/\\\/nosyberevesdepeche.com\\\/es\\\/#organization\"},\"potentialAction\":[{\"@type\":\"SearchAction\",\"target\":{\"@type\":\"EntryPoint\",\"urlTemplate\":\"https:\\\/\\\/nosyberevesdepeche.com\\\/es\\\/?s={search_term_string}\"},\"query-input\":{\"@type\":\"PropertyValueSpecification\",\"valueRequired\":true,\"valueName\":\"search_term_string\"}}],\"inLanguage\":\"es\"},{\"@type\":\"Organization\",\"@id\":\"https:\\\/\\\/nosyberevesdepeche.com\\\/es\\\/#organization\",\"name\":\"Nosy Be R\u00eaves de P\u00eache\",\"url\":\"https:\\\/\\\/nosyberevesdepeche.com\\\/es\\\/\",\"logo\":{\"@type\":\"ImageObject\",\"inLanguage\":\"es\",\"@id\":\"https:\\\/\\\/nosyberevesdepeche.com\\\/es\\\/#\\\/schema\\\/logo\\\/image\\\/\",\"url\":\"https:\\\/\\\/nosyberevesdepeche.com\\\/wp-content\\\/uploads\\\/sejour-cap-san-sebastien.jpg\",\"contentUrl\":\"https:\\\/\\\/nosyberevesdepeche.com\\\/wp-content\\\/uploads\\\/sejour-cap-san-sebastien.jpg\",\"width\":2048,\"height\":1542,\"caption\":\"Nosy Be R\u00eaves de P\u00eache\"},\"image\":{\"@id\":\"https:\\\/\\\/nosyberevesdepeche.com\\\/es\\\/#\\\/schema\\\/logo\\\/image\\\/\"},\"sameAs\":[\"https:\\\/\\\/www.facebook.com\\\/nosyberevesdepeche\",\"https:\\\/\\\/www.youtube.com\\\/@NosyBeRevesdePeche\",\"https:\\\/\\\/www.instagram.com\\\/nosyberevesdepeche\\\/\",\"https:\\\/\\\/www.tiktok.com\\\/@nosy_be_reves_de_peche\"]}]}<\/script>\n<!-- \/ Yoast SEO plugin. -->","yoast_head_json":{"title":"Pol\u00edtica de Privacidad - Sue\u00f1os de Pesca en Nosy Be","robots":{"index":"index","follow":"follow","max-snippet":"max-snippet:-1","max-image-preview":"max-image-preview:large","max-video-preview":"max-video-preview:-1"},"canonical":"https:\/\/nosyberevesdepeche.com\/es\/politica-de-privacidad\/","og_locale":"es_ES","og_type":"article","og_title":"Pol\u00edtica de Privacidad - Sue\u00f1os de Pesca en Nosy Be","og_description":"Pol\u00edtica de Privacidad La protecci\u00f3n de tus datos personales es una prioridad para Nosy Be R\u00eaves de P\u00eache. Esta pol\u00edtica explica c\u00f3mo recogemos, utilizamos y protegemos tu informaci\u00f3n. Datos recogidos...","og_url":"https:\/\/nosyberevesdepeche.com\/es\/politica-de-privacidad\/","og_site_name":"Sue\u00f1os de Pesca en Nosy Be","article_publisher":"https:\/\/www.facebook.com\/nosyberevesdepeche","article_modified_time":"2025-06-22T06:31:21+00:00","og_image":[{"width":2048,"height":1542,"url":"https:\/\/nosyberevesdepeche.com\/wp-content\/uploads\/sejour-cap-san-sebastien.jpg","type":"image\/jpeg"}],"twitter_card":"summary_large_image","twitter_misc":{"Tiempo de lectura":"2 minutos"},"schema":{"@context":"https:\/\/schema.org","@graph":[{"@type":"WebPage","@id":"https:\/\/nosyberevesdepeche.com\/es\/politica-de-privacidad\/","url":"https:\/\/nosyberevesdepeche.com\/es\/politica-de-privacidad\/","name":"Pol\u00edtica de Privacidad - Sue\u00f1os de Pesca en Nosy Be","isPartOf":{"@id":"https:\/\/nosyberevesdepeche.com\/es\/#website"},"datePublished":"2025-02-08T16:45:48+00:00","dateModified":"2025-06-22T06:31:21+00:00","breadcrumb":{"@id":"https:\/\/nosyberevesdepeche.com\/es\/politica-de-privacidad\/#breadcrumb"},"inLanguage":"es","potentialAction":[{"@type":"ReadAction","target":["https:\/\/nosyberevesdepeche.com\/es\/politica-de-privacidad\/"]}]},{"@type":"BreadcrumbList","@id":"https:\/\/nosyberevesdepeche.com\/es\/politica-de-privacidad\/#breadcrumb","itemListElement":[{"@type":"ListItem","position":1,"name":"Accueil","item":"https:\/\/nosyberevesdepeche.com\/es\/"},{"@type":"ListItem","position":2,"name":"Pol\u00edtica de Privacidad"}]},{"@type":"WebSite","@id":"https:\/\/nosyberevesdepeche.com\/es\/#website","url":"https:\/\/nosyberevesdepeche.com\/es\/","name":"Nosy Be R\u00eaves de P\u00eache","description":"Pesca deportiva y big game fishing en Madagascar, desde Nosy Be","publisher":{"@id":"https:\/\/nosyberevesdepeche.com\/es\/#organization"},"potentialAction":[{"@type":"SearchAction","target":{"@type":"EntryPoint","urlTemplate":"https:\/\/nosyberevesdepeche.com\/es\/?s={search_term_string}"},"query-input":{"@type":"PropertyValueSpecification","valueRequired":true,"valueName":"search_term_string"}}],"inLanguage":"es"},{"@type":"Organization","@id":"https:\/\/nosyberevesdepeche.com\/es\/#organization","name":"Nosy Be R\u00eaves de P\u00eache","url":"https:\/\/nosyberevesdepeche.com\/es\/","logo":{"@type":"ImageObject","inLanguage":"es","@id":"https:\/\/nosyberevesdepeche.com\/es\/#\/schema\/logo\/image\/","url":"https:\/\/nosyberevesdepeche.com\/wp-content\/uploads\/sejour-cap-san-sebastien.jpg","contentUrl":"https:\/\/nosyberevesdepeche.com\/wp-content\/uploads\/sejour-cap-san-sebastien.jpg","width":2048,"height":1542,"caption":"Nosy Be R\u00eaves de P\u00eache"},"image":{"@id":"https:\/\/nosyberevesdepeche.com\/es\/#\/schema\/logo\/image\/"},"sameAs":["https:\/\/www.facebook.com\/nosyberevesdepeche","https:\/\/www.youtube.com\/@NosyBeRevesdePeche","https:\/\/www.instagram.com\/nosyberevesdepeche\/","https:\/\/www.tiktok.com\/@nosy_be_reves_de_peche"]}]}},"_links":{"self":[{"href":"https:\/\/nosyberevesdepeche.com\/es\/wp-json\/wp\/v2\/pages\/8365","targetHints":{"allow":["GET"]}}],"collection":[{"href":"https:\/\/nosyberevesdepeche.com\/es\/wp-json\/wp\/v2\/pages"}],"about":[{"href":"https:\/\/nosyberevesdepeche.com\/es\/wp-json\/wp\/v2\/types\/page"}],"author":[{"embeddable":true,"href":"https:\/\/nosyberevesdepeche.com\/es\/wp-json\/wp\/v2\/users\/1"}],"replies":[{"embeddable":true,"href":"https:\/\/nosyberevesdepeche.com\/es\/wp-json\/wp\/v2\/comments?post=8365"}],"version-history":[{"count":12,"href":"https:\/\/nosyberevesdepeche.com\/es\/wp-json\/wp\/v2\/pages\/8365\/revisions"}],"predecessor-version":[{"id":20336,"href":"https:\/\/nosyberevesdepeche.com\/es\/wp-json\/wp\/v2\/pages\/8365\/revisions\/20336"}],"wp:attachment":[{"href":"https:\/\/nosyberevesdepeche.com\/es\/wp-json\/wp\/v2\/media?parent=8365"}],"curies":[{"name":"wp","href":"https:\/\/api.w.org\/{rel}","templated":true}]}}