{"id":8298,"date":"2025-01-02T11:57:13","date_gmt":"2025-01-02T10:57:13","guid":{"rendered":"https:\/\/nosyberevesdepeche.com\/index.php\/pesca-archipielago-de-las-radamas\/"},"modified":"2026-02-05T05:14:30","modified_gmt":"2026-02-05T04:14:30","slug":"pesca-madagascar-archipielago-de-las-radama","status":"publish","type":"page","link":"https:\/\/nosyberevesdepeche.com\/es\/pesca-madagascar-archipielago-de-las-radama\/","title":{"rendered":"Archipi\u00e9lago de las Radama"},"content":{"rendered":"\t\t<div data-elementor-type=\"wp-page\" data-elementor-id=\"8298\" class=\"elementor elementor-8298 elementor-2090\" data-elementor-post-type=\"page\">\n\t\t\t\t<div class=\"elementor-element elementor-element-4b3ad14 animated-slow e-flex e-con-boxed elementor-invisible e-con e-parent\" data-id=\"4b3ad14\" data-element_type=\"container\" data-e-type=\"container\" data-settings=\"{&quot;animation&quot;:&quot;fadeIn&quot;,&quot;animation_delay&quot;:0}\">\n\t\t\t\t\t<div class=\"e-con-inner\">\n\t\t\t\t<div class=\"elementor-element elementor-element-bb17b94 elementor-widget__width-inherit elementor-widget elementor-widget-heading\" data-id=\"bb17b94\" data-element_type=\"widget\" data-e-type=\"widget\" data-widget_type=\"heading.default\">\n\t\t\t\t<div class=\"elementor-widget-container\">\n\t\t\t\t\t<h1 class=\"elementor-heading-title elementor-size-default\">Encantadoras Radama, destino emblem\u00e1tico para la pesca en Madagascar<\/h1>\t\t\t\t<\/div>\n\t\t\t\t<\/div>\n\t\t\t\t\t<\/div>\n\t\t\t\t<\/div>\n\t\t<div class=\"elementor-element elementor-element-e625756 e-flex e-con-boxed elementor-invisible e-con e-parent\" data-id=\"e625756\" data-element_type=\"container\" data-e-type=\"container\" data-settings=\"{&quot;animation&quot;:&quot;fadeIn&quot;}\">\n\t\t\t\t\t<div class=\"e-con-inner\">\n\t\t\t\t<div class=\"elementor-element elementor-element-27904d5 elementor-widget elementor-widget-shortcode\" data-id=\"27904d5\" data-element_type=\"widget\" data-e-type=\"widget\" data-widget_type=\"shortcode.default\">\n\t\t\t\t<div class=\"elementor-widget-container\">\n\t\t\t\t\t\t\t<div class=\"elementor-shortcode\">\n\t\t\t\t<p class=\"rs-p-wp-fix\"><\/p>\n\t\t\t\t<sr7-module data-alias=\"envoutantes-clean-news-slider\" data-id=\"101\" id=\"SR7_101_1\" data-version=\"6.7.41\">\n\t\t\t\t\t<sr7-adjuster><\/sr7-adjuster>\n\t\t\t\t\t<sr7-content>\n\t\t\t\t\t\t<sr7-slide id=\"SR7_101_1-356\" data-key=\"356\">\n\t\t\t\t\t\t\t<sr7-bg id=\"SR7_101_1-356-slidebg\" class=\"sr7-layer\"><noscript><img decoding=\"async\" src=\"https:\/\/nosyberevesdepeche.com\/wp-content\/uploads\/peche-madagascar-archipel-radama-zone-de-peche-e1764255382439.webp\" alt=\"L&#039;archipel des Radama, au sud de Nosy Be, est une destination incontournable pour la p\u00eache sportive \u00e0 Madagascar.\" title=\"Archipel des Radama : la zone de p\u00eache\"><\/noscript><\/sr7-bg>\n\t\t\t\t\t\t\t<h2 id=\"SR7_101_1-356-2\" class=\"sr7-layer\">La zona de pesca<\/h2>\n\t\t\t\t\t\t\t<p id=\"SR7_101_1-356-3\" class=\"sr7-layer\">Radama las Sublimes<\/p>\n\t\t\t\t\t\t\t<p id=\"SR7_101_1-356-4\" class=\"sr7-layer\">L\u2019arcipelago delle Radama, a sud di Nosy Be, \u00e8 una destinazione imperdibile per la pesca sportiva in Madagascar. Le sue acque ricche di pesci e variate ospitano un\u2019eccezionale biodiversit\u00e0 marina. Grazie a una riserva di carburante importante, ci arriviamo spesso durante le nostre uscite giornaliere da Nosy Be, pescando anche al largo della splendida isola di Nosy Iranja.<\/p>\n\t\t\t\t\t\t<\/sr7-slide>\n\t\t\t\t\t\t<sr7-slide id=\"SR7_101_1-358\" data-key=\"358\">\n\t\t\t\t\t\t\t<sr7-bg id=\"SR7_101_1-358-slidebg\" class=\"sr7-layer\"><noscript><img decoding=\"async\" src=\"https:\/\/nosyberevesdepeche.com\/wp-content\/uploads\/peche-madagascar-archipel-radama-techniques-de-peche.webp\" alt=\"Popping et jigging sont deux techniques tr\u00e8s efficaces pour la p\u00eache sportive dans l&#039;archipel des Radama, Madagascar.\" title=\"Archipel des Radama : les techniques de p\u00eache\"><\/noscript><\/sr7-bg>\n\t\t\t\t\t\t\t<h2 id=\"SR7_101_1-358-2\" class=\"sr7-layer\">Las t\u00e9cnicas de pesca<\/h2>\n\t\t\t\t\t\t\t<p id=\"SR7_101_1-358-3\" class=\"sr7-layer\">Radama las Sublimes<\/p>\n\t\t\t\t\t\t\t<p id=\"SR7_101_1-358-4\" class=\"sr7-layer\">son tan variadas como las especies encontradas. El popping es particularmente eficaz en las mesetas de coral para provocar ataques de car\u00e1ngidos gigantes, mientras que el jigging vertical en aguas profundas se dirige a depredadores como el at\u00fan de dientes de perro o las serviolas. La pesca al curric\u00e1n en zonas pel\u00e1gicas permite capturar peces vela y marlines.<\/p>\n\t\t\t\t\t\t<\/sr7-slide>\n\t\t\t\t\t\t<sr7-slide id=\"SR7_101_1-357\" data-key=\"357\">\n\t\t\t\t\t\t\t<sr7-bg id=\"SR7_101_1-357-slidebg\" class=\"sr7-layer\"><noscript><img decoding=\"async\" src=\"https:\/\/nosyberevesdepeche.com\/wp-content\/uploads\/peche-madagascar-archipel-des-radama-opportunites-uniques-1-e1764786016978.webp\" alt=\"L\u2019archipel des Radama \u00e0 Madagascar, pr\u00e9sente une diversit\u00e9 de poissons exceptionnelles pour des sorties de p\u00eache uniques.\" title=\"Archipel des Radama : opportunit\u00e9s uniques pour la p\u00eache\"><\/noscript><\/sr7-bg>\n\t\t\t\t\t\t\t<h2 id=\"SR7_101_1-357-2\" class=\"sr7-layer\">Oportunidades \u00fanicas<\/h2>\n\t\t\t\t\t\t\t<p id=\"SR7_101_1-357-3\" class=\"sr7-layer\">Radama las Sublimes<\/p>\n\t\t\t\t\t\t\t<p id=\"SR7_101_1-357-4\" class=\"sr7-layer\">para capturar especies emblem\u00e1ticas : car\u00e1ngidos gigantes, atunes de dientes de perro, atunes de aleta amarilla, peces vela, serviolas, caballas reales, barracudas y el santo grial de los pescadores deportivos, el marl\u00edn negro.<\/p>\n\t\t\t\t\t\t<\/sr7-slide>\n\t\t\t\t\t\t<sr7-slide id=\"SR7_101_1-359\" data-key=\"359\">\n\t\t\t\t\t\t\t<sr7-bg id=\"SR7_101_1-359-slidebg\" class=\"sr7-layer\"><noscript><img decoding=\"async\" src=\"https:\/\/nosyberevesdepeche.com\/wp-content\/uploads\/peche-madagascar-archipel-radama-carangue-gt-e1765637278889.webp\" alt=\"Notre \u00e9quipage ma\u00eetrise toutes les techniques de p\u00eache exotique \u00e0 Madagascar, et vous assistera en toute occasion.\" title=\"Archipel des Radama : expertise de l&#8217;\u00e9quipage\"><\/noscript><\/sr7-bg>\n\t\t\t\t\t\t\t<h2 id=\"SR7_101_1-359-2\" class=\"sr7-layer\">Gracias a la experiencia y dedicaci\u00f3n<\/h2>\n\t\t\t\t\t\t\t<p id=\"SR7_101_1-359-3\" class=\"sr7-layer\">Radama las Sublimes<\/p>\n\t\t\t\t\t\t\t<p id=\"SR7_101_1-359-4\" class=\"sr7-layer\">de nuestra tripulaci\u00f3n, los pescadores pueden alternar entre diferentes t\u00e9cnicas seg\u00fan las condiciones del d\u00eda para maximizar sus posibilidades de \u00e9xito. El archipi\u00e9lago de las Radama, con su rica fauna y sus desaf\u00edos t\u00e9cnicos, es un terreno de juego ideal para los apasionados de la pesca deportiva.<\/p>\n\t\t\t\t\t\t<\/sr7-slide>\n\t\t\t\t\t\t<sr7-slide id=\"SR7_101_1-361\" data-key=\"361\">\n\t\t\t\t\t\t\t<sr7-bg id=\"SR7_101_1-361-slidebg\" class=\"sr7-layer\"><noscript><img decoding=\"async\" src=\"https:\/\/nosyberevesdepeche.com\/wp-content\/uploads\/peche-madagascar-archipel-des-radama-popping-1-e1764787803819.webp\" alt=\"Le popping s&#039;impose comme la technique de p\u00eache reine sur les r\u00e9cifs coralliens des Radama \u00e0 Madagascar\" title=\"Archipel des Radama : p\u00eache sur les r\u00e9cifs coralliens\"><\/noscript><\/sr7-bg>\n\t\t\t\t\t\t\t<h2 id=\"SR7_101_1-361-2\" class=\"sr7-layer\">Sobre las mesetas coralinas<\/h2>\n\t\t\t\t\t\t\t<p id=\"SR7_101_1-361-3\" class=\"sr7-layer\">Radama las Sublimes<\/p>\n\t\t\t\t\t\t\t<p id=\"SR7_101_1-361-4\" class=\"sr7-layer\">de las Radama, el popping se impone como la t\u00e9cnica principal. En el coraz\u00f3n de las cacer\u00edas de peces fusileros se convierte en un arma formidable para desencadenar los ataques en superficie de las grandes GT, wahoo y barracudas.<\/p>\n\t\t\t\t\t\t<\/sr7-slide>\n\t\t\t\t\t\t<sr7-slide id=\"SR7_101_1-360\" data-key=\"360\">\n\t\t\t\t\t\t\t<sr7-bg id=\"SR7_101_1-360-slidebg\" class=\"sr7-layer\"><noscript><img decoding=\"async\" src=\"https:\/\/nosyberevesdepeche.com\/wp-content\/uploads\/peche-madagascar-archipel-radama-cadre-idylique-e1764779826659.webp\" alt=\"Baignade \u00e0 Nosy Iranja au retour de la p\u00eache dans l&#039;archipel des Radama, Madagascar\" title=\"Archipel des Radama : cadre idyllique\"><\/noscript><\/sr7-bg>\n\t\t\t\t\t\t\t<h2 id=\"SR7_101_1-360-2\" class=\"sr7-layer\">Un entorno id\u00edlico<\/h2>\n\t\t\t\t\t\t\t<p id=\"SR7_101_1-360-3\" class=\"sr7-layer\">Radama las Sublimes<\/p>\n\t\t\t\t\t\t\t<p id=\"SR7_101_1-360-4\" class=\"sr7-layer\">para un ba\u00f1o en las aguas turquesas de Nosy Iranja. \u00bf C\u00f3mo podr\u00eda coronarse mejor un d\u00eda intenso de pesca en el archipi\u00e9lago de las Radama ? Madagascar es m\u00e1gico.<\/p>\n\t\t\t\t\t\t<\/sr7-slide>\n\t\t\t\t\t\t<sr7-slide id=\"SR7_101_1-741\" data-key=\"741\">\n\t\t\t\t\t\t<\/sr7-slide>\n\t\t\t\t\t<\/sr7-content>\n\t\t\t\t<\/sr7-module>\n\t\t\t\t<script>\n\t\t\t\t\tSR7.PMH ??={}; SR7.PMH[\"SR7_101_1\"] = {cn:100,state:false,fn: function() { if (_tpt!==undefined && _tpt.prepareModuleHeight !== undefined) {  _tpt.prepareModuleHeight({id:\"SR7_101_1\",el:[800,600,600,450],type:'standard',shdw:'0',gh:[800,700,600,450],gw:[1200,1024,778,480],vpt:['-200px'],size:{fullWidth:true, fullHeight:false},mh:'0',onh:0,onw:0,bg:{color:'transparent'},plType:'-1',plColor:'#FFFFFF'});   SR7.PMH[\"SR7_101_1\"].state=true;} else if(SR7.PMH[\"SR7_101_1\"].cn-->0)\tsetTimeout( SR7.PMH[\"SR7_101_1\"].fn,19);}};SR7.PMH[\"SR7_101_1\" ].fn();\n\t\t\t\t<\/script>\n<\/div>\n\t\t\t\t\t\t<\/div>\n\t\t\t\t<\/div>\n\t\t\t\t\t<\/div>\n\t\t\t\t<\/div>\n\t\t<div class=\"elementor-element elementor-element-a1e5c9c e-flex e-con-boxed elementor-invisible e-con e-parent\" data-id=\"a1e5c9c\" data-element_type=\"container\" data-e-type=\"container\" data-settings=\"{&quot;animation&quot;:&quot;slideInUp&quot;,&quot;animation_delay&quot;:200}\">\n\t\t\t\t\t<div class=\"e-con-inner\">\n\t\t\t\t<div class=\"elementor-element elementor-element-4bb9a4e elementor-widget__width-initial elementor-widget elementor-widget-text-editor\" data-id=\"4bb9a4e\" data-element_type=\"widget\" data-e-type=\"widget\" data-settings=\"{&quot;_animation&quot;:&quot;none&quot;,&quot;_animation_delay&quot;:0}\" data-widget_type=\"text-editor.default\">\n\t\t\t\t<div class=\"elementor-widget-container\">\n\t\t\t\t\t\t\t\t\t<p>La pesca en Madagascar tiene uno de sus mayores tesoros en el archipi\u00e9lago de las Radama, situado a unos 80 km al sur de Nosy Be.<\/p><p>En nuestras <a href=\"https:\/\/nosyberevesdepeche.com\/es\/pesca-dia-nosy-be\/\">salidas de un d\u00eda<\/a> solemos iniciar la acci\u00f3n frente a Nosy Iranja antes de continuar hacia los bancos de las Radama, famosos por su densidad y diversidad de peces.<\/p>\t\t\t\t\t\t\t\t<\/div>\n\t\t\t\t<\/div>\n\t\t\t\t\t<\/div>\n\t\t\t\t<\/div>\n\t\t\t\t<\/div>\n\t\t","protected":false},"excerpt":{"rendered":"<p>Encantadoras Radama, destino emblem\u00e1tico para la pesca en Madagascar La pesca en Madagascar tiene uno de sus mayores tesoros en el archipi\u00e9lago de las Radama, situado a unos 80 km&#8230;<\/p>\n","protected":false},"author":1,"featured_media":26959,"parent":0,"menu_order":0,"comment_status":"closed","ping_status":"closed","template":"elementor_header_footer","meta":{"footnotes":""},"class_list":["post-8298","page","type-page","status-publish","has-post-thumbnail"],"yoast_head":"<!-- This site is optimized with the Yoast SEO plugin v27.4 - https:\/\/yoast.com\/product\/yoast-seo-wordpress\/ -->\n<title>Archipi\u00e9lago de las Radama, para\u00edso de la pesca en Madagascar - Sue\u00f1os de Pesca en Nosy Be<\/title>\n<meta name=\"description\" content=\"Descubra el magn\u00edfico Archipi\u00e9lago de las Radama, a unos 90 km al sur de Nosy Be, un para\u00edso para la pesca en Madagascar.\" \/>\n<meta name=\"robots\" content=\"index, follow, max-snippet:-1, max-image-preview:large, max-video-preview:-1\" \/>\n<link rel=\"canonical\" href=\"https:\/\/nosyberevesdepeche.com\/es\/pesca-madagascar-archipielago-de-las-radama\/\" \/>\n<meta property=\"og:locale\" content=\"es_ES\" \/>\n<meta property=\"og:type\" content=\"article\" \/>\n<meta property=\"og:title\" content=\"Archipi\u00e9lago de las Radama, para\u00edso de la pesca en Madagascar - Sue\u00f1os de Pesca en Nosy Be\" \/>\n<meta property=\"og:description\" content=\"Descubra el magn\u00edfico Archipi\u00e9lago de las Radama, a unos 90 km al sur de Nosy Be, un para\u00edso para la pesca en Madagascar.\" \/>\n<meta property=\"og:url\" content=\"https:\/\/nosyberevesdepeche.com\/es\/pesca-madagascar-archipielago-de-las-radama\/\" \/>\n<meta property=\"og:site_name\" content=\"Sue\u00f1os de Pesca en Nosy Be\" \/>\n<meta property=\"article:publisher\" content=\"https:\/\/www.facebook.com\/nosyberevesdepeche\" \/>\n<meta property=\"article:modified_time\" content=\"2026-02-05T04:14:30+00:00\" \/>\n<meta property=\"og:image\" content=\"https:\/\/nosyberevesdepeche.com\/wp-content\/uploads\/peche-madagascar-archipel-radama-page-e1764782155131.webp\" \/>\n\t<meta property=\"og:image:width\" content=\"2048\" \/>\n\t<meta property=\"og:image:height\" content=\"1542\" \/>\n\t<meta property=\"og:image:type\" content=\"image\/webp\" \/>\n<meta name=\"twitter:card\" content=\"summary_large_image\" \/>\n<script type=\"application\/ld+json\" class=\"yoast-schema-graph\">{\"@context\":\"https:\\\/\\\/schema.org\",\"@graph\":[{\"@type\":\"WebPage\",\"@id\":\"https:\\\/\\\/nosyberevesdepeche.com\\\/es\\\/pesca-madagascar-archipielago-de-las-radama\\\/\",\"url\":\"https:\\\/\\\/nosyberevesdepeche.com\\\/es\\\/pesca-madagascar-archipielago-de-las-radama\\\/\",\"name\":\"Archipi\u00e9lago de las Radama, para\u00edso de la pesca en Madagascar - Sue\u00f1os de Pesca en Nosy Be\",\"isPartOf\":{\"@id\":\"https:\\\/\\\/nosyberevesdepeche.com\\\/es\\\/#website\"},\"primaryImageOfPage\":{\"@id\":\"https:\\\/\\\/nosyberevesdepeche.com\\\/es\\\/pesca-madagascar-archipielago-de-las-radama\\\/#primaryimage\"},\"image\":{\"@id\":\"https:\\\/\\\/nosyberevesdepeche.com\\\/es\\\/pesca-madagascar-archipielago-de-las-radama\\\/#primaryimage\"},\"thumbnailUrl\":\"https:\\\/\\\/nosyberevesdepeche.com\\\/wp-content\\\/uploads\\\/peche-madagascar-archipel-radama-page-e1764782155131.webp\",\"datePublished\":\"2025-01-02T10:57:13+00:00\",\"dateModified\":\"2026-02-05T04:14:30+00:00\",\"description\":\"Descubra el magn\u00edfico Archipi\u00e9lago de las Radama, a unos 90 km al sur de Nosy Be, un para\u00edso para la pesca en Madagascar.\",\"breadcrumb\":{\"@id\":\"https:\\\/\\\/nosyberevesdepeche.com\\\/es\\\/pesca-madagascar-archipielago-de-las-radama\\\/#breadcrumb\"},\"inLanguage\":\"es\",\"potentialAction\":[{\"@type\":\"ReadAction\",\"target\":[\"https:\\\/\\\/nosyberevesdepeche.com\\\/es\\\/pesca-madagascar-archipielago-de-las-radama\\\/\"]}]},{\"@type\":\"ImageObject\",\"inLanguage\":\"es\",\"@id\":\"https:\\\/\\\/nosyberevesdepeche.com\\\/es\\\/pesca-madagascar-archipielago-de-las-radama\\\/#primaryimage\",\"url\":\"https:\\\/\\\/nosyberevesdepeche.com\\\/wp-content\\\/uploads\\\/peche-madagascar-archipel-radama-page-e1764782155131.webp\",\"contentUrl\":\"https:\\\/\\\/nosyberevesdepeche.com\\\/wp-content\\\/uploads\\\/peche-madagascar-archipel-radama-page-e1764782155131.webp\",\"width\":2048,\"height\":1542,\"caption\":\"Nuestra tripulaci\u00f3n domina todas las t\u00e9cnicas de la pesca ex\u00f3tica en Madagascar, y te ayudar\u00e1 en todo momento.\"},{\"@type\":\"BreadcrumbList\",\"@id\":\"https:\\\/\\\/nosyberevesdepeche.com\\\/es\\\/pesca-madagascar-archipielago-de-las-radama\\\/#breadcrumb\",\"itemListElement\":[{\"@type\":\"ListItem\",\"position\":1,\"name\":\"Accueil\",\"item\":\"https:\\\/\\\/nosyberevesdepeche.com\\\/es\\\/\"},{\"@type\":\"ListItem\",\"position\":2,\"name\":\"Archipi\u00e9lago de las Radama\"}]},{\"@type\":\"WebSite\",\"@id\":\"https:\\\/\\\/nosyberevesdepeche.com\\\/es\\\/#website\",\"url\":\"https:\\\/\\\/nosyberevesdepeche.com\\\/es\\\/\",\"name\":\"Nosy Be R\u00eaves de P\u00eache\",\"description\":\"Pesca deportiva y big game fishing en Madagascar, desde Nosy Be\",\"publisher\":{\"@id\":\"https:\\\/\\\/nosyberevesdepeche.com\\\/es\\\/#organization\"},\"potentialAction\":[{\"@type\":\"SearchAction\",\"target\":{\"@type\":\"EntryPoint\",\"urlTemplate\":\"https:\\\/\\\/nosyberevesdepeche.com\\\/es\\\/?s={search_term_string}\"},\"query-input\":{\"@type\":\"PropertyValueSpecification\",\"valueRequired\":true,\"valueName\":\"search_term_string\"}}],\"inLanguage\":\"es\"},{\"@type\":\"Organization\",\"@id\":\"https:\\\/\\\/nosyberevesdepeche.com\\\/es\\\/#organization\",\"name\":\"Nosy Be R\u00eaves de P\u00eache\",\"url\":\"https:\\\/\\\/nosyberevesdepeche.com\\\/es\\\/\",\"logo\":{\"@type\":\"ImageObject\",\"inLanguage\":\"es\",\"@id\":\"https:\\\/\\\/nosyberevesdepeche.com\\\/es\\\/#\\\/schema\\\/logo\\\/image\\\/\",\"url\":\"https:\\\/\\\/nosyberevesdepeche.com\\\/wp-content\\\/uploads\\\/sejour-cap-san-sebastien.jpg\",\"contentUrl\":\"https:\\\/\\\/nosyberevesdepeche.com\\\/wp-content\\\/uploads\\\/sejour-cap-san-sebastien.jpg\",\"width\":2048,\"height\":1542,\"caption\":\"Nosy Be R\u00eaves de P\u00eache\"},\"image\":{\"@id\":\"https:\\\/\\\/nosyberevesdepeche.com\\\/es\\\/#\\\/schema\\\/logo\\\/image\\\/\"},\"sameAs\":[\"https:\\\/\\\/www.facebook.com\\\/nosyberevesdepeche\",\"https:\\\/\\\/www.youtube.com\\\/@NosyBeRevesdePeche\",\"https:\\\/\\\/www.instagram.com\\\/nosyberevesdepeche\\\/\",\"https:\\\/\\\/www.tiktok.com\\\/@nosy_be_reves_de_peche\"]}]}<\/script>\n<!-- \/ Yoast SEO plugin. -->","yoast_head_json":{"title":"Archipi\u00e9lago de las Radama, para\u00edso de la pesca en Madagascar - Sue\u00f1os de Pesca en Nosy Be","description":"Descubra el magn\u00edfico Archipi\u00e9lago de las Radama, a unos 90 km al sur de Nosy Be, un para\u00edso para la pesca en Madagascar.","robots":{"index":"index","follow":"follow","max-snippet":"max-snippet:-1","max-image-preview":"max-image-preview:large","max-video-preview":"max-video-preview:-1"},"canonical":"https:\/\/nosyberevesdepeche.com\/es\/pesca-madagascar-archipielago-de-las-radama\/","og_locale":"es_ES","og_type":"article","og_title":"Archipi\u00e9lago de las Radama, para\u00edso de la pesca en Madagascar - Sue\u00f1os de Pesca en Nosy Be","og_description":"Descubra el magn\u00edfico Archipi\u00e9lago de las Radama, a unos 90 km al sur de Nosy Be, un para\u00edso para la pesca en Madagascar.","og_url":"https:\/\/nosyberevesdepeche.com\/es\/pesca-madagascar-archipielago-de-las-radama\/","og_site_name":"Sue\u00f1os de Pesca en Nosy Be","article_publisher":"https:\/\/www.facebook.com\/nosyberevesdepeche","article_modified_time":"2026-02-05T04:14:30+00:00","og_image":[{"width":2048,"height":1542,"url":"https:\/\/nosyberevesdepeche.com\/wp-content\/uploads\/peche-madagascar-archipel-radama-page-e1764782155131.webp","type":"image\/webp"}],"twitter_card":"summary_large_image","schema":{"@context":"https:\/\/schema.org","@graph":[{"@type":"WebPage","@id":"https:\/\/nosyberevesdepeche.com\/es\/pesca-madagascar-archipielago-de-las-radama\/","url":"https:\/\/nosyberevesdepeche.com\/es\/pesca-madagascar-archipielago-de-las-radama\/","name":"Archipi\u00e9lago de las Radama, para\u00edso de la pesca en Madagascar - Sue\u00f1os de Pesca en Nosy Be","isPartOf":{"@id":"https:\/\/nosyberevesdepeche.com\/es\/#website"},"primaryImageOfPage":{"@id":"https:\/\/nosyberevesdepeche.com\/es\/pesca-madagascar-archipielago-de-las-radama\/#primaryimage"},"image":{"@id":"https:\/\/nosyberevesdepeche.com\/es\/pesca-madagascar-archipielago-de-las-radama\/#primaryimage"},"thumbnailUrl":"https:\/\/nosyberevesdepeche.com\/wp-content\/uploads\/peche-madagascar-archipel-radama-page-e1764782155131.webp","datePublished":"2025-01-02T10:57:13+00:00","dateModified":"2026-02-05T04:14:30+00:00","description":"Descubra el magn\u00edfico Archipi\u00e9lago de las Radama, a unos 90 km al sur de Nosy Be, un para\u00edso para la pesca en Madagascar.","breadcrumb":{"@id":"https:\/\/nosyberevesdepeche.com\/es\/pesca-madagascar-archipielago-de-las-radama\/#breadcrumb"},"inLanguage":"es","potentialAction":[{"@type":"ReadAction","target":["https:\/\/nosyberevesdepeche.com\/es\/pesca-madagascar-archipielago-de-las-radama\/"]}]},{"@type":"ImageObject","inLanguage":"es","@id":"https:\/\/nosyberevesdepeche.com\/es\/pesca-madagascar-archipielago-de-las-radama\/#primaryimage","url":"https:\/\/nosyberevesdepeche.com\/wp-content\/uploads\/peche-madagascar-archipel-radama-page-e1764782155131.webp","contentUrl":"https:\/\/nosyberevesdepeche.com\/wp-content\/uploads\/peche-madagascar-archipel-radama-page-e1764782155131.webp","width":2048,"height":1542,"caption":"Nuestra tripulaci\u00f3n domina todas las t\u00e9cnicas de la pesca ex\u00f3tica en Madagascar, y te ayudar\u00e1 en todo momento."},{"@type":"BreadcrumbList","@id":"https:\/\/nosyberevesdepeche.com\/es\/pesca-madagascar-archipielago-de-las-radama\/#breadcrumb","itemListElement":[{"@type":"ListItem","position":1,"name":"Accueil","item":"https:\/\/nosyberevesdepeche.com\/es\/"},{"@type":"ListItem","position":2,"name":"Archipi\u00e9lago de las Radama"}]},{"@type":"WebSite","@id":"https:\/\/nosyberevesdepeche.com\/es\/#website","url":"https:\/\/nosyberevesdepeche.com\/es\/","name":"Nosy Be R\u00eaves de P\u00eache","description":"Pesca deportiva y big game fishing en Madagascar, desde Nosy Be","publisher":{"@id":"https:\/\/nosyberevesdepeche.com\/es\/#organization"},"potentialAction":[{"@type":"SearchAction","target":{"@type":"EntryPoint","urlTemplate":"https:\/\/nosyberevesdepeche.com\/es\/?s={search_term_string}"},"query-input":{"@type":"PropertyValueSpecification","valueRequired":true,"valueName":"search_term_string"}}],"inLanguage":"es"},{"@type":"Organization","@id":"https:\/\/nosyberevesdepeche.com\/es\/#organization","name":"Nosy Be R\u00eaves de P\u00eache","url":"https:\/\/nosyberevesdepeche.com\/es\/","logo":{"@type":"ImageObject","inLanguage":"es","@id":"https:\/\/nosyberevesdepeche.com\/es\/#\/schema\/logo\/image\/","url":"https:\/\/nosyberevesdepeche.com\/wp-content\/uploads\/sejour-cap-san-sebastien.jpg","contentUrl":"https:\/\/nosyberevesdepeche.com\/wp-content\/uploads\/sejour-cap-san-sebastien.jpg","width":2048,"height":1542,"caption":"Nosy Be R\u00eaves de P\u00eache"},"image":{"@id":"https:\/\/nosyberevesdepeche.com\/es\/#\/schema\/logo\/image\/"},"sameAs":["https:\/\/www.facebook.com\/nosyberevesdepeche","https:\/\/www.youtube.com\/@NosyBeRevesdePeche","https:\/\/www.instagram.com\/nosyberevesdepeche\/","https:\/\/www.tiktok.com\/@nosy_be_reves_de_peche"]}]}},"_links":{"self":[{"href":"https:\/\/nosyberevesdepeche.com\/es\/wp-json\/wp\/v2\/pages\/8298","targetHints":{"allow":["GET"]}}],"collection":[{"href":"https:\/\/nosyberevesdepeche.com\/es\/wp-json\/wp\/v2\/pages"}],"about":[{"href":"https:\/\/nosyberevesdepeche.com\/es\/wp-json\/wp\/v2\/types\/page"}],"author":[{"embeddable":true,"href":"https:\/\/nosyberevesdepeche.com\/es\/wp-json\/wp\/v2\/users\/1"}],"replies":[{"embeddable":true,"href":"https:\/\/nosyberevesdepeche.com\/es\/wp-json\/wp\/v2\/comments?post=8298"}],"version-history":[{"count":22,"href":"https:\/\/nosyberevesdepeche.com\/es\/wp-json\/wp\/v2\/pages\/8298\/revisions"}],"predecessor-version":[{"id":30422,"href":"https:\/\/nosyberevesdepeche.com\/es\/wp-json\/wp\/v2\/pages\/8298\/revisions\/30422"}],"wp:featuredmedia":[{"embeddable":true,"href":"https:\/\/nosyberevesdepeche.com\/es\/wp-json\/wp\/v2\/media\/26959"}],"wp:attachment":[{"href":"https:\/\/nosyberevesdepeche.com\/es\/wp-json\/wp\/v2\/media?parent=8298"}],"curies":[{"name":"wp","href":"https:\/\/api.w.org\/{rel}","templated":true}]}}