{"id":8086,"date":"2025-01-12T14:57:33","date_gmt":"2025-01-12T13:57:33","guid":{"rendered":"https:\/\/nosyberevesdepeche.com\/index.php\/pesca-cap-san-sebastien\/"},"modified":"2026-02-05T05:13:32","modified_gmt":"2026-02-05T04:13:32","slug":"pesca-madagascar-cabo-san-sebastian","status":"publish","type":"page","link":"https:\/\/nosyberevesdepeche.com\/es\/pesca-madagascar-cabo-san-sebastian\/","title":{"rendered":"Cabo San Sebasti\u00e1n"},"content":{"rendered":"\t\t<div data-elementor-type=\"wp-page\" data-elementor-id=\"8086\" class=\"elementor elementor-8086 elementor-2850\" data-elementor-post-type=\"page\">\n\t\t\t\t<div class=\"elementor-element elementor-element-2d5643a animated-slow e-flex e-con-boxed elementor-invisible e-con e-parent\" data-id=\"2d5643a\" data-element_type=\"container\" data-e-type=\"container\" data-settings=\"{&quot;animation&quot;:&quot;fadeIn&quot;,&quot;animation_delay&quot;:0}\">\n\t\t\t\t\t<div class=\"e-con-inner\">\n\t\t\t\t<div class=\"elementor-element elementor-element-317fb4b elementor-widget-tablet__width-inherit elementor-widget elementor-widget-heading\" data-id=\"317fb4b\" data-element_type=\"widget\" data-e-type=\"widget\" data-widget_type=\"heading.default\">\n\t\t\t\t<div class=\"elementor-widget-container\">\n\t\t\t\t\t<h1 class=\"elementor-heading-title elementor-size-default\">M\u00edtico Cabo San Sebasti\u00e1n, lugar emblem\u00e1tico de la pesca deportiva en Madagascar<\/h1>\t\t\t\t<\/div>\n\t\t\t\t<\/div>\n\t\t\t\t\t<\/div>\n\t\t\t\t<\/div>\n\t\t<div class=\"elementor-element elementor-element-cb13acf e-flex e-con-boxed elementor-invisible e-con e-parent\" data-id=\"cb13acf\" data-element_type=\"container\" data-e-type=\"container\" data-settings=\"{&quot;animation&quot;:&quot;fadeIn&quot;}\">\n\t\t\t\t\t<div class=\"e-con-inner\">\n\t\t\t\t<div class=\"elementor-element elementor-element-df0e1dc elementor-widget elementor-widget-shortcode\" data-id=\"df0e1dc\" data-element_type=\"widget\" data-e-type=\"widget\" data-widget_type=\"shortcode.default\">\n\t\t\t\t<div class=\"elementor-widget-container\">\n\t\t\t\t\t\t\t<div class=\"elementor-shortcode\">\n\t\t\t\t<p class=\"rs-p-wp-fix\"><\/p>\n\t\t\t\t<sr7-module data-alias=\"mythique-cap-san-sebastien\" data-id=\"89\" id=\"SR7_89_1\" data-version=\"6.7.54\">\n\t\t\t\t\t<sr7-adjuster><\/sr7-adjuster>\n\t\t\t\t\t<sr7-content>\n\t\t\t\t\t\t<sr7-slide id=\"SR7_89_1-421\" data-key=\"421\">\n\t\t\t\t\t\t\t<h2 id=\"SR7_89_1-421-2\" class=\"sr7-layer\">Para los amantes de la pesca deportiva<\/h2>\n\t\t\t\t\t\t\t<h3 id=\"SR7_89_1-421-3\" class=\"sr7-layer\">El indomable Cabo San Sebasti\u00e1n<\/h3>\n\t\t\t\t\t\t\t<p id=\"SR7_89_1-421-4\" class=\"sr7-layer\">Situado en la costa noroeste de Madagascar, a unos 120 kil\u00f3metros al norte de Nosy Be, el Cabo San Sebasti\u00e1n est\u00e1 rodeado de arrecifes y zonas de pesca excepcionales. Desde Nosy Mitsio, donde se alojan durante la estancia, no escatimamos en combustible para alcanzar varias veces este emblem\u00e1tico lugar o sus alrededores. Esto nos permite acceder a zonas de pesca preservadas y poco exploradas, que prometen peleas intensas con ejemplares de gran tama\u00f1o. Una joya en bruto para los amantes de la pesca deportiva.<\/p>\n\t\t\t\t\t\t<\/sr7-slide>\n\t\t\t\t\t\t<sr7-slide id=\"SR7_89_1-541\" data-key=\"541\">\n\t\t\t\t\t\t\t<sr7-bg id=\"SR7_89_1-541-slidebg\" class=\"sr7-layer\"><noscript><img decoding=\"async\" src=\"https:\/\/nosyberevesdepeche.com\/wp-content\/uploads\/fond-mer-Photoroom.jpg\" alt=\"\" title=\"\"><\/noscript><\/sr7-bg>\n\t\t\t\t\t\t\t<h2 id=\"SR7_89_1-541-2\" class=\"sr7-layer\">T\u00e9cnica de pesca definitiva<\/h2>\n\t\t\t\t\t\t\t<h3 id=\"SR7_89_1-541-3\" class=\"sr7-layer\">El indomable Cabo San Sebasti\u00e1n<\/h3>\n\t\t\t\t\t\t\t<p id=\"SR7_89_1-541-4\" class=\"sr7-layer\">El Cabo San Sebasti\u00e1n ofrece un escenario ideal para el popping, con sus mesetas de coral y zonas poco profundas donde cazan jureles gigantes y otros depredadores emblem\u00e1ticos. Un destino incre\u00edble para combates espectaculares.<\/p>\n\t\t\t\t\t\t<\/sr7-slide>\n\t\t\t\t\t\t<sr7-slide id=\"SR7_89_1-331\" data-key=\"331\">\n\t\t\t\t\t\t\t<sr7-bg id=\"SR7_89_1-331-slidebg\" class=\"sr7-layer\"><noscript><img decoding=\"async\" src=\"https:\/\/nosyberevesdepeche.com\/wp-content\/uploads\/cap-san-sebastien-merou-scaled-e1747659694607.webp\" alt=\"P\u00eache au jig et capture d&#039;un m\u00e9rou c\u00e9leste au Cap San S\u00e9bastien, puis rel\u00e2cher dans le cadre d\u2019une p\u00eache responsable\" title=\"M\u00e9rou c\u00e9leste captur\u00e9 au jig au Cap San S\u00e9bastien\"><\/noscript><\/sr7-bg>\n\t\t\t\t\t\t\t<h2 id=\"SR7_89_1-331-2\" class=\"sr7-layer\">Incre\u00edbles oportunidades de pesca<\/h2>\n\t\t\t\t\t\t\t<h3 id=\"SR7_89_1-331-3\" class=\"sr7-layer\">El indomable Cabo San Sebasti\u00e1n<\/h3>\n\t\t\t\t\t\t\t<p id=\"SR7_89_1-331-4\" class=\"sr7-layer\">Ya sea que prefiera el popping, jigging o curric\u00e1n, las aguas del Cabo San Sebasti\u00e1n est\u00e1n llenas de ejemplares impresionantes. Jurel gigante, atunes de dientes de perro, meros y barracudas son algunos de los desaf\u00edos que le esperan en estas aguas, conocidas por su riqueza y diversidad. Nuestra tripulaci\u00f3n local, experta en los mejores puntos, le asistir\u00e1 en todo momento para maximizar sus posibilidades de capturas memorables.<\/p>\n\t\t\t\t\t\t<\/sr7-slide>\n\t\t\t\t\t\t<sr7-slide id=\"SR7_89_1-1066\" data-key=\"1066\">\n\t\t\t\t\t\t\t<sr7-bg id=\"SR7_89_1-1066-slidebg\" class=\"sr7-layer\"><noscript><img decoding=\"async\" src=\"https:\/\/nosyberevesdepeche.com\/wp-content\/uploads\/peche-madagascar-cap-san-sebastien-barracuda-e1765634389215.webp\" alt=\"Superbe barracuda captur\u00e9 au jig au Cap San S\u00e9bastien \u00e0 Madagascar\" title=\"Barracuda au jig \u00e0 Madagascar\"><\/noscript><\/sr7-bg>\n\t\t\t\t\t\t\t<h2 id=\"SR7_89_1-1066-2\" class=\"sr7-layer\">El jigging, una t\u00e9cnica poderosa<\/h2>\n\t\t\t\t\t\t\t<h3 id=\"SR7_89_1-1066-3\" class=\"sr7-layer\">El indomable Cabo San Sebasti\u00e1n<\/h3>\n\t\t\t\t\t\t\t<p id=\"SR7_89_1-1066-4\" class=\"sr7-layer\">para la pesca deportiva en Madagascar.\nEl jigging es una t\u00e9cnica de pesca vertical que consiste en mover un se\u00f1uelo met\u00e1lico, llamado jig, para imitar la huida de un pez herido. En el Cabo San Sebasti\u00e1n, este m\u00e9todo resulta especialmente eficaz en los desniveles y plataformas rocosas donde habitan numerosos depredadores.\nNormalmente utilizamos jigs de 150 a 200 g, perfectamente adaptados a la profundidad y a la corriente de la zona. Esta t\u00e9cnica, f\u00edsicamente exigente, requiere buena resistencia y equipo de calidad, pero ofrece combates intensos con atunes dientes de perro, car\u00e1ngidos, meros y wahoo.\n<\/p>\n\t\t\t\t\t\t<\/sr7-slide>\n\t\t\t\t\t\t<sr7-slide id=\"SR7_89_1-1075\" data-key=\"1075\">\n\t\t\t\t\t\t\t<sr7-bg id=\"SR7_89_1-1075-slidebg\" class=\"sr7-layer\"><noscript><img decoding=\"async\" src=\"https:\/\/nosyberevesdepeche.com\/wp-content\/uploads\/peche-madagascar-lior-trevally.jpg\" alt=\"La p\u00eache \u00e0 Madagascar dans toute sa splendeur, \u00e9norme GT prise au popper \u00e0 Nosy Mitsio\" title=\"Enorme carangue \u00e0 Nosy Mitsio\"><\/noscript><\/sr7-bg>\n\t\t\t\t\t\t\t<h2 id=\"SR7_89_1-1075-2\" class=\"sr7-layer\">El popping, la t\u00e9cnica reina <\/h2>\n\t\t\t\t\t\t\t<h3 id=\"SR7_89_1-1075-3\" class=\"sr7-layer\">El indomable Cabo San Sebasti\u00e1n<\/h3>\n\t\t\t\t\t\t\t<p id=\"SR7_89_1-1075-4\" class=\"sr7-layer\">de los arrecifes de coral. Espectacular y eficaz, el popping es un arma imprescindible para el big game fishing en Madagascar.\nAlrededor de Nosy Mitsio y del Cabo San Sebasti\u00e1n, esta t\u00e9cnica de pesca deportiva provoca ataques explosivos de car\u00e1ngidos gigantes y otros depredadores de superficie.\nPotencia, adrenalina y precisi\u00f3n : el popping encarna la esencia misma de la pesca deportiva en Madagascar.\n<\/p>\n\t\t\t\t\t\t<\/sr7-slide>\n\t\t\t\t\t\t<sr7-slide id=\"SR7_89_1-1092\" data-key=\"1092\">\n\t\t\t\t\t\t\t<sr7-bg id=\"SR7_89_1-1092-slidebg\" class=\"sr7-layer\"><noscript><img decoding=\"async\" src=\"https:\/\/nosyberevesdepeche.com\/wp-content\/uploads\/peche-madagascar-mitsio-gros-merou-1.webp\" alt=\"Un superbe m\u00e9rou captur\u00e9 au Cap san S\u00e9bastien, Madagascar\" title=\"M\u00e9rou \u00e0 Madagascar\"><\/noscript><\/sr7-bg>\n\t\t\t\t\t\t\t<h2 id=\"SR7_89_1-1092-2\" class=\"sr7-layer\">Una diversidad muy amplia<\/h2>\n\t\t\t\t\t\t\t<h3 id=\"SR7_89_1-1092-3\" class=\"sr7-layer\">El indomable Cabo San Sebasti\u00e1n<\/h3>\n\t\t\t\t\t\t\t<p id=\"SR7_89_1-1092-4\" class=\"sr7-layer\">de peces caracteriza el Cabo San Sebasti\u00e1n, verdadero joya del big game fishing y de la pesca deportiva en Madagascar. En popping o en jigging, nunca se sabe qu\u00e9 especie va a atacar el se\u00f1uelo : GT, mero, barracuda, wahoo, at\u00fan diente de perro\u2026 marl\u00edn no excluido !<\/p>\n\t\t\t\t\t\t<\/sr7-slide>\n\t\t\t\t\t\t<sr7-slide id=\"SR7_89_1-738\" data-key=\"738\">\n\t\t\t\t\t\t<\/sr7-slide>\n\t\t\t\t\t<\/sr7-content>\n\t\t\t\t<\/sr7-module>\n\t\t\t\t<script>\n\t\t\t\t\twindow.SR7 ??={};SR7.PMH ??={}; SR7.PMH[\"SR7_89_1\"] = {cn:100,state:false,fn: function() { if (window._tpt!==undefined && window._tpt.prepareModuleHeight !== undefined) {  _tpt.prepareModuleHeight({id:\"SR7_89_1\",el:[800,700,600,600],type:'standard',shdw:'0',gh:[800,700,600,600],gw:[1200,1024,778,480],vpt:['-200px'],size:{fullWidth:true, fullHeight:false},mh:'0',onh:0,onw:0,bg:{color:'transparent'},plType:'-1',plColor:'#FFFFFF'});   SR7.PMH[\"SR7_89_1\"].state=true;} else if(SR7.PMH[\"SR7_89_1\"].cn-->0)\tsetTimeout( SR7.PMH[\"SR7_89_1\"].fn,19);}};SR7.PMH[\"SR7_89_1\" ].fn();\n\t\t\t\t<\/script>\n<\/div>\n\t\t\t\t\t\t<\/div>\n\t\t\t\t<\/div>\n\t\t\t\t\t<\/div>\n\t\t\t\t<\/div>\n\t\t<div class=\"elementor-element elementor-element-a492836 e-flex e-con-boxed elementor-invisible e-con e-parent\" data-id=\"a492836\" data-element_type=\"container\" data-e-type=\"container\" data-settings=\"{&quot;animation&quot;:&quot;slideInUp&quot;,&quot;animation_delay&quot;:200}\">\n\t\t\t\t\t<div class=\"e-con-inner\">\n\t\t\t\t<div class=\"elementor-element elementor-element-f7c6119 elementor-widget__width-initial elementor-widget elementor-widget-text-editor\" data-id=\"f7c6119\" data-element_type=\"widget\" data-e-type=\"widget\" data-widget_type=\"text-editor.default\">\n\t\t\t\t<div class=\"elementor-widget-container\">\n\t\t\t\t\t\t\t\t\t<p>A unas 3 horas al norte de Nosy Be, un para\u00edso para la pesca deportiva y el big game fishing en Madagascar.<\/p><p><span style=\"color: #003366; font-weight: bold;\">Nuestros viajes de pesca desde Nosy Be<\/span> incluyen los traslados de ida y vuelta a Nosy Mitsio, el alquiler del barco con una tripulaci\u00f3n local experta, el combustible, pensi\u00f3n completa en bungalows frente a la playa y agua embotellada.<\/p><p>Desde nuestra base en <a href=\"https:\/\/nosyberevesdepeche.com\/es\/pesca-madagascar-nosy-mitsio\/\">Nosy Mitsio<\/a> y gracias a <strong>una reserva significativa de combustible<\/strong>, llegamos al Cabo San Sebasti\u00e1n para combates inolvidables.<\/p>\t\t\t\t\t\t\t\t<\/div>\n\t\t\t\t<\/div>\n\t\t\t\t\t<\/div>\n\t\t\t\t<\/div>\n\t\t\t\t<\/div>\n\t\t","protected":false},"excerpt":{"rendered":"<p>M\u00edtico Cabo San Sebasti\u00e1n, lugar emblem\u00e1tico de la pesca deportiva en Madagascar A unas 3 horas al norte de Nosy Be, un para\u00edso para la pesca deportiva y el big&#8230;<\/p>\n","protected":false},"author":1,"featured_media":17590,"parent":0,"menu_order":0,"comment_status":"closed","ping_status":"closed","template":"elementor_header_footer","meta":{"footnotes":""},"class_list":["post-8086","page","type-page","status-publish","has-post-thumbnail"],"yoast_head":"<!-- This site is optimized with the Yoast SEO plugin v27.4 - https:\/\/yoast.com\/product\/yoast-seo-wordpress\/ -->\n<title>Para\u00edso para la pesca deportiva en Madagascar - Sue\u00f1os de Pesca en Nosy Be<\/title>\n<meta name=\"description\" content=\"Un destino m\u00edtico para la pesca deportiva, el Cabo San Sebasti\u00e1n promete combates memorables. Accesible desde Nosy Mitsio.\" \/>\n<meta name=\"robots\" content=\"index, follow, max-snippet:-1, max-image-preview:large, max-video-preview:-1\" \/>\n<link rel=\"canonical\" href=\"https:\/\/nosyberevesdepeche.com\/es\/pesca-madagascar-cabo-san-sebastian\/\" \/>\n<meta property=\"og:locale\" content=\"es_ES\" \/>\n<meta property=\"og:type\" content=\"article\" \/>\n<meta property=\"og:title\" content=\"Para\u00edso para la pesca deportiva en Madagascar - Sue\u00f1os de Pesca en Nosy Be\" \/>\n<meta property=\"og:description\" content=\"Un destino m\u00edtico para la pesca deportiva, el Cabo San Sebasti\u00e1n promete combates memorables. Accesible desde Nosy Mitsio.\" \/>\n<meta property=\"og:url\" content=\"https:\/\/nosyberevesdepeche.com\/es\/pesca-madagascar-cabo-san-sebastian\/\" \/>\n<meta property=\"og:site_name\" content=\"Sue\u00f1os de Pesca en Nosy Be\" \/>\n<meta property=\"article:publisher\" content=\"https:\/\/www.facebook.com\/nosyberevesdepeche\" \/>\n<meta property=\"article:modified_time\" content=\"2026-02-05T04:13:32+00:00\" \/>\n<meta property=\"og:image\" content=\"https:\/\/nosyberevesdepeche.com\/wp-content\/uploads\/cap-san-sebastien-merou-scaled-e1747659694607.webp\" \/>\n\t<meta property=\"og:image:width\" content=\"2560\" \/>\n\t<meta property=\"og:image:height\" content=\"1440\" \/>\n\t<meta property=\"og:image:type\" content=\"image\/webp\" \/>\n<meta name=\"twitter:card\" content=\"summary_large_image\" \/>\n<meta name=\"twitter:label1\" content=\"Est. reading time\" \/>\n\t<meta name=\"twitter:data1\" content=\"1 minute\" \/>\n<script type=\"application\/ld+json\" class=\"yoast-schema-graph\">{\"@context\":\"https:\\\/\\\/schema.org\",\"@graph\":[{\"@type\":\"WebPage\",\"@id\":\"https:\\\/\\\/nosyberevesdepeche.com\\\/es\\\/pesca-madagascar-cabo-san-sebastian\\\/\",\"url\":\"https:\\\/\\\/nosyberevesdepeche.com\\\/es\\\/pesca-madagascar-cabo-san-sebastian\\\/\",\"name\":\"Para\u00edso para la pesca deportiva en Madagascar - Sue\u00f1os de Pesca en Nosy Be\",\"isPartOf\":{\"@id\":\"https:\\\/\\\/nosyberevesdepeche.com\\\/es\\\/#website\"},\"primaryImageOfPage\":{\"@id\":\"https:\\\/\\\/nosyberevesdepeche.com\\\/es\\\/pesca-madagascar-cabo-san-sebastian\\\/#primaryimage\"},\"image\":{\"@id\":\"https:\\\/\\\/nosyberevesdepeche.com\\\/es\\\/pesca-madagascar-cabo-san-sebastian\\\/#primaryimage\"},\"thumbnailUrl\":\"https:\\\/\\\/nosyberevesdepeche.com\\\/wp-content\\\/uploads\\\/cap-san-sebastien-merou-scaled-e1747659694607.webp\",\"datePublished\":\"2025-01-12T13:57:33+00:00\",\"dateModified\":\"2026-02-05T04:13:32+00:00\",\"description\":\"Un destino m\u00edtico para la pesca deportiva, el Cabo San Sebasti\u00e1n promete combates memorables. Accesible desde Nosy Mitsio.\",\"breadcrumb\":{\"@id\":\"https:\\\/\\\/nosyberevesdepeche.com\\\/es\\\/pesca-madagascar-cabo-san-sebastian\\\/#breadcrumb\"},\"inLanguage\":\"es-ES\",\"potentialAction\":[{\"@type\":\"ReadAction\",\"target\":[\"https:\\\/\\\/nosyberevesdepeche.com\\\/es\\\/pesca-madagascar-cabo-san-sebastian\\\/\"]}]},{\"@type\":\"ImageObject\",\"inLanguage\":\"es-ES\",\"@id\":\"https:\\\/\\\/nosyberevesdepeche.com\\\/es\\\/pesca-madagascar-cabo-san-sebastian\\\/#primaryimage\",\"url\":\"https:\\\/\\\/nosyberevesdepeche.com\\\/wp-content\\\/uploads\\\/cap-san-sebastien-merou-scaled-e1747659694607.webp\",\"contentUrl\":\"https:\\\/\\\/nosyberevesdepeche.com\\\/wp-content\\\/uploads\\\/cap-san-sebastien-merou-scaled-e1747659694607.webp\",\"width\":2560,\"height\":1440,\"caption\":\"Pesca al jigging y captura de un mero celeste en el Cabo San Sebasti\u00e1n, luego liberado en el marco de una pesca responsable\"},{\"@type\":\"BreadcrumbList\",\"@id\":\"https:\\\/\\\/nosyberevesdepeche.com\\\/es\\\/pesca-madagascar-cabo-san-sebastian\\\/#breadcrumb\",\"itemListElement\":[{\"@type\":\"ListItem\",\"position\":1,\"name\":\"Accueil\",\"item\":\"https:\\\/\\\/nosyberevesdepeche.com\\\/es\\\/\"},{\"@type\":\"ListItem\",\"position\":2,\"name\":\"Cabo San Sebasti\u00e1n\"}]},{\"@type\":\"WebSite\",\"@id\":\"https:\\\/\\\/nosyberevesdepeche.com\\\/es\\\/#website\",\"url\":\"https:\\\/\\\/nosyberevesdepeche.com\\\/es\\\/\",\"name\":\"Nosy Be R\u00eaves de P\u00eache\",\"description\":\"Pesca deportiva y big game fishing en Madagascar, desde Nosy Be\",\"publisher\":{\"@id\":\"https:\\\/\\\/nosyberevesdepeche.com\\\/es\\\/#organization\"},\"potentialAction\":[{\"@type\":\"SearchAction\",\"target\":{\"@type\":\"EntryPoint\",\"urlTemplate\":\"https:\\\/\\\/nosyberevesdepeche.com\\\/es\\\/?s={search_term_string}\"},\"query-input\":{\"@type\":\"PropertyValueSpecification\",\"valueRequired\":true,\"valueName\":\"search_term_string\"}}],\"inLanguage\":\"es-ES\"},{\"@type\":\"Organization\",\"@id\":\"https:\\\/\\\/nosyberevesdepeche.com\\\/es\\\/#organization\",\"name\":\"Nosy Be R\u00eaves de P\u00eache\",\"url\":\"https:\\\/\\\/nosyberevesdepeche.com\\\/es\\\/\",\"logo\":{\"@type\":\"ImageObject\",\"inLanguage\":\"es-ES\",\"@id\":\"https:\\\/\\\/nosyberevesdepeche.com\\\/es\\\/#\\\/schema\\\/logo\\\/image\\\/\",\"url\":\"https:\\\/\\\/nosyberevesdepeche.com\\\/wp-content\\\/uploads\\\/sejour-cap-san-sebastien.jpg\",\"contentUrl\":\"https:\\\/\\\/nosyberevesdepeche.com\\\/wp-content\\\/uploads\\\/sejour-cap-san-sebastien.jpg\",\"width\":2048,\"height\":1542,\"caption\":\"Nosy Be R\u00eaves de P\u00eache\"},\"image\":{\"@id\":\"https:\\\/\\\/nosyberevesdepeche.com\\\/es\\\/#\\\/schema\\\/logo\\\/image\\\/\"},\"sameAs\":[\"https:\\\/\\\/www.facebook.com\\\/nosyberevesdepeche\",\"https:\\\/\\\/www.youtube.com\\\/@NosyBeRevesdePeche\",\"https:\\\/\\\/www.instagram.com\\\/nosyberevesdepeche\\\/\",\"https:\\\/\\\/www.tiktok.com\\\/@nosy_be_reves_de_peche\"]}]}<\/script>\n<!-- \/ Yoast SEO plugin. -->","yoast_head_json":{"title":"Para\u00edso para la pesca deportiva en Madagascar - Sue\u00f1os de Pesca en Nosy Be","description":"Un destino m\u00edtico para la pesca deportiva, el Cabo San Sebasti\u00e1n promete combates memorables. Accesible desde Nosy Mitsio.","robots":{"index":"index","follow":"follow","max-snippet":"max-snippet:-1","max-image-preview":"max-image-preview:large","max-video-preview":"max-video-preview:-1"},"canonical":"https:\/\/nosyberevesdepeche.com\/es\/pesca-madagascar-cabo-san-sebastian\/","og_locale":"es_ES","og_type":"article","og_title":"Para\u00edso para la pesca deportiva en Madagascar - Sue\u00f1os de Pesca en Nosy Be","og_description":"Un destino m\u00edtico para la pesca deportiva, el Cabo San Sebasti\u00e1n promete combates memorables. Accesible desde Nosy Mitsio.","og_url":"https:\/\/nosyberevesdepeche.com\/es\/pesca-madagascar-cabo-san-sebastian\/","og_site_name":"Sue\u00f1os de Pesca en Nosy Be","article_publisher":"https:\/\/www.facebook.com\/nosyberevesdepeche","article_modified_time":"2026-02-05T04:13:32+00:00","og_image":[{"width":2560,"height":1440,"url":"https:\/\/nosyberevesdepeche.com\/wp-content\/uploads\/cap-san-sebastien-merou-scaled-e1747659694607.webp","type":"image\/webp"}],"twitter_card":"summary_large_image","twitter_misc":{"Est. reading time":"1 minute"},"schema":{"@context":"https:\/\/schema.org","@graph":[{"@type":"WebPage","@id":"https:\/\/nosyberevesdepeche.com\/es\/pesca-madagascar-cabo-san-sebastian\/","url":"https:\/\/nosyberevesdepeche.com\/es\/pesca-madagascar-cabo-san-sebastian\/","name":"Para\u00edso para la pesca deportiva en Madagascar - Sue\u00f1os de Pesca en Nosy Be","isPartOf":{"@id":"https:\/\/nosyberevesdepeche.com\/es\/#website"},"primaryImageOfPage":{"@id":"https:\/\/nosyberevesdepeche.com\/es\/pesca-madagascar-cabo-san-sebastian\/#primaryimage"},"image":{"@id":"https:\/\/nosyberevesdepeche.com\/es\/pesca-madagascar-cabo-san-sebastian\/#primaryimage"},"thumbnailUrl":"https:\/\/nosyberevesdepeche.com\/wp-content\/uploads\/cap-san-sebastien-merou-scaled-e1747659694607.webp","datePublished":"2025-01-12T13:57:33+00:00","dateModified":"2026-02-05T04:13:32+00:00","description":"Un destino m\u00edtico para la pesca deportiva, el Cabo San Sebasti\u00e1n promete combates memorables. Accesible desde Nosy Mitsio.","breadcrumb":{"@id":"https:\/\/nosyberevesdepeche.com\/es\/pesca-madagascar-cabo-san-sebastian\/#breadcrumb"},"inLanguage":"es-ES","potentialAction":[{"@type":"ReadAction","target":["https:\/\/nosyberevesdepeche.com\/es\/pesca-madagascar-cabo-san-sebastian\/"]}]},{"@type":"ImageObject","inLanguage":"es-ES","@id":"https:\/\/nosyberevesdepeche.com\/es\/pesca-madagascar-cabo-san-sebastian\/#primaryimage","url":"https:\/\/nosyberevesdepeche.com\/wp-content\/uploads\/cap-san-sebastien-merou-scaled-e1747659694607.webp","contentUrl":"https:\/\/nosyberevesdepeche.com\/wp-content\/uploads\/cap-san-sebastien-merou-scaled-e1747659694607.webp","width":2560,"height":1440,"caption":"Pesca al jigging y captura de un mero celeste en el Cabo San Sebasti\u00e1n, luego liberado en el marco de una pesca responsable"},{"@type":"BreadcrumbList","@id":"https:\/\/nosyberevesdepeche.com\/es\/pesca-madagascar-cabo-san-sebastian\/#breadcrumb","itemListElement":[{"@type":"ListItem","position":1,"name":"Accueil","item":"https:\/\/nosyberevesdepeche.com\/es\/"},{"@type":"ListItem","position":2,"name":"Cabo San Sebasti\u00e1n"}]},{"@type":"WebSite","@id":"https:\/\/nosyberevesdepeche.com\/es\/#website","url":"https:\/\/nosyberevesdepeche.com\/es\/","name":"Nosy Be R\u00eaves de P\u00eache","description":"Pesca deportiva y big game fishing en Madagascar, desde Nosy Be","publisher":{"@id":"https:\/\/nosyberevesdepeche.com\/es\/#organization"},"potentialAction":[{"@type":"SearchAction","target":{"@type":"EntryPoint","urlTemplate":"https:\/\/nosyberevesdepeche.com\/es\/?s={search_term_string}"},"query-input":{"@type":"PropertyValueSpecification","valueRequired":true,"valueName":"search_term_string"}}],"inLanguage":"es-ES"},{"@type":"Organization","@id":"https:\/\/nosyberevesdepeche.com\/es\/#organization","name":"Nosy Be R\u00eaves de P\u00eache","url":"https:\/\/nosyberevesdepeche.com\/es\/","logo":{"@type":"ImageObject","inLanguage":"es-ES","@id":"https:\/\/nosyberevesdepeche.com\/es\/#\/schema\/logo\/image\/","url":"https:\/\/nosyberevesdepeche.com\/wp-content\/uploads\/sejour-cap-san-sebastien.jpg","contentUrl":"https:\/\/nosyberevesdepeche.com\/wp-content\/uploads\/sejour-cap-san-sebastien.jpg","width":2048,"height":1542,"caption":"Nosy Be R\u00eaves de P\u00eache"},"image":{"@id":"https:\/\/nosyberevesdepeche.com\/es\/#\/schema\/logo\/image\/"},"sameAs":["https:\/\/www.facebook.com\/nosyberevesdepeche","https:\/\/www.youtube.com\/@NosyBeRevesdePeche","https:\/\/www.instagram.com\/nosyberevesdepeche\/","https:\/\/www.tiktok.com\/@nosy_be_reves_de_peche"]}]}},"_links":{"self":[{"href":"https:\/\/nosyberevesdepeche.com\/es\/wp-json\/wp\/v2\/pages\/8086","targetHints":{"allow":["GET"]}}],"collection":[{"href":"https:\/\/nosyberevesdepeche.com\/es\/wp-json\/wp\/v2\/pages"}],"about":[{"href":"https:\/\/nosyberevesdepeche.com\/es\/wp-json\/wp\/v2\/types\/page"}],"author":[{"embeddable":true,"href":"https:\/\/nosyberevesdepeche.com\/es\/wp-json\/wp\/v2\/users\/1"}],"replies":[{"embeddable":true,"href":"https:\/\/nosyberevesdepeche.com\/es\/wp-json\/wp\/v2\/comments?post=8086"}],"version-history":[{"count":40,"href":"https:\/\/nosyberevesdepeche.com\/es\/wp-json\/wp\/v2\/pages\/8086\/revisions"}],"predecessor-version":[{"id":30412,"href":"https:\/\/nosyberevesdepeche.com\/es\/wp-json\/wp\/v2\/pages\/8086\/revisions\/30412"}],"wp:featuredmedia":[{"embeddable":true,"href":"https:\/\/nosyberevesdepeche.com\/es\/wp-json\/wp\/v2\/media\/17590"}],"wp:attachment":[{"href":"https:\/\/nosyberevesdepeche.com\/es\/wp-json\/wp\/v2\/media?parent=8086"}],"curies":[{"name":"wp","href":"https:\/\/api.w.org\/{rel}","templated":true}]}}