{"id":31248,"date":"2026-03-03T18:14:19","date_gmt":"2026-03-03T17:14:19","guid":{"rendered":"https:\/\/nosyberevesdepeche.com\/pesca-madagascar-banco-del-gran-castor\/"},"modified":"2026-03-07T13:16:06","modified_gmt":"2026-03-07T12:16:06","slug":"pesca-madagascar-banco-del-gran-castor","status":"publish","type":"page","link":"https:\/\/nosyberevesdepeche.com\/es\/pesca-madagascar-banco-del-gran-castor\/","title":{"rendered":"Banco del Gran Castor"},"content":{"rendered":"\t\t<div data-elementor-type=\"wp-page\" data-elementor-id=\"31248\" class=\"elementor elementor-31248 elementor-31018\" data-elementor-post-type=\"page\">\n\t\t\t\t<div class=\"elementor-element elementor-element-0626579 animated-slow e-flex e-con-boxed elementor-invisible e-con e-parent\" data-id=\"0626579\" data-element_type=\"container\" data-e-type=\"container\" data-settings=\"{&quot;animation&quot;:&quot;fadeIn&quot;}\">\n\t\t\t\t\t<div class=\"e-con-inner\">\n\t\t\t\t<div class=\"elementor-element elementor-element-f6ce42e elementor-widget__width-inherit elementor-widget-mobile__width-inherit elementor-widget elementor-widget-heading\" data-id=\"f6ce42e\" data-element_type=\"widget\" data-e-type=\"widget\" data-widget_type=\"heading.default\">\n\t\t\t\t<div class=\"elementor-widget-container\">\n\t\t\t\t\t<h1 class=\"elementor-heading-title elementor-size-default\">Pesca en Nosy Be : el famoso Banco del Gran Castor<\/h1>\t\t\t\t<\/div>\n\t\t\t\t<\/div>\n\t\t\t\t\t<\/div>\n\t\t\t\t<\/div>\n\t\t<div class=\"elementor-element elementor-element-e359e35 e-flex e-con-boxed elementor-invisible e-con e-parent\" data-id=\"e359e35\" data-element_type=\"container\" data-e-type=\"container\" data-settings=\"{&quot;animation&quot;:&quot;fadeIn&quot;}\">\n\t\t\t\t\t<div class=\"e-con-inner\">\n\t\t\t\t<div class=\"elementor-element elementor-element-4f953a9 elementor-widget elementor-widget-shortcode\" data-id=\"4f953a9\" data-element_type=\"widget\" data-e-type=\"widget\" data-widget_type=\"shortcode.default\">\n\t\t\t\t<div class=\"elementor-widget-container\">\n\t\t\t\t\t\t\t<div class=\"elementor-shortcode\">\n\t\t\t\t<p class=\"rs-p-wp-fix\"><\/p>\n\t\t\t\t<sr7-module data-alias=\"grand-castor-clean-news-slider-1\" data-id=\"195\" id=\"SR7_195_1\" class=\"rs-ov-hidden\" data-version=\"6.7.41\">\n\t\t\t\t\t<sr7-adjuster><\/sr7-adjuster>\n\t\t\t\t\t<sr7-content>\n\t\t\t\t\t\t<sr7-slide id=\"SR7_195_1-2229\" data-key=\"2229\">\n\t\t\t\t\t\t\t<sr7-bg id=\"SR7_195_1-2229-5\" class=\"sr7-layer\"><noscript><img decoding=\"async\" src=\"https:\/\/nosyberevesdepeche.com\/wp-content\/uploads\/peche-nosy-be-banc-grand-castor-carangue-gt-1.jpeg\" alt=\"P\u00eache au gros au Banc du Grand Castor depuis Nosy Be, Madagascar\" title=\"Banc du Grand Castor depuis Nosy Be\"><\/noscript><\/sr7-bg>\n\t\t\t\t\t\t\t<h2 id=\"SR7_195_1-2229-2\" class=\"sr7-layer\">La zona de pesca<\/h2>\n\t\t\t\t\t\t\t<p id=\"SR7_195_1-2229-3\" class=\"sr7-layer\">Grand Castor imprescindible<\/p>\n\t\t\t\t\t\t\t<p id=\"SR7_195_1-2229-4\" class=\"sr7-layer\">Situado a unas dos horas de navegaci\u00f3n r\u00e1pida desde Nosy Be, el Banco del Gran Castor es un bajo aislado del noroeste de Madagascar, reconocido por la pesca deportiva. Alterna zonas poco profundas y relieves marcados, creando condiciones favorables para la presencia regular de grandes depredadores tropicales. Sector t\u00e9cnico y exigente, el Gran Castor se dirige a pescadores en busca de combates potentes en una de las zonas offshore m\u00e1s interesantes de la regi\u00f3n.<\/p>\n\t\t\t\t\t\t<\/sr7-slide>\n\t\t\t\t\t\t<sr7-slide id=\"SR7_195_1-2231\" data-key=\"2231\">\n\t\t\t\t\t\t\t<sr7-bg id=\"SR7_195_1-2231-5\" class=\"sr7-layer\"><noscript><img decoding=\"async\" src=\"https:\/\/nosyberevesdepeche.com\/wp-content\/uploads\/peche-nosy-be-banc-grand-castor-thon-jaune-vignette.webp\" alt=\"\" title=\"peche-nosy-be-banc-grand-castor-thon-jaune-vignette\"><\/noscript><\/sr7-bg>\n\t\t\t\t\t\t\t<h2 id=\"SR7_195_1-2231-2\" class=\"sr7-layer\">Las pajareras de atunes de aleta amarilla<\/h2>\n\t\t\t\t\t\t\t<p id=\"SR7_195_1-2231-3\" class=\"sr7-layer\">Grand Castor imprescindible<\/p>\n\t\t\t\t\t\t\t<p id=\"SR7_195_1-2231-4\" class=\"sr7-layer\">son frecuentes en la zona y ofrecen oportunidades espectaculares de pesca con popping. Sin embargo exigen una gran capacidad de reacci\u00f3n : detectar una pajarera a distancia, anticipar sus desplazamientos y posicionar la embarcaci\u00f3n en el momento y el lugar adecuados. En estas situaciones, la experiencia de Jean-Claude, nuestro skipper, marca toda la diferencia.<\/p>\n\t\t\t\t\t\t<\/sr7-slide>\n\t\t\t\t\t\t<sr7-slide id=\"SR7_195_1-2230\" data-key=\"2230\">\n\t\t\t\t\t\t\t<sr7-bg id=\"SR7_195_1-2230-5\" class=\"sr7-layer\"><noscript><img decoding=\"async\" src=\"https:\/\/nosyberevesdepeche.com\/wp-content\/uploads\/peche-madagascar-banc-grand-castor-carangue-gt-4-1-e1772642366304.webp\" alt=\"P\u00eache au gros depuis Nosy be au Banc du Grand Castor : carangue GT au popper\" title=\"P\u00eache au gros depuis Nosy Be\"><\/noscript><\/sr7-bg>\n\t\t\t\t\t\t\t<h2 id=\"SR7_195_1-2230-2\" class=\"sr7-layer\">Oportunidades \u00fanicas<\/h2>\n\t\t\t\t\t\t\t<p id=\"SR7_195_1-2230-3\" class=\"sr7-layer\">Grand Castor imprescindible<\/p>\n\t\t\t\t\t\t\t<p id=\"SR7_195_1-2230-4\" class=\"sr7-layer\">para capturar especies emblem\u00e1ticas : car\u00e1ngidos gigantes, atunes de dientes de perro, atunes de aleta amarilla, peces vela, serviolas, caballas reales, barracudas y el santo grial de los pescadores deportivos, el marl\u00edn negro.<\/p>\n\t\t\t\t\t\t<\/sr7-slide>\n\t\t\t\t\t\t<sr7-slide id=\"SR7_195_1-2232\" data-key=\"2232\">\n\t\t\t\t\t\t\t<sr7-bg id=\"SR7_195_1-2232-5\" class=\"sr7-layer\"><noscript><img decoding=\"async\" src=\"https:\/\/nosyberevesdepeche.com\/wp-content\/uploads\/peche-nosy-be-banc-grand-castor-merou.jpg\" alt=\"P\u00eache au gros depuis Nosy be au Banc du Grand Castor : m\u00e9rou\" title=\"peche-nosy-be-banc-grand-castor-merou\"><\/noscript><\/sr7-bg>\n\t\t\t\t\t\t\t<h2 id=\"SR7_195_1-2232-2\" class=\"sr7-layer\">El jigging, una t\u00e9cnica<\/h2>\n\t\t\t\t\t\t\t<p id=\"SR7_195_1-2232-3\" class=\"sr7-layer\">Grand Castor imprescindible<\/p>\n\t\t\t\t\t\t\t<p id=\"SR7_195_1-2232-4\" class=\"sr7-layer\">muy eficaz para capturar una gran diversidad de especies. Speed jigging, f\u00edsico y t\u00e9cnico, o slow jigging, m\u00e1s accesible y menos fatigante, ofrecen casi siempre excelentes resultados para la pesca deportiva en el Banco del Gran Castor.<\/p>\n\t\t\t\t\t\t<\/sr7-slide>\n\t\t\t\t\t\t<sr7-slide id=\"SR7_195_1-2234\" data-key=\"2234\">\n\t\t\t\t\t\t\t<sr7-bg id=\"SR7_195_1-2234-5\" class=\"sr7-layer\"><noscript><img decoding=\"async\" src=\"https:\/\/nosyberevesdepeche.com\/wp-content\/uploads\/peche-nosy-be-banc-grand-castor-carangue-gt-2.webp\" alt=\"P\u00eache au gros depuis Nosy be au Banc du Grand Castor : carangue gt au jig\" title=\"peche-nosy-be-banc-grand-castor-carangue-gt-2\"><\/noscript><\/sr7-bg>\n\t\t\t\t\t\t\t<h2 id=\"SR7_195_1-2234-2\" class=\"sr7-layer\">Los se\u00f1uelos de superficie<\/h2>\n\t\t\t\t\t\t\t<p id=\"SR7_195_1-2234-3\" class=\"sr7-layer\">Grand Castor imprescindible<\/p>\n\t\t\t\t\t\t\t<p id=\"SR7_195_1-2234-4\" class=\"sr7-layer\">como poppers, stickbaits o shibuki suelen desencadenar los ataques de grandes ejemplares. Dominar la pesca al lance se convierte entonces en una gran ventaja para capturar las mejores GT, petos y barracudas.<\/p>\n\t\t\t\t\t\t<\/sr7-slide>\n\t\t\t\t\t\t<sr7-slide id=\"SR7_195_1-2233\" data-key=\"2233\">\n\t\t\t\t\t\t\t<sr7-bg id=\"SR7_195_1-2233-5\" class=\"sr7-layer\"><noscript><img decoding=\"async\" src=\"https:\/\/nosyberevesdepeche.com\/wp-content\/uploads\/peche-nosy-be-banc-du-grand-castor-groupe-e1772704957910.jpg\" alt=\"P\u00eache au gros depuis Nosy be au Banc du Grand Castor : carangue gt et requin\" title=\"peche-nosy-be-banc-du-grand-castor-groupe\"><\/noscript><\/sr7-bg>\n\t\t\t\t\t\t\t<h2 id=\"SR7_195_1-2233-2\" class=\"sr7-layer\">La pesca deportiva<\/h2>\n\t\t\t\t\t\t\t<p id=\"SR7_195_1-2233-3\" class=\"sr7-layer\">Grand Castor imprescindible<\/p>\n\t\t\t\t\t\t\t<p id=\"SR7_195_1-2233-4\" class=\"sr7-layer\"> se practica a menudo en grupo, entre amigos o entre pescadores individuales que se conocen. Es un deporte donde el fair play y la convivencia son esenciales.<\/p>\n\t\t\t\t\t\t<\/sr7-slide>\n\t\t\t\t\t\t<sr7-slide id=\"SR7_195_1-2253\" data-key=\"2253\">\n\t\t\t\t\t\t<\/sr7-slide>\n\t\t\t\t\t<\/sr7-content>\n\t\t\t\t\t<image_lists style=\"display:none\">\n\t\t\t\t\t\t<img data-src=\"\/\/nosyberevesdepeche.com\/wp-content\/uploads\/peche-nosy-be-banc-grand-castor-carangue-gt-1.jpeg\" data-libid=\"31096\" data-lib=\"medialibrary\" alt=\"P\u00eache au gros au Banc du Grand Castor depuis Nosy Be, Madagascar\" title=\"Banc du Grand Castor depuis Nosy Be\" width=\"0\" height=\"0\" data-dbsrc=\"Ly9ub3N5YmVyZXZlc2RlcGVjaGUuY29tL3dwLWNvbnRlbnQvdXBsb2Fkcy9wZWNoZS1ub3N5LWJlLWJhbmMtZ3JhbmQtY2FzdG9yLWNhcmFuZ3VlLWd0LTEuanBlZw==\"\/>\n\t\t\t\t\t\t<img data-src=\"\/\/nosyberevesdepeche.com\/wp-content\/uploads\/peche-madagascar-banc-grand-castor-carangue-gt-4-1-e1772642366304.webp\" data-libid=\"31088\" data-lib=\"medialibrary\" alt=\"P\u00eache au gros depuis Nosy be au Banc du Grand Castor : carangue GT au popper\" title=\"P\u00eache au gros depuis Nosy Be\" width=\"0\" height=\"0\" data-dbsrc=\"Ly9ub3N5YmVyZXZlc2RlcGVjaGUuY29tL3dwLWNvbnRlbnQvdXBsb2Fkcy9wZWNoZS1tYWRhZ2FzY2FyLWJhbmMtZ3JhbmQtY2FzdG9yLWNhcmFuZ3VlLWd0LTQtMS1lMTc3MjY0MjM2NjMwNC53ZWJw\"\/>\n\t\t\t\t\t\t<img data-src=\"\/\/nosyberevesdepeche.com\/wp-content\/uploads\/peche-nosy-be-banc-grand-castor-thon-jaune.jpg\" data-libid=\"31080\" data-lib=\"medialibrary\" alt=\"P\u00eache au gros depuis Nosy be au Banc du Grand Castor : thon jaune\" title=\"peche-nosy-be-banc-grand-castor-thon-jaune\" width=\"0\" height=\"0\" data-dbsrc=\"Ly9ub3N5YmVyZXZlc2RlcGVjaGUuY29tL3dwLWNvbnRlbnQvdXBsb2Fkcy9wZWNoZS1ub3N5LWJlLWJhbmMtZ3JhbmQtY2FzdG9yLXRob24tamF1bmUuanBn\"\/>\n\t\t\t\t\t\t<img loading=\"lazy\" data-src=\"\/\/nosyberevesdepeche.com\/wp-content\/uploads\/peche-nosy-be-banc-grand-castor-merou.jpg\" data-libid=\"31144\" data-lib=\"medialibrary\" alt=\"P\u00eache au gros depuis Nosy be au Banc du Grand Castor : m\u00e9rou\" title=\"peche-nosy-be-banc-grand-castor-merou\" width=\"0\" height=\"0\" data-dbsrc=\"Ly9ub3N5YmVyZXZlc2RlcGVjaGUuY29tL3dwLWNvbnRlbnQvdXBsb2Fkcy9wZWNoZS1ub3N5LWJlLWJhbmMtZ3JhbmQtY2FzdG9yLW1lcm91LmpwZw==\"\/>\n\t\t\t\t\t\t<img loading=\"lazy\" data-src=\"\/\/nosyberevesdepeche.com\/wp-content\/uploads\/peche-nosy-be-banc-du-grand-castor-groupe-e1772704957910.jpg\" data-libid=\"31184\" data-lib=\"medialibrary\" alt=\"P\u00eache au gros depuis Nosy be au Banc du Grand Castor : carangue gt et requin\" title=\"peche-nosy-be-banc-du-grand-castor-groupe\" width=\"0\" height=\"0\" data-dbsrc=\"Ly9ub3N5YmVyZXZlc2RlcGVjaGUuY29tL3dwLWNvbnRlbnQvdXBsb2Fkcy9wZWNoZS1ub3N5LWJlLWJhbmMtZHUtZ3JhbmQtY2FzdG9yLWdyb3VwZS1lMTc3MjcwNDk1NzkxMC5qcGc=\"\/>\n\t\t\t\t\t\t<img loading=\"lazy\" data-src=\"\/\/nosyberevesdepeche.com\/wp-content\/uploads\/peche-nosy-be-banc-grand-castor-carangue-gt-2.webp\" data-libid=\"31160\" data-lib=\"medialibrary\" alt=\"P\u00eache au gros depuis Nosy be au Banc du Grand Castor : carangue gt au jig\" title=\"peche-nosy-be-banc-grand-castor-carangue-gt-2\" width=\"0\" height=\"0\" data-dbsrc=\"Ly9ub3N5YmVyZXZlc2RlcGVjaGUuY29tL3dwLWNvbnRlbnQvdXBsb2Fkcy9wZWNoZS1ub3N5LWJlLWJhbmMtZ3JhbmQtY2FzdG9yLWNhcmFuZ3VlLWd0LTIud2VicA==\"\/>\n\t\t\t\t\t\t<img loading=\"lazy\" data-src=\"\/\/nosyberevesdepeche.com\/wp-content\/uploads\/peche-nosy-be-banc-grand-castor-thon-jaune-vignette.webp\" data-libid=\"31120\" data-lib=\"medialibrary\" title=\"peche-nosy-be-banc-grand-castor-thon-jaune-vignette\" width=\"0\" height=\"0\" data-dbsrc=\"Ly9ub3N5YmVyZXZlc2RlcGVjaGUuY29tL3dwLWNvbnRlbnQvdXBsb2Fkcy9wZWNoZS1ub3N5LWJlLWJhbmMtZ3JhbmQtY2FzdG9yLXRob24tamF1bmUtdmlnbmV0dGUud2VicA==\"\/>\n\t\t\t\t\t<\/image_lists>\n\t\t\t\t<\/sr7-module>\n\t\t\t\t<script>\n\t\t\t\t\tSR7.PMH ??={}; SR7.PMH[\"SR7_195_1\"] = {cn:100,state:false,fn: function() { if (_tpt!==undefined && _tpt.prepareModuleHeight !== undefined) {  _tpt.prepareModuleHeight({id:\"SR7_195_1\",el:[800,800,700,600,450],type:'standard',shdw:'0',gh:[800,800,700,600,450],gw:[1200,1200,1024,778,480],vpt:['-100px&#039;,&#039;-100px&#039;,&#039;-100px&#039;,&#039;-100px&#039;,&#039;-100px'],size:{fullWidth:true, fullHeight:false},mh:'0',onh:0,onw:98,bg:{color:'{\"orig\":\"transparent\",\"type\":\"solid\",\"string\":\"transparent\"}'},plType:'-1',plColor:'#FFFFFF'});   SR7.PMH[\"SR7_195_1\"].state=true;} else if(SR7.PMH[\"SR7_195_1\"].cn-->0)\tsetTimeout( SR7.PMH[\"SR7_195_1\"].fn,19);}};SR7.PMH[\"SR7_195_1\" ].fn();\n\t\t\t\t<\/script>\n<\/div>\n\t\t\t\t\t\t<\/div>\n\t\t\t\t<\/div>\n\t\t\t\t\t<\/div>\n\t\t\t\t<\/div>\n\t\t<div class=\"elementor-element elementor-element-e1cf234 e-flex e-con-boxed elementor-invisible e-con e-parent\" data-id=\"e1cf234\" data-element_type=\"container\" data-e-type=\"container\" data-settings=\"{&quot;animation&quot;:&quot;slideInUp&quot;,&quot;animation_delay&quot;:200}\">\n\t\t\t\t\t<div class=\"e-con-inner\">\n\t\t\t\t<div class=\"elementor-element elementor-element-1c494d7 elementor-widget elementor-widget-text-editor\" data-id=\"1c494d7\" data-element_type=\"widget\" data-e-type=\"widget\" data-widget_type=\"text-editor.default\">\n\t\t\t\t<div class=\"elementor-widget-container\">\n\t\t\t\t\t\t\t\t\t<p>El Banco del Gran Castor sigue siendo una zona muy productiva, con mucha actividad y una gran variedad de peces.<\/p><p>Es accesible desde Nosy Be en <a href=\"https:\/\/nosyberevesdepeche.com\/es\/pesca-dia-nosy-be\/\">salidas de pesca de un d\u00eda<\/a>, y tambi\u00e9n desde Nosy Mitsio durante las <a href=\"https:\/\/nosyberevesdepeche.com\/es\/pesca-madagascar-nosy-mitsio\/\">estancias<\/a>, y constituye la primera etapa de nuestra <a href=\"https:\/\/nosyberevesdepeche.com\/es\/pesca-nosy-be-catamaran\/\">Expedici\u00f3n en Alta Mar<\/a> en catamar\u00e1n.<\/p>\t\t\t\t\t\t\t\t<\/div>\n\t\t\t\t<\/div>\n\t\t\t\t\t<\/div>\n\t\t\t\t<\/div>\n\t\t\t\t<\/div>\n\t\t","protected":false},"excerpt":{"rendered":"<p>Pesca en Nosy Be : el famoso Banco del Gran Castor El Banco del Gran Castor sigue siendo una zona muy productiva, con mucha actividad y una gran variedad de&#8230;<\/p>\n","protected":false},"author":1,"featured_media":0,"parent":0,"menu_order":0,"comment_status":"closed","ping_status":"closed","template":"elementor_header_footer","meta":{"footnotes":""},"class_list":["post-31248","page","type-page","status-publish"],"yoast_head":"<!-- This site is optimized with the Yoast SEO plugin v27.4 - https:\/\/yoast.com\/product\/yoast-seo-wordpress\/ -->\n<title>P\u00eache au gros Nosy Be : le Banc du Grand Castor, Madagascar - Sue\u00f1os de Pesca en Nosy Be<\/title>\n<meta name=\"description\" content=\"Pesca desde Nosy Be en Madagascar hacia el Banco del Gran Castor, spot extremo para GT y atunes diente de perro.\" \/>\n<meta name=\"robots\" content=\"index, follow, max-snippet:-1, max-image-preview:large, max-video-preview:-1\" \/>\n<link rel=\"canonical\" href=\"https:\/\/nosyberevesdepeche.com\/es\/pesca-madagascar-banco-del-gran-castor\/\" \/>\n<meta property=\"og:locale\" content=\"es_ES\" \/>\n<meta property=\"og:type\" content=\"article\" \/>\n<meta property=\"og:title\" content=\"P\u00eache au gros Nosy Be : le Banc du Grand Castor, Madagascar - Sue\u00f1os de Pesca en Nosy Be\" \/>\n<meta property=\"og:description\" content=\"Pesca desde Nosy Be en Madagascar hacia el Banco del Gran Castor, spot extremo para GT y atunes diente de perro.\" \/>\n<meta property=\"og:url\" content=\"https:\/\/nosyberevesdepeche.com\/es\/pesca-madagascar-banco-del-gran-castor\/\" \/>\n<meta property=\"og:site_name\" content=\"Sue\u00f1os de Pesca en Nosy Be\" \/>\n<meta property=\"article:publisher\" content=\"https:\/\/www.facebook.com\/nosyberevesdepeche\" \/>\n<meta property=\"article:modified_time\" content=\"2026-03-07T12:16:06+00:00\" \/>\n<meta property=\"og:image\" content=\"https:\/\/nosyberevesdepeche.com\/wp-content\/uploads\/sejour-cap-san-sebastien.jpg\" \/>\n\t<meta property=\"og:image:width\" content=\"2048\" \/>\n\t<meta property=\"og:image:height\" content=\"1542\" \/>\n\t<meta property=\"og:image:type\" content=\"image\/jpeg\" \/>\n<meta name=\"twitter:card\" content=\"summary_large_image\" \/>\n<script type=\"application\/ld+json\" class=\"yoast-schema-graph\">{\"@context\":\"https:\\\/\\\/schema.org\",\"@graph\":[{\"@type\":\"WebPage\",\"@id\":\"https:\\\/\\\/nosyberevesdepeche.com\\\/es\\\/pesca-madagascar-banco-del-gran-castor\\\/\",\"url\":\"https:\\\/\\\/nosyberevesdepeche.com\\\/es\\\/pesca-madagascar-banco-del-gran-castor\\\/\",\"name\":\"P\u00eache au gros Nosy Be : le Banc du Grand Castor, Madagascar - Sue\u00f1os de Pesca en Nosy Be\",\"isPartOf\":{\"@id\":\"https:\\\/\\\/nosyberevesdepeche.com\\\/es\\\/#website\"},\"datePublished\":\"2026-03-03T17:14:19+00:00\",\"dateModified\":\"2026-03-07T12:16:06+00:00\",\"description\":\"Pesca desde Nosy Be en Madagascar hacia el Banco del Gran Castor, spot extremo para GT y atunes diente de perro.\",\"breadcrumb\":{\"@id\":\"https:\\\/\\\/nosyberevesdepeche.com\\\/es\\\/pesca-madagascar-banco-del-gran-castor\\\/#breadcrumb\"},\"inLanguage\":\"es\",\"potentialAction\":[{\"@type\":\"ReadAction\",\"target\":[\"https:\\\/\\\/nosyberevesdepeche.com\\\/es\\\/pesca-madagascar-banco-del-gran-castor\\\/\"]}]},{\"@type\":\"BreadcrumbList\",\"@id\":\"https:\\\/\\\/nosyberevesdepeche.com\\\/es\\\/pesca-madagascar-banco-del-gran-castor\\\/#breadcrumb\",\"itemListElement\":[{\"@type\":\"ListItem\",\"position\":1,\"name\":\"Accueil\",\"item\":\"https:\\\/\\\/nosyberevesdepeche.com\\\/es\\\/\"},{\"@type\":\"ListItem\",\"position\":2,\"name\":\"Banco del Gran Castor\"}]},{\"@type\":\"WebSite\",\"@id\":\"https:\\\/\\\/nosyberevesdepeche.com\\\/es\\\/#website\",\"url\":\"https:\\\/\\\/nosyberevesdepeche.com\\\/es\\\/\",\"name\":\"Nosy Be R\u00eaves de P\u00eache\",\"description\":\"Pesca deportiva y big game fishing en Madagascar, desde Nosy Be\",\"publisher\":{\"@id\":\"https:\\\/\\\/nosyberevesdepeche.com\\\/es\\\/#organization\"},\"potentialAction\":[{\"@type\":\"SearchAction\",\"target\":{\"@type\":\"EntryPoint\",\"urlTemplate\":\"https:\\\/\\\/nosyberevesdepeche.com\\\/es\\\/?s={search_term_string}\"},\"query-input\":{\"@type\":\"PropertyValueSpecification\",\"valueRequired\":true,\"valueName\":\"search_term_string\"}}],\"inLanguage\":\"es\"},{\"@type\":\"Organization\",\"@id\":\"https:\\\/\\\/nosyberevesdepeche.com\\\/es\\\/#organization\",\"name\":\"Nosy Be R\u00eaves de P\u00eache\",\"url\":\"https:\\\/\\\/nosyberevesdepeche.com\\\/es\\\/\",\"logo\":{\"@type\":\"ImageObject\",\"inLanguage\":\"es\",\"@id\":\"https:\\\/\\\/nosyberevesdepeche.com\\\/es\\\/#\\\/schema\\\/logo\\\/image\\\/\",\"url\":\"https:\\\/\\\/nosyberevesdepeche.com\\\/wp-content\\\/uploads\\\/sejour-cap-san-sebastien.jpg\",\"contentUrl\":\"https:\\\/\\\/nosyberevesdepeche.com\\\/wp-content\\\/uploads\\\/sejour-cap-san-sebastien.jpg\",\"width\":2048,\"height\":1542,\"caption\":\"Nosy Be R\u00eaves de P\u00eache\"},\"image\":{\"@id\":\"https:\\\/\\\/nosyberevesdepeche.com\\\/es\\\/#\\\/schema\\\/logo\\\/image\\\/\"},\"sameAs\":[\"https:\\\/\\\/www.facebook.com\\\/nosyberevesdepeche\",\"https:\\\/\\\/www.youtube.com\\\/@NosyBeRevesdePeche\",\"https:\\\/\\\/www.instagram.com\\\/nosyberevesdepeche\\\/\",\"https:\\\/\\\/www.tiktok.com\\\/@nosy_be_reves_de_peche\"]}]}<\/script>\n<!-- \/ Yoast SEO plugin. -->","yoast_head_json":{"title":"P\u00eache au gros Nosy Be : le Banc du Grand Castor, Madagascar - Sue\u00f1os de Pesca en Nosy Be","description":"Pesca desde Nosy Be en Madagascar hacia el Banco del Gran Castor, spot extremo para GT y atunes diente de perro.","robots":{"index":"index","follow":"follow","max-snippet":"max-snippet:-1","max-image-preview":"max-image-preview:large","max-video-preview":"max-video-preview:-1"},"canonical":"https:\/\/nosyberevesdepeche.com\/es\/pesca-madagascar-banco-del-gran-castor\/","og_locale":"es_ES","og_type":"article","og_title":"P\u00eache au gros Nosy Be : le Banc du Grand Castor, Madagascar - Sue\u00f1os de Pesca en Nosy Be","og_description":"Pesca desde Nosy Be en Madagascar hacia el Banco del Gran Castor, spot extremo para GT y atunes diente de perro.","og_url":"https:\/\/nosyberevesdepeche.com\/es\/pesca-madagascar-banco-del-gran-castor\/","og_site_name":"Sue\u00f1os de Pesca en Nosy Be","article_publisher":"https:\/\/www.facebook.com\/nosyberevesdepeche","article_modified_time":"2026-03-07T12:16:06+00:00","og_image":[{"width":2048,"height":1542,"url":"https:\/\/nosyberevesdepeche.com\/wp-content\/uploads\/sejour-cap-san-sebastien.jpg","type":"image\/jpeg"}],"twitter_card":"summary_large_image","schema":{"@context":"https:\/\/schema.org","@graph":[{"@type":"WebPage","@id":"https:\/\/nosyberevesdepeche.com\/es\/pesca-madagascar-banco-del-gran-castor\/","url":"https:\/\/nosyberevesdepeche.com\/es\/pesca-madagascar-banco-del-gran-castor\/","name":"P\u00eache au gros Nosy Be : le Banc du Grand Castor, Madagascar - Sue\u00f1os de Pesca en Nosy Be","isPartOf":{"@id":"https:\/\/nosyberevesdepeche.com\/es\/#website"},"datePublished":"2026-03-03T17:14:19+00:00","dateModified":"2026-03-07T12:16:06+00:00","description":"Pesca desde Nosy Be en Madagascar hacia el Banco del Gran Castor, spot extremo para GT y atunes diente de perro.","breadcrumb":{"@id":"https:\/\/nosyberevesdepeche.com\/es\/pesca-madagascar-banco-del-gran-castor\/#breadcrumb"},"inLanguage":"es","potentialAction":[{"@type":"ReadAction","target":["https:\/\/nosyberevesdepeche.com\/es\/pesca-madagascar-banco-del-gran-castor\/"]}]},{"@type":"BreadcrumbList","@id":"https:\/\/nosyberevesdepeche.com\/es\/pesca-madagascar-banco-del-gran-castor\/#breadcrumb","itemListElement":[{"@type":"ListItem","position":1,"name":"Accueil","item":"https:\/\/nosyberevesdepeche.com\/es\/"},{"@type":"ListItem","position":2,"name":"Banco del Gran Castor"}]},{"@type":"WebSite","@id":"https:\/\/nosyberevesdepeche.com\/es\/#website","url":"https:\/\/nosyberevesdepeche.com\/es\/","name":"Nosy Be R\u00eaves de P\u00eache","description":"Pesca deportiva y big game fishing en Madagascar, desde Nosy Be","publisher":{"@id":"https:\/\/nosyberevesdepeche.com\/es\/#organization"},"potentialAction":[{"@type":"SearchAction","target":{"@type":"EntryPoint","urlTemplate":"https:\/\/nosyberevesdepeche.com\/es\/?s={search_term_string}"},"query-input":{"@type":"PropertyValueSpecification","valueRequired":true,"valueName":"search_term_string"}}],"inLanguage":"es"},{"@type":"Organization","@id":"https:\/\/nosyberevesdepeche.com\/es\/#organization","name":"Nosy Be R\u00eaves de P\u00eache","url":"https:\/\/nosyberevesdepeche.com\/es\/","logo":{"@type":"ImageObject","inLanguage":"es","@id":"https:\/\/nosyberevesdepeche.com\/es\/#\/schema\/logo\/image\/","url":"https:\/\/nosyberevesdepeche.com\/wp-content\/uploads\/sejour-cap-san-sebastien.jpg","contentUrl":"https:\/\/nosyberevesdepeche.com\/wp-content\/uploads\/sejour-cap-san-sebastien.jpg","width":2048,"height":1542,"caption":"Nosy Be R\u00eaves de P\u00eache"},"image":{"@id":"https:\/\/nosyberevesdepeche.com\/es\/#\/schema\/logo\/image\/"},"sameAs":["https:\/\/www.facebook.com\/nosyberevesdepeche","https:\/\/www.youtube.com\/@NosyBeRevesdePeche","https:\/\/www.instagram.com\/nosyberevesdepeche\/","https:\/\/www.tiktok.com\/@nosy_be_reves_de_peche"]}]}},"_links":{"self":[{"href":"https:\/\/nosyberevesdepeche.com\/es\/wp-json\/wp\/v2\/pages\/31248","targetHints":{"allow":["GET"]}}],"collection":[{"href":"https:\/\/nosyberevesdepeche.com\/es\/wp-json\/wp\/v2\/pages"}],"about":[{"href":"https:\/\/nosyberevesdepeche.com\/es\/wp-json\/wp\/v2\/types\/page"}],"author":[{"embeddable":true,"href":"https:\/\/nosyberevesdepeche.com\/es\/wp-json\/wp\/v2\/users\/1"}],"replies":[{"embeddable":true,"href":"https:\/\/nosyberevesdepeche.com\/es\/wp-json\/wp\/v2\/comments?post=31248"}],"version-history":[{"count":1,"href":"https:\/\/nosyberevesdepeche.com\/es\/wp-json\/wp\/v2\/pages\/31248\/revisions"}],"predecessor-version":[{"id":31249,"href":"https:\/\/nosyberevesdepeche.com\/es\/wp-json\/wp\/v2\/pages\/31248\/revisions\/31249"}],"wp:attachment":[{"href":"https:\/\/nosyberevesdepeche.com\/es\/wp-json\/wp\/v2\/media?parent=31248"}],"curies":[{"name":"wp","href":"https:\/\/api.w.org\/{rel}","templated":true}]}}