{"id":10358,"date":"2025-02-08T17:32:26","date_gmt":"2025-02-08T16:32:26","guid":{"rendered":"https:\/\/nosyberevesdepeche.com\/aviso-legal\/"},"modified":"2025-06-22T08:30:32","modified_gmt":"2025-06-22T06:30:32","slug":"aviso-legal","status":"publish","type":"page","link":"https:\/\/nosyberevesdepeche.com\/es\/aviso-legal\/","title":{"rendered":"Aviso Legal"},"content":{"rendered":"\t\t<div data-elementor-type=\"wp-page\" data-elementor-id=\"10358\" class=\"elementor elementor-10358 elementor-7474\" data-elementor-post-type=\"page\">\n\t\t\t\t<div class=\"elementor-element elementor-element-3d3ee45 e-flex e-con-boxed e-con e-parent\" data-id=\"3d3ee45\" data-element_type=\"container\" data-e-type=\"container\">\n\t\t\t\t\t<div class=\"e-con-inner\">\n\t\t\t\t<div class=\"elementor-element elementor-element-2bec921 elementor-widget elementor-widget-heading\" data-id=\"2bec921\" data-element_type=\"widget\" data-e-type=\"widget\" data-widget_type=\"heading.default\">\n\t\t\t\t<div class=\"elementor-widget-container\">\n\t\t\t\t\t<h1 class=\"elementor-heading-title elementor-size-default\">Aviso Legal<\/h1>\t\t\t\t<\/div>\n\t\t\t\t<\/div>\n\t\t\t\t\t<\/div>\n\t\t\t\t<\/div>\n\t\t<div class=\"elementor-element elementor-element-6407915 e-flex e-con-boxed e-con e-parent\" data-id=\"6407915\" data-element_type=\"container\" data-e-type=\"container\">\n\t\t\t\t\t<div class=\"e-con-inner\">\n\t\t\t\t<div class=\"elementor-element elementor-element-b76ab9b elementor-widget__width-initial elementor-widget elementor-widget-text-editor\" data-id=\"b76ab9b\" data-element_type=\"widget\" data-e-type=\"widget\" data-widget_type=\"text-editor.default\">\n\t\t\t\t<div class=\"elementor-widget-container\">\n\t\t\t\t\t\t\t\t\t<ol><li><h3>Editor del sitio<\/h3><\/li><\/ol><p>Este sitio est\u00e1 publicado por Nosy Be R\u00eaves de P\u00eache, empresa registrada en Madagascar.<\/p><ul><li>Nombre de la empresa : Nosy Be R\u00eaves de P\u00eache<\/li><li>Forma jur\u00eddica : SARL<\/li><li>Oficina central : MARAB, Ambatoloaka, Nosy Be<\/li><li>Correo electr\u00f3nico : contact@nosyberevesdepeche.com<\/li><li>Tel\u00e9fono: +261 37 51 768 80<\/li><li>Director de publicaci\u00f3n : Nosy Be R\u00eaves de P\u00eache<\/li><\/ul><ol start=\"2\"><li><h3>Anfitri\u00f3n del sitio<\/h3><\/li><\/ol><p>El sitio est\u00e1 alojado en OVHcloud<\/p><ul><li>Empresa : Hostinger International Ltd.<\/li><li>Domicilio social : Calle Lordou Vironos, 61, 6023 Larnaca, Chipre<\/li><li>P\u00e1gina web : <a href=\"https:\/\/www.hostinger.com\">www.hostinger.com<\/a><\/li><\/ul><ol start=\"3\"><li><h3>Propiedad intelectual<\/h3><\/li><\/ol><p>Todo el contenido del sitio (texto, im\u00e1genes, logotipo, etc.) es propiedad exclusiva de Nosy Be R\u00eaves de P\u00eache.<br>Queda prohibida toda reproducci\u00f3n, representaci\u00f3n o distribuci\u00f3n sin autorizaci\u00f3n previa.<\/p><ol start=\"4\"><li><h3>Protecci\u00f3n de datos personales<\/h3><\/li><\/ol><p>Los datos recogidos a trav\u00e9s de los formularios del sitio web est\u00e1n destinados exclusivamente a Nosy Be R\u00eaves de P\u00eache en el marco de la gesti\u00f3n de las solicitudes de contacto o de presupuestos.<br>De conformidad con la legislaci\u00f3n vigente en Madagascar y el RGPD europeo, tienes derecho a acceder, modificar y suprimir tus datos personales.<br>Para ejercer estos derechos, ponte en contacto con nosotros en la siguiente direcci\u00f3n: nosyberevesdepeche@gmail.com<\/p><ol start=\"5\"><li><h3>Responsabilidad<\/h3><\/li><\/ol><p>Nosy Be R\u00eaves de P\u00eache no se hace responsable de ning\u00fan da\u00f1o directo o indirecto derivado del uso del sitio.<\/p><ol start=\"6\"><li><h3>Legislaci\u00f3n aplicable<\/h3><\/li><\/ol><p>Este aviso legal se rige por la legislaci\u00f3n malgache. En caso de litigio, los tribunales competentes son los de Madagascar. <\/p><p>Copyright \u00a9 Nosy Be R\u00eaves de P\u00eache &#8211; 2025. Todos los derechos reservados. <\/p>\t\t\t\t\t\t\t\t<\/div>\n\t\t\t\t<\/div>\n\t\t\t\t\t<\/div>\n\t\t\t\t<\/div>\n\t\t\t\t<\/div>\n\t\t","protected":false},"excerpt":{"rendered":"<p>Aviso Legal Editor del sitio Este sitio est\u00e1 publicado por Nosy Be R\u00eaves de P\u00eache, empresa registrada en Madagascar. Nombre de la empresa : Nosy Be R\u00eaves de P\u00eache Forma&#8230;<\/p>\n","protected":false},"author":1,"featured_media":0,"parent":0,"menu_order":0,"comment_status":"closed","ping_status":"closed","template":"elementor_header_footer","meta":{"footnotes":""},"class_list":["post-10358","page","type-page","status-publish"],"yoast_head":"<!-- This site is optimized with the Yoast SEO plugin v27.4 - https:\/\/yoast.com\/product\/yoast-seo-wordpress\/ -->\n<title>Aviso Legal - Sue\u00f1os de Pesca en Nosy Be<\/title>\n<meta name=\"robots\" content=\"index, follow, max-snippet:-1, max-image-preview:large, max-video-preview:-1\" \/>\n<link rel=\"canonical\" href=\"https:\/\/nosyberevesdepeche.com\/es\/aviso-legal\/\" \/>\n<meta property=\"og:locale\" content=\"es_ES\" \/>\n<meta property=\"og:type\" content=\"article\" \/>\n<meta property=\"og:title\" content=\"Aviso Legal - Sue\u00f1os de Pesca en Nosy Be\" \/>\n<meta property=\"og:description\" content=\"Aviso Legal Editor del sitio Este sitio est\u00e1 publicado por Nosy Be R\u00eaves de P\u00eache, empresa registrada en Madagascar. Nombre de la empresa : Nosy Be R\u00eaves de P\u00eache Forma...\" \/>\n<meta property=\"og:url\" content=\"https:\/\/nosyberevesdepeche.com\/es\/aviso-legal\/\" \/>\n<meta property=\"og:site_name\" content=\"Sue\u00f1os de Pesca en Nosy Be\" \/>\n<meta property=\"article:publisher\" content=\"https:\/\/www.facebook.com\/nosyberevesdepeche\" \/>\n<meta property=\"article:modified_time\" content=\"2025-06-22T06:30:32+00:00\" \/>\n<meta property=\"og:image\" content=\"https:\/\/nosyberevesdepeche.com\/wp-content\/uploads\/sejour-cap-san-sebastien.jpg\" \/>\n\t<meta property=\"og:image:width\" content=\"2048\" \/>\n\t<meta property=\"og:image:height\" content=\"1542\" \/>\n\t<meta property=\"og:image:type\" content=\"image\/jpeg\" \/>\n<meta name=\"twitter:card\" content=\"summary_large_image\" \/>\n<meta name=\"twitter:label1\" content=\"Tiempo de lectura\" \/>\n\t<meta name=\"twitter:data1\" content=\"1 minuto\" \/>\n<script type=\"application\/ld+json\" class=\"yoast-schema-graph\">{\"@context\":\"https:\\\/\\\/schema.org\",\"@graph\":[{\"@type\":\"WebPage\",\"@id\":\"https:\\\/\\\/nosyberevesdepeche.com\\\/es\\\/aviso-legal\\\/\",\"url\":\"https:\\\/\\\/nosyberevesdepeche.com\\\/es\\\/aviso-legal\\\/\",\"name\":\"Aviso Legal - Sue\u00f1os de Pesca en Nosy Be\",\"isPartOf\":{\"@id\":\"https:\\\/\\\/nosyberevesdepeche.com\\\/es\\\/#website\"},\"datePublished\":\"2025-02-08T16:32:26+00:00\",\"dateModified\":\"2025-06-22T06:30:32+00:00\",\"breadcrumb\":{\"@id\":\"https:\\\/\\\/nosyberevesdepeche.com\\\/es\\\/aviso-legal\\\/#breadcrumb\"},\"inLanguage\":\"es\",\"potentialAction\":[{\"@type\":\"ReadAction\",\"target\":[\"https:\\\/\\\/nosyberevesdepeche.com\\\/es\\\/aviso-legal\\\/\"]}]},{\"@type\":\"BreadcrumbList\",\"@id\":\"https:\\\/\\\/nosyberevesdepeche.com\\\/es\\\/aviso-legal\\\/#breadcrumb\",\"itemListElement\":[{\"@type\":\"ListItem\",\"position\":1,\"name\":\"Accueil\",\"item\":\"https:\\\/\\\/nosyberevesdepeche.com\\\/es\\\/\"},{\"@type\":\"ListItem\",\"position\":2,\"name\":\"Aviso Legal\"}]},{\"@type\":\"WebSite\",\"@id\":\"https:\\\/\\\/nosyberevesdepeche.com\\\/es\\\/#website\",\"url\":\"https:\\\/\\\/nosyberevesdepeche.com\\\/es\\\/\",\"name\":\"Nosy Be R\u00eaves de P\u00eache\",\"description\":\"Pesca deportiva y big game fishing en Madagascar, desde Nosy Be\",\"publisher\":{\"@id\":\"https:\\\/\\\/nosyberevesdepeche.com\\\/es\\\/#organization\"},\"potentialAction\":[{\"@type\":\"SearchAction\",\"target\":{\"@type\":\"EntryPoint\",\"urlTemplate\":\"https:\\\/\\\/nosyberevesdepeche.com\\\/es\\\/?s={search_term_string}\"},\"query-input\":{\"@type\":\"PropertyValueSpecification\",\"valueRequired\":true,\"valueName\":\"search_term_string\"}}],\"inLanguage\":\"es\"},{\"@type\":\"Organization\",\"@id\":\"https:\\\/\\\/nosyberevesdepeche.com\\\/es\\\/#organization\",\"name\":\"Nosy Be R\u00eaves de P\u00eache\",\"url\":\"https:\\\/\\\/nosyberevesdepeche.com\\\/es\\\/\",\"logo\":{\"@type\":\"ImageObject\",\"inLanguage\":\"es\",\"@id\":\"https:\\\/\\\/nosyberevesdepeche.com\\\/es\\\/#\\\/schema\\\/logo\\\/image\\\/\",\"url\":\"https:\\\/\\\/nosyberevesdepeche.com\\\/wp-content\\\/uploads\\\/sejour-cap-san-sebastien.jpg\",\"contentUrl\":\"https:\\\/\\\/nosyberevesdepeche.com\\\/wp-content\\\/uploads\\\/sejour-cap-san-sebastien.jpg\",\"width\":2048,\"height\":1542,\"caption\":\"Nosy Be R\u00eaves de P\u00eache\"},\"image\":{\"@id\":\"https:\\\/\\\/nosyberevesdepeche.com\\\/es\\\/#\\\/schema\\\/logo\\\/image\\\/\"},\"sameAs\":[\"https:\\\/\\\/www.facebook.com\\\/nosyberevesdepeche\",\"https:\\\/\\\/www.youtube.com\\\/@NosyBeRevesdePeche\",\"https:\\\/\\\/www.instagram.com\\\/nosyberevesdepeche\\\/\",\"https:\\\/\\\/www.tiktok.com\\\/@nosy_be_reves_de_peche\"]}]}<\/script>\n<!-- \/ Yoast SEO plugin. -->","yoast_head_json":{"title":"Aviso Legal - Sue\u00f1os de Pesca en Nosy Be","robots":{"index":"index","follow":"follow","max-snippet":"max-snippet:-1","max-image-preview":"max-image-preview:large","max-video-preview":"max-video-preview:-1"},"canonical":"https:\/\/nosyberevesdepeche.com\/es\/aviso-legal\/","og_locale":"es_ES","og_type":"article","og_title":"Aviso Legal - Sue\u00f1os de Pesca en Nosy Be","og_description":"Aviso Legal Editor del sitio Este sitio est\u00e1 publicado por Nosy Be R\u00eaves de P\u00eache, empresa registrada en Madagascar. Nombre de la empresa : Nosy Be R\u00eaves de P\u00eache Forma...","og_url":"https:\/\/nosyberevesdepeche.com\/es\/aviso-legal\/","og_site_name":"Sue\u00f1os de Pesca en Nosy Be","article_publisher":"https:\/\/www.facebook.com\/nosyberevesdepeche","article_modified_time":"2025-06-22T06:30:32+00:00","og_image":[{"width":2048,"height":1542,"url":"https:\/\/nosyberevesdepeche.com\/wp-content\/uploads\/sejour-cap-san-sebastien.jpg","type":"image\/jpeg"}],"twitter_card":"summary_large_image","twitter_misc":{"Tiempo de lectura":"1 minuto"},"schema":{"@context":"https:\/\/schema.org","@graph":[{"@type":"WebPage","@id":"https:\/\/nosyberevesdepeche.com\/es\/aviso-legal\/","url":"https:\/\/nosyberevesdepeche.com\/es\/aviso-legal\/","name":"Aviso Legal - Sue\u00f1os de Pesca en Nosy Be","isPartOf":{"@id":"https:\/\/nosyberevesdepeche.com\/es\/#website"},"datePublished":"2025-02-08T16:32:26+00:00","dateModified":"2025-06-22T06:30:32+00:00","breadcrumb":{"@id":"https:\/\/nosyberevesdepeche.com\/es\/aviso-legal\/#breadcrumb"},"inLanguage":"es","potentialAction":[{"@type":"ReadAction","target":["https:\/\/nosyberevesdepeche.com\/es\/aviso-legal\/"]}]},{"@type":"BreadcrumbList","@id":"https:\/\/nosyberevesdepeche.com\/es\/aviso-legal\/#breadcrumb","itemListElement":[{"@type":"ListItem","position":1,"name":"Accueil","item":"https:\/\/nosyberevesdepeche.com\/es\/"},{"@type":"ListItem","position":2,"name":"Aviso Legal"}]},{"@type":"WebSite","@id":"https:\/\/nosyberevesdepeche.com\/es\/#website","url":"https:\/\/nosyberevesdepeche.com\/es\/","name":"Nosy Be R\u00eaves de P\u00eache","description":"Pesca deportiva y big game fishing en Madagascar, desde Nosy Be","publisher":{"@id":"https:\/\/nosyberevesdepeche.com\/es\/#organization"},"potentialAction":[{"@type":"SearchAction","target":{"@type":"EntryPoint","urlTemplate":"https:\/\/nosyberevesdepeche.com\/es\/?s={search_term_string}"},"query-input":{"@type":"PropertyValueSpecification","valueRequired":true,"valueName":"search_term_string"}}],"inLanguage":"es"},{"@type":"Organization","@id":"https:\/\/nosyberevesdepeche.com\/es\/#organization","name":"Nosy Be R\u00eaves de P\u00eache","url":"https:\/\/nosyberevesdepeche.com\/es\/","logo":{"@type":"ImageObject","inLanguage":"es","@id":"https:\/\/nosyberevesdepeche.com\/es\/#\/schema\/logo\/image\/","url":"https:\/\/nosyberevesdepeche.com\/wp-content\/uploads\/sejour-cap-san-sebastien.jpg","contentUrl":"https:\/\/nosyberevesdepeche.com\/wp-content\/uploads\/sejour-cap-san-sebastien.jpg","width":2048,"height":1542,"caption":"Nosy Be R\u00eaves de P\u00eache"},"image":{"@id":"https:\/\/nosyberevesdepeche.com\/es\/#\/schema\/logo\/image\/"},"sameAs":["https:\/\/www.facebook.com\/nosyberevesdepeche","https:\/\/www.youtube.com\/@NosyBeRevesdePeche","https:\/\/www.instagram.com\/nosyberevesdepeche\/","https:\/\/www.tiktok.com\/@nosy_be_reves_de_peche"]}]}},"_links":{"self":[{"href":"https:\/\/nosyberevesdepeche.com\/es\/wp-json\/wp\/v2\/pages\/10358","targetHints":{"allow":["GET"]}}],"collection":[{"href":"https:\/\/nosyberevesdepeche.com\/es\/wp-json\/wp\/v2\/pages"}],"about":[{"href":"https:\/\/nosyberevesdepeche.com\/es\/wp-json\/wp\/v2\/types\/page"}],"author":[{"embeddable":true,"href":"https:\/\/nosyberevesdepeche.com\/es\/wp-json\/wp\/v2\/users\/1"}],"replies":[{"embeddable":true,"href":"https:\/\/nosyberevesdepeche.com\/es\/wp-json\/wp\/v2\/comments?post=10358"}],"version-history":[{"count":6,"href":"https:\/\/nosyberevesdepeche.com\/es\/wp-json\/wp\/v2\/pages\/10358\/revisions"}],"predecessor-version":[{"id":20359,"href":"https:\/\/nosyberevesdepeche.com\/es\/wp-json\/wp\/v2\/pages\/10358\/revisions\/20359"}],"wp:attachment":[{"href":"https:\/\/nosyberevesdepeche.com\/es\/wp-json\/wp\/v2\/media?parent=10358"}],"curies":[{"name":"wp","href":"https:\/\/api.w.org\/{rel}","templated":true}]}}