{"id":8290,"date":"2025-01-02T11:57:13","date_gmt":"2025-01-02T10:57:13","guid":{"rendered":"https:\/\/nosyberevesdepeche.com\/index.php\/fishing-radamas-archipelago\/"},"modified":"2026-02-05T05:14:30","modified_gmt":"2026-02-05T04:14:30","slug":"fishing-madagascar-radama-archipelago","status":"publish","type":"page","link":"https:\/\/nosyberevesdepeche.com\/en\/fishing-madagascar-radama-archipelago\/","title":{"rendered":"Radama Archipelago"},"content":{"rendered":"\t\t<div data-elementor-type=\"wp-page\" data-elementor-id=\"8290\" class=\"elementor elementor-8290 elementor-2090\" data-elementor-post-type=\"page\">\n\t\t\t\t<div class=\"elementor-element elementor-element-4b3ad14 animated-slow e-flex e-con-boxed elementor-invisible e-con e-parent\" data-id=\"4b3ad14\" data-element_type=\"container\" data-e-type=\"container\" data-settings=\"{&quot;animation&quot;:&quot;fadeIn&quot;,&quot;animation_delay&quot;:0}\">\n\t\t\t\t\t<div class=\"e-con-inner\">\n\t\t\t\t<div class=\"elementor-element elementor-element-bb17b94 elementor-widget__width-inherit elementor-widget elementor-widget-heading\" data-id=\"bb17b94\" data-element_type=\"widget\" data-e-type=\"widget\" data-widget_type=\"heading.default\">\n\t\t\t\t<div class=\"elementor-widget-container\">\n\t\t\t\t\t<h1 class=\"elementor-heading-title elementor-size-default\">Enchanting Radama, an iconic fishing destination in Madagascar<\/h1>\t\t\t\t<\/div>\n\t\t\t\t<\/div>\n\t\t\t\t\t<\/div>\n\t\t\t\t<\/div>\n\t\t<div class=\"elementor-element elementor-element-e625756 e-flex e-con-boxed elementor-invisible e-con e-parent\" data-id=\"e625756\" data-element_type=\"container\" data-e-type=\"container\" data-settings=\"{&quot;animation&quot;:&quot;fadeIn&quot;}\">\n\t\t\t\t\t<div class=\"e-con-inner\">\n\t\t\t\t<div class=\"elementor-element elementor-element-27904d5 elementor-widget elementor-widget-shortcode\" data-id=\"27904d5\" data-element_type=\"widget\" data-e-type=\"widget\" data-widget_type=\"shortcode.default\">\n\t\t\t\t<div class=\"elementor-widget-container\">\n\t\t\t\t\t\t\t<div class=\"elementor-shortcode\">\n\t\t\t\t<p class=\"rs-p-wp-fix\"><\/p>\n\t\t\t\t<sr7-module data-alias=\"envoutantes-clean-news-slider\" data-id=\"101\" id=\"SR7_101_1\" data-version=\"6.7.41\">\n\t\t\t\t\t<sr7-adjuster><\/sr7-adjuster>\n\t\t\t\t\t<sr7-content>\n\t\t\t\t\t\t<sr7-slide id=\"SR7_101_1-335\" data-key=\"335\">\n\t\t\t\t\t\t\t<sr7-bg id=\"SR7_101_1-335-slidebg\" class=\"sr7-layer\"><noscript><img decoding=\"async\" src=\"https:\/\/nosyberevesdepeche.com\/wp-content\/uploads\/peche-madagascar-archipel-radama-zone-de-peche-e1764255382439.webp\" alt=\"L&#039;archipel des Radama, au sud de Nosy Be, est une destination incontournable pour la p\u00eache sportive \u00e0 Madagascar.\" title=\"Archipel des Radama : la zone de p\u00eache\"><\/noscript><\/sr7-bg>\n\t\t\t\t\t\t\t<h2 id=\"SR7_101_1-335-2\" class=\"sr7-layer\">The fishing area<\/h2>\n\t\t\t\t\t\t\t<p id=\"SR7_101_1-335-3\" class=\"sr7-layer\">Radama The Sublime<\/p>\n\t\t\t\t\t\t\t<p id=\"SR7_101_1-335-4\" class=\"sr7-layer\">The Radama Archipelago, south of Nosy Be, is a must-visit destination for sport fishing in Madagascar. Its fish-rich and diverse waters are home to an exceptional marine biodiversity.\nThanks to our large fuel reserve, we frequently reach this area during our full-day trips from Nosy Be, fishing along the way near the stunning island of Nosy Iranja.\n<\/p>\n\t\t\t\t\t\t<\/sr7-slide>\n\t\t\t\t\t\t<sr7-slide id=\"SR7_101_1-355\" data-key=\"355\">\n\t\t\t\t\t\t\t<sr7-bg id=\"SR7_101_1-355-slidebg\" class=\"sr7-layer\"><noscript><img decoding=\"async\" src=\"https:\/\/nosyberevesdepeche.com\/wp-content\/uploads\/peche-madagascar-archipel-radama-techniques-de-peche.webp\" alt=\"Popping et jigging sont deux techniques tr\u00e8s efficaces pour la p\u00eache sportive dans l&#039;archipel des Radama, Madagascar.\" title=\"Archipel des Radama : les techniques de p\u00eache\"><\/noscript><\/sr7-bg>\n\t\t\t\t\t\t\t<h2 id=\"SR7_101_1-355-2\" class=\"sr7-layer\">The fishing techniques<\/h2>\n\t\t\t\t\t\t\t<p id=\"SR7_101_1-355-3\" class=\"sr7-layer\">Radama The Sublime<\/p>\n\t\t\t\t\t\t\t<p id=\"SR7_101_1-355-4\" class=\"sr7-layer\">are as varied as the species encountered. Popping is particularly effective on coral plateaus to trigger giant trevally attacks, while vertical jigging in deep waters targets predators such as dogtooth tuna or amberjack. Trolling in pelagic zones allows for the capture of sailfish and marlins.<\/p>\n\t\t\t\t\t\t<\/sr7-slide>\n\t\t\t\t\t\t<sr7-slide id=\"SR7_101_1-336\" data-key=\"336\">\n\t\t\t\t\t\t\t<sr7-bg id=\"SR7_101_1-336-slidebg\" class=\"sr7-layer\"><noscript><img decoding=\"async\" src=\"https:\/\/nosyberevesdepeche.com\/wp-content\/uploads\/peche-madagascar-archipel-des-radama-opportunites-uniques-1-e1764786016978.webp\" alt=\"L\u2019archipel des Radama \u00e0 Madagascar, pr\u00e9sente une diversit\u00e9 de poissons exceptionnelles pour des sorties de p\u00eache uniques.\" title=\"Archipel des Radama : opportunit\u00e9s uniques pour la p\u00eache\"><\/noscript><\/sr7-bg>\n\t\t\t\t\t\t\t<h2 id=\"SR7_101_1-336-2\" class=\"sr7-layer\">Unique opportunities<\/h2>\n\t\t\t\t\t\t\t<p id=\"SR7_101_1-336-3\" class=\"sr7-layer\">Radama The Sublime<\/p>\n\t\t\t\t\t\t\t<p id=\"SR7_101_1-336-4\" class=\"sr7-layer\">to catch iconic species : giant trevally, dogtooth tuna, yellowfin tuna, sailfish, amberjack, king mackerel, barracuda, and the holy grail for sport fishermen, the black marlin.<\/p>\n\t\t\t\t\t\t<\/sr7-slide>\n\t\t\t\t\t\t<sr7-slide id=\"SR7_101_1-337\" data-key=\"337\">\n\t\t\t\t\t\t\t<sr7-bg id=\"SR7_101_1-337-slidebg\" class=\"sr7-layer\"><noscript><img decoding=\"async\" src=\"https:\/\/nosyberevesdepeche.com\/wp-content\/uploads\/peche-madagascar-archipel-radama-carangue-gt-e1765637278889.webp\" alt=\"Notre \u00e9quipage ma\u00eetrise toutes les techniques de p\u00eache exotique \u00e0 Madagascar, et vous assistera en toute occasion.\" title=\"Archipel des Radama : expertise de l&#8217;\u00e9quipage\"><\/noscript><\/sr7-bg>\n\t\t\t\t\t\t\t<h2 id=\"SR7_101_1-337-2\" class=\"sr7-layer\">Thanks to the expertise and dedication<\/h2>\n\t\t\t\t\t\t\t<p id=\"SR7_101_1-337-3\" class=\"sr7-layer\">Radama The Sublime<\/p>\n\t\t\t\t\t\t\t<p id=\"SR7_101_1-337-4\" class=\"sr7-layer\">of our crew, anglers can switch between different techniques depending on the day\u2019s conditions to maximize their chances of success. The Radama Archipelago, with its abundant wildlife and technical challenges, is an ideal playground for sport fishing enthusiasts.<\/p>\n\t\t\t\t\t\t<\/sr7-slide>\n\t\t\t\t\t\t<sr7-slide id=\"SR7_101_1-339\" data-key=\"339\">\n\t\t\t\t\t\t\t<sr7-bg id=\"SR7_101_1-339-slidebg\" class=\"sr7-layer\"><noscript><img decoding=\"async\" src=\"https:\/\/nosyberevesdepeche.com\/wp-content\/uploads\/peche-madagascar-archipel-des-radama-popping-1-e1764787803819.webp\" alt=\"Le popping s&#039;impose comme la technique de p\u00eache reine sur les r\u00e9cifs coralliens des Radama \u00e0 Madagascar\" title=\"Archipel des Radama : p\u00eache sur les r\u00e9cifs coralliens\"><\/noscript><\/sr7-bg>\n\t\t\t\t\t\t\t<h2 id=\"SR7_101_1-339-2\" class=\"sr7-layer\">On the coral plateaus<\/h2>\n\t\t\t\t\t\t\t<p id=\"SR7_101_1-339-3\" class=\"sr7-layer\">Radama The Sublime<\/p>\n\t\t\t\t\t\t\t<p id=\"SR7_101_1-339-4\" class=\"sr7-layer\">of Radama, popping stands out as the leading technique. In the heart of fusilier hunts, it becomes a formidable weapon to trigger surface strikes from big GTs, wahoos and barracudas.<\/p>\n\t\t\t\t\t\t<\/sr7-slide>\n\t\t\t\t\t\t<sr7-slide id=\"SR7_101_1-338\" data-key=\"338\">\n\t\t\t\t\t\t\t<sr7-bg id=\"SR7_101_1-338-slidebg\" class=\"sr7-layer\"><noscript><img decoding=\"async\" src=\"https:\/\/nosyberevesdepeche.com\/wp-content\/uploads\/peche-madagascar-archipel-radama-cadre-idylique-e1764779826659.webp\" alt=\"Baignade \u00e0 Nosy Iranja au retour de la p\u00eache dans l&#039;archipel des Radama, Madagascar\" title=\"Archipel des Radama : cadre idyllique\"><\/noscript><\/sr7-bg>\n\t\t\t\t\t\t\t<h2 id=\"SR7_101_1-338-2\" class=\"sr7-layer\">An idyllic setting<\/h2>\n\t\t\t\t\t\t\t<p id=\"SR7_101_1-338-3\" class=\"sr7-layer\">Radama The Sublime<\/p>\n\t\t\t\t\t\t\t<p id=\"SR7_101_1-338-4\" class=\"sr7-layer\">for a swim in the turquoise waters of Nosy Iranja. How could you better crown an intense fishing day in the Radama archipelago ? Madagascar is magical.<\/p>\n\t\t\t\t\t\t<\/sr7-slide>\n\t\t\t\t\t\t<sr7-slide id=\"SR7_101_1-741\" data-key=\"741\">\n\t\t\t\t\t\t<\/sr7-slide>\n\t\t\t\t\t<\/sr7-content>\n\t\t\t\t<\/sr7-module>\n\t\t\t\t<script>\n\t\t\t\t\tSR7.PMH ??={}; SR7.PMH[\"SR7_101_1\"] = {cn:100,state:false,fn: function() { if (_tpt!==undefined && _tpt.prepareModuleHeight !== undefined) {  _tpt.prepareModuleHeight({id:\"SR7_101_1\",el:[800,600,600,450],type:'standard',shdw:'0',gh:[800,700,600,450],gw:[1200,1024,778,480],vpt:['-200px'],size:{fullWidth:true, fullHeight:false},mh:'0',onh:0,onw:0,bg:{color:'transparent'},plType:'-1',plColor:'#FFFFFF'});   SR7.PMH[\"SR7_101_1\"].state=true;} else if(SR7.PMH[\"SR7_101_1\"].cn-->0)\tsetTimeout( SR7.PMH[\"SR7_101_1\"].fn,19);}};SR7.PMH[\"SR7_101_1\" ].fn();\n\t\t\t\t<\/script>\n<\/div>\n\t\t\t\t\t\t<\/div>\n\t\t\t\t<\/div>\n\t\t\t\t\t<\/div>\n\t\t\t\t<\/div>\n\t\t<div class=\"elementor-element elementor-element-a1e5c9c e-flex e-con-boxed elementor-invisible e-con e-parent\" data-id=\"a1e5c9c\" data-element_type=\"container\" data-e-type=\"container\" data-settings=\"{&quot;animation&quot;:&quot;slideInUp&quot;,&quot;animation_delay&quot;:200}\">\n\t\t\t\t\t<div class=\"e-con-inner\">\n\t\t\t\t<div class=\"elementor-element elementor-element-4bb9a4e elementor-widget__width-initial elementor-widget elementor-widget-text-editor\" data-id=\"4bb9a4e\" data-element_type=\"widget\" data-e-type=\"widget\" data-settings=\"{&quot;_animation&quot;:&quot;none&quot;,&quot;_animation_delay&quot;:0}\" data-widget_type=\"text-editor.default\">\n\t\t\t\t<div class=\"elementor-widget-container\">\n\t\t\t\t\t\t\t\t\t<p>Fishing in Madagascar finds one of its true gems in the Radama archipelago, located about 80 km south of Nosy Be.<\/p><p>During our <a href=\"https:\/\/nosyberevesdepeche.com\/en\/full-day-fishing-nosy-be\/\">day trips<\/a>, we often begin the action offshore from Nosy Iranja before heading toward the Radama banks, renowned for their remarkable fish density and diversity.<\/p>\t\t\t\t\t\t\t\t<\/div>\n\t\t\t\t<\/div>\n\t\t\t\t\t<\/div>\n\t\t\t\t<\/div>\n\t\t\t\t<\/div>\n\t\t","protected":false},"excerpt":{"rendered":"<p>Enchanting Radama, an iconic fishing destination in Madagascar Fishing in Madagascar finds one of its true gems in the Radama archipelago, located about 80 km south of Nosy Be. During&#8230;<\/p>\n","protected":false},"author":1,"featured_media":26954,"parent":0,"menu_order":0,"comment_status":"closed","ping_status":"closed","template":"elementor_header_footer","meta":{"footnotes":""},"class_list":["post-8290","page","type-page","status-publish","has-post-thumbnail"],"yoast_head":"<!-- This site is optimized with the Yoast SEO plugin v27.4 - https:\/\/yoast.com\/product\/yoast-seo-wordpress\/ -->\n<title>Radama Archipelago, paradise for fishing in Madagascar - Nosy Be R\u00eaves de P\u00eache<\/title>\n<meta name=\"description\" content=\"Discover the wonderful Radama Archipelago, about 90 km south of Nosy Be, a paradise for fishing in Madagascar.\" \/>\n<meta name=\"robots\" content=\"index, follow, max-snippet:-1, max-image-preview:large, max-video-preview:-1\" \/>\n<link rel=\"canonical\" href=\"https:\/\/nosyberevesdepeche.com\/en\/fishing-madagascar-radama-archipelago\/\" \/>\n<meta property=\"og:locale\" content=\"en_US\" \/>\n<meta property=\"og:type\" content=\"article\" \/>\n<meta property=\"og:title\" content=\"Radama Archipelago, paradise for fishing in Madagascar - Nosy Be R\u00eaves de P\u00eache\" \/>\n<meta property=\"og:description\" content=\"Discover the wonderful Radama Archipelago, about 90 km south of Nosy Be, a paradise for fishing in Madagascar.\" \/>\n<meta property=\"og:url\" content=\"https:\/\/nosyberevesdepeche.com\/en\/fishing-madagascar-radama-archipelago\/\" \/>\n<meta property=\"og:site_name\" content=\"Nosy Be R\u00eaves de P\u00eache\" \/>\n<meta property=\"article:publisher\" content=\"https:\/\/www.facebook.com\/nosyberevesdepeche\" \/>\n<meta property=\"article:modified_time\" content=\"2026-02-05T04:14:30+00:00\" \/>\n<meta property=\"og:image\" content=\"https:\/\/nosyberevesdepeche.com\/wp-content\/uploads\/peche-madagascar-archipel-radama-page-e1764782155131.webp\" \/>\n\t<meta property=\"og:image:width\" content=\"2048\" \/>\n\t<meta property=\"og:image:height\" content=\"1542\" \/>\n\t<meta property=\"og:image:type\" content=\"image\/webp\" \/>\n<meta name=\"twitter:card\" content=\"summary_large_image\" \/>\n<meta name=\"twitter:label1\" content=\"Est. reading time\" \/>\n\t<meta name=\"twitter:data1\" content=\"1 minute\" \/>\n<script type=\"application\/ld+json\" class=\"yoast-schema-graph\">{\"@context\":\"https:\\\/\\\/schema.org\",\"@graph\":[{\"@type\":\"WebPage\",\"@id\":\"https:\\\/\\\/nosyberevesdepeche.com\\\/en\\\/fishing-madagascar-radama-archipelago\\\/\",\"url\":\"https:\\\/\\\/nosyberevesdepeche.com\\\/en\\\/fishing-madagascar-radama-archipelago\\\/\",\"name\":\"Radama Archipelago, paradise for fishing in Madagascar - Nosy Be R\u00eaves de P\u00eache\",\"isPartOf\":{\"@id\":\"https:\\\/\\\/nosyberevesdepeche.com\\\/en\\\/#website\"},\"primaryImageOfPage\":{\"@id\":\"https:\\\/\\\/nosyberevesdepeche.com\\\/en\\\/fishing-madagascar-radama-archipelago\\\/#primaryimage\"},\"image\":{\"@id\":\"https:\\\/\\\/nosyberevesdepeche.com\\\/en\\\/fishing-madagascar-radama-archipelago\\\/#primaryimage\"},\"thumbnailUrl\":\"https:\\\/\\\/nosyberevesdepeche.com\\\/wp-content\\\/uploads\\\/peche-madagascar-archipel-radama-page-e1764782155131.webp\",\"datePublished\":\"2025-01-02T10:57:13+00:00\",\"dateModified\":\"2026-02-05T04:14:30+00:00\",\"description\":\"Discover the wonderful Radama Archipelago, about 90 km south of Nosy Be, a paradise for fishing in Madagascar.\",\"breadcrumb\":{\"@id\":\"https:\\\/\\\/nosyberevesdepeche.com\\\/en\\\/fishing-madagascar-radama-archipelago\\\/#breadcrumb\"},\"inLanguage\":\"en-US\",\"potentialAction\":[{\"@type\":\"ReadAction\",\"target\":[\"https:\\\/\\\/nosyberevesdepeche.com\\\/en\\\/fishing-madagascar-radama-archipelago\\\/\"]}]},{\"@type\":\"ImageObject\",\"inLanguage\":\"en-US\",\"@id\":\"https:\\\/\\\/nosyberevesdepeche.com\\\/en\\\/fishing-madagascar-radama-archipelago\\\/#primaryimage\",\"url\":\"https:\\\/\\\/nosyberevesdepeche.com\\\/wp-content\\\/uploads\\\/peche-madagascar-archipel-radama-page-e1764782155131.webp\",\"contentUrl\":\"https:\\\/\\\/nosyberevesdepeche.com\\\/wp-content\\\/uploads\\\/peche-madagascar-archipel-radama-page-e1764782155131.webp\",\"width\":2048,\"height\":1542,\"caption\":\"Our crew has mastered all the techniques of exotic fishing in Madagascar, and will assist you at every opportunity.\"},{\"@type\":\"BreadcrumbList\",\"@id\":\"https:\\\/\\\/nosyberevesdepeche.com\\\/en\\\/fishing-madagascar-radama-archipelago\\\/#breadcrumb\",\"itemListElement\":[{\"@type\":\"ListItem\",\"position\":1,\"name\":\"Accueil\",\"item\":\"https:\\\/\\\/nosyberevesdepeche.com\\\/en\\\/\"},{\"@type\":\"ListItem\",\"position\":2,\"name\":\"Radama Archipelago\"}]},{\"@type\":\"WebSite\",\"@id\":\"https:\\\/\\\/nosyberevesdepeche.com\\\/en\\\/#website\",\"url\":\"https:\\\/\\\/nosyberevesdepeche.com\\\/en\\\/\",\"name\":\"Nosy Be R\u00eaves de P\u00eache\",\"description\":\"Sport fishing and big game fishing in Madagascar, from Nosy Be\",\"publisher\":{\"@id\":\"https:\\\/\\\/nosyberevesdepeche.com\\\/en\\\/#organization\"},\"potentialAction\":[{\"@type\":\"SearchAction\",\"target\":{\"@type\":\"EntryPoint\",\"urlTemplate\":\"https:\\\/\\\/nosyberevesdepeche.com\\\/en\\\/?s={search_term_string}\"},\"query-input\":{\"@type\":\"PropertyValueSpecification\",\"valueRequired\":true,\"valueName\":\"search_term_string\"}}],\"inLanguage\":\"en-US\"},{\"@type\":\"Organization\",\"@id\":\"https:\\\/\\\/nosyberevesdepeche.com\\\/en\\\/#organization\",\"name\":\"Nosy Be R\u00eaves de P\u00eache\",\"url\":\"https:\\\/\\\/nosyberevesdepeche.com\\\/en\\\/\",\"logo\":{\"@type\":\"ImageObject\",\"inLanguage\":\"en-US\",\"@id\":\"https:\\\/\\\/nosyberevesdepeche.com\\\/en\\\/#\\\/schema\\\/logo\\\/image\\\/\",\"url\":\"https:\\\/\\\/nosyberevesdepeche.com\\\/wp-content\\\/uploads\\\/sejour-cap-san-sebastien.jpg\",\"contentUrl\":\"https:\\\/\\\/nosyberevesdepeche.com\\\/wp-content\\\/uploads\\\/sejour-cap-san-sebastien.jpg\",\"width\":2048,\"height\":1542,\"caption\":\"Nosy Be R\u00eaves de P\u00eache\"},\"image\":{\"@id\":\"https:\\\/\\\/nosyberevesdepeche.com\\\/en\\\/#\\\/schema\\\/logo\\\/image\\\/\"},\"sameAs\":[\"https:\\\/\\\/www.facebook.com\\\/nosyberevesdepeche\",\"https:\\\/\\\/www.youtube.com\\\/@NosyBeRevesdePeche\",\"https:\\\/\\\/www.instagram.com\\\/nosyberevesdepeche\\\/\",\"https:\\\/\\\/www.tiktok.com\\\/@nosy_be_reves_de_peche\"]}]}<\/script>\n<!-- \/ Yoast SEO plugin. -->","yoast_head_json":{"title":"Radama Archipelago, paradise for fishing in Madagascar - Nosy Be R\u00eaves de P\u00eache","description":"Discover the wonderful Radama Archipelago, about 90 km south of Nosy Be, a paradise for fishing in Madagascar.","robots":{"index":"index","follow":"follow","max-snippet":"max-snippet:-1","max-image-preview":"max-image-preview:large","max-video-preview":"max-video-preview:-1"},"canonical":"https:\/\/nosyberevesdepeche.com\/en\/fishing-madagascar-radama-archipelago\/","og_locale":"en_US","og_type":"article","og_title":"Radama Archipelago, paradise for fishing in Madagascar - Nosy Be R\u00eaves de P\u00eache","og_description":"Discover the wonderful Radama Archipelago, about 90 km south of Nosy Be, a paradise for fishing in Madagascar.","og_url":"https:\/\/nosyberevesdepeche.com\/en\/fishing-madagascar-radama-archipelago\/","og_site_name":"Nosy Be R\u00eaves de P\u00eache","article_publisher":"https:\/\/www.facebook.com\/nosyberevesdepeche","article_modified_time":"2026-02-05T04:14:30+00:00","og_image":[{"width":2048,"height":1542,"url":"https:\/\/nosyberevesdepeche.com\/wp-content\/uploads\/peche-madagascar-archipel-radama-page-e1764782155131.webp","type":"image\/webp"}],"twitter_card":"summary_large_image","twitter_misc":{"Est. reading time":"1 minute"},"schema":{"@context":"https:\/\/schema.org","@graph":[{"@type":"WebPage","@id":"https:\/\/nosyberevesdepeche.com\/en\/fishing-madagascar-radama-archipelago\/","url":"https:\/\/nosyberevesdepeche.com\/en\/fishing-madagascar-radama-archipelago\/","name":"Radama Archipelago, paradise for fishing in Madagascar - Nosy Be R\u00eaves de P\u00eache","isPartOf":{"@id":"https:\/\/nosyberevesdepeche.com\/en\/#website"},"primaryImageOfPage":{"@id":"https:\/\/nosyberevesdepeche.com\/en\/fishing-madagascar-radama-archipelago\/#primaryimage"},"image":{"@id":"https:\/\/nosyberevesdepeche.com\/en\/fishing-madagascar-radama-archipelago\/#primaryimage"},"thumbnailUrl":"https:\/\/nosyberevesdepeche.com\/wp-content\/uploads\/peche-madagascar-archipel-radama-page-e1764782155131.webp","datePublished":"2025-01-02T10:57:13+00:00","dateModified":"2026-02-05T04:14:30+00:00","description":"Discover the wonderful Radama Archipelago, about 90 km south of Nosy Be, a paradise for fishing in Madagascar.","breadcrumb":{"@id":"https:\/\/nosyberevesdepeche.com\/en\/fishing-madagascar-radama-archipelago\/#breadcrumb"},"inLanguage":"en-US","potentialAction":[{"@type":"ReadAction","target":["https:\/\/nosyberevesdepeche.com\/en\/fishing-madagascar-radama-archipelago\/"]}]},{"@type":"ImageObject","inLanguage":"en-US","@id":"https:\/\/nosyberevesdepeche.com\/en\/fishing-madagascar-radama-archipelago\/#primaryimage","url":"https:\/\/nosyberevesdepeche.com\/wp-content\/uploads\/peche-madagascar-archipel-radama-page-e1764782155131.webp","contentUrl":"https:\/\/nosyberevesdepeche.com\/wp-content\/uploads\/peche-madagascar-archipel-radama-page-e1764782155131.webp","width":2048,"height":1542,"caption":"Our crew has mastered all the techniques of exotic fishing in Madagascar, and will assist you at every opportunity."},{"@type":"BreadcrumbList","@id":"https:\/\/nosyberevesdepeche.com\/en\/fishing-madagascar-radama-archipelago\/#breadcrumb","itemListElement":[{"@type":"ListItem","position":1,"name":"Accueil","item":"https:\/\/nosyberevesdepeche.com\/en\/"},{"@type":"ListItem","position":2,"name":"Radama Archipelago"}]},{"@type":"WebSite","@id":"https:\/\/nosyberevesdepeche.com\/en\/#website","url":"https:\/\/nosyberevesdepeche.com\/en\/","name":"Nosy Be R\u00eaves de P\u00eache","description":"Sport fishing and big game fishing in Madagascar, from Nosy Be","publisher":{"@id":"https:\/\/nosyberevesdepeche.com\/en\/#organization"},"potentialAction":[{"@type":"SearchAction","target":{"@type":"EntryPoint","urlTemplate":"https:\/\/nosyberevesdepeche.com\/en\/?s={search_term_string}"},"query-input":{"@type":"PropertyValueSpecification","valueRequired":true,"valueName":"search_term_string"}}],"inLanguage":"en-US"},{"@type":"Organization","@id":"https:\/\/nosyberevesdepeche.com\/en\/#organization","name":"Nosy Be R\u00eaves de P\u00eache","url":"https:\/\/nosyberevesdepeche.com\/en\/","logo":{"@type":"ImageObject","inLanguage":"en-US","@id":"https:\/\/nosyberevesdepeche.com\/en\/#\/schema\/logo\/image\/","url":"https:\/\/nosyberevesdepeche.com\/wp-content\/uploads\/sejour-cap-san-sebastien.jpg","contentUrl":"https:\/\/nosyberevesdepeche.com\/wp-content\/uploads\/sejour-cap-san-sebastien.jpg","width":2048,"height":1542,"caption":"Nosy Be R\u00eaves de P\u00eache"},"image":{"@id":"https:\/\/nosyberevesdepeche.com\/en\/#\/schema\/logo\/image\/"},"sameAs":["https:\/\/www.facebook.com\/nosyberevesdepeche","https:\/\/www.youtube.com\/@NosyBeRevesdePeche","https:\/\/www.instagram.com\/nosyberevesdepeche\/","https:\/\/www.tiktok.com\/@nosy_be_reves_de_peche"]}]}},"_links":{"self":[{"href":"https:\/\/nosyberevesdepeche.com\/en\/wp-json\/wp\/v2\/pages\/8290","targetHints":{"allow":["GET"]}}],"collection":[{"href":"https:\/\/nosyberevesdepeche.com\/en\/wp-json\/wp\/v2\/pages"}],"about":[{"href":"https:\/\/nosyberevesdepeche.com\/en\/wp-json\/wp\/v2\/types\/page"}],"author":[{"embeddable":true,"href":"https:\/\/nosyberevesdepeche.com\/en\/wp-json\/wp\/v2\/users\/1"}],"replies":[{"embeddable":true,"href":"https:\/\/nosyberevesdepeche.com\/en\/wp-json\/wp\/v2\/comments?post=8290"}],"version-history":[{"count":26,"href":"https:\/\/nosyberevesdepeche.com\/en\/wp-json\/wp\/v2\/pages\/8290\/revisions"}],"predecessor-version":[{"id":30421,"href":"https:\/\/nosyberevesdepeche.com\/en\/wp-json\/wp\/v2\/pages\/8290\/revisions\/30421"}],"wp:featuredmedia":[{"embeddable":true,"href":"https:\/\/nosyberevesdepeche.com\/en\/wp-json\/wp\/v2\/media\/26954"}],"wp:attachment":[{"href":"https:\/\/nosyberevesdepeche.com\/en\/wp-json\/wp\/v2\/media?parent=8290"}],"curies":[{"name":"wp","href":"https:\/\/api.w.org\/{rel}","templated":true}]}}