{"id":8078,"date":"2025-01-12T14:57:33","date_gmt":"2025-01-12T13:57:33","guid":{"rendered":"https:\/\/nosyberevesdepeche.com\/index.php\/fishing-cap-san-sebastien\/"},"modified":"2026-02-05T05:13:32","modified_gmt":"2026-02-05T04:13:32","slug":"fishing-madagascar-cape-san-sebastian","status":"publish","type":"page","link":"https:\/\/nosyberevesdepeche.com\/en\/fishing-madagascar-cape-san-sebastian\/","title":{"rendered":"Cape San Sebastian"},"content":{"rendered":"\t\t<div data-elementor-type=\"wp-page\" data-elementor-id=\"8078\" class=\"elementor elementor-8078 elementor-2850\" data-elementor-post-type=\"page\">\n\t\t\t\t<div class=\"elementor-element elementor-element-2d5643a animated-slow e-flex e-con-boxed elementor-invisible e-con e-parent\" data-id=\"2d5643a\" data-element_type=\"container\" data-e-type=\"container\" data-settings=\"{&quot;animation&quot;:&quot;fadeIn&quot;,&quot;animation_delay&quot;:0}\">\n\t\t\t\t\t<div class=\"e-con-inner\">\n\t\t\t\t<div class=\"elementor-element elementor-element-317fb4b elementor-widget-tablet__width-inherit elementor-widget elementor-widget-heading\" data-id=\"317fb4b\" data-element_type=\"widget\" data-e-type=\"widget\" data-widget_type=\"heading.default\">\n\t\t\t\t<div class=\"elementor-widget-container\">\n\t\t\t\t\t<h1 class=\"elementor-heading-title elementor-size-default\">Mythical Cape San Sebastian, a haven for sport fishing in Madagascar<\/h1>\t\t\t\t<\/div>\n\t\t\t\t<\/div>\n\t\t\t\t\t<\/div>\n\t\t\t\t<\/div>\n\t\t<div class=\"elementor-element elementor-element-cb13acf e-flex e-con-boxed elementor-invisible e-con e-parent\" data-id=\"cb13acf\" data-element_type=\"container\" data-e-type=\"container\" data-settings=\"{&quot;animation&quot;:&quot;fadeIn&quot;}\">\n\t\t\t\t\t<div class=\"e-con-inner\">\n\t\t\t\t<div class=\"elementor-element elementor-element-df0e1dc elementor-widget elementor-widget-shortcode\" data-id=\"df0e1dc\" data-element_type=\"widget\" data-e-type=\"widget\" data-widget_type=\"shortcode.default\">\n\t\t\t\t<div class=\"elementor-widget-container\">\n\t\t\t\t\t\t\t<div class=\"elementor-shortcode\">\n\t\t\t\t<p class=\"rs-p-wp-fix\"><\/p>\n\t\t\t\t<sr7-module data-alias=\"mythique-cap-san-sebastien\" data-id=\"89\" id=\"SR7_89_1\" data-version=\"6.7.41\">\n\t\t\t\t\t<sr7-adjuster><\/sr7-adjuster>\n\t\t\t\t\t<sr7-content>\n\t\t\t\t\t\t<sr7-slide id=\"SR7_89_1-418\" data-key=\"418\">\n\t\t\t\t\t\t\t<h2 id=\"SR7_89_1-418-2\" class=\"sr7-layer\">For sport fishing lovers<\/h2>\n\t\t\t\t\t\t\t<h3 id=\"SR7_89_1-418-3\" class=\"sr7-layer\">Cape San Sebastian The Untamable<\/h3>\n\t\t\t\t\t\t\t<p id=\"SR7_89_1-418-4\" class=\"sr7-layer\">Situated on Madagascar\u2019s northwest coast, about 120 kilometres north of Nosy Be, Cape San Sebastian is surrounded by reefs and exceptional fishing grounds. From Nosy Mitsio, where you stay during the trip, we spare no expense on fuel to reach this legendary spot or its surrounding areas multiple times. This allows us to access preserved, seldom explored fishing zones that offer intense battles with trophy size specimens. A raw gem for sport fishing enthusiasts.<\/p>\n\t\t\t\t\t\t<\/sr7-slide>\n\t\t\t\t\t\t<sr7-slide id=\"SR7_89_1-539\" data-key=\"539\">\n\t\t\t\t\t\t\t<sr7-bg id=\"SR7_89_1-539-slidebg\" class=\"sr7-layer\"><noscript><img decoding=\"async\" src=\"https:\/\/nosyberevesdepeche.com\/wp-content\/uploads\/fond-mer-Photoroom.jpg\" alt=\"\" title=\"\"><\/noscript><\/sr7-bg>\n\t\t\t\t\t\t\t<h2 id=\"SR7_89_1-539-2\" class=\"sr7-layer\">The ultimate fishing technique<\/h2>\n\t\t\t\t\t\t\t<h3 id=\"SR7_89_1-539-3\" class=\"sr7-layer\">Cape San Sebastian The Untamable<\/h3>\n\t\t\t\t\t\t\t<p id=\"SR7_89_1-539-4\" class=\"sr7-layer\">Cape San Sebastian provides the perfect setting for popping, with its coral reefs and shallow areas where giant trevally and other iconic predators hunt. An incredible destination for spectacular battles.<\/p>\n\t\t\t\t\t\t<\/sr7-slide>\n\t\t\t\t\t\t<sr7-slide id=\"SR7_89_1-328\" data-key=\"328\">\n\t\t\t\t\t\t\t<sr7-bg id=\"SR7_89_1-328-slidebg\" class=\"sr7-layer\"><noscript><img decoding=\"async\" src=\"https:\/\/nosyberevesdepeche.com\/wp-content\/uploads\/cap-san-sebastien-merou-scaled-e1747659694607.webp\" alt=\"P\u00eache au jig et capture d&#039;un m\u00e9rou c\u00e9leste au Cap San S\u00e9bastien, puis rel\u00e2cher dans le cadre d\u2019une p\u00eache responsable\" title=\"M\u00e9rou c\u00e9leste captur\u00e9 au jig au Cap San S\u00e9bastien\"><\/noscript><\/sr7-bg>\n\t\t\t\t\t\t\t<h2 id=\"SR7_89_1-328-2\" class=\"sr7-layer\">Incredible fishing opportunities<\/h2>\n\t\t\t\t\t\t\t<h3 id=\"SR7_89_1-328-3\" class=\"sr7-layer\">Cape San Sebastian The Untamable<\/h3>\n\t\t\t\t\t\t\t<p id=\"SR7_89_1-328-4\" class=\"sr7-layer\">Whether you prefer popping, jigging, or trolling, the waters of Cape San Sebastian are teeming with impressive specimens. Giant trevally, dogtooth tuna, grouper, and barracuda are just some of the challenges awaiting you in these waters, renowned for their abundance and diversity. Our local crew, experts on the best spots, will assist you at all times to maximize your chances of memorable catches.<\/p>\n\t\t\t\t\t\t<\/sr7-slide>\n\t\t\t\t\t\t<sr7-slide id=\"SR7_89_1-1063\" data-key=\"1063\">\n\t\t\t\t\t\t\t<sr7-bg id=\"SR7_89_1-1063-slidebg\" class=\"sr7-layer\"><noscript><img decoding=\"async\" src=\"https:\/\/nosyberevesdepeche.com\/wp-content\/uploads\/peche-madagascar-cap-san-sebastien-barracuda-e1765634389215.webp\" alt=\"Superbe barracuda captur\u00e9 au jig au Cap San S\u00e9bastien \u00e0 Madagascar\" title=\"Barracuda au jig \u00e0 Madagascar\"><\/noscript><\/sr7-bg>\n\t\t\t\t\t\t\t<h2 id=\"SR7_89_1-1063-2\" class=\"sr7-layer\">Jigging, a powerful technique<\/h2>\n\t\t\t\t\t\t\t<h3 id=\"SR7_89_1-1063-3\" class=\"sr7-layer\">Cape San Sebastian The Untamable<\/h3>\n\t\t\t\t\t\t\t<p id=\"SR7_89_1-1063-4\" class=\"sr7-layer\"> for sport fishing in Madagascar.\nJigging is a vertical fishing technique that involves working a metal lure, called a jig, to imitate the erratic movement of an injured fish. Around Cape San Sebastian, this method proves extremely effective on drop-offs and rocky plateaus where many predators gather.\nWe generally use jigs weighing 150 to 200 g, perfectly suited to the depth and current of the area. Physically demanding, this technique requires good stamina and quality gear, but rewards anglers with intense fights against dogtooth tuna, trevallies, groupers and wahoos.\n<\/p>\n\t\t\t\t\t\t<\/sr7-slide>\n\t\t\t\t\t\t<sr7-slide id=\"SR7_89_1-1072\" data-key=\"1072\">\n\t\t\t\t\t\t\t<sr7-bg id=\"SR7_89_1-1072-slidebg\" class=\"sr7-layer\"><noscript><img decoding=\"async\" src=\"https:\/\/nosyberevesdepeche.com\/wp-content\/uploads\/peche-madagascar-lior-trevally.jpg\" alt=\"La p\u00eache \u00e0 Madagascar dans toute sa splendeur, \u00e9norme GT prise au popper \u00e0 Nosy Mitsio\" title=\"Enorme carangue \u00e0 Nosy Mitsio\"><\/noscript><\/sr7-bg>\n\t\t\t\t\t\t\t<h2 id=\"SR7_89_1-1072-2\" class=\"sr7-layer\">Popping, the ultimate <\/h2>\n\t\t\t\t\t\t\t<h3 id=\"SR7_89_1-1072-3\" class=\"sr7-layer\">Cape San Sebastian The Untamable<\/h3>\n\t\t\t\t\t\t\t<p id=\"SR7_89_1-1072-4\" class=\"sr7-layer\">topwater technique. Spectacular and powerful, popping is an essential weapon for big game fishing in Madagascar.\nAround Nosy Mitsio and Cape San Sebastian, this sport fishing technique provokes explosive strikes from giant trevallies and other surface predators.\nPower, adrenaline, and precision : popping truly embodies the very essence of sport fishing in Madagascar.\n<\/p>\n\t\t\t\t\t\t<\/sr7-slide>\n\t\t\t\t\t\t<sr7-slide id=\"SR7_89_1-1088\" data-key=\"1088\">\n\t\t\t\t\t\t\t<sr7-bg id=\"SR7_89_1-1088-slidebg\" class=\"sr7-layer\"><noscript><img decoding=\"async\" src=\"https:\/\/nosyberevesdepeche.com\/wp-content\/uploads\/peche-madagascar-mitsio-gros-merou-1.webp\" alt=\"Un superbe m\u00e9rou captur\u00e9 au Cap san S\u00e9bastien, Madagascar\" title=\"M\u00e9rou \u00e0 Madagascar\"><\/noscript><\/sr7-bg>\n\t\t\t\t\t\t\t<h2 id=\"SR7_89_1-1088-2\" class=\"sr7-layer\">A very wide diversity<\/h2>\n\t\t\t\t\t\t\t<h3 id=\"SR7_89_1-1088-3\" class=\"sr7-layer\">Cape San Sebastian The Untamable<\/h3>\n\t\t\t\t\t\t\t<p id=\"SR7_89_1-1088-4\" class=\"sr7-layer\">of fish characterizes Cape San Sebastian, a true gem of big game fishing and sport fishing in Madagascar. Whether popping or jigging, you never know which species will attack the lure : GT, grouper, barracuda, wahoo, dogtooth tuna\u2026 marlin not excluded !<\/p>\n\t\t\t\t\t\t<\/sr7-slide>\n\t\t\t\t\t\t<sr7-slide id=\"SR7_89_1-738\" data-key=\"738\">\n\t\t\t\t\t\t<\/sr7-slide>\n\t\t\t\t\t<\/sr7-content>\n\t\t\t\t<\/sr7-module>\n\t\t\t\t<script>\n\t\t\t\t\tSR7.PMH ??={}; SR7.PMH[\"SR7_89_1\"] = {cn:100,state:false,fn: function() { if (_tpt!==undefined && _tpt.prepareModuleHeight !== undefined) {  _tpt.prepareModuleHeight({id:\"SR7_89_1\",el:[800,700,600,600],type:'standard',shdw:'0',gh:[800,700,600,600],gw:[1200,1024,778,480],vpt:['-200px'],size:{fullWidth:true, fullHeight:false},mh:'0',onh:0,onw:0,bg:{color:'transparent'},plType:'-1',plColor:'#FFFFFF'});   SR7.PMH[\"SR7_89_1\"].state=true;} else if(SR7.PMH[\"SR7_89_1\"].cn-->0)\tsetTimeout( SR7.PMH[\"SR7_89_1\"].fn,19);}};SR7.PMH[\"SR7_89_1\" ].fn();\n\t\t\t\t<\/script>\n<\/div>\n\t\t\t\t\t\t<\/div>\n\t\t\t\t<\/div>\n\t\t\t\t\t<\/div>\n\t\t\t\t<\/div>\n\t\t<div class=\"elementor-element elementor-element-a492836 e-flex e-con-boxed elementor-invisible e-con e-parent\" data-id=\"a492836\" data-element_type=\"container\" data-e-type=\"container\" data-settings=\"{&quot;animation&quot;:&quot;slideInUp&quot;,&quot;animation_delay&quot;:200}\">\n\t\t\t\t\t<div class=\"e-con-inner\">\n\t\t\t\t<div class=\"elementor-element elementor-element-f7c6119 elementor-widget__width-initial elementor-widget elementor-widget-text-editor\" data-id=\"f7c6119\" data-element_type=\"widget\" data-e-type=\"widget\" data-widget_type=\"text-editor.default\">\n\t\t\t\t<div class=\"elementor-widget-container\">\n\t\t\t\t\t\t\t\t\t<p>About 3 hours north of Nosy Be, a paradise for sport fishing and big game fishing in Madagascar.<\/p><p><span style=\"color: #003366; font-weight: bold;\">Our fishing charters from Nosy Be<\/span> include transfers to and from Nosy Mitsio, boat rental with an expert local crew, fuel, full board accommodation in beachfront bungalows, and bottled water.<\/p><p>From our base on <a href=\"https:\/\/nosyberevesdepeche.com\/en\/fishing-madagascar-nosy-mitsio\/\">Nosy Mitsio<\/a> and thanks to a <strong>significant fuel reserve<\/strong>, we reach Cape San Sebastian for unforgettable fights.<\/p>\t\t\t\t\t\t\t\t<\/div>\n\t\t\t\t<\/div>\n\t\t\t\t\t<\/div>\n\t\t\t\t<\/div>\n\t\t\t\t<\/div>\n\t\t","protected":false},"excerpt":{"rendered":"<p>Mythical Cape San Sebastian, a haven for sport fishing in Madagascar About 3 hours north of Nosy Be, a paradise for sport fishing and big game fishing in Madagascar. Our&#8230;<\/p>\n","protected":false},"author":1,"featured_media":17585,"parent":0,"menu_order":0,"comment_status":"closed","ping_status":"closed","template":"elementor_header_footer","meta":{"footnotes":""},"class_list":["post-8078","page","type-page","status-publish","has-post-thumbnail"],"yoast_head":"<!-- This site is optimized with the Yoast SEO plugin v27.4 - https:\/\/yoast.com\/product\/yoast-seo-wordpress\/ -->\n<title>Paradise for fishing charters in Madagascar - Nosy Be R\u00eaves de P\u00eache<\/title>\n<meta name=\"description\" content=\"A mythical destination for sport fishing, Cape San Sebastian promises memorable battles. Accessible from Nosy Mitsio.\" \/>\n<meta name=\"robots\" content=\"index, follow, max-snippet:-1, max-image-preview:large, max-video-preview:-1\" \/>\n<link rel=\"canonical\" href=\"https:\/\/nosyberevesdepeche.com\/en\/fishing-madagascar-cape-san-sebastian\/\" \/>\n<meta property=\"og:locale\" content=\"en_US\" \/>\n<meta property=\"og:type\" content=\"article\" \/>\n<meta property=\"og:title\" content=\"Paradise for fishing charters in Madagascar - Nosy Be R\u00eaves de P\u00eache\" \/>\n<meta property=\"og:description\" content=\"A mythical destination for sport fishing, Cape San Sebastian promises memorable battles. Accessible from Nosy Mitsio.\" \/>\n<meta property=\"og:url\" content=\"https:\/\/nosyberevesdepeche.com\/en\/fishing-madagascar-cape-san-sebastian\/\" \/>\n<meta property=\"og:site_name\" content=\"Nosy Be R\u00eaves de P\u00eache\" \/>\n<meta property=\"article:publisher\" content=\"https:\/\/www.facebook.com\/nosyberevesdepeche\" \/>\n<meta property=\"article:modified_time\" content=\"2026-02-05T04:13:32+00:00\" \/>\n<meta property=\"og:image\" content=\"https:\/\/nosyberevesdepeche.com\/wp-content\/uploads\/cap-san-sebastien-merou-scaled-e1747659694607.webp\" \/>\n\t<meta property=\"og:image:width\" content=\"2560\" \/>\n\t<meta property=\"og:image:height\" content=\"1440\" \/>\n\t<meta property=\"og:image:type\" content=\"image\/webp\" \/>\n<meta name=\"twitter:card\" content=\"summary_large_image\" \/>\n<script type=\"application\/ld+json\" class=\"yoast-schema-graph\">{\"@context\":\"https:\\\/\\\/schema.org\",\"@graph\":[{\"@type\":\"WebPage\",\"@id\":\"https:\\\/\\\/nosyberevesdepeche.com\\\/en\\\/fishing-madagascar-cape-san-sebastian\\\/\",\"url\":\"https:\\\/\\\/nosyberevesdepeche.com\\\/en\\\/fishing-madagascar-cape-san-sebastian\\\/\",\"name\":\"Paradise for fishing charters in Madagascar - Nosy Be R\u00eaves de P\u00eache\",\"isPartOf\":{\"@id\":\"https:\\\/\\\/nosyberevesdepeche.com\\\/en\\\/#website\"},\"primaryImageOfPage\":{\"@id\":\"https:\\\/\\\/nosyberevesdepeche.com\\\/en\\\/fishing-madagascar-cape-san-sebastian\\\/#primaryimage\"},\"image\":{\"@id\":\"https:\\\/\\\/nosyberevesdepeche.com\\\/en\\\/fishing-madagascar-cape-san-sebastian\\\/#primaryimage\"},\"thumbnailUrl\":\"https:\\\/\\\/nosyberevesdepeche.com\\\/wp-content\\\/uploads\\\/cap-san-sebastien-merou-scaled-e1747659694607.webp\",\"datePublished\":\"2025-01-12T13:57:33+00:00\",\"dateModified\":\"2026-02-05T04:13:32+00:00\",\"description\":\"A mythical destination for sport fishing, Cape San Sebastian promises memorable battles. Accessible from Nosy Mitsio.\",\"breadcrumb\":{\"@id\":\"https:\\\/\\\/nosyberevesdepeche.com\\\/en\\\/fishing-madagascar-cape-san-sebastian\\\/#breadcrumb\"},\"inLanguage\":\"en-US\",\"potentialAction\":[{\"@type\":\"ReadAction\",\"target\":[\"https:\\\/\\\/nosyberevesdepeche.com\\\/en\\\/fishing-madagascar-cape-san-sebastian\\\/\"]}]},{\"@type\":\"ImageObject\",\"inLanguage\":\"en-US\",\"@id\":\"https:\\\/\\\/nosyberevesdepeche.com\\\/en\\\/fishing-madagascar-cape-san-sebastian\\\/#primaryimage\",\"url\":\"https:\\\/\\\/nosyberevesdepeche.com\\\/wp-content\\\/uploads\\\/cap-san-sebastien-merou-scaled-e1747659694607.webp\",\"contentUrl\":\"https:\\\/\\\/nosyberevesdepeche.com\\\/wp-content\\\/uploads\\\/cap-san-sebastien-merou-scaled-e1747659694607.webp\",\"width\":2560,\"height\":1440,\"caption\":\"Jigging and catch of a bluelined grouper at Cape San Sebastian, then released as part of responsible fishing practices\"},{\"@type\":\"BreadcrumbList\",\"@id\":\"https:\\\/\\\/nosyberevesdepeche.com\\\/en\\\/fishing-madagascar-cape-san-sebastian\\\/#breadcrumb\",\"itemListElement\":[{\"@type\":\"ListItem\",\"position\":1,\"name\":\"Accueil\",\"item\":\"https:\\\/\\\/nosyberevesdepeche.com\\\/en\\\/\"},{\"@type\":\"ListItem\",\"position\":2,\"name\":\"Cape San Sebastian\"}]},{\"@type\":\"WebSite\",\"@id\":\"https:\\\/\\\/nosyberevesdepeche.com\\\/en\\\/#website\",\"url\":\"https:\\\/\\\/nosyberevesdepeche.com\\\/en\\\/\",\"name\":\"Nosy Be R\u00eaves de P\u00eache\",\"description\":\"Sport fishing and big game fishing in Madagascar, from Nosy Be\",\"publisher\":{\"@id\":\"https:\\\/\\\/nosyberevesdepeche.com\\\/en\\\/#organization\"},\"potentialAction\":[{\"@type\":\"SearchAction\",\"target\":{\"@type\":\"EntryPoint\",\"urlTemplate\":\"https:\\\/\\\/nosyberevesdepeche.com\\\/en\\\/?s={search_term_string}\"},\"query-input\":{\"@type\":\"PropertyValueSpecification\",\"valueRequired\":true,\"valueName\":\"search_term_string\"}}],\"inLanguage\":\"en-US\"},{\"@type\":\"Organization\",\"@id\":\"https:\\\/\\\/nosyberevesdepeche.com\\\/en\\\/#organization\",\"name\":\"Nosy Be R\u00eaves de P\u00eache\",\"url\":\"https:\\\/\\\/nosyberevesdepeche.com\\\/en\\\/\",\"logo\":{\"@type\":\"ImageObject\",\"inLanguage\":\"en-US\",\"@id\":\"https:\\\/\\\/nosyberevesdepeche.com\\\/en\\\/#\\\/schema\\\/logo\\\/image\\\/\",\"url\":\"https:\\\/\\\/nosyberevesdepeche.com\\\/wp-content\\\/uploads\\\/sejour-cap-san-sebastien.jpg\",\"contentUrl\":\"https:\\\/\\\/nosyberevesdepeche.com\\\/wp-content\\\/uploads\\\/sejour-cap-san-sebastien.jpg\",\"width\":2048,\"height\":1542,\"caption\":\"Nosy Be R\u00eaves de P\u00eache\"},\"image\":{\"@id\":\"https:\\\/\\\/nosyberevesdepeche.com\\\/en\\\/#\\\/schema\\\/logo\\\/image\\\/\"},\"sameAs\":[\"https:\\\/\\\/www.facebook.com\\\/nosyberevesdepeche\",\"https:\\\/\\\/www.youtube.com\\\/@NosyBeRevesdePeche\",\"https:\\\/\\\/www.instagram.com\\\/nosyberevesdepeche\\\/\",\"https:\\\/\\\/www.tiktok.com\\\/@nosy_be_reves_de_peche\"]}]}<\/script>\n<!-- \/ Yoast SEO plugin. -->","yoast_head_json":{"title":"Paradise for fishing charters in Madagascar - Nosy Be R\u00eaves de P\u00eache","description":"A mythical destination for sport fishing, Cape San Sebastian promises memorable battles. Accessible from Nosy Mitsio.","robots":{"index":"index","follow":"follow","max-snippet":"max-snippet:-1","max-image-preview":"max-image-preview:large","max-video-preview":"max-video-preview:-1"},"canonical":"https:\/\/nosyberevesdepeche.com\/en\/fishing-madagascar-cape-san-sebastian\/","og_locale":"en_US","og_type":"article","og_title":"Paradise for fishing charters in Madagascar - Nosy Be R\u00eaves de P\u00eache","og_description":"A mythical destination for sport fishing, Cape San Sebastian promises memorable battles. Accessible from Nosy Mitsio.","og_url":"https:\/\/nosyberevesdepeche.com\/en\/fishing-madagascar-cape-san-sebastian\/","og_site_name":"Nosy Be R\u00eaves de P\u00eache","article_publisher":"https:\/\/www.facebook.com\/nosyberevesdepeche","article_modified_time":"2026-02-05T04:13:32+00:00","og_image":[{"width":2560,"height":1440,"url":"https:\/\/nosyberevesdepeche.com\/wp-content\/uploads\/cap-san-sebastien-merou-scaled-e1747659694607.webp","type":"image\/webp"}],"twitter_card":"summary_large_image","schema":{"@context":"https:\/\/schema.org","@graph":[{"@type":"WebPage","@id":"https:\/\/nosyberevesdepeche.com\/en\/fishing-madagascar-cape-san-sebastian\/","url":"https:\/\/nosyberevesdepeche.com\/en\/fishing-madagascar-cape-san-sebastian\/","name":"Paradise for fishing charters in Madagascar - Nosy Be R\u00eaves de P\u00eache","isPartOf":{"@id":"https:\/\/nosyberevesdepeche.com\/en\/#website"},"primaryImageOfPage":{"@id":"https:\/\/nosyberevesdepeche.com\/en\/fishing-madagascar-cape-san-sebastian\/#primaryimage"},"image":{"@id":"https:\/\/nosyberevesdepeche.com\/en\/fishing-madagascar-cape-san-sebastian\/#primaryimage"},"thumbnailUrl":"https:\/\/nosyberevesdepeche.com\/wp-content\/uploads\/cap-san-sebastien-merou-scaled-e1747659694607.webp","datePublished":"2025-01-12T13:57:33+00:00","dateModified":"2026-02-05T04:13:32+00:00","description":"A mythical destination for sport fishing, Cape San Sebastian promises memorable battles. Accessible from Nosy Mitsio.","breadcrumb":{"@id":"https:\/\/nosyberevesdepeche.com\/en\/fishing-madagascar-cape-san-sebastian\/#breadcrumb"},"inLanguage":"en-US","potentialAction":[{"@type":"ReadAction","target":["https:\/\/nosyberevesdepeche.com\/en\/fishing-madagascar-cape-san-sebastian\/"]}]},{"@type":"ImageObject","inLanguage":"en-US","@id":"https:\/\/nosyberevesdepeche.com\/en\/fishing-madagascar-cape-san-sebastian\/#primaryimage","url":"https:\/\/nosyberevesdepeche.com\/wp-content\/uploads\/cap-san-sebastien-merou-scaled-e1747659694607.webp","contentUrl":"https:\/\/nosyberevesdepeche.com\/wp-content\/uploads\/cap-san-sebastien-merou-scaled-e1747659694607.webp","width":2560,"height":1440,"caption":"Jigging and catch of a bluelined grouper at Cape San Sebastian, then released as part of responsible fishing practices"},{"@type":"BreadcrumbList","@id":"https:\/\/nosyberevesdepeche.com\/en\/fishing-madagascar-cape-san-sebastian\/#breadcrumb","itemListElement":[{"@type":"ListItem","position":1,"name":"Accueil","item":"https:\/\/nosyberevesdepeche.com\/en\/"},{"@type":"ListItem","position":2,"name":"Cape San Sebastian"}]},{"@type":"WebSite","@id":"https:\/\/nosyberevesdepeche.com\/en\/#website","url":"https:\/\/nosyberevesdepeche.com\/en\/","name":"Nosy Be R\u00eaves de P\u00eache","description":"Sport fishing and big game fishing in Madagascar, from Nosy Be","publisher":{"@id":"https:\/\/nosyberevesdepeche.com\/en\/#organization"},"potentialAction":[{"@type":"SearchAction","target":{"@type":"EntryPoint","urlTemplate":"https:\/\/nosyberevesdepeche.com\/en\/?s={search_term_string}"},"query-input":{"@type":"PropertyValueSpecification","valueRequired":true,"valueName":"search_term_string"}}],"inLanguage":"en-US"},{"@type":"Organization","@id":"https:\/\/nosyberevesdepeche.com\/en\/#organization","name":"Nosy Be R\u00eaves de P\u00eache","url":"https:\/\/nosyberevesdepeche.com\/en\/","logo":{"@type":"ImageObject","inLanguage":"en-US","@id":"https:\/\/nosyberevesdepeche.com\/en\/#\/schema\/logo\/image\/","url":"https:\/\/nosyberevesdepeche.com\/wp-content\/uploads\/sejour-cap-san-sebastien.jpg","contentUrl":"https:\/\/nosyberevesdepeche.com\/wp-content\/uploads\/sejour-cap-san-sebastien.jpg","width":2048,"height":1542,"caption":"Nosy Be R\u00eaves de P\u00eache"},"image":{"@id":"https:\/\/nosyberevesdepeche.com\/en\/#\/schema\/logo\/image\/"},"sameAs":["https:\/\/www.facebook.com\/nosyberevesdepeche","https:\/\/www.youtube.com\/@NosyBeRevesdePeche","https:\/\/www.instagram.com\/nosyberevesdepeche\/","https:\/\/www.tiktok.com\/@nosy_be_reves_de_peche"]}]}},"_links":{"self":[{"href":"https:\/\/nosyberevesdepeche.com\/en\/wp-json\/wp\/v2\/pages\/8078","targetHints":{"allow":["GET"]}}],"collection":[{"href":"https:\/\/nosyberevesdepeche.com\/en\/wp-json\/wp\/v2\/pages"}],"about":[{"href":"https:\/\/nosyberevesdepeche.com\/en\/wp-json\/wp\/v2\/types\/page"}],"author":[{"embeddable":true,"href":"https:\/\/nosyberevesdepeche.com\/en\/wp-json\/wp\/v2\/users\/1"}],"replies":[{"embeddable":true,"href":"https:\/\/nosyberevesdepeche.com\/en\/wp-json\/wp\/v2\/comments?post=8078"}],"version-history":[{"count":51,"href":"https:\/\/nosyberevesdepeche.com\/en\/wp-json\/wp\/v2\/pages\/8078\/revisions"}],"predecessor-version":[{"id":30411,"href":"https:\/\/nosyberevesdepeche.com\/en\/wp-json\/wp\/v2\/pages\/8078\/revisions\/30411"}],"wp:featuredmedia":[{"embeddable":true,"href":"https:\/\/nosyberevesdepeche.com\/en\/wp-json\/wp\/v2\/media\/17585"}],"wp:attachment":[{"href":"https:\/\/nosyberevesdepeche.com\/en\/wp-json\/wp\/v2\/media?parent=8078"}],"curies":[{"name":"wp","href":"https:\/\/api.w.org\/{rel}","templated":true}]}}