{"id":8062,"date":"2025-01-13T13:16:26","date_gmt":"2025-01-13T12:16:26","guid":{"rendered":"https:\/\/nosyberevesdepeche.com\/index.php\/fishing-nosy-mitsio\/"},"modified":"2026-02-05T05:12:14","modified_gmt":"2026-02-05T04:12:14","slug":"fishing-madagascar-nosy-mitsio","status":"publish","type":"page","link":"https:\/\/nosyberevesdepeche.com\/en\/fishing-madagascar-nosy-mitsio\/","title":{"rendered":"Nosy Mitsio"},"content":{"rendered":"\t\t<div data-elementor-type=\"wp-page\" data-elementor-id=\"8062\" class=\"elementor elementor-8062 elementor-2883\" data-elementor-post-type=\"page\">\n\t\t\t\t<div class=\"elementor-element elementor-element-fe2b7d5 animated-slow e-flex e-con-boxed elementor-invisible e-con e-parent\" data-id=\"fe2b7d5\" data-element_type=\"container\" data-e-type=\"container\" data-settings=\"{&quot;animation&quot;:&quot;fadeIn&quot;,&quot;animation_delay&quot;:0}\">\n\t\t\t\t\t<div class=\"e-con-inner\">\n\t\t\t\t<div class=\"elementor-element elementor-element-62de534 elementor-widget-mobile__width-initial elementor-widget elementor-widget-heading\" data-id=\"62de534\" data-element_type=\"widget\" data-e-type=\"widget\" data-widget_type=\"heading.default\">\n\t\t\t\t<div class=\"elementor-widget-container\">\n\t\t\t\t\t<h1 class=\"elementor-heading-title elementor-size-default\">Legendary Nosy Mitsio, home to the best fishing charters in Madagascar<\/h1>\t\t\t\t<\/div>\n\t\t\t\t<\/div>\n\t\t\t\t\t<\/div>\n\t\t\t\t<\/div>\n\t\t<div class=\"elementor-element elementor-element-a36b548 e-flex e-con-boxed elementor-invisible e-con e-parent\" data-id=\"a36b548\" data-element_type=\"container\" data-e-type=\"container\" data-settings=\"{&quot;animation&quot;:&quot;fadeIn&quot;}\">\n\t\t\t\t\t<div class=\"e-con-inner\">\n\t\t\t\t<div class=\"elementor-element elementor-element-b31f876 elementor-widget elementor-widget-shortcode\" data-id=\"b31f876\" data-element_type=\"widget\" data-e-type=\"widget\" data-widget_type=\"shortcode.default\">\n\t\t\t\t<div class=\"elementor-widget-container\">\n\t\t\t\t\t\t\t<div class=\"elementor-shortcode\">\n\t\t\t\t<p class=\"rs-p-wp-fix\"><\/p>\n\t\t\t\t<sr7-module data-alias=\"legendaire-nosy-mitsio\" data-id=\"87\" id=\"SR7_87_1\" class=\"rs-ov-hidden\" data-version=\"6.7.41\">\n\t\t\t\t\t<sr7-adjuster><\/sr7-adjuster>\n\t\t\t\t\t<sr7-content>\n\t\t\t\t\t\t<sr7-slide id=\"SR7_87_1-72\" data-key=\"72\">\n\t\t\t\t\t\t\t<sr7-bg id=\"SR7_87_1-72-5\" class=\"sr7-layer\"><noscript><img decoding=\"async\" src=\"https:\/\/nosyberevesdepeche.com\/wp-content\/uploads\/2025\/04\/nosy-mitsio-4-freres-scaled.webp\" alt=\"Nosy Mitsio et les c\u00e9l\u00e8bres Quatre Fr\u00e8res, l\u2019un des spots les plus r\u00e9put\u00e9s pour la p\u00eache sportive \u00e0 Madagascar\" title=\"Nosy Mitsio et les Quatre Fr\u00e8res\"><\/noscript><\/sr7-bg>\n\t\t\t\t\t\t\t<h2 id=\"SR7_87_1-72-2\" class=\"sr7-layer\">The fishing spots<\/h2>\n\t\t\t\t\t\t\t<h2 id=\"SR7_87_1-72-3\" class=\"sr7-layer\">Wonderful Nosy Mitsio<\/h2>\n\t\t\t\t\t\t\t<p id=\"SR7_87_1-72-4\" class=\"sr7-layer\">around Nosy Mitsio and toward Cape San Sebastian are a prime destination for big game fishing enthusiasts. With a tropical climate and fish-rich waters, conditions are suitable for outings almost all year round. Whether you are a beginner or an experienced angler, this area offers great opportunities to experience intense battles and catch very large specimens.<\/p>\n\t\t\t\t\t\t<\/sr7-slide>\n\t\t\t\t\t\t<sr7-slide id=\"SR7_87_1-300\" data-key=\"300\">\n\t\t\t\t\t\t\t<sr7-bg id=\"SR7_87_1-300-5\" class=\"sr7-layer\"><noscript><img decoding=\"async\" src=\"https:\/\/nosyberevesdepeche.com\/wp-content\/uploads\/nosy-mitsio-thazard-1-scaled.webp\" alt=\"Thazard captur\u00e9 \u00e0 Nosy Mitsio avec un leurre popper, lors d\u2019une session de p\u00eache sportive \u00e0 Madagascar\" title=\"Beau thazard captur\u00e9 \u00e0 Nosy Mitsio au popper\"><\/noscript><\/sr7-bg>\n\t\t\t\t\t\t\t<h2 id=\"SR7_87_1-300-2\" class=\"sr7-layer\">Diverse fishing techniques<\/h2>\n\t\t\t\t\t\t\t<h3 id=\"SR7_87_1-300-3\" class=\"sr7-layer\">Wonderful Nosy Mitsio<\/h3>\n\t\t\t\t\t\t\t<p id=\"SR7_87_1-300-4\" class=\"sr7-layer\">Jigging, popping, trolling, and bottom fishing make it possible to target a wide range of big game species, such as dogtooth tuna, giant trevally, grouper, red snapper, sailfish, or wahoo, with the constant chance of an exceptional catch such as a marlin.<\/p>\n\t\t\t\t\t\t<\/sr7-slide>\n\t\t\t\t\t\t<sr7-slide id=\"SR7_87_1-79\" data-key=\"79\">\n\t\t\t\t\t\t\t<sr7-bg id=\"SR7_87_1-79-5\" class=\"sr7-layer\"><noscript><img decoding=\"async\" src=\"https:\/\/nosyberevesdepeche.com\/wp-content\/uploads\/cap-san-sebastien-espadon-scaled.jpg\" alt=\"Espadon voilier captur\u00e9 \u00e0 la tra\u00eene lors d\u2019une sortie de p\u00eache sportive \u00e0 la journ\u00e9e depuis Nosy Be\" title=\"Espadon pris en tra\u00eene lors d\u2019une sortie \u00e0 la journ\u00e9e\"><\/noscript><\/sr7-bg>\n\t\t\t\t\t\t\t<h2 id=\"SR7_87_1-79-2\" class=\"sr7-layer\">At Nosy Be R\u00eaves de P\u00eache<\/h2>\n\t\t\t\t\t\t\t<h3 id=\"SR7_87_1-79-3\" class=\"sr7-layer\">Wonderful Nosy Mitsio<\/h3>\n\t\t\t\t\t\t\t<p id=\"SR7_87_1-79-4\" class=\"sr7-layer\">we do everything we can to offer you unforgettable outings. We spare no effort or fuel to reach the best fishing spots, even the most remote ones near the mythical Cape San Sebastian. This deliberate choice allows us to take you to areas with the best chances of spectacular catches. Your satisfaction and the thrill of the fight are at the core of what we do.<\/p>\n\t\t\t\t\t\t<\/sr7-slide>\n\t\t\t\t\t\t<sr7-slide id=\"SR7_87_1-307\" data-key=\"307\">\n\t\t\t\t\t\t\t<sr7-bg id=\"SR7_87_1-307-5\" class=\"sr7-layer\"><noscript><img decoding=\"async\" src=\"https:\/\/nosyberevesdepeche.com\/wp-content\/uploads\/plage-nosy-mitsio-madagascar.jpg\" alt=\"Plage sauvage et mer turquoise de Nosy Mitsio, \u00e0 Madagascar, loin du tourisme de masse\" title=\"Plage idyllique et pr\u00e9serv\u00e9e \u00e0 Nosy Mitsio, Madagascar\"><\/noscript><\/sr7-bg>\n\t\t\t\t\t\t\t<h2 id=\"SR7_87_1-307-2\" class=\"sr7-layer\">On a paradise beach<\/h2>\n\t\t\t\t\t\t\t<h3 id=\"SR7_87_1-307-3\" class=\"sr7-layer\">Wonderful Nosy Mitsio<\/h3>\n\t\t\t\t\t\t\t<p id=\"SR7_87_1-307-4\" class=\"sr7-layer\">surrounded by crystal-clear waters, immerse yourself in the authentic spirit of Madagascar and discover the unique hospitality of its warm and joyful local people.<\/p>\n\t\t\t\t\t\t<\/sr7-slide>\n\t\t\t\t\t\t<sr7-slide id=\"SR7_87_1-314\" data-key=\"314\">\n\t\t\t\t\t\t\t<sr7-bg id=\"SR7_87_1-314-5\" class=\"sr7-layer\"><noscript><img decoding=\"async\" src=\"https:\/\/nosyberevesdepeche.com\/wp-content\/uploads\/plage-nosy-mitsio-bungalows-e1754893409390.jpg\" alt=\"\" title=\"plage-nosy-mitsio-bungalows\"><\/noscript><\/sr7-bg>\n\t\t\t\t\t\t\t<h2 id=\"SR7_87_1-314-2\" class=\"sr7-layer\">Warm accommodation<\/h2>\n\t\t\t\t\t\t\t<h3 id=\"SR7_87_1-314-3\" class=\"sr7-layer\">Wonderful Nosy Mitsio<\/h3>\n\t\t\t\t\t\t\t<p id=\"SR7_87_1-314-4\" class=\"sr7-layer\">Our bungalows offer an authentic experience, where nature and serenity blend together for unforgettable moments. Enjoy a full immersion in a peaceful haven, perfect for recharging after an emotional big game fishing day.<\/p>\n\t\t\t\t\t\t<\/sr7-slide>\n\t\t\t\t\t\t<sr7-slide id=\"SR7_87_1-86\" data-key=\"86\">\n\t\t\t\t\t\t\t<sr7-bg id=\"SR7_87_1-86-5\" class=\"sr7-layer\"><noscript><img decoding=\"async\" src=\"https:\/\/nosyberevesdepeche.com\/wp-content\/uploads\/2025\/01\/Nosy-Mitsio-Langoustes.webp\" alt=\"Langoustes grill\u00e9es d\u00e9gust\u00e9es en saison \u00e0 Nosy Mitsio, lors d\u2019un s\u00e9jour de p\u00eache sportive \u00e0 Madagascar\" title=\"Langoustes grill\u00e9es \u00e0 Nosy Mitsio\"><\/noscript><\/sr7-bg>\n\t\t\t\t\t\t\t<h2 id=\"SR7_87_1-86-2\" class=\"sr7-layer\">After an exhilarating day<\/h2>\n\t\t\t\t\t\t\t<h3 id=\"SR7_87_1-86-3\" class=\"sr7-layer\">Wonderful Nosy Mitsio<\/h3>\n\t\t\t\t\t\t\t<p id=\"SR7_87_1-86-4\" class=\"sr7-layer\">enjoy a meal made with fish you caught yourself. When the season allows and if you wish, indulge in a dish of grilled lobsters for an authentic and flavourful experience.<\/p>\n\t\t\t\t\t\t<\/sr7-slide>\n\t\t\t\t\t\t<sr7-slide id=\"SR7_87_1-321\" data-key=\"321\">\n\t\t\t\t\t\t\t<sr7-bg id=\"SR7_87_1-321-5\" class=\"sr7-layer\"><noscript><img decoding=\"async\" src=\"https:\/\/nosyberevesdepeche.com\/wp-content\/uploads\/nosy-mitsio-reveillez-vous-scaled.webp\" alt=\"Vue matinale depuis un bungalow sur la plage \u00e0 Nosy Mitsio, avant une sortie de p\u00eache sportive\" title=\"R\u00e9veil face \u00e0 la mer dans un bungalow \u00e0 Nosy Mitsio\"><\/noscript><\/sr7-bg>\n\t\t\t\t\t\t\t<h2 id=\"SR7_87_1-321-2\" class=\"sr7-layer\">Wake up to the sound of the waves<\/h2>\n\t\t\t\t\t\t\t<h3 id=\"SR7_87_1-321-3\" class=\"sr7-layer\">Wonderful Nosy Mitsio<\/h3>\n\t\t\t\t\t\t\t<p id=\"SR7_87_1-321-4\" class=\"sr7-layer\">and enjoy a breathtaking view of a wild and unspoiled landscape. Then savor a hearty breakfast before heading back out to fish with renewed energy.<\/p>\n\t\t\t\t\t\t<\/sr7-slide>\n\t\t\t\t\t\t<sr7-slide id=\"SR7_87_1-737\" data-key=\"737\">\n\t\t\t\t\t\t<\/sr7-slide>\n\t\t\t\t\t<\/sr7-content>\n\t\t\t\t\t<image_lists style=\"display:none\">\n\t\t\t\t\t\t<img data-src=\"\/\/nosyberevesdepeche.com\/wp-content\/uploads\/2025\/04\/nosy-mitsio-4-freres-scaled.webp\" data-libid=\"16209\" data-lib=\"medialibrary\" alt=\"Nosy Mitsio et les c\u00e9l\u00e8bres Quatre Fr\u00e8res, l\u2019un des spots les plus r\u00e9put\u00e9s pour la p\u00eache sportive \u00e0 Madagascar\" title=\"Nosy Mitsio et les Quatre Fr\u00e8res\" width=\"0\" height=\"0\" data-dbsrc=\"Ly9ub3N5YmVyZXZlc2RlcGVjaGUuY29tL3dwLWNvbnRlbnQvdXBsb2Fkcy8yMDI1LzA0L25vc3ktbWl0c2lvLTQtZnJlcmVzLXNjYWxlZC53ZWJw\"\/>\n\t\t\t\t\t\t<img data-src=\"\/\/nosyberevesdepeche.com\/wp-content\/uploads\/nosy-mitsio-thazard-1-scaled.webp\" data-libid=\"17913\" data-lib=\"medialibrary\" alt=\"Thazard captur\u00e9 \u00e0 Nosy Mitsio avec un leurre popper, lors d\u2019une session de p\u00eache sportive \u00e0 Madagascar\" title=\"Beau thazard captur\u00e9 \u00e0 Nosy Mitsio au popper\" width=\"0\" height=\"0\" data-dbsrc=\"Ly9ub3N5YmVyZXZlc2RlcGVjaGUuY29tL3dwLWNvbnRlbnQvdXBsb2Fkcy9ub3N5LW1pdHNpby10aGF6YXJkLTEtc2NhbGVkLndlYnA=\"\/>\n\t\t\t\t\t\t<img data-src=\"\/\/nosyberevesdepeche.com\/wp-content\/uploads\/cap-san-sebastien-espadon-scaled.jpg\" data-libid=\"17640\" data-lib=\"medialibrary\" alt=\"Espadon voilier captur\u00e9 \u00e0 la tra\u00eene lors d\u2019une sortie de p\u00eache sportive \u00e0 la journ\u00e9e depuis Nosy Be\" title=\"Espadon pris en tra\u00eene lors d\u2019une sortie \u00e0 la journ\u00e9e\" width=\"0\" height=\"0\" data-dbsrc=\"Ly9ub3N5YmVyZXZlc2RlcGVjaGUuY29tL3dwLWNvbnRlbnQvdXBsb2Fkcy9jYXAtc2FuLXNlYmFzdGllbi1lc3BhZG9uLXNjYWxlZC5qcGc=\"\/>\n\t\t\t\t\t\t<img loading=\"lazy\" data-src=\"\/\/nosyberevesdepeche.com\/wp-content\/uploads\/plage-nosy-mitsio-madagascar.jpg\" data-libid=\"25494\" data-lib=\"medialibrary\" alt=\"Plage sauvage et mer turquoise de Nosy Mitsio, \u00e0 Madagascar, loin du tourisme de masse\" title=\"Plage idyllique et pr\u00e9serv\u00e9e \u00e0 Nosy Mitsio, Madagascar\" width=\"0\" height=\"0\" data-dbsrc=\"Ly9ub3N5YmVyZXZlc2RlcGVjaGUuY29tL3dwLWNvbnRlbnQvdXBsb2Fkcy9wbGFnZS1ub3N5LW1pdHNpby1tYWRhZ2FzY2FyLmpwZw==\"\/>\n\t\t\t\t\t\t<img loading=\"lazy\" data-src=\"\/\/nosyberevesdepeche.com\/wp-content\/uploads\/plage-nosy-mitsio-bungalows-e1754893409390.jpg\" data-libid=\"25459\" data-lib=\"medialibrary\" title=\"plage-nosy-mitsio-bungalows\" width=\"0\" height=\"0\" data-dbsrc=\"Ly9ub3N5YmVyZXZlc2RlcGVjaGUuY29tL3dwLWNvbnRlbnQvdXBsb2Fkcy9wbGFnZS1ub3N5LW1pdHNpby1idW5nYWxvd3MtZTE3NTQ4OTM0MDkzOTAuanBn\"\/>\n\t\t\t\t\t\t<img loading=\"lazy\" data-src=\"\/\/nosyberevesdepeche.com\/wp-content\/uploads\/2025\/01\/Nosy-Mitsio-Langoustes.webp\" data-libid=\"3738\" data-lib=\"medialibrary\" alt=\"Langoustes grill\u00e9es d\u00e9gust\u00e9es en saison \u00e0 Nosy Mitsio, lors d\u2019un s\u00e9jour de p\u00eache sportive \u00e0 Madagascar\" title=\"Langoustes grill\u00e9es \u00e0 Nosy Mitsio\" width=\"0\" height=\"0\" data-dbsrc=\"Ly9ub3N5YmVyZXZlc2RlcGVjaGUuY29tL3dwLWNvbnRlbnQvdXBsb2Fkcy8yMDI1LzAxL05vc3ktTWl0c2lvLUxhbmdvdXN0ZXMud2VicA==\"\/>\n\t\t\t\t\t\t<img loading=\"lazy\" data-src=\"\/\/nosyberevesdepeche.com\/wp-content\/uploads\/nosy-mitsio-reveillez-vous-scaled.webp\" data-libid=\"18009\" data-lib=\"medialibrary\" alt=\"Vue matinale depuis un bungalow sur la plage \u00e0 Nosy Mitsio, avant une sortie de p\u00eache sportive\" title=\"R\u00e9veil face \u00e0 la mer dans un bungalow \u00e0 Nosy Mitsio\" width=\"0\" height=\"0\" data-dbsrc=\"Ly9ub3N5YmVyZXZlc2RlcGVjaGUuY29tL3dwLWNvbnRlbnQvdXBsb2Fkcy9ub3N5LW1pdHNpby1yZXZlaWxsZXotdm91cy1zY2FsZWQud2VicA==\"\/>\n\t\t\t\t\t<\/image_lists>\n\t\t\t\t<\/sr7-module>\n\t\t\t\t<script>\n\t\t\t\t\tSR7.PMH ??={}; SR7.PMH[\"SR7_87_1\"] = {cn:100,state:false,fn: function() { if (_tpt!==undefined && _tpt.prepareModuleHeight !== undefined) {  _tpt.prepareModuleHeight({id:\"SR7_87_1\",el:[800,800,700,600,600],type:'standard',shdw:'0',gh:[800,800,700,600,600],gw:[1200,1200,1024,778,480],vpt:['-100px&#039;,&#039;-100px&#039;,&#039;-100px&#039;,&#039;-100px&#039;,&#039;-100px'],size:{fullWidth:true, fullHeight:false},mh:'0',onh:0,onw:95,bg:{color:'{\"orig\":\"transparent\",\"type\":\"solid\",\"string\":\"transparent\"}'},plType:'-1',plColor:'#FFFFFF'});   SR7.PMH[\"SR7_87_1\"].state=true;} else if(SR7.PMH[\"SR7_87_1\"].cn-->0)\tsetTimeout( SR7.PMH[\"SR7_87_1\"].fn,19);}};SR7.PMH[\"SR7_87_1\" ].fn();\n\t\t\t\t<\/script>\n<\/div>\n\t\t\t\t\t\t<\/div>\n\t\t\t\t<\/div>\n\t\t\t\t\t<\/div>\n\t\t\t\t<\/div>\n\t\t<div class=\"elementor-element elementor-element-270b418 e-flex e-con-boxed elementor-invisible e-con e-parent\" data-id=\"270b418\" data-element_type=\"container\" data-e-type=\"container\" data-settings=\"{&quot;animation&quot;:&quot;slideInUp&quot;,&quot;animation_delay&quot;:200}\">\n\t\t\t\t\t<div class=\"e-con-inner\">\n\t\t\t\t<div class=\"elementor-element elementor-element-a6b0aec elementor-widget__width-initial elementor-widget elementor-widget-text-editor\" data-id=\"a6b0aec\" data-element_type=\"widget\" data-e-type=\"widget\" data-widget_type=\"text-editor.default\">\n\t\t\t\t<div class=\"elementor-widget-container\">\n\t\t\t\t\t\t\t\t\t<p>Just 90 minutes from Nosy Be, a must-visit destination for sport fishing and big game fishing in Madagascar.<\/p><p><span style=\"color: #003366; font-weight: bold;\">Our fishing charters from Nosy Be<\/span> include transfers to Nosy Mitsio, boat rental with an expert local crew, fuel, beachfront bungalow full board, and bottled water.<\/p><p>Three accommodation options in Nosy Mitsio : <a href=\"https:\/\/nosyberevesdepeche.com\/en\/fishing-madagascar-bungalows-beach-nosy-mitsio\/\" rel=\"noopener\">traditional bungalows<\/a> on a paradisiacal beach, <a href=\"https:\/\/nosyberevesdepeche.com\/en\/fishing-madagascar-superior-beachfront-bungalows-nosy-mitsio\/\">superior bungalows<\/a> on that same beach, or the fully privatized <a href=\"https:\/\/mitsioparadise.com\/\" target=\"_blank\" rel=\"noopener\">Mitsio Paradise<\/a> hotel, offering an even higher standard.<\/p>\t\t\t\t\t\t\t\t<\/div>\n\t\t\t\t<\/div>\n\t\t\t\t\t<\/div>\n\t\t\t\t<\/div>\n\t\t\t\t<\/div>\n\t\t","protected":false},"excerpt":{"rendered":"<p>Legendary Nosy Mitsio, home to the best fishing charters in Madagascar Just 90 minutes from Nosy Be, a must-visit destination for sport fishing and big game fishing in Madagascar. Our&#8230;<\/p>\n","protected":false},"author":1,"featured_media":19769,"parent":0,"menu_order":0,"comment_status":"closed","ping_status":"closed","template":"elementor_header_footer","meta":{"footnotes":""},"class_list":["post-8062","page","type-page","status-publish","has-post-thumbnail"],"yoast_head":"<!-- This site is optimized with the Yoast SEO plugin v27.4 - https:\/\/yoast.com\/product\/yoast-seo-wordpress\/ -->\n<title>Top destination for fishing charters in Madagascar - Nosy Be R\u00eaves de P\u00eache<\/title>\n<meta name=\"description\" content=\"Discover Nosy Mitsio, 60 km north of Nosy Be, a legendary spot for sport fishing in Madagascar.\" \/>\n<meta name=\"robots\" content=\"index, follow, max-snippet:-1, max-image-preview:large, max-video-preview:-1\" \/>\n<link rel=\"canonical\" href=\"https:\/\/nosyberevesdepeche.com\/en\/fishing-madagascar-nosy-mitsio\/\" \/>\n<meta property=\"og:locale\" content=\"en_US\" \/>\n<meta property=\"og:type\" content=\"article\" \/>\n<meta property=\"og:title\" content=\"Top destination for fishing charters in Madagascar - Nosy Be R\u00eaves de P\u00eache\" \/>\n<meta property=\"og:description\" content=\"Discover Nosy Mitsio, 60 km north of Nosy Be, a legendary spot for sport fishing in Madagascar.\" \/>\n<meta property=\"og:url\" content=\"https:\/\/nosyberevesdepeche.com\/en\/fishing-madagascar-nosy-mitsio\/\" \/>\n<meta property=\"og:site_name\" content=\"Nosy Be R\u00eaves de P\u00eache\" \/>\n<meta property=\"article:publisher\" content=\"https:\/\/www.facebook.com\/nosyberevesdepeche\" \/>\n<meta property=\"article:modified_time\" content=\"2026-02-05T04:12:14+00:00\" \/>\n<meta property=\"og:image\" content=\"https:\/\/nosyberevesdepeche.com\/wp-content\/uploads\/authenticite-modal1-e1750266218188.jpg\" \/>\n\t<meta property=\"og:image:width\" content=\"2048\" \/>\n\t<meta property=\"og:image:height\" content=\"1542\" \/>\n\t<meta property=\"og:image:type\" content=\"image\/jpeg\" \/>\n<meta name=\"twitter:card\" content=\"summary_large_image\" \/>\n<meta name=\"twitter:label1\" content=\"Est. reading time\" \/>\n\t<meta name=\"twitter:data1\" content=\"1 minute\" \/>\n<script type=\"application\/ld+json\" class=\"yoast-schema-graph\">{\"@context\":\"https:\\\/\\\/schema.org\",\"@graph\":[{\"@type\":\"WebPage\",\"@id\":\"https:\\\/\\\/nosyberevesdepeche.com\\\/en\\\/fishing-madagascar-nosy-mitsio\\\/\",\"url\":\"https:\\\/\\\/nosyberevesdepeche.com\\\/en\\\/fishing-madagascar-nosy-mitsio\\\/\",\"name\":\"Top destination for fishing charters in Madagascar - Nosy Be R\u00eaves de P\u00eache\",\"isPartOf\":{\"@id\":\"https:\\\/\\\/nosyberevesdepeche.com\\\/en\\\/#website\"},\"primaryImageOfPage\":{\"@id\":\"https:\\\/\\\/nosyberevesdepeche.com\\\/en\\\/fishing-madagascar-nosy-mitsio\\\/#primaryimage\"},\"image\":{\"@id\":\"https:\\\/\\\/nosyberevesdepeche.com\\\/en\\\/fishing-madagascar-nosy-mitsio\\\/#primaryimage\"},\"thumbnailUrl\":\"https:\\\/\\\/nosyberevesdepeche.com\\\/wp-content\\\/uploads\\\/authenticite-modal1-e1750266218188.jpg\",\"datePublished\":\"2025-01-13T12:16:26+00:00\",\"dateModified\":\"2026-02-05T04:12:14+00:00\",\"description\":\"Discover Nosy Mitsio, 60 km north of Nosy Be, a legendary spot for sport fishing in Madagascar.\",\"breadcrumb\":{\"@id\":\"https:\\\/\\\/nosyberevesdepeche.com\\\/en\\\/fishing-madagascar-nosy-mitsio\\\/#breadcrumb\"},\"inLanguage\":\"en-US\",\"potentialAction\":[{\"@type\":\"ReadAction\",\"target\":[\"https:\\\/\\\/nosyberevesdepeche.com\\\/en\\\/fishing-madagascar-nosy-mitsio\\\/\"]}]},{\"@type\":\"ImageObject\",\"inLanguage\":\"en-US\",\"@id\":\"https:\\\/\\\/nosyberevesdepeche.com\\\/en\\\/fishing-madagascar-nosy-mitsio\\\/#primaryimage\",\"url\":\"https:\\\/\\\/nosyberevesdepeche.com\\\/wp-content\\\/uploads\\\/authenticite-modal1-e1750266218188.jpg\",\"contentUrl\":\"https:\\\/\\\/nosyberevesdepeche.com\\\/wp-content\\\/uploads\\\/authenticite-modal1-e1750266218188.jpg\",\"width\":2048,\"height\":1542,\"caption\":\"On the beach of Nosy Mitsio, our warm and authentic bungalows to enjoy the peace and quiet after big game fishing.\"},{\"@type\":\"BreadcrumbList\",\"@id\":\"https:\\\/\\\/nosyberevesdepeche.com\\\/en\\\/fishing-madagascar-nosy-mitsio\\\/#breadcrumb\",\"itemListElement\":[{\"@type\":\"ListItem\",\"position\":1,\"name\":\"Accueil\",\"item\":\"https:\\\/\\\/nosyberevesdepeche.com\\\/en\\\/\"},{\"@type\":\"ListItem\",\"position\":2,\"name\":\"Nosy Mitsio\"}]},{\"@type\":\"WebSite\",\"@id\":\"https:\\\/\\\/nosyberevesdepeche.com\\\/en\\\/#website\",\"url\":\"https:\\\/\\\/nosyberevesdepeche.com\\\/en\\\/\",\"name\":\"Nosy Be R\u00eaves de P\u00eache\",\"description\":\"Sport fishing and big game fishing in Madagascar, from Nosy Be\",\"publisher\":{\"@id\":\"https:\\\/\\\/nosyberevesdepeche.com\\\/en\\\/#organization\"},\"potentialAction\":[{\"@type\":\"SearchAction\",\"target\":{\"@type\":\"EntryPoint\",\"urlTemplate\":\"https:\\\/\\\/nosyberevesdepeche.com\\\/en\\\/?s={search_term_string}\"},\"query-input\":{\"@type\":\"PropertyValueSpecification\",\"valueRequired\":true,\"valueName\":\"search_term_string\"}}],\"inLanguage\":\"en-US\"},{\"@type\":\"Organization\",\"@id\":\"https:\\\/\\\/nosyberevesdepeche.com\\\/en\\\/#organization\",\"name\":\"Nosy Be R\u00eaves de P\u00eache\",\"url\":\"https:\\\/\\\/nosyberevesdepeche.com\\\/en\\\/\",\"logo\":{\"@type\":\"ImageObject\",\"inLanguage\":\"en-US\",\"@id\":\"https:\\\/\\\/nosyberevesdepeche.com\\\/en\\\/#\\\/schema\\\/logo\\\/image\\\/\",\"url\":\"https:\\\/\\\/nosyberevesdepeche.com\\\/wp-content\\\/uploads\\\/sejour-cap-san-sebastien.jpg\",\"contentUrl\":\"https:\\\/\\\/nosyberevesdepeche.com\\\/wp-content\\\/uploads\\\/sejour-cap-san-sebastien.jpg\",\"width\":2048,\"height\":1542,\"caption\":\"Nosy Be R\u00eaves de P\u00eache\"},\"image\":{\"@id\":\"https:\\\/\\\/nosyberevesdepeche.com\\\/en\\\/#\\\/schema\\\/logo\\\/image\\\/\"},\"sameAs\":[\"https:\\\/\\\/www.facebook.com\\\/nosyberevesdepeche\",\"https:\\\/\\\/www.youtube.com\\\/@NosyBeRevesdePeche\",\"https:\\\/\\\/www.instagram.com\\\/nosyberevesdepeche\\\/\",\"https:\\\/\\\/www.tiktok.com\\\/@nosy_be_reves_de_peche\"]}]}<\/script>\n<!-- \/ Yoast SEO plugin. -->","yoast_head_json":{"title":"Top destination for fishing charters in Madagascar - Nosy Be R\u00eaves de P\u00eache","description":"Discover Nosy Mitsio, 60 km north of Nosy Be, a legendary spot for sport fishing in Madagascar.","robots":{"index":"index","follow":"follow","max-snippet":"max-snippet:-1","max-image-preview":"max-image-preview:large","max-video-preview":"max-video-preview:-1"},"canonical":"https:\/\/nosyberevesdepeche.com\/en\/fishing-madagascar-nosy-mitsio\/","og_locale":"en_US","og_type":"article","og_title":"Top destination for fishing charters in Madagascar - Nosy Be R\u00eaves de P\u00eache","og_description":"Discover Nosy Mitsio, 60 km north of Nosy Be, a legendary spot for sport fishing in Madagascar.","og_url":"https:\/\/nosyberevesdepeche.com\/en\/fishing-madagascar-nosy-mitsio\/","og_site_name":"Nosy Be R\u00eaves de P\u00eache","article_publisher":"https:\/\/www.facebook.com\/nosyberevesdepeche","article_modified_time":"2026-02-05T04:12:14+00:00","og_image":[{"width":2048,"height":1542,"url":"https:\/\/nosyberevesdepeche.com\/wp-content\/uploads\/authenticite-modal1-e1750266218188.jpg","type":"image\/jpeg"}],"twitter_card":"summary_large_image","twitter_misc":{"Est. reading time":"1 minute"},"schema":{"@context":"https:\/\/schema.org","@graph":[{"@type":"WebPage","@id":"https:\/\/nosyberevesdepeche.com\/en\/fishing-madagascar-nosy-mitsio\/","url":"https:\/\/nosyberevesdepeche.com\/en\/fishing-madagascar-nosy-mitsio\/","name":"Top destination for fishing charters in Madagascar - Nosy Be R\u00eaves de P\u00eache","isPartOf":{"@id":"https:\/\/nosyberevesdepeche.com\/en\/#website"},"primaryImageOfPage":{"@id":"https:\/\/nosyberevesdepeche.com\/en\/fishing-madagascar-nosy-mitsio\/#primaryimage"},"image":{"@id":"https:\/\/nosyberevesdepeche.com\/en\/fishing-madagascar-nosy-mitsio\/#primaryimage"},"thumbnailUrl":"https:\/\/nosyberevesdepeche.com\/wp-content\/uploads\/authenticite-modal1-e1750266218188.jpg","datePublished":"2025-01-13T12:16:26+00:00","dateModified":"2026-02-05T04:12:14+00:00","description":"Discover Nosy Mitsio, 60 km north of Nosy Be, a legendary spot for sport fishing in Madagascar.","breadcrumb":{"@id":"https:\/\/nosyberevesdepeche.com\/en\/fishing-madagascar-nosy-mitsio\/#breadcrumb"},"inLanguage":"en-US","potentialAction":[{"@type":"ReadAction","target":["https:\/\/nosyberevesdepeche.com\/en\/fishing-madagascar-nosy-mitsio\/"]}]},{"@type":"ImageObject","inLanguage":"en-US","@id":"https:\/\/nosyberevesdepeche.com\/en\/fishing-madagascar-nosy-mitsio\/#primaryimage","url":"https:\/\/nosyberevesdepeche.com\/wp-content\/uploads\/authenticite-modal1-e1750266218188.jpg","contentUrl":"https:\/\/nosyberevesdepeche.com\/wp-content\/uploads\/authenticite-modal1-e1750266218188.jpg","width":2048,"height":1542,"caption":"On the beach of Nosy Mitsio, our warm and authentic bungalows to enjoy the peace and quiet after big game fishing."},{"@type":"BreadcrumbList","@id":"https:\/\/nosyberevesdepeche.com\/en\/fishing-madagascar-nosy-mitsio\/#breadcrumb","itemListElement":[{"@type":"ListItem","position":1,"name":"Accueil","item":"https:\/\/nosyberevesdepeche.com\/en\/"},{"@type":"ListItem","position":2,"name":"Nosy Mitsio"}]},{"@type":"WebSite","@id":"https:\/\/nosyberevesdepeche.com\/en\/#website","url":"https:\/\/nosyberevesdepeche.com\/en\/","name":"Nosy Be R\u00eaves de P\u00eache","description":"Sport fishing and big game fishing in Madagascar, from Nosy Be","publisher":{"@id":"https:\/\/nosyberevesdepeche.com\/en\/#organization"},"potentialAction":[{"@type":"SearchAction","target":{"@type":"EntryPoint","urlTemplate":"https:\/\/nosyberevesdepeche.com\/en\/?s={search_term_string}"},"query-input":{"@type":"PropertyValueSpecification","valueRequired":true,"valueName":"search_term_string"}}],"inLanguage":"en-US"},{"@type":"Organization","@id":"https:\/\/nosyberevesdepeche.com\/en\/#organization","name":"Nosy Be R\u00eaves de P\u00eache","url":"https:\/\/nosyberevesdepeche.com\/en\/","logo":{"@type":"ImageObject","inLanguage":"en-US","@id":"https:\/\/nosyberevesdepeche.com\/en\/#\/schema\/logo\/image\/","url":"https:\/\/nosyberevesdepeche.com\/wp-content\/uploads\/sejour-cap-san-sebastien.jpg","contentUrl":"https:\/\/nosyberevesdepeche.com\/wp-content\/uploads\/sejour-cap-san-sebastien.jpg","width":2048,"height":1542,"caption":"Nosy Be R\u00eaves de P\u00eache"},"image":{"@id":"https:\/\/nosyberevesdepeche.com\/en\/#\/schema\/logo\/image\/"},"sameAs":["https:\/\/www.facebook.com\/nosyberevesdepeche","https:\/\/www.youtube.com\/@NosyBeRevesdePeche","https:\/\/www.instagram.com\/nosyberevesdepeche\/","https:\/\/www.tiktok.com\/@nosy_be_reves_de_peche"]}]}},"_links":{"self":[{"href":"https:\/\/nosyberevesdepeche.com\/en\/wp-json\/wp\/v2\/pages\/8062","targetHints":{"allow":["GET"]}}],"collection":[{"href":"https:\/\/nosyberevesdepeche.com\/en\/wp-json\/wp\/v2\/pages"}],"about":[{"href":"https:\/\/nosyberevesdepeche.com\/en\/wp-json\/wp\/v2\/types\/page"}],"author":[{"embeddable":true,"href":"https:\/\/nosyberevesdepeche.com\/en\/wp-json\/wp\/v2\/users\/1"}],"replies":[{"embeddable":true,"href":"https:\/\/nosyberevesdepeche.com\/en\/wp-json\/wp\/v2\/comments?post=8062"}],"version-history":[{"count":57,"href":"https:\/\/nosyberevesdepeche.com\/en\/wp-json\/wp\/v2\/pages\/8062\/revisions"}],"predecessor-version":[{"id":30401,"href":"https:\/\/nosyberevesdepeche.com\/en\/wp-json\/wp\/v2\/pages\/8062\/revisions\/30401"}],"wp:featuredmedia":[{"embeddable":true,"href":"https:\/\/nosyberevesdepeche.com\/en\/wp-json\/wp\/v2\/media\/19769"}],"wp:attachment":[{"href":"https:\/\/nosyberevesdepeche.com\/en\/wp-json\/wp\/v2\/media?parent=8062"}],"curies":[{"name":"wp","href":"https:\/\/api.w.org\/{rel}","templated":true}]}}