{"id":8031,"date":"2024-12-28T09:50:56","date_gmt":"2024-12-28T08:50:56","guid":{"rendered":"https:\/\/nosyberevesdepeche.com\/index.php\/boat-big-game-fishing-madagascar\/"},"modified":"2025-12-29T13:46:35","modified_gmt":"2025-12-29T12:46:35","slug":"boat-sport-fishing-madagascar","status":"publish","type":"page","link":"https:\/\/nosyberevesdepeche.com\/en\/boat-sport-fishing-madagascar\/","title":{"rendered":"A boat for sport fishing in Madagascar"},"content":{"rendered":"\t\t<div data-elementor-type=\"wp-page\" data-elementor-id=\"8031\" class=\"elementor elementor-8031 elementor-1687\" data-elementor-post-type=\"page\">\n\t\t\t\t<div class=\"elementor-element elementor-element-986260a animated-slow e-flex e-con-boxed elementor-invisible e-con e-parent\" data-id=\"986260a\" data-element_type=\"container\" data-e-type=\"container\" data-settings=\"{&quot;animation&quot;:&quot;fadeIn&quot;}\">\n\t\t\t\t\t<div class=\"e-con-inner\">\n\t\t\t\t<div class=\"elementor-element elementor-element-9d9997a elementor-widget__width-initial elementor-widget elementor-widget-heading\" data-id=\"9d9997a\" data-element_type=\"widget\" data-e-type=\"widget\" data-widget_type=\"heading.default\">\n\t\t\t\t<div class=\"elementor-widget-container\">\n\t\t\t\t\t<h1 class=\"elementor-heading-title elementor-size-default\">A boat dedicated to sport fishing from Nosy Be<\/h1>\t\t\t\t<\/div>\n\t\t\t\t<\/div>\n\t\t\t\t\t<\/div>\n\t\t\t\t<\/div>\n\t\t<div class=\"elementor-element elementor-element-2504296 e-flex e-con-boxed e-con e-parent\" data-id=\"2504296\" data-element_type=\"container\" data-e-type=\"container\">\n\t\t\t\t\t<div class=\"e-con-inner\">\n\t\t\t\t<div class=\"elementor-element elementor-element-34578eb elementor-widget elementor-widget-shortcode\" data-id=\"34578eb\" data-element_type=\"widget\" data-e-type=\"widget\" data-widget_type=\"shortcode.default\">\n\t\t\t\t<div class=\"elementor-widget-container\">\n\t\t\t\t\t\t\t<div class=\"elementor-shortcode\">\n\t\t\t\t<p class=\"rs-p-wp-fix\"><\/p>\n\t\t\t\t<sr7-module data-alias=\"le-bateau-NEW\" data-id=\"153\" id=\"SR7_153_1\" class=\"rs-respect-topbar rs-ov-hidden\" data-version=\"6.7.41\">\n\t\t\t\t\t<sr7-adjuster><\/sr7-adjuster>\n\t\t\t\t\t<sr7-content>\n\t\t\t\t\t\t<sr7-slide id=\"SR7_153_1-1040\" data-key=\"1040\">\n\t\t\t\t\t\t\t<sr7-txt id=\"SR7_153_1-1040-3\" class=\"sr7-layer\">Next<\/sr7-txt>\n\t\t\t\t\t\t\t<h2 id=\"SR7_153_1-1040-5\" class=\"sr7-layer\">GET ON BOARD<\/h2>\n\t\t\t\t\t\t\t<p id=\"SR7_153_1-1040-6\" class=\"sr7-layer\">Our new boat, 10 meters long and 2.6 meters wide, made of polyester resin and fiberglass, is specially designed and optimized for sport fishing in Madagascar. It is a modern vessel offering excellent buoyancy and remarkable navigation performance.<br \/>\nThe boat can comfortably accommodate 4 anglers, or even 5 under specific fishing conditions.<br \/>\n<\/p>\n\t\t\t\t\t\t<\/sr7-slide>\n\t\t\t\t\t\t<sr7-slide id=\"SR7_153_1-1047\" data-key=\"1047\">\n\t\t\t\t\t\t\t<sr7-txt id=\"SR7_153_1-1047-3\" class=\"sr7-layer\">Next<\/sr7-txt>\n\t\t\t\t\t\t\t<h2 id=\"SR7_153_1-1047-5\" class=\"sr7-layer\">SAIL<\/h2>\n\t\t\t\t\t\t\t<p id=\"SR7_153_1-1047-6\" class=\"sr7-layer\">Powered by the latest Suzuki DF250AP engine, a 250 HP V6 outboard, our boat combines reliability, performance, and fuel efficiency. This significant range allows us to explore distant fishing spots in search of the largest predatory fish.<br \/>\nRobust, quiet, and efficient, this engine is particularly suited for fishing boats requiring power and maneuverability.<br \/>\n<\/p>\n\t\t\t\t\t\t<\/sr7-slide>\n\t\t\t\t\t\t<sr7-slide id=\"SR7_153_1-1048\" data-key=\"1048\">\n\t\t\t\t\t\t\t<h2 id=\"SR7_153_1-1048-5\" class=\"sr7-layer\">WITH TOTAL PEACE OF MIND<\/h2>\n\t\t\t\t\t\t\t<p id=\"SR7_153_1-1048-6\" class=\"sr7-layer\">Equipped with a Humminbird Helix 10 GPS sounder paired with an Airmar B60 thru-hull transducer, our boat offers remarkable precision for exploring fishing areas and detecting fish.Your safety is ensured by complete equipment : satellite phone, VHF radio, compass, life buoy, life jackets, fire extinguisher, and first aid kit.<br \/>\nOptimized for sport fishing, the boat also features 26 rod holders, high-performance lighting for night fishing, an integrated cooler, a fish box, a freshwater tank with showerhead, storage compartments, and a next-generation non-slip deck.<br \/>\n<\/p>\n\t\t\t\t\t\t\t<sr7-txt id=\"SR7_153_1-1048-14\" class=\"sr7-layer\">Next<\/sr7-txt>\n\t\t\t\t\t\t<\/sr7-slide>\n\t\t\t\t\t\t<sr7-slide id=\"SR7_153_1-1061\" data-key=\"1061\">\n\t\t\t\t\t\t<\/sr7-slide>\n\t\t\t\t\t<\/sr7-content>\n\t\t\t\t\t<image_lists style=\"display:none\">\n\t\t\t\t\t\t<img data-src=\"\/\/nosyberevesdepeche.com\/wp-content\/uploads\/bateau-motorisation.jpg\" data-libid=\"23057\" data-lib=\"medialibrary\" alt=\"Bateau \u00e9quip\u00e9 d\u2019un moteur Suzuki 250 CV pour la p\u00eache sportive vers Nosy Mitsio et le Cap San S\u00e9bastien, Madagascar\" title=\"Motorisation Suzuki 250 CV\" width=\"0\" height=\"0\" data-dbsrc=\"Ly9ub3N5YmVyZXZlc2RlcGVjaGUuY29tL3dwLWNvbnRlbnQvdXBsb2Fkcy9iYXRlYXUtbW90b3Jpc2F0aW9uLmpwZw==\"\/>\n\t\t\t\t\t\t<img data-src=\"\/\/nosyberevesdepeche.com\/wp-content\/uploads\/bateau-peche-madagascar-coque-mobile.webp\" data-libid=\"26164\" data-lib=\"medialibrary\" alt=\"Bateau en r\u00e9sine de 10 m con\u00e7u pour la p\u00eache au gros \u00e0 Madagascar, au d\u00e9part de Nosy Be\" title=\"Bateau pour la p\u00eache au gros \u00e0 Madagascar\" width=\"0\" height=\"0\" data-dbsrc=\"Ly9ub3N5YmVyZXZlc2RlcGVjaGUuY29tL3dwLWNvbnRlbnQvdXBsb2Fkcy9iYXRlYXUtcGVjaGUtbWFkYWdhc2Nhci1jb3F1ZS1tb2JpbGUud2VicA==\"\/>\n\t\t\t\t\t\t<img data-src=\"\/\/nosyberevesdepeche.com\/wp-content\/uploads\/bateau-peche-madagascar-motorisation.webp\" data-libid=\"26148\" data-lib=\"medialibrary\" alt=\"Bateau \u00e9quip\u00e9 d\u2019un moteur Suzuki 250 CV pour la p\u00eache sportive vers Nosy Mitsio et le Cap San S\u00e9bastien, Madagascar\" title=\"Motorisation Suzuki 250 CV\" width=\"0\" height=\"0\" data-dbsrc=\"Ly9ub3N5YmVyZXZlc2RlcGVjaGUuY29tL3dwLWNvbnRlbnQvdXBsb2Fkcy9iYXRlYXUtcGVjaGUtbWFkYWdhc2Nhci1tb3RvcmlzYXRpb24ud2VicA==\"\/>\n\t\t\t\t\t\t<img loading=\"lazy\" data-src=\"\/\/nosyberevesdepeche.com\/wp-content\/uploads\/bateau-peche-madagascar-motorisation-mobile.webp\" data-libid=\"26156\" data-lib=\"medialibrary\" alt=\"Bateau \u00e9quip\u00e9 d\u2019un moteur Suzuki 250 CV pour la p\u00eache sportive vers Nosy Mitsio et le Cap San S\u00e9bastien, Madagascar\" title=\"Motorisation Suzuki 250 CV\" width=\"0\" height=\"0\" data-dbsrc=\"Ly9ub3N5YmVyZXZlc2RlcGVjaGUuY29tL3dwLWNvbnRlbnQvdXBsb2Fkcy9iYXRlYXUtcGVjaGUtbWFkYWdhc2Nhci1tb3RvcmlzYXRpb24tbW9iaWxlLndlYnA=\"\/>\n\t\t\t\t\t\t<img loading=\"lazy\" data-src=\"\/\/nosyberevesdepeche.com\/wp-content\/uploads\/bateau-peche-madagascar-equipement.webp\" data-libid=\"26132\" data-lib=\"medialibrary\" alt=\"Tableau de bord \u00e9quip\u00e9 pour la navigation et la p\u00eache au gros \u00e0 Madagascar\" title=\"Poste de pilotage du bateau\" width=\"0\" height=\"0\" data-dbsrc=\"Ly9ub3N5YmVyZXZlc2RlcGVjaGUuY29tL3dwLWNvbnRlbnQvdXBsb2Fkcy9iYXRlYXUtcGVjaGUtbWFkYWdhc2Nhci1lcXVpcGVtZW50LndlYnA=\"\/>\n\t\t\t\t\t\t<img loading=\"lazy\" data-src=\"\/\/nosyberevesdepeche.com\/wp-content\/uploads\/bateau-peche-madagascar-equipement-mobile.webp\" data-libid=\"26140\" data-lib=\"medialibrary\" alt=\"Tableau de bord \u00e9quip\u00e9 pour la navigation et la p\u00eache au gros \u00e0 Madagascar\" title=\"Poste de pilotage du bateau\" width=\"0\" height=\"0\" data-dbsrc=\"Ly9ub3N5YmVyZXZlc2RlcGVjaGUuY29tL3dwLWNvbnRlbnQvdXBsb2Fkcy9iYXRlYXUtcGVjaGUtbWFkYWdhc2Nhci1lcXVpcGVtZW50LW1vYmlsZS53ZWJw\"\/>\n\t\t\t\t\t<\/image_lists>\n\t\t\t\t<\/sr7-module>\n\t\t\t\t<script>\n\t\t\t\t\tSR7.PMH ??={}; SR7.PMH[\"SR7_153_1\"] = {cn:100,state:false,fn: function() { if (_tpt!==undefined && _tpt.prepareModuleHeight !== undefined) {  _tpt.prepareModuleHeight({id:\"SR7_153_1\",el:[820,820,750,1100,800],type:'standard',shdw:'0',gh:[820,820,750,1100,800],gw:[1240,1240,1024,778,480],vpt:['-100px&#039;,&#039;-100px&#039;,&#039;-100px&#039;,&#039;-100px&#039;,&#039;-100px'],size:{fullWidth:true, fullHeight:false},mh:'0',onh:0,onw:250,bg:{color:'{\"type\":\"solid\",\"orig\":\"#0c1725\",\"string\":\"rgba(12, 23, 37, 1)\"}'}});   SR7.PMH[\"SR7_153_1\"].state=true;} else if(SR7.PMH[\"SR7_153_1\"].cn-->0)\tsetTimeout( SR7.PMH[\"SR7_153_1\"].fn,19);}};SR7.PMH[\"SR7_153_1\" ].fn();\n\t\t\t\t<\/script>\n<\/div>\n\t\t\t\t\t\t<\/div>\n\t\t\t\t<\/div>\n\t\t\t\t\t<\/div>\n\t\t\t\t<\/div>\n\t\t\t\t<\/div>\n\t\t","protected":false},"excerpt":{"rendered":"<p>A boat dedicated to sport fishing from Nosy Be<\/p>\n","protected":false},"author":1,"featured_media":21099,"parent":0,"menu_order":0,"comment_status":"closed","ping_status":"closed","template":"elementor_header_footer","meta":{"footnotes":""},"class_list":["post-8031","page","type-page","status-publish","has-post-thumbnail"],"yoast_head":"<!-- This site is optimized with the Yoast SEO plugin v27.4 - https:\/\/yoast.com\/product\/yoast-seo-wordpress\/ -->\n<title>A boat for sport fishing in Madagascar from Nosy Be - Nosy Be R\u00eaves de P\u00eache<\/title>\n<meta name=\"description\" content=\"Discover our 10 m boat dedicated to sport fishing in Madagascar from Nosy Be, with performance and safety.\" \/>\n<meta name=\"robots\" content=\"index, follow, max-snippet:-1, max-image-preview:large, max-video-preview:-1\" \/>\n<link rel=\"canonical\" href=\"https:\/\/nosyberevesdepeche.com\/en\/boat-sport-fishing-madagascar\/\" \/>\n<meta property=\"og:locale\" content=\"en_US\" \/>\n<meta property=\"og:type\" content=\"article\" \/>\n<meta property=\"og:title\" content=\"A boat for sport fishing in Madagascar from Nosy Be - Nosy Be R\u00eaves de P\u00eache\" \/>\n<meta property=\"og:description\" content=\"Discover our 10 m boat dedicated to sport fishing in Madagascar from Nosy Be, with performance and safety.\" \/>\n<meta property=\"og:url\" content=\"https:\/\/nosyberevesdepeche.com\/en\/boat-sport-fishing-madagascar\/\" \/>\n<meta property=\"og:site_name\" content=\"Nosy Be R\u00eaves de P\u00eache\" \/>\n<meta property=\"article:publisher\" content=\"https:\/\/www.facebook.com\/nosyberevesdepeche\" \/>\n<meta property=\"article:modified_time\" content=\"2025-12-29T12:46:35+00:00\" \/>\n<meta property=\"og:image\" content=\"https:\/\/nosyberevesdepeche.com\/wp-content\/uploads\/logo-google2-2.jpg\" \/>\n\t<meta property=\"og:image:width\" content=\"1200\" \/>\n\t<meta property=\"og:image:height\" content=\"675\" \/>\n\t<meta property=\"og:image:type\" content=\"image\/jpeg\" \/>\n<meta name=\"twitter:card\" content=\"summary_large_image\" \/>\n<script type=\"application\/ld+json\" class=\"yoast-schema-graph\">{\"@context\":\"https:\\\/\\\/schema.org\",\"@graph\":[{\"@type\":\"WebPage\",\"@id\":\"https:\\\/\\\/nosyberevesdepeche.com\\\/en\\\/boat-sport-fishing-madagascar\\\/\",\"url\":\"https:\\\/\\\/nosyberevesdepeche.com\\\/en\\\/boat-sport-fishing-madagascar\\\/\",\"name\":\"A boat for sport fishing in Madagascar from Nosy Be - Nosy Be R\u00eaves de P\u00eache\",\"isPartOf\":{\"@id\":\"https:\\\/\\\/nosyberevesdepeche.com\\\/en\\\/#website\"},\"primaryImageOfPage\":{\"@id\":\"https:\\\/\\\/nosyberevesdepeche.com\\\/en\\\/boat-sport-fishing-madagascar\\\/#primaryimage\"},\"image\":{\"@id\":\"https:\\\/\\\/nosyberevesdepeche.com\\\/en\\\/boat-sport-fishing-madagascar\\\/#primaryimage\"},\"thumbnailUrl\":\"https:\\\/\\\/nosyberevesdepeche.com\\\/wp-content\\\/uploads\\\/logo-google2-2.jpg\",\"datePublished\":\"2024-12-28T08:50:56+00:00\",\"dateModified\":\"2025-12-29T12:46:35+00:00\",\"description\":\"Discover our 10 m boat dedicated to sport fishing in Madagascar from Nosy Be, with performance and safety.\",\"breadcrumb\":{\"@id\":\"https:\\\/\\\/nosyberevesdepeche.com\\\/en\\\/boat-sport-fishing-madagascar\\\/#breadcrumb\"},\"inLanguage\":\"en-US\",\"potentialAction\":[{\"@type\":\"ReadAction\",\"target\":[\"https:\\\/\\\/nosyberevesdepeche.com\\\/en\\\/boat-sport-fishing-madagascar\\\/\"]}]},{\"@type\":\"ImageObject\",\"inLanguage\":\"en-US\",\"@id\":\"https:\\\/\\\/nosyberevesdepeche.com\\\/en\\\/boat-sport-fishing-madagascar\\\/#primaryimage\",\"url\":\"https:\\\/\\\/nosyberevesdepeche.com\\\/wp-content\\\/uploads\\\/logo-google2-2.jpg\",\"contentUrl\":\"https:\\\/\\\/nosyberevesdepeche.com\\\/wp-content\\\/uploads\\\/logo-google2-2.jpg\",\"width\":1200,\"height\":675},{\"@type\":\"BreadcrumbList\",\"@id\":\"https:\\\/\\\/nosyberevesdepeche.com\\\/en\\\/boat-sport-fishing-madagascar\\\/#breadcrumb\",\"itemListElement\":[{\"@type\":\"ListItem\",\"position\":1,\"name\":\"Accueil\",\"item\":\"https:\\\/\\\/nosyberevesdepeche.com\\\/en\\\/\"},{\"@type\":\"ListItem\",\"position\":2,\"name\":\"A boat for sport fishing in Madagascar\"}]},{\"@type\":\"WebSite\",\"@id\":\"https:\\\/\\\/nosyberevesdepeche.com\\\/en\\\/#website\",\"url\":\"https:\\\/\\\/nosyberevesdepeche.com\\\/en\\\/\",\"name\":\"Nosy Be R\u00eaves de P\u00eache\",\"description\":\"Sport fishing and big game fishing in Madagascar, from Nosy Be\",\"publisher\":{\"@id\":\"https:\\\/\\\/nosyberevesdepeche.com\\\/en\\\/#organization\"},\"potentialAction\":[{\"@type\":\"SearchAction\",\"target\":{\"@type\":\"EntryPoint\",\"urlTemplate\":\"https:\\\/\\\/nosyberevesdepeche.com\\\/en\\\/?s={search_term_string}\"},\"query-input\":{\"@type\":\"PropertyValueSpecification\",\"valueRequired\":true,\"valueName\":\"search_term_string\"}}],\"inLanguage\":\"en-US\"},{\"@type\":\"Organization\",\"@id\":\"https:\\\/\\\/nosyberevesdepeche.com\\\/en\\\/#organization\",\"name\":\"Nosy Be R\u00eaves de P\u00eache\",\"url\":\"https:\\\/\\\/nosyberevesdepeche.com\\\/en\\\/\",\"logo\":{\"@type\":\"ImageObject\",\"inLanguage\":\"en-US\",\"@id\":\"https:\\\/\\\/nosyberevesdepeche.com\\\/en\\\/#\\\/schema\\\/logo\\\/image\\\/\",\"url\":\"https:\\\/\\\/nosyberevesdepeche.com\\\/wp-content\\\/uploads\\\/sejour-cap-san-sebastien.jpg\",\"contentUrl\":\"https:\\\/\\\/nosyberevesdepeche.com\\\/wp-content\\\/uploads\\\/sejour-cap-san-sebastien.jpg\",\"width\":2048,\"height\":1542,\"caption\":\"Nosy Be R\u00eaves de P\u00eache\"},\"image\":{\"@id\":\"https:\\\/\\\/nosyberevesdepeche.com\\\/en\\\/#\\\/schema\\\/logo\\\/image\\\/\"},\"sameAs\":[\"https:\\\/\\\/www.facebook.com\\\/nosyberevesdepeche\",\"https:\\\/\\\/www.youtube.com\\\/@NosyBeRevesdePeche\",\"https:\\\/\\\/www.instagram.com\\\/nosyberevesdepeche\\\/\",\"https:\\\/\\\/www.tiktok.com\\\/@nosy_be_reves_de_peche\"]}]}<\/script>\n<!-- \/ Yoast SEO plugin. -->","yoast_head_json":{"title":"A boat for sport fishing in Madagascar from Nosy Be - Nosy Be R\u00eaves de P\u00eache","description":"Discover our 10 m boat dedicated to sport fishing in Madagascar from Nosy Be, with performance and safety.","robots":{"index":"index","follow":"follow","max-snippet":"max-snippet:-1","max-image-preview":"max-image-preview:large","max-video-preview":"max-video-preview:-1"},"canonical":"https:\/\/nosyberevesdepeche.com\/en\/boat-sport-fishing-madagascar\/","og_locale":"en_US","og_type":"article","og_title":"A boat for sport fishing in Madagascar from Nosy Be - Nosy Be R\u00eaves de P\u00eache","og_description":"Discover our 10 m boat dedicated to sport fishing in Madagascar from Nosy Be, with performance and safety.","og_url":"https:\/\/nosyberevesdepeche.com\/en\/boat-sport-fishing-madagascar\/","og_site_name":"Nosy Be R\u00eaves de P\u00eache","article_publisher":"https:\/\/www.facebook.com\/nosyberevesdepeche","article_modified_time":"2025-12-29T12:46:35+00:00","og_image":[{"width":1200,"height":675,"url":"https:\/\/nosyberevesdepeche.com\/wp-content\/uploads\/logo-google2-2.jpg","type":"image\/jpeg"}],"twitter_card":"summary_large_image","schema":{"@context":"https:\/\/schema.org","@graph":[{"@type":"WebPage","@id":"https:\/\/nosyberevesdepeche.com\/en\/boat-sport-fishing-madagascar\/","url":"https:\/\/nosyberevesdepeche.com\/en\/boat-sport-fishing-madagascar\/","name":"A boat for sport fishing in Madagascar from Nosy Be - Nosy Be R\u00eaves de P\u00eache","isPartOf":{"@id":"https:\/\/nosyberevesdepeche.com\/en\/#website"},"primaryImageOfPage":{"@id":"https:\/\/nosyberevesdepeche.com\/en\/boat-sport-fishing-madagascar\/#primaryimage"},"image":{"@id":"https:\/\/nosyberevesdepeche.com\/en\/boat-sport-fishing-madagascar\/#primaryimage"},"thumbnailUrl":"https:\/\/nosyberevesdepeche.com\/wp-content\/uploads\/logo-google2-2.jpg","datePublished":"2024-12-28T08:50:56+00:00","dateModified":"2025-12-29T12:46:35+00:00","description":"Discover our 10 m boat dedicated to sport fishing in Madagascar from Nosy Be, with performance and safety.","breadcrumb":{"@id":"https:\/\/nosyberevesdepeche.com\/en\/boat-sport-fishing-madagascar\/#breadcrumb"},"inLanguage":"en-US","potentialAction":[{"@type":"ReadAction","target":["https:\/\/nosyberevesdepeche.com\/en\/boat-sport-fishing-madagascar\/"]}]},{"@type":"ImageObject","inLanguage":"en-US","@id":"https:\/\/nosyberevesdepeche.com\/en\/boat-sport-fishing-madagascar\/#primaryimage","url":"https:\/\/nosyberevesdepeche.com\/wp-content\/uploads\/logo-google2-2.jpg","contentUrl":"https:\/\/nosyberevesdepeche.com\/wp-content\/uploads\/logo-google2-2.jpg","width":1200,"height":675},{"@type":"BreadcrumbList","@id":"https:\/\/nosyberevesdepeche.com\/en\/boat-sport-fishing-madagascar\/#breadcrumb","itemListElement":[{"@type":"ListItem","position":1,"name":"Accueil","item":"https:\/\/nosyberevesdepeche.com\/en\/"},{"@type":"ListItem","position":2,"name":"A boat for sport fishing in Madagascar"}]},{"@type":"WebSite","@id":"https:\/\/nosyberevesdepeche.com\/en\/#website","url":"https:\/\/nosyberevesdepeche.com\/en\/","name":"Nosy Be R\u00eaves de P\u00eache","description":"Sport fishing and big game fishing in Madagascar, from Nosy Be","publisher":{"@id":"https:\/\/nosyberevesdepeche.com\/en\/#organization"},"potentialAction":[{"@type":"SearchAction","target":{"@type":"EntryPoint","urlTemplate":"https:\/\/nosyberevesdepeche.com\/en\/?s={search_term_string}"},"query-input":{"@type":"PropertyValueSpecification","valueRequired":true,"valueName":"search_term_string"}}],"inLanguage":"en-US"},{"@type":"Organization","@id":"https:\/\/nosyberevesdepeche.com\/en\/#organization","name":"Nosy Be R\u00eaves de P\u00eache","url":"https:\/\/nosyberevesdepeche.com\/en\/","logo":{"@type":"ImageObject","inLanguage":"en-US","@id":"https:\/\/nosyberevesdepeche.com\/en\/#\/schema\/logo\/image\/","url":"https:\/\/nosyberevesdepeche.com\/wp-content\/uploads\/sejour-cap-san-sebastien.jpg","contentUrl":"https:\/\/nosyberevesdepeche.com\/wp-content\/uploads\/sejour-cap-san-sebastien.jpg","width":2048,"height":1542,"caption":"Nosy Be R\u00eaves de P\u00eache"},"image":{"@id":"https:\/\/nosyberevesdepeche.com\/en\/#\/schema\/logo\/image\/"},"sameAs":["https:\/\/www.facebook.com\/nosyberevesdepeche","https:\/\/www.youtube.com\/@NosyBeRevesdePeche","https:\/\/www.instagram.com\/nosyberevesdepeche\/","https:\/\/www.tiktok.com\/@nosy_be_reves_de_peche"]}]}},"_links":{"self":[{"href":"https:\/\/nosyberevesdepeche.com\/en\/wp-json\/wp\/v2\/pages\/8031","targetHints":{"allow":["GET"]}}],"collection":[{"href":"https:\/\/nosyberevesdepeche.com\/en\/wp-json\/wp\/v2\/pages"}],"about":[{"href":"https:\/\/nosyberevesdepeche.com\/en\/wp-json\/wp\/v2\/types\/page"}],"author":[{"embeddable":true,"href":"https:\/\/nosyberevesdepeche.com\/en\/wp-json\/wp\/v2\/users\/1"}],"replies":[{"embeddable":true,"href":"https:\/\/nosyberevesdepeche.com\/en\/wp-json\/wp\/v2\/comments?post=8031"}],"version-history":[{"count":26,"href":"https:\/\/nosyberevesdepeche.com\/en\/wp-json\/wp\/v2\/pages\/8031\/revisions"}],"predecessor-version":[{"id":26617,"href":"https:\/\/nosyberevesdepeche.com\/en\/wp-json\/wp\/v2\/pages\/8031\/revisions\/26617"}],"wp:featuredmedia":[{"embeddable":true,"href":"https:\/\/nosyberevesdepeche.com\/en\/wp-json\/wp\/v2\/media\/21099"}],"wp:attachment":[{"href":"https:\/\/nosyberevesdepeche.com\/en\/wp-json\/wp\/v2\/media?parent=8031"}],"curies":[{"name":"wp","href":"https:\/\/api.w.org\/{rel}","templated":true}]}}