{"id":26781,"date":"2025-11-16T13:55:03","date_gmt":"2025-11-16T12:55:03","guid":{"rendered":"https:\/\/nosyberevesdepeche.com\/fishing-madagascar-superior-beachfront-bungalows-nosy-mitsio\/"},"modified":"2025-12-20T17:08:22","modified_gmt":"2025-12-20T16:08:22","slug":"fishing-madagascar-superior-beachfront-bungalows-nosy-mitsio","status":"publish","type":"page","link":"https:\/\/nosyberevesdepeche.com\/en\/fishing-madagascar-superior-beachfront-bungalows-nosy-mitsio\/","title":{"rendered":"Superior beachfront bungalows in Nosy Mitsio"},"content":{"rendered":"\t\t<div data-elementor-type=\"wp-page\" data-elementor-id=\"26781\" class=\"elementor elementor-26781 elementor-26682\" data-elementor-post-type=\"page\">\n\t\t\t\t<div class=\"elementor-element elementor-element-cfdce50 e-flex e-con-boxed e-con e-parent\" data-id=\"cfdce50\" data-element_type=\"container\" data-e-type=\"container\">\n\t\t\t\t\t<div class=\"e-con-inner\">\n\t\t\t\t<div class=\"elementor-element elementor-element-f714fbe elementor-widget elementor-widget-shortcode\" data-id=\"f714fbe\" data-element_type=\"widget\" data-e-type=\"widget\" data-widget_type=\"shortcode.default\">\n\t\t\t\t<div class=\"elementor-widget-container\">\n\t\t\t\t\t\t\t<div class=\"elementor-shortcode\">\n\t\t\t\t<p class=\"rs-p-wp-fix\"><\/p>\n\t\t\t\t<sr7-module data-alias=\"modal-bungalows-superieurs\" data-id=\"154\" id=\"SR7_154_1\" class=\"rs-ov-hidden\" data-version=\"6.7.54\">\n\t\t\t\t\t<sr7-adjuster><\/sr7-adjuster>\n\t\t\t\t\t<sr7-content>\n\t\t\t\t\t\t<sr7-carousel>\n\t\t\t\t\t\t<sr7-slide id=\"SR7_154_1-1102\" data-key=\"1102\">\n\t\t\t\t\t\t\t<sr7-bg id=\"SR7_154_1-1102-1\" class=\"sr7-layer\"><noscript><img decoding=\"async\" src=\"https:\/\/nosyberevesdepeche.com\/wp-content\/uploads\/peche-madagascar-nosy-mitsio-plage.jpg\" alt=\"Une sublime plage \u00e0 Nosy Mitsio, Madagascar, pour nos s\u00e9jours de p\u00eache au gros\" title=\"Sublime plage \u00e0 Nosy Mitsio\"><\/noscript><\/sr7-bg>\n\t\t\t\t\t\t<\/sr7-slide>\n\t\t\t\t\t\t<sr7-slide id=\"SR7_154_1-1096\" data-key=\"1096\">\n\t\t\t\t\t\t\t<sr7-bg id=\"SR7_154_1-1096-1\" class=\"sr7-layer\"><noscript><img decoding=\"async\" src=\"https:\/\/nosyberevesdepeche.com\/wp-content\/uploads\/peche-madagascar-plage-bungalows-superieurs-nosy-mitsio.webp\" alt=\"\" title=\"peche madagascar-plage-bungalows-superieurs-nosy-mitsio\"><\/noscript><\/sr7-bg>\n\t\t\t\t\t\t<\/sr7-slide>\n\t\t\t\t\t\t<sr7-slide id=\"SR7_154_1-1103\" data-key=\"1103\">\n\t\t\t\t\t\t\t<sr7-bg id=\"SR7_154_1-1103-1\" class=\"sr7-layer\"><noscript><img decoding=\"async\" src=\"https:\/\/nosyberevesdepeche.com\/wp-content\/uploads\/peche-madagascar-nosy-mitsio-bungalows-superieurs.webp\" alt=\"Bungalows sup\u00e9rieurs \u00e0 Nosy Mitsio pour nos s\u00e9jours de p\u00eache sportive \u00e0 Madagascar\" title=\"Bungalows \u00e0 Nosy Mitsio\"><\/noscript><\/sr7-bg>\n\t\t\t\t\t\t<\/sr7-slide>\n\t\t\t\t\t\t<sr7-slide id=\"SR7_154_1-1104\" data-key=\"1104\">\n\t\t\t\t\t\t\t<sr7-bg id=\"SR7_154_1-1104-1\" class=\"sr7-layer\"><noscript><img decoding=\"async\" src=\"https:\/\/nosyberevesdepeche.com\/wp-content\/uploads\/interieur-bungalow-superieur-nosy-mitsio.webp\" alt=\"Un int\u00e9rieur charmant pour les bungalows sup\u00e9rieurs sur la plage \u00e0 Nosy Mitsio, Madagascar\" title=\"Int\u00e9rieur des bungalows sup\u00e9rieurs\"><\/noscript><\/sr7-bg>\n\t\t\t\t\t\t<\/sr7-slide>\n\t\t\t\t\t\t<sr7-slide id=\"SR7_154_1-1105\" data-key=\"1105\">\n\t\t\t\t\t\t\t<sr7-bg id=\"SR7_154_1-1105-1\" class=\"sr7-layer\"><noscript><img decoding=\"async\" src=\"https:\/\/nosyberevesdepeche.com\/wp-content\/uploads\/toilettes-bungalow-superieur-nosy-mitsio-madagascar.webp\" alt=\"\" title=\"toilettes-bungalow-superieur-nosy-mitsio-madagascar\"><\/noscript><\/sr7-bg>\n\t\t\t\t\t\t<\/sr7-slide>\n\t\t\t\t\t\t<sr7-slide id=\"SR7_154_1-1097\" data-key=\"1097\">\n\t\t\t\t\t\t\t<sr7-bg id=\"SR7_154_1-1097-1\" class=\"sr7-layer\"><noscript><img decoding=\"async\" src=\"https:\/\/nosyberevesdepeche.com\/wp-content\/uploads\/restaurant-plage-nosy-mitsio-madagascar.webp\" alt=\"Le restaurant sur la plage de Nosy Mitsio pour nos s\u00e9jours de p\u00eache \u00e0 Madagascar\" title=\"Restaurant \u00e0 Nosy Mitsio\"><\/noscript><\/sr7-bg>\n\t\t\t\t\t\t<\/sr7-slide>\n\t\t\t\t\t\t<sr7-slide id=\"SR7_154_1-1098\" data-key=\"1098\">\n\t\t\t\t\t\t\t<sr7-bg id=\"SR7_154_1-1098-1\" class=\"sr7-layer\"><noscript><img decoding=\"async\" src=\"https:\/\/nosyberevesdepeche.com\/wp-content\/uploads\/peche-madagascar-vue-restaurant-nosy-mitsio.webp\" alt=\"Vue du restaurant sur une plage paradisiaque de Nosy Mitsio, Madagascar\" title=\"Vue du restaurant\"><\/noscript><\/sr7-bg>\n\t\t\t\t\t\t<\/sr7-slide>\n\t\t\t\t\t\t<sr7-slide id=\"SR7_154_1-1099\" data-key=\"1099\">\n\t\t\t\t\t\t\t<sr7-bg id=\"SR7_154_1-1099-1\" class=\"sr7-layer\"><noscript><img decoding=\"async\" src=\"https:\/\/nosyberevesdepeche.com\/wp-content\/uploads\/coucher-de-soleil-plage-nosy-mitsio-madagascar.webp\" alt=\"Coucher de soleil sur la plage de Nosy Mitsio lors de nos s\u00e9jours de p\u00eache \u00e0 Madagascar\" title=\"Coucher de soleil \u00e0 Nosy Mitsio\"><\/noscript><\/sr7-bg>\n\t\t\t\t\t\t<\/sr7-slide>\n\t\t\t\t\t\t<sr7-slide id=\"SR7_154_1-1106\" data-key=\"1106\">\n\t\t\t\t\t\t\t<sr7-txt id=\"SR7_154_1-1106-0\" class=\"sr7-layer\"><i class=\"fa-angle-right\"><\/i><\/sr7-txt>\n\t\t\t\t\t\t\t<sr7-txt id=\"SR7_154_1-1106-4\" class=\"sr7-layer\"><i class=\"material-icons\">close<\/i><\/sr7-txt>\n\t\t\t\t\t\t\t<sr7-txt id=\"SR7_154_1-1106-6\" class=\"sr7-layer\"><i class=\"fa-angle-left\"><\/i><\/sr7-txt>\n\t\t\t\t\t\t<\/sr7-slide>\n\t\t\t\t\t\t<\/sr7-carousel>\n\t\t\t\t\t<\/sr7-content>\n\t\t\t\t\t<image_lists style=\"display:none\">\n\t\t\t\t\t\t<img data-src=\"\/\/nosyberevesdepeche.com\/wp-content\/uploads\/peche-madagascar-plage-bungalows-superieurs-nosy-mitsio.webp\" data-libid=\"27400\" data-lib=\"medialibrary\" title=\"peche madagascar-plage-bungalows-superieurs-nosy-mitsio\" width=\"0\" height=\"0\" data-dbsrc=\"Ly9ub3N5YmVyZXZlc2RlcGVjaGUuY29tL3dwLWNvbnRlbnQvdXBsb2Fkcy9wZWNoZS1tYWRhZ2FzY2FyLXBsYWdlLWJ1bmdhbG93cy1zdXBlcmlldXJzLW5vc3ktbWl0c2lvLndlYnA=\"\/>\n\t\t\t\t\t\t<img data-src=\"\/\/nosyberevesdepeche.com\/wp-content\/uploads\/restaurant-plage-nosy-mitsio-madagascar.webp\" data-libid=\"27440\" data-lib=\"medialibrary\" alt=\"Le restaurant sur la plage de Nosy Mitsio pour nos s\u00e9jours de p\u00eache \u00e0 Madagascar\" title=\"Restaurant \u00e0 Nosy Mitsio\" width=\"0\" height=\"0\" data-dbsrc=\"Ly9ub3N5YmVyZXZlc2RlcGVjaGUuY29tL3dwLWNvbnRlbnQvdXBsb2Fkcy9yZXN0YXVyYW50LXBsYWdlLW5vc3ktbWl0c2lvLW1hZGFnYXNjYXIud2VicA==\"\/>\n\t\t\t\t\t\t<img data-src=\"\/\/nosyberevesdepeche.com\/wp-content\/uploads\/peche-madagascar-vue-restaurant-nosy-mitsio.webp\" data-libid=\"27392\" data-lib=\"medialibrary\" alt=\"Vue du restaurant sur une plage paradisiaque de Nosy Mitsio, Madagascar\" title=\"Vue du restaurant\" width=\"0\" height=\"0\" data-dbsrc=\"Ly9ub3N5YmVyZXZlc2RlcGVjaGUuY29tL3dwLWNvbnRlbnQvdXBsb2Fkcy9wZWNoZS1tYWRhZ2FzY2FyLXZ1ZS1yZXN0YXVyYW50LW5vc3ktbWl0c2lvLndlYnA=\"\/>\n\t\t\t\t\t\t<img loading=\"lazy\" data-src=\"\/\/nosyberevesdepeche.com\/wp-content\/uploads\/coucher-de-soleil-plage-nosy-mitsio-madagascar.webp\" data-libid=\"27448\" data-lib=\"medialibrary\" alt=\"Coucher de soleil sur la plage de Nosy Mitsio lors de nos s\u00e9jours de p\u00eache \u00e0 Madagascar\" title=\"Coucher de soleil \u00e0 Nosy Mitsio\" width=\"0\" height=\"0\" data-dbsrc=\"Ly9ub3N5YmVyZXZlc2RlcGVjaGUuY29tL3dwLWNvbnRlbnQvdXBsb2Fkcy9jb3VjaGVyLWRlLXNvbGVpbC1wbGFnZS1ub3N5LW1pdHNpby1tYWRhZ2FzY2FyLndlYnA=\"\/>\n\t\t\t\t\t\t<img loading=\"lazy\" data-src=\"\/\/nosyberevesdepeche.com\/wp-content\/uploads\/peche-madagascar-nosy-mitsio-plage.jpg\" data-libid=\"27408\" data-lib=\"medialibrary\" alt=\"Une sublime plage \u00e0 Nosy Mitsio, Madagascar, pour nos s\u00e9jours de p\u00eache au gros\" title=\"Sublime plage \u00e0 Nosy Mitsio\" width=\"0\" height=\"0\" data-dbsrc=\"Ly9ub3N5YmVyZXZlc2RlcGVjaGUuY29tL3dwLWNvbnRlbnQvdXBsb2Fkcy9wZWNoZS1tYWRhZ2FzY2FyLW5vc3ktbWl0c2lvLXBsYWdlLmpwZw==\"\/>\n\t\t\t\t\t\t<img loading=\"lazy\" data-src=\"\/\/nosyberevesdepeche.com\/wp-content\/uploads\/peche-madagascar-nosy-mitsio-bungalows-superieurs.webp\" data-libid=\"27416\" data-lib=\"medialibrary\" alt=\"Bungalows sup\u00e9rieurs \u00e0 Nosy Mitsio pour nos s\u00e9jours de p\u00eache sportive \u00e0 Madagascar\" title=\"Bungalows \u00e0 Nosy Mitsio\" width=\"0\" height=\"0\" data-dbsrc=\"Ly9ub3N5YmVyZXZlc2RlcGVjaGUuY29tL3dwLWNvbnRlbnQvdXBsb2Fkcy9wZWNoZS1tYWRhZ2FzY2FyLW5vc3ktbWl0c2lvLWJ1bmdhbG93cy1zdXBlcmlldXJzLndlYnA=\"\/>\n\t\t\t\t\t\t<img loading=\"lazy\" data-src=\"\/\/nosyberevesdepeche.com\/wp-content\/uploads\/interieur-bungalow-superieur-nosy-mitsio.webp\" data-libid=\"27424\" data-lib=\"medialibrary\" alt=\"Un int\u00e9rieur charmant pour les bungalows sup\u00e9rieurs sur la plage \u00e0 Nosy Mitsio, Madagascar\" title=\"Int\u00e9rieur des bungalows sup\u00e9rieurs\" width=\"0\" height=\"0\" data-dbsrc=\"Ly9ub3N5YmVyZXZlc2RlcGVjaGUuY29tL3dwLWNvbnRlbnQvdXBsb2Fkcy9pbnRlcmlldXItYnVuZ2Fsb3ctc3VwZXJpZXVyLW5vc3ktbWl0c2lvLndlYnA=\"\/>\n\t\t\t\t\t\t<img loading=\"lazy\" data-src=\"\/\/nosyberevesdepeche.com\/wp-content\/uploads\/toilettes-bungalow-superieur-nosy-mitsio-madagascar.webp\" data-libid=\"27432\" data-lib=\"medialibrary\" title=\"toilettes-bungalow-superieur-nosy-mitsio-madagascar\" width=\"0\" height=\"0\" data-dbsrc=\"Ly9ub3N5YmVyZXZlc2RlcGVjaGUuY29tL3dwLWNvbnRlbnQvdXBsb2Fkcy90b2lsZXR0ZXMtYnVuZ2Fsb3ctc3VwZXJpZXVyLW5vc3ktbWl0c2lvLW1hZGFnYXNjYXIud2VicA==\"\/>\n\t\t\t\t\t<\/image_lists>\n\t\t\t\t<\/sr7-module>\n\t\t\t\t<script>\n\t\t\t\t\twindow.SR7 ??={};SR7.PMH ??={}; SR7.PMH[\"SR7_154_1\"] = {cn:100,state:false,fn: function() { if (window._tpt!==undefined && window._tpt.prepareModuleHeight !== undefined) {  _tpt.prepareModuleHeight({id:\"SR7_154_1\",el:[700,700,600,500,400],type:'carousel',shdw:'0',gh:[700,700,600,500,400],gw:[1240,1240,1024,778,480],vpt:['-100px&#039;,&#039;-100px&#039;,&#039;-100px&#039;,&#039;-100px&#039;,&#039;-100px'],size:{fullWidth:true, fullHeight:true},fho:'',mh:'0',onh:0,onw:0,bg:{color:'{\"type\":\"solid\",\"orig\":\"#0c0a0a\",\"string\":\"rgba(12, 10, 10, 1)\"}'},carousel:{pt:'0',pb:'0'}});   SR7.PMH[\"SR7_154_1\"].state=true;} else if(SR7.PMH[\"SR7_154_1\"].cn-->0)\tsetTimeout( SR7.PMH[\"SR7_154_1\"].fn,19);}};SR7.PMH[\"SR7_154_1\" ].fn();\n\t\t\t\t<\/script>\n<\/div>\n\t\t\t\t\t\t<\/div>\n\t\t\t\t<\/div>\n\t\t\t\t\t<\/div>\n\t\t\t\t<\/div>\n\t\t\t\t<\/div>\n\t\t","protected":false},"excerpt":{"rendered":"close","protected":false},"author":1,"featured_media":0,"parent":0,"menu_order":0,"comment_status":"closed","ping_status":"closed","template":"elementor_header_footer","meta":{"footnotes":""},"class_list":["post-26781","page","type-page","status-publish"],"yoast_head":"<!-- This site is optimized with the Yoast SEO plugin v27.4 - https:\/\/yoast.com\/product\/yoast-seo-wordpress\/ -->\n<title>Superior bungalows in Mitsio for fishing in Madagascar<\/title>\n<meta name=\"description\" content=\"Stay in superior beachfront bungalows in Nosy Mitsio and enjoy exceptional sport fishing in Madagascar, from Nosy Be.\" \/>\n<meta name=\"robots\" content=\"index, follow, max-snippet:-1, max-image-preview:large, max-video-preview:-1\" \/>\n<link rel=\"canonical\" href=\"https:\/\/nosyberevesdepeche.com\/en\/fishing-madagascar-superior-beachfront-bungalows-nosy-mitsio\/\" \/>\n<meta property=\"og:locale\" content=\"en_US\" \/>\n<meta property=\"og:type\" content=\"article\" \/>\n<meta property=\"og:title\" content=\"Superior bungalows in Mitsio for fishing in Madagascar\" \/>\n<meta property=\"og:description\" content=\"Stay in superior beachfront bungalows in Nosy Mitsio and enjoy exceptional sport fishing in Madagascar, from Nosy Be.\" \/>\n<meta property=\"og:url\" content=\"https:\/\/nosyberevesdepeche.com\/en\/fishing-madagascar-superior-beachfront-bungalows-nosy-mitsio\/\" \/>\n<meta property=\"og:site_name\" content=\"Nosy Be R\u00eaves de P\u00eache\" \/>\n<meta property=\"article:publisher\" content=\"https:\/\/www.facebook.com\/nosyberevesdepeche\" \/>\n<meta property=\"article:modified_time\" content=\"2025-12-20T16:08:22+00:00\" \/>\n<meta property=\"og:image\" content=\"https:\/\/nosyberevesdepeche.com\/wp-content\/uploads\/sejour-cap-san-sebastien.jpg\" \/>\n\t<meta property=\"og:image:width\" content=\"2048\" \/>\n\t<meta property=\"og:image:height\" content=\"1542\" \/>\n\t<meta property=\"og:image:type\" content=\"image\/jpeg\" \/>\n<meta name=\"twitter:card\" content=\"summary_large_image\" \/>\n<script type=\"application\/ld+json\" class=\"yoast-schema-graph\">{\"@context\":\"https:\\\/\\\/schema.org\",\"@graph\":[{\"@type\":\"WebPage\",\"@id\":\"https:\\\/\\\/nosyberevesdepeche.com\\\/en\\\/fishing-madagascar-superior-beachfront-bungalows-nosy-mitsio\\\/\",\"url\":\"https:\\\/\\\/nosyberevesdepeche.com\\\/en\\\/fishing-madagascar-superior-beachfront-bungalows-nosy-mitsio\\\/\",\"name\":\"Superior bungalows in Mitsio for fishing in Madagascar\",\"isPartOf\":{\"@id\":\"https:\\\/\\\/nosyberevesdepeche.com\\\/en\\\/#website\"},\"datePublished\":\"2025-11-16T12:55:03+00:00\",\"dateModified\":\"2025-12-20T16:08:22+00:00\",\"description\":\"Stay in superior beachfront bungalows in Nosy Mitsio and enjoy exceptional sport fishing in Madagascar, from Nosy Be.\",\"breadcrumb\":{\"@id\":\"https:\\\/\\\/nosyberevesdepeche.com\\\/en\\\/fishing-madagascar-superior-beachfront-bungalows-nosy-mitsio\\\/#breadcrumb\"},\"inLanguage\":\"en-US\",\"potentialAction\":[{\"@type\":\"ReadAction\",\"target\":[\"https:\\\/\\\/nosyberevesdepeche.com\\\/en\\\/fishing-madagascar-superior-beachfront-bungalows-nosy-mitsio\\\/\"]}]},{\"@type\":\"BreadcrumbList\",\"@id\":\"https:\\\/\\\/nosyberevesdepeche.com\\\/en\\\/fishing-madagascar-superior-beachfront-bungalows-nosy-mitsio\\\/#breadcrumb\",\"itemListElement\":[{\"@type\":\"ListItem\",\"position\":1,\"name\":\"Accueil\",\"item\":\"https:\\\/\\\/nosyberevesdepeche.com\\\/en\\\/\"},{\"@type\":\"ListItem\",\"position\":2,\"name\":\"Superior beachfront bungalows in Nosy Mitsio\"}]},{\"@type\":\"WebSite\",\"@id\":\"https:\\\/\\\/nosyberevesdepeche.com\\\/en\\\/#website\",\"url\":\"https:\\\/\\\/nosyberevesdepeche.com\\\/en\\\/\",\"name\":\"Nosy Be R\u00eaves de P\u00eache\",\"description\":\"Sport fishing and big game fishing in Madagascar, from Nosy Be\",\"publisher\":{\"@id\":\"https:\\\/\\\/nosyberevesdepeche.com\\\/en\\\/#organization\"},\"potentialAction\":[{\"@type\":\"SearchAction\",\"target\":{\"@type\":\"EntryPoint\",\"urlTemplate\":\"https:\\\/\\\/nosyberevesdepeche.com\\\/en\\\/?s={search_term_string}\"},\"query-input\":{\"@type\":\"PropertyValueSpecification\",\"valueRequired\":true,\"valueName\":\"search_term_string\"}}],\"inLanguage\":\"en-US\"},{\"@type\":\"Organization\",\"@id\":\"https:\\\/\\\/nosyberevesdepeche.com\\\/en\\\/#organization\",\"name\":\"Nosy Be R\u00eaves de P\u00eache\",\"url\":\"https:\\\/\\\/nosyberevesdepeche.com\\\/en\\\/\",\"logo\":{\"@type\":\"ImageObject\",\"inLanguage\":\"en-US\",\"@id\":\"https:\\\/\\\/nosyberevesdepeche.com\\\/en\\\/#\\\/schema\\\/logo\\\/image\\\/\",\"url\":\"https:\\\/\\\/nosyberevesdepeche.com\\\/wp-content\\\/uploads\\\/sejour-cap-san-sebastien.jpg\",\"contentUrl\":\"https:\\\/\\\/nosyberevesdepeche.com\\\/wp-content\\\/uploads\\\/sejour-cap-san-sebastien.jpg\",\"width\":2048,\"height\":1542,\"caption\":\"Nosy Be R\u00eaves de P\u00eache\"},\"image\":{\"@id\":\"https:\\\/\\\/nosyberevesdepeche.com\\\/en\\\/#\\\/schema\\\/logo\\\/image\\\/\"},\"sameAs\":[\"https:\\\/\\\/www.facebook.com\\\/nosyberevesdepeche\",\"https:\\\/\\\/www.youtube.com\\\/@NosyBeRevesdePeche\",\"https:\\\/\\\/www.instagram.com\\\/nosyberevesdepeche\\\/\",\"https:\\\/\\\/www.tiktok.com\\\/@nosy_be_reves_de_peche\"]}]}<\/script>\n<!-- \/ Yoast SEO plugin. -->","yoast_head_json":{"title":"Superior bungalows in Mitsio for fishing in Madagascar","description":"Stay in superior beachfront bungalows in Nosy Mitsio and enjoy exceptional sport fishing in Madagascar, from Nosy Be.","robots":{"index":"index","follow":"follow","max-snippet":"max-snippet:-1","max-image-preview":"max-image-preview:large","max-video-preview":"max-video-preview:-1"},"canonical":"https:\/\/nosyberevesdepeche.com\/en\/fishing-madagascar-superior-beachfront-bungalows-nosy-mitsio\/","og_locale":"en_US","og_type":"article","og_title":"Superior bungalows in Mitsio for fishing in Madagascar","og_description":"Stay in superior beachfront bungalows in Nosy Mitsio and enjoy exceptional sport fishing in Madagascar, from Nosy Be.","og_url":"https:\/\/nosyberevesdepeche.com\/en\/fishing-madagascar-superior-beachfront-bungalows-nosy-mitsio\/","og_site_name":"Nosy Be R\u00eaves de P\u00eache","article_publisher":"https:\/\/www.facebook.com\/nosyberevesdepeche","article_modified_time":"2025-12-20T16:08:22+00:00","og_image":[{"width":2048,"height":1542,"url":"https:\/\/nosyberevesdepeche.com\/wp-content\/uploads\/sejour-cap-san-sebastien.jpg","type":"image\/jpeg"}],"twitter_card":"summary_large_image","schema":{"@context":"https:\/\/schema.org","@graph":[{"@type":"WebPage","@id":"https:\/\/nosyberevesdepeche.com\/en\/fishing-madagascar-superior-beachfront-bungalows-nosy-mitsio\/","url":"https:\/\/nosyberevesdepeche.com\/en\/fishing-madagascar-superior-beachfront-bungalows-nosy-mitsio\/","name":"Superior bungalows in Mitsio for fishing in Madagascar","isPartOf":{"@id":"https:\/\/nosyberevesdepeche.com\/en\/#website"},"datePublished":"2025-11-16T12:55:03+00:00","dateModified":"2025-12-20T16:08:22+00:00","description":"Stay in superior beachfront bungalows in Nosy Mitsio and enjoy exceptional sport fishing in Madagascar, from Nosy Be.","breadcrumb":{"@id":"https:\/\/nosyberevesdepeche.com\/en\/fishing-madagascar-superior-beachfront-bungalows-nosy-mitsio\/#breadcrumb"},"inLanguage":"en-US","potentialAction":[{"@type":"ReadAction","target":["https:\/\/nosyberevesdepeche.com\/en\/fishing-madagascar-superior-beachfront-bungalows-nosy-mitsio\/"]}]},{"@type":"BreadcrumbList","@id":"https:\/\/nosyberevesdepeche.com\/en\/fishing-madagascar-superior-beachfront-bungalows-nosy-mitsio\/#breadcrumb","itemListElement":[{"@type":"ListItem","position":1,"name":"Accueil","item":"https:\/\/nosyberevesdepeche.com\/en\/"},{"@type":"ListItem","position":2,"name":"Superior beachfront bungalows in Nosy Mitsio"}]},{"@type":"WebSite","@id":"https:\/\/nosyberevesdepeche.com\/en\/#website","url":"https:\/\/nosyberevesdepeche.com\/en\/","name":"Nosy Be R\u00eaves de P\u00eache","description":"Sport fishing and big game fishing in Madagascar, from Nosy Be","publisher":{"@id":"https:\/\/nosyberevesdepeche.com\/en\/#organization"},"potentialAction":[{"@type":"SearchAction","target":{"@type":"EntryPoint","urlTemplate":"https:\/\/nosyberevesdepeche.com\/en\/?s={search_term_string}"},"query-input":{"@type":"PropertyValueSpecification","valueRequired":true,"valueName":"search_term_string"}}],"inLanguage":"en-US"},{"@type":"Organization","@id":"https:\/\/nosyberevesdepeche.com\/en\/#organization","name":"Nosy Be R\u00eaves de P\u00eache","url":"https:\/\/nosyberevesdepeche.com\/en\/","logo":{"@type":"ImageObject","inLanguage":"en-US","@id":"https:\/\/nosyberevesdepeche.com\/en\/#\/schema\/logo\/image\/","url":"https:\/\/nosyberevesdepeche.com\/wp-content\/uploads\/sejour-cap-san-sebastien.jpg","contentUrl":"https:\/\/nosyberevesdepeche.com\/wp-content\/uploads\/sejour-cap-san-sebastien.jpg","width":2048,"height":1542,"caption":"Nosy Be R\u00eaves de P\u00eache"},"image":{"@id":"https:\/\/nosyberevesdepeche.com\/en\/#\/schema\/logo\/image\/"},"sameAs":["https:\/\/www.facebook.com\/nosyberevesdepeche","https:\/\/www.youtube.com\/@NosyBeRevesdePeche","https:\/\/www.instagram.com\/nosyberevesdepeche\/","https:\/\/www.tiktok.com\/@nosy_be_reves_de_peche"]}]}},"_links":{"self":[{"href":"https:\/\/nosyberevesdepeche.com\/en\/wp-json\/wp\/v2\/pages\/26781","targetHints":{"allow":["GET"]}}],"collection":[{"href":"https:\/\/nosyberevesdepeche.com\/en\/wp-json\/wp\/v2\/pages"}],"about":[{"href":"https:\/\/nosyberevesdepeche.com\/en\/wp-json\/wp\/v2\/types\/page"}],"author":[{"embeddable":true,"href":"https:\/\/nosyberevesdepeche.com\/en\/wp-json\/wp\/v2\/users\/1"}],"replies":[{"embeddable":true,"href":"https:\/\/nosyberevesdepeche.com\/en\/wp-json\/wp\/v2\/comments?post=26781"}],"version-history":[{"count":2,"href":"https:\/\/nosyberevesdepeche.com\/en\/wp-json\/wp\/v2\/pages\/26781\/revisions"}],"predecessor-version":[{"id":27459,"href":"https:\/\/nosyberevesdepeche.com\/en\/wp-json\/wp\/v2\/pages\/26781\/revisions\/27459"}],"wp:attachment":[{"href":"https:\/\/nosyberevesdepeche.com\/en\/wp-json\/wp\/v2\/media?parent=26781"}],"curies":[{"name":"wp","href":"https:\/\/api.w.org\/{rel}","templated":true}]}}