{"id":26047,"date":"2025-09-17T20:58:22","date_gmt":"2025-09-17T18:58:22","guid":{"rendered":"https:\/\/nosyberevesdepeche.com\/fishing-madagascar-bungalows-beach-nosy-mitsio\/"},"modified":"2025-09-23T20:06:12","modified_gmt":"2025-09-23T18:06:12","slug":"fishing-madagascar-bungalows-beach-nosy-mitsio","status":"publish","type":"page","link":"https:\/\/nosyberevesdepeche.com\/en\/fishing-madagascar-bungalows-beach-nosy-mitsio\/","title":{"rendered":"Beachfront bungalows in Nosy Mitsio"},"content":{"rendered":"\t\t<div data-elementor-type=\"wp-page\" data-elementor-id=\"26047\" class=\"elementor elementor-26047 elementor-25912\" data-elementor-post-type=\"page\">\n\t\t\t\t<div class=\"elementor-element elementor-element-f52a698 e-flex e-con-boxed e-con e-parent\" data-id=\"f52a698\" data-element_type=\"container\" data-e-type=\"container\">\n\t\t\t\t\t<div class=\"e-con-inner\">\n\t\t\t\t<div class=\"elementor-element elementor-element-5dca652 elementor-widget elementor-widget-shortcode\" data-id=\"5dca652\" data-element_type=\"widget\" data-e-type=\"widget\" data-widget_type=\"shortcode.default\">\n\t\t\t\t<div class=\"elementor-widget-container\">\n\t\t\t\t\t\t\t<div class=\"elementor-shortcode\">\n\t\t\t\t<p class=\"rs-p-wp-fix\"><\/p>\n\t\t\t\t<sr7-module data-alias=\"modal-passion-1\" data-id=\"139\" id=\"SR7_139_1\" class=\"rs-ov-hidden\" data-version=\"6.7.41\">\n\t\t\t\t\t<sr7-adjuster><\/sr7-adjuster>\n\t\t\t\t\t<sr7-content>\n\t\t\t\t\t\t<sr7-carousel>\n\t\t\t\t\t\t<sr7-slide id=\"SR7_139_1-1026\" data-key=\"1026\">\n\t\t\t\t\t\t\t<sr7-bg id=\"SR7_139_1-1026-1\" class=\"sr7-layer\"><noscript><img decoding=\"async\" src=\"https:\/\/nosyberevesdepeche.com\/wp-content\/uploads\/sejour-peche-nosy-mitsio-plage.jpg\" alt=\"La plage paradisiaque de Nosy Mitsio, lors d&#039;une excursion au d\u00e9part de Nosy Be, Madagascar\" title=\"Plage de Nosy Mitsio, Madagascar\"><\/noscript><\/sr7-bg>\n\t\t\t\t\t\t<\/sr7-slide>\n\t\t\t\t\t\t<sr7-slide id=\"SR7_139_1-546\" data-key=\"546\">\n\t\t\t\t\t\t\t<sr7-bg id=\"SR7_139_1-546-1\" class=\"sr7-layer\"><noscript><img decoding=\"async\" src=\"https:\/\/nosyberevesdepeche.com\/wp-content\/uploads\/authenticite-modal1-e1750266218188.jpg\" alt=\"Sur la plage de Nosy Mitsio, nos bungalows chaleureux et authentiques pour savourer le calme apr\u00e8s la p\u00eache au gros\" title=\"Bungalows authentiques et chaleureux\"><\/noscript><\/sr7-bg>\n\t\t\t\t\t\t<\/sr7-slide>\n\t\t\t\t\t\t<sr7-slide id=\"SR7_139_1-1027\" data-key=\"1027\">\n\t\t\t\t\t\t\t<sr7-bg id=\"SR7_139_1-1027-1\" class=\"sr7-layer\"><noscript><img decoding=\"async\" src=\"https:\/\/nosyberevesdepeche.com\/wp-content\/uploads\/bungalow-plage-nosy-mitsio.webp\" alt=\"\" title=\"bungalow-plage-nosy-mitsio\"><\/noscript><\/sr7-bg>\n\t\t\t\t\t\t<\/sr7-slide>\n\t\t\t\t\t\t<sr7-slide id=\"SR7_139_1-1028\" data-key=\"1028\">\n\t\t\t\t\t\t\t<sr7-bg id=\"SR7_139_1-1028-1\" class=\"sr7-layer\"><noscript><img decoding=\"async\" src=\"https:\/\/nosyberevesdepeche.com\/wp-content\/uploads\/interieur-bungalow-nosy-mitsio.webp\" alt=\"\" title=\"interieur-bungalow-nosy-mitsio\"><\/noscript><\/sr7-bg>\n\t\t\t\t\t\t<\/sr7-slide>\n\t\t\t\t\t\t<sr7-slide id=\"SR7_139_1-1029\" data-key=\"1029\">\n\t\t\t\t\t\t\t<sr7-bg id=\"SR7_139_1-1029-1\" class=\"sr7-layer\"><noscript><img decoding=\"async\" src=\"https:\/\/nosyberevesdepeche.com\/wp-content\/uploads\/vue-bungalow-nosy-mitsio.webp\" alt=\"\" title=\"vue-bungalow-nosy-mitsio\"><\/noscript><\/sr7-bg>\n\t\t\t\t\t\t<\/sr7-slide>\n\t\t\t\t\t\t<sr7-slide id=\"SR7_139_1-547\" data-key=\"547\">\n\t\t\t\t\t\t\t<sr7-bg id=\"SR7_139_1-547-1\" class=\"sr7-layer\"><noscript><img decoding=\"async\" src=\"https:\/\/nosyberevesdepeche.com\/wp-content\/uploads\/authenticite-modal2.jpg\" alt=\"Apr\u00e8s des journ\u00e9es de p\u00eache sportive parfois \u00e9prouvantes, les repas en bord de mer pour reprendre des forces\" title=\"La salle \u00e0 manger sur la plage\"><\/noscript><\/sr7-bg>\n\t\t\t\t\t\t<\/sr7-slide>\n\t\t\t\t\t\t<sr7-slide id=\"SR7_139_1-548\" data-key=\"548\">\n\t\t\t\t\t\t\t<sr7-bg id=\"SR7_139_1-548-1\" class=\"sr7-layer\"><noscript><img decoding=\"async\" src=\"https:\/\/nosyberevesdepeche.com\/wp-content\/uploads\/peche-madagascar-bungalows-nosy-mitsio.webp\" alt=\"Des bungalows authentiques sur une plage paradisiaque de Nosy Mitsio, Madagascar\" title=\"Bungalows authentiques \u00e0 Nosy Mitsio\"><\/noscript><\/sr7-bg>\n\t\t\t\t\t\t<\/sr7-slide>\n\t\t\t\t\t\t<sr7-slide id=\"SR7_139_1-549\" data-key=\"549\">\n\t\t\t\t\t\t\t<sr7-bg id=\"SR7_139_1-549-1\" class=\"sr7-layer\"><noscript><img decoding=\"async\" src=\"https:\/\/nosyberevesdepeche.com\/wp-content\/uploads\/authenticite-modal4.jpg\" alt=\"Sc\u00e8ne de vie \u00e0 Nosy Mitsio, o\u00f9 de jeunes filles accomplissent les t\u00e2ches du quotidien dans la bonne humeur\" title=\"Des t\u00e2ches m\u00e9nag\u00e8res dans la joie\"><\/noscript><\/sr7-bg>\n\t\t\t\t\t\t<\/sr7-slide>\n\t\t\t\t\t\t<sr7-slide id=\"SR7_139_1-550\" data-key=\"550\">\n\t\t\t\t\t\t\t<sr7-bg id=\"SR7_139_1-550-1\" class=\"sr7-layer\"><noscript><img decoding=\"async\" src=\"https:\/\/nosyberevesdepeche.com\/wp-content\/uploads\/authenticite-modal5.jpg\" alt=\"Passage d&#039;un troupeau de z\u00e9bus sur la plage de Nosy Mitsio, perle de Madagascar\" title=\"Troupeau de z\u00e9bus sur la plage de Mitsio\"><\/noscript><\/sr7-bg>\n\t\t\t\t\t\t<\/sr7-slide>\n\t\t\t\t\t\t<sr7-slide id=\"SR7_139_1-551\" data-key=\"551\">\n\t\t\t\t\t\t\t<sr7-bg id=\"SR7_139_1-551-1\" class=\"sr7-layer\"><noscript><img decoding=\"async\" src=\"https:\/\/nosyberevesdepeche.com\/wp-content\/uploads\/Authenticite-modal6-scaled.webp\" alt=\"Coucher de soleil sur la plage de Nosy Mitsio, calme et qui\u00e9tude apr\u00e8s une journ\u00e9e de p\u00eache, Madagascar est magique\" title=\"Coucher de soleil \u00e0 Nosy Mitsio\"><\/noscript><\/sr7-bg>\n\t\t\t\t\t\t<\/sr7-slide>\n\t\t\t\t\t\t<sr7-slide id=\"SR7_139_1-752\" data-key=\"752\">\n\t\t\t\t\t\t\t<sr7-txt id=\"SR7_139_1-752-0\" class=\"sr7-layer\"><i class=\"fa-angle-right\"><\/i><\/sr7-txt>\n\t\t\t\t\t\t\t<sr7-txt id=\"SR7_139_1-752-4\" class=\"sr7-layer\"><i class=\"material-icons\">close<\/i><\/sr7-txt>\n\t\t\t\t\t\t\t<sr7-txt id=\"SR7_139_1-752-6\" class=\"sr7-layer\"><i class=\"fa-angle-left\"><\/i><\/sr7-txt>\n\t\t\t\t\t\t<\/sr7-slide>\n\t\t\t\t\t\t<\/sr7-carousel>\n\t\t\t\t\t<\/sr7-content>\n\t\t\t\t\t<image_lists style=\"display:none\">\n\t\t\t\t\t\t<img data-src=\"\/\/nosyberevesdepeche.com\/wp-content\/uploads\/authenticite-modal1-e1750266218188.jpg\" data-libid=\"19768\" data-lib=\"medialibrary\" alt=\"Sur la plage de Nosy Mitsio, nos bungalows chaleureux et authentiques pour savourer le calme apr\u00e8s la p\u00eache au gros\" title=\"Bungalows authentiques et chaleureux\" width=\"0\" height=\"0\" data-dbsrc=\"Ly9ub3N5YmVyZXZlc2RlcGVjaGUuY29tL3dwLWNvbnRlbnQvdXBsb2Fkcy9hdXRoZW50aWNpdGUtbW9kYWwxLWUxNzUwMjY2MjE4MTg4LmpwZw==\"\/>\n\t\t\t\t\t\t<img data-src=\"\/\/nosyberevesdepeche.com\/wp-content\/uploads\/authenticite-modal2.jpg\" data-libid=\"19776\" data-lib=\"medialibrary\" alt=\"Apr\u00e8s des journ\u00e9es de p\u00eache sportive parfois \u00e9prouvantes, les repas en bord de mer pour reprendre des forces\" title=\"La salle \u00e0 manger sur la plage\" width=\"0\" height=\"0\" data-dbsrc=\"Ly9ub3N5YmVyZXZlc2RlcGVjaGUuY29tL3dwLWNvbnRlbnQvdXBsb2Fkcy9hdXRoZW50aWNpdGUtbW9kYWwyLmpwZw==\"\/>\n\t\t\t\t\t\t<img data-src=\"\/\/nosyberevesdepeche.com\/wp-content\/uploads\/peche-madagascar-bungalows-nosy-mitsio.webp\" data-libid=\"27384\" data-lib=\"medialibrary\" alt=\"Des bungalows authentiques sur une plage paradisiaque de Nosy Mitsio, Madagascar\" title=\"Bungalows authentiques \u00e0 Nosy Mitsio\" width=\"0\" height=\"0\" data-dbsrc=\"Ly9ub3N5YmVyZXZlc2RlcGVjaGUuY29tL3dwLWNvbnRlbnQvdXBsb2Fkcy9wZWNoZS1tYWRhZ2FzY2FyLWJ1bmdhbG93cy1ub3N5LW1pdHNpby53ZWJw\"\/>\n\t\t\t\t\t\t<img loading=\"lazy\" data-src=\"\/\/nosyberevesdepeche.com\/wp-content\/uploads\/authenticite-modal4.jpg\" data-libid=\"19792\" data-lib=\"medialibrary\" alt=\"Sc\u00e8ne de vie \u00e0 Nosy Mitsio, o\u00f9 de jeunes filles accomplissent les t\u00e2ches du quotidien dans la bonne humeur\" title=\"Des t\u00e2ches m\u00e9nag\u00e8res dans la joie\" width=\"0\" height=\"0\" data-dbsrc=\"Ly9ub3N5YmVyZXZlc2RlcGVjaGUuY29tL3dwLWNvbnRlbnQvdXBsb2Fkcy9hdXRoZW50aWNpdGUtbW9kYWw0LmpwZw==\"\/>\n\t\t\t\t\t\t<img loading=\"lazy\" data-src=\"\/\/nosyberevesdepeche.com\/wp-content\/uploads\/authenticite-modal5.jpg\" data-libid=\"19784\" data-lib=\"medialibrary\" alt=\"Passage d&#039;un troupeau de z\u00e9bus sur la plage de Nosy Mitsio, perle de Madagascar\" title=\"Troupeau de z\u00e9bus sur la plage de Mitsio\" width=\"0\" height=\"0\" data-dbsrc=\"Ly9ub3N5YmVyZXZlc2RlcGVjaGUuY29tL3dwLWNvbnRlbnQvdXBsb2Fkcy9hdXRoZW50aWNpdGUtbW9kYWw1LmpwZw==\"\/>\n\t\t\t\t\t\t<img loading=\"lazy\" data-src=\"\/\/nosyberevesdepeche.com\/wp-content\/uploads\/Authenticite-modal6-scaled.webp\" data-libid=\"19808\" data-lib=\"medialibrary\" alt=\"Coucher de soleil sur la plage de Nosy Mitsio, calme et qui\u00e9tude apr\u00e8s une journ\u00e9e de p\u00eache, Madagascar est magique\" title=\"Coucher de soleil \u00e0 Nosy Mitsio\" width=\"0\" height=\"0\" data-dbsrc=\"Ly9ub3N5YmVyZXZlc2RlcGVjaGUuY29tL3dwLWNvbnRlbnQvdXBsb2Fkcy9BdXRoZW50aWNpdGUtbW9kYWw2LXNjYWxlZC53ZWJw\"\/>\n\t\t\t\t\t\t<img loading=\"lazy\" data-src=\"\/\/nosyberevesdepeche.com\/wp-content\/uploads\/sejour-peche-nosy-mitsio-plage.jpg\" data-libid=\"26212\" data-lib=\"medialibrary\" alt=\"La plage paradisiaque de Nosy Mitsio, lors d&#039;une excursion au d\u00e9part de Nosy Be, Madagascar\" title=\"Plage de Nosy Mitsio, Madagascar\" width=\"0\" height=\"0\" data-dbsrc=\"Ly9ub3N5YmVyZXZlc2RlcGVjaGUuY29tL3dwLWNvbnRlbnQvdXBsb2Fkcy9zZWpvdXItcGVjaGUtbm9zeS1taXRzaW8tcGxhZ2UuanBn\"\/>\n\t\t\t\t\t\t<img loading=\"lazy\" data-src=\"\/\/nosyberevesdepeche.com\/wp-content\/uploads\/bungalow-plage-nosy-mitsio.webp\" data-libid=\"26220\" data-lib=\"medialibrary\" title=\"bungalow-plage-nosy-mitsio\" width=\"0\" height=\"0\" data-dbsrc=\"Ly9ub3N5YmVyZXZlc2RlcGVjaGUuY29tL3dwLWNvbnRlbnQvdXBsb2Fkcy9idW5nYWxvdy1wbGFnZS1ub3N5LW1pdHNpby53ZWJw\"\/>\n\t\t\t\t\t\t<img loading=\"lazy\" data-src=\"\/\/nosyberevesdepeche.com\/wp-content\/uploads\/interieur-bungalow-nosy-mitsio.webp\" data-libid=\"26284\" data-lib=\"medialibrary\" title=\"interieur-bungalow-nosy-mitsio\" width=\"0\" height=\"0\" data-dbsrc=\"Ly9ub3N5YmVyZXZlc2RlcGVjaGUuY29tL3dwLWNvbnRlbnQvdXBsb2Fkcy9pbnRlcmlldXItYnVuZ2Fsb3ctbm9zeS1taXRzaW8ud2VicA==\"\/>\n\t\t\t\t\t\t<img loading=\"lazy\" data-src=\"\/\/nosyberevesdepeche.com\/wp-content\/uploads\/vue-bungalow-nosy-mitsio.webp\" data-libid=\"26228\" data-lib=\"medialibrary\" title=\"vue-bungalow-nosy-mitsio\" width=\"0\" height=\"0\" data-dbsrc=\"Ly9ub3N5YmVyZXZlc2RlcGVjaGUuY29tL3dwLWNvbnRlbnQvdXBsb2Fkcy92dWUtYnVuZ2Fsb3ctbm9zeS1taXRzaW8ud2VicA==\"\/>\n\t\t\t\t\t<\/image_lists>\n\t\t\t\t<\/sr7-module>\n\t\t\t\t<script>\n\t\t\t\t\tSR7.PMH ??={}; SR7.PMH[\"SR7_139_1\"] = {cn:100,state:false,fn: function() { if (_tpt!==undefined && _tpt.prepareModuleHeight !== undefined) {  _tpt.prepareModuleHeight({id:\"SR7_139_1\",el:[700,700,600,500,400],type:'carousel',shdw:'0',gh:[700,700,600,500,400],gw:[1240,1240,1024,778,480],vpt:['-100px&#039;,&#039;-100px&#039;,&#039;-100px&#039;,&#039;-100px&#039;,&#039;-100px'],size:{fullWidth:true, fullHeight:true},fho:'',mh:'0',onh:0,onw:0,bg:{color:'{\"type\":\"solid\",\"orig\":\"#0c0a0a\",\"string\":\"rgba(12, 10, 10, 1)\"}'},carousel:{pt:'0',pb:'0'}});   SR7.PMH[\"SR7_139_1\"].state=true;} else if(SR7.PMH[\"SR7_139_1\"].cn-->0)\tsetTimeout( SR7.PMH[\"SR7_139_1\"].fn,19);}};SR7.PMH[\"SR7_139_1\" ].fn();\n\t\t\t\t<\/script>\n<\/div>\n\t\t\t\t\t\t<\/div>\n\t\t\t\t<\/div>\n\t\t\t\t\t<\/div>\n\t\t\t\t<\/div>\n\t\t\t\t<\/div>\n\t\t","protected":false},"excerpt":{"rendered":"close","protected":false},"author":1,"featured_media":0,"parent":0,"menu_order":0,"comment_status":"closed","ping_status":"closed","template":"elementor_header_footer","meta":{"footnotes":""},"class_list":["post-26047","page","type-page","status-publish"],"yoast_head":"<!-- This site is optimized with the Yoast SEO plugin v27.4 - https:\/\/yoast.com\/product\/yoast-seo-wordpress\/ -->\n<title>Beachfront bungalows in Mitsio for fishing in Madagascar - Nosy Be R\u00eaves de P\u00eache<\/title>\n<meta name=\"description\" content=\"Stay in beachfront bungalows on Nosy Mitsio to enhance sport fishing in Madagascar, from Nosy Be.\" \/>\n<meta name=\"robots\" content=\"index, follow, max-snippet:-1, max-image-preview:large, max-video-preview:-1\" \/>\n<link rel=\"canonical\" href=\"https:\/\/nosyberevesdepeche.com\/en\/fishing-madagascar-bungalows-beach-nosy-mitsio\/\" \/>\n<meta property=\"og:locale\" content=\"en_US\" \/>\n<meta property=\"og:type\" content=\"article\" \/>\n<meta property=\"og:title\" content=\"Beachfront bungalows in Mitsio for fishing in Madagascar - Nosy Be R\u00eaves de P\u00eache\" \/>\n<meta property=\"og:description\" content=\"Stay in beachfront bungalows on Nosy Mitsio to enhance sport fishing in Madagascar, from Nosy Be.\" \/>\n<meta property=\"og:url\" content=\"https:\/\/nosyberevesdepeche.com\/en\/fishing-madagascar-bungalows-beach-nosy-mitsio\/\" \/>\n<meta property=\"og:site_name\" content=\"Nosy Be R\u00eaves de P\u00eache\" \/>\n<meta property=\"article:publisher\" content=\"https:\/\/www.facebook.com\/nosyberevesdepeche\" \/>\n<meta property=\"article:modified_time\" content=\"2025-09-23T18:06:12+00:00\" \/>\n<meta property=\"og:image\" content=\"https:\/\/nosyberevesdepeche.com\/wp-content\/uploads\/sejour-cap-san-sebastien.jpg\" \/>\n\t<meta property=\"og:image:width\" content=\"2048\" \/>\n\t<meta property=\"og:image:height\" content=\"1542\" \/>\n\t<meta property=\"og:image:type\" content=\"image\/jpeg\" \/>\n<meta name=\"twitter:card\" content=\"summary_large_image\" \/>\n<script type=\"application\/ld+json\" class=\"yoast-schema-graph\">{\"@context\":\"https:\\\/\\\/schema.org\",\"@graph\":[{\"@type\":\"WebPage\",\"@id\":\"https:\\\/\\\/nosyberevesdepeche.com\\\/en\\\/fishing-madagascar-bungalows-beach-nosy-mitsio\\\/\",\"url\":\"https:\\\/\\\/nosyberevesdepeche.com\\\/en\\\/fishing-madagascar-bungalows-beach-nosy-mitsio\\\/\",\"name\":\"Beachfront bungalows in Mitsio for fishing in Madagascar - Nosy Be R\u00eaves de P\u00eache\",\"isPartOf\":{\"@id\":\"https:\\\/\\\/nosyberevesdepeche.com\\\/en\\\/#website\"},\"datePublished\":\"2025-09-17T18:58:22+00:00\",\"dateModified\":\"2025-09-23T18:06:12+00:00\",\"description\":\"Stay in beachfront bungalows on Nosy Mitsio to enhance sport fishing in Madagascar, from Nosy Be.\",\"breadcrumb\":{\"@id\":\"https:\\\/\\\/nosyberevesdepeche.com\\\/en\\\/fishing-madagascar-bungalows-beach-nosy-mitsio\\\/#breadcrumb\"},\"inLanguage\":\"en-US\",\"potentialAction\":[{\"@type\":\"ReadAction\",\"target\":[\"https:\\\/\\\/nosyberevesdepeche.com\\\/en\\\/fishing-madagascar-bungalows-beach-nosy-mitsio\\\/\"]}]},{\"@type\":\"BreadcrumbList\",\"@id\":\"https:\\\/\\\/nosyberevesdepeche.com\\\/en\\\/fishing-madagascar-bungalows-beach-nosy-mitsio\\\/#breadcrumb\",\"itemListElement\":[{\"@type\":\"ListItem\",\"position\":1,\"name\":\"Accueil\",\"item\":\"https:\\\/\\\/nosyberevesdepeche.com\\\/en\\\/\"},{\"@type\":\"ListItem\",\"position\":2,\"name\":\"Beachfront bungalows in Nosy Mitsio\"}]},{\"@type\":\"WebSite\",\"@id\":\"https:\\\/\\\/nosyberevesdepeche.com\\\/en\\\/#website\",\"url\":\"https:\\\/\\\/nosyberevesdepeche.com\\\/en\\\/\",\"name\":\"Nosy Be R\u00eaves de P\u00eache\",\"description\":\"Sport fishing and big game fishing in Madagascar, from Nosy Be\",\"publisher\":{\"@id\":\"https:\\\/\\\/nosyberevesdepeche.com\\\/en\\\/#organization\"},\"potentialAction\":[{\"@type\":\"SearchAction\",\"target\":{\"@type\":\"EntryPoint\",\"urlTemplate\":\"https:\\\/\\\/nosyberevesdepeche.com\\\/en\\\/?s={search_term_string}\"},\"query-input\":{\"@type\":\"PropertyValueSpecification\",\"valueRequired\":true,\"valueName\":\"search_term_string\"}}],\"inLanguage\":\"en-US\"},{\"@type\":\"Organization\",\"@id\":\"https:\\\/\\\/nosyberevesdepeche.com\\\/en\\\/#organization\",\"name\":\"Nosy Be R\u00eaves de P\u00eache\",\"url\":\"https:\\\/\\\/nosyberevesdepeche.com\\\/en\\\/\",\"logo\":{\"@type\":\"ImageObject\",\"inLanguage\":\"en-US\",\"@id\":\"https:\\\/\\\/nosyberevesdepeche.com\\\/en\\\/#\\\/schema\\\/logo\\\/image\\\/\",\"url\":\"https:\\\/\\\/nosyberevesdepeche.com\\\/wp-content\\\/uploads\\\/sejour-cap-san-sebastien.jpg\",\"contentUrl\":\"https:\\\/\\\/nosyberevesdepeche.com\\\/wp-content\\\/uploads\\\/sejour-cap-san-sebastien.jpg\",\"width\":2048,\"height\":1542,\"caption\":\"Nosy Be R\u00eaves de P\u00eache\"},\"image\":{\"@id\":\"https:\\\/\\\/nosyberevesdepeche.com\\\/en\\\/#\\\/schema\\\/logo\\\/image\\\/\"},\"sameAs\":[\"https:\\\/\\\/www.facebook.com\\\/nosyberevesdepeche\",\"https:\\\/\\\/www.youtube.com\\\/@NosyBeRevesdePeche\",\"https:\\\/\\\/www.instagram.com\\\/nosyberevesdepeche\\\/\",\"https:\\\/\\\/www.tiktok.com\\\/@nosy_be_reves_de_peche\"]}]}<\/script>\n<!-- \/ Yoast SEO plugin. -->","yoast_head_json":{"title":"Beachfront bungalows in Mitsio for fishing in Madagascar - Nosy Be R\u00eaves de P\u00eache","description":"Stay in beachfront bungalows on Nosy Mitsio to enhance sport fishing in Madagascar, from Nosy Be.","robots":{"index":"index","follow":"follow","max-snippet":"max-snippet:-1","max-image-preview":"max-image-preview:large","max-video-preview":"max-video-preview:-1"},"canonical":"https:\/\/nosyberevesdepeche.com\/en\/fishing-madagascar-bungalows-beach-nosy-mitsio\/","og_locale":"en_US","og_type":"article","og_title":"Beachfront bungalows in Mitsio for fishing in Madagascar - Nosy Be R\u00eaves de P\u00eache","og_description":"Stay in beachfront bungalows on Nosy Mitsio to enhance sport fishing in Madagascar, from Nosy Be.","og_url":"https:\/\/nosyberevesdepeche.com\/en\/fishing-madagascar-bungalows-beach-nosy-mitsio\/","og_site_name":"Nosy Be R\u00eaves de P\u00eache","article_publisher":"https:\/\/www.facebook.com\/nosyberevesdepeche","article_modified_time":"2025-09-23T18:06:12+00:00","og_image":[{"width":2048,"height":1542,"url":"https:\/\/nosyberevesdepeche.com\/wp-content\/uploads\/sejour-cap-san-sebastien.jpg","type":"image\/jpeg"}],"twitter_card":"summary_large_image","schema":{"@context":"https:\/\/schema.org","@graph":[{"@type":"WebPage","@id":"https:\/\/nosyberevesdepeche.com\/en\/fishing-madagascar-bungalows-beach-nosy-mitsio\/","url":"https:\/\/nosyberevesdepeche.com\/en\/fishing-madagascar-bungalows-beach-nosy-mitsio\/","name":"Beachfront bungalows in Mitsio for fishing in Madagascar - Nosy Be R\u00eaves de P\u00eache","isPartOf":{"@id":"https:\/\/nosyberevesdepeche.com\/en\/#website"},"datePublished":"2025-09-17T18:58:22+00:00","dateModified":"2025-09-23T18:06:12+00:00","description":"Stay in beachfront bungalows on Nosy Mitsio to enhance sport fishing in Madagascar, from Nosy Be.","breadcrumb":{"@id":"https:\/\/nosyberevesdepeche.com\/en\/fishing-madagascar-bungalows-beach-nosy-mitsio\/#breadcrumb"},"inLanguage":"en-US","potentialAction":[{"@type":"ReadAction","target":["https:\/\/nosyberevesdepeche.com\/en\/fishing-madagascar-bungalows-beach-nosy-mitsio\/"]}]},{"@type":"BreadcrumbList","@id":"https:\/\/nosyberevesdepeche.com\/en\/fishing-madagascar-bungalows-beach-nosy-mitsio\/#breadcrumb","itemListElement":[{"@type":"ListItem","position":1,"name":"Accueil","item":"https:\/\/nosyberevesdepeche.com\/en\/"},{"@type":"ListItem","position":2,"name":"Beachfront bungalows in Nosy Mitsio"}]},{"@type":"WebSite","@id":"https:\/\/nosyberevesdepeche.com\/en\/#website","url":"https:\/\/nosyberevesdepeche.com\/en\/","name":"Nosy Be R\u00eaves de P\u00eache","description":"Sport fishing and big game fishing in Madagascar, from Nosy Be","publisher":{"@id":"https:\/\/nosyberevesdepeche.com\/en\/#organization"},"potentialAction":[{"@type":"SearchAction","target":{"@type":"EntryPoint","urlTemplate":"https:\/\/nosyberevesdepeche.com\/en\/?s={search_term_string}"},"query-input":{"@type":"PropertyValueSpecification","valueRequired":true,"valueName":"search_term_string"}}],"inLanguage":"en-US"},{"@type":"Organization","@id":"https:\/\/nosyberevesdepeche.com\/en\/#organization","name":"Nosy Be R\u00eaves de P\u00eache","url":"https:\/\/nosyberevesdepeche.com\/en\/","logo":{"@type":"ImageObject","inLanguage":"en-US","@id":"https:\/\/nosyberevesdepeche.com\/en\/#\/schema\/logo\/image\/","url":"https:\/\/nosyberevesdepeche.com\/wp-content\/uploads\/sejour-cap-san-sebastien.jpg","contentUrl":"https:\/\/nosyberevesdepeche.com\/wp-content\/uploads\/sejour-cap-san-sebastien.jpg","width":2048,"height":1542,"caption":"Nosy Be R\u00eaves de P\u00eache"},"image":{"@id":"https:\/\/nosyberevesdepeche.com\/en\/#\/schema\/logo\/image\/"},"sameAs":["https:\/\/www.facebook.com\/nosyberevesdepeche","https:\/\/www.youtube.com\/@NosyBeRevesdePeche","https:\/\/www.instagram.com\/nosyberevesdepeche\/","https:\/\/www.tiktok.com\/@nosy_be_reves_de_peche"]}]}},"_links":{"self":[{"href":"https:\/\/nosyberevesdepeche.com\/en\/wp-json\/wp\/v2\/pages\/26047","targetHints":{"allow":["GET"]}}],"collection":[{"href":"https:\/\/nosyberevesdepeche.com\/en\/wp-json\/wp\/v2\/pages"}],"about":[{"href":"https:\/\/nosyberevesdepeche.com\/en\/wp-json\/wp\/v2\/types\/page"}],"author":[{"embeddable":true,"href":"https:\/\/nosyberevesdepeche.com\/en\/wp-json\/wp\/v2\/users\/1"}],"replies":[{"embeddable":true,"href":"https:\/\/nosyberevesdepeche.com\/en\/wp-json\/wp\/v2\/comments?post=26047"}],"version-history":[{"count":1,"href":"https:\/\/nosyberevesdepeche.com\/en\/wp-json\/wp\/v2\/pages\/26047\/revisions"}],"predecessor-version":[{"id":26048,"href":"https:\/\/nosyberevesdepeche.com\/en\/wp-json\/wp\/v2\/pages\/26047\/revisions\/26048"}],"wp:attachment":[{"href":"https:\/\/nosyberevesdepeche.com\/en\/wp-json\/wp\/v2\/media?parent=26047"}],"curies":[{"name":"wp","href":"https:\/\/api.w.org\/{rel}","templated":true}]}}