{"id":10049,"date":"2025-02-08T17:32:26","date_gmt":"2025-02-08T16:32:26","guid":{"rendered":"https:\/\/nosyberevesdepeche.com\/full-marks\/"},"modified":"2025-06-22T08:30:31","modified_gmt":"2025-06-22T06:30:31","slug":"legal-notice","status":"publish","type":"page","link":"https:\/\/nosyberevesdepeche.com\/en\/legal-notice\/","title":{"rendered":"Legal Notice"},"content":{"rendered":"\t\t<div data-elementor-type=\"wp-page\" data-elementor-id=\"10049\" class=\"elementor elementor-10049 elementor-7474\" data-elementor-post-type=\"page\">\n\t\t\t\t<div class=\"elementor-element elementor-element-3d3ee45 e-flex e-con-boxed e-con e-parent\" data-id=\"3d3ee45\" data-element_type=\"container\" data-e-type=\"container\">\n\t\t\t\t\t<div class=\"e-con-inner\">\n\t\t\t\t<div class=\"elementor-element elementor-element-2bec921 elementor-widget elementor-widget-heading\" data-id=\"2bec921\" data-element_type=\"widget\" data-e-type=\"widget\" data-widget_type=\"heading.default\">\n\t\t\t\t<div class=\"elementor-widget-container\">\n\t\t\t\t\t<h1 class=\"elementor-heading-title elementor-size-default\">Legal Notice<\/h1>\t\t\t\t<\/div>\n\t\t\t\t<\/div>\n\t\t\t\t\t<\/div>\n\t\t\t\t<\/div>\n\t\t<div class=\"elementor-element elementor-element-6407915 e-flex e-con-boxed e-con e-parent\" data-id=\"6407915\" data-element_type=\"container\" data-e-type=\"container\">\n\t\t\t\t\t<div class=\"e-con-inner\">\n\t\t\t\t<div class=\"elementor-element elementor-element-b76ab9b elementor-widget__width-initial elementor-widget elementor-widget-text-editor\" data-id=\"b76ab9b\" data-element_type=\"widget\" data-e-type=\"widget\" data-widget_type=\"text-editor.default\">\n\t\t\t\t<div class=\"elementor-widget-container\">\n\t\t\t\t\t\t\t\t\t<ol><li><h3>Site editor<\/h3><\/li><\/ol><p>This site is published by Nosy Be R\u00eaves de P\u00eache, a company registered in Madagascar.<\/p><ul><li>Company name : Nosy Be R\u00eaves de P\u00eache<\/li><li>Legal status : SARL<\/li><li>Headquarters : MARAB, Ambatoloaka, Nosy Be<\/li><li>Email : contact@nosyberevesdepeche.com<\/li><li>Telephone: +261 37 51 768 80<\/li><li>Publication manager: Nosy Be R\u00eaves de P\u00eache<\/li><\/ul><ol start=\"2\"><li><h3>Site host<\/h3><\/li><\/ol><p>The site is hosted by OVHcloud<\/p><ul><li>Company : Hostinger International Ltd.<\/li><li>Head office : 61 Lordou Vironos Street, 6023 Larnaca, Cyprus<\/li><li>Website : <a href=\"https:\/\/www.hostinger.com\">www.hostinger.com<\/a><\/li><\/ul><ol start=\"3\"><li><h3>Intellectual property<\/h3><\/li><\/ol><p>All site content (text, images, logo, etc.) is the exclusive property of Nosy Be R\u00eaves de P\u00eache.<br>Any reproduction, representation or distribution without prior authorization is prohibited.<\/p><ol start=\"4\"><li><h3>Personal data protection<\/h3><\/li><\/ol><p>The data collected via the forms on the site are intended solely for Nosy Be R\u00eaves de P\u00eache as part of the management of contact or quotation requests.<br>In accordance with the laws in force in Madagascar and the European RGPD, you have the right to access, modify and delete your personal data.<br>To exercise these rights, contact us at the following address : nosyberevesdepeche@gmail.com<\/p><ol start=\"5\"><li><h3>Liability<\/h3><\/li><\/ol><p>Nosy Be R\u00eaves de P\u00eache cannot be held responsible for any direct or indirect damage arising from use of the site.<\/p><ol start=\"6\"><li><h3>Applicable law<\/h3><\/li><\/ol><p>Les pr\u00e9sentes mentions l\u00e9gales sont r\u00e9gies par le droit malgache. En cas de litige, les tribunaux comp\u00e9tents sont ceux de Madagascar. <\/p><p>Copyright \u00a9 Nosy Be R\u00eaves de P\u00eache &#8211; 2025. All rights reserved. <\/p>\t\t\t\t\t\t\t\t<\/div>\n\t\t\t\t<\/div>\n\t\t\t\t\t<\/div>\n\t\t\t\t<\/div>\n\t\t\t\t<\/div>\n\t\t","protected":false},"excerpt":{"rendered":"<p>Legal Notice Site editor This site is published by Nosy Be R\u00eaves de P\u00eache, a company registered in Madagascar. Company name : Nosy Be R\u00eaves de P\u00eache Legal status :&#8230;<\/p>\n","protected":false},"author":1,"featured_media":0,"parent":0,"menu_order":0,"comment_status":"closed","ping_status":"closed","template":"elementor_header_footer","meta":{"footnotes":""},"class_list":["post-10049","page","type-page","status-publish"],"yoast_head":"<!-- This site is optimized with the Yoast SEO plugin v27.4 - https:\/\/yoast.com\/product\/yoast-seo-wordpress\/ -->\n<title>Legal Notice - Nosy Be R\u00eaves de P\u00eache<\/title>\n<meta name=\"robots\" content=\"index, follow, max-snippet:-1, max-image-preview:large, max-video-preview:-1\" \/>\n<link rel=\"canonical\" href=\"https:\/\/nosyberevesdepeche.com\/en\/legal-notice\/\" \/>\n<meta property=\"og:locale\" content=\"en_US\" \/>\n<meta property=\"og:type\" content=\"article\" \/>\n<meta property=\"og:title\" content=\"Legal Notice - Nosy Be R\u00eaves de P\u00eache\" \/>\n<meta property=\"og:description\" content=\"Legal Notice Site editor This site is published by Nosy Be R\u00eaves de P\u00eache, a company registered in Madagascar. Company name : Nosy Be R\u00eaves de P\u00eache Legal status :...\" \/>\n<meta property=\"og:url\" content=\"https:\/\/nosyberevesdepeche.com\/en\/legal-notice\/\" \/>\n<meta property=\"og:site_name\" content=\"Nosy Be R\u00eaves de P\u00eache\" \/>\n<meta property=\"article:publisher\" content=\"https:\/\/www.facebook.com\/nosyberevesdepeche\" \/>\n<meta property=\"article:modified_time\" content=\"2025-06-22T06:30:31+00:00\" \/>\n<meta property=\"og:image\" content=\"https:\/\/nosyberevesdepeche.com\/wp-content\/uploads\/sejour-cap-san-sebastien.jpg\" \/>\n\t<meta property=\"og:image:width\" content=\"2048\" \/>\n\t<meta property=\"og:image:height\" content=\"1542\" \/>\n\t<meta property=\"og:image:type\" content=\"image\/jpeg\" \/>\n<meta name=\"twitter:card\" content=\"summary_large_image\" \/>\n<meta name=\"twitter:label1\" content=\"Est. reading time\" \/>\n\t<meta name=\"twitter:data1\" content=\"1 minute\" \/>\n<script type=\"application\/ld+json\" class=\"yoast-schema-graph\">{\"@context\":\"https:\\\/\\\/schema.org\",\"@graph\":[{\"@type\":\"WebPage\",\"@id\":\"https:\\\/\\\/nosyberevesdepeche.com\\\/en\\\/legal-notice\\\/\",\"url\":\"https:\\\/\\\/nosyberevesdepeche.com\\\/en\\\/legal-notice\\\/\",\"name\":\"Legal Notice - Nosy Be R\u00eaves de P\u00eache\",\"isPartOf\":{\"@id\":\"https:\\\/\\\/nosyberevesdepeche.com\\\/en\\\/#website\"},\"datePublished\":\"2025-02-08T16:32:26+00:00\",\"dateModified\":\"2025-06-22T06:30:31+00:00\",\"breadcrumb\":{\"@id\":\"https:\\\/\\\/nosyberevesdepeche.com\\\/en\\\/legal-notice\\\/#breadcrumb\"},\"inLanguage\":\"en-US\",\"potentialAction\":[{\"@type\":\"ReadAction\",\"target\":[\"https:\\\/\\\/nosyberevesdepeche.com\\\/en\\\/legal-notice\\\/\"]}]},{\"@type\":\"BreadcrumbList\",\"@id\":\"https:\\\/\\\/nosyberevesdepeche.com\\\/en\\\/legal-notice\\\/#breadcrumb\",\"itemListElement\":[{\"@type\":\"ListItem\",\"position\":1,\"name\":\"Accueil\",\"item\":\"https:\\\/\\\/nosyberevesdepeche.com\\\/en\\\/\"},{\"@type\":\"ListItem\",\"position\":2,\"name\":\"Legal Notice\"}]},{\"@type\":\"WebSite\",\"@id\":\"https:\\\/\\\/nosyberevesdepeche.com\\\/en\\\/#website\",\"url\":\"https:\\\/\\\/nosyberevesdepeche.com\\\/en\\\/\",\"name\":\"Nosy Be R\u00eaves de P\u00eache\",\"description\":\"Sport fishing and big game fishing in Madagascar, from Nosy Be\",\"publisher\":{\"@id\":\"https:\\\/\\\/nosyberevesdepeche.com\\\/en\\\/#organization\"},\"potentialAction\":[{\"@type\":\"SearchAction\",\"target\":{\"@type\":\"EntryPoint\",\"urlTemplate\":\"https:\\\/\\\/nosyberevesdepeche.com\\\/en\\\/?s={search_term_string}\"},\"query-input\":{\"@type\":\"PropertyValueSpecification\",\"valueRequired\":true,\"valueName\":\"search_term_string\"}}],\"inLanguage\":\"en-US\"},{\"@type\":\"Organization\",\"@id\":\"https:\\\/\\\/nosyberevesdepeche.com\\\/en\\\/#organization\",\"name\":\"Nosy Be R\u00eaves de P\u00eache\",\"url\":\"https:\\\/\\\/nosyberevesdepeche.com\\\/en\\\/\",\"logo\":{\"@type\":\"ImageObject\",\"inLanguage\":\"en-US\",\"@id\":\"https:\\\/\\\/nosyberevesdepeche.com\\\/en\\\/#\\\/schema\\\/logo\\\/image\\\/\",\"url\":\"https:\\\/\\\/nosyberevesdepeche.com\\\/wp-content\\\/uploads\\\/sejour-cap-san-sebastien.jpg\",\"contentUrl\":\"https:\\\/\\\/nosyberevesdepeche.com\\\/wp-content\\\/uploads\\\/sejour-cap-san-sebastien.jpg\",\"width\":2048,\"height\":1542,\"caption\":\"Nosy Be R\u00eaves de P\u00eache\"},\"image\":{\"@id\":\"https:\\\/\\\/nosyberevesdepeche.com\\\/en\\\/#\\\/schema\\\/logo\\\/image\\\/\"},\"sameAs\":[\"https:\\\/\\\/www.facebook.com\\\/nosyberevesdepeche\",\"https:\\\/\\\/www.youtube.com\\\/@NosyBeRevesdePeche\",\"https:\\\/\\\/www.instagram.com\\\/nosyberevesdepeche\\\/\",\"https:\\\/\\\/www.tiktok.com\\\/@nosy_be_reves_de_peche\"]}]}<\/script>\n<!-- \/ Yoast SEO plugin. -->","yoast_head_json":{"title":"Legal Notice - Nosy Be R\u00eaves de P\u00eache","robots":{"index":"index","follow":"follow","max-snippet":"max-snippet:-1","max-image-preview":"max-image-preview:large","max-video-preview":"max-video-preview:-1"},"canonical":"https:\/\/nosyberevesdepeche.com\/en\/legal-notice\/","og_locale":"en_US","og_type":"article","og_title":"Legal Notice - Nosy Be R\u00eaves de P\u00eache","og_description":"Legal Notice Site editor This site is published by Nosy Be R\u00eaves de P\u00eache, a company registered in Madagascar. Company name : Nosy Be R\u00eaves de P\u00eache Legal status :...","og_url":"https:\/\/nosyberevesdepeche.com\/en\/legal-notice\/","og_site_name":"Nosy Be R\u00eaves de P\u00eache","article_publisher":"https:\/\/www.facebook.com\/nosyberevesdepeche","article_modified_time":"2025-06-22T06:30:31+00:00","og_image":[{"width":2048,"height":1542,"url":"https:\/\/nosyberevesdepeche.com\/wp-content\/uploads\/sejour-cap-san-sebastien.jpg","type":"image\/jpeg"}],"twitter_card":"summary_large_image","twitter_misc":{"Est. reading time":"1 minute"},"schema":{"@context":"https:\/\/schema.org","@graph":[{"@type":"WebPage","@id":"https:\/\/nosyberevesdepeche.com\/en\/legal-notice\/","url":"https:\/\/nosyberevesdepeche.com\/en\/legal-notice\/","name":"Legal Notice - Nosy Be R\u00eaves de P\u00eache","isPartOf":{"@id":"https:\/\/nosyberevesdepeche.com\/en\/#website"},"datePublished":"2025-02-08T16:32:26+00:00","dateModified":"2025-06-22T06:30:31+00:00","breadcrumb":{"@id":"https:\/\/nosyberevesdepeche.com\/en\/legal-notice\/#breadcrumb"},"inLanguage":"en-US","potentialAction":[{"@type":"ReadAction","target":["https:\/\/nosyberevesdepeche.com\/en\/legal-notice\/"]}]},{"@type":"BreadcrumbList","@id":"https:\/\/nosyberevesdepeche.com\/en\/legal-notice\/#breadcrumb","itemListElement":[{"@type":"ListItem","position":1,"name":"Accueil","item":"https:\/\/nosyberevesdepeche.com\/en\/"},{"@type":"ListItem","position":2,"name":"Legal Notice"}]},{"@type":"WebSite","@id":"https:\/\/nosyberevesdepeche.com\/en\/#website","url":"https:\/\/nosyberevesdepeche.com\/en\/","name":"Nosy Be R\u00eaves de P\u00eache","description":"Sport fishing and big game fishing in Madagascar, from Nosy Be","publisher":{"@id":"https:\/\/nosyberevesdepeche.com\/en\/#organization"},"potentialAction":[{"@type":"SearchAction","target":{"@type":"EntryPoint","urlTemplate":"https:\/\/nosyberevesdepeche.com\/en\/?s={search_term_string}"},"query-input":{"@type":"PropertyValueSpecification","valueRequired":true,"valueName":"search_term_string"}}],"inLanguage":"en-US"},{"@type":"Organization","@id":"https:\/\/nosyberevesdepeche.com\/en\/#organization","name":"Nosy Be R\u00eaves de P\u00eache","url":"https:\/\/nosyberevesdepeche.com\/en\/","logo":{"@type":"ImageObject","inLanguage":"en-US","@id":"https:\/\/nosyberevesdepeche.com\/en\/#\/schema\/logo\/image\/","url":"https:\/\/nosyberevesdepeche.com\/wp-content\/uploads\/sejour-cap-san-sebastien.jpg","contentUrl":"https:\/\/nosyberevesdepeche.com\/wp-content\/uploads\/sejour-cap-san-sebastien.jpg","width":2048,"height":1542,"caption":"Nosy Be R\u00eaves de P\u00eache"},"image":{"@id":"https:\/\/nosyberevesdepeche.com\/en\/#\/schema\/logo\/image\/"},"sameAs":["https:\/\/www.facebook.com\/nosyberevesdepeche","https:\/\/www.youtube.com\/@NosyBeRevesdePeche","https:\/\/www.instagram.com\/nosyberevesdepeche\/","https:\/\/www.tiktok.com\/@nosy_be_reves_de_peche"]}]}},"_links":{"self":[{"href":"https:\/\/nosyberevesdepeche.com\/en\/wp-json\/wp\/v2\/pages\/10049","targetHints":{"allow":["GET"]}}],"collection":[{"href":"https:\/\/nosyberevesdepeche.com\/en\/wp-json\/wp\/v2\/pages"}],"about":[{"href":"https:\/\/nosyberevesdepeche.com\/en\/wp-json\/wp\/v2\/types\/page"}],"author":[{"embeddable":true,"href":"https:\/\/nosyberevesdepeche.com\/en\/wp-json\/wp\/v2\/users\/1"}],"replies":[{"embeddable":true,"href":"https:\/\/nosyberevesdepeche.com\/en\/wp-json\/wp\/v2\/comments?post=10049"}],"version-history":[{"count":16,"href":"https:\/\/nosyberevesdepeche.com\/en\/wp-json\/wp\/v2\/pages\/10049\/revisions"}],"predecessor-version":[{"id":20355,"href":"https:\/\/nosyberevesdepeche.com\/en\/wp-json\/wp\/v2\/pages\/10049\/revisions\/20355"}],"wp:attachment":[{"href":"https:\/\/nosyberevesdepeche.com\/en\/wp-json\/wp\/v2\/media?parent=10049"}],"curies":[{"name":"wp","href":"https:\/\/api.w.org\/{rel}","templated":true}]}}