{"id":8359,"date":"2025-02-08T17:45:48","date_gmt":"2025-02-08T16:45:48","guid":{"rendered":"https:\/\/nosyberevesdepeche.com\/index.php\/datenschutzerklarung\/"},"modified":"2025-06-22T08:31:20","modified_gmt":"2025-06-22T06:31:20","slug":"datenschutzerklarung","status":"publish","type":"page","link":"https:\/\/nosyberevesdepeche.com\/de\/datenschutzerklarung\/","title":{"rendered":"Datenschutzerkl\u00e4rung"},"content":{"rendered":"\t\t<div data-elementor-type=\"wp-page\" data-elementor-id=\"8359\" class=\"elementor elementor-8359 elementor-7482\" data-elementor-post-type=\"page\">\n\t\t\t\t<div class=\"elementor-element elementor-element-be1a867 e-flex e-con-boxed e-con e-parent\" data-id=\"be1a867\" data-element_type=\"container\" data-e-type=\"container\">\n\t\t\t\t\t<div class=\"e-con-inner\">\n\t\t\t\t<div class=\"elementor-element elementor-element-93c8550 elementor-widget elementor-widget-heading\" data-id=\"93c8550\" data-element_type=\"widget\" data-e-type=\"widget\" data-widget_type=\"heading.default\">\n\t\t\t\t<div class=\"elementor-widget-container\">\n\t\t\t\t\t<h1 class=\"elementor-heading-title elementor-size-default\">Datenschutzerkl\u00e4rung<\/h1>\t\t\t\t<\/div>\n\t\t\t\t<\/div>\n\t\t\t\t\t<\/div>\n\t\t\t\t<\/div>\n\t\t<div class=\"elementor-element elementor-element-950a79f e-flex e-con-boxed e-con e-parent\" data-id=\"950a79f\" data-element_type=\"container\" data-e-type=\"container\">\n\t\t\t\t\t<div class=\"e-con-inner\">\n\t\t\t\t<div class=\"elementor-element elementor-element-ea0ac6e elementor-widget__width-initial elementor-widget elementor-widget-text-editor\" data-id=\"ea0ac6e\" data-element_type=\"widget\" data-e-type=\"widget\" data-widget_type=\"text-editor.default\">\n\t\t\t\t<div class=\"elementor-widget-container\">\n\t\t\t\t\t\t\t\t\t<p>Der Schutz Ihrer pers\u00f6nlichen Daten ist eine Priorit\u00e4t f\u00fcr Nosy Be R\u00eaves de P\u00eache. Diese Richtlinien erl\u00e4utern, wie wir Ihre Daten sammeln, verwenden und sch\u00fctzen. <\/p><ol><li><h3>Gesammelte Daten<\/h3><\/li><\/ol><p>Wir sammeln pers\u00f6nliche Daten, wenn Sie :<\/p><ul><li>F\u00fcllen Sie ein Kontakt &#8211; oder Angebotsformular aus.<\/li><li>Kontaktieren Sie uns direkt per E-Mail.<\/li><\/ul><p>Die gesammelten Daten k\u00f6nnen Folgendes umfassen :<\/p><ul><li>Name, Vorname<\/li><li>E-Mail-Adresse<\/li><li>Telefonnummer <\/li><li>Gew\u00fcnschtes Aufenthaltsdatum<\/li><\/ul><ol start=\"2\"><li><h3>Zweck der Sammlung<\/h3><\/li><\/ol><p>Die gesammelten Daten werden nur f\u00fcr folgende Zwecke verwendet :<\/p><ul><li>Beantwortung Ihrer Kontakt &#8211; oder Angebotsanfragen.<\/li><li>Ihnen Informationen \u00fcber Nosy Be R\u00eaves de P\u00eache zu senden, wenn Sie dies w\u00fcnschen.<\/li><\/ul><ol start=\"3\"><li><h3>Aufbewahrung von Daten<\/h3><\/li><\/ol><p>Die Daten werden f\u00fcr einen Zeitraum von maximal 3 Jahren nach der letzten Interaktion mit Ihnen aufbewahrt, es sei denn, es besteht eine anderslautende gesetzliche Verpflichtung.<\/p><ol start=\"4\"><li><h3>Datenaustausch<\/h3><\/li><\/ol><p>Ihre pers\u00f6nlichen Daten werden niemals an Dritte verkauft, getauscht oder vermietet. Sie k\u00f6nnen nur in den folgenden F\u00e4llen weitergegeben werden : <\/p><ul><li>Gesetzliche Verpflichtungen : Wenn wir gesetzlich dazu verpflichtet sind.<\/li><li>Technische Dienstleistungen: Webhoster (Hostinger International Ltd) f\u00fcr die Verwaltung der Website.<\/li><\/ul><ol start=\"5\"><li><h3>Sicherheit der Daten<\/h3><\/li><\/ol><p>Wir ergreifen alle notwendigen Ma\u00dfnahmen, um Ihre Daten vor unbefugtem Zugriff, \u00c4nderung, Offenlegung oder Zerst\u00f6rung zu sch\u00fctzen.<\/p><ol start=\"6\"><li><h3>Ihre Rechte<\/h3><\/li><\/ol><p>Gem\u00e4\u00df der geltenden Gesetzgebung in Madagaskar und der europ\u00e4ischen DSGVO haben Sie die folgenden Rechte :<\/p><ul><li>Recht auf Zugang : Erhalt einer Kopie Ihrer pers\u00f6nlichen Daten.<\/li><li>Recht auf Berichtigung : Berichtigung Ihrer Daten, wenn diese unrichtig sind.<\/li><li>Recht auf L\u00f6schung : Verlangen Sie die L\u00f6schung Ihrer Daten.<\/li><li>Widerspruchsrecht : Widerspruch gegen die Nutzung in bestimmten F\u00e4llen.<\/li><\/ul><p>Um diese Rechte auszu\u00fcben, kontaktieren Sie uns bitte unter folgender Adresse : contact@nosyberevesdepeche.com<\/p><ol start=\"7\"><li><h3>\u00c4nderungen der Politik<\/h3><\/li><\/ol><p>Diese Richtlinie kann jederzeit aktualisiert werden, um \u00c4nderungen in der Gesetzgebung oder unseren internen Praktiken Rechnung zu tragen. Wir empfehlen Ihnen, diese Richtlinie regelm\u00e4\u00dfig zu \u00fcberpr\u00fcfen. <\/p><ol start=\"8\"><li><h3>Kontakt<\/h3><\/li><\/ol><p>Wenn Sie Fragen zum Umgang mit Ihren pers\u00f6nlichen Daten haben, k\u00f6nnen Sie uns schreiben an : contact@nosyberevesdepeche.com<\/p><p>Copyright \u00a9 Nosy Be Angeltr\u00e4ume &#8211; 2025. Alle Rechte vorbehalten. <\/p>\t\t\t\t\t\t\t\t<\/div>\n\t\t\t\t<\/div>\n\t\t\t\t\t<\/div>\n\t\t\t\t<\/div>\n\t\t\t\t<\/div>\n\t\t","protected":false},"excerpt":{"rendered":"<p>Datenschutzerkl\u00e4rung Der Schutz Ihrer pers\u00f6nlichen Daten ist eine Priorit\u00e4t f\u00fcr Nosy Be R\u00eaves de P\u00eache. Diese Richtlinien erl\u00e4utern, wie wir Ihre Daten sammeln, verwenden und sch\u00fctzen. Gesammelte Daten Wir sammeln&#8230;<\/p>\n","protected":false},"author":1,"featured_media":0,"parent":0,"menu_order":0,"comment_status":"closed","ping_status":"closed","template":"elementor_header_footer","meta":{"footnotes":""},"class_list":["post-8359","page","type-page","status-publish"],"yoast_head":"<!-- This site is optimized with the Yoast SEO plugin v27.4 - https:\/\/yoast.com\/product\/yoast-seo-wordpress\/ -->\n<title>Datenschutzerkl\u00e4rung - Nosy Be Angeltr\u00e4ume<\/title>\n<meta name=\"robots\" content=\"index, follow, max-snippet:-1, max-image-preview:large, max-video-preview:-1\" \/>\n<link rel=\"canonical\" href=\"https:\/\/nosyberevesdepeche.com\/de\/datenschutzerklarung\/\" \/>\n<meta property=\"og:locale\" content=\"de_DE\" \/>\n<meta property=\"og:type\" content=\"article\" \/>\n<meta property=\"og:title\" content=\"Datenschutzerkl\u00e4rung - Nosy Be Angeltr\u00e4ume\" \/>\n<meta property=\"og:description\" content=\"Datenschutzerkl\u00e4rung Der Schutz Ihrer pers\u00f6nlichen Daten ist eine Priorit\u00e4t f\u00fcr Nosy Be R\u00eaves de P\u00eache. Diese Richtlinien erl\u00e4utern, wie wir Ihre Daten sammeln, verwenden und sch\u00fctzen. Gesammelte Daten Wir sammeln...\" \/>\n<meta property=\"og:url\" content=\"https:\/\/nosyberevesdepeche.com\/de\/datenschutzerklarung\/\" \/>\n<meta property=\"og:site_name\" content=\"Nosy Be Angeltr\u00e4ume\" \/>\n<meta property=\"article:publisher\" content=\"https:\/\/www.facebook.com\/nosyberevesdepeche\" \/>\n<meta property=\"article:modified_time\" content=\"2025-06-22T06:31:20+00:00\" \/>\n<meta property=\"og:image\" content=\"https:\/\/nosyberevesdepeche.com\/wp-content\/uploads\/sejour-cap-san-sebastien.jpg\" \/>\n\t<meta property=\"og:image:width\" content=\"2048\" \/>\n\t<meta property=\"og:image:height\" content=\"1542\" \/>\n\t<meta property=\"og:image:type\" content=\"image\/jpeg\" \/>\n<meta name=\"twitter:card\" content=\"summary_large_image\" \/>\n<meta name=\"twitter:label1\" content=\"Gesch\u00e4tzte Lesezeit\" \/>\n\t<meta name=\"twitter:data1\" content=\"2\u00a0Minuten\" \/>\n<script type=\"application\/ld+json\" class=\"yoast-schema-graph\">{\"@context\":\"https:\\\/\\\/schema.org\",\"@graph\":[{\"@type\":\"WebPage\",\"@id\":\"https:\\\/\\\/nosyberevesdepeche.com\\\/de\\\/datenschutzerklarung\\\/\",\"url\":\"https:\\\/\\\/nosyberevesdepeche.com\\\/de\\\/datenschutzerklarung\\\/\",\"name\":\"Datenschutzerkl\u00e4rung - Nosy Be Angeltr\u00e4ume\",\"isPartOf\":{\"@id\":\"https:\\\/\\\/nosyberevesdepeche.com\\\/de\\\/#website\"},\"datePublished\":\"2025-02-08T16:45:48+00:00\",\"dateModified\":\"2025-06-22T06:31:20+00:00\",\"breadcrumb\":{\"@id\":\"https:\\\/\\\/nosyberevesdepeche.com\\\/de\\\/datenschutzerklarung\\\/#breadcrumb\"},\"inLanguage\":\"de\",\"potentialAction\":[{\"@type\":\"ReadAction\",\"target\":[\"https:\\\/\\\/nosyberevesdepeche.com\\\/de\\\/datenschutzerklarung\\\/\"]}]},{\"@type\":\"BreadcrumbList\",\"@id\":\"https:\\\/\\\/nosyberevesdepeche.com\\\/de\\\/datenschutzerklarung\\\/#breadcrumb\",\"itemListElement\":[{\"@type\":\"ListItem\",\"position\":1,\"name\":\"Accueil\",\"item\":\"https:\\\/\\\/nosyberevesdepeche.com\\\/de\\\/\"},{\"@type\":\"ListItem\",\"position\":2,\"name\":\"Datenschutzerkl\u00e4rung\"}]},{\"@type\":\"WebSite\",\"@id\":\"https:\\\/\\\/nosyberevesdepeche.com\\\/de\\\/#website\",\"url\":\"https:\\\/\\\/nosyberevesdepeche.com\\\/de\\\/\",\"name\":\"Nosy Be R\u00eaves de P\u00eache\",\"description\":\"Sportfischen und Big Game Fishing in Madagaskar, ab Nosy Be\",\"publisher\":{\"@id\":\"https:\\\/\\\/nosyberevesdepeche.com\\\/de\\\/#organization\"},\"potentialAction\":[{\"@type\":\"SearchAction\",\"target\":{\"@type\":\"EntryPoint\",\"urlTemplate\":\"https:\\\/\\\/nosyberevesdepeche.com\\\/de\\\/?s={search_term_string}\"},\"query-input\":{\"@type\":\"PropertyValueSpecification\",\"valueRequired\":true,\"valueName\":\"search_term_string\"}}],\"inLanguage\":\"de\"},{\"@type\":\"Organization\",\"@id\":\"https:\\\/\\\/nosyberevesdepeche.com\\\/de\\\/#organization\",\"name\":\"Nosy Be R\u00eaves de P\u00eache\",\"url\":\"https:\\\/\\\/nosyberevesdepeche.com\\\/de\\\/\",\"logo\":{\"@type\":\"ImageObject\",\"inLanguage\":\"de\",\"@id\":\"https:\\\/\\\/nosyberevesdepeche.com\\\/de\\\/#\\\/schema\\\/logo\\\/image\\\/\",\"url\":\"https:\\\/\\\/nosyberevesdepeche.com\\\/wp-content\\\/uploads\\\/sejour-cap-san-sebastien.jpg\",\"contentUrl\":\"https:\\\/\\\/nosyberevesdepeche.com\\\/wp-content\\\/uploads\\\/sejour-cap-san-sebastien.jpg\",\"width\":2048,\"height\":1542,\"caption\":\"Nosy Be R\u00eaves de P\u00eache\"},\"image\":{\"@id\":\"https:\\\/\\\/nosyberevesdepeche.com\\\/de\\\/#\\\/schema\\\/logo\\\/image\\\/\"},\"sameAs\":[\"https:\\\/\\\/www.facebook.com\\\/nosyberevesdepeche\",\"https:\\\/\\\/www.youtube.com\\\/@NosyBeRevesdePeche\",\"https:\\\/\\\/www.instagram.com\\\/nosyberevesdepeche\\\/\",\"https:\\\/\\\/www.tiktok.com\\\/@nosy_be_reves_de_peche\"]}]}<\/script>\n<!-- \/ Yoast SEO plugin. -->","yoast_head_json":{"title":"Datenschutzerkl\u00e4rung - Nosy Be Angeltr\u00e4ume","robots":{"index":"index","follow":"follow","max-snippet":"max-snippet:-1","max-image-preview":"max-image-preview:large","max-video-preview":"max-video-preview:-1"},"canonical":"https:\/\/nosyberevesdepeche.com\/de\/datenschutzerklarung\/","og_locale":"de_DE","og_type":"article","og_title":"Datenschutzerkl\u00e4rung - Nosy Be Angeltr\u00e4ume","og_description":"Datenschutzerkl\u00e4rung Der Schutz Ihrer pers\u00f6nlichen Daten ist eine Priorit\u00e4t f\u00fcr Nosy Be R\u00eaves de P\u00eache. Diese Richtlinien erl\u00e4utern, wie wir Ihre Daten sammeln, verwenden und sch\u00fctzen. Gesammelte Daten Wir sammeln...","og_url":"https:\/\/nosyberevesdepeche.com\/de\/datenschutzerklarung\/","og_site_name":"Nosy Be Angeltr\u00e4ume","article_publisher":"https:\/\/www.facebook.com\/nosyberevesdepeche","article_modified_time":"2025-06-22T06:31:20+00:00","og_image":[{"width":2048,"height":1542,"url":"https:\/\/nosyberevesdepeche.com\/wp-content\/uploads\/sejour-cap-san-sebastien.jpg","type":"image\/jpeg"}],"twitter_card":"summary_large_image","twitter_misc":{"Gesch\u00e4tzte Lesezeit":"2\u00a0Minuten"},"schema":{"@context":"https:\/\/schema.org","@graph":[{"@type":"WebPage","@id":"https:\/\/nosyberevesdepeche.com\/de\/datenschutzerklarung\/","url":"https:\/\/nosyberevesdepeche.com\/de\/datenschutzerklarung\/","name":"Datenschutzerkl\u00e4rung - Nosy Be Angeltr\u00e4ume","isPartOf":{"@id":"https:\/\/nosyberevesdepeche.com\/de\/#website"},"datePublished":"2025-02-08T16:45:48+00:00","dateModified":"2025-06-22T06:31:20+00:00","breadcrumb":{"@id":"https:\/\/nosyberevesdepeche.com\/de\/datenschutzerklarung\/#breadcrumb"},"inLanguage":"de","potentialAction":[{"@type":"ReadAction","target":["https:\/\/nosyberevesdepeche.com\/de\/datenschutzerklarung\/"]}]},{"@type":"BreadcrumbList","@id":"https:\/\/nosyberevesdepeche.com\/de\/datenschutzerklarung\/#breadcrumb","itemListElement":[{"@type":"ListItem","position":1,"name":"Accueil","item":"https:\/\/nosyberevesdepeche.com\/de\/"},{"@type":"ListItem","position":2,"name":"Datenschutzerkl\u00e4rung"}]},{"@type":"WebSite","@id":"https:\/\/nosyberevesdepeche.com\/de\/#website","url":"https:\/\/nosyberevesdepeche.com\/de\/","name":"Nosy Be R\u00eaves de P\u00eache","description":"Sportfischen und Big Game Fishing in Madagaskar, ab Nosy Be","publisher":{"@id":"https:\/\/nosyberevesdepeche.com\/de\/#organization"},"potentialAction":[{"@type":"SearchAction","target":{"@type":"EntryPoint","urlTemplate":"https:\/\/nosyberevesdepeche.com\/de\/?s={search_term_string}"},"query-input":{"@type":"PropertyValueSpecification","valueRequired":true,"valueName":"search_term_string"}}],"inLanguage":"de"},{"@type":"Organization","@id":"https:\/\/nosyberevesdepeche.com\/de\/#organization","name":"Nosy Be R\u00eaves de P\u00eache","url":"https:\/\/nosyberevesdepeche.com\/de\/","logo":{"@type":"ImageObject","inLanguage":"de","@id":"https:\/\/nosyberevesdepeche.com\/de\/#\/schema\/logo\/image\/","url":"https:\/\/nosyberevesdepeche.com\/wp-content\/uploads\/sejour-cap-san-sebastien.jpg","contentUrl":"https:\/\/nosyberevesdepeche.com\/wp-content\/uploads\/sejour-cap-san-sebastien.jpg","width":2048,"height":1542,"caption":"Nosy Be R\u00eaves de P\u00eache"},"image":{"@id":"https:\/\/nosyberevesdepeche.com\/de\/#\/schema\/logo\/image\/"},"sameAs":["https:\/\/www.facebook.com\/nosyberevesdepeche","https:\/\/www.youtube.com\/@NosyBeRevesdePeche","https:\/\/www.instagram.com\/nosyberevesdepeche\/","https:\/\/www.tiktok.com\/@nosy_be_reves_de_peche"]}]}},"_links":{"self":[{"href":"https:\/\/nosyberevesdepeche.com\/de\/wp-json\/wp\/v2\/pages\/8359","targetHints":{"allow":["GET"]}}],"collection":[{"href":"https:\/\/nosyberevesdepeche.com\/de\/wp-json\/wp\/v2\/pages"}],"about":[{"href":"https:\/\/nosyberevesdepeche.com\/de\/wp-json\/wp\/v2\/types\/page"}],"author":[{"embeddable":true,"href":"https:\/\/nosyberevesdepeche.com\/de\/wp-json\/wp\/v2\/users\/1"}],"replies":[{"embeddable":true,"href":"https:\/\/nosyberevesdepeche.com\/de\/wp-json\/wp\/v2\/comments?post=8359"}],"version-history":[{"count":12,"href":"https:\/\/nosyberevesdepeche.com\/de\/wp-json\/wp\/v2\/pages\/8359\/revisions"}],"predecessor-version":[{"id":20332,"href":"https:\/\/nosyberevesdepeche.com\/de\/wp-json\/wp\/v2\/pages\/8359\/revisions\/20332"}],"wp:attachment":[{"href":"https:\/\/nosyberevesdepeche.com\/de\/wp-json\/wp\/v2\/media?parent=8359"}],"curies":[{"name":"wp","href":"https:\/\/api.w.org\/{rel}","templated":true}]}}