{"id":31232,"date":"2026-03-03T18:14:19","date_gmt":"2026-03-03T17:14:19","guid":{"rendered":"https:\/\/nosyberevesdepeche.com\/angeln-madagascar-grand-castor-bank\/"},"modified":"2026-03-07T11:29:17","modified_gmt":"2026-03-07T10:29:17","slug":"angeln-madagascar-grand-castor-bank","status":"publish","type":"page","link":"https:\/\/nosyberevesdepeche.com\/de\/angeln-madagascar-grand-castor-bank\/","title":{"rendered":"Grand Castor Bank"},"content":{"rendered":"\t\t<div data-elementor-type=\"wp-page\" data-elementor-id=\"31232\" class=\"elementor elementor-31232 elementor-31018\" data-elementor-post-type=\"page\">\n\t\t\t\t<div class=\"elementor-element elementor-element-0626579 animated-slow e-flex e-con-boxed elementor-invisible e-con e-parent\" data-id=\"0626579\" data-element_type=\"container\" data-e-type=\"container\" data-settings=\"{&quot;animation&quot;:&quot;fadeIn&quot;}\">\n\t\t\t\t\t<div class=\"e-con-inner\">\n\t\t\t\t<div class=\"elementor-element elementor-element-f6ce42e elementor-widget__width-inherit elementor-widget-mobile__width-inherit elementor-widget elementor-widget-heading\" data-id=\"f6ce42e\" data-element_type=\"widget\" data-e-type=\"widget\" data-widget_type=\"heading.default\">\n\t\t\t\t<div class=\"elementor-widget-container\">\n\t\t\t\t\t<h1 class=\"elementor-heading-title elementor-size-default\">Angeln in Nosy Be : die ber\u00fchmte Grand Castor Bank<\/h1>\t\t\t\t<\/div>\n\t\t\t\t<\/div>\n\t\t\t\t\t<\/div>\n\t\t\t\t<\/div>\n\t\t<div class=\"elementor-element elementor-element-e359e35 e-flex e-con-boxed elementor-invisible e-con e-parent\" data-id=\"e359e35\" data-element_type=\"container\" data-e-type=\"container\" data-settings=\"{&quot;animation&quot;:&quot;fadeIn&quot;}\">\n\t\t\t\t\t<div class=\"e-con-inner\">\n\t\t\t\t<div class=\"elementor-element elementor-element-4f953a9 elementor-widget elementor-widget-shortcode\" data-id=\"4f953a9\" data-element_type=\"widget\" data-e-type=\"widget\" data-widget_type=\"shortcode.default\">\n\t\t\t\t<div class=\"elementor-widget-container\">\n\t\t\t\t\t\t\t<div class=\"elementor-shortcode\">\n\t\t\t\t<p class=\"rs-p-wp-fix\"><\/p>\n\t\t\t\t<sr7-module data-alias=\"grand-castor-clean-news-slider-1\" data-id=\"195\" id=\"SR7_195_1\" class=\"rs-ov-hidden\" data-version=\"6.7.41\">\n\t\t\t\t\t<sr7-adjuster><\/sr7-adjuster>\n\t\t\t\t\t<sr7-content>\n\t\t\t\t\t\t<sr7-slide id=\"SR7_195_1-2216\" data-key=\"2216\">\n\t\t\t\t\t\t\t<sr7-bg id=\"SR7_195_1-2216-5\" class=\"sr7-layer\"><noscript><img decoding=\"async\" src=\"https:\/\/nosyberevesdepeche.com\/wp-content\/uploads\/peche-nosy-be-banc-grand-castor-carangue-gt-1.jpeg\" alt=\"P\u00eache au gros au Banc du Grand Castor depuis Nosy Be, Madagascar\" title=\"Banc du Grand Castor depuis Nosy Be\"><\/noscript><\/sr7-bg>\n\t\t\t\t\t\t\t<h2 id=\"SR7_195_1-2216-2\" class=\"sr7-layer\">Das Angelgebiet<\/h2>\n\t\t\t\t\t\t\t<p id=\"SR7_195_1-2216-3\" class=\"sr7-layer\">Grand Castor Hotspot<\/p>\n\t\t\t\t\t\t\t<p id=\"SR7_195_1-2216-4\" class=\"sr7-layer\">Etwa zwei Stunden schneller Fahrt von Nosy Be entfernt liegt die Grand Castor Bank, eine isolierte Untiefe im Nordwesten von Madagascar, die f\u00fcr das Sportfischen bekannt ist. Flachzonen wechseln sich mit ausgepr\u00e4gten Strukturen ab und schaffen g\u00fcnstige Bedingungen f\u00fcr die regelm\u00e4\u00dfige Pr\u00e4senz gro\u00dfer tropischer Raubfische. Als anspruchsvolles und technisches Revier richtet sich die Grand Castor Bank an Angler, die kraftvolle Drills in einem der interessantesten Offshore-Gebiete der Region suchen.<\/p>\n\t\t\t\t\t\t<\/sr7-slide>\n\t\t\t\t\t\t<sr7-slide id=\"SR7_195_1-2218\" data-key=\"2218\">\n\t\t\t\t\t\t\t<sr7-bg id=\"SR7_195_1-2218-5\" class=\"sr7-layer\"><noscript><img decoding=\"async\" src=\"https:\/\/nosyberevesdepeche.com\/wp-content\/uploads\/peche-nosy-be-banc-grand-castor-thon-jaune.jpg\" alt=\"P\u00eache au gros depuis Nosy be au Banc du Grand Castor : thon jaune\" title=\"peche-nosy-be-banc-grand-castor-thon-jaune\"><\/noscript><\/sr7-bg>\n\t\t\t\t\t\t\t<h2 id=\"SR7_195_1-2218-2\" class=\"sr7-layer\">Die Jagden von Gelbflossen-Thunfischen<\/h2>\n\t\t\t\t\t\t\t<p id=\"SR7_195_1-2218-3\" class=\"sr7-layer\">Grand Castor Hotspot<\/p>\n\t\t\t\t\t\t\t<p id=\"SR7_195_1-2218-4\" class=\"sr7-layer\">sind in diesem Gebiet h\u00e4ufig und bieten spektakul\u00e4re M\u00f6glichkeiten f\u00fcr das Popping-Angeln. Diese Situationen erfordern jedoch gro\u00dfe Reaktionsf\u00e4higkeit : eine Jagd aus der Entfernung erkennen, ihre Bewegungen vorhersehen und das Boot im richtigen Moment am richtigen Ort positionieren. In solchen Momenten macht die Expertise von Jean-Claude, unserem Skipper, den entscheidenden Unterschied.<\/p>\n\t\t\t\t\t\t<\/sr7-slide>\n\t\t\t\t\t\t<sr7-slide id=\"SR7_195_1-2217\" data-key=\"2217\">\n\t\t\t\t\t\t\t<sr7-bg id=\"SR7_195_1-2217-5\" class=\"sr7-layer\"><noscript><img decoding=\"async\" src=\"https:\/\/nosyberevesdepeche.com\/wp-content\/uploads\/peche-madagascar-banc-grand-castor-carangue-gt-4-1-e1772642366304.webp\" alt=\"P\u00eache au gros depuis Nosy be au Banc du Grand Castor : carangue GT au popper\" title=\"P\u00eache au gros depuis Nosy Be\"><\/noscript><\/sr7-bg>\n\t\t\t\t\t\t\t<h2 id=\"SR7_195_1-2217-2\" class=\"sr7-layer\">Einzigartige M\u00f6glichkeiten<\/h2>\n\t\t\t\t\t\t\t<p id=\"SR7_195_1-2217-3\" class=\"sr7-layer\">Grand Castor Hotspot<\/p>\n\t\t\t\t\t\t\t<p id=\"SR7_195_1-2217-4\" class=\"sr7-layer\">ikonische Arten zu fangen : Riesen-Stachelmakrele, Hundszahn-Thunfisch, Gelbflossen-Thunfisch, F\u00e4cherfisch, Bernsteinmakrele, K\u00f6nigsmakrele, Barrakuda und der heilige Gral der Sportfischer, der Schwarze Marlin.<\/p>\n\t\t\t\t\t\t<\/sr7-slide>\n\t\t\t\t\t\t<sr7-slide id=\"SR7_195_1-2219\" data-key=\"2219\">\n\t\t\t\t\t\t\t<sr7-bg id=\"SR7_195_1-2219-5\" class=\"sr7-layer\"><noscript><img decoding=\"async\" src=\"https:\/\/nosyberevesdepeche.com\/wp-content\/uploads\/peche-nosy-be-banc-grand-castor-merou.jpg\" alt=\"P\u00eache au gros depuis Nosy be au Banc du Grand Castor : m\u00e9rou\" title=\"peche-nosy-be-banc-grand-castor-merou\"><\/noscript><\/sr7-bg>\n\t\t\t\t\t\t\t<h2 id=\"SR7_195_1-2219-2\" class=\"sr7-layer\">Jigging, eine \u00e4u\u00dferst effektive Technik, <\/h2>\n\t\t\t\t\t\t\t<p id=\"SR7_195_1-2219-3\" class=\"sr7-layer\">Grand Castor Hotspot<\/p>\n\t\t\t\t\t\t\t<p id=\"SR7_195_1-2219-4\" class=\"sr7-layer\">um eine gro\u00dfe Vielfalt an Arten zu fangen. Speed Jigging, k\u00f6rperlich anspruchsvoll und technisch, oder Slow Jigging, zug\u00e4nglicher und weniger erm\u00fcdend, liefern auf der Grand Castor Bank beim Sportfischen fast immer hervorragende Ergebnisse.<\/p>\n\t\t\t\t\t\t<\/sr7-slide>\n\t\t\t\t\t\t<sr7-slide id=\"SR7_195_1-2221\" data-key=\"2221\">\n\t\t\t\t\t\t\t<sr7-bg id=\"SR7_195_1-2221-5\" class=\"sr7-layer\"><noscript><img decoding=\"async\" src=\"https:\/\/nosyberevesdepeche.com\/wp-content\/uploads\/peche-nosy-be-banc-grand-castor-carangue-gt-2.webp\" alt=\"P\u00eache au gros depuis Nosy be au Banc du Grand Castor : carangue gt au jig\" title=\"peche-nosy-be-banc-grand-castor-carangue-gt-2\"><\/noscript><\/sr7-bg>\n\t\t\t\t\t\t\t<h2 id=\"SR7_195_1-2221-2\" class=\"sr7-layer\">Oberfl\u00e4chenk\u00f6der<\/h2>\n\t\t\t\t\t\t\t<p id=\"SR7_195_1-2221-3\" class=\"sr7-layer\">Grand Castor Hotspot<\/p>\n\t\t\t\t\t\t\t<p id=\"SR7_195_1-2221-4\" class=\"sr7-layer\">wie Popper, Stickbaits oder Shibuki l\u00f6sen h\u00e4ufig die Attacken gro\u00dfer Fische aus. Das Werfen zu beherrschen ist daher ein gro\u00dfer Vorteil, um die sch\u00f6nsten GT, Wahoos und Barrakudas zu fangen.<\/p>\n\t\t\t\t\t\t<\/sr7-slide>\n\t\t\t\t\t\t<sr7-slide id=\"SR7_195_1-2220\" data-key=\"2220\">\n\t\t\t\t\t\t\t<sr7-bg id=\"SR7_195_1-2220-5\" class=\"sr7-layer\"><noscript><img decoding=\"async\" src=\"https:\/\/nosyberevesdepeche.com\/wp-content\/uploads\/peche-nosy-be-banc-du-grand-castor-groupe-e1772704957910.jpg\" alt=\"P\u00eache au gros depuis Nosy be au Banc du Grand Castor : carangue gt et requin\" title=\"peche-nosy-be-banc-du-grand-castor-groupe\"><\/noscript><\/sr7-bg>\n\t\t\t\t\t\t\t<h2 id=\"SR7_195_1-2220-2\" class=\"sr7-layer\">Beim Big Game Fishing<\/h2>\n\t\t\t\t\t\t\t<p id=\"SR7_195_1-2220-3\" class=\"sr7-layer\">Grand Castor Hotspot<\/p>\n\t\t\t\t\t\t\t<p id=\"SR7_195_1-2220-4\" class=\"sr7-layer\"> angelt man oft in Gruppen, unter Freunden oder mit einzelnen Anglern, die sich vor Ort kennenlernen. Es ist ein Sport, bei dem Fair Play und Geselligkeit selbstverst\u00e4ndlich sind.<\/p>\n\t\t\t\t\t\t<\/sr7-slide>\n\t\t\t\t\t\t<sr7-slide id=\"SR7_195_1-2253\" data-key=\"2253\">\n\t\t\t\t\t\t<\/sr7-slide>\n\t\t\t\t\t<\/sr7-content>\n\t\t\t\t\t<image_lists style=\"display:none\">\n\t\t\t\t\t\t<img data-src=\"\/\/nosyberevesdepeche.com\/wp-content\/uploads\/peche-nosy-be-banc-grand-castor-carangue-gt-1.jpeg\" data-libid=\"31096\" data-lib=\"medialibrary\" alt=\"P\u00eache au gros au Banc du Grand Castor depuis Nosy Be, Madagascar\" title=\"Banc du Grand Castor depuis Nosy Be\" width=\"0\" height=\"0\" data-dbsrc=\"Ly9ub3N5YmVyZXZlc2RlcGVjaGUuY29tL3dwLWNvbnRlbnQvdXBsb2Fkcy9wZWNoZS1ub3N5LWJlLWJhbmMtZ3JhbmQtY2FzdG9yLWNhcmFuZ3VlLWd0LTEuanBlZw==\"\/>\n\t\t\t\t\t\t<img data-src=\"\/\/nosyberevesdepeche.com\/wp-content\/uploads\/peche-madagascar-banc-grand-castor-carangue-gt-4-1-e1772642366304.webp\" data-libid=\"31088\" data-lib=\"medialibrary\" alt=\"P\u00eache au gros depuis Nosy be au Banc du Grand Castor : carangue GT au popper\" title=\"P\u00eache au gros depuis Nosy Be\" width=\"0\" height=\"0\" data-dbsrc=\"Ly9ub3N5YmVyZXZlc2RlcGVjaGUuY29tL3dwLWNvbnRlbnQvdXBsb2Fkcy9wZWNoZS1tYWRhZ2FzY2FyLWJhbmMtZ3JhbmQtY2FzdG9yLWNhcmFuZ3VlLWd0LTQtMS1lMTc3MjY0MjM2NjMwNC53ZWJw\"\/>\n\t\t\t\t\t\t<img data-src=\"\/\/nosyberevesdepeche.com\/wp-content\/uploads\/peche-nosy-be-banc-grand-castor-thon-jaune.jpg\" data-libid=\"31080\" data-lib=\"medialibrary\" alt=\"P\u00eache au gros depuis Nosy be au Banc du Grand Castor : thon jaune\" title=\"peche-nosy-be-banc-grand-castor-thon-jaune\" width=\"0\" height=\"0\" data-dbsrc=\"Ly9ub3N5YmVyZXZlc2RlcGVjaGUuY29tL3dwLWNvbnRlbnQvdXBsb2Fkcy9wZWNoZS1ub3N5LWJlLWJhbmMtZ3JhbmQtY2FzdG9yLXRob24tamF1bmUuanBn\"\/>\n\t\t\t\t\t\t<img loading=\"lazy\" data-src=\"\/\/nosyberevesdepeche.com\/wp-content\/uploads\/peche-nosy-be-banc-grand-castor-merou.jpg\" data-libid=\"31144\" data-lib=\"medialibrary\" alt=\"P\u00eache au gros depuis Nosy be au Banc du Grand Castor : m\u00e9rou\" title=\"peche-nosy-be-banc-grand-castor-merou\" width=\"0\" height=\"0\" data-dbsrc=\"Ly9ub3N5YmVyZXZlc2RlcGVjaGUuY29tL3dwLWNvbnRlbnQvdXBsb2Fkcy9wZWNoZS1ub3N5LWJlLWJhbmMtZ3JhbmQtY2FzdG9yLW1lcm91LmpwZw==\"\/>\n\t\t\t\t\t\t<img loading=\"lazy\" data-src=\"\/\/nosyberevesdepeche.com\/wp-content\/uploads\/peche-nosy-be-banc-du-grand-castor-groupe-e1772704957910.jpg\" data-libid=\"31184\" data-lib=\"medialibrary\" alt=\"P\u00eache au gros depuis Nosy be au Banc du Grand Castor : carangue gt et requin\" title=\"peche-nosy-be-banc-du-grand-castor-groupe\" width=\"0\" height=\"0\" data-dbsrc=\"Ly9ub3N5YmVyZXZlc2RlcGVjaGUuY29tL3dwLWNvbnRlbnQvdXBsb2Fkcy9wZWNoZS1ub3N5LWJlLWJhbmMtZHUtZ3JhbmQtY2FzdG9yLWdyb3VwZS1lMTc3MjcwNDk1NzkxMC5qcGc=\"\/>\n\t\t\t\t\t\t<img loading=\"lazy\" data-src=\"\/\/nosyberevesdepeche.com\/wp-content\/uploads\/peche-nosy-be-banc-grand-castor-carangue-gt-2.webp\" data-libid=\"31160\" data-lib=\"medialibrary\" alt=\"P\u00eache au gros depuis Nosy be au Banc du Grand Castor : carangue gt au jig\" title=\"peche-nosy-be-banc-grand-castor-carangue-gt-2\" width=\"0\" height=\"0\" data-dbsrc=\"Ly9ub3N5YmVyZXZlc2RlcGVjaGUuY29tL3dwLWNvbnRlbnQvdXBsb2Fkcy9wZWNoZS1ub3N5LWJlLWJhbmMtZ3JhbmQtY2FzdG9yLWNhcmFuZ3VlLWd0LTIud2VicA==\"\/>\n\t\t\t\t\t\t<img loading=\"lazy\" data-src=\"\/\/nosyberevesdepeche.com\/wp-content\/uploads\/peche-nosy-be-banc-grand-castor-thon-jaune-vignette.webp\" data-libid=\"31120\" data-lib=\"medialibrary\" title=\"peche-nosy-be-banc-grand-castor-thon-jaune-vignette\" width=\"0\" height=\"0\" data-dbsrc=\"Ly9ub3N5YmVyZXZlc2RlcGVjaGUuY29tL3dwLWNvbnRlbnQvdXBsb2Fkcy9wZWNoZS1ub3N5LWJlLWJhbmMtZ3JhbmQtY2FzdG9yLXRob24tamF1bmUtdmlnbmV0dGUud2VicA==\"\/>\n\t\t\t\t\t<\/image_lists>\n\t\t\t\t<\/sr7-module>\n\t\t\t\t<script>\n\t\t\t\t\tSR7.PMH ??={}; SR7.PMH[\"SR7_195_1\"] = {cn:100,state:false,fn: function() { if (_tpt!==undefined && _tpt.prepareModuleHeight !== undefined) {  _tpt.prepareModuleHeight({id:\"SR7_195_1\",el:[800,800,700,600,450],type:'standard',shdw:'0',gh:[800,800,700,600,450],gw:[1200,1200,1024,778,480],vpt:['-100px&#039;,&#039;-100px&#039;,&#039;-100px&#039;,&#039;-100px&#039;,&#039;-100px'],size:{fullWidth:true, fullHeight:false},mh:'0',onh:0,onw:98,bg:{color:'{\"orig\":\"transparent\",\"type\":\"solid\",\"string\":\"transparent\"}'},plType:'-1',plColor:'#FFFFFF'});   SR7.PMH[\"SR7_195_1\"].state=true;} else if(SR7.PMH[\"SR7_195_1\"].cn-->0)\tsetTimeout( SR7.PMH[\"SR7_195_1\"].fn,19);}};SR7.PMH[\"SR7_195_1\" ].fn();\n\t\t\t\t<\/script>\n<\/div>\n\t\t\t\t\t\t<\/div>\n\t\t\t\t<\/div>\n\t\t\t\t\t<\/div>\n\t\t\t\t<\/div>\n\t\t<div class=\"elementor-element elementor-element-e1cf234 e-flex e-con-boxed elementor-invisible e-con e-parent\" data-id=\"e1cf234\" data-element_type=\"container\" data-e-type=\"container\" data-settings=\"{&quot;animation&quot;:&quot;slideInUp&quot;,&quot;animation_delay&quot;:200}\">\n\t\t\t\t\t<div class=\"e-con-inner\">\n\t\t\t\t<div class=\"elementor-element elementor-element-1c494d7 elementor-widget elementor-widget-text-editor\" data-id=\"1c494d7\" data-element_type=\"widget\" data-e-type=\"widget\" data-widget_type=\"text-editor.default\">\n\t\t\t\t<div class=\"elementor-widget-container\">\n\t\t\t\t\t\t\t\t\t<p>Die Grand Castor Bank bleibt ein sehr produktiver Spot, mit viel Aktivit\u00e4t und einer gro\u00dfen Artenvielfalt.<br><\/p><p>Sie ist von Nosy Be aus bei <a href=\"https:\/\/nosyberevesdepeche.com\/de\/angeltour-nosy-be\/\">ganzt\u00e4gigen Angeltouren erreichbar<\/a>, aber auch von Nosy Mitsio aus w\u00e4hrend <a href=\"https:\/\/nosyberevesdepeche.com\/de\/angeln-madagaskar-nosy-mitsio\/\">Angelreisen<\/a>, und bildet die erste Etappe unserer <a href=\"https:\/\/nosyberevesdepeche.com\/de\/angeln-nosy-be-katamaran\/\">Hochsee-Expedition<\/a> mit Katamaran.<\/p>\t\t\t\t\t\t\t\t<\/div>\n\t\t\t\t<\/div>\n\t\t\t\t\t<\/div>\n\t\t\t\t<\/div>\n\t\t\t\t<\/div>\n\t\t","protected":false},"excerpt":{"rendered":"<p>Angeln in Nosy Be : die ber\u00fchmte Grand Castor Bank Die Grand Castor Bank bleibt ein sehr produktiver Spot, mit viel Aktivit\u00e4t und einer gro\u00dfen Artenvielfalt. Sie ist von Nosy&#8230;<\/p>\n","protected":false},"author":1,"featured_media":0,"parent":0,"menu_order":0,"comment_status":"closed","ping_status":"closed","template":"elementor_header_footer","meta":{"footnotes":""},"class_list":["post-31232","page","type-page","status-publish"],"yoast_head":"<!-- This site is optimized with the Yoast SEO plugin v27.4 - https:\/\/yoast.com\/product\/yoast-seo-wordpress\/ -->\n<title>Angeln Nosy Be : Grand Castor Bank, Madagascar - Nosy Be Angeltr\u00e4ume<\/title>\n<meta name=\"description\" content=\"Angeln von Nosy Be in Madagascar zur Grand Castor Bank, ein extremes Revier f\u00fcr GT und Hundszahn-Thunfisch.\" \/>\n<meta name=\"robots\" content=\"index, follow, max-snippet:-1, max-image-preview:large, max-video-preview:-1\" \/>\n<link rel=\"canonical\" href=\"https:\/\/nosyberevesdepeche.com\/de\/angeln-madagascar-grand-castor-bank\/\" \/>\n<meta property=\"og:locale\" content=\"de_DE\" \/>\n<meta property=\"og:type\" content=\"article\" \/>\n<meta property=\"og:title\" content=\"Angeln Nosy Be : Grand Castor Bank, Madagascar - Nosy Be Angeltr\u00e4ume\" \/>\n<meta property=\"og:description\" content=\"Angeln von Nosy Be in Madagascar zur Grand Castor Bank, ein extremes Revier f\u00fcr GT und Hundszahn-Thunfisch.\" \/>\n<meta property=\"og:url\" content=\"https:\/\/nosyberevesdepeche.com\/de\/angeln-madagascar-grand-castor-bank\/\" \/>\n<meta property=\"og:site_name\" content=\"Nosy Be Angeltr\u00e4ume\" \/>\n<meta property=\"article:publisher\" content=\"https:\/\/www.facebook.com\/nosyberevesdepeche\" \/>\n<meta property=\"article:modified_time\" content=\"2026-03-07T10:29:17+00:00\" \/>\n<meta property=\"og:image\" content=\"https:\/\/nosyberevesdepeche.com\/wp-content\/uploads\/sejour-cap-san-sebastien.jpg\" \/>\n\t<meta property=\"og:image:width\" content=\"2048\" \/>\n\t<meta property=\"og:image:height\" content=\"1542\" \/>\n\t<meta property=\"og:image:type\" content=\"image\/jpeg\" \/>\n<meta name=\"twitter:card\" content=\"summary_large_image\" \/>\n<script type=\"application\/ld+json\" class=\"yoast-schema-graph\">{\"@context\":\"https:\\\/\\\/schema.org\",\"@graph\":[{\"@type\":\"WebPage\",\"@id\":\"https:\\\/\\\/nosyberevesdepeche.com\\\/de\\\/angeln-madagascar-grand-castor-bank\\\/\",\"url\":\"https:\\\/\\\/nosyberevesdepeche.com\\\/de\\\/angeln-madagascar-grand-castor-bank\\\/\",\"name\":\"Angeln Nosy Be : Grand Castor Bank, Madagascar - Nosy Be Angeltr\u00e4ume\",\"isPartOf\":{\"@id\":\"https:\\\/\\\/nosyberevesdepeche.com\\\/de\\\/#website\"},\"datePublished\":\"2026-03-03T17:14:19+00:00\",\"dateModified\":\"2026-03-07T10:29:17+00:00\",\"description\":\"Angeln von Nosy Be in Madagascar zur Grand Castor Bank, ein extremes Revier f\u00fcr GT und Hundszahn-Thunfisch.\",\"breadcrumb\":{\"@id\":\"https:\\\/\\\/nosyberevesdepeche.com\\\/de\\\/angeln-madagascar-grand-castor-bank\\\/#breadcrumb\"},\"inLanguage\":\"de\",\"potentialAction\":[{\"@type\":\"ReadAction\",\"target\":[\"https:\\\/\\\/nosyberevesdepeche.com\\\/de\\\/angeln-madagascar-grand-castor-bank\\\/\"]}]},{\"@type\":\"BreadcrumbList\",\"@id\":\"https:\\\/\\\/nosyberevesdepeche.com\\\/de\\\/angeln-madagascar-grand-castor-bank\\\/#breadcrumb\",\"itemListElement\":[{\"@type\":\"ListItem\",\"position\":1,\"name\":\"Accueil\",\"item\":\"https:\\\/\\\/nosyberevesdepeche.com\\\/de\\\/\"},{\"@type\":\"ListItem\",\"position\":2,\"name\":\"Grand Castor Bank\"}]},{\"@type\":\"WebSite\",\"@id\":\"https:\\\/\\\/nosyberevesdepeche.com\\\/de\\\/#website\",\"url\":\"https:\\\/\\\/nosyberevesdepeche.com\\\/de\\\/\",\"name\":\"Nosy Be R\u00eaves de P\u00eache\",\"description\":\"Sportfischen und Big Game Fishing in Madagaskar, ab Nosy Be\",\"publisher\":{\"@id\":\"https:\\\/\\\/nosyberevesdepeche.com\\\/de\\\/#organization\"},\"potentialAction\":[{\"@type\":\"SearchAction\",\"target\":{\"@type\":\"EntryPoint\",\"urlTemplate\":\"https:\\\/\\\/nosyberevesdepeche.com\\\/de\\\/?s={search_term_string}\"},\"query-input\":{\"@type\":\"PropertyValueSpecification\",\"valueRequired\":true,\"valueName\":\"search_term_string\"}}],\"inLanguage\":\"de\"},{\"@type\":\"Organization\",\"@id\":\"https:\\\/\\\/nosyberevesdepeche.com\\\/de\\\/#organization\",\"name\":\"Nosy Be R\u00eaves de P\u00eache\",\"url\":\"https:\\\/\\\/nosyberevesdepeche.com\\\/de\\\/\",\"logo\":{\"@type\":\"ImageObject\",\"inLanguage\":\"de\",\"@id\":\"https:\\\/\\\/nosyberevesdepeche.com\\\/de\\\/#\\\/schema\\\/logo\\\/image\\\/\",\"url\":\"https:\\\/\\\/nosyberevesdepeche.com\\\/wp-content\\\/uploads\\\/sejour-cap-san-sebastien.jpg\",\"contentUrl\":\"https:\\\/\\\/nosyberevesdepeche.com\\\/wp-content\\\/uploads\\\/sejour-cap-san-sebastien.jpg\",\"width\":2048,\"height\":1542,\"caption\":\"Nosy Be R\u00eaves de P\u00eache\"},\"image\":{\"@id\":\"https:\\\/\\\/nosyberevesdepeche.com\\\/de\\\/#\\\/schema\\\/logo\\\/image\\\/\"},\"sameAs\":[\"https:\\\/\\\/www.facebook.com\\\/nosyberevesdepeche\",\"https:\\\/\\\/www.youtube.com\\\/@NosyBeRevesdePeche\",\"https:\\\/\\\/www.instagram.com\\\/nosyberevesdepeche\\\/\",\"https:\\\/\\\/www.tiktok.com\\\/@nosy_be_reves_de_peche\"]}]}<\/script>\n<!-- \/ Yoast SEO plugin. -->","yoast_head_json":{"title":"Angeln Nosy Be : Grand Castor Bank, Madagascar - Nosy Be Angeltr\u00e4ume","description":"Angeln von Nosy Be in Madagascar zur Grand Castor Bank, ein extremes Revier f\u00fcr GT und Hundszahn-Thunfisch.","robots":{"index":"index","follow":"follow","max-snippet":"max-snippet:-1","max-image-preview":"max-image-preview:large","max-video-preview":"max-video-preview:-1"},"canonical":"https:\/\/nosyberevesdepeche.com\/de\/angeln-madagascar-grand-castor-bank\/","og_locale":"de_DE","og_type":"article","og_title":"Angeln Nosy Be : Grand Castor Bank, Madagascar - Nosy Be Angeltr\u00e4ume","og_description":"Angeln von Nosy Be in Madagascar zur Grand Castor Bank, ein extremes Revier f\u00fcr GT und Hundszahn-Thunfisch.","og_url":"https:\/\/nosyberevesdepeche.com\/de\/angeln-madagascar-grand-castor-bank\/","og_site_name":"Nosy Be Angeltr\u00e4ume","article_publisher":"https:\/\/www.facebook.com\/nosyberevesdepeche","article_modified_time":"2026-03-07T10:29:17+00:00","og_image":[{"width":2048,"height":1542,"url":"https:\/\/nosyberevesdepeche.com\/wp-content\/uploads\/sejour-cap-san-sebastien.jpg","type":"image\/jpeg"}],"twitter_card":"summary_large_image","schema":{"@context":"https:\/\/schema.org","@graph":[{"@type":"WebPage","@id":"https:\/\/nosyberevesdepeche.com\/de\/angeln-madagascar-grand-castor-bank\/","url":"https:\/\/nosyberevesdepeche.com\/de\/angeln-madagascar-grand-castor-bank\/","name":"Angeln Nosy Be : Grand Castor Bank, Madagascar - Nosy Be Angeltr\u00e4ume","isPartOf":{"@id":"https:\/\/nosyberevesdepeche.com\/de\/#website"},"datePublished":"2026-03-03T17:14:19+00:00","dateModified":"2026-03-07T10:29:17+00:00","description":"Angeln von Nosy Be in Madagascar zur Grand Castor Bank, ein extremes Revier f\u00fcr GT und Hundszahn-Thunfisch.","breadcrumb":{"@id":"https:\/\/nosyberevesdepeche.com\/de\/angeln-madagascar-grand-castor-bank\/#breadcrumb"},"inLanguage":"de","potentialAction":[{"@type":"ReadAction","target":["https:\/\/nosyberevesdepeche.com\/de\/angeln-madagascar-grand-castor-bank\/"]}]},{"@type":"BreadcrumbList","@id":"https:\/\/nosyberevesdepeche.com\/de\/angeln-madagascar-grand-castor-bank\/#breadcrumb","itemListElement":[{"@type":"ListItem","position":1,"name":"Accueil","item":"https:\/\/nosyberevesdepeche.com\/de\/"},{"@type":"ListItem","position":2,"name":"Grand Castor Bank"}]},{"@type":"WebSite","@id":"https:\/\/nosyberevesdepeche.com\/de\/#website","url":"https:\/\/nosyberevesdepeche.com\/de\/","name":"Nosy Be R\u00eaves de P\u00eache","description":"Sportfischen und Big Game Fishing in Madagaskar, ab Nosy Be","publisher":{"@id":"https:\/\/nosyberevesdepeche.com\/de\/#organization"},"potentialAction":[{"@type":"SearchAction","target":{"@type":"EntryPoint","urlTemplate":"https:\/\/nosyberevesdepeche.com\/de\/?s={search_term_string}"},"query-input":{"@type":"PropertyValueSpecification","valueRequired":true,"valueName":"search_term_string"}}],"inLanguage":"de"},{"@type":"Organization","@id":"https:\/\/nosyberevesdepeche.com\/de\/#organization","name":"Nosy Be R\u00eaves de P\u00eache","url":"https:\/\/nosyberevesdepeche.com\/de\/","logo":{"@type":"ImageObject","inLanguage":"de","@id":"https:\/\/nosyberevesdepeche.com\/de\/#\/schema\/logo\/image\/","url":"https:\/\/nosyberevesdepeche.com\/wp-content\/uploads\/sejour-cap-san-sebastien.jpg","contentUrl":"https:\/\/nosyberevesdepeche.com\/wp-content\/uploads\/sejour-cap-san-sebastien.jpg","width":2048,"height":1542,"caption":"Nosy Be R\u00eaves de P\u00eache"},"image":{"@id":"https:\/\/nosyberevesdepeche.com\/de\/#\/schema\/logo\/image\/"},"sameAs":["https:\/\/www.facebook.com\/nosyberevesdepeche","https:\/\/www.youtube.com\/@NosyBeRevesdePeche","https:\/\/www.instagram.com\/nosyberevesdepeche\/","https:\/\/www.tiktok.com\/@nosy_be_reves_de_peche"]}]}},"_links":{"self":[{"href":"https:\/\/nosyberevesdepeche.com\/de\/wp-json\/wp\/v2\/pages\/31232","targetHints":{"allow":["GET"]}}],"collection":[{"href":"https:\/\/nosyberevesdepeche.com\/de\/wp-json\/wp\/v2\/pages"}],"about":[{"href":"https:\/\/nosyberevesdepeche.com\/de\/wp-json\/wp\/v2\/types\/page"}],"author":[{"embeddable":true,"href":"https:\/\/nosyberevesdepeche.com\/de\/wp-json\/wp\/v2\/users\/1"}],"replies":[{"embeddable":true,"href":"https:\/\/nosyberevesdepeche.com\/de\/wp-json\/wp\/v2\/comments?post=31232"}],"version-history":[{"count":3,"href":"https:\/\/nosyberevesdepeche.com\/de\/wp-json\/wp\/v2\/pages\/31232\/revisions"}],"predecessor-version":[{"id":31238,"href":"https:\/\/nosyberevesdepeche.com\/de\/wp-json\/wp\/v2\/pages\/31232\/revisions\/31238"}],"wp:attachment":[{"href":"https:\/\/nosyberevesdepeche.com\/de\/wp-json\/wp\/v2\/media?parent=31232"}],"curies":[{"name":"wp","href":"https:\/\/api.w.org\/{rel}","templated":true}]}}