{"id":10348,"date":"2025-02-08T17:32:26","date_gmt":"2025-02-08T16:32:26","guid":{"rendered":"https:\/\/nosyberevesdepeche.com\/impressum\/"},"modified":"2025-06-22T08:30:31","modified_gmt":"2025-06-22T06:30:31","slug":"impressum","status":"publish","type":"page","link":"https:\/\/nosyberevesdepeche.com\/de\/impressum\/","title":{"rendered":"Impressum"},"content":{"rendered":"\t\t<div data-elementor-type=\"wp-page\" data-elementor-id=\"10348\" class=\"elementor elementor-10348 elementor-7474\" data-elementor-post-type=\"page\">\n\t\t\t\t<div class=\"elementor-element elementor-element-3d3ee45 e-flex e-con-boxed e-con e-parent\" data-id=\"3d3ee45\" data-element_type=\"container\" data-e-type=\"container\">\n\t\t\t\t\t<div class=\"e-con-inner\">\n\t\t\t\t<div class=\"elementor-element elementor-element-2bec921 elementor-widget elementor-widget-heading\" data-id=\"2bec921\" data-element_type=\"widget\" data-e-type=\"widget\" data-widget_type=\"heading.default\">\n\t\t\t\t<div class=\"elementor-widget-container\">\n\t\t\t\t\t<h1 class=\"elementor-heading-title elementor-size-default\">Impressum<\/h1>\t\t\t\t<\/div>\n\t\t\t\t<\/div>\n\t\t\t\t\t<\/div>\n\t\t\t\t<\/div>\n\t\t<div class=\"elementor-element elementor-element-6407915 e-flex e-con-boxed e-con e-parent\" data-id=\"6407915\" data-element_type=\"container\" data-e-type=\"container\">\n\t\t\t\t\t<div class=\"e-con-inner\">\n\t\t\t\t<div class=\"elementor-element elementor-element-b76ab9b elementor-widget__width-initial elementor-widget elementor-widget-text-editor\" data-id=\"b76ab9b\" data-element_type=\"widget\" data-e-type=\"widget\" data-widget_type=\"text-editor.default\">\n\t\t\t\t<div class=\"elementor-widget-container\">\n\t\t\t\t\t\t\t\t\t<ol><li><h3>Herausgeber der Website<\/h3><\/li><\/ol><p>Diese Website wird von Nosy Be R\u00eaves de P\u00eache, einer in Madagaskar registrierten Gesellschaft, herausgegeben.<\/p><ul><li>Name des Unternehmens : Nosy Be R\u00eaves de P\u00eache<\/li><li>Rechtsstatus: SARL<\/li><li>Hauptsitz : MARAB, Ambatoloaka, Nosy Be<\/li><li>E-Mail: contact@nosyberevesdepeche.com<\/li><li>Telefon : +261 37 51 768 80<\/li><li>Verantwortlich f\u00fcr die Ver\u00f6ffentlichung : Nosy Be R\u00eaves de P\u00eache<\/li><\/ul><ol start=\"2\"><li><h3>Host der Website<\/h3><\/li><\/ol><p>Die Website wird von OVHcloud gehostet.<\/p><ul><li>Firma : Hostinger International Ltd.<\/li><li>Eingetragener Sitz : 61 Lordou Vironos Street, 6023 Larnaca, Zypern<\/li><li>Website : <a href=\"https:\/\/www.hostinger.com\">www.hostinger.com<\/a><\/li><\/ul><ol start=\"3\"><li><h3>Geistiges Eigentum<\/h3><\/li><\/ol><p>Der gesamte Inhalt der Website (Texte, Bilder, Logo usw.) ist das ausschlie\u00dfliche Eigentum von Nosy Be R\u00eaves de P\u00eache.<br>Jede Vervielf\u00e4ltigung, Darstellung oder Verbreitung ohne vorherige Genehmigung ist verboten.<\/p><ol start=\"4\"><li><h3>Schutz von pers\u00f6nlichen Daten<\/h3><\/li><\/ol><p>Die \u00fcber die Formulare der Website gesammelten Daten sind ausschlie\u00dflich f\u00fcr Nosy Be R\u00eaves de P\u00eache im Rahmen der Bearbeitung von Kontaktanfragen oder Kostenvoranschl\u00e4gen bestimmt.<br>Gem\u00e4\u00df den in Madagaskar geltenden Gesetzen und der europ\u00e4ischen DSGVO haben Sie das Recht auf Zugang, \u00c4nderung und L\u00f6schung Ihrer pers\u00f6nlichen Daten.<br>Um diese Rechte auszu\u00fcben, kontaktieren Sie uns bitte unter folgender Adresse : nosyberevesdepeche@gmail.com<\/p><ol start=\"5\"><li><h3>Verantwortung<\/h3><\/li><\/ol><p>Nosy Be Fishing Dreams kann nicht f\u00fcr direkte oder indirekte Sch\u00e4den haftbar gemacht werden, die mit der Nutzung der Website verbunden sind.<\/p><ol start=\"6\"><li><h3>Anwendbares Recht<\/h3><\/li><\/ol><p>Die vorliegenden rechtlichen Hinweise unterliegen dem madagassischen Recht. Im Falle eines Rechtsstreits sind die Gerichte von Madagaskar zust\u00e4ndig. <\/p><p>Copyright \u00a9 Nosy Be Angeltr\u00e4ume &#8211; 2025. Alle Rechte vorbehalten. <\/p>\t\t\t\t\t\t\t\t<\/div>\n\t\t\t\t<\/div>\n\t\t\t\t\t<\/div>\n\t\t\t\t<\/div>\n\t\t\t\t<\/div>\n\t\t","protected":false},"excerpt":{"rendered":"<p>Impressum Herausgeber der Website Diese Website wird von Nosy Be R\u00eaves de P\u00eache, einer in Madagaskar registrierten Gesellschaft, herausgegeben. Name des Unternehmens : Nosy Be R\u00eaves de P\u00eache Rechtsstatus: SARL&#8230;<\/p>\n","protected":false},"author":1,"featured_media":0,"parent":0,"menu_order":0,"comment_status":"closed","ping_status":"closed","template":"elementor_header_footer","meta":{"footnotes":""},"class_list":["post-10348","page","type-page","status-publish"],"yoast_head":"<!-- This site is optimized with the Yoast SEO plugin v27.4 - https:\/\/yoast.com\/product\/yoast-seo-wordpress\/ -->\n<title>Impressum - Nosy Be Angeltr\u00e4ume<\/title>\n<meta name=\"robots\" content=\"index, follow, max-snippet:-1, max-image-preview:large, max-video-preview:-1\" \/>\n<link rel=\"canonical\" href=\"https:\/\/nosyberevesdepeche.com\/de\/impressum\/\" \/>\n<meta property=\"og:locale\" content=\"de_DE\" \/>\n<meta property=\"og:type\" content=\"article\" \/>\n<meta property=\"og:title\" content=\"Impressum - Nosy Be Angeltr\u00e4ume\" \/>\n<meta property=\"og:description\" content=\"Impressum Herausgeber der Website Diese Website wird von Nosy Be R\u00eaves de P\u00eache, einer in Madagaskar registrierten Gesellschaft, herausgegeben. Name des Unternehmens : Nosy Be R\u00eaves de P\u00eache Rechtsstatus: SARL...\" \/>\n<meta property=\"og:url\" content=\"https:\/\/nosyberevesdepeche.com\/de\/impressum\/\" \/>\n<meta property=\"og:site_name\" content=\"Nosy Be Angeltr\u00e4ume\" \/>\n<meta property=\"article:publisher\" content=\"https:\/\/www.facebook.com\/nosyberevesdepeche\" \/>\n<meta property=\"article:modified_time\" content=\"2025-06-22T06:30:31+00:00\" \/>\n<meta property=\"og:image\" content=\"https:\/\/nosyberevesdepeche.com\/wp-content\/uploads\/sejour-cap-san-sebastien.jpg\" \/>\n\t<meta property=\"og:image:width\" content=\"2048\" \/>\n\t<meta property=\"og:image:height\" content=\"1542\" \/>\n\t<meta property=\"og:image:type\" content=\"image\/jpeg\" \/>\n<meta name=\"twitter:card\" content=\"summary_large_image\" \/>\n<meta name=\"twitter:label1\" content=\"Gesch\u00e4tzte Lesezeit\" \/>\n\t<meta name=\"twitter:data1\" content=\"1\u00a0Minute\" \/>\n<script type=\"application\/ld+json\" class=\"yoast-schema-graph\">{\"@context\":\"https:\\\/\\\/schema.org\",\"@graph\":[{\"@type\":\"WebPage\",\"@id\":\"https:\\\/\\\/nosyberevesdepeche.com\\\/de\\\/impressum\\\/\",\"url\":\"https:\\\/\\\/nosyberevesdepeche.com\\\/de\\\/impressum\\\/\",\"name\":\"Impressum - Nosy Be Angeltr\u00e4ume\",\"isPartOf\":{\"@id\":\"https:\\\/\\\/nosyberevesdepeche.com\\\/de\\\/#website\"},\"datePublished\":\"2025-02-08T16:32:26+00:00\",\"dateModified\":\"2025-06-22T06:30:31+00:00\",\"breadcrumb\":{\"@id\":\"https:\\\/\\\/nosyberevesdepeche.com\\\/de\\\/impressum\\\/#breadcrumb\"},\"inLanguage\":\"de\",\"potentialAction\":[{\"@type\":\"ReadAction\",\"target\":[\"https:\\\/\\\/nosyberevesdepeche.com\\\/de\\\/impressum\\\/\"]}]},{\"@type\":\"BreadcrumbList\",\"@id\":\"https:\\\/\\\/nosyberevesdepeche.com\\\/de\\\/impressum\\\/#breadcrumb\",\"itemListElement\":[{\"@type\":\"ListItem\",\"position\":1,\"name\":\"Accueil\",\"item\":\"https:\\\/\\\/nosyberevesdepeche.com\\\/de\\\/\"},{\"@type\":\"ListItem\",\"position\":2,\"name\":\"Impressum\"}]},{\"@type\":\"WebSite\",\"@id\":\"https:\\\/\\\/nosyberevesdepeche.com\\\/de\\\/#website\",\"url\":\"https:\\\/\\\/nosyberevesdepeche.com\\\/de\\\/\",\"name\":\"Nosy Be R\u00eaves de P\u00eache\",\"description\":\"Sportfischen und Big Game Fishing in Madagaskar, ab Nosy Be\",\"publisher\":{\"@id\":\"https:\\\/\\\/nosyberevesdepeche.com\\\/de\\\/#organization\"},\"potentialAction\":[{\"@type\":\"SearchAction\",\"target\":{\"@type\":\"EntryPoint\",\"urlTemplate\":\"https:\\\/\\\/nosyberevesdepeche.com\\\/de\\\/?s={search_term_string}\"},\"query-input\":{\"@type\":\"PropertyValueSpecification\",\"valueRequired\":true,\"valueName\":\"search_term_string\"}}],\"inLanguage\":\"de\"},{\"@type\":\"Organization\",\"@id\":\"https:\\\/\\\/nosyberevesdepeche.com\\\/de\\\/#organization\",\"name\":\"Nosy Be R\u00eaves de P\u00eache\",\"url\":\"https:\\\/\\\/nosyberevesdepeche.com\\\/de\\\/\",\"logo\":{\"@type\":\"ImageObject\",\"inLanguage\":\"de\",\"@id\":\"https:\\\/\\\/nosyberevesdepeche.com\\\/de\\\/#\\\/schema\\\/logo\\\/image\\\/\",\"url\":\"https:\\\/\\\/nosyberevesdepeche.com\\\/wp-content\\\/uploads\\\/sejour-cap-san-sebastien.jpg\",\"contentUrl\":\"https:\\\/\\\/nosyberevesdepeche.com\\\/wp-content\\\/uploads\\\/sejour-cap-san-sebastien.jpg\",\"width\":2048,\"height\":1542,\"caption\":\"Nosy Be R\u00eaves de P\u00eache\"},\"image\":{\"@id\":\"https:\\\/\\\/nosyberevesdepeche.com\\\/de\\\/#\\\/schema\\\/logo\\\/image\\\/\"},\"sameAs\":[\"https:\\\/\\\/www.facebook.com\\\/nosyberevesdepeche\",\"https:\\\/\\\/www.youtube.com\\\/@NosyBeRevesdePeche\",\"https:\\\/\\\/www.instagram.com\\\/nosyberevesdepeche\\\/\",\"https:\\\/\\\/www.tiktok.com\\\/@nosy_be_reves_de_peche\"]}]}<\/script>\n<!-- \/ Yoast SEO plugin. -->","yoast_head_json":{"title":"Impressum - Nosy Be Angeltr\u00e4ume","robots":{"index":"index","follow":"follow","max-snippet":"max-snippet:-1","max-image-preview":"max-image-preview:large","max-video-preview":"max-video-preview:-1"},"canonical":"https:\/\/nosyberevesdepeche.com\/de\/impressum\/","og_locale":"de_DE","og_type":"article","og_title":"Impressum - Nosy Be Angeltr\u00e4ume","og_description":"Impressum Herausgeber der Website Diese Website wird von Nosy Be R\u00eaves de P\u00eache, einer in Madagaskar registrierten Gesellschaft, herausgegeben. Name des Unternehmens : Nosy Be R\u00eaves de P\u00eache Rechtsstatus: SARL...","og_url":"https:\/\/nosyberevesdepeche.com\/de\/impressum\/","og_site_name":"Nosy Be Angeltr\u00e4ume","article_publisher":"https:\/\/www.facebook.com\/nosyberevesdepeche","article_modified_time":"2025-06-22T06:30:31+00:00","og_image":[{"width":2048,"height":1542,"url":"https:\/\/nosyberevesdepeche.com\/wp-content\/uploads\/sejour-cap-san-sebastien.jpg","type":"image\/jpeg"}],"twitter_card":"summary_large_image","twitter_misc":{"Gesch\u00e4tzte Lesezeit":"1\u00a0Minute"},"schema":{"@context":"https:\/\/schema.org","@graph":[{"@type":"WebPage","@id":"https:\/\/nosyberevesdepeche.com\/de\/impressum\/","url":"https:\/\/nosyberevesdepeche.com\/de\/impressum\/","name":"Impressum - Nosy Be Angeltr\u00e4ume","isPartOf":{"@id":"https:\/\/nosyberevesdepeche.com\/de\/#website"},"datePublished":"2025-02-08T16:32:26+00:00","dateModified":"2025-06-22T06:30:31+00:00","breadcrumb":{"@id":"https:\/\/nosyberevesdepeche.com\/de\/impressum\/#breadcrumb"},"inLanguage":"de","potentialAction":[{"@type":"ReadAction","target":["https:\/\/nosyberevesdepeche.com\/de\/impressum\/"]}]},{"@type":"BreadcrumbList","@id":"https:\/\/nosyberevesdepeche.com\/de\/impressum\/#breadcrumb","itemListElement":[{"@type":"ListItem","position":1,"name":"Accueil","item":"https:\/\/nosyberevesdepeche.com\/de\/"},{"@type":"ListItem","position":2,"name":"Impressum"}]},{"@type":"WebSite","@id":"https:\/\/nosyberevesdepeche.com\/de\/#website","url":"https:\/\/nosyberevesdepeche.com\/de\/","name":"Nosy Be R\u00eaves de P\u00eache","description":"Sportfischen und Big Game Fishing in Madagaskar, ab Nosy Be","publisher":{"@id":"https:\/\/nosyberevesdepeche.com\/de\/#organization"},"potentialAction":[{"@type":"SearchAction","target":{"@type":"EntryPoint","urlTemplate":"https:\/\/nosyberevesdepeche.com\/de\/?s={search_term_string}"},"query-input":{"@type":"PropertyValueSpecification","valueRequired":true,"valueName":"search_term_string"}}],"inLanguage":"de"},{"@type":"Organization","@id":"https:\/\/nosyberevesdepeche.com\/de\/#organization","name":"Nosy Be R\u00eaves de P\u00eache","url":"https:\/\/nosyberevesdepeche.com\/de\/","logo":{"@type":"ImageObject","inLanguage":"de","@id":"https:\/\/nosyberevesdepeche.com\/de\/#\/schema\/logo\/image\/","url":"https:\/\/nosyberevesdepeche.com\/wp-content\/uploads\/sejour-cap-san-sebastien.jpg","contentUrl":"https:\/\/nosyberevesdepeche.com\/wp-content\/uploads\/sejour-cap-san-sebastien.jpg","width":2048,"height":1542,"caption":"Nosy Be R\u00eaves de P\u00eache"},"image":{"@id":"https:\/\/nosyberevesdepeche.com\/de\/#\/schema\/logo\/image\/"},"sameAs":["https:\/\/www.facebook.com\/nosyberevesdepeche","https:\/\/www.youtube.com\/@NosyBeRevesdePeche","https:\/\/www.instagram.com\/nosyberevesdepeche\/","https:\/\/www.tiktok.com\/@nosy_be_reves_de_peche"]}]}},"_links":{"self":[{"href":"https:\/\/nosyberevesdepeche.com\/de\/wp-json\/wp\/v2\/pages\/10348","targetHints":{"allow":["GET"]}}],"collection":[{"href":"https:\/\/nosyberevesdepeche.com\/de\/wp-json\/wp\/v2\/pages"}],"about":[{"href":"https:\/\/nosyberevesdepeche.com\/de\/wp-json\/wp\/v2\/types\/page"}],"author":[{"embeddable":true,"href":"https:\/\/nosyberevesdepeche.com\/de\/wp-json\/wp\/v2\/users\/1"}],"replies":[{"embeddable":true,"href":"https:\/\/nosyberevesdepeche.com\/de\/wp-json\/wp\/v2\/comments?post=10348"}],"version-history":[{"count":8,"href":"https:\/\/nosyberevesdepeche.com\/de\/wp-json\/wp\/v2\/pages\/10348\/revisions"}],"predecessor-version":[{"id":20353,"href":"https:\/\/nosyberevesdepeche.com\/de\/wp-json\/wp\/v2\/pages\/10348\/revisions\/20353"}],"wp:attachment":[{"href":"https:\/\/nosyberevesdepeche.com\/de\/wp-json\/wp\/v2\/media?parent=10348"}],"curies":[{"name":"wp","href":"https:\/\/api.w.org\/{rel}","templated":true}]}}